{"id":28261,"date":"2024-07-18T21:27:07","date_gmt":"2024-07-19T00:27:07","guid":{"rendered":"https:\/\/portifolioos-prontos.com\/?post_type=product&#038;p=28261"},"modified":"2024-07-18T21:27:07","modified_gmt":"2024-07-19T00:27:07","slug":"aula-pratica-quimica-organica-avancada","status":"publish","type":"product","link":"https:\/\/portifolioos-prontos.com\/index.php\/product\/aula-pratica-quimica-organica-avancada\/","title":{"rendered":"Aula Pr\u00e1tica Qu\u00edmica org\u00e2nica avan\u00e7ada"},"content":{"rendered":"<p>Aula Pr\u00e1tica Qu\u00edmica org\u00e2nica avan\u00e7ada<\/p>\n<hr \/>\n<p>OBJETIVOS<br \/>\nA proposta desta atividade\u00a0pr\u00e1tica\u00a0est\u00e1 amparada nos seguintes objetivos:<br \/>\n\u2013 promover o desenvolvimento de compet\u00eancias e habilidades relacionados \u00e0 disciplina<br \/>\n\u201cQu\u00edmica Org\u00e2nica Avan\u00e7ada\u201d;<br \/>\n\u2013 realizar o procedimento de extra\u00e7\u00e3o por meio do m\u00e9todo de Soxhlet; e<br \/>\n\u2013 realizar a separa\u00e7\u00e3o de misturas por meio do m\u00e9todo de cromatografia em papel<br \/>\nutilizando como amostra tinta de caneta.<br \/>\nRECURSOS<br \/>\nComputador com acesso \u00e0 internet, ambiente virtual e plataforma ALGETEC.<br \/>\nPROCEDIMENTOS PR\u00c1TICOS<br \/>\nAtividade proposta<br \/>\n\u2013 Realizar o procedimento de extra\u00e7\u00e3o por meio do m\u00e9todo de Soxhlet utilizando a<br \/>\nplataforma da\u00a0ALGETEC<br \/>\n\u2013 Realizar a separa\u00e7\u00e3o de misturas por meio do m\u00e9todo de cromatografia em<br \/>\npapel utilizando como amostra tinta de caneta utilizando a plataforma da<br \/>\nALGETEC<br \/>\nProcedimentos para a realiza\u00e7\u00e3o da atividade<br \/>\nCaro aluno(a), a atividade ser\u00e1 composta por duas etapas. A primeira etapa \u00e9 realiza\u00e7\u00e3o<br \/>\ndo procedimento \u201cExtra\u00e7\u00e3o com Soxhlet\u201d por meio da plataforma ALGETEC. A segunda<br \/>\netapa consiste na realiza\u00e7\u00e3o do experimento \u201cCromatografia em papel \u2013 Tintas de<br \/>\ncaneta\u201d por meio da plataforma ALGETEC.<br \/>\nETAPA 1: Extra\u00e7\u00e3o com Soxhlet \u2013 plataforma da ALGETEC<br \/>\nCaro aluno(a), na primeira etapa, voc\u00ea ir\u00e1 realizar a atividade atrav\u00e9s da plataforma da<br \/>\nALGETEC. Para isso, siga os seguintes passos:<br \/>\n\u2022 Acesse a plataforma da ALGETEC atrav\u00e9s de seu ambiente virtual<br \/>\n\u2022 Fa\u00e7a a leitura da \u201cApresenta\u00e7\u00e3o\u201d do experimento e do \u201cSum\u00e1rio te\u00f3rico\u201d da aula<br \/>\n\u2022 Em seguida, voc\u00ea dever\u00e1 acessar o \u201cRoteiro\u201d disponibilizado no laborat\u00f3rio<br \/>\nvirtual, ao ciclar sobre o roteiro, abrir\u00e1 uma nova aba com as instru\u00e7\u00f5es para<br \/>\nexecu\u00e7\u00e3o da aula na plataforma e os passos necess\u00e1rios para obten\u00e7\u00e3o dos<br \/>\nresultados.<br \/>\n\u2022 Fazer a leitura dos passos necess\u00e1rios para realiza\u00e7\u00e3o do experimento, fa\u00e7a<br \/>\numa leitura criteriosa para que n\u00e3o fiquem d\u00favidas em rela\u00e7\u00e3o a sua execu\u00e7\u00e3o<br \/>\n\u2022 Antes de acessar a etapa de realiza\u00e7\u00e3o do experimento, realize a atividade de<br \/>\n\u201cPr\u00e9-aula\u201d, anotando as d\u00favidas, caso elas apare\u00e7am<br \/>\n\u2022 Realize o experimento atrav\u00e9s da plataforma da ALGETEC, clicando em<br \/>\n\u201cExperimento\u201d, que abrir\u00e1 o simulador com o laborat\u00f3rio para realiza\u00e7\u00e3o da<br \/>\npr\u00e1tica.<br \/>\n\u2022 Utilizando o laborat\u00f3rio virtual \u201cExtra\u00e7\u00e3o Soxhlet\u201d e de acordo com o roteiro<br \/>\ndisponibilizado, realize a aula pr\u00e1tica sempre anotando os pontos de d\u00favidas e<br \/>\nos resultados encontrados no experimento<br \/>\n\u2022 Ao final do experimento, realizar as atividades de p\u00f3s-aula para fixa\u00e7\u00e3o do<br \/>\nconte\u00fado<br \/>\n\u2022 Observa\u00e7\u00e3o \u2013 Tire prints de tela dos pontos que considerar importantes ao<br \/>\nrealizar o \u201cExperimento\u201d por meio da plataforma ALGETEC para que sejam<br \/>\nutilizados na constru\u00e7\u00e3o do Relat\u00f3rio de Aula Pr\u00e1tica<br \/>\nETAPA 2: Cromatografia em papel \u2013 Tintas de caneta \u2013 plataforma ALGETEC<br \/>\nCaro aluno(a), na segunda etapa, voc\u00ea ir\u00e1 realizar uma nova atividade atrav\u00e9s da<br \/>\nplataforma da ALGETEC. Para isso, siga os seguintes passos:<br \/>\n\u2022 Acesse a plataforma da ALGETEC atrav\u00e9s do link disponibilizado em seu<br \/>\nambiente virtual<br \/>\n\u2022 Fa\u00e7a a leitura da \u201cApresenta\u00e7\u00e3o\u201d do experimento e do \u201cSum\u00e1rio te\u00f3rico\u201d da aula<br \/>\npresentes no ambiente do laborat\u00f3rio virtual<br \/>\n\u2022 Em seguida, voc\u00ea dever\u00e1 acessar o \u201cRoteiro\u201d disponibilizado no laborat\u00f3rio<br \/>\nvirtual, ao ciclar sobre o roteiro, abrir\u00e1 uma nova aba com as instru\u00e7\u00f5es para<br \/>\nexecu\u00e7\u00e3o da aula na plataforma e os passos necess\u00e1rios para obten\u00e7\u00e3o dos<br \/>\nresultados.<br \/>\n\u2022 Fazer a leitura dos passos necess\u00e1rios para realiza\u00e7\u00e3o do experimento, fa\u00e7a<br \/>\numa leitura criteriosa para que n\u00e3o fiquem d\u00favidas em rela\u00e7\u00e3o a sua execu\u00e7\u00e3o<br \/>\n\u2022 Antes de acessar a etapa de realiza\u00e7\u00e3o do experimento, realize a atividade de<br \/>\n\u201cPr\u00e9-aula\u201d, anotando as d\u00favidas, caso elas apare\u00e7am<br \/>\n\u2022 Realize o experimento atrav\u00e9s da plataforma da ALGETEC, clicando em<br \/>\n\u201cExperimento\u201d, que abrir\u00e1 o simulador com o laborat\u00f3rio para realiza\u00e7\u00e3o da<br \/>\npr\u00e1tica. Realize o experimento com calma, observando os pontos centrais e<br \/>\ncuidados necess\u00e1rios, que s\u00e3o os mesmos a serem observados em um<br \/>\nlaborat\u00f3rio f\u00edsico.<br \/>\n\u2022 Utilizando o laborat\u00f3rio virtual \u201cCromatografia em Papel \u2013 Tintas de Caneta\u201d e<br \/>\nde acordo com o roteiro disponibilizado, realize a aula pr\u00e1tica sempre anotando<br \/>\nos pontos de d\u00favidas e os resultados encontrados no experimento<br \/>\n\u2022 Ao final do experimento, realizar as atividades de p\u00f3s-aula para fixa\u00e7\u00e3o do<br \/>\nconte\u00fado<br \/>\n\u2022 Observa\u00e7\u00e3o \u2013 Tire prints de tela dos pontos que considerar importantes ao<br \/>\nrealizar o \u201cExperimento\u201d por meio da plataforma ALGETEC para que sejam<br \/>\nutilizados na constru\u00e7\u00e3o do Relat\u00f3rio de Aula Pr\u00e1tica<br \/>\nChecklist<br \/>\nPrincipais etapas para a completude da atividade pr\u00e1tica:<br \/>\n\u2013 Reflex\u00e3o sobre o perfil dos procedimentos experimentais que devem ser realizados<br \/>\npor meio da plataforma<br \/>\n\u2013 Pesquisa sobre a fundamenta\u00e7\u00e3o te\u00f3rica dos experimentos que ser\u00e3o realizados.<br \/>\n\u2013 An\u00e1lise e interpreta\u00e7\u00e3o dos resultados obtidos<br \/>\n\u2013 Elabora\u00e7\u00e3o de um relat\u00f3rio de aula pr\u00e1tica contendo Introdu\u00e7\u00e3o, Metodologia,<br \/>\nResultados e Conclus\u00e3o.<br \/>\n\u2013 Realiza\u00e7\u00e3o e apresenta\u00e7\u00e3o dos c\u00e1lculos experimentais, quando aplic\u00e1vel.<br \/>\nRESULTADO<br \/>\nEntrega de um relat\u00f3rio em arquivo word que contemple todas as etapas da atividade<br \/>\npr\u00e1tica, conforme apresentado no checklist.<\/p>\n<p>Aula Pr\u00e1tica Qu\u00edmica org\u00e2nica avan\u00e7ada<\/p>\n<div class=\"elementor-toggle-item\">\n<h4 id=\"elementor-tab-title-1941\" class=\"elementor-tab-title elementor-active\" tabindex=\"0\" role=\"tab\" data-tab=\"1\" aria-controls=\"elementor-tab-content-1941\" aria-expanded=\"true\" aria-selected=\"true\">Como funciona?<\/h4>\n<div id=\"elementor-tab-content-1941\" class=\"elementor-tab-content elementor-clearfix elementor-active\" role=\"tabpanel\" data-tab=\"1\" aria-labelledby=\"elementor-tab-title-1941\">\n<p>Elaboramos os portf\u00f3lios, j\u00e1 deixamos prontos, nas normas da ABNT e conforme os requisitos da universidade. F\u00e1cil assim! O MELHOR \u00c9 QUE VOC\u00ca COMPRA E J\u00c1 BAIXA NA HORA O SEU ARQUIVO EM WORD! Sabemos que conciliar trabalho, fam\u00edlia, vida profissional e estudos \u00e9 dif\u00edcil hoje em dia, por isso, estamos aqui para ajudar voc\u00ea. Conte com nossa qualidade, experi\u00eancia e profissionalismo adquirindo seu portf\u00f3lio conosco. GARANTIMOS SEU CONCEITO!<\/p>\n<h4>Como se realizam os envios?<\/h4>\n<\/div>\n<\/div>\n<div class=\"elementor-toggle-item\">\n<div id=\"elementor-tab-content-1942\" class=\"elementor-tab-content elementor-clearfix elementor-active\" role=\"tabpanel\" data-tab=\"2\" aria-labelledby=\"elementor-tab-title-1942\">O seu trabalho \u00e9 disponibilizado pronto, respondido e nas normas j\u00e1 na mesma hora aqui em nosso site na sua \u00e1rea de downloads e tamb\u00e9m no seu e-mail.<\/div>\n<\/div>\n<div class=\"elementor-toggle-item\">\n<div id=\"elementor-tab-content-1943\" class=\"elementor-tab-content elementor-clearfix elementor-active\" role=\"tabpanel\" data-tab=\"3\" aria-labelledby=\"elementor-tab-title-1943\">\n<h4>Em quanto tempo recebo o portf\u00f3lio?<\/h4>\n<\/div>\n<\/div>\n<div class=\"elementor-toggle-item\">\n<div id=\"elementor-tab-content-1944\" class=\"elementor-tab-content elementor-clearfix elementor-active\" role=\"tabpanel\" data-tab=\"4\" aria-labelledby=\"elementor-tab-title-1944\">\n<p>Os envios s\u00e3o imediatos. Ap\u00f3s sua compra, o trabalho j\u00e1 \u00e9 disponibilizado instantaneamente aqui em nosso site e no seu e-mail.<\/p>\n<h4>E se o portf\u00f3lio que comprei precisar de corre\u00e7\u00e3o?<\/h4>\n<\/div>\n<\/div>\n<div class=\"elementor-toggle-item\">\n<div id=\"elementor-tab-content-1945\" class=\"elementor-tab-content elementor-clearfix elementor-active\" role=\"tabpanel\" data-tab=\"5\" aria-labelledby=\"elementor-tab-title-1945\">\n<p>Caso haja alguma solicita\u00e7\u00e3o de corre\u00e7\u00e3o\/altera\u00e7\u00e3o por parte do tutor, basta entrar em contato conosco pelo\u00a0WhatsApp\u00a0que provid\u00eanciaremos sem custo algum.<\/p>\n<h4>Qual o formato do arquivo?<\/h4>\n<\/div>\n<\/div>\n<div class=\"elementor-toggle-item\">\n<div id=\"elementor-tab-content-1946\" class=\"elementor-tab-content elementor-clearfix elementor-active\" role=\"tabpanel\" data-tab=\"6\" aria-labelledby=\"elementor-tab-title-1946\">\n<p>Os arquivos s\u00e3o enviados em formato Word e s\u00e3o edit\u00e1veis.<\/p>\n<h4>Caso eu tiver alguma d\u00favida, terei suporte no p\u00f3s venda?<\/h4>\n<\/div>\n<\/div>\n<div class=\"elementor-toggle-item\">\n<div id=\"elementor-tab-content-1948\" class=\"elementor-tab-content elementor-clearfix elementor-active\" role=\"tabpanel\" data-tab=\"8\" aria-labelledby=\"elementor-tab-title-1948\">\n<p>Sim, com certeza. Basta clicar no \u00edcone do WhatsApp no cantinho da tela. Ser\u00e1 um prazer atend\u00ea-lo(a).<\/p>\n<div class=\"elementor-toggle-item\">\n<div id=\"elementor-tab-content-1948\" class=\"elementor-tab-content elementor-clearfix elementor-active\" role=\"tabpanel\" data-tab=\"8\" aria-labelledby=\"elementor-tab-title-1948\">\n<h4>Quais os seus canais de contato?<\/h4>\n<\/div>\n<\/div>\n<div class=\"elementor-toggle-item\">\n<div id=\"elementor-tab-content-1949\" class=\"elementor-tab-content elementor-clearfix elementor-active\" role=\"tabpanel\" data-tab=\"9\" aria-labelledby=\"elementor-tab-title-1949\">\n<p>Whatsapp: 53 984751621 \u2013 Clicar no canto da tela ou ESCANEIE O QRCODE ABAIXO<\/p>\n<h4><img decoding=\"async\" class=\"alignnone wp-image-13699 jetpack-lazy-image jetpack-lazy-image--handled smush-detected-img smush-image-1 smush-image-2\" src=\"https:\/\/i0.wp.com\/portifolioos-prontos.com\/wp-content\/uploads\/2023\/02\/whatsapp-business-projeto-de-extensao-300x300.jpeg?resize=144%2C144\" sizes=\"(max-width: 144px) 100vw, 144px\" srcset=\"https:\/\/i0.wp.com\/portifolioos-prontos.com\/wp-content\/uploads\/2023\/02\/whatsapp-business-projeto-de-extensao.jpeg?resize=300%2C301&amp;ssl=1 300w, https:\/\/i0.wp.com\/portifolioos-prontos.com\/wp-content\/uploads\/2023\/02\/whatsapp-business-projeto-de-extensao.jpeg?resize=150%2C150&amp;ssl=1 150w, https:\/\/i0.wp.com\/portifolioos-prontos.com\/wp-content\/uploads\/2023\/02\/whatsapp-business-projeto-de-extensao.jpeg?resize=370%2C372&amp;ssl=1 370w, https:\/\/i0.wp.com\/portifolioos-prontos.com\/wp-content\/uploads\/2023\/02\/whatsapp-business-projeto-de-extensao.jpeg?resize=100%2C100&amp;ssl=1 100w, https:\/\/i0.wp.com\/portifolioos-prontos.com\/wp-content\/uploads\/2023\/02\/whatsapp-business-projeto-de-extensao.jpeg?w=470&amp;ssl=1 470w\" alt=\"projeto de extens\u00e3o unopar\" width=\"144\" height=\"144\" data-lazy-loaded=\"1\" \/><\/h4>\n<\/div>\n<\/div>\n<\/div>\n<\/div>\n<div class=\"elementor-toggle-item\">\n<div id=\"elementor-tab-content-1949\" class=\"elementor-tab-content elementor-clearfix elementor-active\" role=\"tabpanel\" data-tab=\"9\" aria-labelledby=\"elementor-tab-title-1949\">\n<p>E-mail:portifoliosp@gmail.com<\/p>\n<div id=\"attachment_143\" class=\"wp-caption alignnone\">\n<div id=\"attachment_143\" class=\"wp-caption alignnone\" style=\"width: 70px;\">\n<p><a href=\"https:\/\/portifolioos-prontos.com\/\"><img decoding=\"async\" class=\"wp-image-143 jetpack-lazy-image jetpack-lazy-image--handled smush-detected-img smush-image-11 smush-image-2 smush-image-10 smush-image-13 smush-image-3\" title=\"portfolio pronto unopar\" src=\"https:\/\/i0.wp.com\/portifolioos-prontos.com\/wp-content\/uploads\/2022\/04\/conceitomaximo.png?resize=161%2C46\" alt=\"PORTFOLIO PRONTO UNOPAR ANHANGUERA\" width=\"70\" height=\"20\" aria-describedby=\"caption-attachment-143\" data-lazy-loaded=\"1\" \/><\/a><\/p>\n<p id=\"caption-attachment-143\" class=\"wp-caption-text\">Portf\u00f3lio em Word, respondido, completo e j\u00e1 nas normas<\/p>\n<\/div>\n<\/div>\n<\/div>\n<\/div>\n","protected":false},"excerpt":{"rendered":"<div class=\"product-short-description\">\n<h5><strong>Pague pelo PIX ou cart\u00e3o e fa\u00e7a o download agora mesmo.<\/strong><\/h5>\n<\/div>\n<div class=\"sticky-add-to-cart-wrapper\">\n<div class=\"sticky-add-to-cart\">\n<div class=\"quantity buttons_added form-flat\"><img decoding=\"async\" class=\"alignnone wp-image-761 smush-detected-img smush-image-2 smush-image-1 smush-image-3 smush-image-4\" src=\"https:\/\/portifolioos-prontos.com\/wp-content\/uploads\/2022\/04\/PIX-300x107.webp\" alt=\"\" width=\"78\" height=\"28\" \/>\u00a0\u00a0<img loading=\"lazy\" decoding=\"async\" class=\"smush-detected-img smush-image-3 smush-image-2 smush-image-4 smush-image-5\" src=\"https:\/\/d26lpennugtm8s.cloudfront.net\/assets\/common\/img\/logos\/payment\/visa@2x.png\" width=\"46\" height=\"29\" \/><img loading=\"lazy\" decoding=\"async\" class=\"smush-detected-img smush-image-4 smush-image-3 smush-image-5 smush-image-6\" src=\"https:\/\/d26lpennugtm8s.cloudfront.net\/assets\/common\/img\/logos\/payment\/boleto@2x.png\" width=\"43\" height=\"27\" \/><img loading=\"lazy\" decoding=\"async\" class=\"smush-detected-img smush-image-5 smush-image-4 smush-image-6 smush-image-7\" src=\"https:\/\/d26lpennugtm8s.cloudfront.net\/assets\/common\/img\/logos\/payment\/mastercard@2x.png\" width=\"43\" height=\"27\" \/><img loading=\"lazy\" decoding=\"async\" class=\"smush-detected-img smush-image-6 smush-image-5 smush-image-7 smush-image-8\" src=\"https:\/\/d26lpennugtm8s.cloudfront.net\/assets\/common\/img\/logos\/payment\/amex@2x.png\" width=\"43\" height=\"27\" \/><img loading=\"lazy\" decoding=\"async\" class=\"smush-detected-img smush-image-7 smush-image-6 smush-image-8 smush-image-9\" src=\"https:\/\/d26lpennugtm8s.cloudfront.net\/assets\/common\/img\/logos\/payment\/diners@2x.png\" width=\"46\" height=\"29\" \/><img loading=\"lazy\" decoding=\"async\" class=\"smush-detected-img smush-image-8 smush-image-7 smush-image-9 smush-image-10\" src=\"https:\/\/d26lpennugtm8s.cloudfront.net\/assets\/common\/img\/logos\/payment\/br\/elo@2x.png\" width=\"45\" height=\"28\" \/><img loading=\"lazy\" decoding=\"async\" class=\"smush-detected-img smush-image-9 smush-image-8 smush-image-10 smush-image-11\" src=\"https:\/\/d26lpennugtm8s.cloudfront.net\/assets\/common\/img\/logos\/payment\/br\/hipercard@2x.png\" width=\"44\" height=\"28\" \/><img loading=\"lazy\" decoding=\"async\" class=\"smush-detected-img smush-image-10 smush-image-9 smush-image-11 smush-image-12\" src=\"https:\/\/d26lpennugtm8s.cloudfront.net\/assets\/common\/img\/logos\/payment\/mercadopago@2x.png\" width=\"45\" height=\"28\" \/><\/div>\n<\/div>\n<\/div>\n","protected":false},"featured_media":28264,"template":"","meta":{"_seopress_robots_primary_cat":"","_seopress_titles_title":"%%post_title%% %%sitetitle%%","_seopress_titles_desc":"%%post_content%%","_seopress_robots_index":""},"product_cat":[15],"product_tag":[],"class_list":{"0":"post-28261","1":"product","2":"type-product","3":"status-publish","4":"has-post-thumbnail","6":"product_cat-uncategorized","8":"first","9":"instock","10":"shipping-taxable","11":"purchasable","12":"product-type-simple","13":"col-xs-6 col-sm-4","14":"col-mf-5","15":"un-5-cols"},"jetpack_sharing_enabled":true,"_links":{"self":[{"href":"https:\/\/portifolioos-prontos.com\/index.php\/wp-json\/wp\/v2\/product\/28261","targetHints":{"allow":["GET"]}}],"collection":[{"href":"https:\/\/portifolioos-prontos.com\/index.php\/wp-json\/wp\/v2\/product"}],"about":[{"href":"https:\/\/portifolioos-prontos.com\/index.php\/wp-json\/wp\/v2\/types\/product"}],"version-history":[{"count":0,"href":"https:\/\/portifolioos-prontos.com\/index.php\/wp-json\/wp\/v2\/product\/28261\/revisions"}],"wp:featuredmedia":[{"embeddable":true,"href":"https:\/\/portifolioos-prontos.com\/index.php\/wp-json\/wp\/v2\/media\/28264"}],"wp:attachment":[{"href":"https:\/\/portifolioos-prontos.com\/index.php\/wp-json\/wp\/v2\/media?parent=28261"}],"wp:term":[{"taxonomy":"product_cat","embeddable":true,"href":"https:\/\/portifolioos-prontos.com\/index.php\/wp-json\/wp\/v2\/product_cat?post=28261"},{"taxonomy":"product_tag","embeddable":true,"href":"https:\/\/portifolioos-prontos.com\/index.php\/wp-json\/wp\/v2\/product_tag?post=28261"}],"curies":[{"name":"wp","href":"https:\/\/api.w.org\/{rel}","templated":true}]}}