{"id":28284,"date":"2024-07-19T10:20:30","date_gmt":"2024-07-19T13:20:30","guid":{"rendered":"https:\/\/portifolioos-prontos.com\/?post_type=product&#038;p=28284"},"modified":"2025-05-03T14:27:33","modified_gmt":"2025-05-03T17:27:33","slug":"aula-pratica-fundamentos-de-cartografia-e-topografia","status":"publish","type":"product","link":"https:\/\/portifolioos-prontos.com\/index.php\/product\/aula-pratica-fundamentos-de-cartografia-e-topografia\/","title":{"rendered":"Aula pr\u00e1tica Fundamentos de cartografia e topografia"},"content":{"rendered":"<p>Aula pr\u00e1tica Fundamentos de cartografia e topografia<\/p>\n<hr \/>\n<p>ROTEIRO DE AULA PR\u00c1TICA<br \/>\nNOME DA DISCIPLINA: FUNDAMENTOS DE CARTOGRAFIA E TOPOGRAFIA<br \/>\nUnidade: 2 \u2013 REPRESENTA\u00c7\u00c3O DO ESPA\u00c7O GEOGR\u00c1FICO E CARTOGRAFIA TEM\u00c1TICA<br \/>\nSe\u00e7\u00e3o: 2 \u2013 DADOS QUALIQUANTITATIVOS DE PRODUTOS CARTOGR\u00c1FICOS<br \/>\nOBJETIVOS<br \/>\nDefini\u00e7\u00e3o dos objetivos da aula pr\u00e1tica:<br \/>\n\u2022 Conhecer o que s\u00e3o curvas de\u00a0n\u00edvel\u00a0e como elas s\u00e3o representadas;<br \/>\n\u2022 Tra\u00e7ar e interpretar um perfil tropogr\u00e1fico;<br \/>\n\u2022 Acessar e interpretar cartas topogr\u00e1ficas do portal de mapas do\u00a0IBGE;<br \/>\nSOLU\u00c7\u00c3O DIGITAL<br \/>\n\u2022 AUTODESK \u2013 AUTOCAD (Software)<br \/>\nAutodesk \u2013 AutoCAD \u2013 \u00c9 um software de desenho t\u00e9cnico e modelagem 3D utilizado por<br \/>\narquitetos, engenheiros e designers para criar desenhos precisos e detalhados.<br \/>\n\u2022 MICROSOFT EXCEL (Software)<br \/>\nMicrosoft Excel \u2013 \u00c9 um software de planilha eletr\u00f4nica amplamente utilizado para an\u00e1lise de<br \/>\ndados, c\u00e1lculos e gerenciamento de informa\u00e7\u00f5es.<\/p>\n<p>Qualquer ajuste ou altera\u00e7\u00e3o do procedimento poder\u00e1 ocorrer, sem qualquer preju\u00edzo na<br \/>\nrealiza\u00e7\u00e3o da aula pr\u00e1tica.<br \/>\nPROCEDIMENTO\/ATIVIDADE n\u00ba 1 (Digital)<br \/>\nATIVIDADE PROPOSTA:<br \/>\nElabora\u00e7\u00e3o de perfil topogr\u00e1fico, mapa hiposm\u00e9trico e clinogr\u00e1fcio.<br \/>\nPROCEDIMENTOS PARA A REALIZA\u00c7\u00c3O DA ATIVIDADE:<br \/>\nPara realiza\u00e7\u00e3o das atividades, os alunos podem se organizar em grupos ou podem optar por<br \/>\nfaz\u00ea-las individualmente, no caso, pode reduzir o volume da atividade pelo tamanho da carta<br \/>\n3<br \/>\ntopogr\u00e1fica.<br \/>\n\u2022 ELABORA\u00c7\u00c3O DE PERFIL TOPOGR\u00c1FICO<br \/>\nAcessar o portal de mapas do IBGE (<a href=\"https:\/\/portaldemapas.ibge.gov.br\/portal.php#homepage\" rel=\"nofollow\">https:\/\/portaldemapas.ibge.gov.br\/portal.php#homepage<\/a>),<br \/>\nexplorar junto os diferentes recursos do site e mostrar como podem fazer download de cartas<br \/>\ntopogr\u00e1ficas espec\u00edficas. O aluno deve escolher uma carta topogr\u00e1fica de sua prefer\u00eancia.<br \/>\nRecomenda-se usar cartas na escala 1:250.000, por exemplo, tem-se a carta topogr\u00e1fica de<br \/>\nBras\u00edlia Folha SD23-Y-C-IV-3-NO que se encontra no link:<br \/>\n<a href=\"https:\/\/biblioteca.ibge.gov.br\/visualizacao\/mapas\/GEBIS%20-%20RJ\/SD-23-Y-C-IV-3-NO.jpg\" rel=\"nofollow\">https:\/\/biblioteca.ibge.gov.br\/visualizacao\/mapas\/GEBIS%20-%20RJ\/SD-23-Y-C-IV-3-NO.jpg<\/a><br \/>\n4<br \/>\nO aluno dever\u00e1 imprimir a carta topogr\u00e1fica ou trechos dela na escala correta e procurar entender<br \/>\no relevo da mesma.<br \/>\n\u2022 ELABORA\u00c7\u00c3O DE PERFIL TOPOGR\u00c1FICO<br \/>\nA partir da carta topogr\u00e1fica, os alunos devem escolher um determinado alinhamento e tra\u00e7ar o<br \/>\nperfil topogr\u00e1fico desta regi\u00e3o.<br \/>\n5<br \/>\nImportante come\u00e7ar esta etapa discutindo sobre cartas topogr\u00e1ficas, curvas de n\u00edvel e como \u00e9 um<br \/>\nperfil topogr\u00e1fico. Exemplifique com outras cartas topogr\u00e1ficas e desenhe no quadro um perfil<br \/>\ntopogr\u00e1fico, que pode ser feito \u00e0 m\u00e3o livre, apenas para ilustrar<br \/>\n\u2022 Posicionar o papel vegetal ou sufuriz\u00ea sobre a carta com a linha representativa do perfil que se<br \/>\npretende tra\u00e7ar.<br \/>\n\u2022 Transcrever as informa\u00e7\u00f5es no sufurize referentes ao trecho que ser\u00e1 analisado.<br \/>\nAlternativamente, os alunos podem imprimir v\u00e1rias cartas topogr\u00e1ficas e desenhar sobre elas.<br \/>\n\u2022 Oriente os alunos que usem cores diferentes para colorir cada intervalo de curva de n\u00edvel, para<br \/>\nfacilitar o entendimento e a visualiza\u00e7\u00e3o do relevo. Cada intervalo dever\u00e1 ser colorido com cores<br \/>\ndistintas (por exemplo, 300 a 325 metros de altitude, de azul; 325 a 350, de vermelho etc.-<br \/>\npreferencialmente seguir o sistema de cores da hipsometria, que facilita na atividade 2).<br \/>\n\u2022 Fa\u00e7a uma an\u00e1lise e interpreta\u00e7\u00e3o da carta topogr\u00e1fica com os alunos. Por exemplo, onde \u00e9 o<br \/>\nponto mais alto ou onde \u00e9 a \u00e1rea mais \u00edngreme.<br \/>\n\u2022 Fa\u00e7a um transecto na carta topogr\u00e1fica. Cuide para que o risco atravesse diferentes cotas e<br \/>\ncurvas de n\u00edvel, para que o perfil tenha formas variadas.<br \/>\n\u2022 Transfira os pontos de interse\u00e7\u00e3o das curvas de n\u00edvel para a folha de papel milimetrado e<br \/>\ndesenhe o perfil topogr\u00e1fico junto com os alunos.<br \/>\nAo final o aluno deve ser capaz de produzir um perfil topogr\u00e1fico, mostrando como o terreno da<br \/>\nregi\u00e3o escolhida \u00e9 representada na transversal.<br \/>\n\u2022 ELABORA\u00c7\u00c3O MAPA HIPSOM\u00c9TRICO<br \/>\nNesta pr\u00e1tica e na pr\u00f3xima os alunos devem escolher uma regi\u00e3o pequena da carta para<br \/>\nrepresentar o mapa hipsom\u00e9trico. A proposta \u00e9 continuar a partir da regi\u00e3o anterior e desenhar<br \/>\ntodas as curvas de n\u00edvel conforme as cores usadas no mapa hiposm\u00e9trico.<br \/>\n\u2022 Posicionar o papel sufurize sobre a carta topogr\u00e1fica na regi\u00e3o que se pretende representar;<br \/>\n\u2022 Transcrever as informa\u00e7\u00f5es no sufurize referentes ao trecho que ser\u00e1 analisado.<br \/>\nAlternativamente, os alunos podem imprimir v\u00e1rias cartas topogr\u00e1ficas e desenhar sobre elas.<br \/>\n\u2022 Oriente os alunos que usem cores diferentes para colorir cada intervalo de curva de n\u00edvel, para<br \/>\nfacilitar o entendimento e a visualiza\u00e7\u00e3o do relevo. Cada intervalo dever\u00e1 ser colorido com cores<br \/>\ndistintas (por exemplo, 300 a 325 metros de altitude, de azul; 325 a 350, de vermelho etc.-<br \/>\npreferencialmente seguir o sistema de cores da hipsometria, que facilita na atividade 2).<br \/>\n\u2022 Elaborar e interpretar o mapa hiposm\u00e9trico do terreno ou trecho dele.<br \/>\nAo final o aluno deve ser capaz de produzir um mapa com a hipsometria do terreno.<br \/>\n6<br \/>\n\u2022 ELABORA\u00c7\u00c3O MAPA CLINOGR\u00c1FICO<br \/>\nNesta pr\u00e1tica e na pr\u00f3xima os alunos devem escolher uma regi\u00e3o pequena da carta para<br \/>\nrepresentar o mapa clinogr\u00e1fico. A proposta \u00e9 continuar a partir da regi\u00e3o anterior e desenhar<br \/>\ntodas as inclina\u00e7\u00f5es do terreno para o mesmo trecho analisado.<br \/>\nPara esta pr\u00e1tica o aluno precisar\u00e1 realizar algumas contas simples, que podem ser ou n\u00e3o<br \/>\nauxiliadas por computador ou calculadora.<br \/>\n\u2022 Escolher as inclina\u00e7\u00f5es e cores que ser\u00e3o representadas no mapa. Para isso \u00e9 necess\u00e1rio<br \/>\nperceber os valores m\u00e1ximos e m\u00ednimos de inclina\u00e7\u00e3o. Por exemplo, se a inclina\u00e7\u00e3o m\u00e1xima por<br \/>\nde 24% e a m\u00ednima de 3%, conv\u00e9m fazer gradua\u00e7\u00f5es de 5%; 10%; 15%; 20% e 25%,<br \/>\nestabelecendo uma cor para cada valor, como se pede o mapa de clinografia. Aqui \u00e9 interessante<br \/>\no aluno perceber que deve tratar aclives ou declives da mesma forma.<br \/>\n\u2022 Calcular, para cada inclina\u00e7\u00e3o, qual a dist\u00e2ncia horizontal correspondente para a diferen\u00e7a de<br \/>\nn\u00edvel entre as curvas de n\u00edvel, de tal forma que se chegue em uma tabela de: inclina\u00e7\u00e3o, cor e<br \/>\ndist\u00e2ncia horizontal das curvas de n\u00edvel;<br \/>\n\u2022 Posicionar o papel sufurize sobre a carta topogr\u00e1fica na regi\u00e3o que se pretende representar e<br \/>\ntranscrever as curvas de n\u00edvel em l\u00e1pis preto;<br \/>\n\u2022 Transcrever as informa\u00e7\u00f5es no sufurize referentes ao trecho que ser\u00e1 analisado.<br \/>\nAlternativamente, os alunos podem imprimir v\u00e1rias cartas topogr\u00e1ficas e desenhar sobre elas.<br \/>\n\u2022 Medir a dist\u00e2ncia horizontal entre as curvas de n\u00edvel em v\u00e1rios pontos de interesse, classificando<br \/>\na inclina\u00e7\u00e3o de cada trecho entre curvas de n\u00edvel;<br \/>\n\u2022 Colorir cada trecho conforme a inclina\u00e7\u00e3o proposta na tabela, fazer uma gradua\u00e7\u00e3o leve das<br \/>\ncores vizinhas.<br \/>\n\u2022 Elaborar e interpretar o mapa clinogr\u00e1fico do terreno ou trecho dele.<br \/>\nAo final o aluno deve ser capaz de produzir um mapa com a clinografia do terreno.<br \/>\nCHECKLIST:<br \/>\n1. O aluno conseguiu acessar e fazer download dos mapas e recursos do portal de mapas do<br \/>\nIBGE?<br \/>\n2. O aluno foi capaz de produzir um perfil topogr\u00e1fico correto do trecho que se prop\u00f4s a analisar?<br \/>\n3. O aluno consegui elaborar um mapa hiposm\u00e9trico da regi\u00e3o?<br \/>\n4. O aluno conseguiu elaborar um mapa da clinografia da regi\u00e3o?<br \/>\n5. O aluno foi capaz de interpretar e entender a topografia da regi\u00e3o, a partir da carta topogr\u00e1fica?<br \/>\n7<br \/>\nRESULTADOS<br \/>\nResultados de Aprendizagem:<br \/>\nAo final o aluno deve ser capaz de interpretar a topografia e relevo da regi\u00e3o escolhida. Para isso,<br \/>\ndever\u00e1 produzir um perfil topogr\u00e1fico, mostrando como o terreno da regi\u00e3o escolhida \u00e9 representada<br \/>\nna transversal, um mapa com a hipsometria do terreno e um mapa com a clinografia do terreno<\/p>\n<p>Aula pr\u00e1tica Fundamentos de cartografia e topografia<\/p>\n<div class=\"elementor-toggle-item\">\n<h4 id=\"elementor-tab-title-1941\" class=\"elementor-tab-title elementor-active\" tabindex=\"0\" role=\"tab\" data-tab=\"1\" aria-controls=\"elementor-tab-content-1941\" aria-expanded=\"true\" aria-selected=\"true\">Como funciona?<\/h4>\n<div id=\"elementor-tab-content-1941\" class=\"elementor-tab-content elementor-clearfix elementor-active\" role=\"tabpanel\" data-tab=\"1\" aria-labelledby=\"elementor-tab-title-1941\">\n<p>Elaboramos os portf\u00f3lios, j\u00e1 deixamos prontos, nas normas da ABNT e conforme os requisitos da universidade. F\u00e1cil assim! O MELHOR \u00c9 QUE VOC\u00ca COMPRA E J\u00c1 BAIXA NA HORA O SEU ARQUIVO EM WORD! Sabemos que conciliar trabalho, fam\u00edlia, vida profissional e estudos \u00e9 dif\u00edcil hoje em dia, por isso, estamos aqui para ajudar voc\u00ea. Conte com nossa qualidade, experi\u00eancia e profissionalismo adquirindo seu portf\u00f3lio conosco. GARANTIMOS SEU CONCEITO!<\/p>\n<h4>Como se realizam os envios?<\/h4>\n<\/div>\n<\/div>\n<div class=\"elementor-toggle-item\">\n<div id=\"elementor-tab-content-1942\" class=\"elementor-tab-content elementor-clearfix elementor-active\" role=\"tabpanel\" data-tab=\"2\" aria-labelledby=\"elementor-tab-title-1942\">O seu trabalho \u00e9 disponibilizado pronto, respondido e nas normas j\u00e1 na mesma hora aqui em nosso site na sua \u00e1rea de downloads e tamb\u00e9m no seu e-mail.<\/div>\n<\/div>\n<div class=\"elementor-toggle-item\">\n<div id=\"elementor-tab-content-1943\" class=\"elementor-tab-content elementor-clearfix elementor-active\" role=\"tabpanel\" data-tab=\"3\" aria-labelledby=\"elementor-tab-title-1943\">\n<h4>Em quanto tempo recebo o portf\u00f3lio?<\/h4>\n<\/div>\n<\/div>\n<div class=\"elementor-toggle-item\">\n<div id=\"elementor-tab-content-1944\" class=\"elementor-tab-content elementor-clearfix elementor-active\" role=\"tabpanel\" data-tab=\"4\" aria-labelledby=\"elementor-tab-title-1944\">\n<p>Os envios s\u00e3o imediatos. Ap\u00f3s sua compra, o trabalho j\u00e1 \u00e9 disponibilizado instantaneamente aqui em nosso site e no seu e-mail.<\/p>\n<h4>E se o portf\u00f3lio que comprei precisar de corre\u00e7\u00e3o?<\/h4>\n<\/div>\n<\/div>\n<div class=\"elementor-toggle-item\">\n<div id=\"elementor-tab-content-1945\" class=\"elementor-tab-content elementor-clearfix elementor-active\" role=\"tabpanel\" data-tab=\"5\" aria-labelledby=\"elementor-tab-title-1945\">\n<p>Caso haja alguma solicita\u00e7\u00e3o de corre\u00e7\u00e3o\/altera\u00e7\u00e3o por parte do tutor, basta entrar em contato conosco pelo\u00a0WhatsApp\u00a0que provid\u00eanciaremos sem custo algum.<\/p>\n<h4>Qual o formato do arquivo?<\/h4>\n<\/div>\n<\/div>\n<div class=\"elementor-toggle-item\">\n<div id=\"elementor-tab-content-1946\" class=\"elementor-tab-content elementor-clearfix elementor-active\" role=\"tabpanel\" data-tab=\"6\" aria-labelledby=\"elementor-tab-title-1946\">\n<p>Os arquivos s\u00e3o enviados em formato Word e s\u00e3o edit\u00e1veis.<\/p>\n<h4>Caso eu tiver alguma d\u00favida, terei suporte no p\u00f3s venda?<\/h4>\n<\/div>\n<\/div>\n<div class=\"elementor-toggle-item\">\n<div id=\"elementor-tab-content-1948\" class=\"elementor-tab-content elementor-clearfix elementor-active\" role=\"tabpanel\" data-tab=\"8\" aria-labelledby=\"elementor-tab-title-1948\">\n<p>Sim, com certeza. Basta clicar no \u00edcone do WhatsApp no cantinho da tela. Ser\u00e1 um prazer atend\u00ea-lo(a).<\/p>\n<div class=\"elementor-toggle-item\">\n<div id=\"elementor-tab-content-1948\" class=\"elementor-tab-content elementor-clearfix elementor-active\" role=\"tabpanel\" data-tab=\"8\" aria-labelledby=\"elementor-tab-title-1948\">\n<h4>Quais os seus canais de contato?<\/h4>\n<\/div>\n<\/div>\n<div class=\"elementor-toggle-item\">\n<div id=\"elementor-tab-content-1949\" class=\"elementor-tab-content elementor-clearfix elementor-active\" role=\"tabpanel\" data-tab=\"9\" aria-labelledby=\"elementor-tab-title-1949\">\n<p>Whatsapp: 53 984751621 \u2013 Clicar no canto da tela ou ESCANEIE O QRCODE ABAIXO<\/p>\n<h4><img decoding=\"async\" class=\"alignnone wp-image-13699 jetpack-lazy-image jetpack-lazy-image--handled smush-detected-img smush-image-1 smush-image-2\" src=\"https:\/\/i0.wp.com\/portifolioos-prontos.com\/wp-content\/uploads\/2023\/02\/whatsapp-business-projeto-de-extensao-300x300.jpeg?resize=144%2C144\" sizes=\"(max-width: 144px) 100vw, 144px\" srcset=\"https:\/\/i0.wp.com\/portifolioos-prontos.com\/wp-content\/uploads\/2023\/02\/whatsapp-business-projeto-de-extensao.jpeg?resize=300%2C301&amp;ssl=1 300w, https:\/\/i0.wp.com\/portifolioos-prontos.com\/wp-content\/uploads\/2023\/02\/whatsapp-business-projeto-de-extensao.jpeg?resize=150%2C150&amp;ssl=1 150w, https:\/\/i0.wp.com\/portifolioos-prontos.com\/wp-content\/uploads\/2023\/02\/whatsapp-business-projeto-de-extensao.jpeg?resize=370%2C372&amp;ssl=1 370w, https:\/\/i0.wp.com\/portifolioos-prontos.com\/wp-content\/uploads\/2023\/02\/whatsapp-business-projeto-de-extensao.jpeg?resize=100%2C100&amp;ssl=1 100w, https:\/\/i0.wp.com\/portifolioos-prontos.com\/wp-content\/uploads\/2023\/02\/whatsapp-business-projeto-de-extensao.jpeg?w=470&amp;ssl=1 470w\" alt=\"projeto de extens\u00e3o unopar\" width=\"144\" height=\"144\" data-lazy-loaded=\"1\" \/><\/h4>\n<\/div>\n<\/div>\n<\/div>\n<\/div>\n<div class=\"elementor-toggle-item\">\n<div id=\"elementor-tab-content-1949\" class=\"elementor-tab-content elementor-clearfix elementor-active\" role=\"tabpanel\" data-tab=\"9\" aria-labelledby=\"elementor-tab-title-1949\">\n<p>E-mail:portifoliosp@gmail.com<\/p>\n<div id=\"attachment_143\" class=\"wp-caption alignnone\">\n<div id=\"attachment_143\" class=\"wp-caption alignnone\" style=\"width: 84px;\">\n<p><a href=\"https:\/\/portifolioos-prontos.com\/\"><img decoding=\"async\" class=\"wp-image-143 jetpack-lazy-image jetpack-lazy-image--handled smush-detected-img smush-image-11 smush-image-2 smush-image-10 smush-image-13 smush-image-3\" title=\"portfolio pronto unopar\" src=\"https:\/\/i0.wp.com\/portifolioos-prontos.com\/wp-content\/uploads\/2022\/04\/conceitomaximo.png?resize=161%2C46\" alt=\"PORTFOLIO PRONTO UNOPAR ANHANGUERA\" width=\"84\" height=\"24\" aria-describedby=\"caption-attachment-143\" data-lazy-loaded=\"1\" \/><\/a><\/p>\n<p id=\"caption-attachment-143\" class=\"wp-caption-text\">Portf\u00f3lio em Word, respondido, completo e j\u00e1 nas normas<\/p>\n<\/div>\n<\/div>\n<\/div>\n<\/div>\n","protected":false},"excerpt":{"rendered":"<div class=\"product-short-description\">\n<h5><strong>Pague pelo PIX ou cart\u00e3o e fa\u00e7a o download agora mesmo.<\/strong><\/h5>\n<\/div>\n<div class=\"sticky-add-to-cart-wrapper\">\n<div class=\"sticky-add-to-cart\">\n<div class=\"quantity buttons_added form-flat\"><img decoding=\"async\" class=\"alignnone wp-image-761 smush-detected-img smush-image-2 smush-image-1 smush-image-3 smush-image-4\" src=\"https:\/\/portifolioos-prontos.com\/wp-content\/uploads\/2022\/04\/PIX-300x107.webp\" alt=\"\" width=\"78\" height=\"28\" \/>\u00a0\u00a0<img loading=\"lazy\" decoding=\"async\" class=\"smush-detected-img smush-image-3 smush-image-2 smush-image-4 smush-image-5\" src=\"https:\/\/d26lpennugtm8s.cloudfront.net\/assets\/common\/img\/logos\/payment\/visa@2x.png\" width=\"46\" height=\"29\" \/><img loading=\"lazy\" decoding=\"async\" class=\"smush-detected-img smush-image-4 smush-image-3 smush-image-5 smush-image-6\" src=\"https:\/\/d26lpennugtm8s.cloudfront.net\/assets\/common\/img\/logos\/payment\/boleto@2x.png\" width=\"43\" height=\"27\" \/><img loading=\"lazy\" decoding=\"async\" class=\"smush-detected-img smush-image-5 smush-image-4 smush-image-6 smush-image-7\" src=\"https:\/\/d26lpennugtm8s.cloudfront.net\/assets\/common\/img\/logos\/payment\/mastercard@2x.png\" width=\"43\" height=\"27\" \/><img loading=\"lazy\" decoding=\"async\" class=\"smush-detected-img smush-image-6 smush-image-5 smush-image-7 smush-image-8\" src=\"https:\/\/d26lpennugtm8s.cloudfront.net\/assets\/common\/img\/logos\/payment\/amex@2x.png\" width=\"43\" height=\"27\" \/><img loading=\"lazy\" decoding=\"async\" class=\"smush-detected-img smush-image-7 smush-image-6 smush-image-8 smush-image-9\" src=\"https:\/\/d26lpennugtm8s.cloudfront.net\/assets\/common\/img\/logos\/payment\/diners@2x.png\" width=\"46\" height=\"29\" \/><img loading=\"lazy\" decoding=\"async\" class=\"smush-detected-img smush-image-8 smush-image-7 smush-image-9 smush-image-10\" src=\"https:\/\/d26lpennugtm8s.cloudfront.net\/assets\/common\/img\/logos\/payment\/br\/elo@2x.png\" width=\"45\" height=\"28\" \/><img loading=\"lazy\" decoding=\"async\" class=\"smush-detected-img smush-image-9 smush-image-8 smush-image-10 smush-image-11\" src=\"https:\/\/d26lpennugtm8s.cloudfront.net\/assets\/common\/img\/logos\/payment\/br\/hipercard@2x.png\" width=\"44\" height=\"28\" \/><img loading=\"lazy\" decoding=\"async\" class=\"smush-detected-img smush-image-10 smush-image-9 smush-image-11 smush-image-12\" src=\"https:\/\/d26lpennugtm8s.cloudfront.net\/assets\/common\/img\/logos\/payment\/mercadopago@2x.png\" width=\"45\" height=\"28\" \/><\/div>\n<\/div>\n<\/div>\n","protected":false},"featured_media":28287,"template":"","meta":{"_seopress_robots_primary_cat":"none","_seopress_titles_title":"%%post_title%% %%sitetitle%%","_seopress_titles_desc":"%%post_content%%","_seopress_robots_index":""},"product_cat":[63,74,15],"product_tag":[],"class_list":{"0":"post-28284","1":"product","2":"type-product","3":"status-publish","4":"has-post-thumbnail","6":"product_cat-agronegocio","7":"product_cat-gestao-ambiental","8":"product_cat-uncategorized","10":"first","11":"instock","12":"downloadable","13":"virtual","14":"purchasable","15":"product-type-simple","16":"col-xs-6 col-sm-4","17":"col-mf-5","18":"un-5-cols"},"jetpack_sharing_enabled":true,"_links":{"self":[{"href":"https:\/\/portifolioos-prontos.com\/index.php\/wp-json\/wp\/v2\/product\/28284","targetHints":{"allow":["GET"]}}],"collection":[{"href":"https:\/\/portifolioos-prontos.com\/index.php\/wp-json\/wp\/v2\/product"}],"about":[{"href":"https:\/\/portifolioos-prontos.com\/index.php\/wp-json\/wp\/v2\/types\/product"}],"version-history":[{"count":0,"href":"https:\/\/portifolioos-prontos.com\/index.php\/wp-json\/wp\/v2\/product\/28284\/revisions"}],"wp:featuredmedia":[{"embeddable":true,"href":"https:\/\/portifolioos-prontos.com\/index.php\/wp-json\/wp\/v2\/media\/28287"}],"wp:attachment":[{"href":"https:\/\/portifolioos-prontos.com\/index.php\/wp-json\/wp\/v2\/media?parent=28284"}],"wp:term":[{"taxonomy":"product_cat","embeddable":true,"href":"https:\/\/portifolioos-prontos.com\/index.php\/wp-json\/wp\/v2\/product_cat?post=28284"},{"taxonomy":"product_tag","embeddable":true,"href":"https:\/\/portifolioos-prontos.com\/index.php\/wp-json\/wp\/v2\/product_tag?post=28284"}],"curies":[{"name":"wp","href":"https:\/\/api.w.org\/{rel}","templated":true}]}}