{"id":28296,"date":"2024-07-19T10:35:15","date_gmt":"2024-07-19T13:35:15","guid":{"rendered":"https:\/\/portifolioos-prontos.com\/?post_type=product&#038;p=28296"},"modified":"2025-08-03T17:29:48","modified_gmt":"2025-08-03T20:29:48","slug":"projeto-integrado-empreendedorismo-e-novos-negocios","status":"publish","type":"product","link":"https:\/\/portifolioos-prontos.com\/index.php\/product\/projeto-integrado-empreendedorismo-e-novos-negocios\/","title":{"rendered":"Projeto integrado Empreendedorismo e Novos neg\u00f3cios"},"content":{"rendered":"<h3>Projeto integrado Empreendedorismo e Novos neg\u00f3cios<\/h3>\n<p>CURSO: CST Empreendedorismo e Novos neg\u00f3cios<\/p>\n<p>Projeto integrado Empreendedorismo e inova\u00e7\u00e3o para os pequenos neg\u00f3cios<\/p>\n<hr \/>\n<p>CONTEXTUALIZA\u00c7\u00c3O<br \/>\nEmpreendedorismo e inova\u00e7\u00e3o para os pequenos\u00a0neg\u00f3cios<br \/>\nJonas \u00e9 propriet\u00e1rio de um pequeno neg\u00f3cio gastron\u00f4mico situado no litoral catarinense. A empresa<br \/>\ndenominada Harmonia, possui instala\u00e7\u00f5es aconchegantes pr\u00f3ximas da praia e tem o objetivo de servir<br \/>\ndiversos produtos\u00a0frescos\u00a0e naturais: ampla variedade de caf\u00e9s gourmet, ch\u00e1s, doces, brunchs, salgados e<br \/>\nprodutos artesanais produzidos pela loja e parceiros locais. Al\u00e9m disso, o empreendedor entende que precisa<br \/>\ninvestir em vendas online, utilizar plataformas de vendas, investir em conte\u00fado digital, mas n\u00e3o se sente<br \/>\nseguro e n\u00e3o tem experi\u00eancia com os meios de comunica\u00e7\u00e3o digitais, sabe que precisa de\u00a0<a href=\"https:\/\/portfoliooead.com.br\/\">um<\/a>\u00a0posicionamento<br \/>\npara sua marca, trazendo nesse aspecto quest\u00f5es importantes que refletem a sua preocupa\u00e7\u00e3o com o meio<br \/>\nambiente e a oferta de produtos e servi\u00e7os que tragam aconchego e harmonia. Para isso precisa conhecer<br \/>\nmelhor tamb\u00e9m o seu p\u00fablico-alvo, fazer pesquisas de mercado, ap\u00f3s ler um artigo, Jonas se interessou por<br \/>\numa ferramenta que foi emprestada do mundo dos designers para o mundo dos neg\u00f3cios, uma ferramenta<br \/>\nchamada design thinking.<br \/>\nPROJETO INTEGRADO<br \/>\nINDIVIDUAL \u2013 PTI<br \/>\nCom o objetivo de alavancar seu neg\u00f3cio, Jonas resolveu investir em uma consultoria empresarial.<br \/>\nJonas est\u00e1 muito animado em empreender muitas mudan\u00e7as e novas estrat\u00e9gias para o seu neg\u00f3cio,<br \/>\nconversou com sua amiga Denise a respeito da ideia de uma consultoria e ela indicou a empresa \u201cVem que eu<br \/>\nte ajudo\u201d, uma empresa de consultoria para pequenos empreendedores, com \u00f3timas ideias e ferramentas. O<br \/>\npequeno empreendedor j\u00e1 decidiu procurar a consultoria e come\u00e7ar esse processo o quanto antes.<br \/>\nAgora \u00e9 com voc\u00ea!!<br \/>\nVoc\u00ea \u00e9 um consultor da empresa \u201cVem que eu te ajudo\u201d, que presta servi\u00e7os de consultoria para<br \/>\npequenos empreendedores, auxiliando na constru\u00e7\u00e3o e na renova\u00e7\u00e3o de estrat\u00e9gias de imagem e<br \/>\ncomunica\u00e7\u00e3o. Ap\u00f3s uma reuni\u00e3o com a equipe, decidiram priorizar de imediato as seguintes atividades:<br \/>\nPASSO 1: Compreendendo o mercado<br \/>\nA empresa \u201cVem que eu te ajudo\u201d, prop\u00f4s como primeiro passo, o acompanhamento das for\u00e7as<br \/>\nmacroambientais e significativos fatores microambientais que afetam sua capacidade de obter lucros e se<br \/>\ndiferencias no mercado. Ela deve estabelecer um sistema de intelig\u00eancia de marketing para acompanhar<br \/>\ntend\u00eancias e mudan\u00e7as relevantes, al\u00e9m de identificar oportunidades e amea\u00e7as associadas a elas (KOTLER;<br \/>\nKELLER, 2012).<br \/>\nFigura 1 \u2013 An\u00e1lise SWOT<br \/>\nFonte: adaptada de Kotler e Keller (2012).<br \/>\nPROJETO INTEGRADO<br \/>\nINDIVIDUAL \u2013 PTI<br \/>\nPor isso, o primeiro passo \u00e9 voc\u00ea elaborar uma an\u00e1lise SWOT do cen\u00e1rio atual da empresa<br \/>\n\u201cHarmonia,\u201d. Aponte as 4 principais vari\u00e1veis de cada quadrante.<br \/>\nAn\u00e1lise SWOT<br \/>\nFatores Positivos Fatores Negativos<br \/>\nFatores Internos<br \/>\n1.<br \/>\n2.<br \/>\n3.<br \/>\n4.<br \/>\n1.<br \/>\n2.<br \/>\n3.<br \/>\n4.<br \/>\nFatores Externos<br \/>\n1.<br \/>\n2.<br \/>\n3.<br \/>\n4.<br \/>\n1.<br \/>\n2.<br \/>\n3.<br \/>\n4.<br \/>\nKOTLER, P.; KELLER, K. L. Administra\u00e7\u00e3o de marketing. 14. ed. S\u00e3o Paulo: Pearson Prentice Hall, 2012.<br \/>\nPASSO 2 \u2013 Compreendendo o consumidor<br \/>\nEm um segundo momento a consultoria prop\u00f4s a implementa\u00e7\u00e3o da ferramenta design thinking, como<br \/>\numa forma de compreender de maneira mais aprofundada o consumidor, olhando para o ponto de vista do<br \/>\np\u00fablico-alvo e pensando \u201cfora da caixa\u201d, a sugest\u00e3o foi que Jonas realizasse uma reuni\u00e3o com alguns clientes<br \/>\nde maneira informal usando passos e estrat\u00e9gias do design thinking para essa compreens\u00e3o. Explique como<br \/>\nele poderia usar essa ferramenta nesse contexto e como poderia ajudar no desenvolvimento de suas<br \/>\nestrat\u00e9gias.<br \/>\nPASSO 3 \u2013 Empresa comprometida com o meio ambiente<br \/>\nO Marketing ambiental ou Marketing verde \u00e9 a estrat\u00e9gia de marketing voltada ao processo de venda<br \/>\nde produtos e servi\u00e7os baseados nos seus benef\u00edcios ao meio ambiente. \u00c9 a estrat\u00e9gia de vincula\u00e7\u00e3o da marca,<br \/>\nproduto ou servi\u00e7o a uma imagem ecologicamente consciente.<br \/>\nJonas sempre foi preocupado com o meio ambiente e por conta disso, o \u201cHarmonia\u201d se preocupa com<br \/>\na gest\u00e3o de seus res\u00edduos. Dessa forma, Jonas sempre investe na utiliza\u00e7\u00e3o de embalagens ecologicamente<br \/>\ncorretas e na diminui\u00e7\u00e3o do uso de pl\u00e1sticos em seus produtos. Pensando em divulgar essa iniciativa, Jonas<br \/>\nsolicitou que a \u201cVem que eu te ajudo\u201d elabore uma publica\u00e7\u00e3o para a p\u00e1gina do Instagram do neg\u00f3cio a fim<br \/>\nde divulgar essa iniciativa.<br \/>\nPASSO 4 \u2013 Comunicando a mensagem<br \/>\nPROJETO INTEGRADO<br \/>\nINDIVIDUAL \u2013 PTI<br \/>\nUma marca com presen\u00e7a digital e que tenha um bom resultado de p\u00fablico e de share (lembran\u00e7a) \u00e9<br \/>\naquela que vai muito al\u00e9m do seu site, ela marca presen\u00e7a nas mais variadas plataformas de internet e ainda<br \/>\nrepercute na TV, no r\u00e1dio, na m\u00eddia impressa e no boca a boca das ruas. \u201cPensar al\u00e9m do \u2018www\u2019 \u00e9 ter esse<br \/>\nconceito de fragmenta\u00e7\u00e3o na cabe\u00e7a e entender que o consumidor n\u00e3o est\u00e1 mais apenas no site. [\u2026] quando<br \/>\nele chega ao site, j\u00e1 foi mais do que impactado\u201d (MORAIS, 2015, p. 292). \u00c9 importante sempre lembrar que o<br \/>\nconsumidor web \u00e9 o mesmo que v\u00ea televis\u00e3o, que joga videogame, que tem seus amigos no trabalho, na<br \/>\nescola, na divers\u00e3o, entre outros. Ent\u00e3o, quando o planejamento de marketing estuda uma a\u00e7\u00e3o, ela precisa<br \/>\nter uma rela\u00e7\u00e3o com todos esses meios. Ou seja, uma mensagem no Facebook dever\u00e1 ter reflexos no Twitter,<br \/>\nno YouTube, no programa de TV, etc., tamb\u00e9m estar\u00e1 no site, por\u00e9m l\u00e1 deve ter um maior detalhamento da<br \/>\na\u00e7\u00e3o, do produto e da marca, pois \u00e9 onde est\u00e1 sua apresenta\u00e7\u00e3o.<br \/>\nDentro desse contexto, voc\u00ea deve desenvolver um conceito que explique a campanha e que possa<br \/>\nser empregado em todos os canais escolhidos. \u00c9 importante pensar em um conceito que traduza a<br \/>\nmensagem da marca Harmonia, o que voc\u00ea quer comunicar ao seu p\u00fablico-alvo, deve ter coer\u00eancia com os<br \/>\nprincipais atributos da empresa, deve carregar a personalidade da marca.<br \/>\nRefer\u00eancias Bibliogr\u00e1ficas:<br \/>\nROCHA, Ivone Ananias dos Santos. Comunica\u00e7\u00e3o de Marketing em meios digitais. Londrina: Editora e<br \/>\nDistribuidora Educacional S.A, 2018. (Minha Biblioteca)<br \/>\nPASSO 5 \u2013 Gerenciando os resultados<br \/>\nJonas \u00e9 um empreendedor, dono de um pequeno neg\u00f3cio gastron\u00f4mico, seus recursos s\u00e3o limitados<br \/>\ne devem ser empregados de forma consciente. Para a adequada gest\u00e3o de seu neg\u00f3cio ele precisar\u00e1 que na<br \/>\nconsultoria conste informa\u00e7\u00f5es sobre indicadores de desempenho, tamb\u00e9m s\u00e3o conhecidos como KPIs (Key<br \/>\nPerformance Indicator, ou Indicador Chave de Desempenho). Os indicadores s\u00e3o um conjunto de informa\u00e7\u00f5es<br \/>\nque se interpretadas de forma correta poder\u00e3o auxiliar nas an\u00e1lises de determinados cen\u00e1rios.<br \/>\nVoc\u00ea como um consultor deve apontar dois indicares financeiros e dois indicadores n\u00e3o financeiros<br \/>\nque poderiam ser utilizados por Jonas. Fa\u00e7a um relat\u00f3rio explicando como esses indicadores poderiam agregar<br \/>\nna tomada de decis\u00e3o e administra\u00e7\u00e3o do neg\u00f3cio<\/p>\n<div class=\"elementor-toggle-item\">\n<div class=\"elementor-toggle-item\">\n<p id=\"elementor-tab-title-1941\" class=\"elementor-tab-title elementor-active\" tabindex=\"0\" role=\"tab\" data-tab=\"1\" aria-controls=\"elementor-tab-content-1941\" aria-expanded=\"true\" aria-selected=\"true\"><strong>Como funciona?<\/strong><\/p>\n<p>Elaboramos os portf\u00f3lios, j\u00e1 deixamos prontos, nas normas da ABNT e conforme os requisitos da universidade. F\u00e1cil assim! O MELHOR \u00c9 QUE VOC\u00ca COMPRA E J\u00c1 BAIXA NA HORA O SEU ARQUIVO EM WORD! Sabemos que conciliar trabalho, fam\u00edlia, vida profissional e estudos \u00e9 dif\u00edcil hoje em dia, por isso, estamos aqui para ajudar voc\u00ea. Conte com nossa qualidade, experi\u00eancia e profissionalismo adquirindo seu portf\u00f3lio conosco. GARANTIMOS SEU CONCEITO!<\/p>\n<p><strong>Como se realizam os envios?<\/strong><\/p>\n<\/div>\n<p id=\"elementor-tab-content-1942\" class=\"elementor-tab-content elementor-clearfix elementor-active\" role=\"tabpanel\" data-tab=\"2\" aria-labelledby=\"elementor-tab-title-1942\">O seu trabalho \u00e9 disponibilizado pronto, respondido e nas normas j\u00e1 na mesma hora aqui em nosso site na sua \u00e1rea de downloads e tamb\u00e9m no seu e-mail.<\/p>\n<p><strong>Em quanto tempo recebo o portf\u00f3lio?<\/strong><\/p>\n<p>Os envios s\u00e3o imediatos. Ap\u00f3s sua compra, o trabalho j\u00e1 \u00e9 disponibilizado instantaneamente aqui em nosso site e no seu e-mail.<\/p>\n<p><strong>E se o portf\u00f3lio que comprei precisar de corre\u00e7\u00e3o?<\/strong><\/p>\n<p>Caso haja alguma solicita\u00e7\u00e3o de corre\u00e7\u00e3o\/altera\u00e7\u00e3o por parte do tutor, basta entrar em contato conosco pelo\u00a0WhatsApp\u00a0que provid\u00eanciaremos sem custo algum.<\/p>\n<p><strong>Qual o formato do arquivo?<\/strong><\/p>\n<p>Os arquivos s\u00e3o enviados em formato Word e s\u00e3o edit\u00e1veis.<\/p>\n<p><strong>Caso eu tiver alguma d\u00favida, terei suporte no p\u00f3s venda?<\/strong><\/p>\n<p>Sim, com certeza. Basta clicar no \u00edcone do WhatsApp no cantinho da tela. Ser\u00e1 um prazer atend\u00ea-lo(a).<\/p>\n<div id=\"elementor-tab-content-1948\" class=\"elementor-tab-content elementor-clearfix elementor-active\" role=\"tabpanel\" data-tab=\"8\" aria-labelledby=\"elementor-tab-title-1948\">\n<p><strong>Quais os seus canais de contato?<\/strong><\/p>\n<\/div>\n<div id=\"elementor-tab-content-1949\" class=\"elementor-tab-content elementor-clearfix elementor-active\" role=\"tabpanel\" data-tab=\"9\" aria-labelledby=\"elementor-tab-title-1949\">\n<p>Whatsapp: 53 984751621 \u2013 Clicar no canto da tela ou ESCANEIE O QRCODE ABAIXO<\/p>\n<h4><img decoding=\"async\" class=\"alignnone wp-image-13699 jetpack-lazy-image jetpack-lazy-image--handled\" src=\"https:\/\/i0.wp.com\/portifolioos-prontos.com\/wp-content\/uploads\/2023\/02\/whatsapp-business-projeto-de-extensao-300x300.jpeg?resize=144%2C144\" sizes=\"(max-width: 144px) 100vw, 144px\" srcset=\"https:\/\/i0.wp.com\/portifolioos-prontos.com\/wp-content\/uploads\/2023\/02\/whatsapp-business-projeto-de-extensao.jpeg?resize=300%2C301&amp;ssl=1 300w, https:\/\/i0.wp.com\/portifolioos-prontos.com\/wp-content\/uploads\/2023\/02\/whatsapp-business-projeto-de-extensao.jpeg?resize=150%2C150&amp;ssl=1 150w, https:\/\/i0.wp.com\/portifolioos-prontos.com\/wp-content\/uploads\/2023\/02\/whatsapp-business-projeto-de-extensao.jpeg?resize=370%2C372&amp;ssl=1 370w, https:\/\/i0.wp.com\/portifolioos-prontos.com\/wp-content\/uploads\/2023\/02\/whatsapp-business-projeto-de-extensao.jpeg?resize=100%2C100&amp;ssl=1 100w, https:\/\/i0.wp.com\/portifolioos-prontos.com\/wp-content\/uploads\/2023\/02\/whatsapp-business-projeto-de-extensao.jpeg?w=470&amp;ssl=1 470w\" alt=\"projeto de extens\u00e3o unopar\" width=\"144\" height=\"144\" data-lazy-loaded=\"1\" \/><\/h4>\n<\/div>\n<div class=\"elementor-toggle-item\">\n<div id=\"elementor-tab-content-1949\" class=\"elementor-tab-content elementor-clearfix elementor-active\" role=\"tabpanel\" data-tab=\"9\" aria-labelledby=\"elementor-tab-title-1949\">\n<p>E-mail:portifoliosp@gmail.com<\/p>\n<div id=\"attachment_143\" class=\"wp-caption alignnone\">\n<div id=\"attachment_143\" class=\"wp-caption alignnone\">\n<p id=\"caption-attachment-143\" class=\"wp-caption-text\"><a href=\"http:\/\/portfolio-pronto.com\/\">Portf\u00f3lio<\/a>\u00a0em Word, respondido, completo e j\u00e1 nas normas<\/p>\n<\/div>\n<\/div>\n<\/div>\n<\/div>\n<\/div>\n","protected":false},"excerpt":{"rendered":"<div class=\"product-short-description\">\n<div class=\"product-short-description\">\n<p><strong>Pague pelo PIX ou cart\u00e3o e fa\u00e7a o download agora mesmo.<\/strong><\/p>\n<\/div>\n<div class=\"sticky-add-to-cart-wrapper\">\n<div class=\"sticky-add-to-cart\">\n<p class=\"quantity buttons_added form-flat\"><img decoding=\"async\" class=\"lazyloaded smush-image-5 smush-image-3 smush-image-4 smush-detected-img smush-image-bigger-3\" src=\"https:\/\/d26lpennugtm8s.cloudfront.net\/assets\/common\/img\/logos\/payment\/visa@2x.png\" width=\"46\" height=\"29\" data-src=\"https:\/\/d26lpennugtm8s.cloudfront.net\/assets\/common\/img\/logos\/payment\/visa@2x.png\" \/><img decoding=\"async\" class=\"lazyloaded smush-image-6 smush-image-4 smush-image-5 smush-detected-img smush-image-bigger-4\" src=\"https:\/\/d26lpennugtm8s.cloudfront.net\/assets\/common\/img\/logos\/payment\/boleto@2x.png\" width=\"43\" height=\"27\" data-src=\"https:\/\/d26lpennugtm8s.cloudfront.net\/assets\/common\/img\/logos\/payment\/boleto@2x.png\" \/><img loading=\"lazy\" decoding=\"async\" class=\"lazyloaded smush-image-7 smush-image-5 smush-image-6 smush-detected-img smush-image-bigger-5\" src=\"https:\/\/d26lpennugtm8s.cloudfront.net\/assets\/common\/img\/logos\/payment\/mastercard@2x.png\" width=\"43\" height=\"27\" data-src=\"https:\/\/d26lpennugtm8s.cloudfront.net\/assets\/common\/img\/logos\/payment\/mastercard@2x.png\" \/><img loading=\"lazy\" decoding=\"async\" class=\"lazyloaded smush-image-8 smush-image-6 smush-image-7 smush-detected-img smush-image-bigger-6\" src=\"https:\/\/d26lpennugtm8s.cloudfront.net\/assets\/common\/img\/logos\/payment\/amex@2x.png\" width=\"43\" height=\"27\" data-src=\"https:\/\/d26lpennugtm8s.cloudfront.net\/assets\/common\/img\/logos\/payment\/amex@2x.png\" \/><img loading=\"lazy\" decoding=\"async\" class=\"lazyloaded smush-image-9 smush-image-7 smush-image-8 smush-detected-img smush-image-bigger-7\" src=\"https:\/\/d26lpennugtm8s.cloudfront.net\/assets\/common\/img\/logos\/payment\/diners@2x.png\" width=\"46\" height=\"29\" data-src=\"https:\/\/d26lpennugtm8s.cloudfront.net\/assets\/common\/img\/logos\/payment\/diners@2x.png\" \/><img loading=\"lazy\" decoding=\"async\" class=\"lazyloaded smush-image-10 smush-image-8 smush-image-9 alignnone smush-detected-img smush-image-bigger-8\" src=\"https:\/\/d26lpennugtm8s.cloudfront.net\/assets\/common\/img\/logos\/payment\/br\/elo@2x.png\" alt=\"portf\u00f3lio unopar anhanguera\" width=\"45\" height=\"28\" data-src=\"https:\/\/d26lpennugtm8s.cloudfront.net\/assets\/common\/img\/logos\/payment\/br\/elo@2x.png\" \/><img loading=\"lazy\" decoding=\"async\" class=\"lazyloaded smush-image-11 smush-image-9 smush-image-10 alignnone smush-detected-img smush-image-bigger-9\" src=\"https:\/\/d26lpennugtm8s.cloudfront.net\/assets\/common\/img\/logos\/payment\/br\/hipercard@2x.png\" alt=\"portf\u00f3lio unopar anhanguera\" width=\"44\" height=\"28\" data-src=\"https:\/\/d26lpennugtm8s.cloudfront.net\/assets\/common\/img\/logos\/payment\/br\/hipercard@2x.png\" \/><img loading=\"lazy\" decoding=\"async\" class=\"lazyloaded smush-image-12 smush-image-10 smush-image-11 alignnone smush-detected-img smush-image-bigger-10\" src=\"https:\/\/d26lpennugtm8s.cloudfront.net\/assets\/common\/img\/logos\/payment\/mercadopago@2x.png\" alt=\"portf\u00f3lio unopar anhanguera\" width=\"45\" height=\"28\" data-src=\"https:\/\/d26lpennugtm8s.cloudfront.net\/assets\/common\/img\/logos\/payment\/mercadopago@2x.png\" \/><img loading=\"lazy\" decoding=\"async\" class=\"alignnone lazyloaded smush-detected-img smush-image-bigger-11\" src=\"https:\/\/futurium.com.br\/wp-content\/uploads\/2021\/06\/logo-pix-icone-512.png\" alt=\"portfolio pronto\" width=\"30\" height=\"30\" data-src=\"https:\/\/futurium.com.br\/wp-content\/uploads\/2021\/06\/logo-pix-icone-512.png\" \/><\/p>\n<\/div>\n<\/div>\n<\/div>\n","protected":false},"featured_media":28299,"template":"","meta":{"_seopress_robots_primary_cat":"","_seopress_titles_title":"%%post_title%% %%sitetitle%%","_seopress_titles_desc":"%%post_content%%","_seopress_robots_index":""},"product_cat":[305,36,15],"product_tag":[735],"class_list":{"0":"post-28296","1":"product","2":"type-product","3":"status-publish","4":"has-post-thumbnail","6":"product_cat-empreendedorimos-e-novos-negocios","7":"product_cat-empreendedorismo","8":"product_cat-uncategorized","9":"product_tag-projeto-de-extensao-programa-de-inovacao-e-empreendedorismo","11":"first","12":"instock","13":"shipping-taxable","14":"purchasable","15":"product-type-simple","16":"col-xs-6 col-sm-4","17":"col-mf-5","18":"un-5-cols"},"jetpack_sharing_enabled":true,"_links":{"self":[{"href":"https:\/\/portifolioos-prontos.com\/index.php\/wp-json\/wp\/v2\/product\/28296","targetHints":{"allow":["GET"]}}],"collection":[{"href":"https:\/\/portifolioos-prontos.com\/index.php\/wp-json\/wp\/v2\/product"}],"about":[{"href":"https:\/\/portifolioos-prontos.com\/index.php\/wp-json\/wp\/v2\/types\/product"}],"version-history":[{"count":0,"href":"https:\/\/portifolioos-prontos.com\/index.php\/wp-json\/wp\/v2\/product\/28296\/revisions"}],"wp:featuredmedia":[{"embeddable":true,"href":"https:\/\/portifolioos-prontos.com\/index.php\/wp-json\/wp\/v2\/media\/28299"}],"wp:attachment":[{"href":"https:\/\/portifolioos-prontos.com\/index.php\/wp-json\/wp\/v2\/media?parent=28296"}],"wp:term":[{"taxonomy":"product_cat","embeddable":true,"href":"https:\/\/portifolioos-prontos.com\/index.php\/wp-json\/wp\/v2\/product_cat?post=28296"},{"taxonomy":"product_tag","embeddable":true,"href":"https:\/\/portifolioos-prontos.com\/index.php\/wp-json\/wp\/v2\/product_tag?post=28296"}],"curies":[{"name":"wp","href":"https:\/\/api.w.org\/{rel}","templated":true}]}}