{"id":28338,"date":"2024-07-22T11:14:27","date_gmt":"2024-07-22T14:14:27","guid":{"rendered":"https:\/\/portifolioos-prontos.com\/?post_type=product&#038;p=28338"},"modified":"2025-08-11T10:31:57","modified_gmt":"2025-08-11T13:31:57","slug":"aula-pratica-tomografia-computadorizada","status":"publish","type":"product","link":"https:\/\/portifolioos-prontos.com\/index.php\/product\/aula-pratica-tomografia-computadorizada\/","title":{"rendered":"Aula Pr\u00e1tica Tomografia Computadorizada"},"content":{"rendered":"<p>Aula Pr\u00e1tica Tomografia Computadorizada<\/p>\n<p>ROTEIRO DE AULA PR\u00c1TICA<br \/>\nNOME DA DISCIPLINA: Tomografia das Radia\u00e7\u00f5es<br \/>\nOBJETIVOS<br \/>\nDefini\u00e7\u00e3o dos objetivos da aula pr\u00e1tica:<br \/>\nA proposta desta atividade pr\u00e1tica est\u00e1 amparada nos seguintes objetivos:<br \/>\n\u2713 Conhecer e ser capaz de atuar mediante os diferentes protocolos de aquisi\u00e7\u00e3o e reconstru\u00e7\u00e3o<br \/>\nde imagens de Tomografia Computadorizada.<br \/>\nINFRAESTRUTURA<br \/>\nInstala\u00e7\u00f5es:<br \/>\nComputador com acesso \u00e0 internet<br \/>\nMateriais de consumo:<br \/>\nDescri\u00e7\u00e3o<br \/>\nQuantid. de materiais por<br \/>\nprocedimento\/atividade<br \/>\nNSA<br \/>\nSoftware:<br \/>\nSim ( X ) N\u00e3o ( )<br \/>\nEm caso afirmativo, qual? RadiAnt<br \/>\nPago ( ) N\u00e3o Pago ( X )<br \/>\nTipo de Licen\u00e7a: NSA.<br \/>\nDescri\u00e7\u00e3o do software:<br \/>\nSoftware RadiAnt.<br \/>\nEquipamento de Prote\u00e7\u00e3o Individual (EPI):<br \/>\nNSA<br \/>\nPROCEDIMENTOS PR\u00c1TICOS<br \/>\nProcedimento\/Atividade N\u00ba 1<br \/>\n3<br \/>\nAtividade proposta:<br \/>\nCompreender os protocolos de aquisi\u00e7\u00e3o de imagens na tomografia.<br \/>\nProcedimentos para a realiza\u00e7\u00e3o da atividade:<br \/>\n1- A tomografia computadorizada de coluna cervical \u00e9 indicada, principalmente, para a<br \/>\ninvestiga\u00e7\u00e3o da dor na regi\u00e3o do pesco\u00e7o, que, \u00e0s vezes, pode se irradiar para os membros<br \/>\nsuperiores. Esse exame identifica altera\u00e7\u00f5es degenerativas, como oste\u00f3fitos (bicos de<br \/>\npapagaio) e hipertrofia de facetas articulares, as quais determinam estreitamentos do canal<br \/>\nvertebral e de forames intervertebrais com compress\u00e3o de nervos. As h\u00e9rnias de disco e<br \/>\nalguns tumores tamb\u00e9m s\u00e3o identificadas nesse exame. Descreva o protocolo, planejamento<br \/>\ne o posicionamento do paciente em uma tomografia de coluna cervical.<br \/>\n2- A tomografia dos seios da face \u00e9 um exame de diagn\u00f3stico por imagem que tem a finalidade<br \/>\nde auxiliar o m\u00e9dico em seu diagn\u00f3stico, neste exame \u00e9 poss\u00edvel a identifica\u00e7\u00e3o de v\u00e1rias<br \/>\npatologias, como por exemplo: sinusite, renite, desvio de septo, entre outras. Este exame \u00e9<br \/>\nconsiderado como refer\u00eancia nos estudos de doen\u00e7as infecciosas que acometem a regi\u00e3o do<br \/>\ntrato respirat\u00f3rio:<br \/>\na) Descreva o protocolo de tomografia para avalia\u00e7\u00e3o dos seios da face.<br \/>\nb) O exame tomogr\u00e1fico dos seios da face, deve ser realizado em dois planos. Mencione quais<br \/>\ns\u00e3o os planos e as diferen\u00e7as na aquisi\u00e7\u00e3o de imagem de cada um deles.<br \/>\nc) A imagem a seguir apresenta um corte coronal de uma tomografia de seios paranasais.<br \/>\nIdentifique as regi\u00f5es de espessamento de mucosa, observados em a, b e c.<br \/>\n4<\/p>\n<p>3- Cortes transversos do t\u00f3rax usando a tomografia computadorizada permitem evidenciar de<br \/>\nforma simples e n\u00e3o invasiva todas as estruturas do t\u00f3rax. Com frequ\u00eancia, o exame<br \/>\nconsegue identificar sombras que se superp\u00f5em de forma confusa na radiografia simples do<br \/>\nt\u00f3rax. A TC e\u0301 uma t\u00e9cnica reconhecida para realizar diagn\u00f3stico, diferenciar e estagiar a<br \/>\nevolu\u00e7\u00e3o de doen\u00e7as pulmonares ou do mediastino. Quais s\u00e3o os par\u00e2metros de varredura<br \/>\nem uma tomografia de t\u00f3rax?<br \/>\n4- Existem diversos protocolos de TC para os membros superiores e membros inferiores. Com<br \/>\nbase nisso, descreva o protocolo mais indicado para o paciente com suspeita de les\u00e3o de<br \/>\nBankart e os detalhes do protocolo desde o posicionamento at\u00e9 a programa\u00e7\u00e3o para<br \/>\naquisi\u00e7\u00e3o da imagem. A partir disto, explique o que se espera encontrar nas imagens.<br \/>\n5- Descreva o protocolo para estudo de hipertens\u00e3o portal, discutindo as perguntas a seguir:<br \/>\na) Qual a programa\u00e7\u00e3o?<br \/>\nb) Quais cuidados devem ser tomados?<br \/>\nc) Qual a import\u00e2ncia desse protocolo?<\/p>\n<p>Procedimento\/ Atividade N\u00ba 2<br \/>\n5<br \/>\nAtividade proposta:<br \/>\nVisualiza\u00e7\u00e3o de imagens tomogr\u00e1ficas.<br \/>\nProcedimentos para a realiza\u00e7\u00e3o da atividade<br \/>\nPara a nossa segunda atividade voc\u00ea dever\u00e1 fazer o download do software RadiAnt.<br \/>\nRadiAnt \u00e9 um visualizador DICOM PACS para imagens m\u00e9dicas concebido para proporcionar a voc\u00ea<br \/>\numa experi\u00eancia \u00fanica!<br \/>\nVamos ao tutorial para instala\u00e7\u00e3o do software:<br \/>\nPrimeiramente, voc\u00ea deve abrir o site para o download do software:<br \/>\nhttps:\/\/www.radiantviewer.com\/. Clique em \u201cdownload\u201d ou \u201cbaixar agora\u201d:<br \/>\nUm arquivo terminado em \u201c.exe\u201d ser\u00e1 baixado para o seu computador na sua pasta de downloads.<br \/>\nClique no arquivo para iniciar a instala\u00e7\u00e3o.<br \/>\nObs: Certifique-se que o seu antiv\u00edrus n\u00e3o esteja bloqueando este in\u00edcio da instala\u00e7\u00e3o ou que voc\u00ea<br \/>\nprecise de autoriza\u00e7\u00e3o do administrador. No primeiro caso, se o seu antiv\u00edrus estiver bloqueando a<br \/>\nabertura do arquivo, voc\u00ea precisar\u00e1 desabilitar o seu antiv\u00edrus temporariamente para a instala\u00e7\u00e3o.<br \/>\nNo segundo caso, se permiss\u00e3o do administrador for necess\u00e1ria, em vez de clicar diretamente (duplo<br \/>\n6<br \/>\nclique normal) com o bot\u00e3o esquerdo do mouse, clique com o bot\u00e3o direito sobre o arquivo e depois<br \/>\nclique em \u201cExecutar como administrador\u201d.<br \/>\nAo ser perguntado se voc\u00ea deseja permitir que o aplicativo fa\u00e7a altera\u00e7\u00f5es no seu disco r\u00edgido, clique<br \/>\nem \u201cPermitir\u201d.<br \/>\nUma janela de setup do RadiAnt, como a janela abaixo, aparecer\u00e1 no seu computador. Clique em<br \/>\n\u201cNext\u201d para proceder com a instala\u00e7\u00e3o.<\/p>\n<p>Marque a caixa \u201cI accept the terms of the License Agreement\u201d, conforme imagem abaixo, e depois<br \/>\nclique em \u201cNext\u201d mais uma vez.<\/p>\n<p>7<br \/>\nSelecione o modo de instala\u00e7\u00e3o \u201cExpress (Recommended)\u201d, que \u00e9 o recomendado, e avance<br \/>\nclicando em \u201cNext\u201d mais uma vez.<\/p>\n<p>Voc\u00ea s\u00f3 precisa clicar em \u201cFinish\u201d quando a instala\u00e7\u00e3o estiver conclu\u00edda e o Radiant j\u00e1 est\u00e1 instalado.<br \/>\nAo abrir o aplicativo, selecione \u201cActive trial license\u201d e avance clicando em \u201cNext\u201d mais uma vez.<\/p>\n<p>Em seguida, clique em \u201cFinish\u201d e pronto! O aplicativo estar\u00e1 pronto para uso no seu computador ou<br \/>\nnotebook.<br \/>\n8<\/p>\n<p>Caso tenha dificuldades, o v\u00eddeo a seguir pode te auxiliar no download e na utiliza\u00e7\u00e3o do software<br \/>\npara a visualiza\u00e7\u00e3o das imagens:<br \/>\nhttps:\/\/edisciplinas.usp.br\/course\/view.php?id=69973#section-12<br \/>\nAgora vamos \u00e0s imagens? Voc\u00ea dever\u00e1 fazer o download da pasta \u201cTc_T\u00f3rax_Tep_1.zip\u201d dispon\u00edvel<br \/>\nno link:<br \/>\nhttps:\/\/edisciplinas.usp.br\/mod\/folder\/view.php?id=2615128<br \/>\nEssa pasta est\u00e1 zipada, ent\u00e3o voc\u00ea dever\u00e1 abrir o arquivo e mover a pasta com as imagens para o<br \/>\nseu computador.<br \/>\n9<\/p>\n<p>No software RadiAnt, voc\u00ea dever\u00e1 clicar na pasta, no menu superior da tela e selecionar a pasta que<br \/>\nvoc\u00ea extraiu anteriormente.<br \/>\nA partir de agora voc\u00ea poder\u00e1 explorar essas imagens e responder \u00e0s atividades propostas:<br \/>\n1) Analisando as imagens, identifique a via de administra\u00e7\u00e3o do contraste utilizado.<br \/>\n2) Por meio de prints da tela, apresente:<br \/>\na) Escanograma<br \/>\nb) Janela de pulm\u00e3o<br \/>\nc) Janela de mediastino<br \/>\nd) Corte axial<br \/>\ne) Corte coronal<br \/>\n10<br \/>\nChecklist:<br \/>\nAs tarefas foram conclu\u00eddas com \u00eaxito?<br \/>\nVoc\u00ea foi capaz de compreender os protocolos de aquisi\u00e7\u00e3o de imagens na tomografia?<br \/>\nVoc\u00ea conseguiu analisar as imagens no software RadiAnt?<br \/>\nRESULTADOS<br \/>\nResultados da aula pr\u00e1tica:<br \/>\nOrienta\u00e7\u00f5es para o envio da atividade:<br \/>\n\u2713 O resultado de aprendizagem da aula pr\u00e1tica dever\u00e1 ser registrado em forma de um relat\u00f3rio<br \/>\ndescritivo que dever\u00e1 ser postado em seu ambiente virtual.<br \/>\n\u2713 A postagem do arquivo final deve ser em um \u00fanico arquivo, formato .DOC (Word ou editor de textos)<br \/>\nelaborado de acordo com as normas ABNT;<br \/>\n\u2713 Responda detalhadamente as quest\u00f5es propostas em cada uma das atividades.<br \/>\n\u2713 Lembre-se de inserir os prints das telas, referente a segunda atividade, no seu arquivo.<br \/>\n\u2713 Atente-se ao tamanho m\u00e1ximo do arquivo, suportado pelo Ambiente Virtual se Aprendizagem, se<br \/>\nnecess\u00e1rio, reduza o tamanho das suas fotos (https:\/\/www.resizepixel.com\/pt\/reduce-image-inkb\/).<br \/>\n\u2713 O sistema ir\u00e1 arquivar e disponibilizar para corre\u00e7\u00e3o apenas o \u00faltimo trabalho encaminhado, caso<br \/>\nvoc\u00ea encaminhe um novo arquivo, ele ir\u00e1 sobrepor e apagar o arquivo encaminhado<br \/>\nanteriormente;<br \/>\n\u2713 Voc\u00ea dever\u00e1 postar o trabalho finalizado no AVA, o que dever\u00e1 ser feito na pasta espec\u00edfica,<br \/>\nobedecendo ao prazo limite de postagem, conforme disposto no cronograma do curso. N\u00e3o existe<br \/>\nprorroga\u00e7\u00e3o para a postagem da atividade;<br \/>\n\u2713 O trabalho ser\u00e1 realizado individualmente.<br \/>\nN\u00e3o deixe de participar de todas as tarefas! Elas ser\u00e3o determinantes para o aprendizado das t\u00e9cnicas<\/p>\n<div class=\"elementor-toggle-item\">\n<h4 id=\"elementor-tab-title-1941\" class=\"elementor-tab-title elementor-active\" tabindex=\"0\" role=\"tab\" data-tab=\"1\" aria-controls=\"elementor-tab-content-1941\" aria-expanded=\"true\" aria-selected=\"true\">Como funciona?<\/h4>\n<div id=\"elementor-tab-content-1941\" class=\"elementor-tab-content elementor-clearfix elementor-active\" role=\"tabpanel\" data-tab=\"1\" aria-labelledby=\"elementor-tab-title-1941\">\n<p>Elaboramos os portf\u00f3lios, j\u00e1 deixamos prontos, nas normas da ABNT e conforme os requisitos da universidade. F\u00e1cil assim! O MELHOR \u00c9 QUE VOC\u00ca COMPRA E J\u00c1 BAIXA NA HORA O SEU ARQUIVO EM WORD! Sabemos que conciliar trabalho, fam\u00edlia, vida profissional e estudos \u00e9 dif\u00edcil hoje em dia, por isso, estamos aqui para ajudar voc\u00ea. Conte com nossa qualidade, experi\u00eancia e profissionalismo adquirindo seu portf\u00f3lio conosco. GARANTIMOS SEU CONCEITO!<\/p>\n<h4>Como se realizam os envios?<\/h4>\n<\/div>\n<\/div>\n<div class=\"elementor-toggle-item\">\n<div id=\"elementor-tab-content-1942\" class=\"elementor-tab-content elementor-clearfix elementor-active\" role=\"tabpanel\" data-tab=\"2\" aria-labelledby=\"elementor-tab-title-1942\">O seu trabalho \u00e9 disponibilizado pronto, respondido e nas normas j\u00e1 na mesma hora aqui em nosso site na sua \u00e1rea de downloads e tamb\u00e9m no seu e-mail.<\/div>\n<\/div>\n<div class=\"elementor-toggle-item\">\n<div id=\"elementor-tab-content-1943\" class=\"elementor-tab-content elementor-clearfix elementor-active\" role=\"tabpanel\" data-tab=\"3\" aria-labelledby=\"elementor-tab-title-1943\">\n<h4>Em quanto tempo recebo o portf\u00f3lio?<\/h4>\n<\/div>\n<\/div>\n<div class=\"elementor-toggle-item\">\n<div id=\"elementor-tab-content-1944\" class=\"elementor-tab-content elementor-clearfix elementor-active\" role=\"tabpanel\" data-tab=\"4\" aria-labelledby=\"elementor-tab-title-1944\">\n<p>Os envios s\u00e3o imediatos. Ap\u00f3s sua compra, o trabalho j\u00e1 \u00e9 disponibilizado instantaneamente aqui em nosso site e no seu e-mail.<\/p>\n<h4>E se o portf\u00f3lio que comprei precisar de corre\u00e7\u00e3o?<\/h4>\n<\/div>\n<\/div>\n<div class=\"elementor-toggle-item\">\n<div id=\"elementor-tab-content-1945\" class=\"elementor-tab-content elementor-clearfix elementor-active\" role=\"tabpanel\" data-tab=\"5\" aria-labelledby=\"elementor-tab-title-1945\">\n<p>Caso haja alguma solicita\u00e7\u00e3o de corre\u00e7\u00e3o\/altera\u00e7\u00e3o por parte do tutor, basta entrar em contato conosco pelo\u00a0WhatsApp\u00a0que provid\u00eanciaremos sem custo algum.<\/p>\n<h4>Qual o formato do arquivo?<\/h4>\n<\/div>\n<\/div>\n<div class=\"elementor-toggle-item\">\n<div id=\"elementor-tab-content-1946\" class=\"elementor-tab-content elementor-clearfix elementor-active\" role=\"tabpanel\" data-tab=\"6\" aria-labelledby=\"elementor-tab-title-1946\">\n<p>Os arquivos s\u00e3o enviados em formato Word e s\u00e3o edit\u00e1veis.<\/p>\n<h4>Caso eu tiver alguma d\u00favida, terei suporte no p\u00f3s venda?<\/h4>\n<\/div>\n<\/div>\n<div class=\"elementor-toggle-item\">\n<div id=\"elementor-tab-content-1948\" class=\"elementor-tab-content elementor-clearfix elementor-active\" role=\"tabpanel\" data-tab=\"8\" aria-labelledby=\"elementor-tab-title-1948\">\n<p>Sim, com certeza. Basta clicar no \u00edcone do WhatsApp no cantinho da tela. Ser\u00e1 um prazer atend\u00ea-lo(a).<\/p>\n<div class=\"elementor-toggle-item\">\n<div id=\"elementor-tab-content-1948\" class=\"elementor-tab-content elementor-clearfix elementor-active\" role=\"tabpanel\" data-tab=\"8\" aria-labelledby=\"elementor-tab-title-1948\">\n<h4>Quais os seus canais de contato?<\/h4>\n<\/div>\n<\/div>\n<div class=\"elementor-toggle-item\">\n<div id=\"elementor-tab-content-1949\" class=\"elementor-tab-content elementor-clearfix elementor-active\" role=\"tabpanel\" data-tab=\"9\" aria-labelledby=\"elementor-tab-title-1949\">\n<p>Whatsapp: 53 984751621 \u2013 Clicar no canto da tela ou ESCANEIE O QRCODE ABAIXO<\/p>\n<h4><img decoding=\"async\" class=\"alignnone wp-image-13699 jetpack-lazy-image jetpack-lazy-image--handled smush-detected-img smush-image-1 smush-image-2\" src=\"https:\/\/i0.wp.com\/portifolioos-prontos.com\/wp-content\/uploads\/2023\/02\/whatsapp-business-projeto-de-extensao-300x300.jpeg?resize=144%2C144\" sizes=\"(max-width: 144px) 100vw, 144px\" srcset=\"https:\/\/i0.wp.com\/portifolioos-prontos.com\/wp-content\/uploads\/2023\/02\/whatsapp-business-projeto-de-extensao.jpeg?resize=300%2C301&amp;ssl=1 300w, https:\/\/i0.wp.com\/portifolioos-prontos.com\/wp-content\/uploads\/2023\/02\/whatsapp-business-projeto-de-extensao.jpeg?resize=150%2C150&amp;ssl=1 150w, https:\/\/i0.wp.com\/portifolioos-prontos.com\/wp-content\/uploads\/2023\/02\/whatsapp-business-projeto-de-extensao.jpeg?resize=370%2C372&amp;ssl=1 370w, https:\/\/i0.wp.com\/portifolioos-prontos.com\/wp-content\/uploads\/2023\/02\/whatsapp-business-projeto-de-extensao.jpeg?resize=100%2C100&amp;ssl=1 100w, https:\/\/i0.wp.com\/portifolioos-prontos.com\/wp-content\/uploads\/2023\/02\/whatsapp-business-projeto-de-extensao.jpeg?w=470&amp;ssl=1 470w\" alt=\"projeto de extens\u00e3o unopar\" width=\"144\" height=\"144\" data-lazy-loaded=\"1\" \/><\/h4>\n<\/div>\n<\/div>\n<\/div>\n<\/div>\n<div class=\"elementor-toggle-item\">\n<div id=\"elementor-tab-content-1949\" class=\"elementor-tab-content elementor-clearfix elementor-active\" role=\"tabpanel\" data-tab=\"9\" aria-labelledby=\"elementor-tab-title-1949\">\n<p>E-mail:portifoliosp@gmail.com<\/p>\n<div id=\"attachment_143\" class=\"wp-caption alignnone\">\n<div id=\"attachment_143\" class=\"wp-caption alignnone\" style=\"width: 63px;\">\n<p><a href=\"https:\/\/portifolioos-prontos.com\/\"><img decoding=\"async\" class=\"wp-image-143 jetpack-lazy-image jetpack-lazy-image--handled smush-detected-img smush-image-11 smush-image-2 smush-image-10 smush-image-13 smush-image-3\" title=\"portfolio pronto unopar\" src=\"https:\/\/i0.wp.com\/portifolioos-prontos.com\/wp-content\/uploads\/2022\/04\/conceitomaximo.png?resize=161%2C46\" alt=\"PORTFOLIO PRONTO UNOPAR ANHANGUERA\" width=\"63\" height=\"18\" aria-describedby=\"caption-attachment-143\" data-lazy-loaded=\"1\" \/><\/a><\/p>\n<p id=\"caption-attachment-143\" class=\"wp-caption-text\">Portf\u00f3lio em Word, respondido, completo e j\u00e1 nas normas<\/p>\n<\/div>\n<\/div>\n<\/div>\n<\/div>\n","protected":false},"excerpt":{"rendered":"<div class=\"product-short-description\">\n<h5><strong>Pague pelo PIX ou cart\u00e3o e fa\u00e7a o download agora mesmo.<\/strong><\/h5>\n<\/div>\n<div class=\"sticky-add-to-cart-wrapper\">\n<div class=\"sticky-add-to-cart\">\n<div class=\"quantity buttons_added form-flat\"><img decoding=\"async\" class=\"alignnone wp-image-761 smush-detected-img smush-image-2 smush-image-1 smush-image-3 smush-image-4\" src=\"https:\/\/portifolioos-prontos.com\/wp-content\/uploads\/2022\/04\/PIX-300x107.webp\" alt=\"\" width=\"78\" height=\"28\" \/>\u00a0\u00a0<img loading=\"lazy\" decoding=\"async\" class=\"smush-detected-img smush-image-3 smush-image-2 smush-image-4 smush-image-5\" src=\"https:\/\/d26lpennugtm8s.cloudfront.net\/assets\/common\/img\/logos\/payment\/visa@2x.png\" width=\"46\" height=\"29\" \/><img loading=\"lazy\" decoding=\"async\" class=\"smush-detected-img smush-image-4 smush-image-3 smush-image-5 smush-image-6\" src=\"https:\/\/d26lpennugtm8s.cloudfront.net\/assets\/common\/img\/logos\/payment\/boleto@2x.png\" width=\"43\" height=\"27\" \/><img loading=\"lazy\" decoding=\"async\" class=\"smush-detected-img smush-image-5 smush-image-4 smush-image-6 smush-image-7\" src=\"https:\/\/d26lpennugtm8s.cloudfront.net\/assets\/common\/img\/logos\/payment\/mastercard@2x.png\" width=\"43\" height=\"27\" \/><img loading=\"lazy\" decoding=\"async\" class=\"smush-detected-img smush-image-6 smush-image-5 smush-image-7 smush-image-8\" src=\"https:\/\/d26lpennugtm8s.cloudfront.net\/assets\/common\/img\/logos\/payment\/amex@2x.png\" width=\"43\" height=\"27\" \/><img loading=\"lazy\" decoding=\"async\" class=\"smush-detected-img smush-image-7 smush-image-6 smush-image-8 smush-image-9\" src=\"https:\/\/d26lpennugtm8s.cloudfront.net\/assets\/common\/img\/logos\/payment\/diners@2x.png\" width=\"46\" height=\"29\" \/><img loading=\"lazy\" decoding=\"async\" class=\"smush-detected-img smush-image-8 smush-image-7 smush-image-9 smush-image-10\" src=\"https:\/\/d26lpennugtm8s.cloudfront.net\/assets\/common\/img\/logos\/payment\/br\/elo@2x.png\" width=\"45\" height=\"28\" \/><img loading=\"lazy\" decoding=\"async\" class=\"smush-detected-img smush-image-9 smush-image-8 smush-image-10 smush-image-11\" src=\"https:\/\/d26lpennugtm8s.cloudfront.net\/assets\/common\/img\/logos\/payment\/br\/hipercard@2x.png\" width=\"44\" height=\"28\" \/><img loading=\"lazy\" decoding=\"async\" class=\"smush-detected-img smush-image-10 smush-image-9 smush-image-11 smush-image-12\" src=\"https:\/\/d26lpennugtm8s.cloudfront.net\/assets\/common\/img\/logos\/payment\/mercadopago@2x.png\" width=\"45\" height=\"28\" \/><\/div>\n<\/div>\n<\/div>\n","protected":false},"featured_media":28341,"template":"","meta":{"_seopress_robots_primary_cat":"none","_seopress_titles_title":"%%post_title%% %%sitetitle%%","_seopress_titles_desc":"%%post_content%%","_seopress_robots_index":""},"product_cat":[67,15],"product_tag":[],"class_list":{"0":"post-28338","1":"product","2":"type-product","3":"status-publish","4":"has-post-thumbnail","6":"product_cat-radiologia","7":"product_cat-uncategorized","9":"first","10":"instock","11":"shipping-taxable","12":"purchasable","13":"product-type-simple","14":"col-xs-6 col-sm-4","15":"col-mf-5","16":"un-5-cols"},"jetpack_sharing_enabled":true,"_links":{"self":[{"href":"https:\/\/portifolioos-prontos.com\/index.php\/wp-json\/wp\/v2\/product\/28338","targetHints":{"allow":["GET"]}}],"collection":[{"href":"https:\/\/portifolioos-prontos.com\/index.php\/wp-json\/wp\/v2\/product"}],"about":[{"href":"https:\/\/portifolioos-prontos.com\/index.php\/wp-json\/wp\/v2\/types\/product"}],"version-history":[{"count":0,"href":"https:\/\/portifolioos-prontos.com\/index.php\/wp-json\/wp\/v2\/product\/28338\/revisions"}],"wp:featuredmedia":[{"embeddable":true,"href":"https:\/\/portifolioos-prontos.com\/index.php\/wp-json\/wp\/v2\/media\/28341"}],"wp:attachment":[{"href":"https:\/\/portifolioos-prontos.com\/index.php\/wp-json\/wp\/v2\/media?parent=28338"}],"wp:term":[{"taxonomy":"product_cat","embeddable":true,"href":"https:\/\/portifolioos-prontos.com\/index.php\/wp-json\/wp\/v2\/product_cat?post=28338"},{"taxonomy":"product_tag","embeddable":true,"href":"https:\/\/portifolioos-prontos.com\/index.php\/wp-json\/wp\/v2\/product_tag?post=28338"}],"curies":[{"name":"wp","href":"https:\/\/api.w.org\/{rel}","templated":true}]}}