{"id":28343,"date":"2024-07-22T11:23:37","date_gmt":"2024-07-22T14:23:37","guid":{"rendered":"https:\/\/portifolioos-prontos.com\/?post_type=product&#038;p=28343"},"modified":"2024-08-15T17:34:19","modified_gmt":"2024-08-15T20:34:19","slug":"aula-pratica-imagem-digital","status":"publish","type":"product","link":"https:\/\/portifolioos-prontos.com\/index.php\/product\/aula-pratica-imagem-digital\/","title":{"rendered":"Aula Pr\u00e1tica Imagem Digital"},"content":{"rendered":"<h4>Aula Pr\u00e1tica Imagem Digital<\/h4>\n<p>ROTEIRO DE AULA PR\u00c1TICA<br \/>\nNOME DA DISCIPLINA: IMAGEM DIGITAL<br \/>\nUnidade: 3 &#8211; PROCESSAMENTO DE IMAGENS<br \/>\nSe\u00e7\u00e3o: 4 &#8211; Poss\u00edveis erros a serem evitados na C\u00e2mara escura: Imagem de aspecto l\u00edvido,<br \/>\nlactescente, contrastado, artefatos e obscuridade<br \/>\nOBJETIVOS<br \/>\nDefini\u00e7\u00e3o dos objetivos da aula pr\u00e1tica:<br \/>\nConhecer as t\u00e9cnicas de posicionamento radiol\u00f3gico;<br \/>\nSaber identificar as estruturas anat\u00f4micas visualizando uma imagem digital.<br \/>\nINFRAESTRUTURA<br \/>\nInstala\u00e7\u00f5es \u2013 Materiais de consumo \u2013 Equipamentos:<br \/>\nLABORAT\u00d3RIO DE INFORM\u00c1TICA<br \/>\nMATERIAIS DE CONSUMO:<br \/>\n\u2022 PAPEL SULFITE A4 GO OFFICE BRANCO PC500<br \/>\n~ 1 por aluno<br \/>\n\u2022 CANETAS<br \/>\n~ 1 por aluno<br \/>\nEQUIPAMENTOS:<br \/>\n\u2022 Desktop Lab Informatica &#8211; Positivo C6300<br \/>\n~ 1 por aluno<br \/>\nSOLU\u00c7\u00c3O DIGITAL<br \/>\n\u2022 MED DREAM (Software)<br \/>\nMedDream \u00e9 um visualizador DICOM baseado na web para servidor PACS que se destina a fazer<br \/>\ndiagn\u00f3sticos, visualizar, arquivar e transmitir imagens m\u00e9dicas.<\/p>\n<p>P\u00fablico3<br \/>\nEQUIPAMENTO DE PROTE\u00c7\u00c3O INDIVIDUAL (EPI)<br \/>\nN\u00e3o se aplica<br \/>\nPROCEDIMENTO\/ATIVIDADE n\u00ba 1 (Digital)<br \/>\nATIVIDADE PROPOSTA:<br \/>\nSaber realizar o posicionamento do paciente e identificar imagens digitais de qualidade<br \/>\nPROCEDIMENTOS PARA A REALIZA\u00c7\u00c3O DA ATIVIDADE:<br \/>\nPara o bom profissional da radiologia, a qualidade das imagens radiogr\u00e1ficas \u00e9 fundamental. \u00c9, sem<br \/>\nd\u00favida, um grande descuido, por parte de qualquer pessoa, utilizar os comandos de um aparelho<br \/>\nde raio X; O uso das t\u00e9cnicas radiol\u00f3gicas sem um conhecimento adequado, poder\u00e1 trazer efeitos<br \/>\ntr\u00e1gicos. Al\u00e9m disso, a boa qualidade da imagem radiogr\u00e1fica ser\u00e1 comprometida. Toda essa<br \/>\nintrodu\u00e7\u00e3o \u00e9 importante para compreendermos que somente atrav\u00e9s do conhecimento das<br \/>\naplica\u00e7\u00f5es das t\u00e9cnicas radiol\u00f3gicas, conseguiremos a qualidade de imagem desejada.<br \/>\nPara nossas primeiras atividades, voc\u00ea vai analisar as imagens, atrav\u00e9s dos links abaixo e<br \/>\nresponder as quest\u00f5es.<br \/>\nhttps:\/\/normalbones.com\/app#body\/1\/age\/5\/sex\/female<br \/>\nhttps:\/\/normalbones.com\/app#body\/4\/age\/15\/sex\/female<br \/>\n\u2022 Ao acessar o link, voc\u00ea vai abrir essa p\u00e1gina; para aumentar a imagem, basta clicar duas vezes<br \/>\nem cima dela.<br \/>\nP\u00fablico4<br \/>\n\u2022 Voc\u00ea pode alterar as imagens radiol\u00f3gicas, como forma de conhecimento.<br \/>\n\u2022 Basta clicar no pontinho vermelho, escolhendo a estrutura do corpo;<br \/>\n\u2022 Agora voc\u00ea vai clicar escolhendo o sexo e idade do paciente;<br \/>\nAgora vamos \u00e0 atividade. Abra os links acima e visualize as imagens, aumentando-as.<br \/>\n1. Com um colega de turma, voc\u00ea vai simular o posicionamento referente as imagens que est\u00e3o<br \/>\ndispon\u00edveis no link 1 e no link 2.<br \/>\n2. As imagens digitais visualizadas est\u00e3o corretas? Podemos melhorar algo referente ao<br \/>\nposicionamento? E referente a qualidade da imagem digital?<br \/>\nCHECKLIST:<br \/>\n\u2022 Voc\u00ea foi capaz de posicionar o paciente de forma correta?<br \/>\n\u2022 Conseguiu entender o objetivo do estudo radiol\u00f3gico para avali\u00e7\u00e3o da qualidade das imagens?<br \/>\nPROCEDIMENTO\/ATIVIDADE n\u00ba 2 (Digital)<br \/>\nATIVIDADE PROPOSTA:<br \/>\nConhecer uma imagem de raio x de excelente qualidade e identificar os erros de aquisi\u00e7\u00e3o de<br \/>\numa imagem de qualidade ruim<br \/>\nPROCEDIMENTOS PARA A REALIZA\u00c7\u00c3O DA ATIVIDADE:<br \/>\nNesta atividade voc\u00ea deve analisar as imagens abaixo e responder as perguntas:<br \/>\nP\u00fablico5<br \/>\n1. Nessa sequ\u00eancia de raio x o que podemos observar referente a qualidade das imagens e<br \/>\nt\u00e9cnicas utilizadas na aquisi\u00e7\u00e3o delas?<br \/>\nP\u00fablico6<br \/>\n2. Nesta radiografia de t\u00f3rax, quais estruturas podemos observar?<br \/>\n3. O que voc\u00ea mudaria para ter uma imagem mais n\u00edtida e porqu\u00ea?<br \/>\nP\u00fablico7<br \/>\n4. O que podemos observar de diferente nessas radiografias e como chamamos?<br \/>\n5. O que devemos fazer para evitar essa situa\u00e7\u00e3o?<br \/>\nCHECKLIST:<br \/>\n\u2022 Voc\u00ea foi capaz de posicionar o paciente de forma correta?<br \/>\n\u2022 Conseguiu entender o objetivo do estudo radiol\u00f3gico para avali\u00e7\u00e3o da qualidade das imagens?<br \/>\n\u2022 Conseguiu compreender a import\u00e2ncia de um bom posicionamento e uma boa qualidade das<br \/>\nimagens para um diagn\u00f3stico correto?<br \/>\nRESULTADOS<br \/>\nResultados de Aprendizagem:<br \/>\n\u00c9 esperado que o aluno ao t\u00e9rmino da pr\u00e1tica, saiba posicionar corretamente o paciente, baseado<br \/>\nno estudo e compreens\u00e3o do mesmo; al\u00e9m de realizar radiografias com qualidade na imagem, afim<br \/>\nde colaborar de forma eficaz com o diagn\u00f3stico correto.<\/p>\n<div class=\"elementor-toggle-item\">\n<h4 id=\"elementor-tab-title-1941\" class=\"elementor-tab-title elementor-active\" tabindex=\"0\" role=\"tab\" data-tab=\"1\" aria-controls=\"elementor-tab-content-1941\" aria-expanded=\"true\" aria-selected=\"true\">Como funciona?<\/h4>\n<div id=\"elementor-tab-content-1941\" class=\"elementor-tab-content elementor-clearfix elementor-active\" role=\"tabpanel\" data-tab=\"1\" aria-labelledby=\"elementor-tab-title-1941\">\n<p>Elaboramos os portf\u00f3lios, j\u00e1 deixamos prontos, nas normas da ABNT e conforme os requisitos da universidade. F\u00e1cil assim! O MELHOR \u00c9 QUE VOC\u00ca COMPRA E J\u00c1 BAIXA NA HORA O SEU ARQUIVO EM WORD! Sabemos que conciliar trabalho, fam\u00edlia, vida profissional e estudos \u00e9 dif\u00edcil hoje em dia, por isso, estamos aqui para ajudar voc\u00ea. Conte com nossa qualidade, experi\u00eancia e profissionalismo adquirindo seu portf\u00f3lio conosco. GARANTIMOS SEU CONCEITO!<\/p>\n<h4>Como se realizam os envios?<\/h4>\n<\/div>\n<\/div>\n<div class=\"elementor-toggle-item\">\n<div id=\"elementor-tab-content-1942\" class=\"elementor-tab-content elementor-clearfix elementor-active\" role=\"tabpanel\" data-tab=\"2\" aria-labelledby=\"elementor-tab-title-1942\">O seu trabalho \u00e9 disponibilizado pronto, respondido e nas normas j\u00e1 na mesma hora aqui em nosso site na sua \u00e1rea de downloads e tamb\u00e9m no seu e-mail.<\/div>\n<\/div>\n<div class=\"elementor-toggle-item\">\n<div id=\"elementor-tab-content-1943\" class=\"elementor-tab-content elementor-clearfix elementor-active\" role=\"tabpanel\" data-tab=\"3\" aria-labelledby=\"elementor-tab-title-1943\">\n<h4>Em quanto tempo recebo o portf\u00f3lio?<\/h4>\n<\/div>\n<\/div>\n<div class=\"elementor-toggle-item\">\n<div id=\"elementor-tab-content-1944\" class=\"elementor-tab-content elementor-clearfix elementor-active\" role=\"tabpanel\" data-tab=\"4\" aria-labelledby=\"elementor-tab-title-1944\">\n<p>Os envios s\u00e3o imediatos. Ap\u00f3s sua compra, o trabalho j\u00e1 \u00e9 disponibilizado instantaneamente aqui em nosso site e no seu e-mail.<\/p>\n<h4>E se o portf\u00f3lio que comprei precisar de corre\u00e7\u00e3o?<\/h4>\n<\/div>\n<\/div>\n<div class=\"elementor-toggle-item\">\n<div id=\"elementor-tab-content-1945\" class=\"elementor-tab-content elementor-clearfix elementor-active\" role=\"tabpanel\" data-tab=\"5\" aria-labelledby=\"elementor-tab-title-1945\">\n<p>Caso haja alguma solicita\u00e7\u00e3o de corre\u00e7\u00e3o\/altera\u00e7\u00e3o por parte do tutor, basta entrar em contato conosco pelo\u00a0WhatsApp\u00a0que provid\u00eanciaremos sem custo algum.<\/p>\n<h4>Qual o formato do arquivo?<\/h4>\n<\/div>\n<\/div>\n<div class=\"elementor-toggle-item\">\n<div id=\"elementor-tab-content-1946\" class=\"elementor-tab-content elementor-clearfix elementor-active\" role=\"tabpanel\" data-tab=\"6\" aria-labelledby=\"elementor-tab-title-1946\">\n<p>Os arquivos s\u00e3o enviados em formato Word e s\u00e3o edit\u00e1veis.<\/p>\n<h4>Caso eu tiver alguma d\u00favida, terei suporte no p\u00f3s venda?<\/h4>\n<\/div>\n<\/div>\n<div class=\"elementor-toggle-item\">\n<div id=\"elementor-tab-content-1948\" class=\"elementor-tab-content elementor-clearfix elementor-active\" role=\"tabpanel\" data-tab=\"8\" aria-labelledby=\"elementor-tab-title-1948\">\n<p>Sim, com certeza. Basta clicar no \u00edcone do WhatsApp no cantinho da tela. Ser\u00e1 um prazer atend\u00ea-lo(a).<\/p>\n<div class=\"elementor-toggle-item\">\n<div id=\"elementor-tab-content-1948\" class=\"elementor-tab-content elementor-clearfix elementor-active\" role=\"tabpanel\" data-tab=\"8\" aria-labelledby=\"elementor-tab-title-1948\">\n<h4>Quais os seus canais de contato?<\/h4>\n<\/div>\n<\/div>\n<div class=\"elementor-toggle-item\">\n<div id=\"elementor-tab-content-1949\" class=\"elementor-tab-content elementor-clearfix elementor-active\" role=\"tabpanel\" data-tab=\"9\" aria-labelledby=\"elementor-tab-title-1949\">\n<p>Whatsapp: 53 984751621 \u2013 Clicar no canto da tela ou ESCANEIE O QRCODE ABAIXO<\/p>\n<h4><img decoding=\"async\" class=\"alignnone wp-image-13699 jetpack-lazy-image jetpack-lazy-image--handled smush-detected-img smush-image-1 smush-image-2\" src=\"https:\/\/i0.wp.com\/portifolioos-prontos.com\/wp-content\/uploads\/2023\/02\/whatsapp-business-projeto-de-extensao-300x300.jpeg?resize=144%2C144\" sizes=\"(max-width: 144px) 100vw, 144px\" srcset=\"https:\/\/i0.wp.com\/portifolioos-prontos.com\/wp-content\/uploads\/2023\/02\/whatsapp-business-projeto-de-extensao.jpeg?resize=300%2C301&amp;ssl=1 300w, https:\/\/i0.wp.com\/portifolioos-prontos.com\/wp-content\/uploads\/2023\/02\/whatsapp-business-projeto-de-extensao.jpeg?resize=150%2C150&amp;ssl=1 150w, https:\/\/i0.wp.com\/portifolioos-prontos.com\/wp-content\/uploads\/2023\/02\/whatsapp-business-projeto-de-extensao.jpeg?resize=370%2C372&amp;ssl=1 370w, https:\/\/i0.wp.com\/portifolioos-prontos.com\/wp-content\/uploads\/2023\/02\/whatsapp-business-projeto-de-extensao.jpeg?resize=100%2C100&amp;ssl=1 100w, https:\/\/i0.wp.com\/portifolioos-prontos.com\/wp-content\/uploads\/2023\/02\/whatsapp-business-projeto-de-extensao.jpeg?w=470&amp;ssl=1 470w\" alt=\"projeto de extens\u00e3o unopar\" width=\"144\" height=\"144\" data-lazy-loaded=\"1\" \/><\/h4>\n<\/div>\n<\/div>\n<\/div>\n<\/div>\n<div class=\"elementor-toggle-item\">\n<div id=\"elementor-tab-content-1949\" class=\"elementor-tab-content elementor-clearfix elementor-active\" role=\"tabpanel\" data-tab=\"9\" aria-labelledby=\"elementor-tab-title-1949\">\n<p>E-mail:portifoliosp@gmail.com<\/p>\n<div id=\"attachment_143\" class=\"wp-caption alignnone\">\n<div id=\"attachment_143\" class=\"wp-caption alignnone\" style=\"width: 77px;\">\n<p><a href=\"https:\/\/portifolioos-prontos.com\/\"><img decoding=\"async\" class=\"wp-image-143 jetpack-lazy-image jetpack-lazy-image--handled smush-detected-img smush-image-11 smush-image-2 smush-image-10 smush-image-13 smush-image-3\" title=\"portfolio pronto unopar\" src=\"https:\/\/i0.wp.com\/portifolioos-prontos.com\/wp-content\/uploads\/2022\/04\/conceitomaximo.png?resize=161%2C46\" alt=\"PORTFOLIO PRONTO UNOPAR ANHANGUERA\" width=\"77\" height=\"22\" aria-describedby=\"caption-attachment-143\" data-lazy-loaded=\"1\" \/><\/a><\/p>\n<p id=\"caption-attachment-143\" class=\"wp-caption-text\">Portf\u00f3lio em Word, respondido, completo e j\u00e1 nas normas<\/p>\n<\/div>\n<\/div>\n<\/div>\n<\/div>\n","protected":false},"excerpt":{"rendered":"<div class=\"product-short-description\">\n<h5><strong>Pague pelo PIX ou cart\u00e3o e fa\u00e7a o download agora mesmo.<\/strong><\/h5>\n<\/div>\n<div class=\"sticky-add-to-cart-wrapper\">\n<div class=\"sticky-add-to-cart\">\n<div class=\"quantity buttons_added form-flat\"><img decoding=\"async\" class=\"alignnone wp-image-761 smush-detected-img smush-image-2 smush-image-1 smush-image-3 smush-image-4\" src=\"https:\/\/portifolioos-prontos.com\/wp-content\/uploads\/2022\/04\/PIX-300x107.webp\" alt=\"\" width=\"78\" height=\"28\" \/>\u00a0\u00a0<img loading=\"lazy\" decoding=\"async\" class=\"smush-detected-img smush-image-3 smush-image-2 smush-image-4 smush-image-5\" src=\"https:\/\/d26lpennugtm8s.cloudfront.net\/assets\/common\/img\/logos\/payment\/visa@2x.png\" width=\"46\" height=\"29\" \/><img loading=\"lazy\" decoding=\"async\" class=\"smush-detected-img smush-image-4 smush-image-3 smush-image-5 smush-image-6\" src=\"https:\/\/d26lpennugtm8s.cloudfront.net\/assets\/common\/img\/logos\/payment\/boleto@2x.png\" width=\"43\" height=\"27\" \/><img loading=\"lazy\" decoding=\"async\" class=\"smush-detected-img smush-image-5 smush-image-4 smush-image-6 smush-image-7\" src=\"https:\/\/d26lpennugtm8s.cloudfront.net\/assets\/common\/img\/logos\/payment\/mastercard@2x.png\" width=\"43\" height=\"27\" \/><img loading=\"lazy\" decoding=\"async\" class=\"smush-detected-img smush-image-6 smush-image-5 smush-image-7 smush-image-8\" src=\"https:\/\/d26lpennugtm8s.cloudfront.net\/assets\/common\/img\/logos\/payment\/amex@2x.png\" width=\"43\" height=\"27\" \/><img loading=\"lazy\" decoding=\"async\" class=\"smush-detected-img smush-image-7 smush-image-6 smush-image-8 smush-image-9\" src=\"https:\/\/d26lpennugtm8s.cloudfront.net\/assets\/common\/img\/logos\/payment\/diners@2x.png\" width=\"46\" height=\"29\" \/><img loading=\"lazy\" decoding=\"async\" class=\"smush-detected-img smush-image-8 smush-image-7 smush-image-9 smush-image-10\" src=\"https:\/\/d26lpennugtm8s.cloudfront.net\/assets\/common\/img\/logos\/payment\/br\/elo@2x.png\" width=\"45\" height=\"28\" \/><img loading=\"lazy\" decoding=\"async\" class=\"smush-detected-img smush-image-9 smush-image-8 smush-image-10 smush-image-11\" src=\"https:\/\/d26lpennugtm8s.cloudfront.net\/assets\/common\/img\/logos\/payment\/br\/hipercard@2x.png\" width=\"44\" height=\"28\" \/><img loading=\"lazy\" decoding=\"async\" class=\"smush-detected-img smush-image-10 smush-image-9 smush-image-11 smush-image-12\" src=\"https:\/\/d26lpennugtm8s.cloudfront.net\/assets\/common\/img\/logos\/payment\/mercadopago@2x.png\" width=\"45\" height=\"28\" \/><\/div>\n<\/div>\n<\/div>\n","protected":false},"featured_media":28346,"template":"","meta":{"_seopress_robots_primary_cat":"none","_seopress_titles_title":"%%post_title%% %%sitetitle%%","_seopress_titles_desc":"%%post_content%%","_seopress_robots_index":""},"product_cat":[67,15],"product_tag":[],"class_list":{"0":"post-28343","1":"product","2":"type-product","3":"status-publish","4":"has-post-thumbnail","6":"product_cat-radiologia","7":"product_cat-uncategorized","9":"first","10":"instock","11":"downloadable","12":"virtual","13":"purchasable","14":"product-type-simple","15":"col-xs-6 col-sm-4","16":"col-mf-5","17":"un-5-cols"},"jetpack_sharing_enabled":true,"_links":{"self":[{"href":"https:\/\/portifolioos-prontos.com\/index.php\/wp-json\/wp\/v2\/product\/28343","targetHints":{"allow":["GET"]}}],"collection":[{"href":"https:\/\/portifolioos-prontos.com\/index.php\/wp-json\/wp\/v2\/product"}],"about":[{"href":"https:\/\/portifolioos-prontos.com\/index.php\/wp-json\/wp\/v2\/types\/product"}],"version-history":[{"count":0,"href":"https:\/\/portifolioos-prontos.com\/index.php\/wp-json\/wp\/v2\/product\/28343\/revisions"}],"wp:featuredmedia":[{"embeddable":true,"href":"https:\/\/portifolioos-prontos.com\/index.php\/wp-json\/wp\/v2\/media\/28346"}],"wp:attachment":[{"href":"https:\/\/portifolioos-prontos.com\/index.php\/wp-json\/wp\/v2\/media?parent=28343"}],"wp:term":[{"taxonomy":"product_cat","embeddable":true,"href":"https:\/\/portifolioos-prontos.com\/index.php\/wp-json\/wp\/v2\/product_cat?post=28343"},{"taxonomy":"product_tag","embeddable":true,"href":"https:\/\/portifolioos-prontos.com\/index.php\/wp-json\/wp\/v2\/product_tag?post=28343"}],"curies":[{"name":"wp","href":"https:\/\/api.w.org\/{rel}","templated":true}]}}