{"id":28409,"date":"2024-07-23T22:29:49","date_gmt":"2024-07-24T01:29:49","guid":{"rendered":"https:\/\/portifolioos-prontos.com\/?post_type=product&#038;p=28409"},"modified":"2025-08-21T12:35:31","modified_gmt":"2025-08-21T15:35:31","slug":"aula-pratica-redacao-institucional","status":"publish","type":"product","link":"https:\/\/portifolioos-prontos.com\/index.php\/product\/aula-pratica-redacao-institucional\/","title":{"rendered":"Aula Pr\u00e1tica Reda\u00e7\u00e3o Institucional"},"content":{"rendered":"<h4>Aula Pr\u00e1tica Reda\u00e7\u00e3o Institucional<\/h4>\n<p>ROTEIRO DE AULA PR\u00c1TICA<br \/>\nNOME DA DISCIPLINA: REDA\u00c7\u00c3O INSTITUCIONAL<br \/>\nUnidade: 4 \u2013 HOUSE ORGAN<br \/>\nSe\u00e7\u00e3o: 1 &#8211; A reda\u00e7\u00e3o do house organ: defini\u00e7\u00e3o, aspectos e t\u00e9cnicas<br \/>\nOBJETIVOS<br \/>\nA proposta desta atividade pr\u00e1tica est\u00e1 amparada nos seguintes objetivos:<br \/>\n&#8211; refletir sobre o conceito de \u201chouse organ\u201d;<br \/>\n&#8211; selecionar recursos lingu\u00edsticos adequados \u00e0 constru\u00e7\u00e3o de mensagens; e<br \/>\n&#8211; elaborar textos claros, considerando-se o contexto de intera\u00e7\u00e3o.<br \/>\nSOLU\u00c7\u00c3O DIGITAL<br \/>\nComputador com acesso \u00e0 internet e ao ambiente virtual.<br \/>\nPROCEDIMENTO\/ATIVIDADE n\u00ba 1 (Digital)<br \/>\nATIVIDADE PROPOSTA:<br \/>\nElabora\u00e7\u00e3o de um \u201chouse organ\u201d, por escrito, considerando-se as caracter\u00edsticas dessa<br \/>\nferramenta para a comunica\u00e7\u00e3o interna.<br \/>\nPROCEDIMENTOS PARA A REALIZA\u00c7\u00c3O DA ATIVIDADE:<br \/>\n1) Voc\u00ea dever\u00e1 refletir sobre o conceito de \u201chouse organ\u201d, com \u00eanfase na sua \u00e1rea de atua\u00e7\u00e3o.<br \/>\n2) Na sequ\u00eancia, voc\u00ea dever\u00e1 considerar a seguinte situa\u00e7\u00e3o, colocando-se no lugar dos<br \/>\nprofissionais envolvidos:<br \/>\nEm uma f\u00e1brica de embalagens, Leila, psic\u00f3loga e gestora de Recursos Humanos, observa<br \/>\nque Davi, um de seus melhores funcion\u00e1rios, p\u00f3s-pandemia, passou a desenvolver alguns<br \/>\ncomportamentos que evidenciam desconforto, estresse constante e menos produtividade.<br \/>\nIdentifica que os sintomas est\u00e3o relacionados \u00e0 sa\u00fade mental, sendo respons\u00e1vel por grande<br \/>\nparte da perda de produtividade dos profissionais.<br \/>\nPor se preocupar com o tema, resolve pesquisar entre os colaboradores quem mais est\u00e1 na<br \/>\nmesma situa\u00e7\u00e3o que Davi, principalmente, porque se lembrou que a Organiza\u00e7\u00e3o Mundial de<br \/>\nSa\u00fade (OMS) fez um alerta importante sobre a necessidade de as empresas terem como<br \/>\nprioridade a qualidade de vida das suas equipes, implementando programas de sa\u00fade mental.<br \/>\n3<br \/>\nAo identificar que diversos colaboradores est\u00e3o com problemas relacionados \u00e0 sa\u00fade<br \/>\nmental, com o objetivo de contribuir com a comunidade e proporcionar bem-estar cognitivo,<br \/>\ncomportamental e emocional, Leila resolve trabalhar com a tem\u00e1tica no ambiente de trabalho,<br \/>\npara isso organiza um evento com uma palestra e rodas de conversa com a psic\u00f3loga<br \/>\nespecialista na \u00e1rea Vicentina C\u00e2ndido. A ideia \u00e9 dividir a equipe em pequenos grupos e oferecer<br \/>\nrodas de conversa entre aqueles que t\u00eam mais afinidade, trabalham na mesma equipe ou<br \/>\nenfretam os mesmos problemas e dilemas.<br \/>\n3) A partir da situa\u00e7\u00e3o apresentada, voc\u00ea dever\u00e1 redigir um comunicado com o objetivo de<br \/>\ninformar e convidar os colaboradores a participar da palestra sobre \u201cSa\u00fade mental\u201d, a ser<br \/>\npublicado, em formato digital, no \u201chouse organ\u201d da empresa. \u00c9 importante se atentar para os<br \/>\ncrit\u00e9rios de estrutura, de clareza e de corre\u00e7\u00e3o.<br \/>\na) Caracter\u00edsticas do g\u00eanero comunicado:<br \/>\n\u2022 Texto curto, objetivo e de linguagem acess\u00edvel;<br \/>\n\u2022 Estrutura do g\u00eanero:<br \/>\n&#8211; T\u00edtulo: a quem a mensagem se destina;<br \/>\n&#8211; Abertura: motivo do comunicado;<br \/>\n&#8211; Corpo do texto: assunto principal e informa\u00e7\u00f5es gerais;<br \/>\n&#8211; Encerramento: sauda\u00e7\u00f5es e a identifica\u00e7\u00e3o de quem emitiu o comunicado.<br \/>\n4) Ap\u00f3s o processo, voc\u00ea dever\u00e1 postar o material, contendo:<br \/>\na) Introdu\u00e7\u00e3o: Apresenta\u00e7\u00e3o dos objetivos da pr\u00e1tica.<br \/>\nb) Desenvolvimento:<br \/>\n\u2022 Apresenta\u00e7\u00e3o da reflex\u00e3o sobre a import\u00e2ncia da comunica\u00e7\u00e3o para o trabalho de um<br \/>\nsecret\u00e1rio executivo.<br \/>\n\u2022 Inserir o comunicado elaborado.<br \/>\nc) Conclus\u00e3o: Para a finaliza\u00e7\u00e3o do texto, deve ser feita uma retomada do tema com a s\u00edntese<br \/>\nde seu posicionamento em rela\u00e7\u00e3o \u00e0 discuss\u00e3o proposta.<br \/>\nO texto dever\u00e1 ser postado no AVA para avalia\u00e7\u00e3o.<br \/>\nCHECKLIST:<br \/>\nPrincipais etapas para a completude da atividade pr\u00e1tica:<br \/>\n&#8211; Reflex\u00e3o sobre \u201chouse organ\u201d como ferramenta para a comunica\u00e7\u00e3o organizacional.<br \/>\n&#8211; An\u00e1lise do contexto de intera\u00e7\u00e3o.<br \/>\n&#8211; T\u00e9cnicas de produ\u00e7\u00e3o do \u201chouse organ\u201d.<br \/>\n&#8211; Reda\u00e7\u00e3o de comunicados escritos.<br \/>\n4<br \/>\nRESULTADOS<br \/>\nResultados de Aprendizagem:<br \/>\nVoc\u00ea ter\u00e1 conhecimento sobre a import\u00e2ncia do \u201chouse organ\u201d como ferramenta de comunica\u00e7\u00e3o<br \/>\ninterna efetiva para os colaboradores dentro de uma organiza\u00e7\u00e3o.<\/p>\n<div class=\"elementor-toggle-item\">\n<h4 id=\"elementor-tab-title-1941\" class=\"elementor-tab-title elementor-active\" tabindex=\"0\" role=\"tab\" data-tab=\"1\" aria-controls=\"elementor-tab-content-1941\" aria-expanded=\"true\" aria-selected=\"true\">Como funciona?<\/h4>\n<div id=\"elementor-tab-content-1941\" class=\"elementor-tab-content elementor-clearfix elementor-active\" role=\"tabpanel\" data-tab=\"1\" aria-labelledby=\"elementor-tab-title-1941\">\n<p>Elaboramos os portf\u00f3lios, j\u00e1 deixamos prontos, nas normas da ABNT e conforme os requisitos da universidade. F\u00e1cil assim! O MELHOR \u00c9 QUE VOC\u00ca COMPRA E J\u00c1 BAIXA NA HORA O SEU ARQUIVO EM WORD! Sabemos que conciliar trabalho, fam\u00edlia, vida profissional e estudos \u00e9 dif\u00edcil hoje em dia, por isso, estamos aqui para ajudar voc\u00ea. Conte com nossa qualidade, experi\u00eancia e profissionalismo adquirindo seu portf\u00f3lio conosco. GARANTIMOS SEU CONCEITO!<\/p>\n<div class=\"elementor-toggle-item\">\n<p id=\"elementor-tab-title-1941\" class=\"elementor-tab-title elementor-active\" tabindex=\"0\" role=\"tab\" data-tab=\"1\" aria-controls=\"elementor-tab-content-1941\" aria-expanded=\"true\" aria-selected=\"true\"><strong>Como funciona?<\/strong><\/p>\n<p>Elaboramos os portf\u00f3lios, j\u00e1 deixamos prontos, nas normas da ABNT e conforme os requisitos da universidade. F\u00e1cil assim! O MELHOR \u00c9 QUE VOC\u00ca COMPRA E J\u00c1 BAIXA NA HORA O SEU ARQUIVO EM WORD! Sabemos que conciliar trabalho, fam\u00edlia, vida profissional e estudos \u00e9 dif\u00edcil hoje em dia, por isso, estamos aqui para ajudar voc\u00ea. Conte com nossa qualidade, experi\u00eancia e profissionalismo adquirindo seu portf\u00f3lio conosco. GARANTIMOS SEU CONCEITO!<\/p>\n<p><strong>Como se realizam os envios?<\/strong><\/p>\n<\/div>\n<p id=\"elementor-tab-content-1942\" class=\"elementor-tab-content elementor-clearfix elementor-active\" role=\"tabpanel\" data-tab=\"2\" aria-labelledby=\"elementor-tab-title-1942\">O seu trabalho \u00e9 disponibilizado pronto, respondido e nas normas j\u00e1 na mesma hora aqui em nosso site na sua \u00e1rea de downloads e tamb\u00e9m no seu e-mail.<\/p>\n<p><strong>Em quanto tempo recebo o portf\u00f3lio?<\/strong><\/p>\n<p>Os envios s\u00e3o imediatos. Ap\u00f3s sua compra, o trabalho j\u00e1 \u00e9 disponibilizado instantaneamente aqui em nosso site e no seu e-mail.<\/p>\n<p><strong>E se o portf\u00f3lio que comprei precisar de corre\u00e7\u00e3o?<\/strong><\/p>\n<p>Caso haja alguma solicita\u00e7\u00e3o de corre\u00e7\u00e3o\/altera\u00e7\u00e3o por parte do tutor, basta entrar em contato conosco pelo\u00a0WhatsApp\u00a0que provid\u00eanciaremos sem custo algum.<\/p>\n<p><strong>Qual o formato do arquivo?<\/strong><\/p>\n<p>Os arquivos s\u00e3o enviados em formato Word e s\u00e3o edit\u00e1veis.<\/p>\n<p><strong>Caso eu tiver alguma d\u00favida, terei suporte no p\u00f3s venda?<\/strong><\/p>\n<p>Sim, com certeza. Basta clicar no \u00edcone do WhatsApp no cantinho da tela. Ser\u00e1 um prazer atend\u00ea-lo(a).<\/p>\n<div id=\"elementor-tab-content-1948\" class=\"elementor-tab-content elementor-clearfix elementor-active\" role=\"tabpanel\" data-tab=\"8\" aria-labelledby=\"elementor-tab-title-1948\">\n<p><strong>Quais os seus canais de contato?<\/strong><\/p>\n<\/div>\n<div id=\"elementor-tab-content-1949\" class=\"elementor-tab-content elementor-clearfix elementor-active\" role=\"tabpanel\" data-tab=\"9\" aria-labelledby=\"elementor-tab-title-1949\">\n<p>Whatsapp: 53 984751621 \u2013 Clicar no canto da tela ou ESCANEIE O QRCODE ABAIXO<\/p>\n<h4><img decoding=\"async\" class=\"alignnone wp-image-13699 jetpack-lazy-image jetpack-lazy-image--handled\" src=\"https:\/\/i0.wp.com\/portifolioos-prontos.com\/wp-content\/uploads\/2023\/02\/whatsapp-business-projeto-de-extensao-300x300.jpeg?resize=144%2C144\" sizes=\"(max-width: 144px) 100vw, 144px\" srcset=\"https:\/\/i0.wp.com\/portifolioos-prontos.com\/wp-content\/uploads\/2023\/02\/whatsapp-business-projeto-de-extensao.jpeg?resize=300%2C301&amp;ssl=1 300w, https:\/\/i0.wp.com\/portifolioos-prontos.com\/wp-content\/uploads\/2023\/02\/whatsapp-business-projeto-de-extensao.jpeg?resize=150%2C150&amp;ssl=1 150w, https:\/\/i0.wp.com\/portifolioos-prontos.com\/wp-content\/uploads\/2023\/02\/whatsapp-business-projeto-de-extensao.jpeg?resize=370%2C372&amp;ssl=1 370w, https:\/\/i0.wp.com\/portifolioos-prontos.com\/wp-content\/uploads\/2023\/02\/whatsapp-business-projeto-de-extensao.jpeg?resize=100%2C100&amp;ssl=1 100w, https:\/\/i0.wp.com\/portifolioos-prontos.com\/wp-content\/uploads\/2023\/02\/whatsapp-business-projeto-de-extensao.jpeg?w=470&amp;ssl=1 470w\" alt=\"projeto de extens\u00e3o unopar\" width=\"144\" height=\"144\" data-lazy-loaded=\"1\" \/><\/h4>\n<\/div>\n<div class=\"elementor-toggle-item\">\n<div id=\"elementor-tab-content-1949\" class=\"elementor-tab-content elementor-clearfix elementor-active\" role=\"tabpanel\" data-tab=\"9\" aria-labelledby=\"elementor-tab-title-1949\">\n<p>E-mail:portifoliosp@gmail.com<\/p>\n<div id=\"attachment_143\" class=\"wp-caption alignnone\">\n<div id=\"attachment_143\" class=\"wp-caption alignnone\">\n<p id=\"caption-attachment-143\" class=\"wp-caption-text\"><a href=\"http:\/\/portfolio-pronto.com\/\">Portf\u00f3lio<\/a>\u00a0<a href=\"https:\/\/portifolioos-prontos.com\/\">pronto Unopar Anhanguera<\/a>\u00a0em Word, respondido, completo e j\u00e1 nas normas.<\/p>\n<\/div>\n<\/div>\n<\/div>\n<\/div>\n<\/div>\n<\/div>\n","protected":false},"excerpt":{"rendered":"<div class=\"product-short-description\">\n<div class=\"product-short-description\">\n<p><strong>Pague pelo PIX ou cart\u00e3o e fa\u00e7a o download agora mesmo.<\/strong><\/p>\n<\/div>\n<div class=\"sticky-add-to-cart-wrapper\">\n<div class=\"sticky-add-to-cart\">\n<p class=\"quantity buttons_added form-flat\"><img decoding=\"async\" class=\"lazyloaded smush-image-5 smush-image-3 smush-image-4 smush-detected-img smush-image-bigger-3\" src=\"https:\/\/d26lpennugtm8s.cloudfront.net\/assets\/common\/img\/logos\/payment\/visa@2x.png\" width=\"46\" height=\"29\" data-src=\"https:\/\/d26lpennugtm8s.cloudfront.net\/assets\/common\/img\/logos\/payment\/visa@2x.png\" \/><img decoding=\"async\" class=\"lazyloaded smush-image-6 smush-image-4 smush-image-5 smush-detected-img smush-image-bigger-4\" src=\"https:\/\/d26lpennugtm8s.cloudfront.net\/assets\/common\/img\/logos\/payment\/boleto@2x.png\" width=\"43\" height=\"27\" data-src=\"https:\/\/d26lpennugtm8s.cloudfront.net\/assets\/common\/img\/logos\/payment\/boleto@2x.png\" \/><img loading=\"lazy\" decoding=\"async\" class=\"lazyloaded smush-image-7 smush-image-5 smush-image-6 smush-detected-img smush-image-bigger-5\" src=\"https:\/\/d26lpennugtm8s.cloudfront.net\/assets\/common\/img\/logos\/payment\/mastercard@2x.png\" width=\"43\" height=\"27\" data-src=\"https:\/\/d26lpennugtm8s.cloudfront.net\/assets\/common\/img\/logos\/payment\/mastercard@2x.png\" \/><img loading=\"lazy\" decoding=\"async\" class=\"lazyloaded smush-image-8 smush-image-6 smush-image-7 smush-detected-img smush-image-bigger-6\" src=\"https:\/\/d26lpennugtm8s.cloudfront.net\/assets\/common\/img\/logos\/payment\/amex@2x.png\" width=\"43\" height=\"27\" data-src=\"https:\/\/d26lpennugtm8s.cloudfront.net\/assets\/common\/img\/logos\/payment\/amex@2x.png\" \/><img loading=\"lazy\" decoding=\"async\" class=\"lazyloaded smush-image-9 smush-image-7 smush-image-8 smush-detected-img smush-image-bigger-7\" src=\"https:\/\/d26lpennugtm8s.cloudfront.net\/assets\/common\/img\/logos\/payment\/diners@2x.png\" width=\"46\" height=\"29\" data-src=\"https:\/\/d26lpennugtm8s.cloudfront.net\/assets\/common\/img\/logos\/payment\/diners@2x.png\" \/><img loading=\"lazy\" decoding=\"async\" class=\"lazyloaded smush-image-10 smush-image-8 smush-image-9 alignnone smush-detected-img smush-image-bigger-8\" src=\"https:\/\/d26lpennugtm8s.cloudfront.net\/assets\/common\/img\/logos\/payment\/br\/elo@2x.png\" alt=\"portf\u00f3lio unopar anhanguera\" width=\"45\" height=\"28\" data-src=\"https:\/\/d26lpennugtm8s.cloudfront.net\/assets\/common\/img\/logos\/payment\/br\/elo@2x.png\" \/><img loading=\"lazy\" decoding=\"async\" class=\"lazyloaded smush-image-11 smush-image-9 smush-image-10 alignnone smush-detected-img smush-image-bigger-9\" src=\"https:\/\/d26lpennugtm8s.cloudfront.net\/assets\/common\/img\/logos\/payment\/br\/hipercard@2x.png\" alt=\"portf\u00f3lio unopar anhanguera\" width=\"44\" height=\"28\" data-src=\"https:\/\/d26lpennugtm8s.cloudfront.net\/assets\/common\/img\/logos\/payment\/br\/hipercard@2x.png\" \/><img loading=\"lazy\" decoding=\"async\" class=\"lazyloaded smush-image-12 smush-image-10 smush-image-11 alignnone smush-detected-img smush-image-bigger-10\" src=\"https:\/\/d26lpennugtm8s.cloudfront.net\/assets\/common\/img\/logos\/payment\/mercadopago@2x.png\" alt=\"portf\u00f3lio unopar anhanguera\" width=\"45\" height=\"28\" data-src=\"https:\/\/d26lpennugtm8s.cloudfront.net\/assets\/common\/img\/logos\/payment\/mercadopago@2x.png\" \/><img loading=\"lazy\" decoding=\"async\" class=\"alignnone lazyloaded smush-detected-img smush-image-bigger-11\" src=\"https:\/\/futurium.com.br\/wp-content\/uploads\/2021\/06\/logo-pix-icone-512.png\" alt=\"portfolio pronto\" width=\"30\" height=\"30\" data-src=\"https:\/\/futurium.com.br\/wp-content\/uploads\/2021\/06\/logo-pix-icone-512.png\" \/><\/p>\n<\/div>\n<\/div>\n<\/div>\n","protected":false},"featured_media":28412,"template":"","meta":{"_seopress_robots_primary_cat":"none","_seopress_titles_title":"%%post_title%% %%sitetitle%%","_seopress_titles_desc":"%%post_content%%","_seopress_robots_index":""},"product_cat":[77,15],"product_tag":[],"class_list":{"0":"post-28409","1":"product","2":"type-product","3":"status-publish","4":"has-post-thumbnail","6":"product_cat-secretariado","7":"product_cat-uncategorized","9":"first","10":"instock","11":"downloadable","12":"virtual","13":"purchasable","14":"product-type-simple","15":"col-xs-6 col-sm-4","16":"col-mf-5","17":"un-5-cols"},"jetpack_sharing_enabled":true,"_links":{"self":[{"href":"https:\/\/portifolioos-prontos.com\/index.php\/wp-json\/wp\/v2\/product\/28409","targetHints":{"allow":["GET"]}}],"collection":[{"href":"https:\/\/portifolioos-prontos.com\/index.php\/wp-json\/wp\/v2\/product"}],"about":[{"href":"https:\/\/portifolioos-prontos.com\/index.php\/wp-json\/wp\/v2\/types\/product"}],"version-history":[{"count":0,"href":"https:\/\/portifolioos-prontos.com\/index.php\/wp-json\/wp\/v2\/product\/28409\/revisions"}],"wp:featuredmedia":[{"embeddable":true,"href":"https:\/\/portifolioos-prontos.com\/index.php\/wp-json\/wp\/v2\/media\/28412"}],"wp:attachment":[{"href":"https:\/\/portifolioos-prontos.com\/index.php\/wp-json\/wp\/v2\/media?parent=28409"}],"wp:term":[{"taxonomy":"product_cat","embeddable":true,"href":"https:\/\/portifolioos-prontos.com\/index.php\/wp-json\/wp\/v2\/product_cat?post=28409"},{"taxonomy":"product_tag","embeddable":true,"href":"https:\/\/portifolioos-prontos.com\/index.php\/wp-json\/wp\/v2\/product_tag?post=28409"}],"curies":[{"name":"wp","href":"https:\/\/api.w.org\/{rel}","templated":true}]}}