{"id":28428,"date":"2024-07-25T22:03:41","date_gmt":"2024-07-26T01:03:41","guid":{"rendered":"https:\/\/portifolioos-prontos.com\/?post_type=product&#038;p=28428"},"modified":"2025-08-03T17:30:01","modified_gmt":"2025-08-03T20:30:01","slug":"projeto-integrado-inovacao-podologia-as-doencas-podologicas-e-a-relacao-com-a-saude-e-qualidade-de-vida","status":"publish","type":"product","link":"https:\/\/portifolioos-prontos.com\/index.php\/product\/projeto-integrado-inovacao-podologia-as-doencas-podologicas-e-a-relacao-com-a-saude-e-qualidade-de-vida\/","title":{"rendered":"Projeto Integrado Inova\u00e7\u00e3o Podologia &#8211;  As doen\u00e7as podol\u00f3gicas e a rela\u00e7\u00e3o com a sa\u00fade e qualidade de vida"},"content":{"rendered":"<h4>PROJETO INTEGRADO INOVA\u00c7\u00c3O<\/h4>\n<h4>CURSO: Superior de Tecnologia em Podologia<\/h4>\n<p>A proposta do Projeto Integrador ter\u00e1 como tema norteador: As doen\u00e7as podol\u00f3gicas e a<br \/>\nrela\u00e7\u00e3o com a sa\u00fade e qualidade de vida.<br \/>\nCONTEXTUALIZA\u00c7\u00c3O<br \/>\nA sa\u00fade dos p\u00e9s<br \/>\nA sa\u00fade dos p\u00e9s e das unhas \u00e9 frequentemente subestimada no contexto geral do bem-estar, mas ela desempenha<br \/>\num papel fundamental na qualidade de vida de um indiv\u00edduo. Os p\u00e9s s\u00e3o a base do corpo humano, respons\u00e1veis<br \/>\npelo suporte e mobilidade. Assim, qualquer desconforto ou doen\u00e7a nessa \u00e1rea pode afetar significativamente o<br \/>\ndesempenho di\u00e1rio e o estado de \u00e2nimo geral.<br \/>\nO cuidado adequado com os p\u00e9s e as unhas n\u00e3o se limita apenas \u00e0 est\u00e9tica; trata-se de uma quest\u00e3o de sa\u00fade que<br \/>\npode prevenir uma s\u00e9rie de problemas. Infec\u00e7\u00f5es, dores cr\u00f4nicas, problemas de postura e dificuldades de<br \/>\nP\u00fablico<br \/>\nlocomo\u00e7\u00e3o podem ser evitados com pr\u00e1ticas de higiene e cuidado regulares. As unhas dos p\u00e9s, por exemplo, quando<br \/>\nn\u00e3o cortadas corretamente, podem encravar, causando dor e poss\u00edveis infec\u00e7\u00f5es. A escolha de cal\u00e7ados adequados<br \/>\ntamb\u00e9m \u00e9 crucial; sapatos mal ajustados podem causar calosidades, bolhas e deforma\u00e7\u00f5es \u00f3sseas como joanetes.<br \/>\nDoen\u00e7as mais graves como diabetes e problemas circulat\u00f3rios podem manifestar seus primeiros sintomas nos p\u00e9s.<br \/>\nNestes casos, a colora\u00e7\u00e3o das unhas e a temperatura dos p\u00e9s podem indicar complica\u00e7\u00f5es que requerem aten\u00e7\u00e3o<br \/>\nm\u00e9dica imediata. Portanto, a observa\u00e7\u00e3o regular e o cuidado com os p\u00e9s s\u00e3o vitais, especialmente para pessoas<br \/>\ncom condi\u00e7\u00f5es de sa\u00fade que afetam a circula\u00e7\u00e3o sangu\u00ednea e a sensibilidade perif\u00e9rica.<br \/>\nAl\u00e9m disso, a sa\u00fade dos p\u00e9s influencia diretamente a capacidade de exerc\u00edcio e atividade f\u00edsica, aspectos essenciais<br \/>\npara a manuten\u00e7\u00e3o da sa\u00fade geral. Uma pessoa com p\u00e9s saud\u00e1veis \u00e9 mais capaz de engajar-se em atividades que<br \/>\nbeneficiam o cora\u00e7\u00e3o e o sistema cardiovascular, al\u00e9m de ajudar no controle do peso, reduzir o risco de doen\u00e7as<br \/>\ncr\u00f4nicas e promover o bem-estar mental atrav\u00e9s da libera\u00e7\u00e3o de endorfinas durante o exerc\u00edcio f\u00edsico.<br \/>\nCARVALHO, Tallyta Castro et al. Estratifica\u00e7\u00e3o do risco para ocorr\u00eancia do p\u00e9 diab\u00e9tico: associa\u00e7\u00e3o entre fatores<br \/>\nde risco e altera\u00e7\u00f5es cl\u00ednicas. Sa\u00fade e Pesquisa, v. 14, n. Supl. 1), p. 1-17, 2021.<br \/>\nLIRA, Jefferson Abra\u00e3o Caetano; NOGUEIRA, L\u00eddya Tolstenko; OLIVEIRA, Bianca Maria Aguiar de; et al. Fatores<br \/>\nassociados ao risco de p\u00e9 diab\u00e9tico empessoas com diabetes mellitus na Aten\u00e7\u00e3o Prim\u00e1ria. Revista da<br \/>\nEscola de Enfermagem da USP, v. 55, 2021.<br \/>\nAgora \u00e9 com voc\u00ea!!<br \/>\nDesenvolver um projeto que integre os conhecimentos de Instrumenta\u00e7\u00e3o em Podologia,<br \/>\nPodopatolgias, Farmacologia e Cosmetologia, Eletrotermofototerapia e Gest\u00e3o de Pessoas promovendo<br \/>\numa vis\u00e3o integrada nos cuidados com a sa\u00fade dos p\u00e9s.<br \/>\nPASSO 1:<br \/>\nLeia o artigo dispon\u00edvel no link : https:\/\/revista.institutoparajas.org\/index.php\/parajas\/article\/view\/111. Do<br \/>\nponto de vista hist\u00f3rico, a podologia experimentou uma hist\u00f3ria bastante ramificada, o<br \/>\nque demonstra a profus\u00e3o de associa\u00e7\u00f5es de pod\u00f3logos no territ\u00f3rio. No Brasil, \u201ca atividade de<br \/>\nt\u00e9cnico de Podologia est\u00e1 prevista, desde 2002, no C\u00f3digo Brasileiro de Ocupa\u00e7\u00f5es \u2013 CBO, sob o n\u00ba<br \/>\n3221-10 [&#8230;]\u201d (DONATELLI, 2018, s\/p). U. Ap\u00f3s a leitura responda as quest\u00f5es :<br \/>\n1- No que se caracteriza o Cat\u00e1lago Brasileiro de Ocupa\u00e7\u00f5es?<br \/>\n2- Quais s\u00e3o as \u00e1rea de atua\u00e7\u00e3o de Podologia?<br \/>\n3- Dentro das \u00e1reas citadas na pergunta anteiror, escolha uma podopatologia e elabore um folheto<br \/>\ninformativo que deve ser copiado e colocado no seu arquivo final elencando os cuidados e a preven\u00e7\u00e3o da<br \/>\nP\u00fablico<br \/>\npodopatologia.<br \/>\nPASSO 2:<br \/>\nAgora voc\u00ea vai ler a situa\u00e7\u00e3o problema apresentada, e ir\u00e1 responder as perguntas de acordo com os<br \/>\nconhecimentos constru\u00eddos ao longo da disciplina.<br \/>\nJo\u00e3o filho de dona Maria \u00e9 uma senhora de 70 anos, ao visitar sua m\u00e3e Maria, percebeu que estava<br \/>\ncom o andar diferente, e ao questionar Maria sobre seu andar a mesma, relatou que seu andar \u00e9<br \/>\ndevido as unhas do seu p\u00e9 que estavam esfareladas e ao uso de cal\u00e7ado fechado, as unhas fr\u00e1geis<br \/>\nficam em contato direto com o cal\u00e7ado o que interferia no seu caminhar.<br \/>\nJo\u00e3o ao ver o caso do seu m\u00e3e procurou ajuda de um profissional pod\u00f3logo para ver o que poderia ser<br \/>\nfeito para ajudar seu pai, ao chegar no pod\u00f3logo durante a anamnese Jo\u00e3o contou que seu m\u00e3e \u00e9<br \/>\ndiab\u00e9tica.<br \/>\nO pod\u00f3logo ent\u00e3o ao analisar os p\u00e9s de Maria, constatou que ele apresentava onicomicose, e explicou<br \/>\nos tratamentos a serem realizados e que Maria deveria ter um cuidado redobrado uma vez que \u00e9<br \/>\ndiab\u00e9tico, al\u00e9m disso o pod\u00f3logo explicou que um dos tratamentos da onicomicose \u00e9 realizado atrav\u00e9s do<br \/>\nuso de medicamentos orais, por\u00e9m para isso apenas o m\u00e9dico poderia prescrever tais antif\u00fangicos e que<br \/>\nele o pod\u00f3logo poderia utilizar tratamentos alternativos como a eletroterapia.<br \/>\nAp\u00f3s a consulta com o pod\u00f3logo, Jo\u00e3o pesquisou no google as medica\u00e7\u00f5es para onicomicose e resolveu<br \/>\ncomprar por conta pr\u00f3pria e ofereceu a sua m\u00e3e.<br \/>\nNo dia do retorno ao pod\u00f3logo, o pod\u00f3logo ao ver dona Maria, percebeu que a cor da sua pele estava<br \/>\namarelada, assim como seus olhos, e ao questiona ela contou que seu filho havia comprad as medica\u00e7\u00f5es<br \/>\npara onicomicose por conta pr\u00f3pria, e ele estava tomando e desde ent\u00e3o apresentou epis\u00f3dios de<br \/>\nv\u00f4mitos, febre e dor abdominal. O pod\u00f3logo imediatamente entro em contato Jo\u00e3o e disse para ele levar<br \/>\nseu m\u00e3e a unidade b\u00e1sica de sa\u00fade (UBS) mais pr\u00f3xima que seu Jos\u00e9 precisava ser avaliado por um m\u00e9dico,<br \/>\npois apresentava quadro de hepatotoxicidade.<br \/>\nDiante desse contexto, convidamos voc\u00ea a refletir sobre quest\u00f5es que envolvem os conte\u00fados do<br \/>\nsemestre no sentido de encontrar ferramentas e subs\u00eddios te\u00f3ricos para superar os desafios impostos<br \/>\npelas mudan\u00e7as que estamos enfrentando. Ap\u00f3s o aporte te\u00f3rico dos materiais did\u00e1ticos e de apoio e das<br \/>\nteleaulas ministradas pelos professores, \u00e9 hora de seguir os passos descritos a seguir e desenvolver sua<br \/>\nprodu\u00e7\u00e3o textual.<br \/>\nEtapa 1<br \/>\nO laser \u00e9 um recurso eletroter\u00e1pico usado com diversas finalidades e que apresenta entre seus efeitos<br \/>\nP\u00fablico<br \/>\no est\u00edmulo da microcircula\u00e7\u00e3o que proporciona o aumento do tecido de granula\u00e7\u00e3o, est\u00edmulo ao sistema<br \/>\nimunol\u00f3gico, com efeito, antinflamat\u00f3rio, est\u00edmulo mit\u00f3tico resultando em efeitos cicatrizantes, efeito<br \/>\nanalg\u00e9sico, promovendo equil\u00edbrio energ\u00e9tico no local da les\u00e3o. Como a laserterapia atua especificamente<br \/>\nno tratamento da onicomicose? Cite os efeitos da t\u00e9cnica no tratamento.<br \/>\nEtapa 2<br \/>\nA onicomicose \u00e9 uma infe\u00e7\u00e3o muito comum, especialmente nos idosos e imunodeprimidos.<br \/>\nApesar de n\u00e3o ser perigosa para a vida, pode gerar grande inc\u00f3modo, devido \u00e0 distor\u00e7\u00e3o das unhas e<br \/>\ndesconforto que pode causar. \u00c9 a doen\u00e7a das unhas mais frequente. O que \u00e9 onicomicose? Como ocorre<br \/>\nsua transmiss\u00e3o?<br \/>\nEtapa 3<br \/>\nO tratamento convencional das onicomicoses s\u00e3o, em geral, muito longos, fazendo com que muitos<br \/>\npacientes desistam no meio do processo. Al\u00e9m disso, os medicamentos de via oral s\u00e3o hepatot\u00f3xicos, ou<br \/>\nseja, causam danos ao f\u00edgado. Justamente por ser longo e contar com medica\u00e7\u00e3o lesiva, n\u00e3o costumo<br \/>\nprescrever esse tipo de tratamento. Diante disso quais outros tratamentos podem utilizados para<br \/>\nonicomicose? Cite cada um deles explicando o mecanismo de a\u00e7\u00e3o dos mesmos.<br \/>\nPASSO 3<br \/>\nDescreva as consequ\u00eancias nas camadas anat\u00f4micas da pele em indiv\u00edduos tabagistas, considerando<br \/>\nfatores anat\u00f4micos e fisiol\u00f3gicos. Explique como o tabagismo influencia a integridade e fun\u00e7\u00e3o da pele,<br \/>\ndestacando as altera\u00e7\u00f5es nas camadas epid\u00e9rmica, d\u00e9rmica e subcut\u00e2nea. Al\u00e9m disso, discuta o<br \/>\nimpacto do tabagismo no envelhecimento cut\u00e2neo e na resposta a ferimentos.<br \/>\nAgora \u00e9 com voc\u00ea!<br \/>\nBons estudos!<br \/>\nRefer\u00eancias:<br \/>\nJUSTINO, C. A. P.; JUSTINO, J. R.; BOMBONATO, A. M. Podologia: patologias da unha. S\u00e3o Paulo: P\u00e1ginas<br \/>\ndo Brasil, 2011.<br \/>\nKAPANDJI, A. I. Fisiologia articular: miembro inferior. 6\u00aaed. Madrid: M\u00e9dica Paname-ricana, 2010. v. 2.<br \/>\nP\u00fablico<br \/>\nPETRI, V. Dermatologia Pr\u00e1tica. Rio de Janeiro: Guanabara Koogan, 2009.<br \/>\nSIM\u00c2O, D; SANTOS, LPF. Podologia. Porto Alegre:SAGAH, 2018.<br \/>\nRUIZ, L. R. B.; CHIACCHIO, N. Di. Manual de conduta nas onicomicoses diagn\u00f3stico e tratamento. In:<br \/>\nSociedade Brasileira de Dermatologia. Manual de Conduta. Rio de Janeiro: Sociedade Brasileira de<br \/>\nDermatologia; 2004. p. 191-201.<\/p>\n<div class=\"elementor-toggle-item\">\n<div class=\"elementor-toggle-item\">\n<p id=\"elementor-tab-title-1941\" class=\"elementor-tab-title elementor-active\" tabindex=\"0\" role=\"tab\" data-tab=\"1\" aria-controls=\"elementor-tab-content-1941\" aria-expanded=\"true\" aria-selected=\"true\"><strong>Como funciona?<\/strong><\/p>\n<p>Elaboramos os portf\u00f3lios, j\u00e1 deixamos prontos, nas normas da ABNT e conforme os requisitos da universidade. F\u00e1cil assim! O MELHOR \u00c9 QUE VOC\u00ca COMPRA E J\u00c1 BAIXA NA HORA O SEU ARQUIVO EM WORD! Sabemos que conciliar trabalho, fam\u00edlia, vida profissional e estudos \u00e9 dif\u00edcil hoje em dia, por isso, estamos aqui para ajudar voc\u00ea. Conte com nossa qualidade, experi\u00eancia e profissionalismo adquirindo seu portf\u00f3lio conosco. GARANTIMOS SEU CONCEITO!<\/p>\n<p><strong>Como se realizam os envios?<\/strong><\/p>\n<\/div>\n<p id=\"elementor-tab-content-1942\" class=\"elementor-tab-content elementor-clearfix elementor-active\" role=\"tabpanel\" data-tab=\"2\" aria-labelledby=\"elementor-tab-title-1942\">O seu trabalho \u00e9 disponibilizado pronto, respondido e nas normas j\u00e1 na mesma hora aqui em nosso site na sua \u00e1rea de downloads e tamb\u00e9m no seu e-mail.<\/p>\n<p><strong>Em quanto tempo recebo o portf\u00f3lio?<\/strong><\/p>\n<p>Os envios s\u00e3o imediatos. Ap\u00f3s sua compra, o trabalho j\u00e1 \u00e9 disponibilizado instantaneamente aqui em nosso site e no seu e-mail.<\/p>\n<p><strong>E se o portf\u00f3lio que comprei precisar de corre\u00e7\u00e3o?<\/strong><\/p>\n<p>Caso haja alguma solicita\u00e7\u00e3o de corre\u00e7\u00e3o\/altera\u00e7\u00e3o por parte do tutor, basta entrar em contato conosco pelo\u00a0WhatsApp\u00a0que provid\u00eanciaremos sem custo algum.<\/p>\n<p><strong>Qual o formato do arquivo?<\/strong><\/p>\n<p>Os arquivos s\u00e3o enviados em formato Word e s\u00e3o edit\u00e1veis.<\/p>\n<p><strong>Caso eu tiver alguma d\u00favida, terei suporte no p\u00f3s venda?<\/strong><\/p>\n<p>Sim, com certeza. Basta clicar no \u00edcone do WhatsApp no cantinho da tela. Ser\u00e1 um prazer atend\u00ea-lo(a).<\/p>\n<div id=\"elementor-tab-content-1948\" class=\"elementor-tab-content elementor-clearfix elementor-active\" role=\"tabpanel\" data-tab=\"8\" aria-labelledby=\"elementor-tab-title-1948\">\n<p><strong>Quais os seus canais de contato?<\/strong><\/p>\n<\/div>\n<div id=\"elementor-tab-content-1949\" class=\"elementor-tab-content elementor-clearfix elementor-active\" role=\"tabpanel\" data-tab=\"9\" aria-labelledby=\"elementor-tab-title-1949\">\n<p>Whatsapp: 53 984751621 \u2013 Clicar no canto da tela ou ESCANEIE O QRCODE ABAIXO<\/p>\n<h4><img decoding=\"async\" class=\"alignnone wp-image-13699 jetpack-lazy-image jetpack-lazy-image--handled\" src=\"https:\/\/i0.wp.com\/portifolioos-prontos.com\/wp-content\/uploads\/2023\/02\/whatsapp-business-projeto-de-extensao-300x300.jpeg?resize=144%2C144\" sizes=\"(max-width: 144px) 100vw, 144px\" srcset=\"https:\/\/i0.wp.com\/portifolioos-prontos.com\/wp-content\/uploads\/2023\/02\/whatsapp-business-projeto-de-extensao.jpeg?resize=300%2C301&amp;ssl=1 300w, https:\/\/i0.wp.com\/portifolioos-prontos.com\/wp-content\/uploads\/2023\/02\/whatsapp-business-projeto-de-extensao.jpeg?resize=150%2C150&amp;ssl=1 150w, https:\/\/i0.wp.com\/portifolioos-prontos.com\/wp-content\/uploads\/2023\/02\/whatsapp-business-projeto-de-extensao.jpeg?resize=370%2C372&amp;ssl=1 370w, https:\/\/i0.wp.com\/portifolioos-prontos.com\/wp-content\/uploads\/2023\/02\/whatsapp-business-projeto-de-extensao.jpeg?resize=100%2C100&amp;ssl=1 100w, https:\/\/i0.wp.com\/portifolioos-prontos.com\/wp-content\/uploads\/2023\/02\/whatsapp-business-projeto-de-extensao.jpeg?w=470&amp;ssl=1 470w\" alt=\"projeto de extens\u00e3o unopar\" width=\"144\" height=\"144\" data-lazy-loaded=\"1\" \/><\/h4>\n<\/div>\n<div class=\"elementor-toggle-item\">\n<div id=\"elementor-tab-content-1949\" class=\"elementor-tab-content elementor-clearfix elementor-active\" role=\"tabpanel\" data-tab=\"9\" aria-labelledby=\"elementor-tab-title-1949\">\n<p>E-mail:portifoliosp@gmail.com<\/p>\n<div id=\"attachment_143\" class=\"wp-caption alignnone\">\n<div id=\"attachment_143\" class=\"wp-caption alignnone\">\n<p id=\"caption-attachment-143\" class=\"wp-caption-text\"><a href=\"http:\/\/portfolio-pronto.com\/\">Portf\u00f3lio<\/a>\u00a0em Word, respondido, completo e j\u00e1 nas normas<\/p>\n<\/div>\n<\/div>\n<\/div>\n<\/div>\n<\/div>\n","protected":false},"excerpt":{"rendered":"<div class=\"product-short-description\">\n<div class=\"product-short-description\">\n<p><strong>Pague pelo PIX ou cart\u00e3o e fa\u00e7a o download agora mesmo.<\/strong><\/p>\n<\/div>\n<div class=\"sticky-add-to-cart-wrapper\">\n<div class=\"sticky-add-to-cart\">\n<p class=\"quantity buttons_added form-flat\"><img decoding=\"async\" class=\"lazyloaded smush-image-5 smush-image-3 smush-image-4 smush-detected-img smush-image-bigger-3\" src=\"https:\/\/d26lpennugtm8s.cloudfront.net\/assets\/common\/img\/logos\/payment\/visa@2x.png\" width=\"46\" height=\"29\" data-src=\"https:\/\/d26lpennugtm8s.cloudfront.net\/assets\/common\/img\/logos\/payment\/visa@2x.png\" \/><img decoding=\"async\" class=\"lazyloaded smush-image-6 smush-image-4 smush-image-5 smush-detected-img smush-image-bigger-4\" src=\"https:\/\/d26lpennugtm8s.cloudfront.net\/assets\/common\/img\/logos\/payment\/boleto@2x.png\" width=\"43\" height=\"27\" data-src=\"https:\/\/d26lpennugtm8s.cloudfront.net\/assets\/common\/img\/logos\/payment\/boleto@2x.png\" \/><img loading=\"lazy\" decoding=\"async\" class=\"lazyloaded smush-image-7 smush-image-5 smush-image-6 smush-detected-img smush-image-bigger-5\" src=\"https:\/\/d26lpennugtm8s.cloudfront.net\/assets\/common\/img\/logos\/payment\/mastercard@2x.png\" width=\"43\" height=\"27\" data-src=\"https:\/\/d26lpennugtm8s.cloudfront.net\/assets\/common\/img\/logos\/payment\/mastercard@2x.png\" \/><img loading=\"lazy\" decoding=\"async\" class=\"lazyloaded smush-image-8 smush-image-6 smush-image-7 smush-detected-img smush-image-bigger-6\" src=\"https:\/\/d26lpennugtm8s.cloudfront.net\/assets\/common\/img\/logos\/payment\/amex@2x.png\" width=\"43\" height=\"27\" data-src=\"https:\/\/d26lpennugtm8s.cloudfront.net\/assets\/common\/img\/logos\/payment\/amex@2x.png\" \/><img loading=\"lazy\" decoding=\"async\" class=\"lazyloaded smush-image-9 smush-image-7 smush-image-8 smush-detected-img smush-image-bigger-7\" src=\"https:\/\/d26lpennugtm8s.cloudfront.net\/assets\/common\/img\/logos\/payment\/diners@2x.png\" width=\"46\" height=\"29\" data-src=\"https:\/\/d26lpennugtm8s.cloudfront.net\/assets\/common\/img\/logos\/payment\/diners@2x.png\" \/><img loading=\"lazy\" decoding=\"async\" class=\"lazyloaded smush-image-10 smush-image-8 smush-image-9 alignnone smush-detected-img smush-image-bigger-8\" src=\"https:\/\/d26lpennugtm8s.cloudfront.net\/assets\/common\/img\/logos\/payment\/br\/elo@2x.png\" alt=\"portf\u00f3lio unopar anhanguera\" width=\"45\" height=\"28\" data-src=\"https:\/\/d26lpennugtm8s.cloudfront.net\/assets\/common\/img\/logos\/payment\/br\/elo@2x.png\" \/><img loading=\"lazy\" decoding=\"async\" class=\"lazyloaded smush-image-11 smush-image-9 smush-image-10 alignnone smush-detected-img smush-image-bigger-9\" src=\"https:\/\/d26lpennugtm8s.cloudfront.net\/assets\/common\/img\/logos\/payment\/br\/hipercard@2x.png\" alt=\"portf\u00f3lio unopar anhanguera\" width=\"44\" height=\"28\" data-src=\"https:\/\/d26lpennugtm8s.cloudfront.net\/assets\/common\/img\/logos\/payment\/br\/hipercard@2x.png\" \/><img loading=\"lazy\" decoding=\"async\" class=\"lazyloaded smush-image-12 smush-image-10 smush-image-11 alignnone smush-detected-img smush-image-bigger-10\" src=\"https:\/\/d26lpennugtm8s.cloudfront.net\/assets\/common\/img\/logos\/payment\/mercadopago@2x.png\" alt=\"portf\u00f3lio unopar anhanguera\" width=\"45\" height=\"28\" data-src=\"https:\/\/d26lpennugtm8s.cloudfront.net\/assets\/common\/img\/logos\/payment\/mercadopago@2x.png\" \/><img loading=\"lazy\" decoding=\"async\" class=\"alignnone lazyloaded smush-detected-img smush-image-bigger-11\" src=\"https:\/\/futurium.com.br\/wp-content\/uploads\/2021\/06\/logo-pix-icone-512.png\" alt=\"portfolio pronto\" width=\"30\" height=\"30\" data-src=\"https:\/\/futurium.com.br\/wp-content\/uploads\/2021\/06\/logo-pix-icone-512.png\" \/><\/p>\n<\/div>\n<\/div>\n<\/div>\n","protected":false},"featured_media":28431,"template":"","meta":{"_seopress_robots_primary_cat":"none","_seopress_titles_title":"%%post_title%% %%sitetitle%%","_seopress_titles_desc":"%%post_content%%","_seopress_robots_index":""},"product_cat":[68,764,15],"product_tag":[],"class_list":{"0":"post-28428","1":"product","2":"type-product","3":"status-publish","4":"has-post-thumbnail","6":"product_cat-podologia","7":"product_cat-projeto-integrado-inovacao-gestao","8":"product_cat-uncategorized","10":"first","11":"instock","12":"downloadable","13":"virtual","14":"purchasable","15":"product-type-simple","16":"col-xs-6 col-sm-4","17":"col-mf-5","18":"un-5-cols"},"jetpack_sharing_enabled":true,"_links":{"self":[{"href":"https:\/\/portifolioos-prontos.com\/index.php\/wp-json\/wp\/v2\/product\/28428","targetHints":{"allow":["GET"]}}],"collection":[{"href":"https:\/\/portifolioos-prontos.com\/index.php\/wp-json\/wp\/v2\/product"}],"about":[{"href":"https:\/\/portifolioos-prontos.com\/index.php\/wp-json\/wp\/v2\/types\/product"}],"version-history":[{"count":0,"href":"https:\/\/portifolioos-prontos.com\/index.php\/wp-json\/wp\/v2\/product\/28428\/revisions"}],"wp:featuredmedia":[{"embeddable":true,"href":"https:\/\/portifolioos-prontos.com\/index.php\/wp-json\/wp\/v2\/media\/28431"}],"wp:attachment":[{"href":"https:\/\/portifolioos-prontos.com\/index.php\/wp-json\/wp\/v2\/media?parent=28428"}],"wp:term":[{"taxonomy":"product_cat","embeddable":true,"href":"https:\/\/portifolioos-prontos.com\/index.php\/wp-json\/wp\/v2\/product_cat?post=28428"},{"taxonomy":"product_tag","embeddable":true,"href":"https:\/\/portifolioos-prontos.com\/index.php\/wp-json\/wp\/v2\/product_tag?post=28428"}],"curies":[{"name":"wp","href":"https:\/\/api.w.org\/{rel}","templated":true}]}}