{"id":28438,"date":"2024-07-25T23:12:00","date_gmt":"2024-07-26T02:12:00","guid":{"rendered":"https:\/\/portifolioos-prontos.com\/?post_type=product&#038;p=28438"},"modified":"2025-08-03T17:30:11","modified_gmt":"2025-08-03T20:30:11","slug":"projeto-integrado-para-a-estrategia-ser-eficaz-ela-precisa-estar-alinhada-com-o-design-do-negocio-2","status":"publish","type":"product","link":"https:\/\/portifolioos-prontos.com\/index.php\/product\/projeto-integrado-para-a-estrategia-ser-eficaz-ela-precisa-estar-alinhada-com-o-design-do-negocio-2\/","title":{"rendered":"Projeto Integrado Inova\u00e7\u00e3o &#8211; Para a estrat\u00e9gia ser eficaz ela precisa estar alinhada com o design do neg\u00f3cio"},"content":{"rendered":"<h4>Projeto Integrado &#8211; Para a estrat\u00e9gia ser eficaz ela precisa estar alinhada com o design do neg\u00f3cio<\/h4>\n<p>Leitura proposta<br \/>\nPara atingir os objetivos deste projeto integrado, voc\u00ea\u202fdever\u00e1 seguir as instru\u00e7\u00f5es voltadas \u00e0<br \/>\nelabora\u00e7\u00e3o do trabalho disponibilizadas ao longo do semestre, sob a orienta\u00e7\u00e3o do Tutor a<br \/>\nDist\u00e2ncia.<br \/>\nTEXTO PARA LEITURA: LEIAM O TEXTO, FA\u00c7AM A REFLEX\u00c3O E EXECUTEM CONFORME<br \/>\nSOLICITADO NA PROPOSTA DE ATIVIDADE<br \/>\nPara a estrat\u00e9gia ser eficaz ela precisa estar alinhada com o design do neg\u00f3cio<br \/>\nIntrodu\u00e7\u00e3o<br \/>\nCostumo comparar uma empresa a um organismo vivo. Assim como o corpo humano \u00e9 um sistema<br \/>\ncomplexo, uma empresa tamb\u00e9m o \u00e9. Se um dos \u00f3rg\u00e3os n\u00e3o vai bem o organismo sofre, fica doente<br \/>\ne, se n\u00e3o for bem tratado, at\u00e9 mesmo morre. Por isso precisamos ter uma vis\u00e3o sist\u00eamica da empresa<br \/>\ne do neg\u00f3cio, al\u00e9m de conhecer bem todos os seus \u00f3rg\u00e3os (suas partes) e a rela\u00e7\u00e3o entre eles. A<br \/>\nimport\u00e2ncia desta vis\u00e3o hol\u00edstica pelos gestores, tanto quanto as rela\u00e7\u00f5es da estrat\u00e9gia e do design<br \/>\nde seu neg\u00f3cio que comentarei a seguir, n\u00e3o s\u00f3 se aplica \u00e0s empresas, mas tamb\u00e9m \u00e0s institui\u00e7\u00f5es<br \/>\ndo governo e \u00e0s organiza\u00e7\u00f5es n\u00e3o governamentais.<br \/>\nNeste artigo n\u00e3o pretendo me aprofundar em conceitos, mas antes de explicar por que &#8220;para a<br \/>\nestrat\u00e9gia ser eficaz ela precisa estar alinhada com o design do neg\u00f3cio&#8221;, explicarei em poucas<br \/>\npalavras os conceitos de Estrat\u00e9gia e Modelo de Neg\u00f3cios.<br \/>\nA Estrat\u00e9gia<br \/>\nEstrat\u00e9gia nunca foi t\u00e3o importante quanto nos dias de hoje.<br \/>\nPROJETO INTEGRADO<br \/>\nP\u00fablico<br \/>\n&#8220;Em um sentido geral, estrat\u00e9gia \u00e9 a defini\u00e7\u00e3o dos grandes objetivos e linhas de a\u00e7\u00e3o estabelecidas<br \/>\nnos planos empresariais ou governamentais. T\u00e1tica, em complemento, definiria de forma mais<br \/>\ndetalhada como atingir esses objetivos.&#8221;<br \/>\nConsiderando o cen\u00e1rio atual de competi\u00e7\u00e3o globalizada, a expectativa de vida e prosperidade das<br \/>\norganiza\u00e7\u00f5es \u00e9 determinada pela sua capacidade de se adaptar ao ambiente em evolu\u00e7\u00e3o cont\u00ednua.<br \/>\nA necessidade de sobreviver e prosperar neste cen\u00e1rio de constantes mudan\u00e7as requer que as<br \/>\nvantagens competitivas tamb\u00e9m sejam revistas e melhoradas e isto t\u00eam exigido \u00e0s empresas a<br \/>\ncria\u00e7\u00e3o estruturada da Estrat\u00e9gia e a organiza\u00e7\u00e3o disciplinada dos esfor\u00e7os de sua implementa\u00e7\u00e3o.<br \/>\nOs elementos fundamentais que comp\u00f5e os alicerces da estrat\u00e9gia de uma organiza\u00e7\u00e3o s\u00e3o: a Miss\u00e3o,<br \/>\nos Valores e a Vis\u00e3o de futuro.<br \/>\nFigura 1 \u2013 Miss\u00e3o, Vis\u00e3o, Valores e a Estrat\u00e9gia<br \/>\nGRANDO, Nei. Para a estrat\u00e9gia ser eficaz ela precisa estar alinhada com o design do neg\u00f3cio.<br \/>\nDispon\u00edvel em: &lt;http:\/\/www.administradores.com.br\/artigos\/marketing\/para-a-estrategia-sereficaz-ela-precisa-estar-alinhada-com-o-design-do-negocio\/61753\/&gt; Acesso em: 24\/07\/01<br \/>\nA atividade relacionada dever\u00e1 ser resolvida de acordo com as informa\u00e7\u00f5es abaixo<br \/>\ndescritas.<br \/>\nPROJETO INTEGRADO<br \/>\nP\u00fablico<br \/>\nDELINEANDO A ESTRAT\u00c9GIA<br \/>\nTodas as empresas enfrentam dificuldades e precisam analisar um mercado, suas<br \/>\nvari\u00e1veis e potencialidades para a tomada de decis\u00f5es. No cen\u00e1rio pr\u00e1tico n\u00e3o existem muitas<br \/>\noportunidades para tentativa e erro, sendo na pr\u00e1tica, a tomada de decis\u00f5es observa uma s\u00e9rie de<br \/>\naspectos que a teoria obscurece.<br \/>\nNeste contexto, quando tomamos decis\u00f5es, devemos considerar uma s\u00e9rie de<br \/>\npontos, que envolvem a legisla\u00e7\u00e3o, as vari\u00e1veis do ambiente, as pessoas, e as vari\u00e1veis de<br \/>\ncomunica\u00e7\u00e3o.<br \/>\nNesse sentido, analisando o extrato do texto apresentado, e a janela de<br \/>\noportunidades, voc\u00ea dever\u00e1 elaborar um texto que abarque os seguintes pontos inerentes \u00e0 tomada<br \/>\nde decis\u00f5es:<br \/>\na) Sua empresa tem 60 colaboradores, e tem a oportunidade de conseguir um salto estrat\u00e9gico<br \/>\nde qualidade e potencial de crescimento, desde que tome a decis\u00e3o de investir em pesquisa<br \/>\ne desenvolvimento de uma solu\u00e7\u00e3o competitiva para uma tecnologia que apoiar\u00e1 a ind\u00fastria<br \/>\nautomotiva, em especial no processo de gerenciamento de res\u00edduos para a produ\u00e7\u00e3o de<br \/>\nbaterias de ve\u00edculos el\u00e9tricos. Este investimento, quando realizado, dar\u00e1 \u00e0 empresa a garantia<br \/>\nde um contrato de exclusividade para uso da tecnologia desenvolvida durante os pr\u00f3ximos<br \/>\n25 anos. No entanto, a empresa n\u00e3o possui o dinheiro para o investimento imediato, e deve<br \/>\nconsiderar solicitar o aporte de investidores externos, tomar um empr\u00e9stimo junto de uma<br \/>\ninstitui\u00e7\u00e3o privada, ou financiar a pesquisa com capital pr\u00f3prio.<br \/>\nO valor a ser investido inicialmente \u00e9 de R$10.000.000,00 e o retorno do investimento se dar\u00e1<br \/>\nem 5 anos, com um lucro estimado final de 7% sobre o investimento inicial logo de partida,<br \/>\nal\u00e9m \u00e9 claro da exclusividade de uso da tecnologia desenvolvida durante os demais 20 anos,<br \/>\ncom 6% de lucro adicional anualmente.<br \/>\nb) Para tomar a decis\u00e3o de investimento, voc\u00ea dever\u00e1 primeiramente calcular o valor do retorno,<br \/>\nconsiderando a taxa de 7% j\u00e1 citada sobre o investimento inicial para obter o lucro estimado;<br \/>\nPROJETO INTEGRADO<br \/>\nP\u00fablico<br \/>\nc) Depois voc\u00ea dever\u00e1 realizar o c\u00e1lculo do custo do dinheiro para o investimento, considerando<br \/>\nas tr\u00eas op\u00e7\u00f5es para a tomada de decis\u00e3o, a saber, o aporte de capital de investidores externos<br \/>\na uma taxa de 7,9% ao ano; o empr\u00e9stimo junto de uma institui\u00e7\u00e3o privada, a uma taxa de<br \/>\n0,39% ao m\u00eas em 36 parcelas, ou o financiamento com recursos pr\u00f3prios, a uma taxa de<br \/>\n0,15% ao m\u00eas, em 60 parcelas.<br \/>\nd) Com a base de c\u00e1lculo de cada cen\u00e1rio de tomada de capital, voc\u00ea dever\u00e1 considerar a melhor<br \/>\ndecis\u00e3o para a empresa, considerando os dois fatores essenciais, o menor custo do dinheiro<br \/>\nem rela\u00e7\u00e3o ao retorno efetivo (lucro estimado subtra\u00eddo do custo final de tomada de capital<br \/>\nem cada cen\u00e1rio).<br \/>\nPara esta atividade, voc\u00ea utilizar\u00e1 basicamente c\u00e1lculos que envolvem os princ\u00edpios<br \/>\nde juros compostos, e o c\u00e1lculo dos montantes, devendo considerar o cen\u00e1rio como descrito passo<br \/>\na passo, e apresentando a mem\u00f3ria de c\u00e1lculo para cada cen\u00e1rio da tomada de capital, e depois o<br \/>\nresultado da subtra\u00e7\u00e3o destes cen\u00e1rios em rela\u00e7\u00e3o ao lucro estimado projetado (montante<br \/>\nprojetado), para entender a melhor decis\u00e3o.<br \/>\nTomada a decis\u00e3o, voc\u00ea dever\u00e1 elaborar duas pe\u00e7as de comunica\u00e7\u00e3o interna,<br \/>\nbasicamente dois roteiros textuais que servir\u00e3o para a comunica\u00e7\u00e3o dos colaboradores sobre a<br \/>\ndecis\u00e3o tomada de investimento, e os planos futuros da empresa envolvendo esta nova fase.<br \/>\nOs dois textos dever\u00e3o ter tr\u00eas par\u00e1grafos, usar a norma culta, e os princ\u00edpios de<br \/>\nclareza, objetividade e precis\u00e3o, sendo o primeiro texto explicativo quanto \u00e0 decis\u00e3o de<br \/>\ninvestimento, e o segundo, sobre os novos rumos da empresa. O objetivo dos textos, \u00e9 a constru\u00e7\u00e3o<br \/>\nPROJETO INTEGRADO<br \/>\nP\u00fablico<br \/>\nda identidade e cultura de pertencimento das pessoas em rela\u00e7\u00e3o \u00e0s decis\u00f5es e novos rumos que a<br \/>\nempresa seguir\u00e1.<br \/>\nDepois disso, voc\u00ea precisar\u00e1 contextualizar e justificar os textos sob a premissa da<br \/>\ngest\u00e3o de pessoas, evidenciando a import\u00e2ncia da comunica\u00e7\u00e3o clara e transparente, e como tornar<br \/>\nas pessoas part\u00edcipes do processo, contribu\u00ed para a constru\u00e7\u00e3o de uma cultura e clima mais favor\u00e1vel<br \/>\nnas organiza\u00e7\u00f5es.<br \/>\nPor fim, ap\u00f3s a comunica\u00e7\u00e3o, sua empresa aplicar\u00e1 um question\u00e1rio de satisfa\u00e7\u00e3o<br \/>\njunto de seus colaboradores, que ter\u00e1 como objetivo identificar se houve a compreens\u00e3o deles sobre<br \/>\na comunica\u00e7\u00e3o realizada. Para isso, voc\u00ea precisar\u00e1 saber qual a amostra estat\u00edstica para que seja<br \/>\nconsiderada a compreens\u00e3o de seus colaboradores em rela\u00e7\u00e3o \u00e0 comunica\u00e7\u00e3o realizada.<br \/>\nVoc\u00ea dever\u00e1 realizar o c\u00e1lculo com base no n\u00famero de colaboradores da empresa,<br \/>\nj\u00e1 citado, considerando intervalo de confian\u00e7a de 95%, e apresentando a mem\u00f3ria de c\u00e1lculo e<br \/>\nexplicando sua amostra, considerando os conceitos abaixo elencados.<br \/>\nLembrando que o resultado final de seu Projeto Integrado dever\u00e1 conter<br \/>\nracionalmente um texto em ordem cronol\u00f3gica que evidencie o contexto e a resolu\u00e7\u00e3o das atividades<br \/>\npropostas, tendo como premissa de resultado final da proposta, um relat\u00f3rio com come\u00e7o, meio e<br \/>\nfim.<br \/>\nPROJETO INTEGRADO<br \/>\nP\u00fablico<br \/>\nREFER\u00caNCIAS<br \/>\nAZEVEDO, G. H. W. Matem\u00e1tica financeira: princ\u00edpios e aplica\u00e7\u00f5es. S\u00e3o Paulo: Saraiva, 2015. (Minha<br \/>\nBiblioteca)<br \/>\nBRANCO, A. C. C. Matem\u00e1tica financeira aplicada. S\u00e3o Paulo: Cengage Learning, 2015. (Minha Biblioteca)<br \/>\nFIDELIS, Gilson Jos\u00e9. Gest\u00e3o de pessoas: rotinas trabalhistas e din\u00e2micas do departamento pessoal. 5.ed. S\u00e3o<br \/>\nPaulo: Saraiva, 2020. (Minha Biblioteca).<br \/>\nKUNSCH, Margarida Maria K. Comunica\u00e7\u00e3o Organizacional. Vol.2. S\u00e3o Paulo: Editora Saraiva, 2009. (Minha<br \/>\nBiblioteca).<br \/>\nRIBEIRO, Ant\u00f4nio de Lima. Gest\u00e3o de pessoas. 3.ed. S\u00e3o Paulo: Saraiva, 2019. (Minha Biblioteca).<br \/>\nSILVA, Cristiane da; SILVA, Juliane S F.; MARTINS, Nara R S. M\u00e9todos estat\u00edsticos. Porto Alegre: Sagah, 2021.<br \/>\n(Minha Biblioteca).<br \/>\nSILVA, Juliane Silveira Freire da; GRAMS, Ana Laura Bertelli; SILVEIRA, Jamur Fraga da. Estat\u00edstica. Porto<br \/>\nAlegre: Sagah, 2018. (Minha Biblioteca).<\/p>\n<div class=\"elementor-toggle-item\">\n<div id=\"elementor-tab-content-1941\" class=\"elementor-tab-content elementor-clearfix elementor-active\" role=\"tabpanel\" data-tab=\"1\" aria-labelledby=\"elementor-tab-title-1941\">\n<div class=\"elementor-toggle-item\">\n<p id=\"elementor-tab-title-1941\" class=\"elementor-tab-title elementor-active\" tabindex=\"0\" role=\"tab\" data-tab=\"1\" aria-controls=\"elementor-tab-content-1941\" aria-expanded=\"true\" aria-selected=\"true\"><strong>Como funciona?<\/strong><\/p>\n<p>Elaboramos os portf\u00f3lios, j\u00e1 deixamos prontos, nas normas da ABNT e conforme os requisitos da universidade. F\u00e1cil assim! O MELHOR \u00c9 QUE VOC\u00ca COMPRA E J\u00c1 BAIXA NA HORA O SEU ARQUIVO EM WORD! Sabemos que conciliar trabalho, fam\u00edlia, vida profissional e estudos \u00e9 dif\u00edcil hoje em dia, por isso, estamos aqui para ajudar voc\u00ea. Conte com nossa qualidade, experi\u00eancia e profissionalismo adquirindo seu portf\u00f3lio conosco. GARANTIMOS SEU CONCEITO!<\/p>\n<p><strong>Como se realizam os envios?<\/strong><\/p>\n<\/div>\n<p id=\"elementor-tab-content-1942\" class=\"elementor-tab-content elementor-clearfix elementor-active\" role=\"tabpanel\" data-tab=\"2\" aria-labelledby=\"elementor-tab-title-1942\">O seu trabalho \u00e9 disponibilizado pronto, respondido e nas normas j\u00e1 na mesma hora aqui em nosso site na sua \u00e1rea de downloads e tamb\u00e9m no seu e-mail.<\/p>\n<p><strong>Em quanto tempo recebo o portf\u00f3lio?<\/strong><\/p>\n<p>Os envios s\u00e3o imediatos. Ap\u00f3s sua compra, o trabalho j\u00e1 \u00e9 disponibilizado instantaneamente aqui em nosso site e no seu e-mail.<\/p>\n<p><strong>E se o portf\u00f3lio que comprei precisar de corre\u00e7\u00e3o?<\/strong><\/p>\n<p>Caso haja alguma solicita\u00e7\u00e3o de corre\u00e7\u00e3o\/altera\u00e7\u00e3o por parte do tutor, basta entrar em contato conosco pelo\u00a0WhatsApp\u00a0que provid\u00eanciaremos sem custo algum.<\/p>\n<p><strong>Qual o formato do arquivo?<\/strong><\/p>\n<p>Os arquivos s\u00e3o enviados em formato Word e s\u00e3o edit\u00e1veis.<\/p>\n<p><strong>Caso eu tiver alguma d\u00favida, terei suporte no p\u00f3s venda?<\/strong><\/p>\n<p>Sim, com certeza. Basta clicar no \u00edcone do WhatsApp no cantinho da tela. Ser\u00e1 um prazer atend\u00ea-lo(a).<\/p>\n<div id=\"elementor-tab-content-1948\" class=\"elementor-tab-content elementor-clearfix elementor-active\" role=\"tabpanel\" data-tab=\"8\" aria-labelledby=\"elementor-tab-title-1948\">\n<p><strong>Quais os seus canais de contato?<\/strong><\/p>\n<\/div>\n<div id=\"elementor-tab-content-1949\" class=\"elementor-tab-content elementor-clearfix elementor-active\" role=\"tabpanel\" data-tab=\"9\" aria-labelledby=\"elementor-tab-title-1949\">\n<p>Whatsapp: 53 984751621 \u2013 Clicar no canto da tela ou ESCANEIE O QRCODE ABAIXO<\/p>\n<h4><img decoding=\"async\" class=\"alignnone wp-image-13699 jetpack-lazy-image jetpack-lazy-image--handled\" src=\"https:\/\/i0.wp.com\/portifolioos-prontos.com\/wp-content\/uploads\/2023\/02\/whatsapp-business-projeto-de-extensao-300x300.jpeg?resize=144%2C144\" sizes=\"(max-width: 144px) 100vw, 144px\" srcset=\"https:\/\/i0.wp.com\/portifolioos-prontos.com\/wp-content\/uploads\/2023\/02\/whatsapp-business-projeto-de-extensao.jpeg?resize=300%2C301&amp;ssl=1 300w, https:\/\/i0.wp.com\/portifolioos-prontos.com\/wp-content\/uploads\/2023\/02\/whatsapp-business-projeto-de-extensao.jpeg?resize=150%2C150&amp;ssl=1 150w, https:\/\/i0.wp.com\/portifolioos-prontos.com\/wp-content\/uploads\/2023\/02\/whatsapp-business-projeto-de-extensao.jpeg?resize=370%2C372&amp;ssl=1 370w, https:\/\/i0.wp.com\/portifolioos-prontos.com\/wp-content\/uploads\/2023\/02\/whatsapp-business-projeto-de-extensao.jpeg?resize=100%2C100&amp;ssl=1 100w, https:\/\/i0.wp.com\/portifolioos-prontos.com\/wp-content\/uploads\/2023\/02\/whatsapp-business-projeto-de-extensao.jpeg?w=470&amp;ssl=1 470w\" alt=\"projeto de extens\u00e3o unopar\" width=\"144\" height=\"144\" data-lazy-loaded=\"1\" \/><\/h4>\n<\/div>\n<div class=\"elementor-toggle-item\">\n<div id=\"elementor-tab-content-1949\" class=\"elementor-tab-content elementor-clearfix elementor-active\" role=\"tabpanel\" data-tab=\"9\" aria-labelledby=\"elementor-tab-title-1949\">\n<p>E-mail:portifoliosp@gmail.com<\/p>\n<div id=\"attachment_143\" class=\"wp-caption alignnone\">\n<div id=\"attachment_143\" class=\"wp-caption alignnone\">\n<p id=\"caption-attachment-143\" class=\"wp-caption-text\"><a href=\"http:\/\/portfolio-pronto.com\/\">Portf\u00f3lio<\/a>\u00a0em Word, respondido, completo e j\u00e1 nas normas<\/p>\n<\/div>\n<\/div>\n<\/div>\n<\/div>\n<\/div>\n<\/div>\n","protected":false},"excerpt":{"rendered":"<div class=\"product-short-description\">\n<div class=\"product-short-description\">\n<p><strong>Pague pelo PIX ou cart\u00e3o e fa\u00e7a o download agora mesmo.<\/strong><\/p>\n<\/div>\n<div class=\"sticky-add-to-cart-wrapper\">\n<div class=\"sticky-add-to-cart\">\n<p class=\"quantity buttons_added form-flat\"><img decoding=\"async\" class=\"lazyloaded smush-image-5 smush-image-3 smush-image-4 smush-detected-img smush-image-bigger-3\" src=\"https:\/\/d26lpennugtm8s.cloudfront.net\/assets\/common\/img\/logos\/payment\/visa@2x.png\" width=\"46\" height=\"29\" data-src=\"https:\/\/d26lpennugtm8s.cloudfront.net\/assets\/common\/img\/logos\/payment\/visa@2x.png\" \/><img decoding=\"async\" class=\"lazyloaded smush-image-6 smush-image-4 smush-image-5 smush-detected-img smush-image-bigger-4\" src=\"https:\/\/d26lpennugtm8s.cloudfront.net\/assets\/common\/img\/logos\/payment\/boleto@2x.png\" width=\"43\" height=\"27\" data-src=\"https:\/\/d26lpennugtm8s.cloudfront.net\/assets\/common\/img\/logos\/payment\/boleto@2x.png\" \/><img loading=\"lazy\" decoding=\"async\" class=\"lazyloaded smush-image-7 smush-image-5 smush-image-6 smush-detected-img smush-image-bigger-5\" src=\"https:\/\/d26lpennugtm8s.cloudfront.net\/assets\/common\/img\/logos\/payment\/mastercard@2x.png\" width=\"43\" height=\"27\" data-src=\"https:\/\/d26lpennugtm8s.cloudfront.net\/assets\/common\/img\/logos\/payment\/mastercard@2x.png\" \/><img loading=\"lazy\" decoding=\"async\" class=\"lazyloaded smush-image-8 smush-image-6 smush-image-7 smush-detected-img smush-image-bigger-6\" src=\"https:\/\/d26lpennugtm8s.cloudfront.net\/assets\/common\/img\/logos\/payment\/amex@2x.png\" width=\"43\" height=\"27\" data-src=\"https:\/\/d26lpennugtm8s.cloudfront.net\/assets\/common\/img\/logos\/payment\/amex@2x.png\" \/><img loading=\"lazy\" decoding=\"async\" class=\"lazyloaded smush-image-9 smush-image-7 smush-image-8 smush-detected-img smush-image-bigger-7\" src=\"https:\/\/d26lpennugtm8s.cloudfront.net\/assets\/common\/img\/logos\/payment\/diners@2x.png\" width=\"46\" height=\"29\" data-src=\"https:\/\/d26lpennugtm8s.cloudfront.net\/assets\/common\/img\/logos\/payment\/diners@2x.png\" \/><img loading=\"lazy\" decoding=\"async\" class=\"lazyloaded smush-image-10 smush-image-8 smush-image-9 alignnone smush-detected-img smush-image-bigger-8\" src=\"https:\/\/d26lpennugtm8s.cloudfront.net\/assets\/common\/img\/logos\/payment\/br\/elo@2x.png\" alt=\"portf\u00f3lio unopar anhanguera\" width=\"45\" height=\"28\" data-src=\"https:\/\/d26lpennugtm8s.cloudfront.net\/assets\/common\/img\/logos\/payment\/br\/elo@2x.png\" \/><img loading=\"lazy\" decoding=\"async\" class=\"lazyloaded smush-image-11 smush-image-9 smush-image-10 alignnone smush-detected-img smush-image-bigger-9\" src=\"https:\/\/d26lpennugtm8s.cloudfront.net\/assets\/common\/img\/logos\/payment\/br\/hipercard@2x.png\" alt=\"portf\u00f3lio unopar anhanguera\" width=\"44\" height=\"28\" data-src=\"https:\/\/d26lpennugtm8s.cloudfront.net\/assets\/common\/img\/logos\/payment\/br\/hipercard@2x.png\" \/><img loading=\"lazy\" decoding=\"async\" class=\"lazyloaded smush-image-12 smush-image-10 smush-image-11 alignnone smush-detected-img smush-image-bigger-10\" src=\"https:\/\/d26lpennugtm8s.cloudfront.net\/assets\/common\/img\/logos\/payment\/mercadopago@2x.png\" alt=\"portf\u00f3lio unopar anhanguera\" width=\"45\" height=\"28\" data-src=\"https:\/\/d26lpennugtm8s.cloudfront.net\/assets\/common\/img\/logos\/payment\/mercadopago@2x.png\" \/><img loading=\"lazy\" decoding=\"async\" class=\"alignnone lazyloaded smush-detected-img smush-image-bigger-11\" src=\"https:\/\/futurium.com.br\/wp-content\/uploads\/2021\/06\/logo-pix-icone-512.png\" alt=\"portfolio pronto\" width=\"30\" height=\"30\" data-src=\"https:\/\/futurium.com.br\/wp-content\/uploads\/2021\/06\/logo-pix-icone-512.png\" \/><\/p>\n<\/div>\n<\/div>\n<\/div>\n","protected":false},"featured_media":24576,"template":"","meta":{"_seopress_robots_primary_cat":"none","_seopress_titles_title":"%%post_title%% %%sitetitle%%","_seopress_titles_desc":"%%post_content%%","_seopress_robots_index":""},"product_cat":[39,73,118,40,48,53,764,55,15],"product_tag":[],"class_list":{"0":"post-28438","1":"product","2":"type-product","3":"status-publish","4":"has-post-thumbnail","6":"product_cat-gestao-comercial","7":"product_cat-gestao-da-qualidade","8":"product_cat-gestao-de-produto","9":"product_cat-gestao-financeira","10":"product_cat-logistica","11":"product_cat-processos-gerenciais","12":"product_cat-projeto-integrado-inovacao-gestao","13":"product_cat-recursos-humanos","14":"product_cat-uncategorized","16":"first","17":"instock","18":"downloadable","19":"virtual","20":"purchasable","21":"product-type-simple","22":"col-xs-6 col-sm-4","23":"col-mf-5","24":"un-5-cols"},"jetpack_sharing_enabled":true,"_links":{"self":[{"href":"https:\/\/portifolioos-prontos.com\/index.php\/wp-json\/wp\/v2\/product\/28438","targetHints":{"allow":["GET"]}}],"collection":[{"href":"https:\/\/portifolioos-prontos.com\/index.php\/wp-json\/wp\/v2\/product"}],"about":[{"href":"https:\/\/portifolioos-prontos.com\/index.php\/wp-json\/wp\/v2\/types\/product"}],"version-history":[{"count":0,"href":"https:\/\/portifolioos-prontos.com\/index.php\/wp-json\/wp\/v2\/product\/28438\/revisions"}],"wp:featuredmedia":[{"embeddable":true,"href":"https:\/\/portifolioos-prontos.com\/index.php\/wp-json\/wp\/v2\/media\/24576"}],"wp:attachment":[{"href":"https:\/\/portifolioos-prontos.com\/index.php\/wp-json\/wp\/v2\/media?parent=28438"}],"wp:term":[{"taxonomy":"product_cat","embeddable":true,"href":"https:\/\/portifolioos-prontos.com\/index.php\/wp-json\/wp\/v2\/product_cat?post=28438"},{"taxonomy":"product_tag","embeddable":true,"href":"https:\/\/portifolioos-prontos.com\/index.php\/wp-json\/wp\/v2\/product_tag?post=28438"}],"curies":[{"name":"wp","href":"https:\/\/api.w.org\/{rel}","templated":true}]}}