{"id":28485,"date":"2024-07-28T14:25:48","date_gmt":"2024-07-28T17:25:48","guid":{"rendered":"https:\/\/portifolioos-prontos.com\/?post_type=product&#038;p=28485"},"modified":"2025-08-03T17:30:36","modified_gmt":"2025-08-03T20:30:36","slug":"projeto-integrado-inovacao-cst-em-marketing-digital-otimizacao-de-um-e-commerce-com-auxilio-do-marketing-digital","status":"publish","type":"product","link":"https:\/\/portifolioos-prontos.com\/index.php\/product\/projeto-integrado-inovacao-cst-em-marketing-digital-otimizacao-de-um-e-commerce-com-auxilio-do-marketing-digital\/","title":{"rendered":"Projeto Integrado Inova\u00e7\u00e3o CST em Marketing Digital &#8211; Otimiza\u00e7\u00e3o de um e-commerce com aux\u00edlio do marketing digital"},"content":{"rendered":"<h4>Projeto Integrado Inova\u00e7\u00e3o CST em Marketing Digital<\/h4>\n<h4>Projeto Integrado Inova\u00e7\u00e3o Otimiza\u00e7\u00e3o de um e-commerce com aux\u00edlio do marketing digital<\/h4>\n<p>A proposta do Projeto Integrador ter\u00e1 como tem\u00e1tica otimiza\u00e7\u00e3o de um e-commerce com<br \/>\naux\u00edlio do marketing digital.<br \/>\nPROJETO<br \/>\nINTEGRADO<br \/>\nP\u00fablico<br \/>\nEscolhemos essa tem\u00e1tica para possibilitar a aprendizagem interdisciplinar dos conte\u00fados<br \/>\ndesenvolvidos nas disciplinas deste semestre e, tamb\u00e9m, para que voc\u00ea possa consolidar seus<br \/>\nconhecimentos acerca do tema.<br \/>\nPara isso, voc\u00ea dever\u00e1 articular as discuss\u00f5es propiciadas nas diferentes disciplinas do<br \/>\nsemestre.<br \/>\nORIENTA\u00c7\u00d5ES DA PRODU\u00c7\u00c3O TEXTUAL<br \/>\nLeitura e interpreta\u00e7\u00e3o da SGA<br \/>\nPor meio da leitura da SGA e, tamb\u00e9m, da situa\u00e7\u00e3o-problema destacada, voc\u00ea deve elaborar uma<br \/>\nprodu\u00e7\u00e3o textual, com respaldo te\u00f3rico nas disciplinas que foram cursadas ao longo deste semestre.<br \/>\nSITUA\u00c7\u00c3O GERADORA DE APRENDIZAGEM (SGA)<br \/>\nUma empresa de e-commerce que vende roupas e acess\u00f3rios de moda est\u00e1 buscando<br \/>\nmaximizar suas vendas e engajamento dos consumidores atrav\u00e9s de uma abordagem estrat\u00e9gica e<br \/>\nanal\u00edtica.<br \/>\nO dono da empresa, Carlos, chamou sua equipe de marketing e eles seguiram os seguintes<br \/>\npassos:<br \/>\n\u2022 Primeiramente, eles come\u00e7am analisando o mercado de moda atual, utilizando<br \/>\nt\u00e9cnicas de an\u00e1lise de tend\u00eancias para identificar quais s\u00e3o os estilos, cores e produtos mais<br \/>\npopulares entre os consumidores. Isso inclui a an\u00e1lise de dados de redes sociais, dados de<br \/>\nvendas passadas e at\u00e9 mesmo tend\u00eancias de busca online.<br \/>\n\u2022 Com base nessa an\u00e1lise de mercado, a empresa utilizou m\u00e9todos estat\u00edsticos<br \/>\npara prever demanda futura e otimizar seus estoques. Isso envolveu a utiliza\u00e7\u00e3o de modelos<br \/>\nestat\u00edsticos para prever quais itens ser\u00e3o mais procurados em diferentes per\u00edodos do ano,<br \/>\nPROJETO<br \/>\nINTEGRADO<br \/>\nP\u00fablico<br \/>\nlevando em considera\u00e7\u00e3o sazonalidade, eventos especiais e at\u00e9 mesmo fatores externos<br \/>\ncomo mudan\u00e7as clim\u00e1ticas.<br \/>\n\u2022 Al\u00e9m disso, a empresa focou na otimiza\u00e7\u00e3o de sua plataforma online, utilizando<br \/>\nt\u00e9cnicas de otimiza\u00e7\u00e3o de SEO (Search Engine Optimization) e UX (User Experience) para<br \/>\ngarantir que os consumidores encontrem facilmente os produtos que desejam e tenham<br \/>\numa experi\u00eancia de compra agrad\u00e1vel e eficiente.<br \/>\n\u2022 Por fim, a empresa investiu em a\u00e7\u00f5es de engajamento de consumidores, como<br \/>\ncampanhas de marketing personalizadas, programas de fidelidade e intera\u00e7\u00e3o ativa nas<br \/>\nredes sociais. Eles utilizaram dados anal\u00edticos para segmentar seu p\u00fablico-alvo e criar<br \/>\nmensagens e ofertas que sejam relevantes para cada segmento, aumentando assim a<br \/>\nprobabilidade de convers\u00e3o e engajamento dos consumidores.<br \/>\nContudo, Carlos e sua equipe est\u00e3o confusos, pois mesmo com tantos dados, a empresa est\u00e1<br \/>\nse sentindo&#8230; perdida! Tantos dados coletados e n\u00e3o sabem o que fazer com eles!<br \/>\nSITUA\u00c7\u00c3O-PROBLEMA (SP)<br \/>\nCarlos est\u00e1 preocupado por n\u00e3o saberem como integrar todos estes dados e informa\u00e7\u00f5es<br \/>\ncoletadas de forma eficiente, trazendo o melhor para empresa e decidiu contratar uma empresa de<br \/>\nconsultoria em Marketing Digital. Logo, voc\u00ea, como estagi\u00e1rio de uma grande empresa de consultoria<br \/>\nde marketing digital ir\u00e1 ajudar a empresa nesta jornada!<br \/>\nResponda cada uma das etapas a seguir e auxilie a empresa a realizar seu projeto!<br \/>\nORIENTA\u00c7\u00d5ES PARA A EXECU\u00c7\u00c3O DO TRABALHO<br \/>\n1) INTRODU\u00c7\u00c3O (at\u00e9 um =a p\u00e1gina)<br \/>\nElabore um texto que contextualize a tem\u00e1tica abordada na produ\u00e7\u00e3o textual.<br \/>\n2) DESENVOLVIMENTO<br \/>\nPara auxiliar a empresa, realize os desafios a seguir:<br \/>\nPROJETO<br \/>\nINTEGRADO<br \/>\nP\u00fablico<br \/>\na) Realize uma pesquisa te\u00f3rica utilizando materiais did\u00e1ticos ou livros especializados<br \/>\npara compreender o conceito de &#8216;megatend\u00eancias&#8217;. Ap\u00f3s adquirir esse conhecimento te\u00f3rico,<br \/>\nconduza uma pesquisa online para identificar poss\u00edveis megatend\u00eancias na ind\u00fastria da moda e liste<br \/>\ntr\u00eas megatend\u00eancias atuais encontradas. Em seguida desenvolva 2 personas que caracterizam essas<br \/>\n\u201cmegatend\u00eancias\u201d.<br \/>\nA partir da an\u00e1lise, a persona vai ganhar vida. Ela vai ter um nome, um rosto e um perfil bem<br \/>\ndefinido, com as caracter\u00edsticas e comportamentos que voc\u00ea percebeu como mais relevantes. O<br \/>\nsegredo aqui est\u00e1 em pensar na persona como um ser humano de verdade, que vai interagir com a<br \/>\nmarca, ler os seus conte\u00fados, comprar os seus produtos. E um ser humano n\u00e3o se resume a uma lista<br \/>\nde t\u00f3picos.<br \/>\nProcure desenvolver um texto descritivo sobre essa pessoa que voc\u00ea est\u00e1 criando. Uma boa<br \/>\nsolu\u00e7\u00e3o \u00e9 contar uma hist\u00f3ria. Voc\u00ea pode narrar um dia ou uma semana da persona em que ela<br \/>\ninterage com o seu produto. Assim, fica muito mais f\u00e1cil perceber seus h\u00e1bitos, comportamentos e<br \/>\ncomo ela se relaciona com a marca.<br \/>\nNos links a seguir, h\u00e1 7 sites que podem ser usados para criar personas:<br \/>\nhttps:\/\/expertdigital.net\/6-melhores-geradores-de-persona-e-como-criar-seussimplesmente\/<br \/>\nhttps:\/\/materiais.rockcontent.com\/novo-templatepersonas?utm_campaign=popuphellobar&#038;utm_source=Hellobar<br \/>\nA seguir veja 2 exemplos de personas:<br \/>\nPROJETO<br \/>\nINTEGRADO<br \/>\nP\u00fablico<br \/>\nPROJETO<br \/>\nINTEGRADO<br \/>\nP\u00fablico<br \/>\nLIMA, Aline P. Lins de; REIS, Luciana B.; TREVISAN, Nanci M.; et al. Comportamento do<br \/>\nconsumidor. Porto Alegre: Grupo A, 2020. Dispon\u00edvel em:<br \/>\nhttps:\/\/integrada.minhabiblioteca.com.br\/#\/books\/9786581492144\/<br \/>\nb) &#8211; As a\u00e7\u00f5es de marketing digital s\u00e3o cada vez mais necess\u00e1rias para as empresas. Os<br \/>\nclientes est\u00e3o cada dia mais \u201cconectados\u201d, acessando e utilizando a Internet para realizar compras,<br \/>\ninteragir com pessoas, pesquisar informa\u00e7\u00f5es, acessar not\u00edcias e diversos outras funcionalidades que<br \/>\na Internet permite. Dessa forma trabalhar com estrat\u00e9gias de marketing digital e otimiza\u00e7\u00e3o de<br \/>\nplataformas on-line \u00e9 cada vez mais importante para que uma empresa consiga atrair, conquistar e<br \/>\nmanter a fidelidade de seus clientes. De uma forma geral as a\u00e7\u00f5es de otimiza\u00e7\u00e3o de plataformas online visam o aumento da taxa de convers\u00e3o de clientes. A taxa de convers\u00e3o refere-se \u00e0 rela\u00e7\u00e3o entre<br \/>\na quantidade de visitantes de um site que realizam algo de positivo (uma compra realizada quando<br \/>\nacessam um site por exemplo) dividido pela quantidade de visitantes. (encontrando assim um<br \/>\npercentual desse c\u00e1lculo). Ex. a cada 100 visitantes que acessam um site, 10 realizam uma compra,<br \/>\nou seja, a taxa de convers\u00e3o \u00e9 de 10%.<br \/>\nLogo, supere o desafio a seguir:<br \/>\nPROJETO<br \/>\nINTEGRADO<br \/>\nP\u00fablico<br \/>\nVisando o aumento da taxa de convers\u00e3o, para a empresa do Sr. Carlos que vende roupas e<br \/>\nacess\u00f3rios de moda, busca-se disponibilizar um novo apoio \/ servi\u00e7o as pessoas \/ visitantes que<br \/>\nacessarem o site da empresa. Seria uma esp\u00e9cie de consultoria de moda onde as pessoas poderiam<br \/>\ninteragir com profissionais de moda, buscando informa\u00e7\u00f5es sobre como se vestir e melhorar sua<br \/>\nimagem pessoal (com rela\u00e7\u00e3o as suas roupas).<br \/>\nUm servi\u00e7o como este poderia atrair diversos visitantes e possivelmente dar in\u00edcio a um<br \/>\ncontato e intera\u00e7\u00e3o com eles e dessa maneira contribuir com o aumento da taxa de convers\u00e3o.<br \/>\nComente sobre as seguintes quest\u00f5es.<br \/>\n\u2022 J\u00e1 comentamos que as vendas realizadas seriam uma forma de convers\u00e3o. Al\u00e9m da<br \/>\nquantidade de vendas realizadas, quais seriam outras formas que poder\u00edamos considerar como<br \/>\nexemplos convers\u00f5es?<br \/>\n\u2022 Para trabalharmos a UX (User Experience) dessa empresa de moda e roupas, comente<br \/>\nsobre como funcionaria este processo de oferecer consultoria de moda aos visitantes do site? (Ex. O<br \/>\nvisitante acessaria o site e escolheria um dos profissionais de moda para buscar informa\u00e7\u00f5es sobre<br \/>\ncomo se vestir melhor, ap\u00f3s isto&#8230;)<br \/>\n3) CONSIDERA\u00c7\u00d5ES FINAIS (at\u00e9 uma p\u00e1gina)<br \/>\nEscreva um texto que sintetize as principais contribui\u00e7\u00f5es dessa atividade para sua forma\u00e7\u00e3o.<\/p>\n<div class=\"elementor-toggle-item\">\n<div class=\"elementor-toggle-item\">\n<p id=\"elementor-tab-title-1941\" class=\"elementor-tab-title elementor-active\" tabindex=\"0\" role=\"tab\" data-tab=\"1\" aria-controls=\"elementor-tab-content-1941\" aria-expanded=\"true\" aria-selected=\"true\"><strong>Como funciona?<\/strong><\/p>\n<p>Elaboramos os portf\u00f3lios, j\u00e1 deixamos prontos, nas normas da ABNT e conforme os requisitos da universidade. F\u00e1cil assim! O MELHOR \u00c9 QUE VOC\u00ca COMPRA E J\u00c1 BAIXA NA HORA O SEU ARQUIVO EM WORD! Sabemos que conciliar trabalho, fam\u00edlia, vida profissional e estudos \u00e9 dif\u00edcil hoje em dia, por isso, estamos aqui para ajudar voc\u00ea. Conte com nossa qualidade, experi\u00eancia e profissionalismo adquirindo seu portf\u00f3lio conosco. GARANTIMOS SEU CONCEITO!<\/p>\n<p><strong>Como se realizam os envios?<\/strong><\/p>\n<\/div>\n<p id=\"elementor-tab-content-1942\" class=\"elementor-tab-content elementor-clearfix elementor-active\" role=\"tabpanel\" data-tab=\"2\" aria-labelledby=\"elementor-tab-title-1942\">O seu trabalho \u00e9 disponibilizado pronto, respondido e nas normas j\u00e1 na mesma hora aqui em nosso site na sua \u00e1rea de downloads e tamb\u00e9m no seu e-mail.<\/p>\n<p><strong>Em quanto tempo recebo o portf\u00f3lio?<\/strong><\/p>\n<p>Os envios s\u00e3o imediatos. Ap\u00f3s sua compra, o trabalho j\u00e1 \u00e9 disponibilizado instantaneamente aqui em nosso site e no seu e-mail.<\/p>\n<p><strong>E se o portf\u00f3lio que comprei precisar de corre\u00e7\u00e3o?<\/strong><\/p>\n<p>Caso haja alguma solicita\u00e7\u00e3o de corre\u00e7\u00e3o\/altera\u00e7\u00e3o por parte do tutor, basta entrar em contato conosco pelo\u00a0WhatsApp\u00a0que provid\u00eanciaremos sem custo algum.<\/p>\n<p><strong>Qual o formato do arquivo?<\/strong><\/p>\n<p>Os arquivos s\u00e3o enviados em formato Word e s\u00e3o edit\u00e1veis.<\/p>\n<p><strong>Caso eu tiver alguma d\u00favida, terei suporte no p\u00f3s venda?<\/strong><\/p>\n<p>Sim, com certeza. Basta clicar no \u00edcone do WhatsApp no cantinho da tela. Ser\u00e1 um prazer atend\u00ea-lo(a).<\/p>\n<div id=\"elementor-tab-content-1948\" class=\"elementor-tab-content elementor-clearfix elementor-active\" role=\"tabpanel\" data-tab=\"8\" aria-labelledby=\"elementor-tab-title-1948\">\n<p><strong>Quais os seus canais de contato?<\/strong><\/p>\n<\/div>\n<div id=\"elementor-tab-content-1949\" class=\"elementor-tab-content elementor-clearfix elementor-active\" role=\"tabpanel\" data-tab=\"9\" aria-labelledby=\"elementor-tab-title-1949\">\n<p>Whatsapp: 53 984751621 \u2013 Clicar no canto da tela ou ESCANEIE O QRCODE ABAIXO<\/p>\n<h4><img decoding=\"async\" class=\"alignnone wp-image-13699 jetpack-lazy-image jetpack-lazy-image--handled\" src=\"https:\/\/i0.wp.com\/portifolioos-prontos.com\/wp-content\/uploads\/2023\/02\/whatsapp-business-projeto-de-extensao-300x300.jpeg?resize=144%2C144\" sizes=\"(max-width: 144px) 100vw, 144px\" srcset=\"https:\/\/i0.wp.com\/portifolioos-prontos.com\/wp-content\/uploads\/2023\/02\/whatsapp-business-projeto-de-extensao.jpeg?resize=300%2C301&amp;ssl=1 300w, https:\/\/i0.wp.com\/portifolioos-prontos.com\/wp-content\/uploads\/2023\/02\/whatsapp-business-projeto-de-extensao.jpeg?resize=150%2C150&amp;ssl=1 150w, https:\/\/i0.wp.com\/portifolioos-prontos.com\/wp-content\/uploads\/2023\/02\/whatsapp-business-projeto-de-extensao.jpeg?resize=370%2C372&amp;ssl=1 370w, https:\/\/i0.wp.com\/portifolioos-prontos.com\/wp-content\/uploads\/2023\/02\/whatsapp-business-projeto-de-extensao.jpeg?resize=100%2C100&amp;ssl=1 100w, https:\/\/i0.wp.com\/portifolioos-prontos.com\/wp-content\/uploads\/2023\/02\/whatsapp-business-projeto-de-extensao.jpeg?w=470&amp;ssl=1 470w\" alt=\"projeto de extens\u00e3o unopar\" width=\"144\" height=\"144\" data-lazy-loaded=\"1\" \/><\/h4>\n<\/div>\n<div class=\"elementor-toggle-item\">\n<div id=\"elementor-tab-content-1949\" class=\"elementor-tab-content elementor-clearfix elementor-active\" role=\"tabpanel\" data-tab=\"9\" aria-labelledby=\"elementor-tab-title-1949\">\n<p>E-mail:portifoliosp@gmail.com<\/p>\n<div id=\"attachment_143\" class=\"wp-caption alignnone\">\n<div id=\"attachment_143\" class=\"wp-caption alignnone\">\n<p id=\"caption-attachment-143\" class=\"wp-caption-text\"><a href=\"http:\/\/portfolio-pronto.com\/\">Portf\u00f3lio<\/a>\u00a0em Word, respondido, completo e j\u00e1 nas normas<\/p>\n<\/div>\n<\/div>\n<\/div>\n<\/div>\n<\/div>\n","protected":false},"excerpt":{"rendered":"<div class=\"product-short-description\">\n<div class=\"product-short-description\">\n<p><strong>Pague pelo PIX ou cart\u00e3o e fa\u00e7a o download agora mesmo.<\/strong><\/p>\n<\/div>\n<div class=\"sticky-add-to-cart-wrapper\">\n<div class=\"sticky-add-to-cart\">\n<p class=\"quantity buttons_added form-flat\"><img decoding=\"async\" class=\"lazyloaded smush-image-5 smush-image-3 smush-image-4 smush-detected-img smush-image-bigger-3\" src=\"https:\/\/d26lpennugtm8s.cloudfront.net\/assets\/common\/img\/logos\/payment\/visa@2x.png\" width=\"46\" height=\"29\" data-src=\"https:\/\/d26lpennugtm8s.cloudfront.net\/assets\/common\/img\/logos\/payment\/visa@2x.png\" \/><img decoding=\"async\" class=\"lazyloaded smush-image-6 smush-image-4 smush-image-5 smush-detected-img smush-image-bigger-4\" src=\"https:\/\/d26lpennugtm8s.cloudfront.net\/assets\/common\/img\/logos\/payment\/boleto@2x.png\" width=\"43\" height=\"27\" data-src=\"https:\/\/d26lpennugtm8s.cloudfront.net\/assets\/common\/img\/logos\/payment\/boleto@2x.png\" \/><img loading=\"lazy\" decoding=\"async\" class=\"lazyloaded smush-image-7 smush-image-5 smush-image-6 smush-detected-img smush-image-bigger-5\" src=\"https:\/\/d26lpennugtm8s.cloudfront.net\/assets\/common\/img\/logos\/payment\/mastercard@2x.png\" width=\"43\" height=\"27\" data-src=\"https:\/\/d26lpennugtm8s.cloudfront.net\/assets\/common\/img\/logos\/payment\/mastercard@2x.png\" \/><img loading=\"lazy\" decoding=\"async\" class=\"lazyloaded smush-image-8 smush-image-6 smush-image-7 smush-detected-img smush-image-bigger-6\" src=\"https:\/\/d26lpennugtm8s.cloudfront.net\/assets\/common\/img\/logos\/payment\/amex@2x.png\" width=\"43\" height=\"27\" data-src=\"https:\/\/d26lpennugtm8s.cloudfront.net\/assets\/common\/img\/logos\/payment\/amex@2x.png\" \/><img loading=\"lazy\" decoding=\"async\" class=\"lazyloaded smush-image-9 smush-image-7 smush-image-8 smush-detected-img smush-image-bigger-7\" src=\"https:\/\/d26lpennugtm8s.cloudfront.net\/assets\/common\/img\/logos\/payment\/diners@2x.png\" width=\"46\" height=\"29\" data-src=\"https:\/\/d26lpennugtm8s.cloudfront.net\/assets\/common\/img\/logos\/payment\/diners@2x.png\" \/><img loading=\"lazy\" decoding=\"async\" class=\"lazyloaded smush-image-10 smush-image-8 smush-image-9 alignnone smush-detected-img smush-image-bigger-8\" src=\"https:\/\/d26lpennugtm8s.cloudfront.net\/assets\/common\/img\/logos\/payment\/br\/elo@2x.png\" alt=\"portf\u00f3lio unopar anhanguera\" width=\"45\" height=\"28\" data-src=\"https:\/\/d26lpennugtm8s.cloudfront.net\/assets\/common\/img\/logos\/payment\/br\/elo@2x.png\" \/><img loading=\"lazy\" decoding=\"async\" class=\"lazyloaded smush-image-11 smush-image-9 smush-image-10 alignnone smush-detected-img smush-image-bigger-9\" src=\"https:\/\/d26lpennugtm8s.cloudfront.net\/assets\/common\/img\/logos\/payment\/br\/hipercard@2x.png\" alt=\"portf\u00f3lio unopar anhanguera\" width=\"44\" height=\"28\" data-src=\"https:\/\/d26lpennugtm8s.cloudfront.net\/assets\/common\/img\/logos\/payment\/br\/hipercard@2x.png\" \/><img loading=\"lazy\" decoding=\"async\" class=\"lazyloaded smush-image-12 smush-image-10 smush-image-11 alignnone smush-detected-img smush-image-bigger-10\" src=\"https:\/\/d26lpennugtm8s.cloudfront.net\/assets\/common\/img\/logos\/payment\/mercadopago@2x.png\" alt=\"portf\u00f3lio unopar anhanguera\" width=\"45\" height=\"28\" data-src=\"https:\/\/d26lpennugtm8s.cloudfront.net\/assets\/common\/img\/logos\/payment\/mercadopago@2x.png\" \/><img loading=\"lazy\" decoding=\"async\" class=\"alignnone lazyloaded smush-detected-img smush-image-bigger-11\" src=\"https:\/\/futurium.com.br\/wp-content\/uploads\/2021\/06\/logo-pix-icone-512.png\" alt=\"portfolio pronto\" width=\"30\" height=\"30\" data-src=\"https:\/\/futurium.com.br\/wp-content\/uploads\/2021\/06\/logo-pix-icone-512.png\" \/><\/p>\n<\/div>\n<\/div>\n<\/div>\n","protected":false},"featured_media":28488,"template":"","meta":{"_seopress_robots_primary_cat":"none","_seopress_titles_title":"%%post_title%% %%sitetitle%%","_seopress_titles_desc":"%%post_content%%","_seopress_robots_index":""},"product_cat":[49,764,15],"product_tag":[],"class_list":{"0":"post-28485","1":"product","2":"type-product","3":"status-publish","4":"has-post-thumbnail","6":"product_cat-marketing","7":"product_cat-projeto-integrado-inovacao-gestao","8":"product_cat-uncategorized","10":"first","11":"instock","12":"downloadable","13":"virtual","14":"purchasable","15":"product-type-simple","16":"col-xs-6 col-sm-4","17":"col-mf-5","18":"un-5-cols"},"jetpack_sharing_enabled":true,"_links":{"self":[{"href":"https:\/\/portifolioos-prontos.com\/index.php\/wp-json\/wp\/v2\/product\/28485","targetHints":{"allow":["GET"]}}],"collection":[{"href":"https:\/\/portifolioos-prontos.com\/index.php\/wp-json\/wp\/v2\/product"}],"about":[{"href":"https:\/\/portifolioos-prontos.com\/index.php\/wp-json\/wp\/v2\/types\/product"}],"version-history":[{"count":0,"href":"https:\/\/portifolioos-prontos.com\/index.php\/wp-json\/wp\/v2\/product\/28485\/revisions"}],"wp:featuredmedia":[{"embeddable":true,"href":"https:\/\/portifolioos-prontos.com\/index.php\/wp-json\/wp\/v2\/media\/28488"}],"wp:attachment":[{"href":"https:\/\/portifolioos-prontos.com\/index.php\/wp-json\/wp\/v2\/media?parent=28485"}],"wp:term":[{"taxonomy":"product_cat","embeddable":true,"href":"https:\/\/portifolioos-prontos.com\/index.php\/wp-json\/wp\/v2\/product_cat?post=28485"},{"taxonomy":"product_tag","embeddable":true,"href":"https:\/\/portifolioos-prontos.com\/index.php\/wp-json\/wp\/v2\/product_tag?post=28485"}],"curies":[{"name":"wp","href":"https:\/\/api.w.org\/{rel}","templated":true}]}}