{"id":28496,"date":"2024-07-28T19:50:45","date_gmt":"2024-07-28T22:50:45","guid":{"rendered":"https:\/\/portifolioos-prontos.com\/?post_type=product&#038;p=28496"},"modified":"2025-08-30T14:26:44","modified_gmt":"2025-08-30T17:26:44","slug":"projeto-de-extensao-ii-psicopedagogia","status":"publish","type":"product","link":"https:\/\/portifolioos-prontos.com\/index.php\/product\/projeto-de-extensao-ii-psicopedagogia\/","title":{"rendered":"Projeto de Extens\u00e3o II &#8211; Psicopedagogia"},"content":{"rendered":"<h5 class=\"MsoNormal\">Projeto de Extens\u00e3o II &#8211; Psicopedagogia<\/h5>\n<p class=\"MsoNormal\">ALUNO:<\/p>\n<p class=\"MsoNormal\">CURSO:<\/p>\n<p class=\"MsoNormal\">PSICOPEDAGOGIA \u2013 BACHARELADO<\/p>\n<p class=\"MsoNormal\">COMPONENTE CURRICULAR:<\/p>\n<p class=\"MsoNormal\">PROJETO DE EXTENS\u00c3O II \u2013 PSICOPEDAGOGIA<\/p>\n<p class=\"MsoNormal\">PROGRAMA DE EXTENS\u00c3O:<\/p>\n<p class=\"MsoNormal\">PROGRAMA DE A\u00c7\u00c3O E DIFUS\u00c3O CULTURAL.<\/p>\n<p class=\"MsoNormal\">FINALIDADE E MOTIVA\u00c7\u00c3O:<\/p>\n<p class=\"MsoNormal\">A finalidade da extens\u00e3o no Programa de A\u00e7\u00e3o e Difus\u00e3o Cultural est\u00e1 na sua fun\u00e7\u00e3o social, por meio deste projeto ocorrer\u00e1 uma maior integra\u00e7\u00e3o entre a faculdade e a popula\u00e7\u00e3o, trazendo apoio a comunidade e difus\u00e3o do ensino. Os alunos dever\u00e3o identificar as necessidades da comunidade para o desenvolvimento de atividades que visem a melhoria da qualidade de vida na comunidade; a preserva\u00e7\u00e3o da cultura brasileira; a difus\u00e3o da cultura; a inclus\u00e3o e a valoriza\u00e7\u00e3o da diversidade. A Psicopedagogia se faz atrav\u00e9s da intera\u00e7\u00e3o humana, assim, os alunos ter\u00e3o a oportunidade de desenvolver e aprimorar compet\u00eancias t\u00e9cnico-profissionais e soft skills espec\u00edficas e importantes para o Psicopedagogo. Os locais que poder\u00e3o contemplar esse projeto s\u00e3o: Parcerias com a Prefeitura e atua\u00e7\u00e3o em Unidades B\u00e1sicas de Sa\u00fade; Associa\u00e7\u00f5es de Bairros; Cl\u00ednicas de Sa\u00fade P\u00fablicas e Privadas; Hospitais; Centros de Sa\u00fade; Casas de Repouso; Centros-Dia; Institui\u00e7\u00f5es de Longa Perman\u00eancia para Idosos; Creches e Escolas; Institui\u00e7\u00f5es Religiosas; Organiza\u00e7\u00f5es n\u00e3o-governamentais; Centros de Refer\u00eancia a Assist\u00eancia Social e demais institui\u00e7\u00f5es que representem a comunidade que far\u00e1 parte do projeto.<\/p>\n<p class=\"MsoNormal\">COMPET\u00caNCIAS:<\/p>\n<p class=\"MsoNormal\">I \u2013 Avaliar, diagnosticar, planejar e intervir em processos educativos em diferentes contextos;II \u2013 Avaliar, diagnosticar, planejar e intervir em processos psicossociais a grupos, segmentos e comunidades em situa\u00e7\u00e3o de vulnerabilidade individual e social;<\/p>\n<p class=\"MsoNormal\">III \u2013 Participar de processos grupais, em diferentes contextos, considerando diferen\u00e7as individuais e socioculturais;<\/p>\n<p class=\"MsoNormal\">IV \u2013 Aprendizagem cont\u00ednua.<\/p>\n<p class=\"MsoNormal\">PERFIL DE EGRESSO:<\/p>\n<p class=\"MsoNormal\">O perfil do egresso do curso de Psicopedagogia idealizado pela IES proporciona a forma\u00e7\u00e3o docente, que valoriza a inclus\u00e3o dos conhecimentos produzidos pelas ci\u00eancias para a Educa\u00e7\u00e3o, contribuindo para a compreens\u00e3o dos processos de ensino-aprendizagem, voltado para uso de estrat\u00e9gias e recursos pedag\u00f3gicos, que favorecem o desenvolvimento dos saberes e eliminem as barreiras de acesso ao conhecimento e das dificuldades na aprendizagem. A atua\u00e7\u00e3o no Programa de Sustentabilidade, demonstra as habilidades para atuar com consci\u00eancia junto a transforma\u00e7\u00e3o social por meio da educa\u00e7\u00e3o, tornando o egresso um agente transformador da realidade presente, na busca de melhoria da qualidade de vida.<\/p>\n<p class=\"MsoNormal\">SOFT SKILLS (COMPET\u00caNCIAS SOCIOEMOCIONAIS):<\/p>\n<p class=\"MsoNormal\">Planejamento e organiza\u00e7\u00e3oComunica\u00e7\u00e3o Interpessoal<\/p>\n<p class=\"MsoNormal\">An\u00e1lise e resolu\u00e7\u00e3o de problemas<\/p>\n<p class=\"MsoNormal\">OBJETIVOS DE APRENDIZAGEM:<\/p>\n<p class=\"MsoNormal\">Os objetivos da extens\u00e3o em Psicopedagogia vinculados ao Programa de A\u00e7\u00e3o e Difus\u00e3o Cultural est\u00e3o relacionados a dissemina\u00e7\u00e3o do saber e da cultura ensinados na faculdade e a forma\u00e7\u00e3o de novos saberes a partir das problem\u00e1ticas identificadas na comunidade, que, aliados fortificam as habilidades desenvolvidas no decorrer do curso, preparando o egresso para a atua\u00e7\u00e3o de forma \u00e9tica e cr\u00edtica no que diz respeito \u00e0 atua\u00e7\u00e3o profissional, visando \u00e0 promo\u00e7\u00e3o dos direitos humanos e do bem-estar dos indiv\u00edduos, dos grupos, das organiza\u00e7\u00f5es e das comunidades.<\/p>\n<p class=\"MsoNormal\">CONTE\u00daDOS:<\/p>\n<p class=\"MsoNormal\">I \u2013 \u00c9ticaII \u2013 Observa\u00e7\u00e3o, an\u00e1lise e planejamento para atua\u00e7\u00e3o psicopedag\u00f3gica;<\/p>\n<p class=\"MsoNormal\">III \u2013 Transtornos da aprendizagem;<\/p>\n<p class=\"MsoNormal\">IV \u2013 Desenvolvimento de plano de a\u00e7\u00e3o em psicopedagogia.<\/p>\n<p class=\"MsoNormal\">INDICA\u00c7\u00d5ES BIBLIOGR\u00c1FICAS:<\/p>\n<p class=\"MsoNormal\">SCHUKTZ, Duane; SCHULTZ, Sydney Ellen. Hist\u00f3ria da psicologia moderna. 4. ed. S\u00e3o Paulo, SP: Cengage, 2019.SOUZA, Paula Caroline de. Dificuldade de aprendizagem na alfabetiza\u00e7\u00e3o e letramento. S\u00e3o Paulo: Contentus, 2020.<\/p>\n<p class=\"MsoNormal\">AZEVEDO, T\u00e1ssia Lopes de. Psicopatologia da aprendizagem. S\u00e3o Paulo: Cengagem 2016.<\/p>\n<p class=\"MsoNormal\">CARVALHO, Ros\u00e2ngela Soares. Diagno\u0301stico psicopedago\u0301gico. Sa\u0303o Paulo, SP: Cengage Learning, 2016.<\/p>\n<p class=\"MsoNormal\">PAPALIA, Diane E.; FELDMAN, Ruth Duskin. Desenvolvimento humano, 14.ed.. Porto Alegre: AMGH, 2022.<\/p>\n<p class=\"MsoNormal\">MAIRA, Christiane Martinatti. Psicologia do Desenvolvimento e da Aprendizagem. Curitiba: InterSaberes, 2017.<\/p>\n<p class=\"MsoNormal\">\u00c1LVARO, Jos\u00e9. L. Psicologia social.S\u00e3o Paulo: Grupo A, 2017.<\/p>\n<p class=\"MsoNormal\">TEMPLATE PDCA:<\/p>\n<p class=\"MsoNormal\">Aluno e Aluna, essa atividade \u00e9 para sua organiza\u00e7\u00e3o e uso da metodologia PDCA. Por isso \u00e9 um documento orientativo e n\u00e3o precisa ser entregue. Veja as orienta\u00e7\u00f5es apresentadas no MANUAL DE ATIVIDADES EXTENSIONISTAS.<\/p>\n<p class=\"MsoNormal\">1.\u00a0 PLANEJAMENTO (PLAN)<\/p>\n<p class=\"MsoNormal\">Antes de definir sua proposta, explore os Objetivos de Desenvolvimento Sustent\u00e1vel (ODS) da Organiza\u00e7\u00e3o das Na\u00e7\u00f5es Unidas (ONU) no link https:\/\/brasil.un.org\/pt-br\/sdgs. Se preferir, pode baixar o documento pelo link https:\/\/brasil.un.org\/sites\/default\/files\/2020-09\/agenda2030-pt-br.pdf.Compreenda a proposta da ONU e engaje-se nessa oportunidade de contribuir com as metas de um organismo internacional t\u00e3o importante ao mesmo tempo em que participa de solu\u00e7\u00f5es de seu contexto!<\/p>\n<p class=\"MsoNormal\">Analise os 17 objetivos e escolha quais metas podem ser aderentes \u00e0 sua proposta e ao seu projeto. Para isso, clique no \u00edcone de cada objetivo e observe a listagem de metas dispon\u00edvel em cada um. \u00c9 necess\u00e1rio que voc\u00ea escolha pelo menos uma meta. Pode ser que voc\u00ea encontre metas aderentes \u00e0 sua proposta em diferentes objetivos, mas n\u00e3o se restrinja. Pode escolher dessa forma e mantenha o foco da ess\u00eancia de sua proposta.<\/p>\n<p class=\"MsoNormal\">Feito isso, liste aqui suas escolhas. Essa informa\u00e7\u00e3o tamb\u00e9m dever\u00e1 ser declarada em seu Relat\u00f3rio Final de Atividades Extensionistas.<\/p>\n<p class=\"MsoNormal\">LISTAR METAS DOS ODS ADERENTES AO SEU PROJETO<\/p>\n<p class=\"MsoNormal\">DEFINA A PROPOSTA.<\/p>\n<p class=\"MsoNormal\">IMERS\u00c3O:<\/p>\n<p class=\"MsoNormal\">DEFINA OS ITENS DA IMERS\u00c3O<\/p>\n<p class=\"MsoNormal\">Segue sugest\u00e3o de perguntas para utilizar na entrevista com o parceiro.<\/p>\n<p class=\"MsoNormal\">SUGEST\u00c3O DE SCRIPT DE ENTREVISTA<\/p>\n<p class=\"MsoNormal\">1.\u00a0\u00a0\u00a0\u00a0\u00a0\u00a0 Quais os principais problemas, fragilidades ou dificuldades que a institui\u00e7\u00e3o\/parceiro convive com maior frequ\u00eancia?<\/p>\n<p class=\"MsoNormal\">1.1.\u00a0\u00a0\u00a0 Os problemas est\u00e3o articulados com o programa\/conte\u00fado proposto no componente curricular?<\/p>\n<p class=\"MsoNormal\">Se n\u00e3o estiver, ser\u00e1 necess\u00e1rio voltar \u00e0 pergunta 1.<\/p>\n<p class=\"MsoNormal\">1.2.\u00a0\u00a0\u00a0 \u00c9 poss\u00edvel resolver ou mitigar os problemas identificados no prazo de dura\u00e7\u00e3o de projeto de extens\u00e3o.<\/p>\n<p class=\"MsoNormal\">Se n\u00e3o for poss\u00edvel deve voltar \u00e0 pergunta 1.<\/p>\n<p class=\"MsoNormal\">1.3.\u00a0\u00a0\u00a0 A solu\u00e7\u00e3o ou mitiga\u00e7\u00e3o auxiliar\u00e1 a comunidade ou um grupo de pessoas da comunidade?<\/p>\n<p class=\"MsoNormal\">Se n\u00e3o auxiliar deve voltar \u00e0 pergunta 1.<\/p>\n<p class=\"MsoNormal\">2.\u00a0\u00a0\u00a0\u00a0\u00a0\u00a0 Quais ser\u00e3o as pessoas envolvidas na a\u00e7\u00e3o para buscar resolver ou mitigar os problemas identificados?<\/p>\n<p class=\"MsoNormal\">3.\u00a0\u00a0\u00a0\u00a0\u00a0\u00a0 Onde ser\u00e1 realizada a a\u00e7\u00e3o?<\/p>\n<p class=\"MsoNormal\">4.\u00a0\u00a0\u00a0\u00a0\u00a0\u00a0 H\u00e1 limita\u00e7\u00e3o de pessoas ou restri\u00e7\u00e3o para acesso ao local indicado?<\/p>\n<p class=\"MsoNormal\">5.\u00a0\u00a0\u00a0\u00a0\u00a0\u00a0 Quais ser\u00e3o as pessoas beneficiadas diretamente?<\/p>\n<p class=\"MsoNormal\">6.\u00a0\u00a0\u00a0\u00a0\u00a0\u00a0 Necessitar\u00e1 de insumos\/recursos financeiros para a realiza\u00e7\u00e3o da a\u00e7\u00e3o?<\/p>\n<p class=\"MsoNormal\">7.\u00a0\u00a0\u00a0\u00a0\u00a0\u00a0 Ser\u00e1 necess\u00e1rio agendamento?<\/p>\n<p class=\"MsoNormal\">8.\u00a0\u00a0\u00a0\u00a0\u00a0\u00a0 Qual o per\u00edodo, dia da semana, hor\u00e1rio que ser\u00e1 realizada a a\u00e7\u00e3o?<\/p>\n<p class=\"MsoNormal\">IDEA\u00c7\u00c3O:DEFINA OS ITENS DA IDEA\u00c7\u00c3O.<\/p>\n<p class=\"MsoNormal\">PROTOTIPA\u00c7\u00c3O:DEFINA OS ITENS DA PROTOTIPA\u00c7\u00c3O.<\/p>\n<p class=\"MsoNormal\">IDEIAS E ANOTA\u00c7\u00d5ES:<\/p>\n<p class=\"MsoNormal\">2. REALIZA\u00c7\u00c3O (DO)<\/p>\n<p class=\"MsoNormal\">CRONOGRAMA:<\/p>\n<p class=\"MsoNormal\">ATIVIDADES\u00a0\u00a0\u00a0\u00a0\u00a0\u00a0\u00a0 PER. 1\u00a0\u00a0 PER. 2\u00a0\u00a0 PER. 3\u00a0\u00a0 PER.4<\/p>\n<p class=\"MsoNormal\">3. VERIFICA\u00c7\u00c3O (CHECK)<\/p>\n<p class=\"MsoNormal\">Planejamento:<\/p>\n<p class=\"MsoNormal\">Imers\u00e3o realizada?<\/p>\n<p class=\"MsoNormal\">() SIM<\/p>\n<p class=\"MsoNormal\">() N\u00c3O<\/p>\n<p class=\"MsoNormal\">Idea\u00e7\u00e3o realizada?<\/p>\n<p class=\"MsoNormal\">() SIM<\/p>\n<p class=\"MsoNormal\">() N\u00c3O<\/p>\n<p class=\"MsoNormal\">Prototipa\u00e7\u00e3o realizada?<\/p>\n<p class=\"MsoNormal\">() SIM<\/p>\n<p class=\"MsoNormal\">() N\u00c3O<\/p>\n<p class=\"MsoNormal\">Planejamento est\u00e1 ok?<\/p>\n<p class=\"MsoNormal\">() SIM<\/p>\n<p class=\"MsoNormal\">() N\u00c3O<\/p>\n<p class=\"MsoNormal\">Realiza\u00e7\u00e3o:<\/p>\n<p class=\"MsoNormal\">Cronograma realizado?<\/p>\n<p class=\"MsoNormal\">() SIM<\/p>\n<p class=\"MsoNormal\">() N\u00c3O<\/p>\n<p class=\"MsoNormal\">Cronograma atende a realiza\u00e7\u00e3o do projeto?<\/p>\n<p class=\"MsoNormal\">() SIM<\/p>\n<p class=\"MsoNormal\">() N\u00c3O<\/p>\n<p class=\"MsoNormal\">Verifica\u00e7\u00e3o:<\/p>\n<p class=\"MsoNormal\">Cronograma atende a realiza\u00e7\u00e3o do projeto?<\/p>\n<p class=\"MsoNormal\">() SIM<\/p>\n<p class=\"MsoNormal\">() N\u00c3O<\/p>\n<p class=\"MsoNormal\">Projeto atende a proposta da institui\u00e7\u00e3o escolhida?<\/p>\n<p class=\"MsoNormal\">() SIM<\/p>\n<p class=\"MsoNormal\">() N\u00c3O<\/p>\n<p class=\"MsoNormal\">Houve necessidade de mudan\u00e7a de estrat\u00e9gia?<\/p>\n<p class=\"MsoNormal\">() SIM<\/p>\n<p class=\"MsoNormal\">() N\u00c3O<\/p>\n<p class=\"MsoNormal\">Em caso positivo, mencione as mudan\u00e7as e novas estrat\u00e9gias?<\/p>\n<p class=\"MsoNormal\">4. A\u00c7\u00c3O (ACT)<\/p>\n<p class=\"MsoNormal\">A\u00c7\u00c3O PROPOSTA:<\/p>\n<p>&nbsp;<\/p>\n<p class=\"MsoNormal\">REFER\u00caNCIAS BIBLIOGR\u00c1FICASCAMPO OBRIGAT\u00d3RIO \u2013 Siga a normas ABNT, para isso consulte sua Biblioteca Virtual.<\/p>\n<div class=\"elementor-toggle-item\">\n<p id=\"elementor-tab-title-1941\" class=\"elementor-tab-title elementor-active\" tabindex=\"0\" role=\"tab\" data-tab=\"1\" aria-controls=\"elementor-tab-content-1941\" aria-expanded=\"true\" aria-selected=\"true\"><strong>Como funciona?<\/strong><\/p>\n<p>Elaboramos os portf\u00f3lios, j\u00e1 deixamos prontos, nas normas da ABNT e conforme os requisitos da universidade. F\u00e1cil assim! O MELHOR \u00c9 QUE VOC\u00ca COMPRA E J\u00c1 BAIXA NA HORA O SEU ARQUIVO EM WORD! Sabemos que conciliar trabalho, fam\u00edlia, vida profissional e estudos \u00e9 dif\u00edcil hoje em dia, por isso, estamos aqui para ajudar voc\u00ea. Conte com nossa qualidade, experi\u00eancia e profissionalismo adquirindo seu portf\u00f3lio conosco. GARANTIMOS SEU CONCEITO!<\/p>\n<p><strong>Como se realizam os envios?<\/strong><\/p>\n<\/div>\n<p id=\"elementor-tab-content-1942\" class=\"elementor-tab-content elementor-clearfix elementor-active\" role=\"tabpanel\" data-tab=\"2\" aria-labelledby=\"elementor-tab-title-1942\">O seu trabalho \u00e9 disponibilizado pronto, respondido e nas normas j\u00e1 na mesma hora aqui em nosso site na sua \u00e1rea de downloads e tamb\u00e9m no seu e-mail.<\/p>\n<p><strong>Em quanto tempo recebo o portf\u00f3lio?<\/strong><\/p>\n<p>Os envios s\u00e3o imediatos. Ap\u00f3s sua compra, o trabalho j\u00e1 \u00e9 disponibilizado instantaneamente aqui em nosso site e no seu e-mail.<\/p>\n<p><strong>E se o portf\u00f3lio que comprei precisar de corre\u00e7\u00e3o?<\/strong><\/p>\n<p>Caso haja alguma solicita\u00e7\u00e3o de corre\u00e7\u00e3o\/altera\u00e7\u00e3o por parte do tutor, basta entrar em contato conosco pelo\u00a0WhatsApp\u00a0que provid\u00eanciaremos sem custo algum.<\/p>\n<p><strong>Qual o formato do arquivo?<\/strong><\/p>\n<p>Os arquivos s\u00e3o enviados em formato Word e s\u00e3o edit\u00e1veis.<\/p>\n<p><strong>Caso eu tiver alguma d\u00favida, terei suporte no p\u00f3s venda?<\/strong><\/p>\n<p>Sim, com certeza. Basta clicar no \u00edcone do WhatsApp no cantinho da tela. Ser\u00e1 um prazer atend\u00ea-lo(a).<\/p>\n<div id=\"elementor-tab-content-1948\" class=\"elementor-tab-content elementor-clearfix elementor-active\" role=\"tabpanel\" data-tab=\"8\" aria-labelledby=\"elementor-tab-title-1948\">\n<p><strong>Quais os seus canais de contato?<\/strong><\/p>\n<\/div>\n<div id=\"elementor-tab-content-1949\" class=\"elementor-tab-content elementor-clearfix elementor-active\" role=\"tabpanel\" data-tab=\"9\" aria-labelledby=\"elementor-tab-title-1949\">\n<p>Whatsapp: 53 984751621 \u2013 Clicar no canto da tela ou ESCANEIE O QRCODE ABAIXO<\/p>\n<h4><img decoding=\"async\" class=\"alignnone wp-image-13699 jetpack-lazy-image jetpack-lazy-image--handled\" src=\"https:\/\/i0.wp.com\/portifolioos-prontos.com\/wp-content\/uploads\/2023\/02\/whatsapp-business-projeto-de-extensao-300x300.jpeg?resize=144%2C144\" sizes=\"(max-width: 144px) 100vw, 144px\" srcset=\"https:\/\/i0.wp.com\/portifolioos-prontos.com\/wp-content\/uploads\/2023\/02\/whatsapp-business-projeto-de-extensao.jpeg?resize=300%2C301&amp;ssl=1 300w, https:\/\/i0.wp.com\/portifolioos-prontos.com\/wp-content\/uploads\/2023\/02\/whatsapp-business-projeto-de-extensao.jpeg?resize=150%2C150&amp;ssl=1 150w, https:\/\/i0.wp.com\/portifolioos-prontos.com\/wp-content\/uploads\/2023\/02\/whatsapp-business-projeto-de-extensao.jpeg?resize=370%2C372&amp;ssl=1 370w, https:\/\/i0.wp.com\/portifolioos-prontos.com\/wp-content\/uploads\/2023\/02\/whatsapp-business-projeto-de-extensao.jpeg?resize=100%2C100&amp;ssl=1 100w, https:\/\/i0.wp.com\/portifolioos-prontos.com\/wp-content\/uploads\/2023\/02\/whatsapp-business-projeto-de-extensao.jpeg?w=470&amp;ssl=1 470w\" alt=\"projeto de extens\u00e3o unopar\" width=\"144\" height=\"144\" data-lazy-loaded=\"1\" \/><\/h4>\n<\/div>\n<div class=\"elementor-toggle-item\">\n<div id=\"elementor-tab-content-1949\" class=\"elementor-tab-content elementor-clearfix elementor-active\" role=\"tabpanel\" data-tab=\"9\" aria-labelledby=\"elementor-tab-title-1949\">\n<p>E-mail:portifoliosp@gmail.com<\/p>\n<div id=\"attachment_143\" class=\"wp-caption alignnone\">\n<div id=\"attachment_143\" class=\"wp-caption alignnone\">\n<p id=\"caption-attachment-143\" class=\"wp-caption-text\"><a href=\"http:\/\/portfolio-pronto.com\/\">Portf\u00f3lio<\/a>\u00a0em Word, respondido, completo e j\u00e1 nas normas<\/p>\n<\/div>\n<\/div>\n<\/div>\n<\/div>\n","protected":false},"excerpt":{"rendered":"<div class=\"product-short-description\">\n<div class=\"product-short-description\">\n<div><span style=\"color: #ff0000\"><strong>Compre e receba o Relat\u00f3rio Final de Atividades Extensionistas j\u00e1 preenchido, com um projeto totalmente desenvolvido para entrega.<\/strong><\/span><\/div>\n<div class=\"product-short-description\"><strong>Pague pelo PIX ou cart\u00e3o e fa\u00e7a o download agora mesmo.<\/strong><\/div>\n<div class=\"sticky-add-to-cart-wrapper\">\n<div class=\"sticky-add-to-cart\">\n<p class=\"quantity buttons_added form-flat\"><img decoding=\"async\" class=\"lazyloaded smush-image-5 smush-image-3 smush-image-4 smush-detected-img smush-image-bigger-3\" src=\"https:\/\/d26lpennugtm8s.cloudfront.net\/assets\/common\/img\/logos\/payment\/visa@2x.png\" width=\"46\" height=\"29\" data-src=\"https:\/\/d26lpennugtm8s.cloudfront.net\/assets\/common\/img\/logos\/payment\/visa@2x.png\" \/><img decoding=\"async\" class=\"lazyloaded smush-image-6 smush-image-4 smush-image-5 smush-detected-img smush-image-bigger-4\" src=\"https:\/\/d26lpennugtm8s.cloudfront.net\/assets\/common\/img\/logos\/payment\/boleto@2x.png\" width=\"43\" height=\"27\" data-src=\"https:\/\/d26lpennugtm8s.cloudfront.net\/assets\/common\/img\/logos\/payment\/boleto@2x.png\" \/><img loading=\"lazy\" decoding=\"async\" class=\"lazyloaded smush-image-7 smush-image-5 smush-image-6 smush-detected-img smush-image-bigger-5\" src=\"https:\/\/d26lpennugtm8s.cloudfront.net\/assets\/common\/img\/logos\/payment\/mastercard@2x.png\" width=\"43\" height=\"27\" data-src=\"https:\/\/d26lpennugtm8s.cloudfront.net\/assets\/common\/img\/logos\/payment\/mastercard@2x.png\" \/><img loading=\"lazy\" decoding=\"async\" class=\"lazyloaded smush-image-8 smush-image-6 smush-image-7 smush-detected-img smush-image-bigger-6\" src=\"https:\/\/d26lpennugtm8s.cloudfront.net\/assets\/common\/img\/logos\/payment\/amex@2x.png\" width=\"43\" height=\"27\" data-src=\"https:\/\/d26lpennugtm8s.cloudfront.net\/assets\/common\/img\/logos\/payment\/amex@2x.png\" \/><img loading=\"lazy\" decoding=\"async\" class=\"lazyloaded smush-image-9 smush-image-7 smush-image-8 smush-detected-img smush-image-bigger-7\" src=\"https:\/\/d26lpennugtm8s.cloudfront.net\/assets\/common\/img\/logos\/payment\/diners@2x.png\" width=\"46\" height=\"29\" data-src=\"https:\/\/d26lpennugtm8s.cloudfront.net\/assets\/common\/img\/logos\/payment\/diners@2x.png\" \/><img loading=\"lazy\" decoding=\"async\" class=\"lazyloaded smush-image-10 smush-image-8 smush-image-9 alignnone smush-detected-img smush-image-bigger-8\" src=\"https:\/\/d26lpennugtm8s.cloudfront.net\/assets\/common\/img\/logos\/payment\/br\/elo@2x.png\" alt=\"portf\u00f3lio unopar anhanguera\" width=\"45\" height=\"28\" data-src=\"https:\/\/d26lpennugtm8s.cloudfront.net\/assets\/common\/img\/logos\/payment\/br\/elo@2x.png\" \/><img loading=\"lazy\" decoding=\"async\" class=\"lazyloaded smush-image-11 smush-image-9 smush-image-10 alignnone smush-detected-img smush-image-bigger-9\" src=\"https:\/\/d26lpennugtm8s.cloudfront.net\/assets\/common\/img\/logos\/payment\/br\/hipercard@2x.png\" alt=\"portf\u00f3lio unopar anhanguera\" width=\"44\" height=\"28\" data-src=\"https:\/\/d26lpennugtm8s.cloudfront.net\/assets\/common\/img\/logos\/payment\/br\/hipercard@2x.png\" \/><img loading=\"lazy\" decoding=\"async\" class=\"lazyloaded smush-image-12 smush-image-10 smush-image-11 alignnone smush-detected-img smush-image-bigger-10\" src=\"https:\/\/d26lpennugtm8s.cloudfront.net\/assets\/common\/img\/logos\/payment\/mercadopago@2x.png\" alt=\"portf\u00f3lio unopar anhanguera\" width=\"45\" height=\"28\" data-src=\"https:\/\/d26lpennugtm8s.cloudfront.net\/assets\/common\/img\/logos\/payment\/mercadopago@2x.png\" \/><img loading=\"lazy\" decoding=\"async\" class=\"alignnone ls-is-cached lazyloaded smush-detected-img smush-image-bigger-11\" src=\"https:\/\/futurium.com.br\/wp-content\/uploads\/2021\/06\/logo-pix-icone-512.png\" alt=\"portfolio pronto\" width=\"30\" height=\"30\" data-src=\"https:\/\/futurium.com.br\/wp-content\/uploads\/2021\/06\/logo-pix-icone-512.png\" \/><\/p>\n<\/div>\n<\/div>\n<\/div>\n<\/div>\n","protected":false},"featured_media":28499,"template":"","meta":{"_seopress_robots_primary_cat":"none","_seopress_titles_title":"%%post_title%% %%sitetitle%%","_seopress_titles_desc":"%%post_content%%","_seopress_robots_index":""},"product_cat":[142,15],"product_tag":[731],"class_list":{"0":"post-28496","1":"product","2":"type-product","3":"status-publish","4":"has-post-thumbnail","6":"product_cat-psicopedagogia","7":"product_cat-uncategorized","8":"product_tag-projeto-de-extensao-acao-e-difusao-cultural","10":"first","11":"instock","12":"downloadable","13":"virtual","14":"purchasable","15":"product-type-simple","16":"col-xs-6 col-sm-4","17":"col-mf-5","18":"un-5-cols"},"jetpack_sharing_enabled":true,"_links":{"self":[{"href":"https:\/\/portifolioos-prontos.com\/index.php\/wp-json\/wp\/v2\/product\/28496","targetHints":{"allow":["GET"]}}],"collection":[{"href":"https:\/\/portifolioos-prontos.com\/index.php\/wp-json\/wp\/v2\/product"}],"about":[{"href":"https:\/\/portifolioos-prontos.com\/index.php\/wp-json\/wp\/v2\/types\/product"}],"version-history":[{"count":1,"href":"https:\/\/portifolioos-prontos.com\/index.php\/wp-json\/wp\/v2\/product\/28496\/revisions"}],"predecessor-version":[{"id":44157,"href":"https:\/\/portifolioos-prontos.com\/index.php\/wp-json\/wp\/v2\/product\/28496\/revisions\/44157"}],"wp:featuredmedia":[{"embeddable":true,"href":"https:\/\/portifolioos-prontos.com\/index.php\/wp-json\/wp\/v2\/media\/28499"}],"wp:attachment":[{"href":"https:\/\/portifolioos-prontos.com\/index.php\/wp-json\/wp\/v2\/media?parent=28496"}],"wp:term":[{"taxonomy":"product_cat","embeddable":true,"href":"https:\/\/portifolioos-prontos.com\/index.php\/wp-json\/wp\/v2\/product_cat?post=28496"},{"taxonomy":"product_tag","embeddable":true,"href":"https:\/\/portifolioos-prontos.com\/index.php\/wp-json\/wp\/v2\/product_tag?post=28496"}],"curies":[{"name":"wp","href":"https:\/\/api.w.org\/{rel}","templated":true}]}}