{"id":28506,"date":"2024-07-28T20:01:53","date_gmt":"2024-07-28T23:01:53","guid":{"rendered":"https:\/\/portifolioos-prontos.com\/?post_type=product&#038;p=28506"},"modified":"2024-09-01T15:04:26","modified_gmt":"2024-09-01T18:04:26","slug":"aula-pratica-sensoriamento-remoto-e-geoprocessamento-aplicados-ao-meio","status":"publish","type":"product","link":"https:\/\/portifolioos-prontos.com\/index.php\/product\/aula-pratica-sensoriamento-remoto-e-geoprocessamento-aplicados-ao-meio\/","title":{"rendered":"Aula Pr\u00e1tica Sensoriamento Remoto e Geoprocessamento aplicados ao meio"},"content":{"rendered":"<h4>Aula Pr\u00e1tica Sensoriamento Remoto e Geoprocessamento aplicados ao meio<\/h4>\n<p>Roteiro de Aula Pr\u00e1tica<\/p>\n<p>Sensoriamento Remoto e Geoprocessamento aplicados ao meio<\/p>\n<p>Disciplina: Sensoriamento Remoto e Geoprocessamento aplicados ao meio<\/p>\n<p>ROTEIRO DE AULA PR\u00c1TICA 1<\/p>\n<p>Unidade: 4<\/p>\n<p>Aula (White Label)\/Se\u00e7\u00e3o (KLS): 1<\/p>\n<p>SOFTWARE<\/p>\n<p>\u2610Software \/ \u2612 Acesso on-line<\/p>\n<p>\u2610Pago \/ \u2612 N\u00e3o Pago<\/p>\n<p>Infraestrutura:<\/p>\n<p>Computador com acesso a internet<\/p>\n<p>Descri\u00e7\u00e3o do software:<\/p>\n<p>Laborat\u00f3rio Virtual Algetec<\/p>\n<p>U04A01: <a href=\"https:\/\/mdstrm.com\/embed\/631b68a56965c12ed35319de\" target=\"_new\" rel=\"noreferrer noopener\">https:\/\/mdstrm.com\/embed\/631b68a56965c12ed35319de<\/a><\/p>\n<p>ATIVIDADE PR\u00c1TICA 1<\/p>\n<p>Atividade proposta:<\/p>\n<p>Os dados de GNSS podem ser coletados de diferentes formas, por diferentes instrumentos, sendo que alguns chegam a apresentar precis\u00e3o de cent\u00edmetros \u2013 e at\u00e9 mil\u00edmetros. Nesta atividade, vamos simular a instala\u00e7\u00e3o de equipamento para coleta de dados de alta precis\u00e3o e, assim, compreender melhor como \u00e9 o funcionamento dos sistemas GNSS. Esse tipo de equipamento \u00e9 utilizado, sobretudo, para realiza\u00e7\u00e3o de levantamentos topogr\u00e1ficos e a montagem correta dos equipamentos \u00e9 fundamental para coleta de dados precisa.<\/p>\n<p>Objetivos:<\/p>\n<p>\u2022 Compreender como \u00e9 realizada a montagem de um equipamento de coleta de dados de GNSS;<\/p>\n<p>\u2022 Aprender sobre os instrumentos que s\u00e3o utilizados para a coleta de dados;<\/p>\n<p>\u2022 Definir lugares adequados para a montagem dos equipamentos.<\/p>\n<p>Procedimentos para a realiza\u00e7\u00e3o da atividade:<\/p>\n<p>Para realiza\u00e7\u00e3o desta atividade voc\u00ea precisa do acesso ao Laborat\u00f3rio Virtual ALGETEC.<\/p>\n<p>Ap\u00f3s acessar ao Laborat\u00f3rio Virtual ALGETEC clicar, no lado esquerdo, em Cursos;<\/p>\n<p>Posteriormente, clique em Labs Espec\u00edficos de Engenharia e depois em Laborat\u00f3rios Espec\u00edficos de Civil, Arquitetura e Geologia.<\/p>\n<p>Role a p\u00e1gina para baixo at\u00e9 encontrar \u201cGeoprocessamento \u2013 Montagem de Equipamento\u201d.<\/p>\n<p><a href=\"https:\/\/mdstrm.com\/embed\/631b68a56965c12ed35319de\" target=\"_new\" rel=\"noreferrer noopener\">https:\/\/mdstrm.com\/embed\/631b68a56965c12ed35319de<\/a><\/p>\n<p>Voc\u00ea dever\u00e1 ler todo o conte\u00fado disponibilizado (Apresenta\u00e7\u00e3o, Sum\u00e1rio Te\u00f3rico, Roteiro), responder as quest\u00f5es do Pr\u00e9-Teste e, ent\u00e3o realizar o experimento. Ao final, dever\u00e1 responder as quest\u00f5es do p\u00f3s-teste.<\/p>\n<p>Checklist:<\/p>\n<p>Acessar ao curso \u201cGeoprocessamento \u2013 Montagem de Equipamento\u201d no laborat\u00f3rio Virtual ALGETEC;<\/p>\n<p>Ler o conte\u00fado te\u00f3rico dispon\u00edvel;<\/p>\n<p>Realizar a atividade do Experimento;<\/p>\n<p>Responder \u00e0s quest\u00f5es.<\/p>\n<p>Resultado: Aluno, voc\u00ea dever\u00e1 entregar:<\/p>\n<p>Encaminhar tela (print screen) de:<\/p>\n<ul>\n<li>Sum\u00e1rio Te\u00f3rico (trecho que explica o que \u00e9 uma esta\u00e7\u00e3o total);<\/li>\n<li>Roteiro (trecho que demonstra os materiais necess\u00e1rios);<\/li>\n<li>Desenvolvimento do Experimento (equipamento GNSS com as baterias instaladas);<\/li>\n<li>Quest\u00f5es de p\u00f3s-teste respondidas<\/li>\n<\/ul>\n<p>IMPORTANTE! O print screen deve conter data e hora!.<\/p>\n<p>Refer\u00eancias:<\/p>\n<p>MONICO, J. F. G. Posicionamento pelo GNSS: descri\u00e7\u00e3o, fundamentos e aplica\u00e7\u00f5es. 2. ed. S\u00e3o Paulo: UNESP, 2008.<\/p>\n<p>NASCIMENTO, M. An\u00e1lise da acur\u00e1cia em levantamentos topogr\u00e1ficos sob diferentes condi\u00e7\u00f5es de campo. Trabalho de Conclus\u00e3o de Curso (Gradua\u00e7\u00e3o) \u2013 Universidade Federal do Cear\u00e1, Fortaleza, 2016.<\/p>\n<p>ROTEIRO DE AULA PR\u00c1TICA 2<\/p>\n<p>Unidade: 3<\/p>\n<p>Aula (White Label)\/Se\u00e7\u00e3o (KLS): 1<\/p>\n<p>SOFTWARE<\/p>\n<p>\u2610Software \/ \u2612 Acesso on-line<\/p>\n<p>\u2610Pago \/ \u2612 N\u00e3o Pago<\/p>\n<p>Infraestrutura:<\/p>\n<p>Computador com acesso a internet<\/p>\n<p>Descri\u00e7\u00e3o do software:<\/p>\n<p>Laborat\u00f3rio Virtual Algetec<\/p>\n<p>U03A01: <a href=\"https:\/\/mdstrm.com\/embed\/631b689cbfdb604e99388cb7\" target=\"_new\" rel=\"noreferrer noopener\">https:\/\/mdstrm.com\/embed\/631b689cbfdb604e99388cb7<\/a><\/p>\n<p>ATIVIDADE PR\u00c1TICA 2<\/p>\n<p>Atividade proposta:<\/p>\n<p>.O Sensoriamento Remoto compreende tecnologias que se ocupam de obter informa\u00e7\u00f5es a partir do uso de sensores (que podem ser acoplados a sat\u00e9lites, avi\u00f5es, RPA ou mesmo em solo). Nesta atividade iremos verificar a utiliza\u00e7\u00e3o de fotografias a\u00e9reas e da estereoscopia na an\u00e1lise dessas imagens para avalia\u00e7\u00e3o da hidrografia.<\/p>\n<p>Objetivos:<\/p>\n<p>\u2022 Compreender como \u00e9 realizada a fotointerpreta\u00e7\u00e3o;<\/p>\n<p>\u2022 Aprender como \u00e9 o funcionamento de um estereosc\u00f3pio;<\/p>\n<p>\u2022 Analisar a rede hidrogr\u00e1fica a partir de fotografias a\u00e9reas.<\/p>\n<p>Procedimentos para a realiza\u00e7\u00e3o da atividade:<\/p>\n<p>Para realiza\u00e7\u00e3o desta atividade voc\u00ea precisa do acesso ao Laborat\u00f3rio Virtual ALGETEC.<\/p>\n<p>Ap\u00f3s acessar ao Laborat\u00f3rio Virtual ALGETEC clicar, no lado esquerdo, em Cursos;<\/p>\n<p>Posteriormente, clique em Labs Espec\u00edficos de Engenharia e depois em Laborat\u00f3rios Espec\u00edficos de Civil, Arquitetura e Geologia.<\/p>\n<p>Role a p\u00e1gina para baixo at\u00e9 encontrar \u201cFotointerpreta\u00e7\u00e3o \u2013 estereoscopia \u00f3ptica\u201d.<\/p>\n<p>Voc\u00ea dever\u00e1 ler todo o conte\u00fado disponibilizado (Apresenta\u00e7\u00e3o, Sum\u00e1rio Te\u00f3rico, Roteiro), responder as quest\u00f5es do Pr\u00e9-Teste e, ent\u00e3o realizar o experimento. Ao final, dever\u00e1 responder as quest\u00f5es do p\u00f3s-teste.<\/p>\n<p>Checklist:<\/p>\n<p>Acessar ao curso encontrar \u201cFotointerpreta\u00e7\u00e3o \u2013 estereoscopia \u00f3ptica\u201d<\/p>\n<p>no laborat\u00f3rio Virtual ALGETEC;<\/p>\n<p>Ler o conte\u00fado te\u00f3rico dispon\u00edvel;<\/p>\n<p>Realizar a atividade do Experimento;<\/p>\n<p><a href=\"https:\/\/mdstrm.com\/embed\/631b689cbfdb604e99388cb7\" target=\"_new\" rel=\"noreferrer noopener\">https:\/\/mdstrm.com\/embed\/631b689cbfdb604e99388cb7<\/a><\/p>\n<p>Responder \u00e0s quest\u00f5es.<\/p>\n<p>Resultados da aula pr\u00e1tica: Aluno, voc\u00ea dever\u00e1 entregar:<\/p>\n<p>Encaminhar tela (print screen) de:<\/p>\n<ul>\n<li>Sum\u00e1rio Te\u00f3rico (Trecho que explica o funcionamento de um estereosc\u00f3pio de espelho);<\/li>\n<li>Roteiro (Materiais necess\u00e1rios);<\/li>\n<li>Desenvolvimento do Experimento ();<\/li>\n<li>Quest\u00f5es de p\u00f3s-teste respondidas<\/li>\n<\/ul>\n<p>IMPORTANTE! O print screen deve conter data e hora!<\/p>\n<p>Refer\u00eancias:<\/p>\n<p>CARVALHO, Edilson Alves; ARA\u00daJO, Paulo C\u00e9sar. Leituras cartogr\u00e1ficas e interpreta\u00e7\u00f5es estat\u00edsticas II. Natal: EDUFRN, 2009.<\/p>\n<p>JENSEN, J. Sensoriamento remoto do ambiente: uma perspectiva em recursos terrestres. S\u00e3o Jos\u00e9 dos Campos: Par\u00eantese Editora, 2009.<\/p>\n<div class=\"elementor-toggle-item\">\n<h4 id=\"elementor-tab-title-1941\" class=\"elementor-tab-title elementor-active\" tabindex=\"0\" role=\"tab\" data-tab=\"1\" aria-controls=\"elementor-tab-content-1941\" aria-expanded=\"true\" aria-selected=\"true\">Como funciona?<\/h4>\n<div id=\"elementor-tab-content-1941\" class=\"elementor-tab-content elementor-clearfix elementor-active\" role=\"tabpanel\" data-tab=\"1\" aria-labelledby=\"elementor-tab-title-1941\">\n<p>Elaboramos os portf\u00f3lios, j\u00e1 deixamos prontos, nas normas da ABNT e conforme os requisitos da universidade. F\u00e1cil assim! O MELHOR \u00c9 QUE VOC\u00ca COMPRA E J\u00c1 BAIXA NA HORA O SEU ARQUIVO EM WORD! Sabemos que conciliar trabalho, fam\u00edlia, vida profissional e estudos \u00e9 dif\u00edcil hoje em dia, por isso, estamos aqui para ajudar voc\u00ea. Conte com nossa qualidade, experi\u00eancia e profissionalismo adquirindo seu portf\u00f3lio conosco. GARANTIMOS SEU CONCEITO!<\/p>\n<h4>Como se realizam os envios?<\/h4>\n<\/div>\n<\/div>\n<div class=\"elementor-toggle-item\">\n<div id=\"elementor-tab-content-1942\" class=\"elementor-tab-content elementor-clearfix elementor-active\" role=\"tabpanel\" data-tab=\"2\" aria-labelledby=\"elementor-tab-title-1942\">O seu trabalho \u00e9 disponibilizado pronto, respondido e nas normas j\u00e1 na mesma hora aqui em nosso site na sua \u00e1rea de downloads e tamb\u00e9m no seu e-mail.<\/div>\n<\/div>\n<div class=\"elementor-toggle-item\">\n<div id=\"elementor-tab-content-1943\" class=\"elementor-tab-content elementor-clearfix elementor-active\" role=\"tabpanel\" data-tab=\"3\" aria-labelledby=\"elementor-tab-title-1943\">\n<h4>Em quanto tempo recebo o portf\u00f3lio?<\/h4>\n<\/div>\n<\/div>\n<div class=\"elementor-toggle-item\">\n<div id=\"elementor-tab-content-1944\" class=\"elementor-tab-content elementor-clearfix elementor-active\" role=\"tabpanel\" data-tab=\"4\" aria-labelledby=\"elementor-tab-title-1944\">\n<p>Os envios s\u00e3o imediatos. Ap\u00f3s sua compra, o trabalho j\u00e1 \u00e9 disponibilizado instantaneamente aqui em nosso site e no seu e-mail.<\/p>\n<h4>E se o portf\u00f3lio que comprei precisar de corre\u00e7\u00e3o?<\/h4>\n<\/div>\n<\/div>\n<div class=\"elementor-toggle-item\">\n<div id=\"elementor-tab-content-1945\" class=\"elementor-tab-content elementor-clearfix elementor-active\" role=\"tabpanel\" data-tab=\"5\" aria-labelledby=\"elementor-tab-title-1945\">\n<p>Caso haja alguma solicita\u00e7\u00e3o de corre\u00e7\u00e3o\/altera\u00e7\u00e3o por parte do tutor, basta entrar em contato conosco pelo\u00a0WhatsApp\u00a0que provid\u00eanciaremos sem custo algum.<\/p>\n<h4>Qual o formato do arquivo?<\/h4>\n<\/div>\n<\/div>\n<div class=\"elementor-toggle-item\">\n<div id=\"elementor-tab-content-1946\" class=\"elementor-tab-content elementor-clearfix elementor-active\" role=\"tabpanel\" data-tab=\"6\" aria-labelledby=\"elementor-tab-title-1946\">\n<p>Os arquivos s\u00e3o enviados em formato Word e s\u00e3o edit\u00e1veis.<\/p>\n<h4>Caso eu tiver alguma d\u00favida, terei suporte no p\u00f3s venda?<\/h4>\n<\/div>\n<\/div>\n<div class=\"elementor-toggle-item\">\n<div id=\"elementor-tab-content-1948\" class=\"elementor-tab-content elementor-clearfix elementor-active\" role=\"tabpanel\" data-tab=\"8\" aria-labelledby=\"elementor-tab-title-1948\">\n<p>Sim, com certeza. Basta clicar no \u00edcone do WhatsApp no cantinho da tela. Ser\u00e1 um prazer atend\u00ea-lo(a).<\/p>\n<div class=\"elementor-toggle-item\">\n<div id=\"elementor-tab-content-1948\" class=\"elementor-tab-content elementor-clearfix elementor-active\" role=\"tabpanel\" data-tab=\"8\" aria-labelledby=\"elementor-tab-title-1948\">\n<h4>Quais os seus canais de contato?<\/h4>\n<\/div>\n<\/div>\n<div class=\"elementor-toggle-item\">\n<div id=\"elementor-tab-content-1949\" class=\"elementor-tab-content elementor-clearfix elementor-active\" role=\"tabpanel\" data-tab=\"9\" aria-labelledby=\"elementor-tab-title-1949\">\n<p>Whatsapp: 53 984751621 \u2013 Clicar no canto da tela ou ESCANEIE O QRCODE ABAIXO<\/p>\n<h4><img decoding=\"async\" class=\"alignnone wp-image-13699 jetpack-lazy-image jetpack-lazy-image--handled smush-detected-img smush-image-1 smush-image-2\" src=\"https:\/\/i0.wp.com\/portifolioos-prontos.com\/wp-content\/uploads\/2023\/02\/whatsapp-business-projeto-de-extensao-300x300.jpeg?resize=144%2C144\" sizes=\"(max-width: 144px) 100vw, 144px\" srcset=\"https:\/\/i0.wp.com\/portifolioos-prontos.com\/wp-content\/uploads\/2023\/02\/whatsapp-business-projeto-de-extensao.jpeg?resize=300%2C301&amp;ssl=1 300w, https:\/\/i0.wp.com\/portifolioos-prontos.com\/wp-content\/uploads\/2023\/02\/whatsapp-business-projeto-de-extensao.jpeg?resize=150%2C150&amp;ssl=1 150w, https:\/\/i0.wp.com\/portifolioos-prontos.com\/wp-content\/uploads\/2023\/02\/whatsapp-business-projeto-de-extensao.jpeg?resize=370%2C372&amp;ssl=1 370w, https:\/\/i0.wp.com\/portifolioos-prontos.com\/wp-content\/uploads\/2023\/02\/whatsapp-business-projeto-de-extensao.jpeg?resize=100%2C100&amp;ssl=1 100w, https:\/\/i0.wp.com\/portifolioos-prontos.com\/wp-content\/uploads\/2023\/02\/whatsapp-business-projeto-de-extensao.jpeg?w=470&amp;ssl=1 470w\" alt=\"projeto de extens\u00e3o unopar\" width=\"144\" height=\"144\" data-lazy-loaded=\"1\" \/><\/h4>\n<\/div>\n<\/div>\n<\/div>\n<\/div>\n<div class=\"elementor-toggle-item\">\n<div id=\"elementor-tab-content-1949\" class=\"elementor-tab-content elementor-clearfix elementor-active\" role=\"tabpanel\" data-tab=\"9\" aria-labelledby=\"elementor-tab-title-1949\">\n<p>E-mail:portifoliosp@gmail.com<\/p>\n<div id=\"attachment_143\" class=\"wp-caption alignnone\">\n<div id=\"attachment_143\" class=\"wp-caption alignnone\" style=\"width: 67px;\">\n<p><a href=\"https:\/\/portifolioos-prontos.com\/\"><img decoding=\"async\" class=\"wp-image-143 jetpack-lazy-image jetpack-lazy-image--handled smush-detected-img smush-image-11 smush-image-2 smush-image-10 smush-image-13 smush-image-3\" title=\"portfolio pronto unopar\" src=\"https:\/\/i0.wp.com\/portifolioos-prontos.com\/wp-content\/uploads\/2022\/04\/conceitomaximo.png?resize=161%2C46\" alt=\"PORTFOLIO PRONTO UNOPAR ANHANGUERA\" width=\"67\" height=\"19\" aria-describedby=\"caption-attachment-143\" data-lazy-loaded=\"1\" \/><\/a><\/p>\n<p id=\"caption-attachment-143\" class=\"wp-caption-text\">Portf\u00f3lio em Word, respondido, completo e j\u00e1 nas normas<\/p>\n<\/div>\n<\/div>\n<\/div>\n<\/div>\n","protected":false},"excerpt":{"rendered":"<div class=\"product-short-description\">\n<h5><strong>Pague pelo PIX ou cart\u00e3o e fa\u00e7a o download agora mesmo.<\/strong><\/h5>\n<\/div>\n<div class=\"sticky-add-to-cart-wrapper\">\n<div class=\"sticky-add-to-cart\">\n<div class=\"quantity buttons_added form-flat\"><img decoding=\"async\" class=\"alignnone wp-image-761 smush-detected-img smush-image-2\" src=\"https:\/\/portifolioos-prontos.com\/wp-content\/uploads\/2022\/04\/PIX-300x107.webp\" alt=\"\" width=\"78\" height=\"28\" \/>\u00a0\u00a0<img loading=\"lazy\" decoding=\"async\" class=\"smush-detected-img smush-image-3\" src=\"https:\/\/d26lpennugtm8s.cloudfront.net\/assets\/common\/img\/logos\/payment\/visa@2x.png\" width=\"46\" height=\"29\" \/><img loading=\"lazy\" decoding=\"async\" class=\"smush-detected-img smush-image-4\" src=\"https:\/\/d26lpennugtm8s.cloudfront.net\/assets\/common\/img\/logos\/payment\/boleto@2x.png\" width=\"43\" height=\"27\" \/><img loading=\"lazy\" decoding=\"async\" class=\"smush-detected-img smush-image-5\" src=\"https:\/\/d26lpennugtm8s.cloudfront.net\/assets\/common\/img\/logos\/payment\/mastercard@2x.png\" width=\"43\" height=\"27\" \/><img loading=\"lazy\" decoding=\"async\" class=\"smush-detected-img smush-image-6\" src=\"https:\/\/d26lpennugtm8s.cloudfront.net\/assets\/common\/img\/logos\/payment\/amex@2x.png\" width=\"43\" height=\"27\" \/><img loading=\"lazy\" decoding=\"async\" class=\"smush-detected-img smush-image-7\" src=\"https:\/\/d26lpennugtm8s.cloudfront.net\/assets\/common\/img\/logos\/payment\/diners@2x.png\" width=\"46\" height=\"29\" \/><img loading=\"lazy\" decoding=\"async\" class=\"smush-detected-img smush-image-8\" src=\"https:\/\/d26lpennugtm8s.cloudfront.net\/assets\/common\/img\/logos\/payment\/br\/elo@2x.png\" width=\"45\" height=\"28\" \/><img loading=\"lazy\" decoding=\"async\" class=\"smush-detected-img smush-image-9\" src=\"https:\/\/d26lpennugtm8s.cloudfront.net\/assets\/common\/img\/logos\/payment\/br\/hipercard@2x.png\" width=\"44\" height=\"28\" \/><img loading=\"lazy\" decoding=\"async\" class=\"smush-detected-img smush-image-10\" src=\"https:\/\/d26lpennugtm8s.cloudfront.net\/assets\/common\/img\/logos\/payment\/mercadopago@2x.png\" width=\"45\" height=\"28\" \/><\/div>\n<\/div>\n<\/div>\n","protected":false},"featured_media":28509,"template":"","meta":{"_seopress_robots_primary_cat":"none","_seopress_titles_title":"%%post_title%% %%sitetitle%%","_seopress_titles_desc":"%%post_content%%","_seopress_robots_index":""},"product_cat":[63,74,15],"product_tag":[],"class_list":{"0":"post-28506","1":"product","2":"type-product","3":"status-publish","4":"has-post-thumbnail","6":"product_cat-agronegocio","7":"product_cat-gestao-ambiental","8":"product_cat-uncategorized","10":"first","11":"instock","12":"downloadable","13":"virtual","14":"purchasable","15":"product-type-simple","16":"col-xs-6 col-sm-4","17":"col-mf-5","18":"un-5-cols"},"jetpack_sharing_enabled":true,"_links":{"self":[{"href":"https:\/\/portifolioos-prontos.com\/index.php\/wp-json\/wp\/v2\/product\/28506","targetHints":{"allow":["GET"]}}],"collection":[{"href":"https:\/\/portifolioos-prontos.com\/index.php\/wp-json\/wp\/v2\/product"}],"about":[{"href":"https:\/\/portifolioos-prontos.com\/index.php\/wp-json\/wp\/v2\/types\/product"}],"version-history":[{"count":0,"href":"https:\/\/portifolioos-prontos.com\/index.php\/wp-json\/wp\/v2\/product\/28506\/revisions"}],"wp:featuredmedia":[{"embeddable":true,"href":"https:\/\/portifolioos-prontos.com\/index.php\/wp-json\/wp\/v2\/media\/28509"}],"wp:attachment":[{"href":"https:\/\/portifolioos-prontos.com\/index.php\/wp-json\/wp\/v2\/media?parent=28506"}],"wp:term":[{"taxonomy":"product_cat","embeddable":true,"href":"https:\/\/portifolioos-prontos.com\/index.php\/wp-json\/wp\/v2\/product_cat?post=28506"},{"taxonomy":"product_tag","embeddable":true,"href":"https:\/\/portifolioos-prontos.com\/index.php\/wp-json\/wp\/v2\/product_tag?post=28506"}],"curies":[{"name":"wp","href":"https:\/\/api.w.org\/{rel}","templated":true}]}}