{"id":28534,"date":"2024-07-29T21:38:32","date_gmt":"2024-07-30T00:38:32","guid":{"rendered":"https:\/\/portifolioos-prontos.com\/?post_type=product&#038;p=28534"},"modified":"2025-08-03T17:36:57","modified_gmt":"2025-08-03T20:36:57","slug":"projeto-integrado-secretariado-plano-de-acao","status":"publish","type":"product","link":"https:\/\/portifolioos-prontos.com\/index.php\/product\/projeto-integrado-secretariado-plano-de-acao\/","title":{"rendered":"Projeto Integrado &#8211; Secretariado &#8211;  Plano de A\u00e7\u00e3o"},"content":{"rendered":"<h4>Projeto Integrado &#8211; Secretariado &#8211; Plano de A\u00e7\u00e3o<\/h4>\n<p>Situa\u00e7\u00e3o Geradora de Aprendizagem (SGA)<br \/>\nPara refletir sobre a atua\u00e7\u00e3o de um profissional de secretariado, tome como exemplo o<br \/>\ncontexto a seguir:<br \/>\nVoc\u00ea, como secret\u00e1rio(a) executivo(a), ocupa uma posi\u00e7\u00e3o estrat\u00e9gica em uma empresa de pequeno<br \/>\nporte que recentemente passou por uma fus\u00e3o e agora \u00e9 classificada como empresa de m\u00e9dio porte.<br \/>\nDurante esse processo de fus\u00e3o, identificou-se problemas de comunica\u00e7\u00e3o decorrentes da<br \/>\nimplementa\u00e7\u00e3o de um novo sistema de gest\u00e3o, tanto devido \u00e0 fus\u00e3o da empresa com outra quanto<br \/>\nao estabelecimento de uma holding.<br \/>\nDiante desse cen\u00e1rio, uma equipe se reuniu para abordar os desafios de comunica\u00e7\u00e3o enfrentados<br \/>\npela empresa. Ap\u00f3s uma an\u00e1lise detalhada, fica claro que existem ru\u00eddos de comunica\u00e7\u00e3o que est\u00e3o<br \/>\nimpactando negativamente o desempenho e a efici\u00eancia operacional da organiza\u00e7\u00e3o. Para superar<br \/>\nPROJETO INTEGRADO<br \/>\nesses obst\u00e1culos, a equipe identifica a necessidade urgente de elaborar um projeto abrangente de<br \/>\ncoaching e mentoring.<br \/>\nEsse projeto deve contemplar aspectos como a defini\u00e7\u00e3o de contratos, or\u00e7amentos e recursos<br \/>\nfinanceiros necess\u00e1rios, al\u00e9m de envolver o uso de ferramentas de inform\u00e1tica para suportar as<br \/>\natividades de coaching e mentoring. O objetivo \u00e9 n\u00e3o apenas melhorar a comunica\u00e7\u00e3o dentro da<br \/>\nempresa, mas tamb\u00e9m promover o desenvolvimento profissional e pessoal dos colaboradores,<br \/>\nalinhando-os com os novos objetivos e estrat\u00e9gias da organiza\u00e7\u00e3o p\u00f3s-fus\u00e3o.<br \/>\nAgora, considerando esse contexto, como voc\u00ea e sua equipe planejam elaborar um plano de a\u00e7\u00e3o<br \/>\nabrangente para implementar com sucesso o projeto de coaching e mentoring na empresa? Como<br \/>\nvoc\u00eas pretendem superar os desafios identificados e garantir que o projeto contribua efetivamente<br \/>\npara a melhoria da comunica\u00e7\u00e3o e o sucesso da organiza\u00e7\u00e3o nesse novo cen\u00e1rio?<br \/>\nSitua\u00e7\u00e3o-problema:<br \/>\nPara realizar essa produ\u00e7\u00e3o, elabore um Plano de A\u00e7\u00e3o que demonstre como sua abordagem pode<br \/>\ncontribuir com o projeto de coaching e mentoring e melhorar a comunica\u00e7\u00e3o no ambiente de<br \/>\ntrabalho.<br \/>\nORIENTA\u00c7\u00d5ES PARA A EXECU\u00c7\u00c3O DO TRABALHO<br \/>\nPara desenvolver seu trabalho, \u00e9 essencial que voc\u00ea se coloque no contexto apresentado e<br \/>\nentenda o desafio que tem pela frente: elaborar um Plano de A\u00e7\u00e3o adequado que poder\u00e1 ser adotado<br \/>\ne colocado em pr\u00e1tica com o objetivo de melhorar a comunica\u00e7\u00e3o na empresa. Para isso, \u00e9 essencial<br \/>\nque voc\u00ea leia os textos aqui indicados e reflita sobre algumas perguntas que podem nortear o seu<br \/>\ntrabalho, s\u00e3o elas:<br \/>\n\u2022 Qual \u00e9 o objetivo principal do projeto?<br \/>\n\u2022 Quais recursos humanos e materiais (equipamentos e ferramentas) s\u00e3o necess\u00e1rios para o<br \/>\nprojeto?<br \/>\n\u2022 Qual \u00e9 o cronograma detalhado do projeto?<br \/>\n\u2022 Qual \u00e9 o or\u00e7amento estimado para o projeto? Como ser\u00e3o feitos os c\u00e1lculos financeiros?<br \/>\n\u2022 Quais s\u00e3o os contratos necess\u00e1rios e quais s\u00e3o seus termos? Como ser\u00e3o selecionados os<br \/>\nfornecedores e quest\u00f5es de servi\u00e7o?<br \/>\n\u2022 Quais s\u00e3o os principais p\u00fablicos do projeto e quais informa\u00e7\u00f5es eles precisam receber? Como<br \/>\nser\u00e1 feita a comunica\u00e7\u00e3o interna ao longo do projeto?<br \/>\n\u2022 Quais canais de comunica\u00e7\u00e3o ser\u00e3o usados?<br \/>\nPROJETO INTEGRADO<br \/>\nAs quest\u00f5es apresentadas s\u00e3o um guia para que voc\u00ea possa elaborar a fundamenta\u00e7\u00e3o te\u00f3rica<br \/>\ndo seu trabalho. N\u00e3o h\u00e1 impedimento para discorrer a respeito de informa\u00e7\u00f5es extras. Todas as<br \/>\ninforma\u00e7\u00f5es questionadas devem estar presentes ao longo da fundamenta\u00e7\u00e3o te\u00f3rica.<br \/>\nPara a elabora\u00e7\u00e3o de seu trabalho como um todo, \u00e9 essencial que voc\u00ea realize a leitura dos<br \/>\ntextos indicados:<br \/>\n\u2022 BAPTISTA, Renato Dias. A comunica\u00e7\u00e3o empresarial e a gest\u00e3o da mudan\u00e7a. In.<br \/>\nComnexos: ideias e solu\u00e7\u00f5es em comunica\u00e7\u00e3o. Dispon\u00edvel em:<br \/>\nhttp:\/\/comnexos.com.br\/artigos\/baptista-renato-comunicacao-gestao.pdf Acesso<br \/>\nem: 04 jul 2024. (Anexo 1)<br \/>\n\u2022 SEBRAE. Como criar um plano de a\u00e7\u00e3o. Dispon\u00edvel em:<br \/>\nhttps:\/\/sebrae.com.br\/Sebrae\/Portal%20Sebrae\/UFs\/PE\/Anexos\/Como-criar-umplano-de-acao.pdf Acesso em: 04 jul 2024. (Anexo 2)<br \/>\n\u2022 SOUZA, Daniela Borges Lima de. Coaching e mentoring como facilitadores da gest\u00e3o<br \/>\ncom pessoas nas organiza\u00e7\u00f5es que aprendem. Esta\u00e7\u00e3o Cient\u00edfica Online. Juiz de<br \/>\nFora, n. 05, Jan 2008. Dispon\u00edvel em:<br \/>\nhttps:\/\/estacio.periodicoscientificos.com.br\/index.php\/estacaocientifica\/article\/view<br \/>\n\/2180\/1785 Acesso em: 04 jul 2024. (Anexo 3)<br \/>\nLeituras complementares:<br \/>\n\u2022 SOUZA, Carla Neres de. A import\u00e2ncia da \u00e9tica empresarial para o profissional de<br \/>\nsecretariado. Dispon\u00edvel em: https:\/\/bit.ly\/34eqKYe. Acesso em: 04 jul 2024.<br \/>\n(Anexo 4)<br \/>\n\u2022 LUCIANI, Luciana Paula Bento; SANTOS, Beatriz Naves da Silva. O profissional de<br \/>\nsecretariado executivo como protagonista na proposi\u00e7\u00e3o e gest\u00e3o de projetos.<br \/>\nDispon\u00edvel em: https:\/\/erevista.unioeste.br\/index.php\/expectativa\/article\/view\/27682. Acesso em: 04 jul<br \/>\n2024. (Anexo 5)<br \/>\n\u2022 Sebrae Talks. Como elaborar um plano de a\u00e7\u00e3o para minha empresa? &#8211; Sebrae.<br \/>\nDispon\u00edvel em: https:\/\/youtu.be\/rEgdiduQ3t0 . Acesso em 04 jul 2024.<br \/>\n\u2022 Sebrae Talks. Como melhorar a comunica\u00e7\u00e3o da sua empresa! &#8211; Aprenda com o<br \/>\nSebrae. Dispon\u00edvel em: https:\/\/youtu.be\/QkwIF8GW3RI Acesso em 04 jul 2024,<br \/>\nAp\u00f3s finalizar suas leituras e seu percurso reflexivo, proceda \u00e0 elabora\u00e7\u00e3o do Plano de A\u00e7\u00e3o,<br \/>\ntendo em vista as indica\u00e7\u00f5es:<br \/>\n\u25cf Introdu\u00e7\u00e3o: descreva o projeto que a empresa ir\u00e1 desenvolver. Fa\u00e7a uso dos conhecimentos<br \/>\npresentes nas disciplinas estudadas, para que voc\u00ea possa apresentar uma proposta mais<br \/>\nelaborada e convincente. (1 lauda)<br \/>\n\u25cf Desenvolvimento: para o desenvolvimento de seu trabalho, voc\u00ea deve realizar (2 a 3 laudas):<br \/>\nPROJETO INTEGRADO<br \/>\na) Fundamenta\u00e7\u00e3o te\u00f3rica: apresente a tem\u00e1tica e responda aqui as quest\u00f5es norteadoras.<br \/>\nTraga tamb\u00e9m as refer\u00eancias dos textos lidos.<br \/>\nb) Plano de a\u00e7\u00e3o: seguindo as caracter\u00edsticas desse g\u00eanero textual (modelo disponibilizado<br \/>\nabaixo), elabore a proposta do projeto de coaching e mentoring que tem por intuito melhorar<br \/>\na comunica\u00e7\u00e3o no ambiente de trabalho:<br \/>\nEtapa Descri\u00e7\u00e3o<br \/>\nIntrodu\u00e7\u00e3o &#8211; Descri\u00e7\u00e3o do problema.<br \/>\n&#8211; Contextualiza\u00e7\u00e3o da import\u00e2ncia do problema.<br \/>\nObjetivos &#8211; Enumera\u00e7\u00e3o clara e espec\u00edfica dos objetivos que o plano<br \/>\npretende alcan\u00e7ar.<br \/>\nAn\u00e1lise da situa\u00e7\u00e3o atual &#8211; Avalia\u00e7\u00e3o detalhada da situa\u00e7\u00e3o atual relacionada ao<br \/>\nproblema.<br \/>\n&#8211; Identifica\u00e7\u00e3o de pontos fortes e fracos.<br \/>\nDefini\u00e7\u00e3o das a\u00e7\u00f5es &#8211; Descri\u00e7\u00e3o detalhada das a\u00e7\u00f5es espec\u00edficas que ser\u00e3o<br \/>\nrealizadas para atingir os objetivos.<br \/>\n&#8211; Designa\u00e7\u00e3o de responsabilidades para cada a\u00e7\u00e3o.<br \/>\nRecursos &#8211; Listagem dos recursos (financeiros, humanos, materiais)<br \/>\nnecess\u00e1rios para implementar as a\u00e7\u00f5es.<br \/>\nCronograma &#8211; Estabelecimento de um cronograma claro, com prazos para<br \/>\ncada etapa das a\u00e7\u00f5es.<br \/>\nOr\u00e7amento &#8211; Estimativa dos custos associados \u00e0 implementa\u00e7\u00e3o do plano<br \/>\nde a\u00e7\u00e3o.<br \/>\nAcompanhamento e<br \/>\navalia\u00e7\u00e3o<br \/>\n&#8211; Descri\u00e7\u00e3o dos mecanismos que ser\u00e3o utilizados para<br \/>\nacompanhar e avaliar o progresso das a\u00e7\u00f5es.<br \/>\n&#8211; Estabelecimento de pontos de verifica\u00e7\u00e3o regulares.<br \/>\nConclus\u00e3o &#8211; Recapitular os principais pontos do plano.<br \/>\n&#8211; Enfatizar a import\u00e2ncia da implementa\u00e7\u00e3o do plano.<br \/>\n\u2022 Considera\u00e7\u00f5es finais: para a finaliza\u00e7\u00e3o do texto, deve ser feita uma retomada da situa\u00e7\u00e3oproblema, com a s\u00edntese do seu posicionamento em rela\u00e7\u00e3o ao caso discutido e \u00e0 proposta<br \/>\nelaborada. Fa\u00e7a uso de cita\u00e7\u00f5es de autores que discutem os temas apresentados em sua<br \/>\natividade, seguindo as normas da ABNT. (Ao menos 1 lauda)<br \/>\n\u2022 Refer\u00eancias: fa\u00e7a a lista de refer\u00eancias, conforme as normas da ABNT, citando todos os<br \/>\nautores utilizados para a realiza\u00e7\u00e3o da sua atividade.<\/p>\n<div class=\"elementor-toggle-item\">\n<div class=\"elementor-toggle-item\">\n<p id=\"elementor-tab-title-1941\" class=\"elementor-tab-title elementor-active\" tabindex=\"0\" role=\"tab\" data-tab=\"1\" aria-controls=\"elementor-tab-content-1941\" aria-expanded=\"true\" aria-selected=\"true\"><strong>Como funciona?<\/strong><\/p>\n<p>Elaboramos os portf\u00f3lios, j\u00e1 deixamos prontos, nas normas da ABNT e conforme os requisitos da universidade. F\u00e1cil assim! O MELHOR \u00c9 QUE VOC\u00ca COMPRA E J\u00c1 BAIXA NA HORA O SEU ARQUIVO EM WORD! Sabemos que conciliar trabalho, fam\u00edlia, vida profissional e estudos \u00e9 dif\u00edcil hoje em dia, por isso, estamos aqui para ajudar voc\u00ea. Conte com nossa qualidade, experi\u00eancia e profissionalismo adquirindo seu portf\u00f3lio conosco. GARANTIMOS SEU CONCEITO!<\/p>\n<p><strong>Como se realizam os envios?<\/strong><\/p>\n<\/div>\n<p id=\"elementor-tab-content-1942\" class=\"elementor-tab-content elementor-clearfix elementor-active\" role=\"tabpanel\" data-tab=\"2\" aria-labelledby=\"elementor-tab-title-1942\">O seu trabalho \u00e9 disponibilizado pronto, respondido e nas normas j\u00e1 na mesma hora aqui em nosso site na sua \u00e1rea de downloads e tamb\u00e9m no seu e-mail.<\/p>\n<p><strong>Em quanto tempo recebo o portf\u00f3lio?<\/strong><\/p>\n<p>Os envios s\u00e3o imediatos. Ap\u00f3s sua compra, o trabalho j\u00e1 \u00e9 disponibilizado instantaneamente aqui em nosso site e no seu e-mail.<\/p>\n<p><strong>E se o portf\u00f3lio que comprei precisar de corre\u00e7\u00e3o?<\/strong><\/p>\n<p>Caso haja alguma solicita\u00e7\u00e3o de corre\u00e7\u00e3o\/altera\u00e7\u00e3o por parte do tutor, basta entrar em contato conosco pelo\u00a0WhatsApp\u00a0que provid\u00eanciaremos sem custo algum.<\/p>\n<p><strong>Qual o formato do arquivo?<\/strong><\/p>\n<p>Os arquivos s\u00e3o enviados em formato Word e s\u00e3o edit\u00e1veis.<\/p>\n<p><strong>Caso eu tiver alguma d\u00favida, terei suporte no p\u00f3s venda?<\/strong><\/p>\n<p>Sim, com certeza. Basta clicar no \u00edcone do WhatsApp no cantinho da tela. Ser\u00e1 um prazer atend\u00ea-lo(a).<\/p>\n<div id=\"elementor-tab-content-1948\" class=\"elementor-tab-content elementor-clearfix elementor-active\" role=\"tabpanel\" data-tab=\"8\" aria-labelledby=\"elementor-tab-title-1948\">\n<p><strong>Quais os seus canais de contato?<\/strong><\/p>\n<\/div>\n<div id=\"elementor-tab-content-1949\" class=\"elementor-tab-content elementor-clearfix elementor-active\" role=\"tabpanel\" data-tab=\"9\" aria-labelledby=\"elementor-tab-title-1949\">\n<p>Whatsapp: 53 984751621 \u2013 Clicar no canto da tela ou ESCANEIE O QRCODE ABAIXO<\/p>\n<h4><img decoding=\"async\" class=\"alignnone wp-image-13699 jetpack-lazy-image jetpack-lazy-image--handled\" src=\"https:\/\/i0.wp.com\/portifolioos-prontos.com\/wp-content\/uploads\/2023\/02\/whatsapp-business-projeto-de-extensao-300x300.jpeg?resize=144%2C144\" sizes=\"(max-width: 144px) 100vw, 144px\" srcset=\"https:\/\/i0.wp.com\/portifolioos-prontos.com\/wp-content\/uploads\/2023\/02\/whatsapp-business-projeto-de-extensao.jpeg?resize=300%2C301&amp;ssl=1 300w, https:\/\/i0.wp.com\/portifolioos-prontos.com\/wp-content\/uploads\/2023\/02\/whatsapp-business-projeto-de-extensao.jpeg?resize=150%2C150&amp;ssl=1 150w, https:\/\/i0.wp.com\/portifolioos-prontos.com\/wp-content\/uploads\/2023\/02\/whatsapp-business-projeto-de-extensao.jpeg?resize=370%2C372&amp;ssl=1 370w, https:\/\/i0.wp.com\/portifolioos-prontos.com\/wp-content\/uploads\/2023\/02\/whatsapp-business-projeto-de-extensao.jpeg?resize=100%2C100&amp;ssl=1 100w, https:\/\/i0.wp.com\/portifolioos-prontos.com\/wp-content\/uploads\/2023\/02\/whatsapp-business-projeto-de-extensao.jpeg?w=470&amp;ssl=1 470w\" alt=\"projeto de extens\u00e3o unopar\" width=\"144\" height=\"144\" data-lazy-loaded=\"1\" \/><\/h4>\n<\/div>\n<div class=\"elementor-toggle-item\">\n<div id=\"elementor-tab-content-1949\" class=\"elementor-tab-content elementor-clearfix elementor-active\" role=\"tabpanel\" data-tab=\"9\" aria-labelledby=\"elementor-tab-title-1949\">\n<p>E-mail:portifoliosp@gmail.com<\/p>\n<div id=\"attachment_143\" class=\"wp-caption alignnone\">\n<div id=\"attachment_143\" class=\"wp-caption alignnone\">\n<p id=\"caption-attachment-143\" class=\"wp-caption-text\"><a href=\"http:\/\/portfolio-pronto.com\/\">Portf\u00f3lio<\/a>\u00a0em Word, respondido, completo e j\u00e1 nas normas<\/p>\n<\/div>\n<\/div>\n<\/div>\n<\/div>\n<\/div>\n","protected":false},"excerpt":{"rendered":"<div class=\"product-short-description\">\n<div class=\"product-short-description\">\n<p><strong>Pague pelo PIX ou cart\u00e3o e fa\u00e7a o download agora mesmo.<\/strong><\/p>\n<\/div>\n<div class=\"sticky-add-to-cart-wrapper\">\n<div class=\"sticky-add-to-cart\">\n<p class=\"quantity buttons_added form-flat\"><img decoding=\"async\" class=\"lazyloaded smush-image-5 smush-image-3 smush-image-4 smush-detected-img smush-image-bigger-3\" src=\"https:\/\/d26lpennugtm8s.cloudfront.net\/assets\/common\/img\/logos\/payment\/visa@2x.png\" width=\"46\" height=\"29\" data-src=\"https:\/\/d26lpennugtm8s.cloudfront.net\/assets\/common\/img\/logos\/payment\/visa@2x.png\" \/><img decoding=\"async\" class=\"lazyloaded smush-image-6 smush-image-4 smush-image-5 smush-detected-img smush-image-bigger-4\" src=\"https:\/\/d26lpennugtm8s.cloudfront.net\/assets\/common\/img\/logos\/payment\/boleto@2x.png\" width=\"43\" height=\"27\" data-src=\"https:\/\/d26lpennugtm8s.cloudfront.net\/assets\/common\/img\/logos\/payment\/boleto@2x.png\" \/><img loading=\"lazy\" decoding=\"async\" class=\"lazyloaded smush-image-7 smush-image-5 smush-image-6 smush-detected-img smush-image-bigger-5\" src=\"https:\/\/d26lpennugtm8s.cloudfront.net\/assets\/common\/img\/logos\/payment\/mastercard@2x.png\" width=\"43\" height=\"27\" data-src=\"https:\/\/d26lpennugtm8s.cloudfront.net\/assets\/common\/img\/logos\/payment\/mastercard@2x.png\" \/><img loading=\"lazy\" decoding=\"async\" class=\"lazyloaded smush-image-8 smush-image-6 smush-image-7 smush-detected-img smush-image-bigger-6\" src=\"https:\/\/d26lpennugtm8s.cloudfront.net\/assets\/common\/img\/logos\/payment\/amex@2x.png\" width=\"43\" height=\"27\" data-src=\"https:\/\/d26lpennugtm8s.cloudfront.net\/assets\/common\/img\/logos\/payment\/amex@2x.png\" \/><img loading=\"lazy\" decoding=\"async\" class=\"lazyloaded smush-image-9 smush-image-7 smush-image-8 smush-detected-img smush-image-bigger-7\" src=\"https:\/\/d26lpennugtm8s.cloudfront.net\/assets\/common\/img\/logos\/payment\/diners@2x.png\" width=\"46\" height=\"29\" data-src=\"https:\/\/d26lpennugtm8s.cloudfront.net\/assets\/common\/img\/logos\/payment\/diners@2x.png\" \/><img loading=\"lazy\" decoding=\"async\" class=\"lazyloaded smush-image-10 smush-image-8 smush-image-9 alignnone smush-detected-img smush-image-bigger-8\" src=\"https:\/\/d26lpennugtm8s.cloudfront.net\/assets\/common\/img\/logos\/payment\/br\/elo@2x.png\" alt=\"portf\u00f3lio unopar anhanguera\" width=\"45\" height=\"28\" data-src=\"https:\/\/d26lpennugtm8s.cloudfront.net\/assets\/common\/img\/logos\/payment\/br\/elo@2x.png\" \/><img loading=\"lazy\" decoding=\"async\" class=\"lazyloaded smush-image-11 smush-image-9 smush-image-10 alignnone smush-detected-img smush-image-bigger-9\" src=\"https:\/\/d26lpennugtm8s.cloudfront.net\/assets\/common\/img\/logos\/payment\/br\/hipercard@2x.png\" alt=\"portf\u00f3lio unopar anhanguera\" width=\"44\" height=\"28\" data-src=\"https:\/\/d26lpennugtm8s.cloudfront.net\/assets\/common\/img\/logos\/payment\/br\/hipercard@2x.png\" \/><img loading=\"lazy\" decoding=\"async\" class=\"lazyloaded smush-image-12 smush-image-10 smush-image-11 alignnone smush-detected-img smush-image-bigger-10\" src=\"https:\/\/d26lpennugtm8s.cloudfront.net\/assets\/common\/img\/logos\/payment\/mercadopago@2x.png\" alt=\"portf\u00f3lio unopar anhanguera\" width=\"45\" height=\"28\" data-src=\"https:\/\/d26lpennugtm8s.cloudfront.net\/assets\/common\/img\/logos\/payment\/mercadopago@2x.png\" \/><img loading=\"lazy\" decoding=\"async\" class=\"alignnone lazyloaded smush-detected-img smush-image-bigger-11\" src=\"https:\/\/futurium.com.br\/wp-content\/uploads\/2021\/06\/logo-pix-icone-512.png\" alt=\"portfolio pronto\" width=\"30\" height=\"30\" data-src=\"https:\/\/futurium.com.br\/wp-content\/uploads\/2021\/06\/logo-pix-icone-512.png\" \/><\/p>\n<\/div>\n<\/div>\n<\/div>\n","protected":false},"featured_media":28537,"template":"","meta":{"_seopress_robots_primary_cat":"none","_seopress_titles_title":"%%post_title%% %%sitetitle%%","_seopress_titles_desc":"%%post_content%%","_seopress_robots_index":""},"product_cat":[77,15],"product_tag":[],"class_list":{"0":"post-28534","1":"product","2":"type-product","3":"status-publish","4":"has-post-thumbnail","6":"product_cat-secretariado","7":"product_cat-uncategorized","9":"first","10":"instock","11":"downloadable","12":"virtual","13":"purchasable","14":"product-type-simple","15":"col-xs-6 col-sm-4","16":"col-mf-5","17":"un-5-cols"},"jetpack_sharing_enabled":true,"_links":{"self":[{"href":"https:\/\/portifolioos-prontos.com\/index.php\/wp-json\/wp\/v2\/product\/28534","targetHints":{"allow":["GET"]}}],"collection":[{"href":"https:\/\/portifolioos-prontos.com\/index.php\/wp-json\/wp\/v2\/product"}],"about":[{"href":"https:\/\/portifolioos-prontos.com\/index.php\/wp-json\/wp\/v2\/types\/product"}],"version-history":[{"count":0,"href":"https:\/\/portifolioos-prontos.com\/index.php\/wp-json\/wp\/v2\/product\/28534\/revisions"}],"wp:featuredmedia":[{"embeddable":true,"href":"https:\/\/portifolioos-prontos.com\/index.php\/wp-json\/wp\/v2\/media\/28537"}],"wp:attachment":[{"href":"https:\/\/portifolioos-prontos.com\/index.php\/wp-json\/wp\/v2\/media?parent=28534"}],"wp:term":[{"taxonomy":"product_cat","embeddable":true,"href":"https:\/\/portifolioos-prontos.com\/index.php\/wp-json\/wp\/v2\/product_cat?post=28534"},{"taxonomy":"product_tag","embeddable":true,"href":"https:\/\/portifolioos-prontos.com\/index.php\/wp-json\/wp\/v2\/product_tag?post=28534"}],"curies":[{"name":"wp","href":"https:\/\/api.w.org\/{rel}","templated":true}]}}