{"id":28557,"date":"2024-07-31T14:46:13","date_gmt":"2024-07-31T17:46:13","guid":{"rendered":"https:\/\/portifolioos-prontos.com\/?post_type=product&#038;p=28557"},"modified":"2024-09-01T15:00:47","modified_gmt":"2024-09-01T18:00:47","slug":"praticas-pedagogicas-bncc-e-arte-de-educar","status":"publish","type":"product","link":"https:\/\/portifolioos-prontos.com\/index.php\/product\/praticas-pedagogicas-bncc-e-arte-de-educar\/","title":{"rendered":"Pr\u00e1ticas pedag\u00f3gicas: Bncc e arte de educar"},"content":{"rendered":"<h5>Pr\u00e1ticas pedag\u00f3gicas Bncc e arte de educar<\/h5>\n<h5>PR\u00c1TICAS PEDAG\u00d3GICAS: BNCC E ARTE DE EDUCAR<\/h5>\n<div>Ol\u00e1, estudante!<\/div>\n<div>Nessa atividade pr\u00e1tica, voc\u00ea poder\u00e1 articular os conhecimentos dos diferentes componentes<\/div>\n<div>curriculares do ensino m\u00e9dio para propor um projeto interdisciplinar de cunho te\u00f3rico.<\/div>\n<div><\/div>\n<div>Objetivos<\/div>\n<div>Pensar no aluno que ingressa no ensino m\u00e9dio frente \u00e0s suas inseguran\u00e7as e\u00a0vulnerabilidades.<\/div>\n<div><\/div>\n<div>Situa\u00e7\u00e3o-problema<\/div>\n<div>Imagine que voc\u00ea atua no ensino m\u00e9dio e, em breve, ser\u00e1 o primeiro dia de aula. Portanto, os<\/div>\n<div>alunos est\u00e3o em um momento muito importante na sua trajet\u00f3ria de vida, na qual eles se colocam<\/div>\n<div>diante do mundo na transi\u00e7\u00e3o entre ser adulto e ser adolescente. \u00c9 uma etapa de transi\u00e7\u00e3o, de<\/div>\n<div>busca de identidade coletiva e individual, de preocupa\u00e7\u00e3o com consumo, renda, trabalho e<\/div>\n<div>constru\u00e7\u00e3o de novas rela\u00e7\u00f5es afetivas.<\/div>\n<div>No contexto da\u00a0BNCC, temas como esses podem ser trabalhados em todos os componentes<\/div>\n<div>curriculares de diferentes maneiras.<\/div>\n<div>Suponha, ent\u00e3o, que voc\u00ea trabalhe em uma escola dentro de uma comunidade perif\u00e9rica, marcada<\/div>\n<div>por vulnerabilidade social. Por j\u00e1 trabalhar nessa escola h\u00e1 muitos anos, voc\u00easabe que os jovens<\/div>\n<div>ali t\u00eam uma grande demanda por renda e por acesso a direitos fundamentais, como sa\u00fade, lazer,<\/div>\n<div>cultura e assist\u00eancia social.<\/div>\n<div>Considerando tudo o que aprendeu, voc\u00ea j\u00e1 sabe que tem uma miss\u00e3o importante, garantindo<\/div>\n<div>direitos educacionais e de possibilitar que seus alunos construam um projeto de vida emancipat\u00f3rio.<\/div>\n<div>Neste sentido, voc\u00ea dever\u00e1 construir um projeto intersciplinar que tenha como foco trabalhar o<\/div>\n<div>conceito de projeto de vida, possibilitando ao estudante do ensino m\u00e9dio pensar o seu futuro de<\/div>\n<div>uma maneira positiva e \u00e9tica.<\/div>\n<div><\/div>\n<div>Passo 1<\/div>\n<div>Para a entrega desta Atividade Pr\u00e1tica, siga as instru\u00e7\u00f5es e preencha o quadro a seguir,que<\/div>\n<div>consiste em um modelo de projeto. Nenhum dos itens deve ser exclu\u00eddo ou ficar sem<\/div>\n<div>preenchimento.<\/div>\n<div><\/div>\n<div>Projeto<\/div>\n<div><\/div>\n<div>ATV<\/div>\n<div>ATIVIDADE PR\u00c1TICA<\/div>\n<div>Componentes<\/div>\n<div>curriculares:<\/div>\n<div><\/div>\n<div>Insira aqui os nomes das disciplinas.<\/div>\n<div><\/div>\n<div>Unidade<\/div>\n<div>tem\u00e1tica:<\/div>\n<div><\/div>\n<div>Insira aqui a Unidade Tem\u00e1tica conforme a BNCC.<\/div>\n<div><\/div>\n<div>Objeto do<\/div>\n<div>conhecimento:<\/div>\n<div><\/div>\n<div>Insira aqui o Objeto do Conhecimento conforme a BNCC.<\/div>\n<div><\/div>\n<div>Habilidade(s): Insira aqui a(s) Habilidade(s) conforme a BNCC, reproduzindo a numera\u00e7\u00e3o e a<\/div>\n<div><\/div>\n<div>descri\u00e7\u00e3o.<\/div>\n<div><\/div>\n<div>Tema do projeto: Insira aqui o t\u00edtulo do projeto.<\/div>\n<div>Turma(s): Insira aqui a(s) s\u00e9rie(s) do ensino m\u00e9dio.<\/div>\n<div>Dura\u00e7\u00e3o: Insira aqui o n\u00famero de aulas e o tempo de cada uma delas.<\/div>\n<div>Objetivo(s): Insira aqui o(s) objetivo(s) que voc\u00ea deseja que os estudantes alcancem.<\/div>\n<div>Compet\u00eancias: Insira aqui as Compet\u00eancias conforme a BNCC.<\/div>\n<div>Conte\u00fado<\/div>\n<div>program\u00e1tico:<\/div>\n<div><\/div>\n<div>Insira aqui os conte\u00fados a serem abordados.<\/div>\n<div><\/div>\n<div>Metodologia: Insira aqui as estrat\u00e9gias que orientam a condu\u00e7\u00e3o do projeto.<\/div>\n<div><\/div>\n<div>Recursos<\/div>\n<div>did\u00e1ticos:<\/div>\n<div><\/div>\n<div>Insira aqui os materiais a serem utilizados (ex: lousa, games, m\u00fasica etc.).<\/div>\n<div><\/div>\n<div>Resultados de<\/div>\n<div>aprendizagem<\/div>\n<div><\/div>\n<div>Insira aqui os resultados de aprendizagem esperados para essa aula.<\/div>\n<div><\/div>\n<div>Crit\u00e9rios de<\/div>\n<div>avalia\u00e7\u00e3o:<\/div>\n<div><\/div>\n<div>Insira aqui os m\u00e9todos avaliativos.<\/div>\n<div><\/div>\n<div>Refer\u00eancias: Insira aqui a bibliografia b\u00e1sica e a complementar.<\/div>\n<div><\/div>\n<div>Passo 2:<\/div>\n<div>Elabora\u00e7\u00e3o do trabalho para postagem no AVA, contendo:<\/div>\n<div>1) Capa da Institui\u00e7\u00e3o, conforme orienta\u00e7\u00e3o dispon\u00edvel na biblioteca virtual.<\/div>\n<div>2) O projeto elaborado, conforme modelo estabelecido no passo 1.<\/div>\n<div><\/div>\n<div>NORMAS PARA ENTREGA DA ATIVIDADE PR\u00c1TICA<\/div>\n<div><\/div>\n<div>\u2022 Voc\u00ea dever\u00e1 postar seu trabalho final no AVA, na pasta espec\u00edfica relacionada \u00e0 atividade pr\u00e1tica,<\/div>\n<div>obedecendo o prazo limite de postagem, conforme disposto no AVA.<\/div>\n<div>\u2022 O trabalho deve ser enviado em formato Word ou PDF, em um ARQUIVO \u00daNICO de at\u00e9 10 MB.<\/div>\n<div>\u2022 O sistema permite anexar apenas um arquivo. Caso haja mais de uma postagem, ser\u00e1 considerada<\/div>\n<div>a \u00faltima vers\u00e3o.<\/div>\n<div><\/div>\n<div>ATV<\/div>\n<div>ATIVIDADE PR\u00c1TICA IMPORTANTE:<\/div>\n<div>\u2022 A entrega da atividade, de acordo com a proposta solicitada, \u00e9 um crit\u00e9rio de aprova\u00e7\u00e3o na<\/div>\n<div>disciplina.<\/div>\n<div>\u2022 N\u00e3o h\u00e1 prorroga\u00e7\u00e3o para a postagem da atividade.<\/div>\n<div><\/div>\n<div>Aproveite essa oportunidade para aprofundar ainda mais seus conhecimentos.<\/div>\n<div><\/div>\n<div>Bons estudos!<\/div>\n<div><\/div>\n<div>Refer\u00eancias<\/div>\n<div><\/div>\n<div>BRASIL. Base Nacional Comum Curricular. Bras\u00edlia, DF: Minist\u00e9rio da Educa\u00e7\u00e3o, 2018.<\/div>\n<div>Dispon\u00edvel em:\u00a0<a href=\"http:\/\/basenacionalcomum.mec.gov.br\/\" rel=\"nofollow\">http:\/\/basenacionalcomum.mec.gov.br\/<\/a>. Acesso em: 12 dez. 2023.<\/div>\n<div>LEAO, G.; DAYRELL, J. T.; REIS, J. B. dos. Juventude, projetos de vida e ensino m\u00e9dio. Educ.<\/div>\n<div>Soc., Campinas, v. 32, n. 117, p. 1067-1084, dez. 2011. Dispon\u00edvel em:<\/div>\n<div>Pr\u00e1ticas pedag\u00f3gicas Bncc e arte de educar<\/div>\n<div>\n<div class=\"elementor-toggle-item\">\n<h4 id=\"elementor-tab-title-1941\" class=\"elementor-tab-title elementor-active\" tabindex=\"0\" role=\"tab\" data-tab=\"1\" aria-controls=\"elementor-tab-content-1941\" aria-expanded=\"true\" aria-selected=\"true\">Como funciona?<\/h4>\n<div id=\"elementor-tab-content-1941\" class=\"elementor-tab-content elementor-clearfix elementor-active\" role=\"tabpanel\" data-tab=\"1\" aria-labelledby=\"elementor-tab-title-1941\">\n<p>Elaboramos os portf\u00f3lios, j\u00e1 deixamos prontos, nas normas da ABNT e conforme os requisitos da universidade. F\u00e1cil assim! O MELHOR \u00c9 QUE VOC\u00ca COMPRA E J\u00c1 BAIXA NA HORA O SEU ARQUIVO EM WORD! Sabemos que conciliar trabalho, fam\u00edlia, vida profissional e estudos \u00e9 dif\u00edcil hoje em dia, por isso, estamos aqui para ajudar voc\u00ea. Conte com nossa qualidade, experi\u00eancia e profissionalismo adquirindo seu portf\u00f3lio conosco. GARANTIMOS SEU CONCEITO!<\/p>\n<h4>Como se realizam os envios?<\/h4>\n<\/div>\n<\/div>\n<div class=\"elementor-toggle-item\">\n<div id=\"elementor-tab-content-1942\" class=\"elementor-tab-content elementor-clearfix elementor-active\" role=\"tabpanel\" data-tab=\"2\" aria-labelledby=\"elementor-tab-title-1942\">O seu trabalho \u00e9 disponibilizado pronto, respondido e nas normas j\u00e1 na mesma hora aqui em nosso site na sua \u00e1rea de downloads e tamb\u00e9m no seu e-mail.<\/div>\n<\/div>\n<div class=\"elementor-toggle-item\">\n<div id=\"elementor-tab-content-1943\" class=\"elementor-tab-content elementor-clearfix elementor-active\" role=\"tabpanel\" data-tab=\"3\" aria-labelledby=\"elementor-tab-title-1943\">\n<h4>Em quanto tempo recebo o portf\u00f3lio?<\/h4>\n<\/div>\n<\/div>\n<div class=\"elementor-toggle-item\">\n<div id=\"elementor-tab-content-1944\" class=\"elementor-tab-content elementor-clearfix elementor-active\" role=\"tabpanel\" data-tab=\"4\" aria-labelledby=\"elementor-tab-title-1944\">\n<p>Os envios s\u00e3o imediatos. Ap\u00f3s sua compra, o trabalho j\u00e1 \u00e9 disponibilizado instantaneamente aqui em nosso site e no seu e-mail.<\/p>\n<h4>E se o portf\u00f3lio que comprei precisar de corre\u00e7\u00e3o?<\/h4>\n<\/div>\n<\/div>\n<div class=\"elementor-toggle-item\">\n<div id=\"elementor-tab-content-1945\" class=\"elementor-tab-content elementor-clearfix elementor-active\" role=\"tabpanel\" data-tab=\"5\" aria-labelledby=\"elementor-tab-title-1945\">\n<p>Caso haja alguma solicita\u00e7\u00e3o de corre\u00e7\u00e3o\/altera\u00e7\u00e3o por parte do tutor, basta entrar em contato conosco pelo\u00a0WhatsApp\u00a0que provid\u00eanciaremos sem custo algum.<\/p>\n<h4>Qual o formato do arquivo?<\/h4>\n<\/div>\n<\/div>\n<div class=\"elementor-toggle-item\">\n<div id=\"elementor-tab-content-1946\" class=\"elementor-tab-content elementor-clearfix elementor-active\" role=\"tabpanel\" data-tab=\"6\" aria-labelledby=\"elementor-tab-title-1946\">\n<p>Os arquivos s\u00e3o enviados em formato Word e s\u00e3o edit\u00e1veis.<\/p>\n<h4>Caso eu tiver alguma d\u00favida, terei suporte no p\u00f3s venda?<\/h4>\n<\/div>\n<\/div>\n<div class=\"elementor-toggle-item\">\n<div id=\"elementor-tab-content-1948\" class=\"elementor-tab-content elementor-clearfix elementor-active\" role=\"tabpanel\" data-tab=\"8\" aria-labelledby=\"elementor-tab-title-1948\">\n<p>Sim, com certeza. Basta clicar no \u00edcone do WhatsApp no cantinho da tela. Ser\u00e1 um prazer atend\u00ea-lo(a).<\/p>\n<div class=\"elementor-toggle-item\">\n<div id=\"elementor-tab-content-1948\" class=\"elementor-tab-content elementor-clearfix elementor-active\" role=\"tabpanel\" data-tab=\"8\" aria-labelledby=\"elementor-tab-title-1948\">\n<h4>Quais os seus canais de contato?<\/h4>\n<\/div>\n<\/div>\n<div class=\"elementor-toggle-item\">\n<div id=\"elementor-tab-content-1949\" class=\"elementor-tab-content elementor-clearfix elementor-active\" role=\"tabpanel\" data-tab=\"9\" aria-labelledby=\"elementor-tab-title-1949\">\n<p>Whatsapp: 53 984751621 \u2013 Clicar no canto da tela ou ESCANEIE O QRCODE ABAIXO<\/p>\n<h4><img decoding=\"async\" class=\"alignnone wp-image-13699 jetpack-lazy-image jetpack-lazy-image--handled smush-detected-img smush-image-1 smush-image-2\" src=\"https:\/\/i0.wp.com\/portifolioos-prontos.com\/wp-content\/uploads\/2023\/02\/whatsapp-business-projeto-de-extensao-300x300.jpeg?resize=144%2C144\" sizes=\"(max-width: 144px) 100vw, 144px\" srcset=\"https:\/\/i0.wp.com\/portifolioos-prontos.com\/wp-content\/uploads\/2023\/02\/whatsapp-business-projeto-de-extensao.jpeg?resize=300%2C301&amp;ssl=1 300w, https:\/\/i0.wp.com\/portifolioos-prontos.com\/wp-content\/uploads\/2023\/02\/whatsapp-business-projeto-de-extensao.jpeg?resize=150%2C150&amp;ssl=1 150w, https:\/\/i0.wp.com\/portifolioos-prontos.com\/wp-content\/uploads\/2023\/02\/whatsapp-business-projeto-de-extensao.jpeg?resize=370%2C372&amp;ssl=1 370w, https:\/\/i0.wp.com\/portifolioos-prontos.com\/wp-content\/uploads\/2023\/02\/whatsapp-business-projeto-de-extensao.jpeg?resize=100%2C100&amp;ssl=1 100w, https:\/\/i0.wp.com\/portifolioos-prontos.com\/wp-content\/uploads\/2023\/02\/whatsapp-business-projeto-de-extensao.jpeg?w=470&amp;ssl=1 470w\" alt=\"projeto de extens\u00e3o unopar\" width=\"144\" height=\"144\" data-lazy-loaded=\"1\" \/><\/h4>\n<\/div>\n<\/div>\n<\/div>\n<\/div>\n<div class=\"elementor-toggle-item\">\n<div id=\"elementor-tab-content-1949\" class=\"elementor-tab-content elementor-clearfix elementor-active\" role=\"tabpanel\" data-tab=\"9\" aria-labelledby=\"elementor-tab-title-1949\">\n<p>E-mail:portifoliosp@gmail.com<\/p>\n<div id=\"attachment_143\" class=\"wp-caption alignnone\">\n<div id=\"attachment_143\" class=\"wp-caption alignnone\" style=\"width: 71px;\">\n<p><a href=\"https:\/\/portifolioos-prontos.com\/\"><img decoding=\"async\" class=\"wp-image-143 jetpack-lazy-image jetpack-lazy-image--handled smush-detected-img smush-image-11 smush-image-2 smush-image-10 smush-image-13 smush-image-3\" title=\"portfolio pronto unopar\" src=\"https:\/\/i0.wp.com\/portifolioos-prontos.com\/wp-content\/uploads\/2022\/04\/conceitomaximo.png?resize=161%2C46\" alt=\"PORTFOLIO PRONTO UNOPAR ANHANGUERA\" width=\"71\" height=\"20\" aria-describedby=\"caption-attachment-143\" data-lazy-loaded=\"1\" \/><\/a><\/p>\n<p id=\"caption-attachment-143\" class=\"wp-caption-text\">Portf\u00f3lio em Word, respondido, completo e j\u00e1 nas normas<\/p>\n<\/div>\n<\/div>\n<\/div>\n<\/div>\n<\/div>\n<div><\/div>\n","protected":false},"excerpt":{"rendered":"<div class=\"product-short-description\">\n<h5><strong>Pague pelo PIX ou cart\u00e3o e fa\u00e7a o download agora mesmo.<\/strong><\/h5>\n<\/div>\n<div class=\"sticky-add-to-cart-wrapper\">\n<div class=\"sticky-add-to-cart\">\n<div class=\"quantity buttons_added form-flat\"><img decoding=\"async\" class=\"alignnone wp-image-761 smush-detected-img smush-image-2\" src=\"https:\/\/portifolioos-prontos.com\/wp-content\/uploads\/2022\/04\/PIX-300x107.webp\" alt=\"\" width=\"78\" height=\"28\" \/>\u00a0\u00a0<img loading=\"lazy\" decoding=\"async\" class=\"smush-detected-img smush-image-3\" src=\"https:\/\/d26lpennugtm8s.cloudfront.net\/assets\/common\/img\/logos\/payment\/visa@2x.png\" width=\"46\" height=\"29\" \/><img loading=\"lazy\" decoding=\"async\" class=\"smush-detected-img smush-image-4\" src=\"https:\/\/d26lpennugtm8s.cloudfront.net\/assets\/common\/img\/logos\/payment\/boleto@2x.png\" width=\"43\" height=\"27\" \/><img loading=\"lazy\" decoding=\"async\" class=\"smush-detected-img smush-image-5\" src=\"https:\/\/d26lpennugtm8s.cloudfront.net\/assets\/common\/img\/logos\/payment\/mastercard@2x.png\" width=\"43\" height=\"27\" \/><img loading=\"lazy\" decoding=\"async\" class=\"smush-detected-img smush-image-6\" src=\"https:\/\/d26lpennugtm8s.cloudfront.net\/assets\/common\/img\/logos\/payment\/amex@2x.png\" width=\"43\" height=\"27\" \/><img loading=\"lazy\" decoding=\"async\" class=\"smush-detected-img smush-image-7\" src=\"https:\/\/d26lpennugtm8s.cloudfront.net\/assets\/common\/img\/logos\/payment\/diners@2x.png\" width=\"46\" height=\"29\" \/><img loading=\"lazy\" decoding=\"async\" class=\"smush-detected-img smush-image-8\" src=\"https:\/\/d26lpennugtm8s.cloudfront.net\/assets\/common\/img\/logos\/payment\/br\/elo@2x.png\" width=\"45\" height=\"28\" \/><img loading=\"lazy\" decoding=\"async\" class=\"smush-detected-img smush-image-9\" src=\"https:\/\/d26lpennugtm8s.cloudfront.net\/assets\/common\/img\/logos\/payment\/br\/hipercard@2x.png\" width=\"44\" height=\"28\" \/><img loading=\"lazy\" decoding=\"async\" class=\"smush-detected-img smush-image-10\" src=\"https:\/\/d26lpennugtm8s.cloudfront.net\/assets\/common\/img\/logos\/payment\/mercadopago@2x.png\" width=\"45\" height=\"28\" \/><\/div>\n<\/div>\n<\/div>\n","protected":false},"featured_media":28560,"template":"","meta":{"_seopress_robots_primary_cat":"none","_seopress_titles_title":"%%post_title%% %%sitetitle%%","_seopress_titles_desc":"%%post_content%%","_seopress_robots_index":""},"product_cat":[47,15],"product_tag":[],"class_list":{"0":"post-28557","1":"product","2":"type-product","3":"status-publish","4":"has-post-thumbnail","6":"product_cat-licenciaturas","7":"product_cat-uncategorized","9":"first","10":"instock","11":"downloadable","12":"virtual","13":"purchasable","14":"product-type-simple","15":"col-xs-6 col-sm-4","16":"col-mf-5","17":"un-5-cols"},"jetpack_sharing_enabled":true,"_links":{"self":[{"href":"https:\/\/portifolioos-prontos.com\/index.php\/wp-json\/wp\/v2\/product\/28557","targetHints":{"allow":["GET"]}}],"collection":[{"href":"https:\/\/portifolioos-prontos.com\/index.php\/wp-json\/wp\/v2\/product"}],"about":[{"href":"https:\/\/portifolioos-prontos.com\/index.php\/wp-json\/wp\/v2\/types\/product"}],"version-history":[{"count":0,"href":"https:\/\/portifolioos-prontos.com\/index.php\/wp-json\/wp\/v2\/product\/28557\/revisions"}],"wp:featuredmedia":[{"embeddable":true,"href":"https:\/\/portifolioos-prontos.com\/index.php\/wp-json\/wp\/v2\/media\/28560"}],"wp:attachment":[{"href":"https:\/\/portifolioos-prontos.com\/index.php\/wp-json\/wp\/v2\/media?parent=28557"}],"wp:term":[{"taxonomy":"product_cat","embeddable":true,"href":"https:\/\/portifolioos-prontos.com\/index.php\/wp-json\/wp\/v2\/product_cat?post=28557"},{"taxonomy":"product_tag","embeddable":true,"href":"https:\/\/portifolioos-prontos.com\/index.php\/wp-json\/wp\/v2\/product_tag?post=28557"}],"curies":[{"name":"wp","href":"https:\/\/api.w.org\/{rel}","templated":true}]}}