{"id":28562,"date":"2024-07-31T17:55:55","date_gmt":"2024-07-31T20:55:55","guid":{"rendered":"https:\/\/portifolioos-prontos.com\/?post_type=product&#038;p=28562"},"modified":"2024-09-01T15:00:19","modified_gmt":"2024-09-01T18:00:19","slug":"pratica-praticas-pedagogicas-gestao-da-aprendizagem","status":"publish","type":"product","link":"https:\/\/portifolioos-prontos.com\/index.php\/product\/pratica-praticas-pedagogicas-gestao-da-aprendizagem\/","title":{"rendered":"Pr\u00e1tica pr\u00e1ticas pedag\u00f3gicas Gest\u00e3o da Aprendizagem"},"content":{"rendered":"<p>Pr\u00e1tica pr\u00e1ticas pedag\u00f3gicas Gest\u00e3o da Aprendizagem<\/p>\n<p>Pr\u00e1tica pr\u00e1ticas pedag\u00f3gicas: Gest\u00e3o da Aprendizagem<\/p>\n<hr \/>\n<p>Ol\u00e1, estudante!<br \/>\nNeste momento, voc\u00ea realizar\u00e1 uma atividade pr\u00e1tica relacionada a uma situa\u00e7\u00e3o t\u00edpica da atua\u00e7\u00e3o<br \/>\ndo professor. Uma Avalia\u00e7\u00e3o Diagn\u00f3stica, como estrat\u00e9gia educativa para o mapeamento dos<br \/>\nconhecimentos pr\u00e9vios dos estudantes.<br \/>\nObjetivos<br \/>\nRefletir sobre a import\u00e2ncia da avalia\u00e7\u00e3o diagn\u00f3stica.<br \/>\nConstruir uma avalia\u00e7\u00e3o diagn\u00f3stica.<br \/>\nEmpregar os objetos de aprendizagem e as habilidades descritas na BNCC em quest\u00f5es<br \/>\npertinentes \u00e0 avalia\u00e7\u00e3o diagn\u00f3stica.<br \/>\nSitua\u00e7\u00e3o-problema<br \/>\nAp\u00f3s a realiza\u00e7\u00e3o do concurso p\u00fablico em sua cidade, voc\u00ea foi chamado para assumir o cargo<br \/>\nde professor. O ingresso ocorreu um pouco antes do in\u00edcio das aulas, ent\u00e3o, a coordenadora<br \/>\npedag\u00f3gica, ap\u00f3s apresentar os professores e as respectivas s\u00e9ries, orientou que todos<br \/>\niniciassem a confec\u00e7\u00e3o das avalia\u00e7\u00f5es diagn\u00f3sticas.<br \/>\nNa escola, h\u00e1 professores das diferentes \u00e1reas de conhecimento e cada professor desenvolver\u00e1<br \/>\numa avalia\u00e7\u00e3o diagn\u00f3stica, contemplando os componentes curriculares da sua respectiva \u00e1rea.<br \/>\nPasso 1<br \/>\nPara elaborar a atividade, voc\u00ea precisar\u00e1:<br \/>\n1. Ler e conhecer as compet\u00eancias espec\u00edficas referentes \u00e0 sua \u00e1rea de conhecimento de<br \/>\nacordo com a BNCC, bem como a proposta de objetos de conhecimento e habilidades<br \/>\nprevista para uma s\u00e9rie de sua escolha, conforme segmento de atua\u00e7\u00e3o de seu curso de<br \/>\ngradua\u00e7\u00e3o (Por exemplo: Pedagogia, Educa\u00e7\u00e3o F\u00edsica e Arte: do 1\u00ba ao 5\u00ba ano; Letras,<br \/>\nMatem\u00e1tica, Hist\u00f3ria, Geografia: do 6\u00ba ao 9\u00ba ano; Filosofia, Sociologia: 1\u00ba ao 3\u00ba ano do<br \/>\nEnsino M\u00e9dio). O curso de Educa\u00e7\u00e3o Especial abrange todos os segmentos mencionados,<br \/>\ncom foco em estudantes com necessidades educacionais especiais.<br \/>\n2. Construir a avalia\u00e7\u00e3o diagn\u00f3stica da disciplina de sua \u00e1rea de forma\u00e7\u00e3o para a s\u00e9rie de sua<br \/>\nescolha, contendo 10 perguntas relacionadas ao desenvolvimento das compet\u00eancias<br \/>\ndefinidas no item 1, sendo 8 de m\u00faltipla escolha e 2 dissertativas, conforme modelos, a<br \/>\nseguir.<br \/>\nATV<br \/>\nATIVIDADE PR\u00c1TICA<br \/>\nExemplo para a disciplina de Ci\u00eancias:<br \/>\nCompet\u00eancia prevista na BNCC:<br \/>\n(EF01CI01) Comparar caracter\u00edsticas de diferentes materiais presentes em objetos<br \/>\nde uso cotidiano, discutindo sua origem, os modos como s\u00e3o descartados e como<br \/>\npodem ser usados de forma maisconsciente.<br \/>\nExemplo de quest\u00e3o diagn\u00f3stica de m\u00faltipla escolha:<br \/>\nPedro precisa descartar alguns pap\u00e9is. Onde ele deve deix\u00e1-los?<br \/>\na) No mar ou nos rios.<br \/>\nb) No ch\u00e3o.<br \/>\nc) No cesto de papel reciclado.<br \/>\nd) Fazer uma fogueira para queim\u00e1-los.<br \/>\nCompet\u00eancia prevista na BNCC:<br \/>\n(EF01CI05) Identificar e nomear diferentes escalas de tempo: os per\u00edodos di\u00e1rios<br \/>\n(manh\u00e3, tarde, noite)e a sucess\u00e3o de dias, semanas, meses e anos.<br \/>\nExemplo de quest\u00e3o diagn\u00f3stica dissertativa:<br \/>\nUm dia \u00e9 dividido em tr\u00eas partes principais. O que voc\u00ea faz em cada uma dessas<br \/>\npartes?<br \/>\nPasso 2:<br \/>\nElabora\u00e7\u00e3o do trabalho para postagem no AVA, contendo:<br \/>\n1) Capa da Institui\u00e7\u00e3o, conforme orienta\u00e7\u00e3o dispon\u00edvel na biblioteca virtual.<br \/>\n2) Apresenta\u00e7\u00e3o das compet\u00eancias utilizadas para elabora\u00e7\u00e3o da avalia\u00e7\u00e3o diagn\u00f3stica,<br \/>\ncomentando a import\u00e2ncia de cada uma.<br \/>\n3) A avalia\u00e7\u00e3o diagn\u00f3stica, contendo dez perguntas, sendo 8 de m\u00faltipla escolha e 2<br \/>\nATV<br \/>\nATIVIDADE PR\u00c1TICA<br \/>\ndissertativas.<br \/>\nNORMAS PARA ENTREGA DA ATIVIDADE PR\u00c1TICA<br \/>\n\u2022 Voc\u00ea dever\u00e1 postar seu trabalho final no AVA, na pasta espec\u00edfica relacionada \u00e0 atividade pr\u00e1tica,<br \/>\nobedecendo o prazo limite de postagem, conforme disposto no AVA.<br \/>\n\u2022 O trabalho deve ser enviado em formato Word ou PDF, em um ARQUIVO \u00daNICO de at\u00e9 10 MB.<br \/>\n\u2022 O sistema permite anexar apenas um arquivo. Caso haja mais de uma postagem, ser\u00e1 considerada<br \/>\na \u00faltima vers\u00e3o.<br \/>\nIMPORTANTE:<br \/>\n\u2022 A entrega da atividade, de acordo com a proposta solicitada, \u00e9 um crit\u00e9rio de aprova\u00e7\u00e3o na<br \/>\ndisciplina.<br \/>\n\u2022 N\u00e3o h\u00e1 prorroga\u00e7\u00e3o para a postagem da atividade.<\/p>\n<p>Aproveite essa oportunidade para aprofundar ainda mais seus conhecimentos.<br \/>\nBons estudos!<br \/>\nRefer\u00eancias<br \/>\nBRASIL. Minist\u00e9rio da Educa\u00e7\u00e3o. Base Nacional Comum Curricular. Bras\u00edlia, 2017. Dispon\u00edvel<br \/>\nem:\u00a0<a href=\"http:\/\/basenacionalcomum.mec.gov.br\/abase\/\" rel=\"nofollow\">http:\/\/basenacionalcomum.mec.gov.br\/abase\/<\/a>\u00a0Acesso em: 12 dez. 2023.<br \/>\nGOVERNO DO ESTADO DO RIO GRANDE DO SUL. Matrizes de refer\u00eancia para o ano de<br \/>\n2022. Dispon\u00edvel em:\u00a0<a href=\"https:\/\/educacao.rs.gov.br\/upload\/arquivos\/202202\/18164129-matrizes-dereferencia-2022-2.pdf\" rel=\"nofollow\">https:\/\/educacao.rs.gov.br\/upload\/arquivos\/202202\/18164129-matrizes-dereferencia-2022-2.pdf<\/a>. Acesso em: 12 dez. 2023<\/p>\n<p>Portf\u00f3lio Pr\u00e1tica pr\u00e1ticas pedag\u00f3gicas Gest\u00e3o da Aprendizagem<\/p>\n<div class=\"elementor-toggle-item\">\n<h4 id=\"elementor-tab-title-1941\" class=\"elementor-tab-title elementor-active\" tabindex=\"0\" role=\"tab\" data-tab=\"1\" aria-controls=\"elementor-tab-content-1941\" aria-expanded=\"true\" aria-selected=\"true\">Como funciona?<\/h4>\n<div id=\"elementor-tab-content-1941\" class=\"elementor-tab-content elementor-clearfix elementor-active\" role=\"tabpanel\" data-tab=\"1\" aria-labelledby=\"elementor-tab-title-1941\">\n<p>Elaboramos os portf\u00f3lios, j\u00e1 deixamos prontos, nas normas da ABNT e conforme os requisitos da universidade. F\u00e1cil assim! O MELHOR \u00c9 QUE VOC\u00ca COMPRA E J\u00c1 BAIXA NA HORA O SEU ARQUIVO EM WORD! Sabemos que conciliar trabalho, fam\u00edlia, vida profissional e estudos \u00e9 dif\u00edcil hoje em dia, por isso, estamos aqui para ajudar voc\u00ea. Conte com nossa qualidade, experi\u00eancia e profissionalismo adquirindo seu portf\u00f3lio conosco. GARANTIMOS SEU CONCEITO!<\/p>\n<h4>Como se realizam os envios?<\/h4>\n<\/div>\n<\/div>\n<div class=\"elementor-toggle-item\">\n<div id=\"elementor-tab-content-1942\" class=\"elementor-tab-content elementor-clearfix elementor-active\" role=\"tabpanel\" data-tab=\"2\" aria-labelledby=\"elementor-tab-title-1942\">O seu trabalho \u00e9 disponibilizado pronto, respondido e nas normas j\u00e1 na mesma hora aqui em nosso site na sua \u00e1rea de downloads e tamb\u00e9m no seu e-mail.<\/div>\n<\/div>\n<div class=\"elementor-toggle-item\">\n<div id=\"elementor-tab-content-1943\" class=\"elementor-tab-content elementor-clearfix elementor-active\" role=\"tabpanel\" data-tab=\"3\" aria-labelledby=\"elementor-tab-title-1943\">\n<h4>Em quanto tempo recebo o portf\u00f3lio?<\/h4>\n<\/div>\n<\/div>\n<div class=\"elementor-toggle-item\">\n<div id=\"elementor-tab-content-1944\" class=\"elementor-tab-content elementor-clearfix elementor-active\" role=\"tabpanel\" data-tab=\"4\" aria-labelledby=\"elementor-tab-title-1944\">\n<p>Os envios s\u00e3o imediatos. Ap\u00f3s sua compra, o trabalho j\u00e1 \u00e9 disponibilizado instantaneamente aqui em nosso site e no seu e-mail.<\/p>\n<h4>E se o portf\u00f3lio que comprei precisar de corre\u00e7\u00e3o?<\/h4>\n<\/div>\n<\/div>\n<div class=\"elementor-toggle-item\">\n<div id=\"elementor-tab-content-1945\" class=\"elementor-tab-content elementor-clearfix elementor-active\" role=\"tabpanel\" data-tab=\"5\" aria-labelledby=\"elementor-tab-title-1945\">\n<p>Caso haja alguma solicita\u00e7\u00e3o de corre\u00e7\u00e3o\/altera\u00e7\u00e3o por parte do tutor, basta entrar em contato conosco pelo\u00a0WhatsApp\u00a0que provid\u00eanciaremos sem custo algum.<\/p>\n<h4>Qual o formato do arquivo?<\/h4>\n<\/div>\n<\/div>\n<div class=\"elementor-toggle-item\">\n<div id=\"elementor-tab-content-1946\" class=\"elementor-tab-content elementor-clearfix elementor-active\" role=\"tabpanel\" data-tab=\"6\" aria-labelledby=\"elementor-tab-title-1946\">\n<p>Os arquivos s\u00e3o enviados em formato Word e s\u00e3o edit\u00e1veis.<\/p>\n<h4>Caso eu tiver alguma d\u00favida, terei suporte no p\u00f3s venda?<\/h4>\n<\/div>\n<\/div>\n<div class=\"elementor-toggle-item\">\n<div id=\"elementor-tab-content-1948\" class=\"elementor-tab-content elementor-clearfix elementor-active\" role=\"tabpanel\" data-tab=\"8\" aria-labelledby=\"elementor-tab-title-1948\">\n<p>Sim, com certeza. Basta clicar no \u00edcone do WhatsApp no cantinho da tela. Ser\u00e1 um prazer atend\u00ea-lo(a).<\/p>\n<div class=\"elementor-toggle-item\">\n<div id=\"elementor-tab-content-1948\" class=\"elementor-tab-content elementor-clearfix elementor-active\" role=\"tabpanel\" data-tab=\"8\" aria-labelledby=\"elementor-tab-title-1948\">\n<h4>Quais os seus canais de contato?<\/h4>\n<\/div>\n<\/div>\n<div class=\"elementor-toggle-item\">\n<div id=\"elementor-tab-content-1949\" class=\"elementor-tab-content elementor-clearfix elementor-active\" role=\"tabpanel\" data-tab=\"9\" aria-labelledby=\"elementor-tab-title-1949\">\n<p>Whatsapp: 53 984751621 \u2013 Clicar no canto da tela ou ESCANEIE O QRCODE ABAIXO<\/p>\n<h4><img decoding=\"async\" class=\"alignnone wp-image-13699 jetpack-lazy-image jetpack-lazy-image--handled smush-detected-img smush-image-1 smush-image-2\" src=\"https:\/\/i0.wp.com\/portifolioos-prontos.com\/wp-content\/uploads\/2023\/02\/whatsapp-business-projeto-de-extensao-300x300.jpeg?resize=144%2C144\" sizes=\"(max-width: 144px) 100vw, 144px\" srcset=\"https:\/\/i0.wp.com\/portifolioos-prontos.com\/wp-content\/uploads\/2023\/02\/whatsapp-business-projeto-de-extensao.jpeg?resize=300%2C301&amp;ssl=1 300w, https:\/\/i0.wp.com\/portifolioos-prontos.com\/wp-content\/uploads\/2023\/02\/whatsapp-business-projeto-de-extensao.jpeg?resize=150%2C150&amp;ssl=1 150w, https:\/\/i0.wp.com\/portifolioos-prontos.com\/wp-content\/uploads\/2023\/02\/whatsapp-business-projeto-de-extensao.jpeg?resize=370%2C372&amp;ssl=1 370w, https:\/\/i0.wp.com\/portifolioos-prontos.com\/wp-content\/uploads\/2023\/02\/whatsapp-business-projeto-de-extensao.jpeg?resize=100%2C100&amp;ssl=1 100w, https:\/\/i0.wp.com\/portifolioos-prontos.com\/wp-content\/uploads\/2023\/02\/whatsapp-business-projeto-de-extensao.jpeg?w=470&amp;ssl=1 470w\" alt=\"projeto de extens\u00e3o unopar\" width=\"144\" height=\"144\" data-lazy-loaded=\"1\" \/><\/h4>\n<\/div>\n<\/div>\n<\/div>\n<\/div>\n<div class=\"elementor-toggle-item\">\n<div id=\"elementor-tab-content-1949\" class=\"elementor-tab-content elementor-clearfix elementor-active\" role=\"tabpanel\" data-tab=\"9\" aria-labelledby=\"elementor-tab-title-1949\">\n<p>E-mail:portifoliosp@gmail.com<\/p>\n<div id=\"attachment_143\" class=\"wp-caption alignnone\">\n<div id=\"attachment_143\" class=\"wp-caption alignnone\" style=\"width: 89px;\">\n<p><a href=\"https:\/\/portifolioos-prontos.com\/\"><img decoding=\"async\" class=\"wp-image-143 jetpack-lazy-image jetpack-lazy-image--handled smush-detected-img smush-image-11 smush-image-2 smush-image-10 smush-image-13 smush-image-3\" title=\"portfolio pronto unopar\" src=\"https:\/\/i0.wp.com\/portifolioos-prontos.com\/wp-content\/uploads\/2022\/04\/conceitomaximo.png?resize=161%2C46\" alt=\"PORTFOLIO PRONTO UNOPAR ANHANGUERA\" width=\"89\" height=\"25\" aria-describedby=\"caption-attachment-143\" data-lazy-loaded=\"1\" \/><\/a><\/p>\n<p id=\"caption-attachment-143\" class=\"wp-caption-text\">Portf\u00f3lio em Word, respondido, completo e j\u00e1 nas normas<\/p>\n<\/div>\n<\/div>\n<\/div>\n<\/div>\n","protected":false},"excerpt":{"rendered":"<div class=\"product-short-description\">\n<h5><strong>Pague pelo PIX ou cart\u00e3o e fa\u00e7a o download agora mesmo.<\/strong><\/h5>\n<\/div>\n<div class=\"sticky-add-to-cart-wrapper\">\n<div class=\"sticky-add-to-cart\">\n<div class=\"quantity buttons_added form-flat\"><img decoding=\"async\" class=\"alignnone wp-image-761 smush-detected-img smush-image-2\" src=\"https:\/\/portifolioos-prontos.com\/wp-content\/uploads\/2022\/04\/PIX-300x107.webp\" alt=\"\" width=\"78\" height=\"28\" \/>\u00a0\u00a0<img loading=\"lazy\" decoding=\"async\" class=\"smush-detected-img smush-image-3\" src=\"https:\/\/d26lpennugtm8s.cloudfront.net\/assets\/common\/img\/logos\/payment\/visa@2x.png\" width=\"46\" height=\"29\" \/><img loading=\"lazy\" decoding=\"async\" class=\"smush-detected-img smush-image-4\" src=\"https:\/\/d26lpennugtm8s.cloudfront.net\/assets\/common\/img\/logos\/payment\/boleto@2x.png\" width=\"43\" height=\"27\" \/><img loading=\"lazy\" decoding=\"async\" class=\"smush-detected-img smush-image-5\" src=\"https:\/\/d26lpennugtm8s.cloudfront.net\/assets\/common\/img\/logos\/payment\/mastercard@2x.png\" width=\"43\" height=\"27\" \/><img loading=\"lazy\" decoding=\"async\" class=\"smush-detected-img smush-image-6\" src=\"https:\/\/d26lpennugtm8s.cloudfront.net\/assets\/common\/img\/logos\/payment\/amex@2x.png\" width=\"43\" height=\"27\" \/><img loading=\"lazy\" decoding=\"async\" class=\"smush-detected-img smush-image-7\" src=\"https:\/\/d26lpennugtm8s.cloudfront.net\/assets\/common\/img\/logos\/payment\/diners@2x.png\" width=\"46\" height=\"29\" \/><img loading=\"lazy\" decoding=\"async\" class=\"smush-detected-img smush-image-8\" src=\"https:\/\/d26lpennugtm8s.cloudfront.net\/assets\/common\/img\/logos\/payment\/br\/elo@2x.png\" width=\"45\" height=\"28\" \/><img loading=\"lazy\" decoding=\"async\" class=\"smush-detected-img smush-image-9\" src=\"https:\/\/d26lpennugtm8s.cloudfront.net\/assets\/common\/img\/logos\/payment\/br\/hipercard@2x.png\" width=\"44\" height=\"28\" \/><img loading=\"lazy\" decoding=\"async\" class=\"smush-detected-img smush-image-10\" src=\"https:\/\/d26lpennugtm8s.cloudfront.net\/assets\/common\/img\/logos\/payment\/mercadopago@2x.png\" width=\"45\" height=\"28\" \/><\/div>\n<\/div>\n<\/div>\n","protected":false},"featured_media":28565,"template":"","meta":{"_seopress_robots_primary_cat":"none","_seopress_titles_title":"%%post_title%% %%sitetitle%%","_seopress_titles_desc":"%%post_content%%","_seopress_robots_index":""},"product_cat":[47,15],"product_tag":[],"class_list":{"0":"post-28562","1":"product","2":"type-product","3":"status-publish","4":"has-post-thumbnail","6":"product_cat-licenciaturas","7":"product_cat-uncategorized","9":"first","10":"instock","11":"downloadable","12":"virtual","13":"purchasable","14":"product-type-simple","15":"col-xs-6 col-sm-4","16":"col-mf-5","17":"un-5-cols"},"jetpack_sharing_enabled":true,"_links":{"self":[{"href":"https:\/\/portifolioos-prontos.com\/index.php\/wp-json\/wp\/v2\/product\/28562","targetHints":{"allow":["GET"]}}],"collection":[{"href":"https:\/\/portifolioos-prontos.com\/index.php\/wp-json\/wp\/v2\/product"}],"about":[{"href":"https:\/\/portifolioos-prontos.com\/index.php\/wp-json\/wp\/v2\/types\/product"}],"version-history":[{"count":0,"href":"https:\/\/portifolioos-prontos.com\/index.php\/wp-json\/wp\/v2\/product\/28562\/revisions"}],"wp:featuredmedia":[{"embeddable":true,"href":"https:\/\/portifolioos-prontos.com\/index.php\/wp-json\/wp\/v2\/media\/28565"}],"wp:attachment":[{"href":"https:\/\/portifolioos-prontos.com\/index.php\/wp-json\/wp\/v2\/media?parent=28562"}],"wp:term":[{"taxonomy":"product_cat","embeddable":true,"href":"https:\/\/portifolioos-prontos.com\/index.php\/wp-json\/wp\/v2\/product_cat?post=28562"},{"taxonomy":"product_tag","embeddable":true,"href":"https:\/\/portifolioos-prontos.com\/index.php\/wp-json\/wp\/v2\/product_tag?post=28562"}],"curies":[{"name":"wp","href":"https:\/\/api.w.org\/{rel}","templated":true}]}}