{"id":28662,"date":"2024-08-04T14:18:37","date_gmt":"2024-08-04T17:18:37","guid":{"rendered":"https:\/\/portifolioos-prontos.com\/?post_type=product&#038;p=28662"},"modified":"2025-08-21T10:07:01","modified_gmt":"2025-08-21T13:07:01","slug":"projeto-integrado-inovacao-acessibilidade-no-setor-de-radiologia-promovendo-a-equidade-no-cuidado-a-saude","status":"publish","type":"product","link":"https:\/\/portifolioos-prontos.com\/index.php\/product\/projeto-integrado-inovacao-acessibilidade-no-setor-de-radiologia-promovendo-a-equidade-no-cuidado-a-saude\/","title":{"rendered":"Projeto Integrado Inova\u00e7\u00e3o &#8211; Radiologia"},"content":{"rendered":"<h5>Projeto Integrado Inova\u00e7\u00e3o &#8211; Radiologia<\/h5>\n<h6 class=\"product-title product_title entry-title\">Acessibilidade no setor de Radiologia: Promovendo a equidade no cuidado a Sa\u00fade<\/h6>\n<p>SITUA\u00c7\u00c3O PROPOSTA:<br \/>\nA acessibilidade no setor de radiologia desempenha um papel crucial na garantia de que<br \/>\ntodos os pacientes, independentemente de suas capacidades f\u00edsicas, sensoriais ou cognitivas,<br \/>\npossam receber os cuidados necess\u00e1rios de forma eficaz e sem discrimina\u00e7\u00e3o. Para compreender e<br \/>\nabordar essas quest\u00f5es de forma abrangente, \u00e9 fundamental considerar os seguintes quesitos:<br \/>\n1. Acessibilidade F\u00edsica: As instala\u00e7\u00f5es radiol\u00f3gicas devem ser projetadas e constru\u00eddas<br \/>\nlevando em conta os princ\u00edpios de acessibilidade f\u00edsica. Isso inclui a conformidade com<br \/>\nregulamentos e normas, como as diretrizes da Americans with Disabilities Act (ADA) nos<br \/>\nEstados Unidos ou padr\u00f5es similares em outros pa\u00edses.<br \/>\n2. Comunica\u00e7\u00e3o Acess\u00edvel:\u00c9 essencial que os servi\u00e7os radiol\u00f3gicos forne\u00e7am comunica\u00e7\u00e3o<br \/>\nacess\u00edvel para pessoas com defici\u00eancias auditivas, visuais ou cognitivas. Isso pode envolver<br \/>\na disponibilidade de int\u00e9rpretes de l\u00edngua de sinais, materiais educacionais em formatos<br \/>\nacess\u00edveis e comunica\u00e7\u00e3o verbal clara e direta.<br \/>\n3. Equipamentos e Tecnologias acess\u00edveis: Os equipamentos radiol\u00f3gicos devem ser<br \/>\nprojetados considerando a usabilidade por pessoas com diferentes habilidades f\u00edsicas. Isso<br \/>\npode incluir a presen\u00e7a de controles ergon\u00f4micos, ajustes de altura e interfaces de usu\u00e1rio<br \/>\nintuitivas.<br \/>\nPROJETO INTEGRADO &#8211; INOVA\u00c7\u00c3O<br \/>\nATIVIDADES<br \/>\nATIVIDADE 1<br \/>\nEstudante, desenvolva um plano para a implementa\u00e7\u00e3o de um projeto de Acessibilidade,<br \/>\nfocado em estrat\u00e9gias de conscientiza\u00e7\u00e3o do setor de radiodiagn\u00f3stico, seguindo os seguintes<br \/>\npassos:<br \/>\nPasso 1: An\u00e1lise de Desafios<br \/>\nRealize uma pesquisa bibliogr\u00e1fica para identifica\u00e7\u00e3o dos desafios que envolvem a Radiologia<br \/>\nem rela\u00e7\u00e3o aos quesitos de acessibilidade do setor.<br \/>\nPasso 2: An\u00e1lise Cr\u00edtica<br \/>\nAp\u00f3s pesquisa bibliogr\u00e1fica sobre o tema, fa\u00e7a uma an\u00e1lise cr\u00edtica sobe a real situa\u00e7\u00e3o do<br \/>\nsetor e as poss\u00edveis melhorias que poderiam ser efetuadas para atingir os quesitos descritos acima.<br \/>\nPasso 3: Estrat\u00e9gias de Acessibilidade<br \/>\nElabore estrat\u00e9gias de Conscientiza\u00e7\u00e3o sobre o tema acessibilidade como um l\u00edder do<br \/>\nsegmento de Radiologia, incluindo abordagens online e offline, considerando a conscientiza\u00e7\u00e3o do<br \/>\nde todos os envolvidos para que todos os pacientes, independentemente de suas capacidades f\u00edsicas,<br \/>\nsensoriais ou cognitivas, possam receber os cuidados necess\u00e1rios de forma eficaz e sem<br \/>\ndiscrimina\u00e7\u00e3o.<br \/>\n4. Treinamento do Pessoal: Todos os profissionais de sa\u00fade que trabalham no setor de<br \/>\nradiologia devem receber treinamento adequado em acessibilidade e inclus\u00e3o. Isso pode<br \/>\nenvolver cursos de sensibiliza\u00e7\u00e3o, pr\u00e1ticas de comunica\u00e7\u00e3o inclusiva e treinamento no uso<br \/>\nde tecnologias assistivas.<br \/>\n5. Acesso \u00e0 Informa\u00e7\u00e3o: As informa\u00e7\u00f5es sobre os procedimentos radiol\u00f3gicos devem ser<br \/>\ndisponibilizadas em formatos acess\u00edveis para garantir a compreens\u00e3o por parte de todos<br \/>\nos pacientes. Isso pode incluir o uso de linguagem simples, ilustra\u00e7\u00f5es visuais e tradu\u00e7\u00e3o<br \/>\npara diferentes idiomas, conforme necess\u00e1rio.<br \/>\n6. Pol\u00edticas e Procedimentos: As institui\u00e7\u00f5es de sa\u00fade devem implementar pol\u00edticas claras e<br \/>\nabrangentes de acessibilidade, que abordem n\u00e3o apenas as necessidades dos pacientes,<br \/>\nmas tamb\u00e9m dos acompanhantes e visitantes. Isso pode incluir a designa\u00e7\u00e3o de<br \/>\nrespons\u00e1veis pela acessibilidade, a realiza\u00e7\u00e3o de auditorias peri\u00f3dicas e a revis\u00e3o cont\u00ednua<br \/>\ndas pr\u00e1ticas para garantir a conformidade com as normas e regulamentos.<br \/>\nPROJETO INTEGRADO &#8211; INOVA\u00c7\u00c3O<br \/>\nREFER\u00caNCIAS PARA ATIVIDADE:<br \/>\nBUENO, Milene Bernardo; DA SILVA, Maiara; DOS SANTOS, Luiz Faustino. Radiologia na medicina atual:<br \/>\nimport\u00e2ncia do exame por imagem no diagn\u00f3stico do paciente. Revista Atenas Higeia, v. 4, n. 1, 2022.<br \/>\nHASTENTEUFEL, Janine et al. Prote\u00e7\u00e3o radiol\u00f3gica para profissionais de sa\u00fade: um curso EaD como<br \/>\nferramenta para promo\u00e7\u00e3o de sa\u00fade e seguran\u00e7a no trabalho com radia\u00e7\u00f5es ionizantes. Reposit\u00f3rio<br \/>\nInstitucional UFCSPA, 2021.<br \/>\nLOPEZ, Monica Holdorf et al. Protocolo para avalia\u00e7\u00e3o, planejamento e controle da acessibilidade \u00e0s<br \/>\npessoas surdas e com defici\u00eancia auditiva em servi\u00e7os de sa\u00fade. Reposit\u00f3rio Institucional UFSC, 2021.<br \/>\nSILVEIRA, Terezinha Magalh\u00e3es et al. Proposta de desenvolvimento de produto para a acessibilidade<br \/>\nde pessoas surdas nos exames de tomografia computadorizada. Base Institucional Acad\u00eamica do<br \/>\nInstituto Federal do Piau\u00ed BIA, 2023.<br \/>\nATIVIDADE 2<br \/>\nTodo Projeto \u00e9 sempre um desafio e gera mudan\u00e7as que envolvem v\u00e1rias esferas: social,<br \/>\neducacional e ambiental. Essas mudan\u00e7as podem trazer diversos benef\u00edcios para uma empresa da<br \/>\n\u00e1rea de Sa\u00fade.<br \/>\nPortanto, a partir desse desafio, voc\u00ea ir\u00e1 avan\u00e7ar na discuss\u00e3o desse tema, propondo<br \/>\nmelhorias ou mitigando a\u00e7\u00f5es em empresas, institui\u00e7\u00f5es da \u00e1rea da sa\u00fade, unidades de sa\u00fade<br \/>\nparticulares e p\u00fablicas, e outros. Para esse avan\u00e7o fa\u00e7a uma an\u00e1lise e discorra sobre os t\u00f3picos<br \/>\nabordados abaixo:<br \/>\n1. Baseado nas informa\u00e7\u00f5es que foram passadas, explique a import\u00e2ncia dos<br \/>\nquesitos de acessibilidade para ossegmentos da \u00e1rea da sa\u00fade, principalmente em real\u00e7\u00e3o<br \/>\nao setor de Radiologia.<br \/>\n2. Crie um plano de a\u00e7\u00e3o educacional e de conscientiza\u00e7\u00e3o sobre a<br \/>\nacessibilidade aplicada ao setor de sa\u00fade (cl\u00ednicas, hospital, entre outros), exemplificando<br \/>\nalguma a\u00e7\u00e3o espec\u00edfica para o setor de Radiologia.<br \/>\n3. Destaque quais as vantagens da implanta\u00e7\u00e3o do seu Projeto (plano de a\u00e7\u00e3o)<br \/>\npara empresas da \u00e1rea da sa\u00fade e principalmente para o setor de Radiologia. Como voc\u00ea<br \/>\ndefenderia seu projeto?<br \/>\nPROJETO INTEGRADO &#8211; INOVA\u00c7\u00c3O<br \/>\nREFER\u00caNCIAS PARA ATIVIDADE<br \/>\nBUENO, Milene Bernardo; DA SILVA, Maiara; DOS SANTOS, Luiz Faustino. Radiologia na medicina atual:<br \/>\nimport\u00e2ncia do exame por imagem no diagn\u00f3stico do paciente. Revista Atenas Higeia, v. 4, n. 1, 2022.<br \/>\nHASTENTEUFEL, Janine et al. Prote\u00e7\u00e3o radiol\u00f3gica para profissionais de sa\u00fade: um curso EaD como<br \/>\nferramenta para promo\u00e7\u00e3o de sa\u00fade e seguran\u00e7a no trabalho com radia\u00e7\u00f5es ionizantes. Reposit\u00f3rio<br \/>\nInstitucional UFCSPA, 2021.<br \/>\nLOPEZ, Monica Holdorf et al. Protocolo para avalia\u00e7\u00e3o, planejamento e controle da acessibilidade \u00e0s<br \/>\npessoas surdas e com defici\u00eancia auditiva em servi\u00e7os de sa\u00fade. Reposit\u00f3rio Institucional UFSC, 2021.<br \/>\nSILVEIRA, Terezinha Magalh\u00e3es et al. Proposta de desenvolvimento de produto para a acessibilidade<br \/>\nde pessoas surdas nos exames de tomografia computadorizada. Base Institucional Acad\u00eamica do<br \/>\nInstituto Federal do Piau\u00ed BIA, 2023.<br \/>\nATIVIDADE 3<br \/>\nA vigil\u00e2ncia sanit\u00e1ria \u00e9 respons\u00e1vel por garantir a qualidade e seguran\u00e7a dos produtos e<br \/>\nservi\u00e7os relacionados \u00e0 sa\u00fade, visando proteger a sa\u00fade da popula\u00e7\u00e3o e prevenir riscos \u00e0 sa\u00fade. Para<br \/>\nestabelecer os padr\u00f5es de qualidade, seguran\u00e7a e efic\u00e1cia de produtos, a Ag\u00eancia Nacional de<br \/>\nVigil\u00e2ncia Sanit\u00e1ria (ANVISA) emite documentos normativos, conhecidos como Resolu\u00e7\u00e3o da<br \/>\nDiretoria Colegiada (RDC). A RDC \u00e9 uma das principais ferramentas utilizadas pela vigil\u00e2ncia sanit\u00e1ria<br \/>\npara garantir a prote\u00e7\u00e3o da sa\u00fade p\u00fablica. Dentre as resolu\u00e7\u00f5es, destaca-se a RDC 611\/2022 que<br \/>\naborda os requisitos necess\u00e1rios para garantir a qualidade e seguran\u00e7a dos produtos e servi\u00e7os em<br \/>\nradiologia. Dessa forma, com base na refer\u00eancia sugerida e de acordo com seus conhecimentos,<br \/>\nresponda:<br \/>\n1. Explique os tr\u00eas pilares da RDC 611\/2022.<br \/>\n2. A RDC 611 teve um impacto significativo na melhoria da qualidade e seguran\u00e7a dos<br \/>\nservi\u00e7os de radiodiagn\u00f3stico m\u00e9dico no Brasil. Quais os principais benef\u00edcios inclu\u00eddos?<br \/>\n3. Explique as medidas de preven\u00e7\u00e3o e prote\u00e7\u00e3o radiol\u00f3gica que s\u00e3o abordadas na RDC<br \/>\n611\/2022.<br \/>\nPROJETO INTEGRADO &#8211; INOVA\u00c7\u00c3O<br \/>\nREFER\u00caNCIA:<br \/>\nBRASIL. Minist\u00e9rio da Sa\u00fade. Ag\u00eancia Nacional de Vigil\u00e2ncia Sanit\u00e1ria (ANVISA). Resolu\u00e7\u00e3o da<br \/>\nDiretoria Colegiada Resolu\u00e7\u00e3o &#8211; RDC N\u00ba 611, de 09 de mar\u00e7o de 2022.<br \/>\nhttps:\/\/www.in.gov.br\/en\/web\/dou\/-\/resolucao-rdc-n-611-de-9-de-marco-de-2022-386107075<\/p>\n<div class=\"elementor-toggle-item\">\n<div class=\"elementor-toggle-item\">\n<p id=\"elementor-tab-title-1941\" class=\"elementor-tab-title elementor-active\" tabindex=\"0\" role=\"tab\" data-tab=\"1\" aria-controls=\"elementor-tab-content-1941\" aria-expanded=\"true\" aria-selected=\"true\"><strong>Como funciona?<\/strong><\/p>\n<p>Elaboramos os portf\u00f3lios, j\u00e1 deixamos prontos, nas normas da ABNT e conforme os requisitos da universidade. F\u00e1cil assim! O MELHOR \u00c9 QUE VOC\u00ca COMPRA E J\u00c1 BAIXA NA HORA O SEU ARQUIVO EM WORD! Sabemos que conciliar trabalho, fam\u00edlia, vida profissional e estudos \u00e9 dif\u00edcil hoje em dia, por isso, estamos aqui para ajudar voc\u00ea. Conte com nossa qualidade, experi\u00eancia e profissionalismo adquirindo seu portf\u00f3lio conosco. GARANTIMOS SEU CONCEITO!<\/p>\n<p><strong>Como se realizam os envios?<\/strong><\/p>\n<\/div>\n<p id=\"elementor-tab-content-1942\" class=\"elementor-tab-content elementor-clearfix elementor-active\" role=\"tabpanel\" data-tab=\"2\" aria-labelledby=\"elementor-tab-title-1942\">O seu trabalho \u00e9 disponibilizado pronto, respondido e nas normas j\u00e1 na mesma hora aqui em nosso site na sua \u00e1rea de downloads e tamb\u00e9m no seu e-mail.<\/p>\n<p><strong>Em quanto tempo recebo o portf\u00f3lio?<\/strong><\/p>\n<p>Os envios s\u00e3o imediatos. Ap\u00f3s sua compra, o trabalho j\u00e1 \u00e9 disponibilizado instantaneamente aqui em nosso site e no seu e-mail.<\/p>\n<p><strong>E se o portf\u00f3lio que comprei precisar de corre\u00e7\u00e3o?<\/strong><\/p>\n<p>Caso haja alguma solicita\u00e7\u00e3o de corre\u00e7\u00e3o\/altera\u00e7\u00e3o por parte do tutor, basta entrar em contato conosco pelo\u00a0WhatsApp\u00a0que provid\u00eanciaremos sem custo algum.<\/p>\n<p><strong>Qual o formato do arquivo?<\/strong><\/p>\n<p>Os arquivos s\u00e3o enviados em formato Word e s\u00e3o edit\u00e1veis.<\/p>\n<p><strong>Caso eu tiver alguma d\u00favida, terei suporte no p\u00f3s venda?<\/strong><\/p>\n<p>Sim, com certeza. Basta clicar no \u00edcone do WhatsApp no cantinho da tela. Ser\u00e1 um prazer atend\u00ea-lo(a).<\/p>\n<div id=\"elementor-tab-content-1948\" class=\"elementor-tab-content elementor-clearfix elementor-active\" role=\"tabpanel\" data-tab=\"8\" aria-labelledby=\"elementor-tab-title-1948\">\n<p><strong>Quais os seus canais de contato?<\/strong><\/p>\n<\/div>\n<div id=\"elementor-tab-content-1949\" class=\"elementor-tab-content elementor-clearfix elementor-active\" role=\"tabpanel\" data-tab=\"9\" aria-labelledby=\"elementor-tab-title-1949\">\n<p>Whatsapp: 53 984751621 \u2013 Clicar no canto da tela ou ESCANEIE O QRCODE ABAIXO<\/p>\n<h4><img decoding=\"async\" class=\"alignnone wp-image-13699 jetpack-lazy-image jetpack-lazy-image--handled\" src=\"https:\/\/i0.wp.com\/portifolioos-prontos.com\/wp-content\/uploads\/2023\/02\/whatsapp-business-projeto-de-extensao-300x300.jpeg?resize=144%2C144\" sizes=\"(max-width: 144px) 100vw, 144px\" srcset=\"https:\/\/i0.wp.com\/portifolioos-prontos.com\/wp-content\/uploads\/2023\/02\/whatsapp-business-projeto-de-extensao.jpeg?resize=300%2C301&amp;ssl=1 300w, https:\/\/i0.wp.com\/portifolioos-prontos.com\/wp-content\/uploads\/2023\/02\/whatsapp-business-projeto-de-extensao.jpeg?resize=150%2C150&amp;ssl=1 150w, https:\/\/i0.wp.com\/portifolioos-prontos.com\/wp-content\/uploads\/2023\/02\/whatsapp-business-projeto-de-extensao.jpeg?resize=370%2C372&amp;ssl=1 370w, https:\/\/i0.wp.com\/portifolioos-prontos.com\/wp-content\/uploads\/2023\/02\/whatsapp-business-projeto-de-extensao.jpeg?resize=100%2C100&amp;ssl=1 100w, https:\/\/i0.wp.com\/portifolioos-prontos.com\/wp-content\/uploads\/2023\/02\/whatsapp-business-projeto-de-extensao.jpeg?w=470&amp;ssl=1 470w\" alt=\"projeto de extens\u00e3o unopar\" width=\"144\" height=\"144\" data-lazy-loaded=\"1\" \/><\/h4>\n<\/div>\n<div class=\"elementor-toggle-item\">\n<div id=\"elementor-tab-content-1949\" class=\"elementor-tab-content elementor-clearfix elementor-active\" role=\"tabpanel\" data-tab=\"9\" aria-labelledby=\"elementor-tab-title-1949\">\n<p>E-mail:portifoliosp@gmail.com<\/p>\n<div id=\"attachment_143\" class=\"wp-caption alignnone\">\n<div id=\"attachment_143\" class=\"wp-caption alignnone\">\n<p id=\"caption-attachment-143\" class=\"wp-caption-text\"><a href=\"http:\/\/portfolio-pronto.com\/\">Portf\u00f3lio<\/a>\u00a0em Word, respondido, completo e j\u00e1 nas normas<\/p>\n<\/div>\n<\/div>\n<\/div>\n<\/div>\n<\/div>\n","protected":false},"excerpt":{"rendered":"<div class=\"product-short-description\">\n<div class=\"product-short-description\">\n<p><strong>Pague pelo PIX ou cart\u00e3o e fa\u00e7a o download agora mesmo.<\/strong><\/p>\n<\/div>\n<div class=\"sticky-add-to-cart-wrapper\">\n<div class=\"sticky-add-to-cart\">\n<p class=\"quantity buttons_added form-flat\"><img decoding=\"async\" class=\"lazyloaded smush-image-5 smush-image-3 smush-image-4 smush-detected-img smush-image-bigger-3\" src=\"https:\/\/d26lpennugtm8s.cloudfront.net\/assets\/common\/img\/logos\/payment\/visa@2x.png\" width=\"46\" height=\"29\" data-src=\"https:\/\/d26lpennugtm8s.cloudfront.net\/assets\/common\/img\/logos\/payment\/visa@2x.png\" \/><img decoding=\"async\" class=\"lazyloaded smush-image-6 smush-image-4 smush-image-5 smush-detected-img smush-image-bigger-4\" src=\"https:\/\/d26lpennugtm8s.cloudfront.net\/assets\/common\/img\/logos\/payment\/boleto@2x.png\" width=\"43\" height=\"27\" data-src=\"https:\/\/d26lpennugtm8s.cloudfront.net\/assets\/common\/img\/logos\/payment\/boleto@2x.png\" \/><img loading=\"lazy\" decoding=\"async\" class=\"lazyloaded smush-image-7 smush-image-5 smush-image-6 smush-detected-img smush-image-bigger-5\" src=\"https:\/\/d26lpennugtm8s.cloudfront.net\/assets\/common\/img\/logos\/payment\/mastercard@2x.png\" width=\"43\" height=\"27\" data-src=\"https:\/\/d26lpennugtm8s.cloudfront.net\/assets\/common\/img\/logos\/payment\/mastercard@2x.png\" \/><img loading=\"lazy\" decoding=\"async\" class=\"lazyloaded smush-image-8 smush-image-6 smush-image-7 smush-detected-img smush-image-bigger-6\" src=\"https:\/\/d26lpennugtm8s.cloudfront.net\/assets\/common\/img\/logos\/payment\/amex@2x.png\" width=\"43\" height=\"27\" data-src=\"https:\/\/d26lpennugtm8s.cloudfront.net\/assets\/common\/img\/logos\/payment\/amex@2x.png\" \/><img loading=\"lazy\" decoding=\"async\" class=\"lazyloaded smush-image-9 smush-image-7 smush-image-8 smush-detected-img smush-image-bigger-7\" src=\"https:\/\/d26lpennugtm8s.cloudfront.net\/assets\/common\/img\/logos\/payment\/diners@2x.png\" width=\"46\" height=\"29\" data-src=\"https:\/\/d26lpennugtm8s.cloudfront.net\/assets\/common\/img\/logos\/payment\/diners@2x.png\" \/><img loading=\"lazy\" decoding=\"async\" class=\"lazyloaded smush-image-10 smush-image-8 smush-image-9 alignnone smush-detected-img smush-image-bigger-8\" src=\"https:\/\/d26lpennugtm8s.cloudfront.net\/assets\/common\/img\/logos\/payment\/br\/elo@2x.png\" alt=\"portf\u00f3lio unopar anhanguera\" width=\"45\" height=\"28\" data-src=\"https:\/\/d26lpennugtm8s.cloudfront.net\/assets\/common\/img\/logos\/payment\/br\/elo@2x.png\" \/><img loading=\"lazy\" decoding=\"async\" class=\"lazyloaded smush-image-11 smush-image-9 smush-image-10 alignnone smush-detected-img smush-image-bigger-9\" src=\"https:\/\/d26lpennugtm8s.cloudfront.net\/assets\/common\/img\/logos\/payment\/br\/hipercard@2x.png\" alt=\"portf\u00f3lio unopar anhanguera\" width=\"44\" height=\"28\" data-src=\"https:\/\/d26lpennugtm8s.cloudfront.net\/assets\/common\/img\/logos\/payment\/br\/hipercard@2x.png\" \/><img loading=\"lazy\" decoding=\"async\" class=\"lazyloaded smush-image-12 smush-image-10 smush-image-11 alignnone smush-detected-img smush-image-bigger-10\" src=\"https:\/\/d26lpennugtm8s.cloudfront.net\/assets\/common\/img\/logos\/payment\/mercadopago@2x.png\" alt=\"portf\u00f3lio unopar anhanguera\" width=\"45\" height=\"28\" data-src=\"https:\/\/d26lpennugtm8s.cloudfront.net\/assets\/common\/img\/logos\/payment\/mercadopago@2x.png\" \/><img loading=\"lazy\" decoding=\"async\" class=\"alignnone lazyloaded smush-detected-img smush-image-bigger-11\" src=\"https:\/\/futurium.com.br\/wp-content\/uploads\/2021\/06\/logo-pix-icone-512.png\" alt=\"portfolio pronto\" width=\"30\" height=\"30\" data-src=\"https:\/\/futurium.com.br\/wp-content\/uploads\/2021\/06\/logo-pix-icone-512.png\" \/><\/p>\n<\/div>\n<\/div>\n<\/div>\n","protected":false},"featured_media":28665,"template":"","meta":{"_seopress_robots_primary_cat":"none","_seopress_titles_title":"%%post_title%% %%sitetitle%%","_seopress_titles_desc":"%%post_content%%","_seopress_robots_index":""},"product_cat":[764,67,15],"product_tag":[],"class_list":{"0":"post-28662","1":"product","2":"type-product","3":"status-publish","4":"has-post-thumbnail","6":"product_cat-projeto-integrado-inovacao-gestao","7":"product_cat-radiologia","8":"product_cat-uncategorized","10":"first","11":"instock","12":"downloadable","13":"virtual","14":"purchasable","15":"product-type-simple","16":"col-xs-6 col-sm-4","17":"col-mf-5","18":"un-5-cols"},"jetpack_sharing_enabled":true,"_links":{"self":[{"href":"https:\/\/portifolioos-prontos.com\/index.php\/wp-json\/wp\/v2\/product\/28662","targetHints":{"allow":["GET"]}}],"collection":[{"href":"https:\/\/portifolioos-prontos.com\/index.php\/wp-json\/wp\/v2\/product"}],"about":[{"href":"https:\/\/portifolioos-prontos.com\/index.php\/wp-json\/wp\/v2\/types\/product"}],"version-history":[{"count":0,"href":"https:\/\/portifolioos-prontos.com\/index.php\/wp-json\/wp\/v2\/product\/28662\/revisions"}],"wp:featuredmedia":[{"embeddable":true,"href":"https:\/\/portifolioos-prontos.com\/index.php\/wp-json\/wp\/v2\/media\/28665"}],"wp:attachment":[{"href":"https:\/\/portifolioos-prontos.com\/index.php\/wp-json\/wp\/v2\/media?parent=28662"}],"wp:term":[{"taxonomy":"product_cat","embeddable":true,"href":"https:\/\/portifolioos-prontos.com\/index.php\/wp-json\/wp\/v2\/product_cat?post=28662"},{"taxonomy":"product_tag","embeddable":true,"href":"https:\/\/portifolioos-prontos.com\/index.php\/wp-json\/wp\/v2\/product_tag?post=28662"}],"curies":[{"name":"wp","href":"https:\/\/api.w.org\/{rel}","templated":true}]}}