{"id":28667,"date":"2024-08-04T14:39:08","date_gmt":"2024-08-04T17:39:08","guid":{"rendered":"https:\/\/portifolioos-prontos.com\/?post_type=product&#038;p=28667"},"modified":"2025-08-06T21:31:17","modified_gmt":"2025-08-07T00:31:17","slug":"aula-pratica-fundamentos-de-eletrotecnica","status":"publish","type":"product","link":"https:\/\/portifolioos-prontos.com\/index.php\/product\/aula-pratica-fundamentos-de-eletrotecnica\/","title":{"rendered":"Aula Pr\u00e1tica Fundamentos de Eletrot\u00e9cnica"},"content":{"rendered":"<h4>Aula Pr\u00e1tica Fundamentos de Eletrot\u00e9cnica<\/h4>\n<p>Fundamentos de Eletrot\u00e9cnica<\/p>\n<p>Disciplina: Fundamentos de Eletrotecnica<\/p>\n<p>ROTEIRO DE AULA PR\u00c1TICA 1<\/p>\n<p>Unidade: 1 Introdu\u00e7\u00e3o \u00e0 eletrot\u00e9cnica.<\/p>\n<p>Aula: 4 Medi\u00e7\u00e3o de grandezas el\u00e9tricas utilizando Mult\u00edmetro, Fontes de Tens\u00e3o e Oscilosc\u00f3pio.<\/p>\n<p>Software Livre<\/p>\n<p>Infraestrutura<\/p>\n<p>Requerimento do Sistema<br \/>\nPentium 4M ou equivalente (32 bits)<br \/>\nPentium 4 G1 ou equivalente (64 bits)<br \/>\n1 GB de RAM<br \/>\n2 GB de espa\u00e7o em disco<br \/>\nResolu\u00e7\u00e3o de tela de 1024 x 768 (Opcional)<br \/>\nSistema Operacional<br \/>\nWindows 10<\/p>\n<p>Descri\u00e7\u00e3o do software<\/p>\n<p>LTspice \u00e9 um software simulador SPICE poderoso, r\u00e1pido e gratuito, captura esquem\u00e1tica e visualizador de forma de onda com melhorias e modelos para melhorar a simula\u00e7\u00e3o de circuitos anal\u00f3gicos. Sua interface de captura esquem\u00e1tica gr\u00e1fica permite sondar esquemas e produzir resultados de simula\u00e7\u00e3o, que podem ser explorados ainda mais atrav\u00e9s do visualizador de forma de onda integrado. O download do software pode ser feito no seguinte endere\u00e7o:<\/p>\n<p>https:\/\/www.analog.com\/en\/resources\/design-tools-and-calculators\/ltspice-simulator.html<\/p>\n<p>Ap\u00f3s o download, a instala\u00e7\u00e3o \u00e9 r\u00e1pida e intuitiva. A pr\u00f3pria desenvolvedora do software fornece um tutorial b\u00e1sico de utiliza\u00e7\u00e3o que pode ser acessado em:<\/p>\n<p>https:\/\/www.analog.com\/en\/resources\/media-center\/videos\/series\/ltspice-getting-started-tutorial.html.<\/p>\n<p>Atividade Pr\u00e1tica<\/p>\n<p>Introdu\u00e7\u00e3o<\/p>\n<p>A aula pr\u00e1tica abordar\u00e1 a medi\u00e7\u00e3o de grandezas el\u00e9tricas utilizando ferramentas essenciais, como mult\u00edmetro, fontes de tens\u00e3o e oscilosc\u00f3pio. Essas ferramentas s\u00e3o amplamente utilizadas no campo da eletr\u00f4nica e s\u00e3o fundamentais para a realiza\u00e7\u00e3o de testes e medi\u00e7\u00f5es precisas em circuitos el\u00e9tricos. Tais ferramentas ser\u00e3o abordadas por meio de um software de simula\u00e7\u00e3o, a fim de compreender quais medidas elas podem realizar.<\/p>\n<p>O mult\u00edmetro \u00e9 um instrumento vers\u00e1til capaz de medir diversas grandezas el\u00e9tricas, como tens\u00e3o, corrente e resist\u00eancia. Ele \u00e9 composto por uma tela de exibi\u00e7\u00e3o, seletores de escala e pontas de prova. Durante a aula pr\u00e1tica, ser\u00e3o apresentadas as medidas que podem ser realizadas com tais equipamentos.<\/p>\n<p>As fontes de tens\u00e3o s\u00e3o dispositivos que fornecem uma tens\u00e3o el\u00e9trica constante ou vari\u00e1vel a um circuito. Elas s\u00e3o utilizadas para alimentar componentes e circuitos durante testes e experimentos. Nessa aula pr\u00e1tica, ser\u00e3o abordados os conceitos de tens\u00e3o cont\u00ednua e alternada, bem como a utiliza\u00e7\u00e3o correta das fontes de tens\u00e3o para alimentar circuitos e realizar medi\u00e7\u00f5es.<\/p>\n<p>O oscilosc\u00f3pio \u00e9 um instrumento de medi\u00e7\u00e3o que permite visualizar formas de onda el\u00e9tricas, permitindo an\u00e1lises detalhadas de sinais. Ele \u00e9 particularmente \u00fatil na identifica\u00e7\u00e3o de problemas em circuitos el\u00e9tricos e no estudo de sinais peri\u00f3dicos. Durante a aula pr\u00e1tica, ser\u00e3o apresentados as formas de onda que podem ser adquiridas pelo oscilosc\u00f3pio.<\/p>\n<p>Os principais conceitos que ser\u00e3o trabalhados nesta aula pr\u00e1tica envolvem a compreens\u00e3o das grandezas el\u00e9tricas, como tens\u00e3o, corrente e resist\u00eancia, assim como como realizar tais medidas. A correta utiliza\u00e7\u00e3o das ferramentas de medi\u00e7\u00e3o \u00e9 essencial para a obten\u00e7\u00e3o de medidas precisas e confi\u00e1veis, al\u00e9m de contribuir para a compreens\u00e3o te\u00f3rica dos conceitos estudados na disciplina de eletricidade.<\/p>\n<p>Atividade proposta<\/p>\n<p>Realizar medi\u00e7\u00f5es de grandezas el\u00e9tricas utilizando um software de simula\u00e7\u00e3o, aplicando os conceitos aprendidos para obter resultados precisos e compreender o funcionamento dos circuitos el\u00e9tricos.<\/p>\n<p>Objetivos<\/p>\n<p>1. Compreender os princ\u00edpios b\u00e1sicos das medi\u00e7\u00f5es el\u00e9tricas, incluindo as grandezas de tens\u00e3o, corrente e resist\u00eancia.<br \/>\n2. Conhecer o funcionamento e opera\u00e7\u00e3o correta do mult\u00edmetro, fontes de tens\u00e3o e oscilosc\u00f3pio.<br \/>\n3. Aplicar t\u00e9cnicas apropriadas de medi\u00e7\u00e3o, como sele\u00e7\u00e3o de escalas, conex\u00f5es adequadas das pontas de prova e configura\u00e7\u00e3o correta das ferramentas utilizadas.<br \/>\n4. Realizar medi\u00e7\u00f5es precisas de grandezas el\u00e9tricas em diferentes componentes e circuitos.<br \/>\n5. Interpretar e analisar os resultados das medi\u00e7\u00f5es, identificando poss\u00edveis problemas ou caracter\u00edsticas dos circuitos analisados.<\/p>\n<p>Procedimentos para a realiza\u00e7\u00e3o da atividade<\/p>\n<p>Caro aluno, nesta simula\u00e7\u00e3o no LTspice, voc\u00ea ter\u00e1 a oportunidade de aplicar os conceitos e habilidades aprendidos sobre medi\u00e7\u00f5es el\u00e9tricas. Siga as etapas abaixo para realizar a simula\u00e7\u00e3o com sucesso:<\/p>\n<p>1. Caracteriza\u00e7\u00e3o dos componentes e circuitos: Analise o circuito el\u00e9trico fornecido ou projetado e identifique os componentes relevantes, como resistores, capacitores ou indutores. Compreenda o funcionamento do circuito e os objetivos da medi\u00e7\u00e3o. No exemplo a seguir s\u00e3o usados dois resistores de 1 kohm em s\u00e9rie com uma fonte de tens\u00e3o cont\u00ednua de 12 V.<\/p>\n<p>Para montar o circuito no simulador da forma que est\u00e1 apresentado na figura anterior, voc\u00ea deve seguir os passos indicados a seguir.<\/p>\n<p>Ap\u00f3s a instala\u00e7\u00e3o do LTspice, voc\u00ea ir\u00e1 se deparar com a tela inicial do software, apresentada a seguir. Para criar um novo esquem\u00e1tico de circuito clique no local indicado.<\/p>\n<p>A fonte de tens\u00e3o est\u00e1 posicionada no local indicado a seguir. Configure o valor \u201cDC value[V]\u201d com o necess\u00e1rio para o experimento.<\/p>\n<p>A fonte de corrente deve ser adicionada como um componente. Clicando como o bot\u00e3o direito configure o valor \u201cDC value[A]\u201d com o necess\u00e1rio para o experimento. O resistor e a refer\u00eancia est\u00e3o nos locais indicados a seguir. Para configurar o valor do resistor, clique sobre ele com o bot\u00e3o direito.<\/p>\n<p>Caso seja necess\u00e1rio remover algum componente, aperte a tecla \u2018del\u2019 do teclado e clique sobre o componente que deseja remover. Para mover um componente, utilize a tecla \u2018M\u2019 e clique sobre o componente desejado. Para cancelar uma sele\u00e7\u00e3o ou a adi\u00e7\u00e3o de algum componente, aperte a tecla \u2018esc\u2019. Para rotacionar um componente quando ele \u00e9 adicionado, aperte \u2018Crtl+R\u2019.<\/p>\n<p>2. Conex\u00f5es el\u00e9tricas: A liga\u00e7\u00e3o dos componentes \u00e9 feita com o fio (wire), selecionado ao se clicar \u2018w\u2019 ou pelo atalho na barra de ferramentas. Realize as conex\u00f5es no circuito simulado e verifique se elas est\u00e3o corretas. As medi\u00e7\u00f5es s\u00e3o feitas diretamente pelo simulador, considerando o ponto adicionado como refer\u00eancia no circuito. Assim, os valores de tens\u00e3o e corrente de todos os componentes ser\u00e3o apresentadas com a simula\u00e7\u00e3o.<\/p>\n<p>3. Configura\u00e7\u00e3o da simula\u00e7\u00e3o: Para configurar corretamente a simula\u00e7\u00e3o, realize os passos indicados a seguir:<\/p>\n<p>4. Medi\u00e7\u00e3o das grandezas el\u00e9tricas: Realize as medi\u00e7\u00f5es necess\u00e1rias executando a simula\u00e7\u00e3o no local indicado a seguir. O resultado ir\u00e1 aparecer em um log com todos os valores de tens\u00e3o e corrente dos circuitos ou voc\u00ea pode acess\u00e1-los posicionando o mouse sobre os componentes ap\u00f3s fechar a janela de log. Registre os valores de tens\u00e3o e corrente para cada um dos componentes, o que poderia ser feito com um mult\u00edmetro em uma situa\u00e7\u00e3o real.<\/p>\n<p>5. Utiliza\u00e7\u00e3o das fontes de tens\u00e3o alternada: Agora, altere o circuito ou crie um novo esquem\u00e1tico com a configura\u00e7\u00e3o apresentada a seguir, utilizando uma fonte de tens\u00e3o alternada para alimentar o circuito. A fonte deve possuir valor de pico de 120 V e frequ\u00eancia de 120 Hz e os resistores 1 Mohm, equivalente a 1000 kohm.<\/p>\n<p>Para ajustar a fonte de tens\u00e3o, nas configura\u00e7\u00f5es avan\u00e7adas, selecione a op\u00e7\u00e3o \u201cSINE\u201d e coloque os valores de amplitude e frequ\u00eancia conforme o indicado no experimento. Para configurar o valor do resistor, clique sobre ele com o bot\u00e3o direito.<\/p>\n<p>Verifique se os par\u00e2metros el\u00e9tricos est\u00e3o de acordo com o esperado para o circuito em an\u00e1lise.<\/p>\n<p>6. Configura\u00e7\u00e3o da simula\u00e7\u00e3o: Configure a simula\u00e7\u00e3o no modo \u2018Transient\u2019, com os seguintes par\u00e2metros:<\/p>\n<p>7. Captura e an\u00e1lise da forma de onda: Aperte o bot\u00e3o com o \u00edcone de play para que a simula\u00e7\u00e3o seja feita. Para que seja tra\u00e7ada a curva da tens\u00e3o sobre os resistores, voc\u00ea deve clicar entre o resistor R2 e a fonte V1 e entre os resistores R2 e R1 para que as pontas de prova sejam adicionadas ou ent\u00e3o selecione-as na op\u00e7\u00e3o \u2018Select visible traces\u2019:<\/p>\n<p>Capture a forma de onda e analise-a com cuidado, observando os par\u00e2metros importantes, como amplitude, frequ\u00eancia e fase. Identifique qualquer anomalia ou comportamento inesperado.<\/p>\n<p>8. Onda triangular: Configure novamente a fonte de tens\u00e3o alternada para que agora seja gerada uma onda triangular. Para isso, fa\u00e7a os ajustes conforme mostrado na figura a seguir. Esse \u00e9 um passo que pode ser executado fisicamente utilizando um gerador de fun\u00e7\u00f5es.<\/p>\n<p>9. Configura\u00e7\u00e3o e simula\u00e7\u00e3o: Mantenha as configura\u00e7\u00f5es de simula\u00e7\u00e3o em \u201ctransient\u201d com \u201cstop time\u201d de 30 ms. Realize a simula\u00e7\u00e3o e avalie as formas de onda obtidas, verificando se elas s\u00e3o coerentes com o esperado.<\/p>\n<p>10. Interpreta\u00e7\u00e3o dos resultados: Com base nas medi\u00e7\u00f5es e an\u00e1lises realizadas, interprete os resultados obtidos. Identifique poss\u00edveis problemas, como falhas de conex\u00e3o, componentes defeituosos ou desvios em rela\u00e7\u00e3o ao esperado. Fa\u00e7a anota\u00e7\u00f5es sobre suas observa\u00e7\u00f5es e conclus\u00f5es.<\/p>\n<p>11. Registros e relat\u00f3rios: Registre todos os valores medidos, observa\u00e7\u00f5es relevantes e conclus\u00f5es importantes. Organize suas anota\u00e7\u00f5es e resultados para facilitar a compreens\u00e3o posterior e a elabora\u00e7\u00e3o de relat\u00f3rios, se necess\u00e1rio.<\/p>\n<p>12. Revis\u00e3o final: Revise todas as etapas realizadas e verifique se todas as medi\u00e7\u00f5es foram feitas corretamente e se as conex\u00f5es foram desfeitas adequadamente. Certifique-se de deixar<\/p>\n<div class=\"elementor-toggle-item\">\n<h4 id=\"elementor-tab-title-1941\" class=\"elementor-tab-title elementor-active\" tabindex=\"0\" role=\"tab\" data-tab=\"1\" aria-controls=\"elementor-tab-content-1941\" aria-expanded=\"true\" aria-selected=\"true\">Como funciona?<\/h4>\n<div id=\"elementor-tab-content-1941\" class=\"elementor-tab-content elementor-clearfix elementor-active\" role=\"tabpanel\" data-tab=\"1\" aria-labelledby=\"elementor-tab-title-1941\">\n<p>Elaboramos os portf\u00f3lios, j\u00e1 deixamos prontos, nas normas da ABNT e conforme os requisitos da universidade. F\u00e1cil assim! O MELHOR \u00c9 QUE VOC\u00ca COMPRA E J\u00c1 BAIXA NA HORA O SEU ARQUIVO EM WORD! Sabemos que conciliar trabalho, fam\u00edlia, vida profissional e estudos \u00e9 dif\u00edcil hoje em dia, por isso, estamos aqui para ajudar voc\u00ea. Conte com nossa qualidade, experi\u00eancia e profissionalismo adquirindo seu portf\u00f3lio conosco. GARANTIMOS SEU CONCEITO!<\/p>\n<h4>Como se realizam os envios?<\/h4>\n<\/div>\n<\/div>\n<div class=\"elementor-toggle-item\">\n<div id=\"elementor-tab-content-1942\" class=\"elementor-tab-content elementor-clearfix elementor-active\" role=\"tabpanel\" data-tab=\"2\" aria-labelledby=\"elementor-tab-title-1942\">O seu trabalho \u00e9 disponibilizado pronto, respondido e nas normas j\u00e1 na mesma hora aqui em nosso site na sua \u00e1rea de downloads e tamb\u00e9m no seu e-mail.<\/div>\n<\/div>\n<div class=\"elementor-toggle-item\">\n<div id=\"elementor-tab-content-1943\" class=\"elementor-tab-content elementor-clearfix elementor-active\" role=\"tabpanel\" data-tab=\"3\" aria-labelledby=\"elementor-tab-title-1943\">\n<h4>Em quanto tempo recebo o portf\u00f3lio?<\/h4>\n<\/div>\n<\/div>\n<div class=\"elementor-toggle-item\">\n<div id=\"elementor-tab-content-1944\" class=\"elementor-tab-content elementor-clearfix elementor-active\" role=\"tabpanel\" data-tab=\"4\" aria-labelledby=\"elementor-tab-title-1944\">\n<p>Os envios s\u00e3o imediatos. Ap\u00f3s sua compra, o trabalho j\u00e1 \u00e9 disponibilizado instantaneamente aqui em nosso site e no seu e-mail.<\/p>\n<h4>E se o portf\u00f3lio que comprei precisar de corre\u00e7\u00e3o?<\/h4>\n<\/div>\n<\/div>\n<div class=\"elementor-toggle-item\">\n<div id=\"elementor-tab-content-1945\" class=\"elementor-tab-content elementor-clearfix elementor-active\" role=\"tabpanel\" data-tab=\"5\" aria-labelledby=\"elementor-tab-title-1945\">\n<p>Caso haja alguma solicita\u00e7\u00e3o de corre\u00e7\u00e3o\/altera\u00e7\u00e3o por parte do tutor, basta entrar em contato conosco pelo\u00a0<a href=\"https:\/\/api.whatsapp.com\/send\/?phone=5553984751621&amp;text&amp;app_absent=0\">WhatsApp<\/a>\u00a0que provid\u00eanciaremos sem custo algum.<\/p>\n<h4>Qual o formato do arquivo?<\/h4>\n<\/div>\n<\/div>\n<div class=\"elementor-toggle-item\">\n<div id=\"elementor-tab-content-1946\" class=\"elementor-tab-content elementor-clearfix elementor-active\" role=\"tabpanel\" data-tab=\"6\" aria-labelledby=\"elementor-tab-title-1946\">\n<p>Os arquivos s\u00e3o enviados em formato Word e s\u00e3o edit\u00e1veis.<\/p>\n<h4>Caso eu tiver alguma d\u00favida, terei suporte no p\u00f3s venda?<\/h4>\n<\/div>\n<\/div>\n<div class=\"elementor-toggle-item\">\n<div id=\"elementor-tab-content-1948\" class=\"elementor-tab-content elementor-clearfix elementor-active\" role=\"tabpanel\" data-tab=\"8\" aria-labelledby=\"elementor-tab-title-1948\">\n<p>Sim, com certeza. Basta clicar no \u00edcone do WhatsApp no cantinho da tela. Ser\u00e1 um prazer atend\u00ea-lo(a).<\/p>\n<div class=\"elementor-toggle-item\">\n<div id=\"elementor-tab-content-1948\" class=\"elementor-tab-content elementor-clearfix elementor-active\" role=\"tabpanel\" data-tab=\"8\" aria-labelledby=\"elementor-tab-title-1948\">\n<h4>Quais os seus canais de contato?<\/h4>\n<\/div>\n<\/div>\n<div class=\"elementor-toggle-item\">\n<div id=\"elementor-tab-content-1949\" class=\"elementor-tab-content elementor-clearfix elementor-active\" role=\"tabpanel\" data-tab=\"9\" aria-labelledby=\"elementor-tab-title-1949\">\n<p>Whatsapp: 53 984751621 \u2013 Clicar no canto da tela ou ESCANEIE O QRCODE ABAIXO<\/p>\n<h4><img decoding=\"async\" class=\"alignnone wp-image-13699 jetpack-lazy-image jetpack-lazy-image--handled smush-detected-img smush-image-1\" src=\"https:\/\/i0.wp.com\/portifolioos-prontos.com\/wp-content\/uploads\/2023\/02\/whatsapp-business-projeto-de-extensao-300x300.jpeg?resize=153%2C153\" sizes=\"(max-width: 153px) 100vw, 153px\" srcset=\"https:\/\/i0.wp.com\/portifolioos-prontos.com\/wp-content\/uploads\/2023\/02\/whatsapp-business-projeto-de-extensao.jpeg?resize=300%2C301&amp;ssl=1 300w, https:\/\/i0.wp.com\/portifolioos-prontos.com\/wp-content\/uploads\/2023\/02\/whatsapp-business-projeto-de-extensao.jpeg?resize=150%2C150&amp;ssl=1 150w, https:\/\/i0.wp.com\/portifolioos-prontos.com\/wp-content\/uploads\/2023\/02\/whatsapp-business-projeto-de-extensao.jpeg?resize=370%2C372&amp;ssl=1 370w, https:\/\/i0.wp.com\/portifolioos-prontos.com\/wp-content\/uploads\/2023\/02\/whatsapp-business-projeto-de-extensao.jpeg?resize=100%2C100&amp;ssl=1 100w, https:\/\/i0.wp.com\/portifolioos-prontos.com\/wp-content\/uploads\/2023\/02\/whatsapp-business-projeto-de-extensao.jpeg?w=470&amp;ssl=1 470w\" alt=\"projeto de extens\u00e3o unopar\" width=\"153\" height=\"153\" data-lazy-loaded=\"1\" \/><\/h4>\n<\/div>\n<\/div>\n<\/div>\n<\/div>\n<div class=\"elementor-toggle-item\">\n<div id=\"elementor-tab-content-1949\" class=\"elementor-tab-content elementor-clearfix elementor-active\" role=\"tabpanel\" data-tab=\"9\" aria-labelledby=\"elementor-tab-title-1949\">\n<p>E-mail:portifoliosp@gmail.com<\/p>\n<div id=\"attachment_143\" class=\"wp-caption alignnone\">\n<div id=\"attachment_143\" class=\"wp-caption alignnone\" style=\"width: 70px;\">\n<p><a href=\"https:\/\/portifolioos-prontos.com\/\"><img decoding=\"async\" class=\"wp-image-143 jetpack-lazy-image jetpack-lazy-image--handled smush-detected-img smush-image-11 smush-image-2\" title=\"portfolio pronto unopar\" src=\"https:\/\/i0.wp.com\/portifolioos-prontos.com\/wp-content\/uploads\/2022\/04\/conceitomaximo.png?resize=158%2C45\" alt=\"PORTFOLIO PRONTO UNOPAR ANHANGUERA\" width=\"70\" height=\"20\" aria-describedby=\"caption-attachment-143\" data-lazy-loaded=\"1\" \/><\/a><\/p>\n<p id=\"caption-attachment-143\" class=\"wp-caption-text\">Portf\u00f3lio em Word, respondido, completo e j\u00e1 nas normas.<\/p>\n<\/div>\n<\/div>\n<\/div>\n<\/div>\n","protected":false},"excerpt":{"rendered":"<div class=\"product-short-description\">\n<h5><strong>Pague pelo PIX ou cart\u00e3o e fa\u00e7a o download agora mesmo.<\/strong><\/h5>\n<\/div>\n<div class=\"sticky-add-to-cart-wrapper\">\n<div class=\"sticky-add-to-cart\">\n<div class=\"quantity buttons_added form-flat\"><img decoding=\"async\" class=\"alignnone wp-image-761 smush-detected-img smush-image-2\" src=\"https:\/\/portifolioos-prontos.com\/wp-content\/uploads\/2022\/04\/PIX-300x107.webp\" alt=\"\" width=\"78\" height=\"28\" \/>\u00a0\u00a0<img loading=\"lazy\" decoding=\"async\" class=\"smush-detected-img smush-image-3\" src=\"https:\/\/d26lpennugtm8s.cloudfront.net\/assets\/common\/img\/logos\/payment\/visa@2x.png\" width=\"46\" height=\"29\" \/><img loading=\"lazy\" decoding=\"async\" class=\"smush-detected-img smush-image-4\" src=\"https:\/\/d26lpennugtm8s.cloudfront.net\/assets\/common\/img\/logos\/payment\/boleto@2x.png\" width=\"43\" height=\"27\" \/><img loading=\"lazy\" decoding=\"async\" class=\"smush-detected-img smush-image-5\" src=\"https:\/\/d26lpennugtm8s.cloudfront.net\/assets\/common\/img\/logos\/payment\/mastercard@2x.png\" width=\"43\" height=\"27\" \/><img loading=\"lazy\" decoding=\"async\" class=\"smush-detected-img smush-image-6\" src=\"https:\/\/d26lpennugtm8s.cloudfront.net\/assets\/common\/img\/logos\/payment\/amex@2x.png\" width=\"43\" height=\"27\" \/><img loading=\"lazy\" decoding=\"async\" class=\"smush-detected-img smush-image-7\" src=\"https:\/\/d26lpennugtm8s.cloudfront.net\/assets\/common\/img\/logos\/payment\/diners@2x.png\" width=\"46\" height=\"29\" \/><img loading=\"lazy\" decoding=\"async\" class=\"smush-detected-img smush-image-8\" src=\"https:\/\/d26lpennugtm8s.cloudfront.net\/assets\/common\/img\/logos\/payment\/br\/elo@2x.png\" width=\"45\" height=\"28\" \/><img loading=\"lazy\" decoding=\"async\" class=\"smush-detected-img smush-image-9\" src=\"https:\/\/d26lpennugtm8s.cloudfront.net\/assets\/common\/img\/logos\/payment\/br\/hipercard@2x.png\" width=\"44\" height=\"28\" \/><img loading=\"lazy\" decoding=\"async\" class=\"smush-detected-img smush-image-10\" src=\"https:\/\/d26lpennugtm8s.cloudfront.net\/assets\/common\/img\/logos\/payment\/mercadopago@2x.png\" width=\"45\" height=\"28\" \/><\/div>\n<\/div>\n<\/div>\n","protected":false},"featured_media":28670,"template":"","meta":{"_seopress_robots_primary_cat":"none","_seopress_titles_title":"%%post_title%% %%sitetitle%%","_seopress_titles_desc":"%%post_content%%","_seopress_robots_index":""},"product_cat":[33,289,287,15],"product_tag":[],"class_list":{"0":"post-28667","1":"product","2":"type-product","3":"status-publish","4":"has-post-thumbnail","6":"product_cat-cursos-de-engenharia","7":"product_cat-engenharia-eletrica","8":"product_cat-engenharia-mecanica","9":"product_cat-uncategorized","11":"first","12":"instock","13":"downloadable","14":"virtual","15":"purchasable","16":"product-type-simple","17":"col-xs-6 col-sm-4","18":"col-mf-5","19":"un-5-cols"},"jetpack_sharing_enabled":true,"_links":{"self":[{"href":"https:\/\/portifolioos-prontos.com\/index.php\/wp-json\/wp\/v2\/product\/28667","targetHints":{"allow":["GET"]}}],"collection":[{"href":"https:\/\/portifolioos-prontos.com\/index.php\/wp-json\/wp\/v2\/product"}],"about":[{"href":"https:\/\/portifolioos-prontos.com\/index.php\/wp-json\/wp\/v2\/types\/product"}],"version-history":[{"count":0,"href":"https:\/\/portifolioos-prontos.com\/index.php\/wp-json\/wp\/v2\/product\/28667\/revisions"}],"wp:featuredmedia":[{"embeddable":true,"href":"https:\/\/portifolioos-prontos.com\/index.php\/wp-json\/wp\/v2\/media\/28670"}],"wp:attachment":[{"href":"https:\/\/portifolioos-prontos.com\/index.php\/wp-json\/wp\/v2\/media?parent=28667"}],"wp:term":[{"taxonomy":"product_cat","embeddable":true,"href":"https:\/\/portifolioos-prontos.com\/index.php\/wp-json\/wp\/v2\/product_cat?post=28667"},{"taxonomy":"product_tag","embeddable":true,"href":"https:\/\/portifolioos-prontos.com\/index.php\/wp-json\/wp\/v2\/product_tag?post=28667"}],"curies":[{"name":"wp","href":"https:\/\/api.w.org\/{rel}","templated":true}]}}