{"id":28693,"date":"2024-08-04T15:04:40","date_gmt":"2024-08-04T18:04:40","guid":{"rendered":"https:\/\/portifolioos-prontos.com\/?post_type=product&#038;p=28693"},"modified":"2025-08-30T14:25:42","modified_gmt":"2025-08-30T17:25:42","slug":"projeto-de-extensao-ii-letras-portugues-ingles","status":"publish","type":"product","link":"https:\/\/portifolioos-prontos.com\/index.php\/product\/projeto-de-extensao-ii-letras-portugues-ingles\/","title":{"rendered":"Projeto de extens\u00e3o II Letras Portugu\u00eas Ingl\u00eas"},"content":{"rendered":"<table>\n<tbody>\n<tr>\n<td colspan=\"5\">\n<h4>Projeto de extens\u00e3o II Letras Portugu\u00eas Ingl\u00eas<\/h4>\n<\/td>\n<\/tr>\n<tr>\n<td colspan=\"5\"><\/td>\n<\/tr>\n<tr>\n<td colspan=\"5\">CURSO:<\/td>\n<\/tr>\n<tr>\n<td colspan=\"5\"><strong>LETRAS \u2013 PORTUGU\u00caS\/INGL\u00caS \u2013 LICENCIATURA<\/strong><\/td>\n<\/tr>\n<tr>\n<td colspan=\"5\">COMPONENTE CURRICULAR:<\/td>\n<\/tr>\n<tr>\n<td colspan=\"5\"><strong>PROJETO DE EXTENS\u00c3O II \u2013 LETRAS-INGL\u00caS<\/strong><\/td>\n<\/tr>\n<tr>\n<td colspan=\"5\">PROGRAMA DE EXTENS\u00c3O:<\/td>\n<\/tr>\n<tr>\n<td colspan=\"5\"><strong>PROGRAMA DE A\u00c7\u00c3O E DIFUS\u00c3O CULTURAL.<\/strong><\/td>\n<\/tr>\n<tr>\n<td colspan=\"5\">FINALIDADE E MOTIVA\u00c7\u00c3O:<\/td>\n<\/tr>\n<tr>\n<td colspan=\"5\">A finalidade do projeto de extens\u00e3o no Programa de A\u00e7\u00e3o e Difus\u00e3o Cultural do curso de Letras em l\u00edngua estrangeira, est\u00e1 relacionado ao fomento \u00e0 cultura locorregional, promovendo a difus\u00e3o, a transpar\u00eancia e a democratiza\u00e7\u00e3o das a\u00e7\u00f5es culturais, por meio de projetos que possibilitem a transfer\u00eancia para a sociedade de conhecimentos multidisciplinares desenvolvidos no curso e a possibilidade de potencializar a gera\u00e7\u00e3o de conhecimentos aplicados, permitindo ao egresso um maior envolvimento com \u00e0s a\u00e7\u00f5es culturais no \u00e2mbito da ci\u00eancia, l\u00ednguagem, arte, tecnologia e humanidades, articulados com os anseios da comunidade. Os conte\u00fados program\u00e1ticos sugeridos para correlacionar as a\u00e7\u00f5es s\u00e3o: Diferentes tipos de l\u00ednguagem, Formas de Express\u00e3o, o uso de l\u00ednguagens e suas tecnologias.<\/td>\n<\/tr>\n<tr>\n<td colspan=\"5\">COMPET\u00caNCIAS:<\/td>\n<\/tr>\n<tr>\n<td colspan=\"5\">I \u2013 Usar as l\u00ednguas estrangeiras em diferentes situa\u00e7\u00f5es de comunica\u00e7\u00e3o;II \u2013 Analisar diferentes linguagens, em especial a verbal, nas modalidades oral e escrita;<\/p>\n<p>III \u2013 Analisar produtos de manifesta\u00e7\u00f5es culturais e art\u00edsticas, especialmente as liter\u00e1rias.<\/td>\n<\/tr>\n<tr>\n<td colspan=\"5\">PERFIL DE EGRESSO:<\/td>\n<\/tr>\n<tr>\n<td colspan=\"5\">O perfil do egresso do curso de Letras \u2013 Portugu\u00eas E Ingl\u00eas idealizado pela IES proporciona a forma\u00e7\u00e3o docente, que valoriza a inclus\u00e3o dos conhecimentos produzidos pelas ci\u00eancias para a Educa\u00e7\u00e3o, contribuindo para a compreens\u00e3o dos processos de ensino-aprendizagem, voltado para uso de estrat\u00e9gias e recursos pedag\u00f3gicos, que favorecem o desenvolvimento dos saberes e eliminem as barreiras de acesso ao conhecimento. A atua\u00e7\u00e3o no Programa de Sustentabilidade, demonstra as habilidades para atuar com consci\u00eancia junto a transforma\u00e7\u00e3o social por meio da educa\u00e7\u00e3o, tornando o egresso um agente transformador da realidade presente, na busca de melhoria da qualidade de vida.<\/td>\n<\/tr>\n<tr>\n<td colspan=\"5\">SOFT SKILLS (COMPET\u00caNCIAS SOCIOEMOCIONAIS):<\/td>\n<\/tr>\n<tr>\n<td colspan=\"5\">Comunica\u00e7\u00e3o InterpessoalPlanejamento e organiza\u00e7\u00e3o<br \/>\nAn\u00e1lise e resolu\u00e7\u00e3o de problemas<\/td>\n<\/tr>\n<tr>\n<td colspan=\"5\">OBJETIVOS DE APRENDIZAGEM:<\/td>\n<\/tr>\n<tr>\n<td colspan=\"5\">O objetivo de aprendizagem da extens\u00e3o do curso Letras \u2013 Portugu\u00eas E Ingl\u00eas, vinculado ao\u00a0 Programa de A\u00e7\u00e3o e Difus\u00e3o Cultural est\u00e1 relacionado ao fato de disseminar o saber e a cultura ensinados na faculdade e a forma\u00e7\u00e3o de novos saberes a partir das problem\u00e1ticas identificadas na comunidade, que, aliados fortificam as habilidades desenvolvidas no decorrer do curso, preparando o egresso para uma atua\u00e7\u00e3o global, focado no mercado de trabalho e atuante junto \u00e0 comunidade.<\/td>\n<\/tr>\n<tr>\n<td colspan=\"5\">CONTE\u00daDOS:<\/td>\n<\/tr>\n<tr>\n<td colspan=\"5\">I \u2013 Lingua oral e escrita;II \u2013 G\u00eaneros discursivos e tipologias textuais;<\/p>\n<p>III \u2013 Varia\u00e7\u00e3o lingu\u00edstica;<\/p>\n<p>IV \u2013 Aspectos distintivos, lingu\u00edsticos e extralingu\u00edsticos;<\/p>\n<p>V \u2013 Literatura e cultura;<\/p>\n<p>VI \u2013 Did\u00e1tica e ensino de l\u00ednguas;<\/p>\n<p>VII \u2013 Linguagem e tecnologia.<\/td>\n<\/tr>\n<tr>\n<td colspan=\"5\"><strong>TEMPLATE PDCA<\/strong><strong>:<\/strong><\/td>\n<\/tr>\n<tr>\n<td colspan=\"5\">Aluno e Aluna, essa atividade \u00e9 para sua organiza\u00e7\u00e3o e uso da metodologia PDCA. Por isso \u00e9 um documento orientativo e\u00a0<strong>n\u00e3o precisa ser entregue<\/strong>. Veja as orienta\u00e7\u00f5es apresentadas no MANUAL DE ATIVIDADES EXTENSIONISTAS.<\/td>\n<\/tr>\n<tr>\n<td colspan=\"5\"><strong>1. \u00a0PLANEJAMENTO (PLAN)<\/strong><\/td>\n<\/tr>\n<tr>\n<td colspan=\"5\">Antes de definir sua proposta, explore os Objetivos de Desenvolvimento Sustent\u00e1vel (ODS) da Organiza\u00e7\u00e3o das Na\u00e7\u00f5es Unidas (ONU) no\u00a0<strong>link\u00a0<\/strong><a href=\"https:\/\/brasil.un.org\/pt-br\/sdgs\"><strong>https:\/\/brasil.un.org\/pt-br\/sdgs<\/strong><\/a>. Se preferir, pode baixar o documento pelo\u00a0<strong>link\u00a0<a href=\"https:\/\/brasil.un.org\/sites\/default\/files\/2020-09\/agenda2030-pt-br.pdf\" rel=\"nofollow\">https:\/\/brasil.un.org\/sites\/default\/files\/2020-09\/agenda2030-pt-br.pdf<\/a><\/strong>.Compreenda a proposta da ONU e engaje-se nessa oportunidade de contribuir com as metas de um organismo internacional t\u00e3o importante ao mesmo tempo em que participa de solu\u00e7\u00f5es de seu contexto!<\/p>\n<p>Analise os 17 objetivos e escolha quais metas podem ser aderentes \u00e0 sua proposta e ao seu projeto. Para isso, clique no \u00edcone de cada objetivo e observe a listagem de metas dispon\u00edvel em cada um. \u00c9 necess\u00e1rio que voc\u00ea\u00a0<strong>escolha pelo menos uma meta<\/strong>. Pode ser que voc\u00ea encontre metas aderentes \u00e0 sua proposta em diferentes objetivos, mas n\u00e3o se restrinja. Pode escolher dessa forma e mantenha o foco da ess\u00eancia de sua proposta.<\/p>\n<p>Feito isso, liste aqui suas escolhas. Essa informa\u00e7\u00e3o tamb\u00e9m dever\u00e1 ser declarada em seu Relat\u00f3rio Final de Atividades Extensionistas.<\/p>\n<p>&nbsp;<\/p>\n<p>LISTAR METAS DOS ODS ADERENTES AO SEU PROJETO<\/p>\n<p><strong>\u00a0<\/strong><\/td>\n<\/tr>\n<tr>\n<td colspan=\"5\"><\/td>\n<\/tr>\n<tr>\n<td colspan=\"5\"><strong>DEFINA A PROPOSTA.<\/strong><\/p>\n<p>IMERS\u00c3O:<\/p>\n<p>DEFINA OS ITENS DA IMERS\u00c3O<\/p>\n<p><em>\u00a0<\/em><\/p>\n<p><em>Segue sugest\u00e3o de perguntas para utilizar na entrevista com o parceiro.<\/em><\/p>\n<p><strong><em>SUGEST\u00c3O DE SCRIPT DE ENTREVISTA<\/em><\/strong><\/p>\n<p><em>1.\u00a0\u00a0\u00a0\u00a0\u00a0\u00a0\u00a0<\/em><em>Quais os principais problemas, fragilidades ou dificuldades que a institui\u00e7\u00e3o\/parceiro convive com maior frequ\u00eancia?<\/em><\/p>\n<p><em>1.1.\u00a0\u00a0\u00a0\u00a0<\/em><em>Os problemas est\u00e3o articulados com o programa\/conte\u00fado proposto no componente curricular?<\/em><\/p>\n<p><em>Se n\u00e3o estiver, ser\u00e1 necess\u00e1rio voltar \u00e0 pergunta 1.<\/em><\/p>\n<p><em>1.2.\u00a0\u00a0\u00a0\u00a0<\/em><em>\u00c9 poss\u00edvel resolver ou mitigar os problemas identificados no prazo de dura\u00e7\u00e3o de projeto de extens\u00e3o.<\/em><\/p>\n<p><em>Se n\u00e3o for poss\u00edvel deve voltar \u00e0 pergunta 1.<\/em><\/p>\n<p><em>1.3.\u00a0\u00a0\u00a0\u00a0<\/em><em>A solu\u00e7\u00e3o ou mitiga\u00e7\u00e3o auxiliar\u00e1 a comunidade ou um grupo de pessoas da comunidade?<\/em><\/p>\n<p><em>Se n\u00e3o auxiliar deve voltar \u00e0 pergunta 1.<\/em><\/p>\n<p><em>2.\u00a0\u00a0\u00a0\u00a0\u00a0\u00a0\u00a0<\/em><em>Quais ser\u00e3o as pessoas envolvidas na a\u00e7\u00e3o para buscar resolver ou mitigar os problemas identificados?<\/em><\/p>\n<p><em>3.\u00a0\u00a0\u00a0\u00a0\u00a0\u00a0\u00a0<\/em><em>Onde ser\u00e1 realizada a a\u00e7\u00e3o?<\/em><\/p>\n<p><em>4.\u00a0\u00a0\u00a0\u00a0\u00a0\u00a0\u00a0<\/em><em>H\u00e1 limita\u00e7\u00e3o de pessoas ou restri\u00e7\u00e3o para acesso ao local indicado?<\/em><\/p>\n<p><em>5.\u00a0\u00a0\u00a0\u00a0\u00a0\u00a0\u00a0<\/em><em>Quais ser\u00e3o as pessoas beneficiadas diretamente?<\/em><\/p>\n<p><em>6.\u00a0\u00a0\u00a0\u00a0\u00a0\u00a0\u00a0<\/em><em>Necessitar\u00e1 de insumos\/recursos financeiros para a realiza\u00e7\u00e3o da a\u00e7\u00e3o?<\/em><\/p>\n<p><em>7.\u00a0\u00a0\u00a0\u00a0\u00a0\u00a0\u00a0<\/em><em>Ser\u00e1 necess\u00e1rio agendamento?<\/em><\/p>\n<p><em>8.\u00a0\u00a0\u00a0\u00a0\u00a0\u00a0\u00a0<\/em><em>Qual o per\u00edodo, dia da semana, hor\u00e1rio que ser\u00e1 realizada a a\u00e7\u00e3o?<\/em><\/p>\n<p>&nbsp;<\/td>\n<\/tr>\n<tr>\n<td colspan=\"5\"><\/td>\n<\/tr>\n<tr>\n<td colspan=\"5\">IDEA\u00c7\u00c3O:DEFINA OS ITENS DA IDEA\u00c7\u00c3O.<\/td>\n<\/tr>\n<tr>\n<td colspan=\"5\"><\/td>\n<\/tr>\n<tr>\n<td colspan=\"5\">PROTOTIPA\u00c7\u00c3O:DEFINA OS ITENS DA PROTOTIPA\u00c7\u00c3O.<\/td>\n<\/tr>\n<tr>\n<td colspan=\"5\"><\/td>\n<\/tr>\n<tr>\n<td colspan=\"5\">IDEIAS E ANOTA\u00c7\u00d5ES:<\/td>\n<\/tr>\n<tr>\n<td colspan=\"5\"><\/td>\n<\/tr>\n<tr>\n<td colspan=\"5\"><strong>2. REALIZA\u00c7\u00c3O (DO)<\/strong><\/td>\n<\/tr>\n<tr>\n<td colspan=\"5\">CRONOGRAMA:<\/td>\n<\/tr>\n<tr>\n<td><strong>ATIVIDADES<\/strong><\/td>\n<td><strong>PER. 1<\/strong><\/td>\n<td><strong>PER. 2<\/strong><\/td>\n<td><strong>PER. 3<\/strong><\/td>\n<td><strong>PER.4<\/strong><\/td>\n<\/tr>\n<tr>\n<td><strong>\u00a0<\/strong><\/td>\n<td><strong>\u00a0<\/strong><\/td>\n<td><strong>\u00a0<\/strong><\/td>\n<td><strong>\u00a0<\/strong><\/td>\n<td><strong>\u00a0<\/strong><\/td>\n<\/tr>\n<tr>\n<td><strong>\u00a0<\/strong><\/td>\n<td><strong>\u00a0<\/strong><\/td>\n<td><strong>\u00a0<\/strong><\/td>\n<td><strong>\u00a0<\/strong><\/td>\n<td><strong>\u00a0<\/strong><\/td>\n<\/tr>\n<tr>\n<td><strong>\u00a0<\/strong><\/td>\n<td><strong>\u00a0<\/strong><\/td>\n<td><strong>\u00a0<\/strong><\/td>\n<td><strong>\u00a0<\/strong><\/td>\n<td><strong>\u00a0<\/strong><\/td>\n<\/tr>\n<tr>\n<td><strong>\u00a0<\/strong><\/td>\n<td><strong>\u00a0<\/strong><\/td>\n<td><strong>\u00a0<\/strong><\/td>\n<td><strong>\u00a0<\/strong><\/td>\n<td><strong>\u00a0<\/strong><\/td>\n<\/tr>\n<tr>\n<td><strong>\u00a0<\/strong><\/td>\n<td><strong>\u00a0<\/strong><\/td>\n<td><strong>\u00a0<\/strong><\/td>\n<td><strong>\u00a0<\/strong><\/td>\n<td><strong>\u00a0<\/strong><\/td>\n<\/tr>\n<tr>\n<td colspan=\"5\"><strong>3. VERIFICA\u00c7\u00c3O (CHECK)<\/strong><\/td>\n<\/tr>\n<tr>\n<td colspan=\"5\"><strong>Planejamento:<\/strong><\/td>\n<\/tr>\n<tr>\n<td colspan=\"5\">Imers\u00e3o realizada?<\/td>\n<\/tr>\n<tr>\n<td colspan=\"5\">() SIM<\/td>\n<\/tr>\n<tr>\n<td colspan=\"5\">() N\u00c3O<\/td>\n<\/tr>\n<tr>\n<td colspan=\"5\">Idea\u00e7\u00e3o realizada?<\/td>\n<\/tr>\n<tr>\n<td colspan=\"5\">() SIM<\/td>\n<\/tr>\n<tr>\n<td colspan=\"5\">() N\u00c3O<\/td>\n<\/tr>\n<tr>\n<td colspan=\"5\">Prototipa\u00e7\u00e3o realizada?<\/td>\n<\/tr>\n<tr>\n<td colspan=\"5\">() SIM<\/td>\n<\/tr>\n<tr>\n<td colspan=\"5\">() N\u00c3O<\/td>\n<\/tr>\n<tr>\n<td colspan=\"5\">Planejamento est\u00e1 ok?<\/td>\n<\/tr>\n<tr>\n<td colspan=\"5\">() SIM<\/td>\n<\/tr>\n<tr>\n<td colspan=\"5\">() N\u00c3O<\/td>\n<\/tr>\n<tr>\n<td colspan=\"5\"><strong>Realiza\u00e7\u00e3o:<\/strong><\/td>\n<\/tr>\n<tr>\n<td colspan=\"5\">Cronograma realizado?<\/td>\n<\/tr>\n<tr>\n<td colspan=\"5\">() SIM<\/td>\n<\/tr>\n<tr>\n<td colspan=\"5\">() N\u00c3O<\/td>\n<\/tr>\n<tr>\n<td colspan=\"5\">Cronograma atende a realiza\u00e7\u00e3o do projeto?<\/td>\n<\/tr>\n<tr>\n<td colspan=\"5\">() SIM<\/td>\n<\/tr>\n<tr>\n<td colspan=\"5\">() N\u00c3O<\/td>\n<\/tr>\n<tr>\n<td colspan=\"5\"><strong>Verifica\u00e7\u00e3o:<\/strong><\/td>\n<\/tr>\n<tr>\n<td colspan=\"5\">Cronograma atende a realiza\u00e7\u00e3o do projeto?<\/td>\n<\/tr>\n<tr>\n<td colspan=\"5\">() SIM<\/td>\n<\/tr>\n<tr>\n<td colspan=\"5\">() N\u00c3O<\/td>\n<\/tr>\n<tr>\n<td colspan=\"5\">Projeto atende a proposta da institui\u00e7\u00e3o escolhida?<\/td>\n<\/tr>\n<tr>\n<td colspan=\"5\">() SIM<\/td>\n<\/tr>\n<tr>\n<td colspan=\"5\">() N\u00c3O<\/td>\n<\/tr>\n<tr>\n<td colspan=\"5\">Houve necessidade de mudan\u00e7a de estrat\u00e9gia?<\/td>\n<\/tr>\n<tr>\n<td colspan=\"5\">() SIM<\/td>\n<\/tr>\n<tr>\n<td colspan=\"5\">() N\u00c3O<\/td>\n<\/tr>\n<tr>\n<td colspan=\"5\">Em caso positivo, mencione as mudan\u00e7as e novas estrat\u00e9gias?<\/td>\n<\/tr>\n<tr>\n<td colspan=\"5\"><\/td>\n<\/tr>\n<tr>\n<td colspan=\"5\"><strong>4. A\u00c7\u00c3O (ACT)<\/strong><\/td>\n<\/tr>\n<tr>\n<td colspan=\"5\">A\u00c7\u00c3O PROPOSTA:<\/td>\n<\/tr>\n<tr>\n<td colspan=\"5\"><\/td>\n<\/tr>\n<tr>\n<td colspan=\"5\"><strong>REFER\u00caNCIAS BIBLIOGR\u00c1FICAS<\/strong><strong>CAM<a href=\"https:\/\/www.portfoliopronto.com\/\">P<\/a>O OBRIGAT\u00d3RIO \u2013 Siga a normas ABNT, para isso consulte sua Biblioteca Virtual.<\/strong><\/td>\n<\/tr>\n<tr>\n<td colspan=\"5\">Projeto de extens\u00e3o II Letras Portugu\u00eas Ingl\u00eas<\/td>\n<\/tr>\n<\/tbody>\n<\/table>\n<div class=\"elementor-toggle-item\">\n<div class=\"elementor-toggle-item\">\n<p id=\"elementor-tab-title-1941\" class=\"elementor-tab-title elementor-active\" tabindex=\"0\" role=\"tab\" data-tab=\"1\" aria-controls=\"elementor-tab-content-1941\" aria-expanded=\"true\" aria-selected=\"true\"><strong>Como funciona?<\/strong><\/p>\n<p>Elaboramos os portf\u00f3lios, j\u00e1 deixamos prontos, nas normas da ABNT e conforme os requisitos da universidade. F\u00e1cil assim! O MELHOR \u00c9 QUE VOC\u00ca COMPRA E J\u00c1 BAIXA NA HORA O SEU ARQUIVO EM WORD! Sabemos que conciliar trabalho, fam\u00edlia, vida profissional e estudos \u00e9 dif\u00edcil hoje em dia, por isso, estamos aqui para ajudar voc\u00ea. Conte com nossa qualidade, experi\u00eancia e profissionalismo adquirindo seu portf\u00f3lio conosco. GARANTIMOS SEU CONCEITO!<\/p>\n<p><strong>Como se realizam os envios?<\/strong><\/p>\n<\/div>\n<p id=\"elementor-tab-content-1942\" class=\"elementor-tab-content elementor-clearfix elementor-active\" role=\"tabpanel\" data-tab=\"2\" aria-labelledby=\"elementor-tab-title-1942\">O seu trabalho \u00e9 disponibilizado pronto, respondido e nas normas j\u00e1 na mesma hora aqui em nosso site na sua \u00e1rea de downloads e tamb\u00e9m no seu e-mail.<\/p>\n<p><strong>Em quanto tempo recebo o portf\u00f3lio?<\/strong><\/p>\n<p>Os envios s\u00e3o imediatos. Ap\u00f3s sua compra, o trabalho j\u00e1 \u00e9 disponibilizado instantaneamente aqui em nosso site e no seu e-mail.<\/p>\n<p><strong>E se o portf\u00f3lio que comprei precisar de corre\u00e7\u00e3o?<\/strong><\/p>\n<p>Caso haja alguma solicita\u00e7\u00e3o de corre\u00e7\u00e3o\/altera\u00e7\u00e3o por parte do tutor, basta entrar em contato conosco pelo\u00a0WhatsApp\u00a0que provid\u00eanciaremos sem custo algum.<\/p>\n<p><strong>Qual o formato do arquivo?<\/strong><\/p>\n<p>Os arquivos s\u00e3o enviados em formato Word e s\u00e3o edit\u00e1veis.<\/p>\n<p><strong>Caso eu tiver alguma d\u00favida, terei suporte no p\u00f3s venda?<\/strong><\/p>\n<p>Sim, com certeza. Basta clicar no \u00edcone do WhatsApp no cantinho da tela. Ser\u00e1 um prazer atend\u00ea-lo(a).<\/p>\n<div id=\"elementor-tab-content-1948\" class=\"elementor-tab-content elementor-clearfix elementor-active\" role=\"tabpanel\" data-tab=\"8\" aria-labelledby=\"elementor-tab-title-1948\">\n<p><strong>Quais os seus canais de contato?<\/strong><\/p>\n<\/div>\n<div id=\"elementor-tab-content-1949\" class=\"elementor-tab-content elementor-clearfix elementor-active\" role=\"tabpanel\" data-tab=\"9\" aria-labelledby=\"elementor-tab-title-1949\">\n<p>Whatsapp: 53 984751621 \u2013 Clicar no canto da tela ou ESCANEIE O QRCODE ABAIXO<\/p>\n<h4><img decoding=\"async\" class=\"alignnone wp-image-13699 jetpack-lazy-image jetpack-lazy-image--handled\" src=\"https:\/\/i0.wp.com\/portifolioos-prontos.com\/wp-content\/uploads\/2023\/02\/whatsapp-business-projeto-de-extensao-300x300.jpeg?resize=144%2C144\" sizes=\"(max-width: 144px) 100vw, 144px\" srcset=\"https:\/\/i0.wp.com\/portifolioos-prontos.com\/wp-content\/uploads\/2023\/02\/whatsapp-business-projeto-de-extensao.jpeg?resize=300%2C301&amp;ssl=1 300w, https:\/\/i0.wp.com\/portifolioos-prontos.com\/wp-content\/uploads\/2023\/02\/whatsapp-business-projeto-de-extensao.jpeg?resize=150%2C150&amp;ssl=1 150w, https:\/\/i0.wp.com\/portifolioos-prontos.com\/wp-content\/uploads\/2023\/02\/whatsapp-business-projeto-de-extensao.jpeg?resize=370%2C372&amp;ssl=1 370w, https:\/\/i0.wp.com\/portifolioos-prontos.com\/wp-content\/uploads\/2023\/02\/whatsapp-business-projeto-de-extensao.jpeg?resize=100%2C100&amp;ssl=1 100w, https:\/\/i0.wp.com\/portifolioos-prontos.com\/wp-content\/uploads\/2023\/02\/whatsapp-business-projeto-de-extensao.jpeg?w=470&amp;ssl=1 470w\" alt=\"projeto de extens\u00e3o unopar\" width=\"144\" height=\"144\" data-lazy-loaded=\"1\" \/><\/h4>\n<\/div>\n<div class=\"elementor-toggle-item\">\n<div id=\"elementor-tab-content-1949\" class=\"elementor-tab-content elementor-clearfix elementor-active\" role=\"tabpanel\" data-tab=\"9\" aria-labelledby=\"elementor-tab-title-1949\">\n<p>E-mail:portifoliosp@gmail.com<\/p>\n<div id=\"attachment_143\" class=\"wp-caption alignnone\">\n<div id=\"attachment_143\" class=\"wp-caption alignnone\">\n<p id=\"caption-attachment-143\" class=\"wp-caption-text\"><a href=\"http:\/\/portfolio-pronto.com\/\">Portf\u00f3lio<\/a>\u00a0em Word, respondido, completo e j\u00e1 nas normas<\/p>\n<\/div>\n<\/div>\n<\/div>\n<\/div>\n<\/div>\n","protected":false},"excerpt":{"rendered":"<div class=\"product-short-description\">\n<div class=\"product-short-description\">\n<div><span style=\"color: #ff0000\"><strong>Compre e receba o Relat\u00f3rio Final de Atividades Extensionistas j\u00e1 preenchido, com um projeto totalmente desenvolvido para entrega.<\/strong><\/span><\/div>\n<div class=\"product-short-description\"><strong>Pague pelo PIX ou cart\u00e3o e fa\u00e7a o download agora mesmo.<\/strong><\/div>\n<div class=\"sticky-add-to-cart-wrapper\">\n<div class=\"sticky-add-to-cart\">\n<p class=\"quantity buttons_added form-flat\"><img decoding=\"async\" class=\"lazyloaded smush-image-5 smush-image-3 smush-image-4 smush-detected-img smush-image-bigger-3\" src=\"https:\/\/d26lpennugtm8s.cloudfront.net\/assets\/common\/img\/logos\/payment\/visa@2x.png\" width=\"46\" height=\"29\" data-src=\"https:\/\/d26lpennugtm8s.cloudfront.net\/assets\/common\/img\/logos\/payment\/visa@2x.png\" \/><img decoding=\"async\" class=\"lazyloaded smush-image-6 smush-image-4 smush-image-5 smush-detected-img smush-image-bigger-4\" src=\"https:\/\/d26lpennugtm8s.cloudfront.net\/assets\/common\/img\/logos\/payment\/boleto@2x.png\" width=\"43\" height=\"27\" data-src=\"https:\/\/d26lpennugtm8s.cloudfront.net\/assets\/common\/img\/logos\/payment\/boleto@2x.png\" \/><img loading=\"lazy\" decoding=\"async\" class=\"lazyloaded smush-image-7 smush-image-5 smush-image-6 smush-detected-img smush-image-bigger-5\" src=\"https:\/\/d26lpennugtm8s.cloudfront.net\/assets\/common\/img\/logos\/payment\/mastercard@2x.png\" width=\"43\" height=\"27\" data-src=\"https:\/\/d26lpennugtm8s.cloudfront.net\/assets\/common\/img\/logos\/payment\/mastercard@2x.png\" \/><img loading=\"lazy\" decoding=\"async\" class=\"lazyloaded smush-image-8 smush-image-6 smush-image-7 smush-detected-img smush-image-bigger-6\" src=\"https:\/\/d26lpennugtm8s.cloudfront.net\/assets\/common\/img\/logos\/payment\/amex@2x.png\" width=\"43\" height=\"27\" data-src=\"https:\/\/d26lpennugtm8s.cloudfront.net\/assets\/common\/img\/logos\/payment\/amex@2x.png\" \/><img loading=\"lazy\" decoding=\"async\" class=\"lazyloaded smush-image-9 smush-image-7 smush-image-8 smush-detected-img smush-image-bigger-7\" src=\"https:\/\/d26lpennugtm8s.cloudfront.net\/assets\/common\/img\/logos\/payment\/diners@2x.png\" width=\"46\" height=\"29\" data-src=\"https:\/\/d26lpennugtm8s.cloudfront.net\/assets\/common\/img\/logos\/payment\/diners@2x.png\" \/><img loading=\"lazy\" decoding=\"async\" class=\"lazyloaded smush-image-10 smush-image-8 smush-image-9 alignnone smush-detected-img smush-image-bigger-8\" src=\"https:\/\/d26lpennugtm8s.cloudfront.net\/assets\/common\/img\/logos\/payment\/br\/elo@2x.png\" alt=\"portf\u00f3lio unopar anhanguera\" width=\"45\" height=\"28\" data-src=\"https:\/\/d26lpennugtm8s.cloudfront.net\/assets\/common\/img\/logos\/payment\/br\/elo@2x.png\" \/><img loading=\"lazy\" decoding=\"async\" class=\"lazyloaded smush-image-11 smush-image-9 smush-image-10 alignnone smush-detected-img smush-image-bigger-9\" src=\"https:\/\/d26lpennugtm8s.cloudfront.net\/assets\/common\/img\/logos\/payment\/br\/hipercard@2x.png\" alt=\"portf\u00f3lio unopar anhanguera\" width=\"44\" height=\"28\" data-src=\"https:\/\/d26lpennugtm8s.cloudfront.net\/assets\/common\/img\/logos\/payment\/br\/hipercard@2x.png\" \/><img loading=\"lazy\" decoding=\"async\" class=\"lazyloaded smush-image-12 smush-image-10 smush-image-11 alignnone smush-detected-img smush-image-bigger-10\" src=\"https:\/\/d26lpennugtm8s.cloudfront.net\/assets\/common\/img\/logos\/payment\/mercadopago@2x.png\" alt=\"portf\u00f3lio unopar anhanguera\" width=\"45\" height=\"28\" data-src=\"https:\/\/d26lpennugtm8s.cloudfront.net\/assets\/common\/img\/logos\/payment\/mercadopago@2x.png\" \/><img loading=\"lazy\" decoding=\"async\" class=\"alignnone ls-is-cached lazyloaded smush-detected-img smush-image-bigger-11\" src=\"https:\/\/futurium.com.br\/wp-content\/uploads\/2021\/06\/logo-pix-icone-512.png\" alt=\"portfolio pronto\" width=\"30\" height=\"30\" data-src=\"https:\/\/futurium.com.br\/wp-content\/uploads\/2021\/06\/logo-pix-icone-512.png\" \/><\/p>\n<\/div>\n<\/div>\n<\/div>\n<\/div>\n","protected":false},"featured_media":28696,"template":"","meta":{"_seopress_robots_primary_cat":"none","_seopress_titles_title":"%%post_title%% %%sitetitle%%","_seopress_titles_desc":"%%post_content%%","_seopress_robots_index":""},"product_cat":[219,114,47,15],"product_tag":[731],"class_list":{"0":"post-28693","1":"product","2":"type-product","3":"status-publish","4":"has-post-thumbnail","6":"product_cat-ingles","7":"product_cat-letras","8":"product_cat-licenciaturas","9":"product_cat-uncategorized","10":"product_tag-projeto-de-extensao-acao-e-difusao-cultural","12":"first","13":"instock","14":"downloadable","15":"virtual","16":"purchasable","17":"product-type-simple","18":"col-xs-6 col-sm-4","19":"col-mf-5","20":"un-5-cols"},"jetpack_sharing_enabled":true,"_links":{"self":[{"href":"https:\/\/portifolioos-prontos.com\/index.php\/wp-json\/wp\/v2\/product\/28693","targetHints":{"allow":["GET"]}}],"collection":[{"href":"https:\/\/portifolioos-prontos.com\/index.php\/wp-json\/wp\/v2\/product"}],"about":[{"href":"https:\/\/portifolioos-prontos.com\/index.php\/wp-json\/wp\/v2\/types\/product"}],"version-history":[{"count":1,"href":"https:\/\/portifolioos-prontos.com\/index.php\/wp-json\/wp\/v2\/product\/28693\/revisions"}],"predecessor-version":[{"id":44148,"href":"https:\/\/portifolioos-prontos.com\/index.php\/wp-json\/wp\/v2\/product\/28693\/revisions\/44148"}],"wp:featuredmedia":[{"embeddable":true,"href":"https:\/\/portifolioos-prontos.com\/index.php\/wp-json\/wp\/v2\/media\/28696"}],"wp:attachment":[{"href":"https:\/\/portifolioos-prontos.com\/index.php\/wp-json\/wp\/v2\/media?parent=28693"}],"wp:term":[{"taxonomy":"product_cat","embeddable":true,"href":"https:\/\/portifolioos-prontos.com\/index.php\/wp-json\/wp\/v2\/product_cat?post=28693"},{"taxonomy":"product_tag","embeddable":true,"href":"https:\/\/portifolioos-prontos.com\/index.php\/wp-json\/wp\/v2\/product_tag?post=28693"}],"curies":[{"name":"wp","href":"https:\/\/api.w.org\/{rel}","templated":true}]}}