{"id":28782,"date":"2024-08-06T20:22:06","date_gmt":"2024-08-06T23:22:06","guid":{"rendered":"https:\/\/portifolioos-prontos.com\/?post_type=product&#038;p=28782"},"modified":"2025-10-24T09:51:46","modified_gmt":"2025-10-24T12:51:46","slug":"aula-pratica-dinamicas-e-jogos-vivenciais-coletiva","status":"publish","type":"product","link":"https:\/\/portifolioos-prontos.com\/index.php\/product\/aula-pratica-dinamicas-e-jogos-vivenciais-coletiva\/","title":{"rendered":"Aula pr\u00e1tica Din\u00e2micas e jogos vivenciais"},"content":{"rendered":"<h5>Aula pr\u00e1tica Din\u00e2micas e jogos vivenciais<\/h5>\n<p><strong><em>Atividade proposta:<\/em><\/strong><br \/>\n<strong><em>Elabora\u00e7\u00e3o de um plano de desenvolvimento de compet\u00eancias direcionado a uma equipe de<\/em><\/strong><br \/>\n<strong><em>trabalho, utilizando como recurso a din\u00e2mica de grupo.<\/em><\/strong><\/p>\n<p>ROTEIRO DE AULA PR\u00c1TICA<br \/>\nNOME DA DISCIPLINA: Din\u00e2micas e Jogos Vivenciais<br \/>\nUnidades 1 e 2<br \/>\nEscolher um item.<br \/>\nOBJETIVOS<br \/>\nDefini\u00e7\u00e3o dos objetivos da aula pr\u00e1tica:<br \/>\nA proposta desta atividade pr\u00e1tica est\u00e1 amparada nos seguintes objetivos:<br \/>\n\u2013 Compreender a relev\u00e2ncia da aplica\u00e7\u00e3o de din\u00e2micas de grupos como ferramenta<br \/>\nestrat\u00e9gica na condu\u00e7\u00e3o de processos de desenvolvimento de grupos e pessoas.<br \/>\n\u2013 Elaborar um plano de desenvolvimento de compet\u00eancias direcionado a uma equipe<br \/>\nde trabalho, utilizando o recurso da din\u00e2mica de grupo.<br \/>\n\u2013 Descrever a aplica\u00e7\u00e3o de uma din\u00e2mica de grupo com a finalidade de desenvolver<br \/>\ncompet\u00eancias nas dimens\u00f5es pessoal e coletiva.<br \/>\nINFRAESTRUTURA<br \/>\nInstala\u00e7\u00f5es:<br \/>\nNSA<br \/>\nMateriais de consumo:<br \/>\nComputador ou caderno, caneta, l\u00e1pis, borracha.<br \/>\nSoftware:<br \/>\nSim ( ) N\u00e3o ( x )<br \/>\nEm caso afirmativo, qual?<br \/>\nPago ( ) N\u00e3o Pago ( )<br \/>\nDescri\u00e7\u00e3o do software:<br \/>\nNSA<br \/>\nEquipamento de Prote\u00e7\u00e3o Individual (EPI):<br \/>\nNSA<\/p>\n<p>PROCEDIMENTOS PR\u00c1TICOS<br \/>\nProcedimento<br \/>\n<strong><em>Atividade proposta:<\/em><\/strong><br \/>\n<strong><em>Elabora\u00e7\u00e3o de um plano de desenvolvimento de compet\u00eancias direcionado a uma equipe de<\/em><\/strong><br \/>\n<strong><em>trabalho, utilizando como recurso a din\u00e2mica de grupo.<\/em><\/strong><br \/>\nProcedimentos para a realiza\u00e7\u00e3o da atividade:<br \/>\nContextualizando:<br \/>\n\u00c9 ineg\u00e1vel que o cen\u00e1rio globalizado trouxe \u00e0s organiza\u00e7\u00f5es uma realidade cada vez mais competitiva<br \/>\ne, como consequ\u00eancia, as compet\u00eancias profissionais, em especial as compet\u00eancias<br \/>\ncomportamentais hoje exigidas, s\u00e3o cada vez mais amplas, diversas e completas.<br \/>\nUm dos processos desafiadores de gest\u00e3o de pessoas no contexto das organiza\u00e7\u00f5es \u00e9 o treinamento<br \/>\ne desenvolvimento. Desenvolver pessoas passou a ser a estrat\u00e9gia para formar profissionais<br \/>\ncapacitados a lidar com as atuais demandas e, ao mesmo tempo, prepar\u00e1-los para as futuras<br \/>\noportunidades do mercado competitivo.<br \/>\nUm ponto a ser considerado \u00e9 o de que atuar com foco em desenvolvimento significa compreender<br \/>\ncada pessoa de forma hol\u00edstica, como fruto de um processo m\u00faltiplo, complexo e integrado. Isso<br \/>\nsignifica realizar um trabalho cont\u00ednuo e completo, englobando as diferentes \u00e1reas e necessidades<br \/>\nde melhorias de cada indiv\u00edduo, n\u00e3o somente no campo acad\u00eamico e profissional, mas<br \/>\nprincipalmente nas habilidades de relacionamento interpessoal.<br \/>\nSendo assim, as din\u00e2micas de grupo s\u00e3o excelentes ferramentas para auxiliar os gestores a colocarem<br \/>\nem pr\u00e1tica a\u00e7\u00f5es de treinamento e desenvolvimento. Essa t\u00e9cnica permite a observa\u00e7\u00e3o e a avalia\u00e7\u00e3o<br \/>\ndas compet\u00eancias individuais e coletivas, promovendo um ambiente de aprendizado e crescimento<br \/>\ncont\u00ednuo. Ao utiliz\u00e1-la, os gestores conseguem identificar pontos fortes e \u00e1reas a serem aprimoradas,<br \/>\nfacilitando a elabora\u00e7\u00e3o de estrat\u00e9gias personalizadas que atendam \u00e0s necessidades espec\u00edficas de<br \/>\ncada colaborador e da equipe como um todo.<br \/>\nPortanto, no contexto atual, investir no desenvolvimento cont\u00ednuo das compet\u00eancias<br \/>\ncomportamentais dos profissionais \u00e9 essencial para o sucesso organizacional, e as din\u00e2micas de<br \/>\ngrupo podem ser instrumentos valiosos nesse processo, contribuindo para a forma\u00e7\u00e3o de equipes<br \/>\nmais coesas, adapt\u00e1veis e preparadas para enfrentar os desafios do ambiente global.<br \/>\n4<br \/>\nAtividade:<br \/>\nA partir do contexto apresentado, imagine que voc\u00ea \u00e9 um profissional da \u00e1rea de recursos humanos<br \/>\nde uma organiza\u00e7\u00e3o e ser\u00e1 respons\u00e1vel pela elabora\u00e7\u00e3o de um plano de desenvolvimento de<br \/>\ncompet\u00eancias direcionado a uma equipe de trabalho de uma determinada \u00e1rea, utilizando como<br \/>\nrecurso a din\u00e2mica de grupo.<br \/>\nCen\u00e1rio:<br \/>\nUma organiza\u00e7\u00e3o de m\u00e9dio porte que atua no setor de varejo online percebeu uma queda na<br \/>\nsatisfa\u00e7\u00e3o dos clientes devido \u00e0 falta de coes\u00e3o e colabora\u00e7\u00e3o entre os membros da equipe de<br \/>\natendimento ao cliente. A equipe \u00e9 composta por 15 colaboradores, divididos em pequenos grupos,<br \/>\nque atendem diferentes solicita\u00e7\u00f5es, como devolu\u00e7\u00f5es, suporte t\u00e9cnico e informa\u00e7\u00f5es sobre<br \/>\nprodutos. Ao que tudo indica, os colaboradores n\u00e3o est\u00e3o trabalhando de maneira alinhada, suas<br \/>\nintera\u00e7\u00f5es s\u00e3o desconexas, o que vem resultando em uma s\u00e9rie de problemas operacionais, um<br \/>\nservi\u00e7o inconsistente e clientes insatisfeitos.<br \/>\nAlguns problemas identificados foram: os membros da equipe n\u00e3o est\u00e3o se comunicando de forma<br \/>\neficiente, levando a mal-entendidos e atrasos no atendimento; percebe-se a aus\u00eancia de um esp\u00edrito<br \/>\ncolaborativo, o que vem prejudicando a resolu\u00e7\u00e3o r\u00e1pida e eficaz das queixas dos clientes e, al\u00e9m<br \/>\ndisso, a equipe est\u00e1 desmotivada e h\u00e1 uma falta de sinergia, afetando o desempenho de modo geral.<br \/>\nETAPA 1:<br \/>\n\u2013 A partir do cen\u00e1rio apresentado, liste duas compet\u00eancias comportamentais que precisar\u00e3o ser<br \/>\ntrabalhadas no processo de treinamento e desenvolvimento dessa equipe, e que devem constar no<br \/>\nseu plano de desenvolvimento. Compet\u00eancia comportamental \u00e9 o conjunto de conhecimentos,<br \/>\nhabilidades e atitudes que se manifesta no comportamento das pessoas ao desempenhar uma<br \/>\ntarefa, gerando resultados favor\u00e1veis no ambiente profissional. Diz respeito \u00e0 capacidade de lidar<br \/>\ncom as pessoas nos mais diferentes contextos e realidades.<br \/>\n\u2013 Ap\u00f3s listar as duas compet\u00eancias comportamentais, \u00e9 o momento de descrev\u00ea-las, ou seja,<br \/>\ndiscorrer sobre quais conhecimentos, habilidades e atitudes comp\u00f5em cada uma delas. \u00c9<br \/>\nfundamental que, ao descrever as compet\u00eancias, voc\u00ea procure relatar elementos no comportamento<br \/>\nque s\u00e3o baseados em evid\u00eancias e poder\u00e3o ser observados.<br \/>\nSegue um exemplo da descri\u00e7\u00e3o de uma compet\u00eancia comportamental para te inspirar:<br \/>\nLideran\u00e7a: apresenta capacidade de assumir as r\u00e9deas da situa\u00e7\u00e3o, destacando-se perante os demais<br \/>\nna execu\u00e7\u00e3o das atividades propostas. Busca propor novas ideias \u00e0 equipe e orienta as pessoas a<br \/>\n5<br \/>\ncolocarem em pr\u00e1tica essas ideias. Apresenta facilidade em lidar com pessoas, utilizando de<br \/>\neduca\u00e7\u00e3o e comunica\u00e7\u00e3o respeitosa, conquistando a confian\u00e7a delas. Incentiva a equipe a dar o seu<br \/>\nmelhor, por meio de palavras e gestos, e a pensar conjuntamente em caminhos para o alcance dos<br \/>\nseus prop\u00f3sitos.<br \/>\nAgora, \u00e9 a sua vez!<br \/>\nCompet\u00eancias comportamentais da equipe de atendimento ao cliente<br \/>\nCompet\u00eancia Descri\u00e7\u00e3o<br \/>\n1.<br \/>\n2.<br \/>\nETAPA 2:<br \/>\nNessa etapa, voc\u00ea dever\u00e1 elaborar os objetivos que pretende atingir com a execu\u00e7\u00e3o do plano de<br \/>\ndesenvolvimento da equipe. Os objetivos s\u00e3o o alvo, os resultados esperados com a implementa\u00e7\u00e3o<br \/>\ndo plano. Eles devem ser claros, espec\u00edficos e alcan\u00e7\u00e1veis, e devem ajudar a direcionar os esfor\u00e7os<br \/>\ndurante a concretiza\u00e7\u00e3o do plano de desenvolvimento da equipe, garantindo que todos os membros<br \/>\nsaibam o que se espera alcan\u00e7ar e juntos possam trabalhar para se chegar a esses resultados.<br \/>\nLembre-se que a descri\u00e7\u00e3o dos objetivos deve iniciar com verbos, pois eles indicam a\u00e7\u00e3o, orientando<br \/>\npara o seu desempenho. Sendo assim, elabore dois objetivos que constar\u00e3o no plano de<br \/>\ndesenvolvimento da equipe.<br \/>\nComo exemplo, retomo aqui um dos objetivos que norteiam a nossa aula pr\u00e1tica:<br \/>\nLevar voc\u00ea, estudante, a compreender a relev\u00e2ncia da aplica\u00e7\u00e3o de din\u00e2micas de grupos como<br \/>\nferramenta estrat\u00e9gica na condu\u00e7\u00e3o de processos de desenvolvimento de grupos e pessoas.<br \/>\nAgora, \u00e9 com voc\u00ea!<br \/>\nObjetivos:<br \/>\n1. _________________________________________________________________<br \/>\n2. _________________________________________________________________<br \/>\nETAPA 3:<br \/>\nAgora, chegou o momento de elaborar uma proposta de din\u00e2mica de grupo que compor\u00e1 o plano de<br \/>\ndesenvolvimento da equipe. A din\u00e2mica de grupo deve ser pensada a partir dos objetivos j\u00e1<br \/>\nformulados, buscando desenvolver, por meio de sua aplica\u00e7\u00e3o, as compet\u00eancias comportamentais<br \/>\n6<br \/>\nidentificadas.<br \/>\nSendo assim, o prop\u00f3sito dessa etapa \u00e9 voc\u00ea criar uma din\u00e2mica de grupo que seja condizente com<br \/>\no plano de desenvolvimento da equipe.<br \/>\nPara orientar voc\u00ea na resolu\u00e7\u00e3o desse passo, pense na compet\u00eancia comportamental da Lideran\u00e7a,<br \/>\nque foi descrita acima, como modelo. De acordo com a composi\u00e7\u00e3o dessa compet\u00eancia, seria<br \/>\ninteressante, por exemplo, propor uma din\u00e2mica de grupo na qual os participantes tenham que<br \/>\nresolver uma situa\u00e7\u00e3o-problema em equipe. A partir da\u00ed, voc\u00ea poder\u00e1 observar nos participantes os<br \/>\npontos definidos na descri\u00e7\u00e3o da compet\u00eancia Lideran\u00e7a, isto \u00e9, aquela pessoa que se destaca como<br \/>\nl\u00edder, que ajuda seus colegas de equipe a cumprir a tarefa, que d\u00e1 ideias de poss\u00edveis solu\u00e7\u00f5es a<br \/>\nserem aplicadas, que conversa com as outras pessoas da equipe com facilidade, sendo respeitosa e<br \/>\nconsiderando o modo de ser de cada uma delas etc.<br \/>\nPara cumprir essa tarefa, voc\u00ea poder\u00e1 pesquisar em sites da Internet dicas de din\u00e2micas de grupos<br \/>\npraticadas nas \u00e1reas de recursos humanos. Seguem alguns links de sites que poder\u00e3o auxili\u00e1-lo:<\/p>\n<p><a href=\"https:\/\/www.gestaumlab.com.br\/blog\/dinamicas-para-treinamento\" rel=\"nofollow\">https:\/\/www.gestaumlab.com.br\/blog\/dinamicas-para-treinamento<\/a><br \/>\n<a href=\"https:\/\/jobconvo.com\/blog\/dinamicas-de-grupo\/\" rel=\"nofollow\">https:\/\/jobconvo.com\/blog\/dinamicas-de-grupo\/<\/a><\/p>\n<p>Voc\u00ea poder\u00e1 tamb\u00e9m fazer uma pesquisa na Biblioteca Virtual:\u00a0<a href=\"https:\/\/biblioteca-virtual.com\/\" rel=\"nofollow\">https:\/\/biblioteca-virtual.com\/<\/a><br \/>\nAgora \u00e9 a sua vez!<br \/>\nProposta de Din\u00e2mica de Grupo<br \/>\nNome da din\u00e2mica de<br \/>\ngrupo:<br \/>\nQuantidade de pessoas que<br \/>\nir\u00e3o participar:<br \/>\nTempo de dura\u00e7\u00e3o da<br \/>\ndin\u00e2mica:<br \/>\nObjetivo da din\u00e2mica:<br \/>\nInstru\u00e7\u00f5es de execu\u00e7\u00e3o =<br \/>\ncomo funciona a din\u00e2mica<br \/>\n(descreva o passo a passo):<br \/>\n7<br \/>\nMateriais necess\u00e1rios para a<br \/>\nrealiza\u00e7\u00e3o da din\u00e2mica:<br \/>\nETAPA 4:<br \/>\nImagine que, agora, voc\u00ea ir\u00e1 apresentar um esquema do plano de desenvolvimento da equipe ao<br \/>\ndiretor da empresa.<br \/>\n\u2013 Para cumprir essa tarefa, voc\u00ea ir\u00e1 estruturar o plano de desenvolvimento da equipe, de modo que<br \/>\nfique vis\u00edvel em formato de esquema, servindo para a tomada de decis\u00e3o sobre os principais<br \/>\nelementos que orientar\u00e3o a implementa\u00e7\u00e3o do plano.<br \/>\nPara isso, voc\u00ea vai utilizar a ferramenta 5W2H, que \u00e9 utilizada principalmente no planejamento<br \/>\nestrat\u00e9gico para assegurar que todas as informa\u00e7\u00f5es essenciais sejam consideradas antes de iniciar<br \/>\numa a\u00e7\u00e3o ou projeto. Ela \u00e9 composta por sete perguntas fundamentais que come\u00e7am com W e H<br \/>\n(em ingl\u00eas):<br \/>\n\u2022 O que (What) deve ser feito?<br \/>\n\u2022 Por que (Why) deve ser implementado?<br \/>\n\u2022 Quem (Who) ser\u00e1 o respons\u00e1vel pela a\u00e7\u00e3o?<br \/>\n\u2022 Onde (Where) deve ser executado?<br \/>\n\u2022 Quando (When) deve ser implementado?<br \/>\n\u2022 Como (How) deve ser conduzido?<br \/>\n\u2022 Quanto (How much) vai custar a implementa\u00e7\u00e3o?<br \/>\nEssas perguntas ajudam a definir claramente o que precisa ser feito, por quem, quando, onde e de<br \/>\nque maneira, garantindo que todos os aspectos cruciais sejam considerados e planejados. Essa<br \/>\nabordagem ajuda a minimizar falhas de comunica\u00e7\u00e3o, reduzir riscos e aumentar a efici\u00eancia na<br \/>\nimplementa\u00e7\u00e3o do plano.<br \/>\n\u2013 Agora, \u00e9 com voc\u00ea! Preencha o formul\u00e1rio abaixo e estruture o plano de desenvolvimento da<br \/>\nequipe, a ser exibido ao diretor da empresa. E n\u00e3o esque\u00e7a de considerar no plano a aplica\u00e7\u00e3o da<br \/>\ndin\u00e2mica de grupo constru\u00edda por voc\u00ea.<br \/>\n8<br \/>\nPlano de desenvolvimento da equipe de atendimento ao cliente (5W2H)<br \/>\n5W 2H<br \/>\nWhat Why Who Where When How How much<br \/>\nO que? Por qu\u00ea? Quem? Onde? Quando? Como? Quanto?<br \/>\nA\u00e7\u00e3o\/<br \/>\ndesafio<br \/>\nJustificativa\/<br \/>\nexplica\u00e7\u00e3o<br \/>\nRespons\u00e1vel(is) Local a ser<br \/>\nrealizado<br \/>\nPrazo\/<br \/>\ncronograma<br \/>\nProcedimentos\/<br \/>\netapas\/<br \/>\nrecursos<br \/>\nCusto\/<br \/>\ninvestimento<br \/>\nETAPA 5:<br \/>\nA \u00faltima etapa ser\u00e1 a elabora\u00e7\u00e3o do relat\u00f3rio final, no qual voc\u00ea dever\u00e1 demonstrar a viabilidade do<br \/>\nplano de desenvolvimento da equipe, defendendo a utiliza\u00e7\u00e3o da din\u00e2mica de grupo como um<br \/>\nrecurso estrat\u00e9gico para trabalhar as compet\u00eancias comportamentais nos colaboradores,<br \/>\ncontribuindo com o sucesso da equipe e da organiza\u00e7\u00e3o.<br \/>\nChecklist:<br \/>\n\u00c9 importante verificar se as seguintes etapas foram realizadas:<br \/>\n\u2013 Descri\u00e7\u00e3o das duas compet\u00eancias comportamentais a serem trabalhadas no processo de<br \/>\ndesenvolvimento da equipe.<br \/>\n\u2013 Defini\u00e7\u00e3o dos dois objetivos que guiar\u00e3o a execu\u00e7\u00e3o do plano de desenvolvimento da equipe.<br \/>\n\u2013 Elabora\u00e7\u00e3o da proposta de din\u00e2mica de grupo, contemplando os seguintes pontos: nome da<br \/>\ndin\u00e2mica de grupo, quantidade de pessoas que ir\u00e3<a href=\"https:\/\/www.portfoliopronto.com\/\">o<\/a>\u00a0participar, tempo de dura\u00e7\u00e3o, objetivo da<br \/>\ndin\u00e2mica, instru\u00e7\u00f5es de execu\u00e7\u00e3o e materiais necess\u00e1rios para a realiza\u00e7\u00e3o da din\u00e2mica.<br \/>\n\u2013 Esquematiza\u00e7\u00e3o do plano de desenvolvimento da equipe por meio da ferramenta 5W2H.<br \/>\n\u2013 Elabora\u00e7\u00e3o do relat\u00f3rio final, com argumentos que demonstrem a viabilidade do plano de<br \/>\ndesenvolvimento da equipe e a defesa da utiliza\u00e7\u00e3o da din\u00e2mica de grupo como estrat\u00e9gia para<br \/>\ntrabalhar as compet\u00eancias comportamentais<a href=\"https:\/\/portfoliooead.com.br\/\">.<\/a><br \/>\nAula pr\u00e1tica Din\u00e2micas e jogos vivenciais<br \/>\nRESULTADOS<br \/>\nResultados da aula pr\u00e1tica:<br \/>\nEntrega de um arquivo PDF que contemple todas as etapas da atividade pr\u00e1tica, conforme<br \/>\napresentado no checklist<a href=\"https:\/\/portfoliooead.com.br\/\">.<\/a><\/p>\n<p>Aula pr\u00e1tica Din\u00e2micas e jogos vivenciai<a href=\"https:\/\/portfoliointerdisciplinar.com.br\/\">s<\/a><\/p>\n<div class=\"sharedaddy sd-sharing-enabled\">\n<div class=\"elementor-toggle-item\">\n<div class=\"elementor-toggle-item\">\n<p id=\"elementor-tab-title-1941\" class=\"elementor-tab-title elementor-active\" tabindex=\"0\" role=\"tab\" data-tab=\"1\" aria-controls=\"elementor-tab-content-1941\" aria-expanded=\"true\" aria-selected=\"true\"><strong>Como funciona?<\/strong><\/p>\n<p>Elaboramos os portf\u00f3lios, j\u00e1 deixamos prontos, nas normas da ABNT e conforme os requisitos da universidade. F\u00e1cil assim! O MELHOR \u00c9 QUE VOC\u00ca COMPRA E J\u00c1 BAIXA NA HORA O SEU ARQUIVO EM WORD! Sabemos que conciliar trabalho, fam\u00edlia, vida profissional e estudos \u00e9 dif\u00edcil hoje em dia, por isso, estamos aqui para ajudar voc\u00ea. Conte com nossa qualidade, experi\u00eancia e profissionalismo adquirindo seu portf\u00f3lio conosco. GARANTIMOS SEU CONCEITO!<\/p>\n<p><strong>Como se realizam os envios?<\/strong><\/p>\n<\/div>\n<p id=\"elementor-tab-content-1942\" class=\"elementor-tab-content elementor-clearfix elementor-active\" role=\"tabpanel\" data-tab=\"2\" aria-labelledby=\"elementor-tab-title-1942\">O seu trabalho \u00e9 disponibilizado pronto, respondido e nas normas j\u00e1 na mesma hora aqui em nosso site na sua \u00e1rea de downloads e tamb\u00e9m no seu e-mail.<\/p>\n<p><strong>Em quanto tempo recebo o portf\u00f3lio?<\/strong><\/p>\n<p>Os envios s\u00e3o imediatos. Ap\u00f3s sua compra, o trabalho j\u00e1 \u00e9 disponibilizado instantaneamente aqui em nosso site e no seu e-mail.<\/p>\n<p><strong>E se o portf\u00f3lio que comprei precisar de corre\u00e7\u00e3o?<\/strong><\/p>\n<p>Caso haja alguma solicita\u00e7\u00e3o de corre\u00e7\u00e3o\/altera\u00e7\u00e3o por parte do tutor, basta entrar em contato conosco pelo\u00a0WhatsApp\u00a0que provid\u00eanciaremos sem custo algum.<\/p>\n<p><strong>Qual o formato do arquivo?<\/strong><\/p>\n<p>Os arquivos s\u00e3o enviados em formato Word e s\u00e3o edit\u00e1veis.<\/p>\n<p><strong>Caso eu tiver alguma d\u00favida, terei suporte no p\u00f3s venda?<\/strong><\/p>\n<p>Sim, com certeza. Basta clicar no \u00edcone do WhatsApp no cantinho da tela. Ser\u00e1 um prazer atend\u00ea-lo(a).<\/p>\n<div id=\"elementor-tab-content-1948\" class=\"elementor-tab-content elementor-clearfix elementor-active\" role=\"tabpanel\" data-tab=\"8\" aria-labelledby=\"elementor-tab-title-1948\">\n<p><strong>Quais os seus canais de contato?<\/strong><\/p>\n<\/div>\n<div id=\"elementor-tab-content-1949\" class=\"elementor-tab-content elementor-clearfix elementor-active\" role=\"tabpanel\" data-tab=\"9\" aria-labelledby=\"elementor-tab-title-1949\">\n<p>Whatsapp: 53 984751621 \u2013 Clicar no canto da tela ou ESCANEIE O QRCODE ABAIXO<\/p>\n<h4><img decoding=\"async\" class=\"alignnone wp-image-13699 jetpack-lazy-image jetpack-lazy-image--handled\" src=\"https:\/\/i0.wp.com\/portifolioos-prontos.com\/wp-content\/uploads\/2023\/02\/whatsapp-business-projeto-de-extensao-300x300.jpeg?resize=144%2C144\" sizes=\"(max-width: 144px) 100vw, 144px\" srcset=\"https:\/\/i0.wp.com\/portifolioos-prontos.com\/wp-content\/uploads\/2023\/02\/whatsapp-business-projeto-de-extensao.jpeg?resize=300%2C301&amp;ssl=1 300w, https:\/\/i0.wp.com\/portifolioos-prontos.com\/wp-content\/uploads\/2023\/02\/whatsapp-business-projeto-de-extensao.jpeg?resize=150%2C150&amp;ssl=1 150w, https:\/\/i0.wp.com\/portifolioos-prontos.com\/wp-content\/uploads\/2023\/02\/whatsapp-business-projeto-de-extensao.jpeg?resize=370%2C372&amp;ssl=1 370w, https:\/\/i0.wp.com\/portifolioos-prontos.com\/wp-content\/uploads\/2023\/02\/whatsapp-business-projeto-de-extensao.jpeg?resize=100%2C100&amp;ssl=1 100w, https:\/\/i0.wp.com\/portifolioos-prontos.com\/wp-content\/uploads\/2023\/02\/whatsapp-business-projeto-de-extensao.jpeg?w=470&amp;ssl=1 470w\" alt=\"projeto de extens\u00e3o unopar\" width=\"144\" height=\"144\" data-lazy-loaded=\"1\" \/><\/h4>\n<\/div>\n<div class=\"elementor-toggle-item\">\n<div id=\"elementor-tab-content-1949\" class=\"elementor-tab-content elementor-clearfix elementor-active\" role=\"tabpanel\" data-tab=\"9\" aria-labelledby=\"elementor-tab-title-1949\">\n<p>E-mail:portifoliosp@gmail.com<\/p>\n<div id=\"attachment_143\" class=\"wp-caption alignnone\">\n<div id=\"attachment_143\" class=\"wp-caption alignnone\">\n<p id=\"caption-attachment-143\" class=\"wp-caption-text\"><a href=\"http:\/\/portfolio-pronto.com\/\">Portf\u00f3lio<\/a>\u00a0em Word, respondido, completo e j\u00e1 nas normas<\/p>\n<\/div>\n<\/div>\n<\/div>\n<\/div>\n<\/div>\n<\/div>\n","protected":false},"excerpt":{"rendered":"<div class=\"product-short-description\">\n<div class=\"product-short-description\">\n<p><strong>Pague pelo PIX ou cart\u00e3o e fa\u00e7a o download agora mesmo.<\/strong><\/p>\n<\/div>\n<div class=\"sticky-add-to-cart-wrapper\">\n<div class=\"sticky-add-to-cart\">\n<p class=\"quantity buttons_added form-flat\"><img decoding=\"async\" class=\"lazyloaded smush-image-5 smush-image-3 smush-image-4 smush-detected-img smush-image-bigger-3\" src=\"https:\/\/d26lpennugtm8s.cloudfront.net\/assets\/common\/img\/logos\/payment\/visa@2x.png\" width=\"46\" height=\"29\" data-src=\"https:\/\/d26lpennugtm8s.cloudfront.net\/assets\/common\/img\/logos\/payment\/visa@2x.png\" \/><img decoding=\"async\" class=\"lazyloaded smush-image-6 smush-image-4 smush-image-5 smush-detected-img smush-image-bigger-4\" src=\"https:\/\/d26lpennugtm8s.cloudfront.net\/assets\/common\/img\/logos\/payment\/boleto@2x.png\" width=\"43\" height=\"27\" data-src=\"https:\/\/d26lpennugtm8s.cloudfront.net\/assets\/common\/img\/logos\/payment\/boleto@2x.png\" \/><img loading=\"lazy\" decoding=\"async\" class=\"lazyloaded smush-image-7 smush-image-5 smush-image-6 smush-detected-img smush-image-bigger-5\" src=\"https:\/\/d26lpennugtm8s.cloudfront.net\/assets\/common\/img\/logos\/payment\/mastercard@2x.png\" width=\"43\" height=\"27\" data-src=\"https:\/\/d26lpennugtm8s.cloudfront.net\/assets\/common\/img\/logos\/payment\/mastercard@2x.png\" \/><img loading=\"lazy\" decoding=\"async\" class=\"lazyloaded smush-image-8 smush-image-6 smush-image-7 smush-detected-img smush-image-bigger-6\" src=\"https:\/\/d26lpennugtm8s.cloudfront.net\/assets\/common\/img\/logos\/payment\/amex@2x.png\" width=\"43\" height=\"27\" data-src=\"https:\/\/d26lpennugtm8s.cloudfront.net\/assets\/common\/img\/logos\/payment\/amex@2x.png\" \/><img loading=\"lazy\" decoding=\"async\" class=\"lazyloaded smush-image-9 smush-image-7 smush-image-8 smush-detected-img smush-image-bigger-7\" src=\"https:\/\/d26lpennugtm8s.cloudfront.net\/assets\/common\/img\/logos\/payment\/diners@2x.png\" width=\"46\" height=\"29\" data-src=\"https:\/\/d26lpennugtm8s.cloudfront.net\/assets\/common\/img\/logos\/payment\/diners@2x.png\" \/><img loading=\"lazy\" decoding=\"async\" class=\"lazyloaded smush-image-10 smush-image-8 smush-image-9 alignnone smush-detected-img smush-image-bigger-8\" src=\"https:\/\/d26lpennugtm8s.cloudfront.net\/assets\/common\/img\/logos\/payment\/br\/elo@2x.png\" alt=\"portf\u00f3lio unopar anhanguera\" width=\"45\" height=\"28\" data-src=\"https:\/\/d26lpennugtm8s.cloudfront.net\/assets\/common\/img\/logos\/payment\/br\/elo@2x.png\" \/><img loading=\"lazy\" decoding=\"async\" class=\"lazyloaded smush-image-11 smush-image-9 smush-image-10 alignnone smush-detected-img smush-image-bigger-9\" src=\"https:\/\/d26lpennugtm8s.cloudfront.net\/assets\/common\/img\/logos\/payment\/br\/hipercard@2x.png\" alt=\"portf\u00f3lio unopar anhanguera\" width=\"44\" height=\"28\" data-src=\"https:\/\/d26lpennugtm8s.cloudfront.net\/assets\/common\/img\/logos\/payment\/br\/hipercard@2x.png\" \/><img loading=\"lazy\" decoding=\"async\" class=\"lazyloaded smush-image-12 smush-image-10 smush-image-11 alignnone smush-detected-img smush-image-bigger-10\" src=\"https:\/\/d26lpennugtm8s.cloudfront.net\/assets\/common\/img\/logos\/payment\/mercadopago@2x.png\" alt=\"portf\u00f3lio unopar anhanguera\" width=\"45\" height=\"28\" data-src=\"https:\/\/d26lpennugtm8s.cloudfront.net\/assets\/common\/img\/logos\/payment\/mercadopago@2x.png\" \/><img loading=\"lazy\" decoding=\"async\" class=\"alignnone lazyloaded smush-detected-img smush-image-bigger-11\" src=\"https:\/\/futurium.com.br\/wp-content\/uploads\/2021\/06\/logo-pix-icone-512.png\" alt=\"portfolio pronto\" width=\"30\" height=\"30\" data-src=\"https:\/\/futurium.com.br\/wp-content\/uploads\/2021\/06\/logo-pix-icone-512.png\" \/><\/p>\n<\/div>\n<\/div>\n<\/div>\n","protected":false},"featured_media":28785,"template":"","meta":{"_seopress_robots_primary_cat":"none","_seopress_titles_title":"%%post_title%% %%sitetitle%%","_seopress_titles_desc":"%%post_content%%","_seopress_robots_index":""},"product_cat":[55,15],"product_tag":[],"class_list":{"0":"post-28782","1":"product","2":"type-product","3":"status-publish","4":"has-post-thumbnail","6":"product_cat-recursos-humanos","7":"product_cat-uncategorized","9":"first","10":"instock","11":"downloadable","12":"virtual","13":"purchasable","14":"product-type-simple","15":"col-xs-6 col-sm-4","16":"col-mf-5","17":"un-5-cols"},"jetpack_sharing_enabled":true,"_links":{"self":[{"href":"https:\/\/portifolioos-prontos.com\/index.php\/wp-json\/wp\/v2\/product\/28782","targetHints":{"allow":["GET"]}}],"collection":[{"href":"https:\/\/portifolioos-prontos.com\/index.php\/wp-json\/wp\/v2\/product"}],"about":[{"href":"https:\/\/portifolioos-prontos.com\/index.php\/wp-json\/wp\/v2\/types\/product"}],"version-history":[{"count":2,"href":"https:\/\/portifolioos-prontos.com\/index.php\/wp-json\/wp\/v2\/product\/28782\/revisions"}],"predecessor-version":[{"id":46847,"href":"https:\/\/portifolioos-prontos.com\/index.php\/wp-json\/wp\/v2\/product\/28782\/revisions\/46847"}],"wp:featuredmedia":[{"embeddable":true,"href":"https:\/\/portifolioos-prontos.com\/index.php\/wp-json\/wp\/v2\/media\/28785"}],"wp:attachment":[{"href":"https:\/\/portifolioos-prontos.com\/index.php\/wp-json\/wp\/v2\/media?parent=28782"}],"wp:term":[{"taxonomy":"product_cat","embeddable":true,"href":"https:\/\/portifolioos-prontos.com\/index.php\/wp-json\/wp\/v2\/product_cat?post=28782"},{"taxonomy":"product_tag","embeddable":true,"href":"https:\/\/portifolioos-prontos.com\/index.php\/wp-json\/wp\/v2\/product_tag?post=28782"}],"curies":[{"name":"wp","href":"https:\/\/api.w.org\/{rel}","templated":true}]}}