{"id":28858,"date":"2024-08-09T15:52:07","date_gmt":"2024-08-09T18:52:07","guid":{"rendered":"https:\/\/portifolioos-prontos.com\/?post_type=product&#038;p=28858"},"modified":"2025-08-03T17:39:52","modified_gmt":"2025-08-03T20:39:52","slug":"projeto-integrado-inovacao-a-emporio-fit-s-a","status":"publish","type":"product","link":"https:\/\/portifolioos-prontos.com\/index.php\/product\/projeto-integrado-inovacao-a-emporio-fit-s-a\/","title":{"rendered":"Projeto Integrado Inova\u00e7\u00e3o &#8211; A Emp\u00f3rio Fit. S.A"},"content":{"rendered":"<h5>Projeto Integrado Inova\u00e7\u00e3o &#8211; A Emp\u00f3rio Fit. S.A<\/h5>\n<p>A Emp\u00f3rio Fit. S.A \u00e9 uma empresa familiar do ramo aliment\u00edcio, que est\u00e1 no mercado h\u00e1 15<br \/>\nanos e conta com 50 colaboradores nos mais diversos cargos: nutricionistas, vendedores, repositores,<br \/>\nentregadores, estoquistas, gerentes e pessoal administrativo. Alguns s\u00e3o vinculados diretamente a<br \/>\nempresa, outros s\u00e3o terceirizados e h\u00e1 ainda o processo de quarteiriza\u00e7\u00e3o para alguns cargos<br \/>\nespec\u00edficos. Nos cargos mais altos est\u00e3o pessoas da fam\u00edlia e at\u00e9 recentemente a diretoria n\u00e3o<br \/>\ncogitava desenvolver uma estrutura profissional de gest\u00e3o e fazia uso apenas dos servi\u00e7os prestados<br \/>\npor um escrit\u00f3rio cont\u00e1bil terceirizado, que realizava todas as rotinas de contrata\u00e7\u00e3o e demiss\u00e3o de<br \/>\npessoal e tamb\u00e9m era respons\u00e1vel pela folha de pagamento ap\u00f3s confer\u00eancia do cart\u00e3o de ponto.<br \/>\nA Emp\u00f3rio Fit comercializa suplementos alimentares e vitaminas e \u00e9 especializada em<br \/>\nprodutos naturais que auxiliam no emagrecimento, melhoria da pele, cabelos e unhas. Especialmente<br \/>\nnos \u00faltimos quatro anos, a empresa percebeu a necessidade de se reinventar, em fun\u00e7\u00e3o das<br \/>\nadapta\u00e7\u00f5es na din\u00e2mica do mercado e nas formas de trabalho, pela nova realidade p\u00f3s pandemia. O<br \/>\nDiretor da Emp\u00f3rio Fit, resolveu profissionalizar a gest\u00e3o e incluir novaslinhas de produtos com apelo<br \/>\ncomercial n\u00e3o somente de perda e manuten\u00e7\u00e3o de peso, mas principalmente de reposi\u00e7\u00e3o de<br \/>\nvitaminas e minerais adequados a cada pessoa. A concorr\u00eancia cresce e no segmento em que atua,<br \/>\nas mudan\u00e7as s\u00e3o constantes e requerem a\u00e7\u00f5es que levem aos resultados esperados: crescer, ser<br \/>\nlucrativa e manter-se neste competitivo mercado.<br \/>\nO seu maior p\u00fablico consumidor \u00e9 jovem, assim como o pessoal que trabalha na empresa.<br \/>\nDessa forma, o diretor da empresa, entre outras propostas, est\u00e1 come\u00e7ando a investir mais em seus<br \/>\ncolaboradores, pois reconhece a import\u00e2ncia de cuidar de pessoas para atingir os objetivos<br \/>\norganizacionais. Para ajud\u00e1-lo na implanta\u00e7\u00e3o do processo, contratou voc\u00ea para pesquisar sobre as<br \/>\npol\u00edticas de gest\u00e3o. Com o conhecimento que voc\u00ea agregar\u00e1 \u00e0 organiza\u00e7\u00e3o tamb\u00e9m ser\u00e3o definidas<br \/>\nestrat\u00e9gias e a\u00e7\u00f5es para valorizar o capital humano, atrair e reter os talentos, integrar as pessoas na<br \/>\norganiza\u00e7\u00e3o e melhorar o clima organizacional.<br \/>\nATIVIDADES<br \/>\nProjeto Integrado Inova\u00e7\u00e3o &#8211; Gest\u00e3o<br \/>\nPASSO 01:<br \/>\nNos anos iniciais de atua\u00e7\u00e3o, embora a Emp\u00f3rio Fit Embora ter implementado alguns<br \/>\nprocessos b\u00e1sicos de gest\u00e3o, incluindo aqueles relacionados \u00e0 gest\u00e3o de pessoas, visando a\u00e7\u00f5es<br \/>\nestrat\u00e9gicas e a busca por resultados. O investimento no desenvolvimento dos colaboradores \u00e9<br \/>\nfundamental, uma vez que quando eles t\u00eam um entendimento claro de sua import\u00e2ncia para o<br \/>\ncrescimento da empresa e se sentem valorizados por suas contribui\u00e7\u00f5es, isso impulsiona de maneira<br \/>\nsignificativa seu progresso.<br \/>\nVoc\u00ea deve ter pensado em v\u00e1rias hip\u00f3teses e possibilidades de ajudar. Realmente,<br \/>\nexistem diferentes a\u00e7\u00f5es com as quais se possa iniciar. Vamos come\u00e7ar a elencar algumas delas?<br \/>\nAs empresas utilizam termos que as diferem umas das outras. Funcion\u00e1rios e<br \/>\ncolaboradores s\u00e3o os mais comumente utilizados. Uma empresa que valoriza seus colaboradores<br \/>\ndeve permitir que eles tenham responsabilidade sobre suas a\u00e7\u00f5es e decis\u00f5es, e assim estabelecer<br \/>\nlimites e fazer o acompanhamento.<br \/>\na) A partir do que vimos at\u00e9 aqui, descreva qual a denomina\u00e7\u00e3o mais adequada voc\u00ea sugeriria<br \/>\npara se referir aos funcion\u00e1rios da Emp\u00f3rio Fit e justifique sua escolha. Depois, apresente no<br \/>\nm\u00ednimo tr\u00eas exemplos espec\u00edficos de atividades de n\u00edvel estrat\u00e9gico, que possam ser<br \/>\nrealizadas, impl\u00edcita ou explicitamente, na Emp\u00f3rio Fit, com vistas \u00e0 Gest\u00e3o de Pessoas.<br \/>\nb) Uma empresa deve empregar estrat\u00e9gias para atuar de forma a garantir sua manuten\u00e7\u00e3o no<br \/>\nmercado, e sabemos que as pessoas fazem, em grande parte, a diferen\u00e7a nesse aspecto.<br \/>\nEstabelecer estrat\u00e9gias, portanto, implica saber aonde se quer chegar e estabelecer a\u00e7\u00f5es<br \/>\nque, ao serem executadas, aproximam a empresa das metas estipuladas. Explique quais<br \/>\naspectos poderiam ser considerados na defini\u00e7\u00e3o da estrat\u00e9gia de expans\u00e3o da Emp\u00f3rio Fit e<br \/>\njustifique sua resposta considerando a rela\u00e7\u00e3o existente entre estrat\u00e9gia e pessoas.<br \/>\nProjeto Integrado Inova\u00e7\u00e3o &#8211; Gest\u00e3o<br \/>\nPASSO 02:<br \/>\nPara melhorar a gest\u00e3o e expandir os neg\u00f3cios o Diretor da Emp\u00f3rio Fit percebeu que<br \/>\nn\u00e3o tem dinheiro suficiente em caixa para esse investimento. Para isso, ser\u00e1 necess\u00e1rio realizar um<br \/>\nfinanciamento no valor de R$ 140.000,00. Foi realizada uma pesquisa em algumas institui\u00e7\u00f5es<br \/>\nfinanceiras para saber a taxa de juros cobrada, conforme a tabela a seguir:<br \/>\nBanco A Banco B Banco C<br \/>\nTaxa de juros 1,9% ao ano 2,5% ao ano 3,2% ao ano<br \/>\nN\u00fameros de parcelas 192 meses 144 meses 204 meses<br \/>\nAssim, de acordo com as taxas da tabela, voc\u00ea deve analisar cada uma das op\u00e7\u00f5es<br \/>\napresentadas, Banco A, B e C, com o intuito de apresentar a proposta mais vantajosa para a empresa.<br \/>\nPEDE-SE:<br \/>\na) O valor da presta\u00e7\u00e3o de cada uma das op\u00e7\u00f5es.<br \/>\nb) Apresentar qual banco que considera mais vantajoso a empresa realizar o financiamento,<br \/>\njustificando essa escolha.<br \/>\nPASSO 03<br \/>\nA Emp\u00f3rio Fit, est\u00e1 interessada em expandir sua linha de produtos, assim, decidiu<br \/>\nconduzir uma pesquisa de opini\u00e3o para avaliar quais novos itens seriam bem recebidos no mercado.<br \/>\nPara isso, utilizou-se um m\u00e9todo de amostragem convencional. A amostra consistiu em 200 pessoas<br \/>\ncom idades entre 18 e 30 anos. Cada entrevistado foi questionado sobre qual dos produtos listados<br \/>\neles estariam dispostos a comprar. Vale ressaltar que os participantes podiam escolher apenas um<br \/>\nproduto. Os resultados dessa pesquisa est\u00e3o apresentados na tabela a seguir:<br \/>\nProduto<br \/>\nQuantidade de pessoas que<br \/>\nescolheram o produto<br \/>\nSuplementos Multivitam\u00ednicos 40<br \/>\nSuplementos de \u00d4mega-3 35<br \/>\nSuplementos de Ferro 25<br \/>\nBarras de Nutri\u00e7\u00e3o 55<br \/>\nShakes 45<br \/>\nLembre-se que voc\u00ea atua no papel de consultor e, portanto, dever\u00e1 elaborar respostas<br \/>\nque sejam suficientemente bem redigidas &#8211; n\u00e3o simplesmente para atender o objetivo conceitual das<br \/>\nquest\u00f5es aqui apresentadas, mas textos que elucidem recomenda\u00e7\u00f5es significativas para uma<br \/>\nmudan\u00e7a de contexto organizacional da Emp\u00f3rio Fit.<br \/>\nProjeto Integrado Inova\u00e7\u00e3o &#8211; Gest\u00e3o<br \/>\nDessa lista de 5 produtos, apenas os que tiveram uma frequ\u00eancia relativa superior \u00e0 20%<br \/>\nser\u00e3o escolhidos para serem comercializados pela empresa. Para determinar quais s\u00e3o esses<br \/>\nprodutos, voc\u00ea deve construir uma tabela de distribui\u00e7\u00e3o de frequ\u00eancia sem classe, bem como o<br \/>\nhistograma. A partir da an\u00e1lise do histograma e da tabela de distribui\u00e7\u00e3o de frequ\u00eancia indique quais<br \/>\ns\u00e3o os produtos que devem ser comercializados pela empresa.<br \/>\nPASSO 04<br \/>\nAo fazer a terceiriza\u00e7\u00e3o de atividades, a Emp\u00f3rio Fit S.A tomou uma decis\u00e3o estrat\u00e9gica<br \/>\nque pode impactar significativamente seus processos operacionais e legais. A terceiriza\u00e7\u00e3o, embora<br \/>\nofere\u00e7a vantagens como redu\u00e7\u00e3o de custos e foco no core business, tamb\u00e9m traz consigo uma s\u00e9rie<br \/>\nde desafios e responsabilidades legais que n\u00e3o podem ser ignorados. Neste contexto, \u00e9 essencial que<br \/>\na Emp\u00f3rio Fit adote uma abordagem cautelosa e diligente, considerando os cuidados necess\u00e1rios<br \/>\npara mitigar os riscos associados \u00e0 terceiriza\u00e7\u00e3o e garantir a conformidade com a legisla\u00e7\u00e3o<br \/>\ntrabalhista, previdenci\u00e1ria, tribut\u00e1ria e consumerista. Neste passo, exploraremos os principais<br \/>\ncuidados legais que a Emp\u00f3rio Fit deve observar ao terceirizar suas atividades, bem como as<br \/>\nestrat\u00e9gias para mitigar os riscos e proteger os interesses da empresa e de seus colaboradores:<br \/>\na) Quais s\u00e3o os principais cuidados legais que a Emp\u00f3rio Fit deve considerar ao terceirizar suas<br \/>\natividades? \u00c9 necess\u00e1rio abranger as quest\u00f5es relacionadas com o Contrato de Presta\u00e7\u00e3o de<br \/>\nServi\u00e7os, a Responsabilidade Trabalhista e a Seguran\u00e7a do Trabalho.<br \/>\nb) Como a Emp\u00f3rio Fit pode mitigar os riscos associados \u00e0 terceiriza\u00e7\u00e3o de atividades? Aborde a<br \/>\nquest\u00e3o da comunica\u00e7\u00e3o com a empresa terceirizada bem como a realiza\u00e7\u00e3o de auditorias<br \/>\ndentro da Emp\u00f3rio Fit.<br \/>\nProjeto Integrado Inova\u00e7\u00e3o &#8211; Gest\u00e3o<br \/>\nREFER\u00caNCIAS PARA ATIVIDADE:<br \/>\nAVONA, Marcia Eloisa. Gest\u00e3o de Pessoas. Londrina: Editora e Distribuidora Educacional S.A., 2015.<br \/>\nAZEVEDO, G. H. W. Matem\u00e1tica financeira: princ\u00edpios e aplica\u00e7\u00f5es. S\u00e3o Paulo: Saraiva, 2015.<br \/>\nDispon\u00edvel em: https:\/\/integrada.minhabiblioteca.com.br\/reader\/books\/9788502632202<br \/>\nCRESPO, Ant\u00f4nio A. Estat\u00edstica f\u00e1cil. Editora Saraiva, 2009. E-book. ISBN 9788502122345.<br \/>\nDispon\u00edvel em: https:\/\/integrada.minhabiblioteca.com.br\/#\/books\/9788502122345\/ Acesso em: 24<br \/>\nabr. 2024.<br \/>\nGUIA TRABALHISTA. Cuidados na terceiriza\u00e7\u00e3o de atividades! Dispon\u00edvel em:<br \/>\nhttps:\/\/www.guiatrabalhista.com.br\/tematicas\/perigosdeterceirizar.htm Acesso em 25 abr. 2024.<br \/>\nHAZZAN, Samuel; POMPEO, Jos\u00e9 Nicolau. Matem\u00e1tica financeira. Saraiva Educa\u00e7\u00e3o SA, 2017.<br \/>\nDispon\u00edvel em: https:\/\/integrada.minhabiblioteca.com.br\/reader\/books\/9788502618176\/pageid\/0<br \/>\nLARSON, Roland Edwin; FARBER, Betsy. Estat\u00edstica aplicada. 6. ed. S\u00e3o Paulo: Pearson, 2015. Ebook. Dispon\u00edvel em: https:\/\/plataforma.bvirtual.com.br Acesso em: 24 abr. 2024.<br \/>\nRH COOPERA. Os cuidados com a terceiriza\u00e7\u00e3o. Dispon\u00edvel em:<\/p>\n<blockquote class=\"wp-embedded-content\" data-secret=\"D2OI55wEDL\"><p><a href=\"https:\/\/mundocoop.com.br\/destaques-da-revista\/rh-coopera\/os-cuidados-com-a-terceirizacao\/\">Os cuidados com a terceiriza\u00e7\u00e3o<\/a><\/p><\/blockquote>\n<p><iframe class=\"wp-embedded-content\" sandbox=\"allow-scripts\" security=\"restricted\" style=\"position: absolute; visibility: hidden;\" title=\"&#8220;Os cuidados com a terceiriza\u00e7\u00e3o&#8221; &#8212; MundoCoop - O Portal de Not\u00edcias do Cooperativismo\" src=\"https:\/\/mundocoop.com.br\/destaques-da-revista\/rh-coopera\/os-cuidados-com-a-terceirizacao\/embed\/#?secret=AOPcIeHbRH#?secret=D2OI55wEDL\" data-secret=\"D2OI55wEDL\" width=\"600\" height=\"338\" frameborder=\"0\" marginwidth=\"0\" marginheight=\"0\" scrolling=\"no\"><\/iframe><br \/>\nAcesso em 24. Abr. 2024.<br \/>\nSILVA, Otavio Pinto. Terceiriza\u00e7\u00e3o e reforma trabalhista. Revista do Tribunal Regional do Trabalho<br \/>\nda 15\u00aa Regi\u00e3o, n. 51, 2017. Dispon\u00edvel em:<br \/>\nhttps:\/\/juslaboris.tst.jus.br\/bitstream\/handle\/20.500.12178\/125416\/2017_silva_otavio_terceirizac<br \/>\nao_reforma.pdf?sequence=1&amp;isAllowed=y Acesso em 25. Abr. 2024.<\/p>\n<div class=\"elementor-toggle-item\">\n<div class=\"elementor-toggle-item\">\n<p id=\"elementor-tab-title-1941\" class=\"elementor-tab-title elementor-active\" tabindex=\"0\" role=\"tab\" data-tab=\"1\" aria-controls=\"elementor-tab-content-1941\" aria-expanded=\"true\" aria-selected=\"true\"><strong>Como funciona?<\/strong><\/p>\n<p>Elaboramos os portf\u00f3lios, j\u00e1 deixamos prontos, nas normas da ABNT e conforme os requisitos da universidade. F\u00e1cil assim! O MELHOR \u00c9 QUE VOC\u00ca COMPRA E J\u00c1 BAIXA NA HORA O SEU ARQUIVO EM WORD! Sabemos que conciliar trabalho, fam\u00edlia, vida profissional e estudos \u00e9 dif\u00edcil hoje em dia, por isso, estamos aqui para ajudar voc\u00ea. Conte com nossa qualidade, experi\u00eancia e profissionalismo adquirindo seu portf\u00f3lio conosco. GARANTIMOS SEU CONCEITO!<\/p>\n<p><strong>Como se realizam os envios?<\/strong><\/p>\n<\/div>\n<p id=\"elementor-tab-content-1942\" class=\"elementor-tab-content elementor-clearfix elementor-active\" role=\"tabpanel\" data-tab=\"2\" aria-labelledby=\"elementor-tab-title-1942\">O seu trabalho \u00e9 disponibilizado pronto, respondido e nas normas j\u00e1 na mesma hora aqui em nosso site na sua \u00e1rea de downloads e tamb\u00e9m no seu e-mail.<\/p>\n<p><strong>Em quanto tempo recebo o portf\u00f3lio?<\/strong><\/p>\n<p>Os envios s\u00e3o imediatos. Ap\u00f3s sua compra, o trabalho j\u00e1 \u00e9 disponibilizado instantaneamente aqui em nosso site e no seu e-mail.<\/p>\n<p><strong>E se o portf\u00f3lio que comprei precisar de corre\u00e7\u00e3o?<\/strong><\/p>\n<p>Caso haja alguma solicita\u00e7\u00e3o de corre\u00e7\u00e3o\/altera\u00e7\u00e3o por parte do tutor, basta entrar em contato conosco pelo\u00a0WhatsApp\u00a0que provid\u00eanciaremos sem custo algum.<\/p>\n<p><strong>Qual o formato do arquivo?<\/strong><\/p>\n<p>Os arquivos s\u00e3o enviados em formato Word e s\u00e3o edit\u00e1veis.<\/p>\n<p><strong>Caso eu tiver alguma d\u00favida, terei suporte no p\u00f3s venda?<\/strong><\/p>\n<p>Sim, com certeza. Basta clicar no \u00edcone do WhatsApp no cantinho da tela. Ser\u00e1 um prazer atend\u00ea-lo(a).<\/p>\n<div id=\"elementor-tab-content-1948\" class=\"elementor-tab-content elementor-clearfix elementor-active\" role=\"tabpanel\" data-tab=\"8\" aria-labelledby=\"elementor-tab-title-1948\">\n<p><strong>Quais os seus canais de contato?<\/strong><\/p>\n<\/div>\n<div id=\"elementor-tab-content-1949\" class=\"elementor-tab-content elementor-clearfix elementor-active\" role=\"tabpanel\" data-tab=\"9\" aria-labelledby=\"elementor-tab-title-1949\">\n<p>Whatsapp: 53 984751621 \u2013 Clicar no canto da tela ou ESCANEIE O QRCODE ABAIXO<\/p>\n<h4><img decoding=\"async\" class=\"alignnone wp-image-13699 jetpack-lazy-image jetpack-lazy-image--handled\" src=\"https:\/\/i0.wp.com\/portifolioos-prontos.com\/wp-content\/uploads\/2023\/02\/whatsapp-business-projeto-de-extensao-300x300.jpeg?resize=144%2C144\" sizes=\"(max-width: 144px) 100vw, 144px\" srcset=\"https:\/\/i0.wp.com\/portifolioos-prontos.com\/wp-content\/uploads\/2023\/02\/whatsapp-business-projeto-de-extensao.jpeg?resize=300%2C301&amp;ssl=1 300w, https:\/\/i0.wp.com\/portifolioos-prontos.com\/wp-content\/uploads\/2023\/02\/whatsapp-business-projeto-de-extensao.jpeg?resize=150%2C150&amp;ssl=1 150w, https:\/\/i0.wp.com\/portifolioos-prontos.com\/wp-content\/uploads\/2023\/02\/whatsapp-business-projeto-de-extensao.jpeg?resize=370%2C372&amp;ssl=1 370w, https:\/\/i0.wp.com\/portifolioos-prontos.com\/wp-content\/uploads\/2023\/02\/whatsapp-business-projeto-de-extensao.jpeg?resize=100%2C100&amp;ssl=1 100w, https:\/\/i0.wp.com\/portifolioos-prontos.com\/wp-content\/uploads\/2023\/02\/whatsapp-business-projeto-de-extensao.jpeg?w=470&amp;ssl=1 470w\" alt=\"projeto de extens\u00e3o unopar\" width=\"144\" height=\"144\" data-lazy-loaded=\"1\" \/><\/h4>\n<\/div>\n<div class=\"elementor-toggle-item\">\n<div id=\"elementor-tab-content-1949\" class=\"elementor-tab-content elementor-clearfix elementor-active\" role=\"tabpanel\" data-tab=\"9\" aria-labelledby=\"elementor-tab-title-1949\">\n<p>E-mail:portifoliosp@gmail.com<\/p>\n<div id=\"attachment_143\" class=\"wp-caption alignnone\">\n<div id=\"attachment_143\" class=\"wp-caption alignnone\">\n<p id=\"caption-attachment-143\" class=\"wp-caption-text\"><a href=\"http:\/\/portfolio-pronto.com\/\">Portf\u00f3lio<\/a>\u00a0em Word, respondido, completo e j\u00e1 nas normas<\/p>\n<\/div>\n<\/div>\n<\/div>\n<\/div>\n<\/div>\n","protected":false},"excerpt":{"rendered":"<div class=\"product-short-description\">\n<div class=\"product-short-description\">\n<p><strong>Pague pelo PIX ou cart\u00e3o e fa\u00e7a o download agora mesmo.<\/strong><\/p>\n<\/div>\n<div class=\"sticky-add-to-cart-wrapper\">\n<div class=\"sticky-add-to-cart\">\n<p class=\"quantity buttons_added form-flat\"><img decoding=\"async\" class=\"lazyloaded smush-image-5 smush-image-3 smush-image-4 smush-detected-img smush-image-bigger-3\" src=\"https:\/\/d26lpennugtm8s.cloudfront.net\/assets\/common\/img\/logos\/payment\/visa@2x.png\" width=\"46\" height=\"29\" data-src=\"https:\/\/d26lpennugtm8s.cloudfront.net\/assets\/common\/img\/logos\/payment\/visa@2x.png\" \/><img decoding=\"async\" class=\"lazyloaded smush-image-6 smush-image-4 smush-image-5 smush-detected-img smush-image-bigger-4\" src=\"https:\/\/d26lpennugtm8s.cloudfront.net\/assets\/common\/img\/logos\/payment\/boleto@2x.png\" width=\"43\" height=\"27\" data-src=\"https:\/\/d26lpennugtm8s.cloudfront.net\/assets\/common\/img\/logos\/payment\/boleto@2x.png\" \/><img loading=\"lazy\" decoding=\"async\" class=\"lazyloaded smush-image-7 smush-image-5 smush-image-6 smush-detected-img smush-image-bigger-5\" src=\"https:\/\/d26lpennugtm8s.cloudfront.net\/assets\/common\/img\/logos\/payment\/mastercard@2x.png\" width=\"43\" height=\"27\" data-src=\"https:\/\/d26lpennugtm8s.cloudfront.net\/assets\/common\/img\/logos\/payment\/mastercard@2x.png\" \/><img loading=\"lazy\" decoding=\"async\" class=\"lazyloaded smush-image-8 smush-image-6 smush-image-7 smush-detected-img smush-image-bigger-6\" src=\"https:\/\/d26lpennugtm8s.cloudfront.net\/assets\/common\/img\/logos\/payment\/amex@2x.png\" width=\"43\" height=\"27\" data-src=\"https:\/\/d26lpennugtm8s.cloudfront.net\/assets\/common\/img\/logos\/payment\/amex@2x.png\" \/><img loading=\"lazy\" decoding=\"async\" class=\"lazyloaded smush-image-9 smush-image-7 smush-image-8 smush-detected-img smush-image-bigger-7\" src=\"https:\/\/d26lpennugtm8s.cloudfront.net\/assets\/common\/img\/logos\/payment\/diners@2x.png\" width=\"46\" height=\"29\" data-src=\"https:\/\/d26lpennugtm8s.cloudfront.net\/assets\/common\/img\/logos\/payment\/diners@2x.png\" \/><img loading=\"lazy\" decoding=\"async\" class=\"lazyloaded smush-image-10 smush-image-8 smush-image-9 alignnone smush-detected-img smush-image-bigger-8\" src=\"https:\/\/d26lpennugtm8s.cloudfront.net\/assets\/common\/img\/logos\/payment\/br\/elo@2x.png\" alt=\"portf\u00f3lio unopar anhanguera\" width=\"45\" height=\"28\" data-src=\"https:\/\/d26lpennugtm8s.cloudfront.net\/assets\/common\/img\/logos\/payment\/br\/elo@2x.png\" \/><img loading=\"lazy\" decoding=\"async\" class=\"lazyloaded smush-image-11 smush-image-9 smush-image-10 alignnone smush-detected-img smush-image-bigger-9\" src=\"https:\/\/d26lpennugtm8s.cloudfront.net\/assets\/common\/img\/logos\/payment\/br\/hipercard@2x.png\" alt=\"portf\u00f3lio unopar anhanguera\" width=\"44\" height=\"28\" data-src=\"https:\/\/d26lpennugtm8s.cloudfront.net\/assets\/common\/img\/logos\/payment\/br\/hipercard@2x.png\" \/><img loading=\"lazy\" decoding=\"async\" class=\"lazyloaded smush-image-12 smush-image-10 smush-image-11 alignnone smush-detected-img smush-image-bigger-10\" src=\"https:\/\/d26lpennugtm8s.cloudfront.net\/assets\/common\/img\/logos\/payment\/mercadopago@2x.png\" alt=\"portf\u00f3lio unopar anhanguera\" width=\"45\" height=\"28\" data-src=\"https:\/\/d26lpennugtm8s.cloudfront.net\/assets\/common\/img\/logos\/payment\/mercadopago@2x.png\" \/><img loading=\"lazy\" decoding=\"async\" class=\"alignnone lazyloaded smush-detected-img smush-image-bigger-11\" src=\"https:\/\/futurium.com.br\/wp-content\/uploads\/2021\/06\/logo-pix-icone-512.png\" alt=\"portfolio pronto\" width=\"30\" height=\"30\" data-src=\"https:\/\/futurium.com.br\/wp-content\/uploads\/2021\/06\/logo-pix-icone-512.png\" \/><\/p>\n<\/div>\n<\/div>\n<\/div>\n","protected":false},"featured_media":28868,"template":"","meta":{"_seopress_robots_primary_cat":"none","_seopress_titles_title":"%%post_title%% %%sitetitle%%","_seopress_titles_desc":"%%post_content%%","_seopress_robots_index":""},"product_cat":[48,764,55,15],"product_tag":[],"class_list":{"0":"post-28858","1":"product","2":"type-product","3":"status-publish","4":"has-post-thumbnail","6":"product_cat-logistica","7":"product_cat-projeto-integrado-inovacao-gestao","8":"product_cat-recursos-humanos","9":"product_cat-uncategorized","11":"first","12":"instock","13":"downloadable","14":"virtual","15":"purchasable","16":"product-type-simple","17":"col-xs-6 col-sm-4","18":"col-mf-5","19":"un-5-cols"},"jetpack_sharing_enabled":true,"_links":{"self":[{"href":"https:\/\/portifolioos-prontos.com\/index.php\/wp-json\/wp\/v2\/product\/28858","targetHints":{"allow":["GET"]}}],"collection":[{"href":"https:\/\/portifolioos-prontos.com\/index.php\/wp-json\/wp\/v2\/product"}],"about":[{"href":"https:\/\/portifolioos-prontos.com\/index.php\/wp-json\/wp\/v2\/types\/product"}],"version-history":[{"count":0,"href":"https:\/\/portifolioos-prontos.com\/index.php\/wp-json\/wp\/v2\/product\/28858\/revisions"}],"wp:featuredmedia":[{"embeddable":true,"href":"https:\/\/portifolioos-prontos.com\/index.php\/wp-json\/wp\/v2\/media\/28868"}],"wp:attachment":[{"href":"https:\/\/portifolioos-prontos.com\/index.php\/wp-json\/wp\/v2\/media?parent=28858"}],"wp:term":[{"taxonomy":"product_cat","embeddable":true,"href":"https:\/\/portifolioos-prontos.com\/index.php\/wp-json\/wp\/v2\/product_cat?post=28858"},{"taxonomy":"product_tag","embeddable":true,"href":"https:\/\/portifolioos-prontos.com\/index.php\/wp-json\/wp\/v2\/product_tag?post=28858"}],"curies":[{"name":"wp","href":"https:\/\/api.w.org\/{rel}","templated":true}]}}