{"id":28897,"date":"2024-08-12T19:36:44","date_gmt":"2024-08-12T22:36:44","guid":{"rendered":"https:\/\/portifolioos-prontos.com\/?post_type=product&#038;p=28897"},"modified":"2025-08-03T17:40:03","modified_gmt":"2025-08-03T20:40:03","slug":"projeto-integrado-gestao-da-producao-industrial-solaris-energias-renovaveis","status":"publish","type":"product","link":"https:\/\/portifolioos-prontos.com\/index.php\/product\/projeto-integrado-gestao-da-producao-industrial-solaris-energias-renovaveis\/","title":{"rendered":"Projeto integrado Gest\u00e3o da Produ\u00e7\u00e3o Industrial \u2013 Solaris Energias Renov\u00e1veis"},"content":{"rendered":"<h5>Projeto integrado Gest\u00e3o da produ\u00e7\u00e3o industrial \u2013 Solaris Energias Renov\u00e1veis<\/h5>\n<hr \/>\n<p>A proposta de Projeto Integrado \u00e9 possibilitar a aprendizagem interdisciplinar dos conte\u00fados<br \/>\ndesenvolvidos nas disciplinas desse semestre.<\/p>\n<p>SITUA\u00c7\u00c3O PROPOSTA<br \/>\nA Solaris Energias Renov\u00e1veis, uma empresa brasileira l\u00edder no setor de energia solar, est\u00e1 em<br \/>\num momento \u00edmpar de sua hist\u00f3ria. A constru\u00e7\u00e3o de uma nova f\u00e1brica em uma regi\u00e3o marcada por<br \/>\ndesafios socioecon\u00f4micos e de infraestrutura apresenta um desafio multifacetado, que vai desde a<br \/>\notimiza\u00e7\u00e3o da tecnologia de seus pain\u00e9is solares at\u00e9 a gest\u00e3o de pessoas e o impacto social na<br \/>\ncomunidade local.<br \/>\nA crescente demanda por energia limpa, impulsionada pela conscientiza\u00e7\u00e3o ambiental e pelas<br \/>\npol\u00edticas de incentivo governamentais, imp\u00f5e \u00e0 Solaris a necessidade de aprimorar a efici\u00eancia de<br \/>\nseus pain\u00e9is solares. Isso exige a cria\u00e7\u00e3o de novas solu\u00e7\u00f5es tecnol\u00f3gicas que maximizem a capta\u00e7\u00e3o<br \/>\ne a convers\u00e3o da energia solar, al\u00e9m de desenvolver um design que seja tanto funcional quanto<br \/>\nesteticamente atraente. Esses pain\u00e9is precisam ser projetados para inclina\u00e7\u00e3o ideal, resist\u00eancia a<br \/>\ncondi\u00e7\u00f5es clim\u00e1ticas adversas e facilidade de instala\u00e7\u00e3o.<br \/>\nA constru\u00e7\u00e3o da nova f\u00e1brica tamb\u00e9m implica a contrata\u00e7\u00e3o e o treinamento de uma equipe<br \/>\ndiversificada, composta por engenheiros, t\u00e9cnicos e oper\u00e1rios. A Solaris precisa ir al\u00e9m do simples<br \/>\nrecrutamento e sele\u00e7\u00e3o de talentos locais; \u00e9 essencial oferecer programas de treinamento t\u00e9cnico e<br \/>\nPROJETO INTEGRADO<br \/>\ncapacita\u00e7\u00e3o em seguran\u00e7a do trabalho, al\u00e9m de criar um ambiente de trabalho inclusivo e motivador<br \/>\nque valorize a diversidade cultural e social da regi\u00e3o<br \/>\nParalelamente, a empresa coleta uma vasta quantidade de dados sobre a produ\u00e7\u00e3o, o<br \/>\ndesempenho dos pain\u00e9is solares, as condi\u00e7\u00f5es clim\u00e1ticas e o feedback dos clientes. A an\u00e1lise<br \/>\nestat\u00edstica rigorosa desses dados \u00e9 essencial para identificar padr\u00f5es, prever falhas, otimizar a<br \/>\nprodu\u00e7\u00e3o e tomar decis\u00f5es estrat\u00e9gicas embasadas em evid\u00eancias. Utilizando ferramentas<br \/>\nestat\u00edsticas, a Solaris pode garantir a qualidade de seus produtos, melhorar a efici\u00eancia energ\u00e9tica e<br \/>\nantecipar as necessidades do mercado, impulsionando a inova\u00e7\u00e3o e o crescimento sustent\u00e1vel.<br \/>\nAl\u00e9m disso, a responsabilidade social e a cidadania corporativa s\u00e3o pilares fundamentais da<br \/>\natua\u00e7\u00e3o da empresa. Construir a f\u00e1brica em uma regi\u00e3o com hist\u00f3rico de desigualdade social exige<br \/>\num compromisso genu\u00edno com o desenvolvimento da comunidade local. A empresa precisa<br \/>\nimplementar projetos que v\u00e3o al\u00e9m da gera\u00e7\u00e3o de empregos, como programas de educa\u00e7\u00e3o<br \/>\nambiental, apoio a iniciativas de desenvolvimento sustent\u00e1vel e parcerias com organiza\u00e7\u00f5es locais. \u00c9<br \/>\nimperativo que a Solaris opere de forma \u00e9tica e transparente, respeitando os direitos humanos, as<br \/>\nleis trabalhistas e as normas ambientais, contribuindo para um futuro mais justo e equitativo para<br \/>\ntodos.<br \/>\nA Solaris Energias Renov\u00e1veis tem a oportunidade de se tornar um modelo de empresa que<br \/>\nalia tecnologia de ponta, gest\u00e3o humanizada e responsabilidade social. Ao enfrentar esses desafios<br \/>\nde forma integrada e hol\u00edstica, a empresa n\u00e3o apenas consolidar\u00e1 sua lideran\u00e7a no setor de energia<br \/>\nsolar, mas tamb\u00e9m deixar\u00e1 um legado positivo para as futuras gera\u00e7\u00f5es, contribuindo para a<br \/>\nconstru\u00e7\u00e3o de um Brasil mais sustent\u00e1vel e socialmente justo.<br \/>\nATIVIDADES<br \/>\nATIVIDADE 1<br \/>\nA Solaris Energias Renov\u00e1veis est\u00e1 desenvolvendo um novo painel solar e precisa calcular a<br \/>\nefici\u00eancia energ\u00e9tica do painel. Considere que a empresa est\u00e1 testando um prot\u00f3tipo de painel solar<br \/>\nde 2 m\u00b2 que recebe uma irradi\u00e2ncia solar constante de 1000 W\/m\u00b2. Durante o teste, o painel converte<br \/>\n15% da energia solar recebida em energia el\u00e9trica \u00fatil. O painel fica exposto ao sol por 12 horas<br \/>\ndiariamente.<br \/>\nPROJETO INTEGRADO<br \/>\nSobre esse contexto, responda:<br \/>\n\uf0b7 Qual \u00e9 a pot\u00eancia total recebida pelo painel solar?<br \/>\n\uf0b7 Qual \u00e9 a pot\u00eancia el\u00e9trica gerada pelo painel solar, considerando a efici\u00eancia de convers\u00e3o de<br \/>\n15%?<br \/>\n\uf0b7 Qual \u00e9 a quantidade de energia el\u00e9trica produzida pelo painel solar em um dia, em watt-hora<br \/>\n(Wh)?<br \/>\n\uf0b7 Converta a quantidade de energia el\u00e9trica produzida em um dia para quilowatt-hora (kWh).<br \/>\n\uf0b7 Se a efici\u00eancia do painel solar aumentasse para 20%, qual seria a nova pot\u00eancia el\u00e9trica<br \/>\ngerada?<br \/>\n\uf0b7 Com a nova efici\u00eancia (20%), qual seria a quantidade de energia el\u00e9trica produzida em um dia<br \/>\n(em kWh)?<br \/>\n\uf0b7 Suponha que devido a condi\u00e7\u00f5es clim\u00e1ticas, o painel solar s\u00f3 recebe irradi\u00e2ncia solar durante<br \/>\n10 horas por dia. Qual seria a quantidade de energia el\u00e9trica produzida em um dia (em kWh)<br \/>\ncom a efici\u00eancia original de 15%?<br \/>\n\uf0b7 Como essa altera\u00e7\u00e3o afetaria a quantidade total de energia produzida em um m\u00eas de 30 dias?<br \/>\n\uf0b7 Se outro painel solar de mesma \u00e1rea tiver uma efici\u00eancia de 18%, qual seria a diferen\u00e7a de<br \/>\nenergia produzida em um dia comparado ao painel com 15% de efici\u00eancia?<br \/>\n\uf0b7 Em um ano (365 dias), quanto mais energia o painel de 18% de efici\u00eancia produziria em<br \/>\ncompara\u00e7\u00e3o ao painel de 15% de efici\u00eancia?<br \/>\nATIVIDADE 2<br \/>\nA Solaris Energias Renov\u00e1veis est\u00e1 desenvolvendo um novo painel solar e precisa criar<br \/>\ndesenhos t\u00e9cnicos detalhados para a fabrica\u00e7\u00e3o do prot\u00f3tipo. Considere as especifica\u00e7\u00f5es do painel<br \/>\nsolar de 2 m\u00b2, que tem uma forma retangular e deve ser instalado com uma inclina\u00e7\u00e3o espec\u00edfica para<br \/>\notimizar a capta\u00e7\u00e3o de energia solar. Dados:<br \/>\n\uf0b7 \u00c1rea do painel solar: 2 m\u00b2<br \/>\n\uf0b7 Dimens\u00f5es desejadas: 2 m de comprimento x 1 m de largura<br \/>\n\uf0b7 Inclina\u00e7\u00e3o ideal para a instala\u00e7\u00e3o: 30 graus em rela\u00e7\u00e3o ao solo<br \/>\n\uf0b7 Espessura do painel: 0,05 m<br \/>\nPROJETO INTEGRADO<br \/>\n\uf0b7 Estrutura de suporte: deve ser desenhada para suportar a inclina\u00e7\u00e3o e o peso do painel<br \/>\nSobre esse contexto, esboce:<br \/>\nVista Frontal e Vista Superior:<br \/>\n\uf0b7 Desenhe a vista frontal do painel solar, incluindo a inclina\u00e7\u00e3o de 30 graus em rela\u00e7\u00e3o ao solo.<br \/>\n\uf0b7 Desenhe a vista superior do painel solar, indicando as dimens\u00f5es do painel.<br \/>\nVista Lateral e Se\u00e7\u00e3o Transversal:<br \/>\n\uf0b7 Desenhe a vista lateral do painel solar, mostrando a estrutura de suporte e a inclina\u00e7\u00e3o do<br \/>\npainel.<br \/>\n\uf0b7 Desenhe uma se\u00e7\u00e3o transversal do painel solar, mostrando a espessura do painel e a estrutura<br \/>\nde suporte.<br \/>\nDetalhamento da Estrutura de Suporte:<br \/>\n\uf0b7 Desenhe um detalhe ampliado da jun\u00e7\u00e3o entre o painel solar e a estrutura de suporte,<br \/>\nincluindo as fixa\u00e7\u00f5es.<br \/>\n\uf0b7 Desenhe a estrutura de suporte em vista explodida, mostrando todas as partes e como elas<br \/>\nse encaixam.<br \/>\nIsom\u00e9trico:<br \/>\n\uf0b7 Desenhe uma vista isom\u00e9trica do painel solar com a estrutura de suporte, indicando<br \/>\nclaramente a inclina\u00e7\u00e3o e as dimens\u00f5es.<br \/>\nATIVIDADE 3<br \/>\nA Solaris Energias Renov\u00e1veis est\u00e1 expandindo suas opera\u00e7\u00f5es com a constru\u00e7\u00e3o de uma nova<br \/>\nf\u00e1brica em uma regi\u00e3o com desafios socioecon\u00f4micos. Para garantir o sucesso da nova unidade, a<br \/>\nempresa precisa desenvolver uma estrat\u00e9gia eficaz de gest\u00e3o de pessoas, que inclua recrutamento,<br \/>\ntreinamento e desenvolvimento, al\u00e9m de promover um ambiente de trabalho inclusivo e motivador.<br \/>\nA nova f\u00e1brica precisar\u00e1 de uma equipe diversificada, composta por engenheiros, t\u00e9cnicos e<br \/>\noper\u00e1rios. A regi\u00e3o onde a f\u00e1brica ser\u00e1 constru\u00edda tem uma alta taxa de desemprego, mas a m\u00e3o de<br \/>\nPROJETO INTEGRADO<br \/>\nobra local carece de qualifica\u00e7\u00e3o espec\u00edfica para a ind\u00fastria solar. Portanto, a Solaris n\u00e3o s\u00f3 deve<br \/>\ncontratar, mas tamb\u00e9m treinar e desenvolver esses novos funcion\u00e1rios, garantindo que eles<br \/>\nadquiram as habilidades necess\u00e1rias. Al\u00e9m disso, a empresa quer promover um ambiente de trabalho<br \/>\nque valorize a diversidade e a inclus\u00e3o.<br \/>\nSobre este contexto, responda:<br \/>\nRecrutamento e Sele\u00e7\u00e3o:<br \/>\n\uf0b7 Quais s\u00e3o as melhores pr\u00e1ticas para atrair candidatos qualificados em uma regi\u00e3o com alta<br \/>\ntaxa de desemprego e pouca qualifica\u00e7\u00e3o espec\u00edfica?<br \/>\n\uf0b7 Como a Solaris pode utilizar t\u00e9cnicas de sele\u00e7\u00e3o para identificar os candidatos com maior<br \/>\npotencial para desenvolver as habilidades necess\u00e1rias?<br \/>\nTreinamento e Desenvolvimento:<br \/>\n\uf0b7 Quais tipos de programas de treinamento seriam mais eficazes para capacitar a m\u00e3o de obra<br \/>\nlocal nas habilidades espec\u00edficas exigidas pela ind\u00fastria solar?<br \/>\n\uf0b7 Como a Solaris pode medir a efic\u00e1cia desses programas de treinamento?<br \/>\nAmbiente de Trabalho Inclusivo:<br \/>\n\uf0b7 Quais s\u00e3o as principais estrat\u00e9gias que a Solaris pode implementar para promover um<br \/>\nambiente de trabalho inclusivo e motivador?<br \/>\n\uf0b7 Como a empresa pode garantir que as pol\u00edticas de diversidade e inclus\u00e3o sejam efetivamente<br \/>\nimplementadas e respeitadas por todos os funcion\u00e1rios?<br \/>\nDesenvolvimento de Carreira:<br \/>\n\uf0b7 De que forma a Solaris pode oferecer oportunidades de desenvolvimento de carreira para<br \/>\nseus funcion\u00e1rios, especialmente aqueles que s\u00e3o novos na ind\u00fastria?<br \/>\n\uf0b7 Como a empresa pode alinhar os objetivos individuais de carreira dos funcion\u00e1rios com os<br \/>\nobjetivos estrat\u00e9gicos da empresa?<br \/>\nReten\u00e7\u00e3o de Talentos:<br \/>\nProjeto integrado Gest\u00e3o da produ\u00e7\u00e3o industrial<\/p>\n<p>\uf0b7 Quais s\u00e3o as melhores pr\u00e1ticas para manter os funcion\u00e1rios motivados e engajados a longo<br \/>\nprazo?<br \/>\n\uf0b7 Como a Solaris pode utilizar feedback dos funcion\u00e1rios para melhorar continuamente o<br \/>\nambiente de trabalho e as pr\u00e1ticas de gest\u00e3o de pessoas?<br \/>\nATIVIDADE 4<br \/>\nA Solaris Energias Renov\u00e1veis est\u00e1 coletando dados sobre a produ\u00e7\u00e3o e o desempenho de<br \/>\nseus novos pain\u00e9is solares. A empresa deseja analisar esses dados para melhorar a efici\u00eancia dos<br \/>\npain\u00e9is e otimizar o processo de produ\u00e7\u00e3o. Para isso, coletou informa\u00e7\u00f5es sobre a produ\u00e7\u00e3o di\u00e1ria<br \/>\nde energia (em kWh) de 5 pain\u00e9is solares ao longo de 10 dias. Com esses dados, a Solaris pretende<br \/>\nrealizar an\u00e1lises estat\u00edsticas para identificar padr\u00f5es, varia\u00e7\u00f5es e poss\u00edveis melhorias.<br \/>\nQuest\u00f5es:<br \/>\nC\u00e1lculo da M\u00e9dia:<br \/>\n\uf0b7 Calcule a m\u00e9dia da produ\u00e7\u00e3o di\u00e1ria de energia para o Painel 1.<br \/>\n\uf0b7 Calcule a m\u00e9dia da produ\u00e7\u00e3o di\u00e1ria de energia para todos os 5 pain\u00e9is solares.<br \/>\nC\u00e1lculo do Desvio Padr\u00e3o:<br \/>\nProjeto integrado Gest\u00e3o da produ\u00e7\u00e3o industrial<\/p>\n<p>\uf0b7 Calcule a vari\u00e2ncia e o desvio padr\u00e3o da produ\u00e7\u00e3o di\u00e1ria de energia para o Painel 1.<br \/>\n\uf0b7 Calcule a vari\u00e2ncia e o desvio padr\u00e3o da produ\u00e7\u00e3o di\u00e1ria de energia para todos os 5 pain\u00e9is<br \/>\nsolares.<br \/>\nInterpreta\u00e7\u00e3o dos Resultados:<br \/>\n\uf0b7 O que a m\u00e9dia indica sobre a produ\u00e7\u00e3o di\u00e1ria de energia dos pain\u00e9is solares?<br \/>\n\uf0b7 Como o desvio padr\u00e3o pode ser usado para entender a variabilidade na produ\u00e7\u00e3o de energia<br \/>\ndos pain\u00e9is solares?<br \/>\nATIVIDADE 5<br \/>\nA Solaris Energias Renov\u00e1veis est\u00e1 expandindo suas opera\u00e7\u00f5es e construindo uma nova<br \/>\nf\u00e1brica em uma regi\u00e3o do Brasil com desafios socioecon\u00f4micos significativos. A empresa deseja<br \/>\ngarantir que suas opera\u00e7\u00f5es n\u00e3o sejam apenas economicamente bem-sucedidas, mas tamb\u00e9m<br \/>\ncontribuam positivamente para a comunidade local.<br \/>\nA nova f\u00e1brica trar\u00e1 muitos benef\u00edcios para a regi\u00e3o, incluindo a cria\u00e7\u00e3o de empregos e o<br \/>\ndesenvolvimento de infraestrutura. Al\u00e9m disso, a Solaris entende a import\u00e2ncia de atuar de maneira<br \/>\nsocialmente respons\u00e1vel, promovendo a cidadania e o bem-estar da comunidade local.<br \/>\nQuest\u00f5es:<br \/>\nImpacto Social:<br \/>\n\uf0b7 Quais s\u00e3o os principais impactos sociais positivos que a instala\u00e7\u00e3o da nova f\u00e1brica pode trazer<br \/>\npara a comunidade local?<br \/>\n\uf0b7 Quais s\u00e3o os poss\u00edveis impactos sociais negativos e como a Solaris pode mitig\u00e1-los?<br \/>\nResponsabilidade Social Corporativa:<br \/>\n\uf0b7 Quais s\u00e3o as melhores pr\u00e1ticas de responsabilidade social corporativa que a Solaris pode<br \/>\nadotar para promover a cidadania e o desenvolvimento sustent\u00e1vel na regi\u00e3o?<br \/>\n\uf0b7 Como a empresa pode envolver a comunidade local em suas iniciativas de responsabilidade<br \/>\nsocial?<br \/>\nPROJETO INTEGRADO<br \/>\nEduca\u00e7\u00e3o e Capacita\u00e7\u00e3o:<br \/>\n\uf0b7 De que forma a Solaris pode contribuir para a melhoria da educa\u00e7\u00e3o e capacita\u00e7\u00e3o profissional<br \/>\nna comunidade local?<br \/>\n\uf0b7 Que tipos de parcerias a empresa pode formar com institui\u00e7\u00f5es de ensino e ONGs para apoiar<br \/>\nessas iniciativas?<br \/>\nInclus\u00e3o e Diversidade:<br \/>\n\uf0b7 Como a Solaris pode garantir a inclus\u00e3o e diversidade na contrata\u00e7\u00e3o de funcion\u00e1rios para a<br \/>\nnova f\u00e1brica?<br \/>\n\uf0b7 Quais pol\u00edticas e pr\u00e1ticas a empresa pode implementar para criar um ambiente de trabalho<br \/>\ninclusivo e respeitoso?<br \/>\nParticipa\u00e7\u00e3o C\u00edvica:<br \/>\n\uf0b7 Quais estrat\u00e9gias a Solaris pode adotar para incentivar a participa\u00e7\u00e3o c\u00edvica e o engajamento<br \/>\ndos cidad\u00e3os na comunidade local?<br \/>\n\uf0b7 Como a empresa pode colaborar com governos locais e organiza\u00e7\u00f5es da sociedade civil para<br \/>\nfortalecer a cidadania e o desenvolvimento comunit\u00e1rio?<\/p>\n<div class=\"elementor-toggle-item\">\n<div class=\"elementor-toggle-item\">\n<p id=\"elementor-tab-title-1941\" class=\"elementor-tab-title elementor-active\" tabindex=\"0\" role=\"tab\" data-tab=\"1\" aria-controls=\"elementor-tab-content-1941\" aria-expanded=\"true\" aria-selected=\"true\"><strong>Como funciona?<\/strong><\/p>\n<p>Elaboramos os portf\u00f3lios, j\u00e1 deixamos prontos, nas normas da ABNT e conforme os requisitos da universidade. F\u00e1cil assim! O MELHOR \u00c9 QUE VOC\u00ca COMPRA E J\u00c1 BAIXA NA HORA O SEU ARQUIVO EM WORD! Sabemos que conciliar trabalho, fam\u00edlia, vida profissional e estudos \u00e9 dif\u00edcil hoje em dia, por isso, estamos aqui para ajudar voc\u00ea. Conte com nossa qualidade, experi\u00eancia e profissionalismo adquirindo seu portf\u00f3lio conosco. GARANTIMOS SEU CONCEITO!<\/p>\n<p><strong>Como se realizam os envios?<\/strong><\/p>\n<\/div>\n<p id=\"elementor-tab-content-1942\" class=\"elementor-tab-content elementor-clearfix elementor-active\" role=\"tabpanel\" data-tab=\"2\" aria-labelledby=\"elementor-tab-title-1942\">O seu trabalho \u00e9 disponibilizado pronto, respondido e nas normas j\u00e1 na mesma hora aqui em nosso site na sua \u00e1rea de downloads e tamb\u00e9m no seu e-mail.<\/p>\n<p><strong>Em quanto tempo recebo o portf\u00f3lio?<\/strong><\/p>\n<p>Os envios s\u00e3o imediatos. Ap\u00f3s sua compra, o trabalho j\u00e1 \u00e9 disponibilizado instantaneamente aqui em nosso site e no seu e-mail.<\/p>\n<p><strong>E se o portf\u00f3lio que comprei precisar de corre\u00e7\u00e3o?<\/strong><\/p>\n<p>Caso haja alguma solicita\u00e7\u00e3o de corre\u00e7\u00e3o\/altera\u00e7\u00e3o por parte do tutor, basta entrar em contato conosco pelo\u00a0WhatsApp\u00a0que provid\u00eanciaremos sem custo algum.<\/p>\n<p><strong>Qual o formato do arquivo?<\/strong><\/p>\n<p>Os arquivos s\u00e3o enviados em formato Word e s\u00e3o edit\u00e1veis.<\/p>\n<p><strong>Caso eu tiver alguma d\u00favida, terei suporte no p\u00f3s venda?<\/strong><\/p>\n<p>Sim, com certeza. Basta clicar no \u00edcone do WhatsApp no cantinho da tela. Ser\u00e1 um prazer atend\u00ea-lo(a).<\/p>\n<div id=\"elementor-tab-content-1948\" class=\"elementor-tab-content elementor-clearfix elementor-active\" role=\"tabpanel\" data-tab=\"8\" aria-labelledby=\"elementor-tab-title-1948\">\n<p><strong>Quais os seus canais de contato?<\/strong><\/p>\n<\/div>\n<div id=\"elementor-tab-content-1949\" class=\"elementor-tab-content elementor-clearfix elementor-active\" role=\"tabpanel\" data-tab=\"9\" aria-labelledby=\"elementor-tab-title-1949\">\n<p>Whatsapp: 53 984751621 \u2013 Clicar no canto da tela ou ESCANEIE O QRCODE ABAIXO<\/p>\n<h4><img decoding=\"async\" class=\"alignnone wp-image-13699 jetpack-lazy-image jetpack-lazy-image--handled\" src=\"https:\/\/i0.wp.com\/portifolioos-prontos.com\/wp-content\/uploads\/2023\/02\/whatsapp-business-projeto-de-extensao-300x300.jpeg?resize=144%2C144\" sizes=\"(max-width: 144px) 100vw, 144px\" srcset=\"https:\/\/i0.wp.com\/portifolioos-prontos.com\/wp-content\/uploads\/2023\/02\/whatsapp-business-projeto-de-extensao.jpeg?resize=300%2C301&amp;ssl=1 300w, https:\/\/i0.wp.com\/portifolioos-prontos.com\/wp-content\/uploads\/2023\/02\/whatsapp-business-projeto-de-extensao.jpeg?resize=150%2C150&amp;ssl=1 150w, https:\/\/i0.wp.com\/portifolioos-prontos.com\/wp-content\/uploads\/2023\/02\/whatsapp-business-projeto-de-extensao.jpeg?resize=370%2C372&amp;ssl=1 370w, https:\/\/i0.wp.com\/portifolioos-prontos.com\/wp-content\/uploads\/2023\/02\/whatsapp-business-projeto-de-extensao.jpeg?resize=100%2C100&amp;ssl=1 100w, https:\/\/i0.wp.com\/portifolioos-prontos.com\/wp-content\/uploads\/2023\/02\/whatsapp-business-projeto-de-extensao.jpeg?w=470&amp;ssl=1 470w\" alt=\"projeto de extens\u00e3o unopar\" width=\"144\" height=\"144\" data-lazy-loaded=\"1\" \/><\/h4>\n<\/div>\n<div class=\"elementor-toggle-item\">\n<div id=\"elementor-tab-content-1949\" class=\"elementor-tab-content elementor-clearfix elementor-active\" role=\"tabpanel\" data-tab=\"9\" aria-labelledby=\"elementor-tab-title-1949\">\n<p>E-mail:portifoliosp@gmail.com<\/p>\n<div id=\"attachment_143\" class=\"wp-caption alignnone\">\n<div id=\"attachment_143\" class=\"wp-caption alignnone\">\n<p id=\"caption-attachment-143\" class=\"wp-caption-text\"><a href=\"http:\/\/portfolio-pronto.com\/\">Portf\u00f3lio<\/a>\u00a0em Word, respondido, completo e j\u00e1 nas normas<\/p>\n<\/div>\n<\/div>\n<\/div>\n<\/div>\n<\/div>\n","protected":false},"excerpt":{"rendered":"<div class=\"product-short-description\">\n<div class=\"product-short-description\">\n<p><strong>Pague pelo PIX ou cart\u00e3o e fa\u00e7a o download agora mesmo.<\/strong><\/p>\n<\/div>\n<div class=\"sticky-add-to-cart-wrapper\">\n<div class=\"sticky-add-to-cart\">\n<p class=\"quantity buttons_added form-flat\"><img decoding=\"async\" class=\"lazyloaded smush-image-5 smush-image-3 smush-image-4 smush-detected-img smush-image-bigger-3\" src=\"https:\/\/d26lpennugtm8s.cloudfront.net\/assets\/common\/img\/logos\/payment\/visa@2x.png\" width=\"46\" height=\"29\" data-src=\"https:\/\/d26lpennugtm8s.cloudfront.net\/assets\/common\/img\/logos\/payment\/visa@2x.png\" \/><img decoding=\"async\" class=\"lazyloaded smush-image-6 smush-image-4 smush-image-5 smush-detected-img smush-image-bigger-4\" src=\"https:\/\/d26lpennugtm8s.cloudfront.net\/assets\/common\/img\/logos\/payment\/boleto@2x.png\" width=\"43\" height=\"27\" data-src=\"https:\/\/d26lpennugtm8s.cloudfront.net\/assets\/common\/img\/logos\/payment\/boleto@2x.png\" \/><img loading=\"lazy\" decoding=\"async\" class=\"lazyloaded smush-image-7 smush-image-5 smush-image-6 smush-detected-img smush-image-bigger-5\" src=\"https:\/\/d26lpennugtm8s.cloudfront.net\/assets\/common\/img\/logos\/payment\/mastercard@2x.png\" width=\"43\" height=\"27\" data-src=\"https:\/\/d26lpennugtm8s.cloudfront.net\/assets\/common\/img\/logos\/payment\/mastercard@2x.png\" \/><img loading=\"lazy\" decoding=\"async\" class=\"lazyloaded smush-image-8 smush-image-6 smush-image-7 smush-detected-img smush-image-bigger-6\" src=\"https:\/\/d26lpennugtm8s.cloudfront.net\/assets\/common\/img\/logos\/payment\/amex@2x.png\" width=\"43\" height=\"27\" data-src=\"https:\/\/d26lpennugtm8s.cloudfront.net\/assets\/common\/img\/logos\/payment\/amex@2x.png\" \/><img loading=\"lazy\" decoding=\"async\" class=\"lazyloaded smush-image-9 smush-image-7 smush-image-8 smush-detected-img smush-image-bigger-7\" src=\"https:\/\/d26lpennugtm8s.cloudfront.net\/assets\/common\/img\/logos\/payment\/diners@2x.png\" width=\"46\" height=\"29\" data-src=\"https:\/\/d26lpennugtm8s.cloudfront.net\/assets\/common\/img\/logos\/payment\/diners@2x.png\" \/><img loading=\"lazy\" decoding=\"async\" class=\"lazyloaded smush-image-10 smush-image-8 smush-image-9 alignnone smush-detected-img smush-image-bigger-8\" src=\"https:\/\/d26lpennugtm8s.cloudfront.net\/assets\/common\/img\/logos\/payment\/br\/elo@2x.png\" alt=\"portf\u00f3lio unopar anhanguera\" width=\"45\" height=\"28\" data-src=\"https:\/\/d26lpennugtm8s.cloudfront.net\/assets\/common\/img\/logos\/payment\/br\/elo@2x.png\" \/><img loading=\"lazy\" decoding=\"async\" class=\"lazyloaded smush-image-11 smush-image-9 smush-image-10 alignnone smush-detected-img smush-image-bigger-9\" src=\"https:\/\/d26lpennugtm8s.cloudfront.net\/assets\/common\/img\/logos\/payment\/br\/hipercard@2x.png\" alt=\"portf\u00f3lio unopar anhanguera\" width=\"44\" height=\"28\" data-src=\"https:\/\/d26lpennugtm8s.cloudfront.net\/assets\/common\/img\/logos\/payment\/br\/hipercard@2x.png\" \/><img loading=\"lazy\" decoding=\"async\" class=\"lazyloaded smush-image-12 smush-image-10 smush-image-11 alignnone smush-detected-img smush-image-bigger-10\" src=\"https:\/\/d26lpennugtm8s.cloudfront.net\/assets\/common\/img\/logos\/payment\/mercadopago@2x.png\" alt=\"portf\u00f3lio unopar anhanguera\" width=\"45\" height=\"28\" data-src=\"https:\/\/d26lpennugtm8s.cloudfront.net\/assets\/common\/img\/logos\/payment\/mercadopago@2x.png\" \/><img loading=\"lazy\" decoding=\"async\" class=\"alignnone lazyloaded smush-detected-img smush-image-bigger-11\" src=\"https:\/\/futurium.com.br\/wp-content\/uploads\/2021\/06\/logo-pix-icone-512.png\" alt=\"portfolio pronto\" width=\"30\" height=\"30\" data-src=\"https:\/\/futurium.com.br\/wp-content\/uploads\/2021\/06\/logo-pix-icone-512.png\" \/><\/p>\n<\/div>\n<\/div>\n<\/div>\n","protected":false},"featured_media":28900,"template":"","meta":{"_seopress_robots_primary_cat":"none","_seopress_titles_title":"%%post_title%% %%sitetitle%%","_seopress_titles_desc":"%%post_content%%","_seopress_robots_index":""},"product_cat":[42,15],"product_tag":[],"class_list":{"0":"post-28897","1":"product","2":"type-product","3":"status-publish","4":"has-post-thumbnail","6":"product_cat-gestao-da-prod-industrial","7":"product_cat-uncategorized","9":"first","10":"instock","11":"downloadable","12":"virtual","13":"purchasable","14":"product-type-simple","15":"col-xs-6 col-sm-4","16":"col-mf-5","17":"un-5-cols"},"jetpack_sharing_enabled":true,"_links":{"self":[{"href":"https:\/\/portifolioos-prontos.com\/index.php\/wp-json\/wp\/v2\/product\/28897","targetHints":{"allow":["GET"]}}],"collection":[{"href":"https:\/\/portifolioos-prontos.com\/index.php\/wp-json\/wp\/v2\/product"}],"about":[{"href":"https:\/\/portifolioos-prontos.com\/index.php\/wp-json\/wp\/v2\/types\/product"}],"version-history":[{"count":0,"href":"https:\/\/portifolioos-prontos.com\/index.php\/wp-json\/wp\/v2\/product\/28897\/revisions"}],"wp:featuredmedia":[{"embeddable":true,"href":"https:\/\/portifolioos-prontos.com\/index.php\/wp-json\/wp\/v2\/media\/28900"}],"wp:attachment":[{"href":"https:\/\/portifolioos-prontos.com\/index.php\/wp-json\/wp\/v2\/media?parent=28897"}],"wp:term":[{"taxonomy":"product_cat","embeddable":true,"href":"https:\/\/portifolioos-prontos.com\/index.php\/wp-json\/wp\/v2\/product_cat?post=28897"},{"taxonomy":"product_tag","embeddable":true,"href":"https:\/\/portifolioos-prontos.com\/index.php\/wp-json\/wp\/v2\/product_tag?post=28897"}],"curies":[{"name":"wp","href":"https:\/\/api.w.org\/{rel}","templated":true}]}}