{"id":28907,"date":"2024-08-12T23:41:24","date_gmt":"2024-08-13T02:41:24","guid":{"rendered":"https:\/\/portifolioos-prontos.com\/?post_type=product&#038;p=28907"},"modified":"2026-03-02T17:24:05","modified_gmt":"2026-03-02T20:24:05","slug":"aula-pratica-gerenciamento-e-projeto-de-redes","status":"publish","type":"product","link":"https:\/\/portifolioos-prontos.com\/index.php\/product\/aula-pratica-gerenciamento-e-projeto-de-redes\/","title":{"rendered":"Aula Pr\u00e1tica Gerenciamento e projeto de redes"},"content":{"rendered":"<div><\/div>\n<div>\n<h5><strong>Aula Pr\u00e1tica Gerenciamento e Projeto de Redes<\/strong><\/h5>\n<hr \/>\n<h5><strong>ROTEIRO DE AULA PR\u00c1TICA<\/strong><\/h5>\n<hr \/>\n<h5><strong>NOME DA DISCIPLINA: GERENCIAMENTO E PROJETO DE REDES<\/strong><\/h5>\n<p>Unidade: U4_FERRAMENTAS DE GERENCIAMENTO DE REDES E TR\u00c1FEGO DE REDES<br \/>\nAula: A2_FERRAMENTAS PARA GERENCIAMENTO DE REDE<\/p>\n<hr \/>\n<h5><strong>OBJETIVOS<\/strong><\/h5>\n<p>Defini\u00e7\u00e3o dos objetivos da aula pr\u00e1tica:<\/p>\n<p>\u2022 Entender a ferramenta Cisco Packet Tracer<br \/>\n\u2022 Criar uma pequena rede de computadores e monitorar utilizando a ferramenta Cisco Packet Tracer<\/p>\n<hr \/>\n<h5><strong>INFRAESTRUTURA<\/strong><\/h5>\n<p>Instala\u00e7\u00f5es \u2013 Materiais de consumo \u2013 Equipamentos:<\/p>\n<p>NOME DO LABORAT\u00d3RIO<br \/>\n\u2022 Laborat\u00f3rio de Inform\u00e1tica<\/p>\n<p>Equipamentos:<br \/>\n\u2022 Computador \u2013 1 unid. por aluno<\/p>\n<hr \/>\n<h5><strong>SOLU\u00c7\u00c3O DIGITAL<\/strong><\/h5>\n<p>O Cisco Packet Tracer \u00e9 um programa educacional gratuito que permite simular uma rede de computadores, atrav\u00e9s de equipamentos e configura\u00e7\u00f5es presentes em situa\u00e7\u00f5es reais. O programa apresenta uma interface gr\u00e1fica simples, com suportes multim\u00eddia que auxiliam na confec\u00e7\u00e3o das simula\u00e7\u00f5es.<\/p>\n<hr \/>\n<h5><strong>EQUIPAMENTO DE PROTE\u00c7\u00c3O INDIVIDUAL (EPI)<\/strong><\/h5>\n<p>N\u00e3o se aplica.<\/p>\n<hr \/>\n<h5><strong>PROCEDIMENTOS PR\u00c1TICOS<\/strong><\/h5>\n<hr \/>\n<h5><strong>Procedimento\/Atividade<\/strong><\/h5>\n<hr \/>\n<h5><strong>Atividade proposta<\/strong><\/h5>\n<p>Criar uma pequena rede de computadores e monitorar utilizando a ferramenta Cisco Packet Tracer.<\/p>\n<p>Nessa pr\u00e1tica, voc\u00ea dever\u00e1 utilizar a ferramenta Cisco Packet Tracer para criar e testar uma pequena rede de computadores proposta.<\/p>\n<p>\u2022 Primeiramente, voc\u00ea dever\u00e1 fazer download da ferramenta Cisco Packet Tracer, acessando o seguinte link:<br \/>\n<a href=\"https:\/\/mega.nz\/file\/h081RB7D#xPpdyKOKI53zaJKFLtNwEw8webLplHT7b8Sv6uqL1cY\">https:\/\/mega.nz\/file\/h081RB7D#xPpdyKOKI53zaJKFLtNwEw8webLplHT7b8Sv6uqL1cY<\/a><\/p>\n<p>\u2022 Fazer o cadastro no site da Cisco, necess\u00e1rio login para utilizar a vers\u00e3o estudante:<br \/>\n<a href=\"https:\/\/id.cisco.com\/#\">https:\/\/id.cisco.com\/#<\/a><\/p>\n<p>\u2022 Para aprofundar o conte\u00fado, n\u00e3o \u00e9 obrigat\u00f3rio, mas passamos essa dica: fa\u00e7a o pequeno curso oficial gratuito atrav\u00e9s da Academia de Rede Cisco:<br \/>\n<a href=\"https:\/\/skillsforall.com\/learningcollections\/cisco-packet-tracer?utm_source=netacad.com&amp;utm_medium=referral&amp;utm_campaign=packet-tracer&amp;userlogin=0&amp;userLang=pt-BR\">https:\/\/skillsforall.com\/learningcollections\/cisco-packet-tracer?utm_source=netacad.com&amp;utm_medium=referral&amp;utm_campaign=packet-tracer&amp;userlogin=0&amp;userLang=pt-BR<\/a><\/p>\n<p>Tela inicial conforme a Home Cisco Packet Tracer.<\/p>\n<hr \/>\n<h5><strong>Cria\u00e7\u00e3o da Rede no Cisco Packet Tracer<\/strong><\/h5>\n<p>Criar a rede de computador abaixo no simulador de redes Cisco Packet Tracer.<\/p>\n<p>Aplicar seus conhecimentos sobre gerenciamento de configura\u00e7\u00e3o de redes, monitoramento de desempenho, seguran\u00e7a e gerenciamento de falhas usando o software gratuito Cisco Packet Tracer.<\/p>\n<hr \/>\n<h5><strong>Instru\u00e7\u00f5es<\/strong><\/h5>\n<p>\u2022 Abra o software Cisco Packet Tracer e crie um novo projeto.<\/p>\n<p>\u2022 Construa uma topologia de rede que inclua os seguintes elementos:<br \/>\nDois switches (Switch 1 e Switch 2)<br \/>\nTr\u00eas computadores (PC 1, PC 2, PC 3)<br \/>\nUm servidor (Server 1)<br \/>\nUm roteador (Router 1)<\/p>\n<p>\u2022 Configure os endere\u00e7os IP dos dispositivos da seguinte forma:<\/p>\n<p>PC 1:<br \/>\nEndere\u00e7o IP: 192.168.1.10<br \/>\nM\u00e1scara de sub-rede: 255.255.255.0<br \/>\nGateway padr\u00e3o: 192.168.1.1<\/p>\n<p>PC 2:<br \/>\nEndere\u00e7o IP: 192.168.1.20<br \/>\nM\u00e1scara de sub-rede: 255.255.255.0<br \/>\nGateway padr\u00e3o: 192.168.1.1<\/p>\n<p>PC 3:<br \/>\nEndere\u00e7o IP: 192.168.1.30<br \/>\nM\u00e1scara de sub-rede: 255.255.255.0<br \/>\nGateway padr\u00e3o: 192.168.1.1<\/p>\n<p>Server 1:<br \/>\nEndere\u00e7o IP: 192.168.1.100<br \/>\nM\u00e1scara de sub-rede: 255.255.255.0<br \/>\nGateway padr\u00e3o: 192.168.1.1<\/p>\n<p>Router 1:<br \/>\nConfigure as interfaces FastEthernet ou GigabitEthernet com os endere\u00e7os IP apropriados para a conex\u00e3o com os dispositivos da rede.<\/p>\n<p>\u2022 Configure os switches para criar VLANs:<\/p>\n<p>No Switch 1, crie uma VLAN chamada \u201cGerenciamento\u201d com a ID VLAN 10 e atribua as interfaces conectadas aos PCs 1 e 2 a essa VLAN.<\/p>\n<p>No Switch 2, crie uma VLAN chamada \u201cUsu\u00e1rios\u201d com a ID VLAN 20 e atribua a interface conectada ao PC 3 a essa VLAN.<\/p>\n<p>\u2022 Configure o roteamento no Router 1 para permitir a conectividade entre todas as VLANs. Configure subinterfaces no Router 1 para cada VLAN.<\/p>\n<p>\u2022 Implemente medidas de seguran\u00e7a na rede:<\/p>\n<p>No Router 1, configure ACLs (Listas de Controle de Acesso) para restringir o acesso de entrada e sa\u00edda das VLANs de gerenciamento e usu\u00e1rios. Permita apenas tr\u00e1fego necess\u00e1rio para os servi\u00e7os essenciais.<\/p>\n<p>\u2022 Realize teste de conectividade entre dispositivos de diferentes VLANs:<\/p>\n<p>Abra o prompt de comando nos computadores e realize ping para o endere\u00e7o IP do servidor em uma VLAN diferente. Verifique se o ping \u00e9 bem-sucedido.<\/p>\n<p>\u2022 Utilize as ferramentas de monitoramento do Cisco Packet Tracer para analisar o desempenho da rede.<\/p>\n<p>\u2022 Identifique poss\u00edveis falhas de rede e implemente medidas de gerenciamento de falhas:<\/p>\n<p>Simule uma falha desconectando um cabo ou desativando uma interface. Utilize as ferramentas do Packet Tracer para identificar e corrigir o problema.<\/p>\n<p>\u2022 Analise o impacto do gerenciamento de falhas na seguran\u00e7a da informa\u00e7\u00e3o. Verifique se as medidas implementadas n\u00e3o comprometem a seguran\u00e7a da rede.<\/p>\n<hr \/>\n<h5><strong>Checklist<\/strong><\/h5>\n<ol>\n<li>Criar novo projeto no Cisco Packet Tracer<\/li>\n<li>Construir topologia com switches, computadores, servidor e roteador<\/li>\n<li>Configurar endere\u00e7os IP<\/li>\n<li>Configurar VLANs<\/li>\n<li>Configurar roteamento entre VLANs<\/li>\n<li>Implementar ACLs<\/li>\n<li>Testar conectividade<\/li>\n<li>Monitorar desempenho da rede<\/li>\n<li>Identificar e corrigir falhas<\/li>\n<li>Analisar impacto na seguran\u00e7a da informa\u00e7\u00e3o<\/li>\n<\/ol>\n<hr \/>\n<h5><strong>RESULTADOS<\/strong><\/h5>\n<p>Resultados de Aprendizagem:<\/p>\n<p>Resolu\u00e7\u00e3o de uma cria\u00e7\u00e3o de rede de computadores.<\/p>\n<hr \/>\n<h5><strong>ESTUDANTE, VOC\u00ca DEVER\u00c1 ENTREGAR<\/strong><\/h5>\n<p>Entrega do relat\u00f3rio com os resultados obtidos e da topologia da rede criada.<\/p>\n<hr \/>\n<h5><strong>REFER\u00caNCIAS BIBLIOGR\u00c1FICAS<\/strong><\/h5>\n<p>OLIVEIRA, D. B.; LUMMERTZ, R. S.; SOUZA, D. C. Qualidade e desempenho de redes. Porto Alegre: Sagah, 2019.<\/p>\n<p>SOUZA, D. C. et al. Gerenciamento de redes de computadores. Porto Alegre: Sagah, 2021.<\/p>\n<p>KUROSE, J. F.; ROSS, K. W. Redes de computadores e a Internet: uma abordagem top-down. 6. ed. S\u00e3o Paulo: Pearson.<\/p>\n<\/div>\n<div>\n<div class=\"elementor-toggle-item\">\n<div class=\"elementor-toggle-item\">\n<p id=\"elementor-tab-title-1941\" class=\"elementor-tab-title elementor-active\" tabindex=\"0\" role=\"tab\" data-tab=\"1\" aria-controls=\"elementor-tab-content-1941\" aria-expanded=\"true\" aria-selected=\"true\"><strong>Como funciona?<\/strong><\/p>\n<p>Elaboramos os portf\u00f3lios, j\u00e1 deixamos prontos, nas normas da ABNT e conforme os requisitos da universidade. F\u00e1cil assim! O MELHOR \u00c9 QUE VOC\u00ca COMPRA E J\u00c1 BAIXA NA HORA O SEU ARQUIVO EM WORD! Sabemos que conciliar trabalho, fam\u00edlia, vida profissional e estudos \u00e9 dif\u00edcil hoje em dia, por isso, estamos aqui para ajudar voc\u00ea. Conte com nossa qualidade, experi\u00eancia e profissionalismo adquirindo seu portf\u00f3lio conosco. GARANTIMOS SEU CONCEITO!<\/p>\n<p><strong>Como se realizam os envios?<\/strong><\/p>\n<\/div>\n<p id=\"elementor-tab-content-1942\" class=\"elementor-tab-content elementor-clearfix elementor-active\" role=\"tabpanel\" data-tab=\"2\" aria-labelledby=\"elementor-tab-title-1942\">O seu trabalho \u00e9 disponibilizado pronto, respondido e nas normas j\u00e1 na mesma hora aqui em nosso site na sua \u00e1rea de downloads e tamb\u00e9m no seu e-mail.<\/p>\n<p><strong>Em quanto tempo recebo o portf\u00f3lio?<\/strong><\/p>\n<p>Os envios s\u00e3o imediatos. Ap\u00f3s sua compra, o trabalho j\u00e1 \u00e9 disponibilizado instantaneamente aqui em nosso site e no seu e-mail.<\/p>\n<p><strong>E se o portf\u00f3lio que comprei precisar de corre\u00e7\u00e3o?<\/strong><\/p>\n<p>Caso haja alguma solicita\u00e7\u00e3o de corre\u00e7\u00e3o\/altera\u00e7\u00e3o por parte do tutor, basta entrar em contato conosco pelo\u00a0WhatsApp\u00a0que provid\u00eanciaremos sem custo algum.<\/p>\n<p><strong>Qual o formato do arquivo?<\/strong><\/p>\n<p>Os arquivos s\u00e3o enviados em formato Word e s\u00e3o edit\u00e1veis.<\/p>\n<p><strong>Caso eu tiver alguma d\u00favida, terei suporte no p\u00f3s venda?<\/strong><\/p>\n<p>Sim, com certeza. Basta clicar no \u00edcone do WhatsApp no cantinho da tela. Ser\u00e1 um prazer atend\u00ea-lo(a).<\/p>\n<div id=\"elementor-tab-content-1948\" class=\"elementor-tab-content elementor-clearfix elementor-active\" role=\"tabpanel\" data-tab=\"8\" aria-labelledby=\"elementor-tab-title-1948\">\n<p><strong>Quais os seus canais de contato?<\/strong><\/p>\n<\/div>\n<div id=\"elementor-tab-content-1949\" class=\"elementor-tab-content elementor-clearfix elementor-active\" role=\"tabpanel\" data-tab=\"9\" aria-labelledby=\"elementor-tab-title-1949\">\n<p>Whatsapp: 53 984751621 \u2013 Clicar no canto da tela ou ESCANEIE O QRCODE ABAIXO<\/p>\n<h4><img decoding=\"async\" class=\"alignnone wp-image-13699 jetpack-lazy-image jetpack-lazy-image--handled\" src=\"https:\/\/i0.wp.com\/portifolioos-prontos.com\/wp-content\/uploads\/2023\/02\/whatsapp-business-projeto-de-extensao-300x300.jpeg?resize=144%2C144\" sizes=\"(max-width: 144px) 100vw, 144px\" srcset=\"https:\/\/i0.wp.com\/portifolioos-prontos.com\/wp-content\/uploads\/2023\/02\/whatsapp-business-projeto-de-extensao.jpeg?resize=300%2C301&amp;ssl=1 300w, https:\/\/i0.wp.com\/portifolioos-prontos.com\/wp-content\/uploads\/2023\/02\/whatsapp-business-projeto-de-extensao.jpeg?resize=150%2C150&amp;ssl=1 150w, https:\/\/i0.wp.com\/portifolioos-prontos.com\/wp-content\/uploads\/2023\/02\/whatsapp-business-projeto-de-extensao.jpeg?resize=370%2C372&amp;ssl=1 370w, https:\/\/i0.wp.com\/portifolioos-prontos.com\/wp-content\/uploads\/2023\/02\/whatsapp-business-projeto-de-extensao.jpeg?resize=100%2C100&amp;ssl=1 100w, https:\/\/i0.wp.com\/portifolioos-prontos.com\/wp-content\/uploads\/2023\/02\/whatsapp-business-projeto-de-extensao.jpeg?w=470&amp;ssl=1 470w\" alt=\"projeto de extens\u00e3o unopar\" width=\"144\" height=\"144\" data-lazy-loaded=\"1\" \/><\/h4>\n<\/div>\n<div class=\"elementor-toggle-item\">\n<div id=\"elementor-tab-content-1949\" class=\"elementor-tab-content elementor-clearfix elementor-active\" role=\"tabpanel\" data-tab=\"9\" aria-labelledby=\"elementor-tab-title-1949\">\n<p>E-mail:portifoliosp@gmail.com<\/p>\n<div id=\"attachment_143\" class=\"wp-caption alignnone\">\n<div id=\"attachment_143\" class=\"wp-caption alignnone\">\n<p id=\"caption-attachment-143\" class=\"wp-caption-text\"><a href=\"http:\/\/portfolio-pronto.com\/\">Portf\u00f3lio<\/a>\u00a0em Word, respondido, completo e j\u00e1 nas normas<\/p>\n<\/div>\n<\/div>\n<\/div>\n<\/div>\n<\/div>\n<\/div>\n","protected":false},"excerpt":{"rendered":"<div class=\"product-short-description\">\n<div class=\"product-short-description\">\n<p><strong>Pague pelo PIX ou cart\u00e3o e fa\u00e7a o download agora mesmo.<\/strong><\/p>\n<\/div>\n<div class=\"sticky-add-to-cart-wrapper\">\n<div class=\"sticky-add-to-cart\">\n<p class=\"quantity buttons_added form-flat\"><img decoding=\"async\" class=\"lazyloaded smush-image-5 smush-image-3 smush-image-4 smush-detected-img smush-image-bigger-3\" src=\"https:\/\/d26lpennugtm8s.cloudfront.net\/assets\/common\/img\/logos\/payment\/visa@2x.png\" width=\"46\" height=\"29\" data-src=\"https:\/\/d26lpennugtm8s.cloudfront.net\/assets\/common\/img\/logos\/payment\/visa@2x.png\" \/><img decoding=\"async\" class=\"lazyloaded smush-image-6 smush-image-4 smush-image-5 smush-detected-img smush-image-bigger-4\" src=\"https:\/\/d26lpennugtm8s.cloudfront.net\/assets\/common\/img\/logos\/payment\/boleto@2x.png\" width=\"43\" height=\"27\" data-src=\"https:\/\/d26lpennugtm8s.cloudfront.net\/assets\/common\/img\/logos\/payment\/boleto@2x.png\" \/><img loading=\"lazy\" decoding=\"async\" class=\"lazyloaded smush-image-7 smush-image-5 smush-image-6 smush-detected-img smush-image-bigger-5\" src=\"https:\/\/d26lpennugtm8s.cloudfront.net\/assets\/common\/img\/logos\/payment\/mastercard@2x.png\" width=\"43\" height=\"27\" data-src=\"https:\/\/d26lpennugtm8s.cloudfront.net\/assets\/common\/img\/logos\/payment\/mastercard@2x.png\" \/><img loading=\"lazy\" decoding=\"async\" class=\"lazyloaded smush-image-8 smush-image-6 smush-image-7 smush-detected-img smush-image-bigger-6\" src=\"https:\/\/d26lpennugtm8s.cloudfront.net\/assets\/common\/img\/logos\/payment\/amex@2x.png\" width=\"43\" height=\"27\" data-src=\"https:\/\/d26lpennugtm8s.cloudfront.net\/assets\/common\/img\/logos\/payment\/amex@2x.png\" \/><img loading=\"lazy\" decoding=\"async\" class=\"lazyloaded smush-image-9 smush-image-7 smush-image-8 smush-detected-img smush-image-bigger-7\" src=\"https:\/\/d26lpennugtm8s.cloudfront.net\/assets\/common\/img\/logos\/payment\/diners@2x.png\" width=\"46\" height=\"29\" data-src=\"https:\/\/d26lpennugtm8s.cloudfront.net\/assets\/common\/img\/logos\/payment\/diners@2x.png\" \/><img loading=\"lazy\" decoding=\"async\" class=\"lazyloaded smush-image-10 smush-image-8 smush-image-9 alignnone smush-detected-img smush-image-bigger-8\" src=\"https:\/\/d26lpennugtm8s.cloudfront.net\/assets\/common\/img\/logos\/payment\/br\/elo@2x.png\" alt=\"portf\u00f3lio unopar anhanguera\" width=\"45\" height=\"28\" data-src=\"https:\/\/d26lpennugtm8s.cloudfront.net\/assets\/common\/img\/logos\/payment\/br\/elo@2x.png\" \/><img loading=\"lazy\" decoding=\"async\" class=\"lazyloaded smush-image-11 smush-image-9 smush-image-10 alignnone smush-detected-img smush-image-bigger-9\" src=\"https:\/\/d26lpennugtm8s.cloudfront.net\/assets\/common\/img\/logos\/payment\/br\/hipercard@2x.png\" alt=\"portf\u00f3lio unopar anhanguera\" width=\"44\" height=\"28\" data-src=\"https:\/\/d26lpennugtm8s.cloudfront.net\/assets\/common\/img\/logos\/payment\/br\/hipercard@2x.png\" \/><img loading=\"lazy\" decoding=\"async\" class=\"lazyloaded smush-image-12 smush-image-10 smush-image-11 alignnone smush-detected-img smush-image-bigger-10\" src=\"https:\/\/d26lpennugtm8s.cloudfront.net\/assets\/common\/img\/logos\/payment\/mercadopago@2x.png\" alt=\"portf\u00f3lio unopar anhanguera\" width=\"45\" height=\"28\" data-src=\"https:\/\/d26lpennugtm8s.cloudfront.net\/assets\/common\/img\/logos\/payment\/mercadopago@2x.png\" \/><\/p>\n<\/div>\n<\/div>\n<\/div>\n","protected":false},"featured_media":28910,"template":"","meta":{"_seopress_robots_primary_cat":"none","_seopress_titles_title":"%%post_title%% %%sitetitle%%","_seopress_titles_desc":"%%post_content%%","_seopress_robots_index":""},"product_cat":[58,15],"product_tag":[],"class_list":{"0":"post-28907","1":"product","2":"type-product","3":"status-publish","4":"has-post-thumbnail","6":"product_cat-cursos-de-t-i","7":"product_cat-uncategorized","9":"first","10":"instock","11":"downloadable","12":"virtual","13":"purchasable","14":"product-type-simple","15":"col-xs-6 col-sm-4","16":"col-mf-5","17":"un-5-cols"},"jetpack_sharing_enabled":true,"_links":{"self":[{"href":"https:\/\/portifolioos-prontos.com\/index.php\/wp-json\/wp\/v2\/product\/28907","targetHints":{"allow":["GET"]}}],"collection":[{"href":"https:\/\/portifolioos-prontos.com\/index.php\/wp-json\/wp\/v2\/product"}],"about":[{"href":"https:\/\/portifolioos-prontos.com\/index.php\/wp-json\/wp\/v2\/types\/product"}],"version-history":[{"count":2,"href":"https:\/\/portifolioos-prontos.com\/index.php\/wp-json\/wp\/v2\/product\/28907\/revisions"}],"predecessor-version":[{"id":49827,"href":"https:\/\/portifolioos-prontos.com\/index.php\/wp-json\/wp\/v2\/product\/28907\/revisions\/49827"}],"wp:featuredmedia":[{"embeddable":true,"href":"https:\/\/portifolioos-prontos.com\/index.php\/wp-json\/wp\/v2\/media\/28910"}],"wp:attachment":[{"href":"https:\/\/portifolioos-prontos.com\/index.php\/wp-json\/wp\/v2\/media?parent=28907"}],"wp:term":[{"taxonomy":"product_cat","embeddable":true,"href":"https:\/\/portifolioos-prontos.com\/index.php\/wp-json\/wp\/v2\/product_cat?post=28907"},{"taxonomy":"product_tag","embeddable":true,"href":"https:\/\/portifolioos-prontos.com\/index.php\/wp-json\/wp\/v2\/product_tag?post=28907"}],"curies":[{"name":"wp","href":"https:\/\/api.w.org\/{rel}","templated":true}]}}