{"id":29232,"date":"2024-08-31T12:13:02","date_gmt":"2024-08-31T15:13:02","guid":{"rendered":"https:\/\/portifolioos-prontos.com\/?post_type=product&#038;p=29232"},"modified":"2025-08-03T17:43:59","modified_gmt":"2025-08-03T20:43:59","slug":"aula-pratica-matematica-aplicada-as-ciencias","status":"publish","type":"product","link":"https:\/\/portifolioos-prontos.com\/index.php\/product\/aula-pratica-matematica-aplicada-as-ciencias\/","title":{"rendered":"Aula Pr\u00e1tica Matem\u00e1tica Aplicada \u00e0s Ci\u00eancias"},"content":{"rendered":"<h5>Aula Pr\u00e1tica Matem\u00e1tica Aplicada \u00e0s Ci\u00eancias<\/h5>\n<p>ROTEIRO DE AULA PR\u00c1TICA<br \/>\nNOME DA DISCIPLINA: MATEM\u00c1TICA APLICADA \u00c0S CI\u00caNCIAS<br \/>\nUnidade: MATEM\u00c1TICA E LINGUAGENS<br \/>\nSe\u00e7\u00e3o: O estudo dos fractais<br \/>\nOBJETIVOS<br \/>\nDefini\u00e7\u00e3o dos objetivos da aula pr\u00e1tica:<br \/>\nCompreender os fractais e explorar sua natureza iterativa e autossimilar.<br \/>\nSOLU\u00c7\u00c3O DIGITAL<br \/>\nGeoGebra \u00e9 um software de matem\u00e1tica que permite o trabalho com temas relacionados ao<br \/>\nc\u00e1lculo, \u00e1lgebra e geometria. Ele foi desenvolvido pelo professor Markus Hohenwarter, da<br \/>\nUniversidade de Salzburgo, na \u00c1ustria. Por permitir o trabalho com constru\u00e7\u00f5es geom\u00e9tricas e a<br \/>\nmanipula\u00e7\u00e3o das figuras em tempo real, ele \u00e9 considerado um software de geometria din\u00e2mica,<br \/>\no qual favorece o ensino e a aprendizagem de conceitos matem\u00e1ticos. Esse software pode ser<br \/>\nacessado de tr\u00eas formas: por meio da vers\u00e3o online, do aplicativo para celulares ou do software<br \/>\ninstalado em computadores ou notebooks.<br \/>\nPROCEDIMENTOS PR\u00c1TICOS<br \/>\nProcedimento\/Atividade n\u00ba 1 (Virtual)<br \/>\nAtividade proposta:<br \/>\nOs fractais s\u00e3o formas geom\u00e9tricas autossimilares, ou seja, possuem a propriedade de se repetir<br \/>\nem diferentes n\u00edveis de amplia\u00e7\u00e3o. Essa caracter\u00edstica de autossimilaridade permite que um<br \/>\npadr\u00e3o seja observado em diferentes escalas, tornando-os relevantes na compreens\u00e3o de<br \/>\npadr\u00f5es naturais, din\u00e2micas ca\u00f3ticas e sistemas complexos.<br \/>\nNas Ci\u00eancias, os fractais t\u00eam aplica\u00e7\u00f5es em diversas \u00e1reas:<br \/>\n1. Geografia e Geoci\u00eancias: Na an\u00e1lise de formas de relevo, costa mar\u00edtima, distribui\u00e7\u00e3o de<br \/>\nvegeta\u00e7\u00e3o e modelos clim\u00e1ticos. Os fractais s\u00e3o \u00fateis para descrever a complexidade de<br \/>\nestruturas naturais, como as formas das nuvens ou o contorno de uma montanha.<br \/>\n2. Biologia e Medicina: Na modelagem de estruturas biol\u00f3gicas complexas, como a ramifica\u00e7\u00e3o<br \/>\ndos vasos sangu\u00edneos, padr\u00f5es de crescimento de plantas e an\u00e1lise de fracturas \u00f3sseas. A<br \/>\n3<br \/>\nnatureza fractal de muitos sistemas biol\u00f3gicos \u00e9 essencial para entender sua organiza\u00e7\u00e3o e<br \/>\nfuncionamento.<br \/>\n3. Economia e Finan\u00e7as: Na an\u00e1lise de s\u00e9ries temporais financeiras, modelagem de flutua\u00e7\u00f5es<br \/>\nde pre\u00e7os de mercado e na compreens\u00e3o de padr\u00f5es ca\u00f3ticos em fen\u00f4menos econ\u00f4micos.<br \/>\n4. Engenharia e Tecnologia: Na concep\u00e7\u00e3o de antenas, an\u00e1lise de rugosidades superficiais,<br \/>\ncompress\u00e3o de imagens digitais e na transmiss\u00e3o de dados por redes complexas.<br \/>\n5. Arte e Visualiza\u00e7\u00e3o: Os fractais t\u00eam sido explorados como elementos est\u00e9ticos em arte digital,<br \/>\nproduzindo imagens complexas e belas que refletem as propriedades matem\u00e1ticas subjacentes.<br \/>\nAl\u00e9m das aplica\u00e7\u00f5es pr\u00e1ticas, o estudo dos fractais tamb\u00e9m desafia e expande o pensamento<br \/>\nmatem\u00e1tico, permitindo uma abordagem diferente para compreender fen\u00f4menos complexos e<br \/>\nca\u00f3ticos que n\u00e3o podem ser explicados por modelos matem\u00e1ticos tradicionais.<br \/>\nEm Matem\u00e1tica Aplicada \u00e0s Ci\u00eancias, compreender os fractais n\u00e3o apenas enriquece a<br \/>\ncompreens\u00e3o te\u00f3rica, mas tamb\u00e9m oferece ferramentas poderosas para modelar e entender<br \/>\nfen\u00f4menos naturais e processos complexos presentes em v\u00e1rias \u00e1reas do conhecimento. A<br \/>\naplica\u00e7\u00e3o dos fractais nas ci\u00eancias \u00e9 um exemplo claro de como a matem\u00e1tica n\u00e3o s\u00f3 descreve<br \/>\no mundo, mas tamb\u00e9m proporciona novas perspectivas para interpret\u00e1-lo e compreend\u00ea-lo de<br \/>\nforma mais profunda.<br \/>\nProcedimentos para a realiza\u00e7\u00e3o da atividade:<br \/>\nAtividade: Explorando Fractais na Pr\u00e1tica em Casa<br \/>\nMateriais Necess\u00e1rios:<br \/>\n&#8211; Papel<br \/>\n&#8211; L\u00e1pis ou canetas coloridas<br \/>\n&#8211; R\u00e9gua<br \/>\n&#8211; Acesso \u00e0 internet<br \/>\n&#8211; GeoGebra<br \/>\nPasso a passo:<br \/>\n1. Introdu\u00e7\u00e3o aos Fractais:<br \/>\n&#8211; Pesquise sobre fractais, entendendo sua defini\u00e7\u00e3o e caracter\u00edsticas fundamentais, como a<br \/>\nautossimilaridade e o processo iterativo de constru\u00e7\u00e3o.<br \/>\n4<br \/>\n2. Constru\u00e7\u00e3o do fractal Tri\u00e2ngulo de Sierpinski no papel<br \/>\n&#8211; Pesquise sobre o fractal Tri\u00e2ngulo de Sierpinski e entenda como ele \u00e9 constru\u00eddo e como \u00e9<br \/>\nposs\u00edvel reproduzi-lo.<br \/>\n&#8211; Comece com um tri\u00e2ngulo equil\u00e1tero no papel.<br \/>\n&#8211; Na etapa inicial, identificam-se os pontos m\u00e9dios em cada lado do tri\u00e2ngulo e conectamse esses pontos. Em seguida, elimina-se o tri\u00e2ngulo central.<br \/>\n&#8211; Na itera\u00e7\u00e3o subsequente, essas etapas s\u00e3o reiteradas para cada um dos tri\u00e2ngulos<br \/>\nremanescentes.<br \/>\n&#8211; Fa\u00e7a pelos menos 3 intera\u00e7\u00f5es.<br \/>\n&#8211; Utilize l\u00e1pis ou canetas coloridas para destacar as diferentes itera\u00e7\u00f5es ou escalas do fractal.<br \/>\n3. Explora\u00e7\u00e3o e Experimenta\u00e7\u00e3o:<br \/>\n&#8211; Experimente construir o fractal em diferentes tamanhos e escalas no papel. Observe como a<br \/>\nestrutura se repete e se assemelha em diferentes n\u00edveis de amplia\u00e7\u00e3o.<br \/>\n4. Constru\u00e7\u00e3o do fractal utilizando o GeoGebra<br \/>\n&#8211; Utilize o software GeoGebra para construir o fractal. Voc\u00ea pode utilizar a vers\u00e3o online ou a<br \/>\nvers\u00e3o para seu computador. Basta acessar https:\/\/www.geogebra.org\/<br \/>\n1\u00ba passo: Construa uma tri\u00e2ngulo equil\u00e1tero utilizando a ferramenta \u201cPol\u00edgono Regular\u201d<br \/>\nFonte: elaborado pelo autor<br \/>\n5<br \/>\n2\u00ba passo: determine os pontos m\u00e9dios desse tri\u00e2ngulo. Para isso utilize a ferramenta \u201cPonto<br \/>\nm\u00e9dio ou Centro\u201d<br \/>\nFonte: elaborado pelo autor<br \/>\n3\u00ba passo: construa uma tri\u00e2ngulo cujos v\u00e9rtices s\u00e3o os pontos m\u00e9dios. Para isso utilize a<br \/>\nferramenta \u201cPol\u00edgono\u201d. Mude a cor do tri\u00e2ngulo constru\u00eddo.<br \/>\nFonte: elaborado pelo autor<br \/>\n4\u00ba passo: Determine os pontos m\u00e9dios dos segmentos \ud835\udc35\ud835\udc37\u0305\u0305\u0305\u0305, \ud835\udc37\ud835\udc38\u0305\u0305\u0305\u0305, \u0305\ud835\udc38\ud835\udc35\u0305\u0305\u0305, \ud835\udc38\ud835\udc36\u0305\u0305\u0305\u0305, \u0305\ud835\udc38\ud835\udc39\u0305\u0305\u0305, \ud835\udc39\ud835\udc36\u0305\u0305\u0305\u0305, \ud835\udc39\ud835\udc34\u0305\u0305\u0305\u0305, \ud835\udc34\ud835\udc37\u0305\u0305\u0305\u0305,\ud835\udc37\ud835\udc39\u0305\u0305\u0305\u0305.<br \/>\n6<br \/>\nFonte: elaborado pelo autor<br \/>\n5\u00ba passo: Construa os novos tri\u00e2ngulos a partir dos pontos m\u00e9dios. Mude a cor dos novos<br \/>\ntri\u00e2ngulos.<br \/>\nFonte: elaborado pelo autor<br \/>\n6\u00ba passo: determine os pontos m\u00e9dios dos lados dos tri\u00e2ngulos que est\u00e3o em azul.<br \/>\n7<br \/>\nFonte: elaborado pelo autor<br \/>\n7\u00ba passo: Construa os novos tri\u00e2ngulos a partir dos pontos m\u00e9dios. Mude a cor dos novos<br \/>\ntri\u00e2ngulos.<br \/>\nFonte: elaborado pelo autor<br \/>\n5. Reflex\u00e3o e An\u00e1lise:<br \/>\n&#8211; Reflita sobre a experi\u00eancia. Anote suas observa\u00e7\u00f5es sobre a autossimilaridade, a repeti\u00e7\u00e3o de<br \/>\npadr\u00f5es e a complexidade do processo de constru\u00e7\u00e3o do fractal.<br \/>\nChecklist:<br \/>\n-Providenciar os materiais necess\u00e1rios (papel, l\u00e1pis\/caneta, tesoura e r\u00e9gua)<br \/>\n-Constru\u00e7\u00e3o dos fractais<br \/>\n-Autorreflex\u00e3o<br \/>\n8<br \/>\nRESULTADOS<br \/>\nResultados de Aprendizagem:<br \/>\nVoc\u00ea dever\u00e1 entregar um relat\u00f3rio contemplando as seguintes informa\u00e7\u00f5es conforme<br \/>\nsegue.<br \/>\nMODELO DE RELAT\u00d3RIO<br \/>\nI. Nome da disciplina<br \/>\nII. T\u00edtulo da atividade<br \/>\nIII. Apresenta\u00e7\u00e3o das atividades<br \/>\nElabore uma descri\u00e7\u00e3o para as atividades constru\u00eddas. Primeiro descreva a constru\u00e7\u00e3o do fractal<br \/>\nem papel, destacando as vantagens e desvantagens dessa constru\u00e7\u00e3o. Apresente fotos do fractal<br \/>\nconstru\u00eddo. Em um segundo momento descreva a constru\u00e7\u00e3o do fractal utilizando o software<br \/>\ndestacando tamb\u00e9m as vantagens e desvantagens da utiliza\u00e7\u00e3o do software para a constru\u00e7\u00e3o.<br \/>\nVoc\u00ea deve apresentar fotos do fractal constru\u00eddo e do passo a passa de sua constru\u00e7\u00e3o. Ao final<br \/>\ndestaque quais s\u00e3o os conte\u00fados matem\u00e1ticos que podem ser explorados por meio dessas duas<br \/>\nconstru\u00e7\u00f5es.<br \/>\nIV. Potencialidades do objeto para o ensino e aprendizagem de Matem\u00e1tica<br \/>\nElabore um texto, contendo de 2 a 3 p\u00e1ginas, discutindo sobre as potencialidades da<br \/>\nutiliza\u00e7\u00e3o de materiais manipul\u00e1veis e softwares para o ensino e aprendizagem de<br \/>\nMatem\u00e1tica. Destaque, durante seu texto, os pontos positivos e negativos de utilizar essas<br \/>\nduas estrat\u00e9gias, como podem ser inseridas durante as aulas para o trabalho com os<br \/>\nconte\u00fados relacionados, para qual etapa da Educa\u00e7\u00e3o B\u00e1sica seria mais indicado trabalhar<br \/>\ncom essas duas atividades, entre outras quest\u00f5es que voc\u00ea julgar relevantes diante dessa<br \/>\ntem\u00e1tica. Para enriquecer seu texto, voc\u00ea pode apresentar exemplos de atividades que<br \/>\npoderiam ser desenvolvidas com o uso dessas estrat\u00e9gias;.<br \/>\nV. Refer\u00eancias<br \/>\nUtilize as normas da ABNT para a indica\u00e7\u00e3o das refer\u00eancias de todos os materiais consultados<br \/>\npara a elabora\u00e7\u00e3o do seu relat\u00f3rio.<\/p>\n<div class=\"elementor-toggle-item\">\n<div class=\"elementor-toggle-item\">\n<p id=\"elementor-tab-title-1941\" class=\"elementor-tab-title elementor-active\" tabindex=\"0\" role=\"tab\" data-tab=\"1\" aria-controls=\"elementor-tab-content-1941\" aria-expanded=\"true\" aria-selected=\"true\"><strong>Como funciona?<\/strong><\/p>\n<p>Elaboramos os portf\u00f3lios, j\u00e1 deixamos prontos, nas normas da ABNT e conforme os requisitos da universidade. F\u00e1cil assim! O MELHOR \u00c9 QUE VOC\u00ca COMPRA E J\u00c1 BAIXA NA HORA O SEU ARQUIVO EM WORD! Sabemos que conciliar trabalho, fam\u00edlia, vida profissional e estudos \u00e9 dif\u00edcil hoje em dia, por isso, estamos aqui para ajudar voc\u00ea. Conte com nossa qualidade, experi\u00eancia e profissionalismo adquirindo seu portf\u00f3lio conosco. GARANTIMOS SEU CONCEITO!<\/p>\n<p><strong>Como se realizam os envios?<\/strong><\/p>\n<\/div>\n<p id=\"elementor-tab-content-1942\" class=\"elementor-tab-content elementor-clearfix elementor-active\" role=\"tabpanel\" data-tab=\"2\" aria-labelledby=\"elementor-tab-title-1942\">O seu trabalho \u00e9 disponibilizado pronto, respondido e nas normas j\u00e1 na mesma hora aqui em nosso site na sua \u00e1rea de downloads e tamb\u00e9m no seu e-mail.<\/p>\n<p><strong>Em quanto tempo recebo o portf\u00f3lio?<\/strong><\/p>\n<p>Os envios s\u00e3o imediatos. Ap\u00f3s sua compra, o trabalho j\u00e1 \u00e9 disponibilizado instantaneamente aqui em nosso site e no seu e-mail.<\/p>\n<p><strong>E se o portf\u00f3lio que comprei precisar de corre\u00e7\u00e3o?<\/strong><\/p>\n<p>Caso haja alguma solicita\u00e7\u00e3o de corre\u00e7\u00e3o\/altera\u00e7\u00e3o por parte do tutor, basta entrar em contato conosco pelo\u00a0WhatsApp\u00a0que provid\u00eanciaremos sem custo algum.<\/p>\n<p><strong>Qual o formato do arquivo?<\/strong><\/p>\n<p>Os arquivos s\u00e3o enviados em formato Word e s\u00e3o edit\u00e1veis.<\/p>\n<p><strong>Caso eu tiver alguma d\u00favida, terei suporte no p\u00f3s venda?<\/strong><\/p>\n<p>Sim, com certeza. Basta clicar no \u00edcone do WhatsApp no cantinho da tela. Ser\u00e1 um prazer atend\u00ea-lo(a).<\/p>\n<div id=\"elementor-tab-content-1948\" class=\"elementor-tab-content elementor-clearfix elementor-active\" role=\"tabpanel\" data-tab=\"8\" aria-labelledby=\"elementor-tab-title-1948\">\n<p><strong>Quais os seus canais de contato?<\/strong><\/p>\n<\/div>\n<div id=\"elementor-tab-content-1949\" class=\"elementor-tab-content elementor-clearfix elementor-active\" role=\"tabpanel\" data-tab=\"9\" aria-labelledby=\"elementor-tab-title-1949\">\n<p>Whatsapp: 53 984751621 \u2013 Clicar no canto da tela ou ESCANEIE O QRCODE ABAIXO<\/p>\n<h4><img decoding=\"async\" class=\"alignnone wp-image-13699 jetpack-lazy-image jetpack-lazy-image--handled\" src=\"https:\/\/i0.wp.com\/portifolioos-prontos.com\/wp-content\/uploads\/2023\/02\/whatsapp-business-projeto-de-extensao-300x300.jpeg?resize=144%2C144\" sizes=\"(max-width: 144px) 100vw, 144px\" srcset=\"https:\/\/i0.wp.com\/portifolioos-prontos.com\/wp-content\/uploads\/2023\/02\/whatsapp-business-projeto-de-extensao.jpeg?resize=300%2C301&amp;ssl=1 300w, https:\/\/i0.wp.com\/portifolioos-prontos.com\/wp-content\/uploads\/2023\/02\/whatsapp-business-projeto-de-extensao.jpeg?resize=150%2C150&amp;ssl=1 150w, https:\/\/i0.wp.com\/portifolioos-prontos.com\/wp-content\/uploads\/2023\/02\/whatsapp-business-projeto-de-extensao.jpeg?resize=370%2C372&amp;ssl=1 370w, https:\/\/i0.wp.com\/portifolioos-prontos.com\/wp-content\/uploads\/2023\/02\/whatsapp-business-projeto-de-extensao.jpeg?resize=100%2C100&amp;ssl=1 100w, https:\/\/i0.wp.com\/portifolioos-prontos.com\/wp-content\/uploads\/2023\/02\/whatsapp-business-projeto-de-extensao.jpeg?w=470&amp;ssl=1 470w\" alt=\"projeto de extens\u00e3o unopar\" width=\"144\" height=\"144\" data-lazy-loaded=\"1\" \/><\/h4>\n<\/div>\n<div class=\"elementor-toggle-item\">\n<div id=\"elementor-tab-content-1949\" class=\"elementor-tab-content elementor-clearfix elementor-active\" role=\"tabpanel\" data-tab=\"9\" aria-labelledby=\"elementor-tab-title-1949\">\n<p>E-mail:portifoliosp@gmail.com<\/p>\n<div id=\"attachment_143\" class=\"wp-caption alignnone\">\n<div id=\"attachment_143\" class=\"wp-caption alignnone\">\n<p id=\"caption-attachment-143\" class=\"wp-caption-text\"><a href=\"http:\/\/portfolio-pronto.com\/\">Portf\u00f3lio<\/a>\u00a0em Word, respondido, completo e j\u00e1 nas normas<\/p>\n<\/div>\n<\/div>\n<\/div>\n<\/div>\n<\/div>\n","protected":false},"excerpt":{"rendered":"<div class=\"product-short-description\">\n<div class=\"product-short-description\">\n<p><strong>Pague pelo PIX ou cart\u00e3o e fa\u00e7a o download agora mesmo.<\/strong><\/p>\n<\/div>\n<div class=\"sticky-add-to-cart-wrapper\">\n<div class=\"sticky-add-to-cart\">\n<p class=\"quantity buttons_added form-flat\"><img decoding=\"async\" class=\"lazyloaded smush-image-5 smush-image-3 smush-image-4 smush-detected-img smush-image-bigger-3\" src=\"https:\/\/d26lpennugtm8s.cloudfront.net\/assets\/common\/img\/logos\/payment\/visa@2x.png\" width=\"46\" height=\"29\" data-src=\"https:\/\/d26lpennugtm8s.cloudfront.net\/assets\/common\/img\/logos\/payment\/visa@2x.png\" \/><img decoding=\"async\" class=\"lazyloaded smush-image-6 smush-image-4 smush-image-5 smush-detected-img smush-image-bigger-4\" src=\"https:\/\/d26lpennugtm8s.cloudfront.net\/assets\/common\/img\/logos\/payment\/boleto@2x.png\" width=\"43\" height=\"27\" data-src=\"https:\/\/d26lpennugtm8s.cloudfront.net\/assets\/common\/img\/logos\/payment\/boleto@2x.png\" \/><img loading=\"lazy\" decoding=\"async\" class=\"lazyloaded smush-image-7 smush-image-5 smush-image-6 smush-detected-img smush-image-bigger-5\" src=\"https:\/\/d26lpennugtm8s.cloudfront.net\/assets\/common\/img\/logos\/payment\/mastercard@2x.png\" width=\"43\" height=\"27\" data-src=\"https:\/\/d26lpennugtm8s.cloudfront.net\/assets\/common\/img\/logos\/payment\/mastercard@2x.png\" \/><img loading=\"lazy\" decoding=\"async\" class=\"lazyloaded smush-image-8 smush-image-6 smush-image-7 smush-detected-img smush-image-bigger-6\" src=\"https:\/\/d26lpennugtm8s.cloudfront.net\/assets\/common\/img\/logos\/payment\/amex@2x.png\" width=\"43\" height=\"27\" data-src=\"https:\/\/d26lpennugtm8s.cloudfront.net\/assets\/common\/img\/logos\/payment\/amex@2x.png\" \/><img loading=\"lazy\" decoding=\"async\" class=\"lazyloaded smush-image-9 smush-image-7 smush-image-8 smush-detected-img smush-image-bigger-7\" src=\"https:\/\/d26lpennugtm8s.cloudfront.net\/assets\/common\/img\/logos\/payment\/diners@2x.png\" width=\"46\" height=\"29\" data-src=\"https:\/\/d26lpennugtm8s.cloudfront.net\/assets\/common\/img\/logos\/payment\/diners@2x.png\" \/><img loading=\"lazy\" decoding=\"async\" class=\"lazyloaded smush-image-10 smush-image-8 smush-image-9 alignnone smush-detected-img smush-image-bigger-8\" src=\"https:\/\/d26lpennugtm8s.cloudfront.net\/assets\/common\/img\/logos\/payment\/br\/elo@2x.png\" alt=\"portf\u00f3lio unopar anhanguera\" width=\"45\" height=\"28\" data-src=\"https:\/\/d26lpennugtm8s.cloudfront.net\/assets\/common\/img\/logos\/payment\/br\/elo@2x.png\" \/><img loading=\"lazy\" decoding=\"async\" class=\"lazyloaded smush-image-11 smush-image-9 smush-image-10 alignnone smush-detected-img smush-image-bigger-9\" src=\"https:\/\/d26lpennugtm8s.cloudfront.net\/assets\/common\/img\/logos\/payment\/br\/hipercard@2x.png\" alt=\"portf\u00f3lio unopar anhanguera\" width=\"44\" height=\"28\" data-src=\"https:\/\/d26lpennugtm8s.cloudfront.net\/assets\/common\/img\/logos\/payment\/br\/hipercard@2x.png\" \/><img loading=\"lazy\" decoding=\"async\" class=\"lazyloaded smush-image-12 smush-image-10 smush-image-11 alignnone smush-detected-img smush-image-bigger-10\" src=\"https:\/\/d26lpennugtm8s.cloudfront.net\/assets\/common\/img\/logos\/payment\/mercadopago@2x.png\" alt=\"portf\u00f3lio unopar anhanguera\" width=\"45\" height=\"28\" data-src=\"https:\/\/d26lpennugtm8s.cloudfront.net\/assets\/common\/img\/logos\/payment\/mercadopago@2x.png\" \/><img loading=\"lazy\" decoding=\"async\" class=\"alignnone lazyloaded smush-detected-img smush-image-bigger-11\" src=\"https:\/\/futurium.com.br\/wp-content\/uploads\/2021\/06\/logo-pix-icone-512.png\" alt=\"portfolio pronto\" width=\"30\" height=\"30\" data-src=\"https:\/\/futurium.com.br\/wp-content\/uploads\/2021\/06\/logo-pix-icone-512.png\" \/><\/p>\n<\/div>\n<\/div>\n<\/div>\n","protected":false},"featured_media":29236,"template":"","meta":{"_seopress_robots_primary_cat":"","_seopress_titles_title":"%%post_title%% %%sitetitle%%","_seopress_titles_desc":"%%post_content%%","_seopress_robots_index":""},"product_cat":[15],"product_tag":[],"class_list":{"0":"post-29232","1":"product","2":"type-product","3":"status-publish","4":"has-post-thumbnail","6":"product_cat-uncategorized","8":"first","9":"instock","10":"downloadable","11":"virtual","12":"purchasable","13":"product-type-simple","14":"col-xs-6 col-sm-4","15":"col-mf-5","16":"un-5-cols"},"jetpack_sharing_enabled":true,"_links":{"self":[{"href":"https:\/\/portifolioos-prontos.com\/index.php\/wp-json\/wp\/v2\/product\/29232","targetHints":{"allow":["GET"]}}],"collection":[{"href":"https:\/\/portifolioos-prontos.com\/index.php\/wp-json\/wp\/v2\/product"}],"about":[{"href":"https:\/\/portifolioos-prontos.com\/index.php\/wp-json\/wp\/v2\/types\/product"}],"version-history":[{"count":0,"href":"https:\/\/portifolioos-prontos.com\/index.php\/wp-json\/wp\/v2\/product\/29232\/revisions"}],"wp:featuredmedia":[{"embeddable":true,"href":"https:\/\/portifolioos-prontos.com\/index.php\/wp-json\/wp\/v2\/media\/29236"}],"wp:attachment":[{"href":"https:\/\/portifolioos-prontos.com\/index.php\/wp-json\/wp\/v2\/media?parent=29232"}],"wp:term":[{"taxonomy":"product_cat","embeddable":true,"href":"https:\/\/portifolioos-prontos.com\/index.php\/wp-json\/wp\/v2\/product_cat?post=29232"},{"taxonomy":"product_tag","embeddable":true,"href":"https:\/\/portifolioos-prontos.com\/index.php\/wp-json\/wp\/v2\/product_tag?post=29232"}],"curies":[{"name":"wp","href":"https:\/\/api.w.org\/{rel}","templated":true}]}}