{"id":29465,"date":"2024-09-05T22:36:48","date_gmt":"2024-09-06T01:36:48","guid":{"rendered":"https:\/\/portifolioos-prontos.com\/?post_type=product&#038;p=29465"},"modified":"2025-08-30T14:24:16","modified_gmt":"2025-08-30T17:24:16","slug":"projeto-de-extensao-ii-sistemas-de-informacao","status":"publish","type":"product","link":"https:\/\/portifolioos-prontos.com\/index.php\/product\/projeto-de-extensao-ii-sistemas-de-informacao\/","title":{"rendered":"Projeto de Extens\u00e3o II &#8211; Sistemas de Informa\u00e7\u00e3o"},"content":{"rendered":"<h5>Projeto de Extens\u00e3o II &#8211; Sistemas de Informa\u00e7\u00e3o<\/h5>\n<table style=\"height: 5631px;\" width=\"640\">\n<tbody>\n<tr>\n<td colspan=\"11\">CURSO:<\/td>\n<\/tr>\n<tr>\n<td colspan=\"11\"><strong>SISTEMAS DE INFORMA\u00c7\u00c3O &#8211; BACHARELADO<\/strong><\/td>\n<\/tr>\n<tr>\n<td colspan=\"11\">COMPONENTE CURRICULAR:<\/td>\n<\/tr>\n<tr>\n<td colspan=\"11\"><strong>PROJETO DE EXTENS\u00c3O II &#8211; SISTEMAS DE INFORMA\u00c7\u00c3O<\/strong><\/td>\n<\/tr>\n<tr>\n<td colspan=\"11\">PROGRAMA DE EXTENS\u00c3O:<\/td>\n<\/tr>\n<tr>\n<td colspan=\"11\"><strong>PROGRAMA DE A\u00c7\u00c3O E DIFUS\u00c3O CULTURAL.<\/strong><\/td>\n<\/tr>\n<tr>\n<td colspan=\"11\"><strong>\u00a0<\/strong><\/td>\n<\/tr>\n<tr>\n<td colspan=\"11\">FINALIDADE E MOTIVA\u00c7\u00c3O:<\/td>\n<\/tr>\n<tr>\n<td colspan=\"11\">A extens\u00e3o universit\u00e1ria voltada ao programa de a\u00e7\u00e3o e difus\u00e3o cultural do Bacharelado em Sistemas de Informa\u00e7\u00e3o, tem por finalidade utilizar os conhecimentos relacionados a tecnologia da informa\u00e7\u00e3o para promover formas de auxiliar as pessoas ou grupos ligados \u00e0 atividades culturais. Dessa forma, as atividades podem ser desenvolvidas em: secretaria da cultura, pinacotecas, teatros, grupos de artesanato, bandas, entre outros grupos ou locais relacionado \u00e0 atividades culturais.<\/td>\n<\/tr>\n<tr>\n<td colspan=\"11\">COMPET\u00caNCIAS:<\/td>\n<\/tr>\n<tr>\n<td colspan=\"11\">I &#8211; Especificar, projetar e implementar solu\u00e7\u00f5es de TI para sistemas de informa\u00e7\u00e3o;<\/p>\n<p>II &#8211; Estruturar, analisar e modelar problemas e propor solu\u00e7\u00f5es algor\u00edtmicas;<\/p>\n<p>III &#8211; Implantar, evoluir e administrar solu\u00e7\u00f5es de TI para sistemas de informa\u00e7\u00e3o.<\/td>\n<\/tr>\n<tr>\n<td colspan=\"11\">PERFIL DO EGRESSO:<\/td>\n<\/tr>\n<tr>\n<td colspan=\"11\">No curso de Sistemas de Informa\u00e7\u00e3o, o perfil do egresso visa uma forma\u00e7\u00e3o profissional atualizado, criativo e atento as novas tend\u00eancias e tecnologias. A atua\u00e7\u00e3o frente ao programa de a\u00e7\u00e3o e difus\u00e3o cultural, demonstra as habilidades de comunica\u00e7\u00e3o interpessoal, resolu\u00e7\u00e3o de problemas e flexibilidade, capaz de desenvolver solu\u00e7\u00f5es tecnol\u00f3gicas dentro dos princ\u00edpios \u00e9ticos. Tais atividades proporcionam al\u00e9m da compreens\u00e3o de outros contextos social pelo contato com diferentes realidades e culturas, atuar de forma ativa na promo\u00e7\u00e3o das atividades de cunho art\u00edstico e cultural.<\/td>\n<\/tr>\n<tr>\n<td colspan=\"11\">SOFT SKILLS (COMPET\u00caNCIAS SOCIOEMOCIONAIS):<\/td>\n<\/tr>\n<tr>\n<td colspan=\"11\">An\u00e1lise e resolu\u00e7\u00e3o de problemas<br \/>\nFlexibilidade e adapta\u00e7\u00e3o<br \/>\nComunica\u00e7\u00e3o Interpessoal<\/td>\n<\/tr>\n<tr>\n<td colspan=\"11\">OBJETIVOS DE APRENDIZAGEM:<\/td>\n<\/tr>\n<tr>\n<td colspan=\"11\">As a\u00e7\u00f5es de extens\u00e3o do programa voltado a cultura ao Bacharelado em Sistemas de Informa\u00e7\u00e3o, tem como objetivo utilizar os conhecimentos t\u00e9cnicos relacionados a tecnologia da informa\u00e7\u00e3o, a fim de auxiliar os profissionais relacionados a atividades culturais. Os desenvolvimentos, podem de alguma forma prover a divulga\u00e7\u00e3o de produtos ou servi\u00e7os, auxiliar no planejamento, organiza\u00e7\u00e3o e gerenciamento das atividades, entre diversas outras possibilidades, desde que estejam relacionadas a cultura.<\/td>\n<\/tr>\n<tr>\n<td colspan=\"11\">CONTE\u00daDOS:<\/td>\n<\/tr>\n<tr>\n<td colspan=\"11\">I &#8211; L\u00f3gica Matem\u00e1tica e Matem\u00e1tica Discreta;<\/p>\n<p>II &#8211; Algoritmos e Estruturas de Dados;<\/p>\n<p>III &#8211; Engenharia de Software;<\/p>\n<p>IV &#8211; Concep\u00e7\u00e3o e Modelagem de Sistemas de Informa\u00e7\u00e3o;<\/p>\n<p>V &#8211; Gerenciamento de Projetos;<\/p>\n<p>VI &#8211; Modelagem e Gest\u00e3o de Processos de Neg\u00f3cio;<\/p>\n<p>VII &#8211; Banco de Dados.<\/td>\n<\/tr>\n<tr>\n<td colspan=\"11\">INDICA\u00c7\u00d5ES BIBLIOGR\u00c1FICAS:<\/td>\n<\/tr>\n<tr>\n<td colspan=\"11\">MILETTO, Evandro Manara; BERTAGNOLLI, Silvia de Castro (orgs.). Desenvolvimento de software II: introdu\u00e7\u00e3o ao desenvolvimento web com HTML, CSS, JavaScript e PHP. Porto Alegre: Bookman, 2014.<\/p>\n<p>OKUYAMA, Fabio Yoshimitsu; MILETTO, Evandro Manara; NICOLAO, Mariano. Desenvolvimento de software I: conceitos b\u00e1sicos. Porto Alegre: Bookman, 2014.<\/p>\n<p>JOYANES AGUILAR, Luis. Fundamentos de programa\u00e7\u00e3o: algoritmos, estruturas de dados e objetos. 3. ed. Dados eletr\u00f4nicos. Porto Alegre : AMGH, 2011.<\/td>\n<\/tr>\n<tr>\n<td colspan=\"11\"><strong>RELAT\u00d3RIO FINAL<\/strong><strong>:<\/strong><\/td>\n<\/tr>\n<tr>\n<td colspan=\"11\">Aluno e Aluna, ap\u00f3s realizar suas atividades de extens\u00e3o, \u00e9 necess\u00e1rio que voc\u00ea o formalize, <strong>enviando esse Relat\u00f3rio Final para ser avaliado junto ao seu Ambiente Virtual (AVA)<\/strong> e tamb\u00e9m para voc\u00ea poder comprovar sua atua\u00e7\u00e3o.<\/p>\n<p>Para o preenchimento, busque as anota\u00e7\u00f5es junto ao TEMPLATE PCDA para auxiliar na apresenta\u00e7\u00e3o das atividades desenvolvidas.<\/p>\n<p>Todos os campos s\u00e3o de preenchimento obrigat\u00f3rio!<\/td>\n<\/tr>\n<tr>\n<td colspan=\"11\"><strong>DESCRI\u00c7\u00c3O DA A\u00c7\u00c3O COM RESULTADOS ALCAN\u00c7ADOS<\/strong><\/td>\n<\/tr>\n<tr>\n<td colspan=\"11\">Metas dos Objetivos de Desenvolvimento Sustent\u00e1vel (ODS) aderentes a este projeto:<\/p>\n<p><strong>CAMPO OBRIGAT\u00d3RIO \u2013 busque no seu Template PDCA quais Metas voc\u00ea selecionou como aderentes ao seu projeto, conforme cada Objetivo de Desenvolvimento Sustent\u00e1vel (ODS) da Organiza\u00e7\u00e3o das Na\u00e7\u00f5es Unidas (ONU) que voc\u00ea explorou no seu planejamento. <\/strong><\/p>\n<p><strong>\u00a0<\/strong><\/p>\n<p><strong>Liste as Metas selecionadas (pelo menos uma op\u00e7\u00e3o):<\/strong><\/td>\n<\/tr>\n<tr>\n<td colspan=\"11\"><\/td>\n<\/tr>\n<tr>\n<td colspan=\"11\">Local de realiza\u00e7\u00e3o da atividade extensionista:<\/td>\n<\/tr>\n<tr>\n<td colspan=\"11\"><\/td>\n<\/tr>\n<tr>\n<td colspan=\"11\">Durante a a\u00e7\u00e3o:<\/td>\n<\/tr>\n<tr>\n<td colspan=\"11\"><\/td>\n<\/tr>\n<tr>\n<td colspan=\"11\">Caso necess\u00e1rio, houve mudan\u00e7a de estrat\u00e9gia para alcan\u00e7ar o resultado:<\/td>\n<\/tr>\n<tr>\n<td colspan=\"11\"><\/td>\n<\/tr>\n<tr>\n<td colspan=\"11\">Resultado da a\u00e7\u00e3o:<\/td>\n<\/tr>\n<tr>\n<td colspan=\"11\"><\/td>\n<\/tr>\n<tr>\n<td colspan=\"11\">Conclus\u00e3o:<\/td>\n<\/tr>\n<tr>\n<td colspan=\"11\"><\/td>\n<\/tr>\n<tr>\n<td colspan=\"11\">Depoimentos (se houver):<\/td>\n<\/tr>\n<tr>\n<td colspan=\"11\"><\/td>\n<\/tr>\n<tr>\n<td colspan=\"11\"><strong>RELATE SUA PERCEP\u00c7\u00c3O DAS A\u00c7\u00d5ES EXTENSIONISTAS REALIZADAS NO PROGRAMA DESENVOLVIDO<\/strong><strong>:<\/strong><\/p>\n<p><strong>CAMPO OBRIGAT\u00d3RIO \u2013 relate em no m\u00ednimo 15 (quinze) linhas sua experi\u00eancia com as a\u00e7\u00f5es extensionistas. O texto deve ser de sua autoria e in\u00e9dito, evite pl\u00e1gio. <\/strong><\/p>\n<p><strong>Quest\u00f5es norteadoras:<\/strong><\/p>\n<p><strong>(1)\u00a0\u00a0\u00a0\u00a0\u00a0\u00a0\u00a0\u00a0\u00a0\u00a0\u00a0\u00a0 <\/strong><strong>Voc\u00ea notou que suas habilidades profissionais foram aprimoradas, com a atua\u00e7\u00e3o nas a\u00e7\u00f5es extensionistas?<\/strong><\/p>\n<p><strong>(2)\u00a0\u00a0\u00a0\u00a0\u00a0\u00a0\u00a0\u00a0\u00a0\u00a0\u00a0\u00a0 <\/strong><strong>Voc\u00ea identificou melhoria\/resolu\u00e7\u00e3o do problema identificado?<\/strong><\/p>\n<p><strong>(3)\u00a0\u00a0\u00a0\u00a0\u00a0\u00a0\u00a0\u00a0\u00a0\u00a0\u00a0\u00a0 <\/strong><strong>Voc\u00ea conseguiu articular os conhecimentos adquiridos no curso com as a\u00e7\u00f5es extensionistas?<\/strong><\/p>\n<p><strong>Ao escrever seu texto evite deix\u00e1-lo em forma de respostas as quest\u00f5es norteadoras, relate sua experi\u00eancia em forma de texto dissertativo com justificativas.<\/strong><\/td>\n<\/tr>\n<tr>\n<td colspan=\"11\"><strong>\u00a0<\/strong><\/td>\n<\/tr>\n<tr>\n<td colspan=\"11\"><strong>DEPOIMENTO DA INSTITUI\u00c7\u00c3O PARTICIPANTE<\/strong><\/p>\n<p><strong>CAMPO OBRIGAT\u00d3RIO &#8211; insira depoimento(s) do(s) gestor(es) da institui\u00e7\u00e3o\/\u00f3rg\u00e3o\/associa\u00e7\u00e3o participante que contribuam como um feedback da a\u00e7\u00e3o realizada por voc\u00ea. <\/strong><\/p>\n<p><strong>\u00a0<\/strong><\/td>\n<\/tr>\n<tr>\n<td colspan=\"11\"><strong>\u00a0<\/strong><\/td>\n<\/tr>\n<tr>\n<td colspan=\"11\"><strong>REFER\u00caNCIAS BIBLIOGR\u00c1FICAS<\/strong><\/p>\n<p><strong>CAMPO OBRIGAT\u00d3RIO \u2013 Siga a normas ABNT, para isso consulte sua Biblioteca Virtual;<\/strong><\/p>\n<p><strong>Utilize como refer\u00eancias bibliogr\u00e1ficas as indica\u00e7\u00f5es do Campo: Indica\u00e7\u00f5es Bibliogr\u00e1ficas e as demais refer\u00eancias utilizadas no desenvolvimento do seu projeto.<\/strong><\/p>\n<p><strong>\u00a0<\/strong><\/td>\n<\/tr>\n<tr>\n<td colspan=\"11\"><strong>\u00a0<\/strong><\/td>\n<\/tr>\n<tr>\n<td colspan=\"11\"><strong>AUTOAVALIA\u00c7\u00c3O DA ATIVIDADE<\/strong><strong>:<\/strong><\/td>\n<\/tr>\n<tr>\n<td colspan=\"11\">Realize a sua avalia\u00e7\u00e3o em rela\u00e7\u00e3o \u00e0 atividade desenvolvida considerando uma escala de 0 a 10 para cada pergunta, assinalando com um X:<\/td>\n<\/tr>\n<tr>\n<td colspan=\"11\">1. A atividade permitiu o desenvolvimento do projeto de extens\u00e3o articulando as compet\u00eancias e conte\u00fados propostos junto ao Curso?<\/td>\n<\/tr>\n<tr>\n<td>0<\/td>\n<td>1<\/td>\n<td>2<\/td>\n<td>3<\/td>\n<td>4<\/td>\n<td>5<\/td>\n<td>6<\/td>\n<td>7<\/td>\n<td>8<\/td>\n<td>9<\/td>\n<td>10<\/td>\n<\/tr>\n<tr>\n<td>()<\/td>\n<td>()<\/td>\n<td>()<\/td>\n<td>()<\/td>\n<td>()<\/td>\n<td>()<\/td>\n<td>()<\/td>\n<td>()<\/td>\n<td>()<\/td>\n<td>()<\/td>\n<td>()<\/td>\n<\/tr>\n<tr>\n<td colspan=\"11\">2. \u00a0A atividade possui carga hor\u00e1ria suficiente para a sua realiza\u00e7\u00e3o?<\/td>\n<\/tr>\n<tr>\n<td>0<\/td>\n<td>1<\/td>\n<td>2<\/td>\n<td>3<\/td>\n<td>4<\/td>\n<td>5<\/td>\n<td>6<\/td>\n<td>7<\/td>\n<td>8<\/td>\n<td>9<\/td>\n<td>10<\/td>\n<\/tr>\n<tr>\n<td>()<\/td>\n<td>()<\/td>\n<td>()<\/td>\n<td>()<\/td>\n<td>()<\/td>\n<td>()<\/td>\n<td>()<\/td>\n<td>()<\/td>\n<td>()<\/td>\n<td>()<\/td>\n<td>()<\/td>\n<\/tr>\n<tr>\n<td colspan=\"11\">3. A atividade \u00e9 relevante para a sua forma\u00e7\u00e3o e articula\u00e7\u00e3o de compet\u00eancias e conte\u00fados?<\/td>\n<\/tr>\n<tr>\n<td>0<\/td>\n<td>1<\/td>\n<td>2<\/td>\n<td>3<\/td>\n<td>4<\/td>\n<td>5<\/td>\n<td>6<\/td>\n<td>7<\/td>\n<td>8<\/td>\n<td>9<\/td>\n<td>10<\/td>\n<\/tr>\n<tr>\n<td>()<\/td>\n<td>()<\/td>\n<td>()<\/td>\n<td>()<\/td>\n<td>()<\/td>\n<td>()<\/td>\n<td>()<\/td>\n<td>()<\/td>\n<td>()<\/td>\n<td>()<\/td>\n<td>()<\/td>\n<\/tr>\n<tr>\n<td colspan=\"11\">4. A atividade contribui para o cumprimento dos objetivos definidos pela Institui\u00e7\u00e3o de Ensino (IES) e Curso, observando o Plano de Desenvolvimento Institucional e Projeto Pedag\u00f3gico de Curso vigentes?<\/td>\n<\/tr>\n<tr>\n<td>0<\/td>\n<td>1<\/td>\n<td>2<\/td>\n<td>3<\/td>\n<td>4<\/td>\n<td>5<\/td>\n<td>6<\/td>\n<td>7<\/td>\n<td>8<\/td>\n<td>9<\/td>\n<td>10<\/td>\n<\/tr>\n<tr>\n<td>()<\/td>\n<td>()<\/td>\n<td>()<\/td>\n<td>()<\/td>\n<td>()<\/td>\n<td>()<\/td>\n<td>()<\/td>\n<td>()<\/td>\n<td>()<\/td>\n<td>()<\/td>\n<td>()<\/td>\n<\/tr>\n<tr>\n<td colspan=\"11\">5. A atividade contribui para a melhoria da sociedade por meio dos resultados demonstrados no relat\u00f3rio ou pelos relatos apresentados pelos envolvidos?<\/td>\n<\/tr>\n<tr>\n<td>0<\/td>\n<td>1<\/td>\n<td>2<\/td>\n<td>3<\/td>\n<td>4<\/td>\n<td>5<\/td>\n<td>6<\/td>\n<td>7<\/td>\n<td>8<\/td>\n<td>9<\/td>\n<td>10<\/td>\n<\/tr>\n<tr>\n<td>()<\/td>\n<td>()<\/td>\n<td>()<\/td>\n<td>()<\/td>\n<td>()<\/td>\n<td>()<\/td>\n<td>()<\/td>\n<td>()<\/td>\n<td>()<\/td>\n<td>()<\/td>\n<td>()<\/td>\n<\/tr>\n<tr>\n<td colspan=\"11\">6. \u00a0A atividade permite o desenvolvimento de a\u00e7\u00f5es junto \u00e0 Inicia\u00e7\u00e3o Cient\u00edfica e ao Ensino?<\/td>\n<\/tr>\n<tr>\n<td>0<\/td>\n<td>1<\/td>\n<td>2<\/td>\n<td>3<\/td>\n<td>4<\/td>\n<td>5<\/td>\n<td>6<\/td>\n<td>7<\/td>\n<td>8<\/td>\n<td>9<\/td>\n<td>10<\/td>\n<\/tr>\n<tr>\n<td>()<\/td>\n<td>()<\/td>\n<td>()<\/td>\n<td>()<\/td>\n<td>()<\/td>\n<td>()<\/td>\n<td>()<\/td>\n<td>()<\/td>\n<td>()<\/td>\n<td>()<\/td>\n<td>()<\/td>\n<\/tr>\n<tr>\n<td colspan=\"11\">7. Caso queira contribuir com maior detalhamento, traga seu depoimento\/ sugest\u00e3o.<\/td>\n<\/tr>\n<tr>\n<td colspan=\"11\"><\/td>\n<\/tr>\n<\/tbody>\n<\/table>\n<div class=\"elementor-toggle-item\">\n<div class=\"elementor-toggle-item\">\n<p id=\"elementor-tab-title-1941\" class=\"elementor-tab-title elementor-active\" tabindex=\"0\" role=\"tab\" data-tab=\"1\" aria-controls=\"elementor-tab-content-1941\" aria-expanded=\"true\" aria-selected=\"true\"><strong>Como funciona?<\/strong><\/p>\n<p>Elaboramos os portf\u00f3lios, j\u00e1 deixamos prontos, nas normas da ABNT e conforme os requisitos da universidade. F\u00e1cil assim! O MELHOR \u00c9 QUE VOC\u00ca COMPRA E J\u00c1 BAIXA NA HORA O SEU ARQUIVO EM WORD! Sabemos que conciliar trabalho, fam\u00edlia, vida profissional e estudos \u00e9 dif\u00edcil hoje em dia, por isso, estamos aqui para ajudar voc\u00ea. Conte com nossa qualidade, experi\u00eancia e profissionalismo adquirindo seu portf\u00f3lio conosco. GARANTIMOS SEU CONCEITO!<\/p>\n<p><strong>Como se realizam os envios?<\/strong><\/p>\n<\/div>\n<p id=\"elementor-tab-content-1942\" class=\"elementor-tab-content elementor-clearfix elementor-active\" role=\"tabpanel\" data-tab=\"2\" aria-labelledby=\"elementor-tab-title-1942\">O seu trabalho \u00e9 disponibilizado pronto, respondido e nas normas j\u00e1 na mesma hora aqui em nosso site na sua \u00e1rea de downloads e tamb\u00e9m no seu e-mail.<\/p>\n<p><strong>Em quanto tempo recebo o portf\u00f3lio?<\/strong><\/p>\n<p>Os envios s\u00e3o imediatos. Ap\u00f3s sua compra, o trabalho j\u00e1 \u00e9 disponibilizado instantaneamente aqui em nosso site e no seu e-mail.<\/p>\n<p><strong>E se o portf\u00f3lio que comprei precisar de corre\u00e7\u00e3o?<\/strong><\/p>\n<p>Caso haja alguma solicita\u00e7\u00e3o de corre\u00e7\u00e3o\/altera\u00e7\u00e3o por parte do tutor, basta entrar em contato conosco pelo\u00a0WhatsApp\u00a0que provid\u00eanciaremos sem custo algum.<\/p>\n<p><strong>Qual o formato do arquivo?<\/strong><\/p>\n<p>Os arquivos s\u00e3o enviados em formato Word e s\u00e3o edit\u00e1veis.<\/p>\n<p><strong>Caso eu tiver alguma d\u00favida, terei suporte no p\u00f3s venda?<\/strong><\/p>\n<p>Sim, com certeza. Basta clicar no \u00edcone do WhatsApp no cantinho da tela. Ser\u00e1 um prazer atend\u00ea-lo(a).<\/p>\n<div id=\"elementor-tab-content-1948\" class=\"elementor-tab-content elementor-clearfix elementor-active\" role=\"tabpanel\" data-tab=\"8\" aria-labelledby=\"elementor-tab-title-1948\">\n<p><strong>Quais os seus canais de contato?<\/strong><\/p>\n<\/div>\n<div id=\"elementor-tab-content-1949\" class=\"elementor-tab-content elementor-clearfix elementor-active\" role=\"tabpanel\" data-tab=\"9\" aria-labelledby=\"elementor-tab-title-1949\">\n<p>Whatsapp: 53 984751621 \u2013 Clicar no canto da tela ou ESCANEIE O QRCODE ABAIXO<\/p>\n<h4><img decoding=\"async\" class=\"alignnone wp-image-13699 jetpack-lazy-image jetpack-lazy-image--handled\" src=\"https:\/\/i0.wp.com\/portifolioos-prontos.com\/wp-content\/uploads\/2023\/02\/whatsapp-business-projeto-de-extensao-300x300.jpeg?resize=144%2C144\" sizes=\"(max-width: 144px) 100vw, 144px\" srcset=\"https:\/\/i0.wp.com\/portifolioos-prontos.com\/wp-content\/uploads\/2023\/02\/whatsapp-business-projeto-de-extensao.jpeg?resize=300%2C301&amp;ssl=1 300w, https:\/\/i0.wp.com\/portifolioos-prontos.com\/wp-content\/uploads\/2023\/02\/whatsapp-business-projeto-de-extensao.jpeg?resize=150%2C150&amp;ssl=1 150w, https:\/\/i0.wp.com\/portifolioos-prontos.com\/wp-content\/uploads\/2023\/02\/whatsapp-business-projeto-de-extensao.jpeg?resize=370%2C372&amp;ssl=1 370w, https:\/\/i0.wp.com\/portifolioos-prontos.com\/wp-content\/uploads\/2023\/02\/whatsapp-business-projeto-de-extensao.jpeg?resize=100%2C100&amp;ssl=1 100w, https:\/\/i0.wp.com\/portifolioos-prontos.com\/wp-content\/uploads\/2023\/02\/whatsapp-business-projeto-de-extensao.jpeg?w=470&amp;ssl=1 470w\" alt=\"projeto de extens\u00e3o unopar\" width=\"144\" height=\"144\" data-lazy-loaded=\"1\" \/><\/h4>\n<\/div>\n<div class=\"elementor-toggle-item\">\n<div id=\"elementor-tab-content-1949\" class=\"elementor-tab-content elementor-clearfix elementor-active\" role=\"tabpanel\" data-tab=\"9\" aria-labelledby=\"elementor-tab-title-1949\">\n<p>E-mail:portifoliosp@gmail.com<\/p>\n<div id=\"attachment_143\" class=\"wp-caption alignnone\">\n<div id=\"attachment_143\" class=\"wp-caption alignnone\">\n<p id=\"caption-attachment-143\" class=\"wp-caption-text\"><a href=\"http:\/\/portfolio-pronto.com\/\">Portf\u00f3lio<\/a>\u00a0em Word, respondido, completo e j\u00e1 nas normas<\/p>\n<\/div>\n<\/div>\n<\/div>\n<\/div>\n<\/div>\n","protected":false},"excerpt":{"rendered":"<div class=\"product-short-description\">\n<div class=\"product-short-description\">\n<div><span style=\"color: #ff0000\"><strong>Compre e receba o Relat\u00f3rio Final de Atividades Extensionistas j\u00e1 preenchido, com um projeto totalmente desenvolvido para entrega.<\/strong><\/span><\/div>\n<div class=\"product-short-description\"><strong>Pague pelo PIX ou cart\u00e3o e fa\u00e7a o download agora mesmo.<\/strong><\/div>\n<div class=\"sticky-add-to-cart-wrapper\">\n<div class=\"sticky-add-to-cart\">\n<p class=\"quantity buttons_added form-flat\"><img decoding=\"async\" class=\"lazyloaded smush-image-5 smush-image-3 smush-image-4 smush-detected-img smush-image-bigger-3\" src=\"https:\/\/d26lpennugtm8s.cloudfront.net\/assets\/common\/img\/logos\/payment\/visa@2x.png\" width=\"46\" height=\"29\" data-src=\"https:\/\/d26lpennugtm8s.cloudfront.net\/assets\/common\/img\/logos\/payment\/visa@2x.png\" \/><img decoding=\"async\" class=\"lazyloaded smush-image-6 smush-image-4 smush-image-5 smush-detected-img smush-image-bigger-4\" src=\"https:\/\/d26lpennugtm8s.cloudfront.net\/assets\/common\/img\/logos\/payment\/boleto@2x.png\" width=\"43\" height=\"27\" data-src=\"https:\/\/d26lpennugtm8s.cloudfront.net\/assets\/common\/img\/logos\/payment\/boleto@2x.png\" \/><img loading=\"lazy\" decoding=\"async\" class=\"lazyloaded smush-image-7 smush-image-5 smush-image-6 smush-detected-img smush-image-bigger-5\" src=\"https:\/\/d26lpennugtm8s.cloudfront.net\/assets\/common\/img\/logos\/payment\/mastercard@2x.png\" width=\"43\" height=\"27\" data-src=\"https:\/\/d26lpennugtm8s.cloudfront.net\/assets\/common\/img\/logos\/payment\/mastercard@2x.png\" \/><img loading=\"lazy\" decoding=\"async\" class=\"lazyloaded smush-image-8 smush-image-6 smush-image-7 smush-detected-img smush-image-bigger-6\" src=\"https:\/\/d26lpennugtm8s.cloudfront.net\/assets\/common\/img\/logos\/payment\/amex@2x.png\" width=\"43\" height=\"27\" data-src=\"https:\/\/d26lpennugtm8s.cloudfront.net\/assets\/common\/img\/logos\/payment\/amex@2x.png\" \/><img loading=\"lazy\" decoding=\"async\" class=\"lazyloaded smush-image-9 smush-image-7 smush-image-8 smush-detected-img smush-image-bigger-7\" src=\"https:\/\/d26lpennugtm8s.cloudfront.net\/assets\/common\/img\/logos\/payment\/diners@2x.png\" width=\"46\" height=\"29\" data-src=\"https:\/\/d26lpennugtm8s.cloudfront.net\/assets\/common\/img\/logos\/payment\/diners@2x.png\" \/><img loading=\"lazy\" decoding=\"async\" class=\"lazyloaded smush-image-10 smush-image-8 smush-image-9 alignnone smush-detected-img smush-image-bigger-8\" src=\"https:\/\/d26lpennugtm8s.cloudfront.net\/assets\/common\/img\/logos\/payment\/br\/elo@2x.png\" alt=\"portf\u00f3lio unopar anhanguera\" width=\"45\" height=\"28\" data-src=\"https:\/\/d26lpennugtm8s.cloudfront.net\/assets\/common\/img\/logos\/payment\/br\/elo@2x.png\" \/><img loading=\"lazy\" decoding=\"async\" class=\"lazyloaded smush-image-11 smush-image-9 smush-image-10 alignnone smush-detected-img smush-image-bigger-9\" src=\"https:\/\/d26lpennugtm8s.cloudfront.net\/assets\/common\/img\/logos\/payment\/br\/hipercard@2x.png\" alt=\"portf\u00f3lio unopar anhanguera\" width=\"44\" height=\"28\" data-src=\"https:\/\/d26lpennugtm8s.cloudfront.net\/assets\/common\/img\/logos\/payment\/br\/hipercard@2x.png\" \/><img loading=\"lazy\" decoding=\"async\" class=\"lazyloaded smush-image-12 smush-image-10 smush-image-11 alignnone smush-detected-img smush-image-bigger-10\" src=\"https:\/\/d26lpennugtm8s.cloudfront.net\/assets\/common\/img\/logos\/payment\/mercadopago@2x.png\" alt=\"portf\u00f3lio unopar anhanguera\" width=\"45\" height=\"28\" data-src=\"https:\/\/d26lpennugtm8s.cloudfront.net\/assets\/common\/img\/logos\/payment\/mercadopago@2x.png\" \/><img loading=\"lazy\" decoding=\"async\" class=\"alignnone ls-is-cached lazyloaded smush-detected-img smush-image-bigger-11\" src=\"https:\/\/futurium.com.br\/wp-content\/uploads\/2021\/06\/logo-pix-icone-512.png\" alt=\"portfolio pronto\" width=\"30\" height=\"30\" data-src=\"https:\/\/futurium.com.br\/wp-content\/uploads\/2021\/06\/logo-pix-icone-512.png\" \/><\/p>\n<\/div>\n<\/div>\n<\/div>\n<\/div>\n","protected":false},"featured_media":29468,"template":"","meta":{"_seopress_robots_primary_cat":"none","_seopress_titles_title":"%%post_title%% %%sitetitle%%","_seopress_titles_desc":"%%post_content%%","_seopress_robots_index":""},"product_cat":[150,15],"product_tag":[731],"class_list":{"0":"post-29465","1":"product","2":"type-product","3":"status-publish","4":"has-post-thumbnail","6":"product_cat-sistemas-de-informacao","7":"product_cat-uncategorized","8":"product_tag-projeto-de-extensao-acao-e-difusao-cultural","10":"first","11":"instock","12":"downloadable","13":"virtual","14":"purchasable","15":"product-type-simple","16":"col-xs-6 col-sm-4","17":"col-mf-5","18":"un-5-cols"},"jetpack_sharing_enabled":true,"_links":{"self":[{"href":"https:\/\/portifolioos-prontos.com\/index.php\/wp-json\/wp\/v2\/product\/29465","targetHints":{"allow":["GET"]}}],"collection":[{"href":"https:\/\/portifolioos-prontos.com\/index.php\/wp-json\/wp\/v2\/product"}],"about":[{"href":"https:\/\/portifolioos-prontos.com\/index.php\/wp-json\/wp\/v2\/types\/product"}],"version-history":[{"count":1,"href":"https:\/\/portifolioos-prontos.com\/index.php\/wp-json\/wp\/v2\/product\/29465\/revisions"}],"predecessor-version":[{"id":44133,"href":"https:\/\/portifolioos-prontos.com\/index.php\/wp-json\/wp\/v2\/product\/29465\/revisions\/44133"}],"wp:featuredmedia":[{"embeddable":true,"href":"https:\/\/portifolioos-prontos.com\/index.php\/wp-json\/wp\/v2\/media\/29468"}],"wp:attachment":[{"href":"https:\/\/portifolioos-prontos.com\/index.php\/wp-json\/wp\/v2\/media?parent=29465"}],"wp:term":[{"taxonomy":"product_cat","embeddable":true,"href":"https:\/\/portifolioos-prontos.com\/index.php\/wp-json\/wp\/v2\/product_cat?post=29465"},{"taxonomy":"product_tag","embeddable":true,"href":"https:\/\/portifolioos-prontos.com\/index.php\/wp-json\/wp\/v2\/product_tag?post=29465"}],"curies":[{"name":"wp","href":"https:\/\/api.w.org\/{rel}","templated":true}]}}