{"id":29526,"date":"2024-09-08T13:47:54","date_gmt":"2024-09-08T16:47:54","guid":{"rendered":"https:\/\/portifolioos-prontos.com\/?post_type=product&#038;p=29526"},"modified":"2025-08-03T17:51:26","modified_gmt":"2025-08-03T20:51:26","slug":"aula-pratica-fundamentos-da-inteligencia-artificial","status":"publish","type":"product","link":"https:\/\/portifolioos-prontos.com\/index.php\/product\/aula-pratica-fundamentos-da-inteligencia-artificial\/","title":{"rendered":"Aula Pr\u00e1tica Fundamentos da Intelig\u00eancia Artificial"},"content":{"rendered":"<h5>Aula Pr\u00e1tica Fundamentos da Intelig\u00eancia Artificial<\/h5>\n<p>Roteiro<br \/>\nAula Pr\u00e1tica<br \/>\n2<br \/>\nROTEIRO DE AULA PR\u00c1TICA<br \/>\nNOME DA DISCIPLINA: FUNDAMENTOS DA INTELIG\u00caNCIA ARTIFICIAL<br \/>\nUnidade: U3 _ L\u00d3GICA NEBULOSA<br \/>\nAula: A4_ L\u00d3GICA NEBULOSA EM SISTEMAS ESPECIALISTA<br \/>\nTempo previsto de execu\u00e7\u00e3o de aula pr\u00e1tica: 3h (CAMPO OBRIGAT\u00d3RIO \u2013 N\u00c3O APARECER EM<br \/>\nNENHUM RAP)<br \/>\nOBJETIVOS (campo obrigat\u00f3rio \u2013 exibi\u00e7\u00e3o para todos)<br \/>\nDefini\u00e7\u00e3o dos objetivos da aula pr\u00e1tica:<br \/>\n\u2022 Introduzir o uso do Octave na resolu\u00e7\u00e3o de problemas pr\u00e1ticos de L\u00f3gica Nebulosa.<br \/>\n\u2022 Comparar um programa n\u00e3o baseado em L\u00f3gica Nebulosa com um programa baseado<br \/>\nnessa t\u00e9cnica, apontando as vantagens do segundo tipo em uma classe de problemas<br \/>\nprop\u00edcia para seu uso.<br \/>\n\u2022 Resolver um problema simples usando L\u00f3gica Nebulosa<br \/>\nINFRAESTRUTURA (OBRIGAT\u00d3RIO SE HOUVER \u2013 EXIBI\u00c7\u00c3O DOCENTE\/TUTOR)<br \/>\nInstala\u00e7\u00f5es \u2013 Materiais de consumo \u2013 Equipamentos:<br \/>\nNOME DO LABORAT\u00d3RIO<br \/>\n\u2022 Laborat\u00f3rio de Inform\u00e1tica<br \/>\nEquipamentos:<br \/>\n\u2022 Computador.<br \/>\n~ 1 unid. 1 aluno<br \/>\nSOLU\u00c7\u00c3O DIGITAL (OBRIGAT\u00d3RIO SE HOUVER &#8211; APARECER PARA TODOS)<br \/>\n\u2022 Ocatve Simulador:<br \/>\nGNU Octave \u00e9 uma linguagem computacional, desenvolvida para computa\u00e7\u00e3o matem\u00e1tica.<br \/>\nPossui uma interface em linha de comando para a solu\u00e7\u00e3o de problemas num\u00e9ricos, lineares e<br \/>\nn\u00e3o-lineares, tamb\u00e9m \u00e9 usada em experimentos num\u00e9ricos. Faz parte do projeto GNU, \u00e9 um<br \/>\nsoftware livre sob os termos da licen\u00e7a GPL.<br \/>\nhttps:\/\/octave.org<\/p>\n<p>3<br \/>\nEQUIPAMENTO DE PROTE\u00c7\u00c3O INDIVIDUAL (EPI) (CAMPO OBRIGAT\u00d3RIO \u2013 APARECER<br \/>\nPARA TODOS)<br \/>\nN\u00e3o se aplica<br \/>\nPROCEDIMENTOS PR\u00c1TICOS (OBRIGAT\u00d3RIO \u2013 TODOS)<br \/>\nProcedimento\/Atividade n\u00ba 1<br \/>\nAtividade proposta:<br \/>\nImplantar a solu\u00e7\u00e3o para um problema simples de c\u00e1lculo de gorjeta com base em dois<br \/>\npar\u00e2metros SEM USAR A L\u00d3GICA NEBULOSA PARA FINS DE COMPARA\u00c7\u00c3O:<br \/>\n\u2022 A qualidade da comida servida<br \/>\n\u2022 A Qualidade do servi\u00e7o provido pelo restaurante<br \/>\nComo o julgamento de \u201cbom\u201d e \u201cruim\u201d \u00e9 difuso, a L\u00f3gica Nebulosa \u00e9 uma ferramenta adequada<br \/>\npara atacar o problema do c\u00e1lculo, assumindo que podemos atribuir menos de 10% quando<br \/>\nestamos insatisfeitos e mais de 10% quando formos positivamente surpreendidos pela comida<br \/>\ne\/ou pelo servi\u00e7o.<br \/>\nEm, seguida, o mesmo problema (com os mesmos par\u00e2metros), dever\u00e1 ser resolvido usando a<br \/>\nL\u00f3gica Nebulosa.<br \/>\nImagine-se em um restaurante onde a gorjeta deve ser especificada pelo cliente, que inclusive<br \/>\ndiscrimina o valor a ser cobrado no cart\u00e3o (como est\u00e1 cada vez mais comum em restaurantes<br \/>\nnos dias de hoje, nas capitais e nas grandes cidades). Para gerarmos o valor da gorjeta, devemos<br \/>\nfazer um pequeno c\u00e1lculo mental em fun\u00e7\u00e3o da qualidade da comida e tamb\u00e9m do servi\u00e7o<br \/>\nprestado pelo estabelecimento. Imaginemos que:<br \/>\n\u2022 Se a comida foi de qualidade ruim ou fomos mal atendidos, vamos deixar uma gorjeta<br \/>\npequena, mais pr\u00f3xima de 5%;<br \/>\n\u2022 Se o servi\u00e7o for bom, vamos deixar uma gorjeta mediana, mais pr\u00f3xima de 10%;<br \/>\n\u2022 Se a comida ou o servi\u00e7o nos surpreenderam positivamente, vamos deixar uma gorjeta<br \/>\ngenerosa, mais pr\u00f3xima de 15%;<br \/>\nVamos, ainda, graduar a comida e o servi\u00e7o em uma escala de 0 a 10.<br \/>\nCom esses par\u00e2metros em mente, poder\u00edamos criar um gr\u00e1fico com a gorjeta a ser deixada,<br \/>\nconforme a Figura 1, a seguir:<br \/>\n4<br \/>\nFigura 1 \u2013 Gr\u00e1fico de Defini\u00e7\u00e3o da Gorjeta com base na qualidade da comida e do servi\u00e7o<br \/>\nFonte: autor<br \/>\nNesta primeira fase do exerc\u00edcio, vamos implementar a solu\u00e7\u00e3o do problema proposto usando os<br \/>\ncomandos procedurais do Octave, sem utilizar as ferramentas de L\u00f3gica Nebulosa, para fins de<br \/>\ncompara\u00e7\u00e3o.<br \/>\nAgora, usando a mesma defini\u00e7\u00e3o de grupos utilizada nos passos anteriores, voc\u00ea dever\u00e1 criar o<br \/>\nmesmo resultado, por meio da L\u00f3gica Nebulosa.<br \/>\nAlguns passos ser\u00e3o seguidos para que esse resultado seja obtido, a saber:<br \/>\n1. Definir as entradas e sa\u00eddas do procedimento<br \/>\n2. Criar Fun\u00e7\u00f5es que determinam o quanto um elemento pertence a um conjunto<br \/>\n3. Criar regras para combinar os dados<br \/>\n4. Simular o sistema de L\u00f3gica Nebulosa resultante.<br \/>\nChecklist:<br \/>\n\u2022 Octave est\u00e1 funcionando corretamente.<br \/>\n\u2022 Criar as vari\u00e1veis necess\u00e1rias.<br \/>\n\u2022 Inserir as regras corretamente.<br \/>\n\u2022 Gerar valores para a gorjeta com base em diferentes qualidades de servi\u00e7o e<br \/>\ncomida.<br \/>\n\u2022 Registrar seus resultados em um relat\u00f3rio.<br \/>\n5<br \/>\nRESULTADOS (obrigat\u00f3rio \u2013 aparecer para todos)<br \/>\nResultados de Aprendizagem:<br \/>\nResolu\u00e7\u00e3o de um problema usando L\u00f3gica Nebulosa<br \/>\nESTUDANTE, VOC\u00ca DEVER\u00c1 ENTREGAR (n\u00e3o obrigat\u00f3rio \u2013 aparecer para todos)<br \/>\nDescri\u00e7\u00e3o orientativa sobre a entregada da comprova\u00e7\u00e3o da aula pr\u00e1tica:<br \/>\nEntrega do relat\u00f3rio com os resultados obtidos e do c\u00f3digo desenvolvido.<br \/>\nREFER\u00caNCIAS BIBLIOGR\u00c1FICAS (n\u00e3o obrigat\u00f3rio \u2013 aparecer para todos)<br \/>\nDescri\u00e7\u00e3o (em abnt) das refer\u00eancias utilizadas<br \/>\nFUNDAMENTOS DA INTELIG\u00caNCIA ARTIFIAL<br \/>\nRoteiro<br \/>\nAula Pr\u00e1tica<br \/>\n2<br \/>\nROTEIRO DE AULA PR\u00c1TICA<br \/>\nNOME DA DISCIPLINA: FUNDAMENTOS DA INTELIG\u00caNCIA ARTIFICIAL<br \/>\nUnidade: U4 _ REDES NEURAIS ARTIFICIAIS<br \/>\nAula: A4_ ALGORITMOS DE REDES NEURAIS<br \/>\nTempo previsto de execu\u00e7\u00e3o de aula pr\u00e1tica: 3h (CAMPO OBRIGAT\u00d3RIO \u2013 N\u00c3O APARECER EM<br \/>\nNENHUM RAP)<br \/>\nOBJETIVOS (campo obrigat\u00f3rio \u2013 exibi\u00e7\u00e3o para todos)<br \/>\nDefini\u00e7\u00e3o dos objetivos da aula pr\u00e1tica:<br \/>\nCompreens\u00e3o e desenvolvimento de um rede neural utilizando a linguagem Python.<br \/>\nINFRAESTRUTURA (OBRIGAT\u00d3RIO SE HOUVER \u2013 EXIBI\u00c7\u00c3O DOCENTE\/TUTOR)<br \/>\nInstala\u00e7\u00f5es \u2013 Materiais de consumo \u2013 Equipamentos:<br \/>\nNOME DO LABORAT\u00d3RIO<br \/>\n\u2022 Laborat\u00f3rio de Inform\u00e1tica<br \/>\nEquipamentos:<br \/>\n\u2022 Computador.<br \/>\n~ 1 unid. 1 aluno<br \/>\nSOLU\u00c7\u00c3O DIGITAL (OBRIGAT\u00d3RIO SE HOUVER &#8211; APARECER PARA TODOS)<br \/>\nInfraestrutura m\u00ednima necess\u00e1ria para execu\u00e7\u00e3o.<br \/>\n\u2022 Jdoodle<br \/>\nO JDoodle Python \u00e9 uma plataforma online que oferece um ambiente de desenvolvimento<br \/>\nintegrado (IDE) para programa\u00e7\u00e3o em Python diretamente no navegador. Ideal para iniciantes e<br \/>\nprogramadores experientes, o JDoodle Python permite escrever, executar e compartilhar c\u00f3digo<br \/>\nPython de maneira simples e eficiente. Com recursos como realce de sintaxe, sugest\u00f5es de<br \/>\nc\u00f3digo e feedback imediato, os usu\u00e1rios podem testar e depurar seus programas com facilidade.<br \/>\nAl\u00e9m disso, o JDoodle Python suporta uma variedade de bibliotecas e m\u00f3dulos Python, facilitando<br \/>\no desenvolvimento de projetos complexos e a explora\u00e7\u00e3o de novas funcionalidades da linguagem.<br \/>\nhttps:\/\/www.jdoodle.com\/python3-programming-online<\/p>\n<p>3<br \/>\nEQUIPAMENTO DE PROTE\u00c7\u00c3O INDIVIDUAL (EPI) (CAMPO OBRIGAT\u00d3RIO \u2013 APARECER<br \/>\nPARA TODOS)<br \/>\nN\u00e3o se Aplica<br \/>\nPROCEDIMENTOS PR\u00c1TICOS (OBRIGAT\u00d3RIO \u2013 TODOS)<br \/>\nProcedimento\/Atividade n\u00ba 1<br \/>\nAtividade proposta:<br \/>\nImplemente uma rede neural de uma camada utilizando a fun\u00e7\u00e3o de ativa\u00e7\u00e3o sigmoide. O objetivo<br \/>\n\u00e9 treinar a rede para realizar a classifica\u00e7\u00e3o bin\u00e1ria. Voc\u00ea receber\u00e1 uma matriz de entrada e uma<br \/>\nmatriz de sa\u00edda desejada e dever\u00e1 ajustar os pesos da rede (sinapse) atrav\u00e9s do processo de<br \/>\naprendizado supervisionado.<br \/>\nPassos do Exerc\u00edcio<br \/>\n\u2022 Importa\u00e7\u00e3o das Bibliotecas Necess\u00e1rias:<br \/>\nUtilize a biblioteca NumPy para realizar opera\u00e7\u00f5es matem\u00e1ticas e manipula\u00e7\u00f5es de<br \/>\narrays.<br \/>\n\u2022 Defini\u00e7\u00e3o da Fun\u00e7\u00e3o Sigmoide:<br \/>\nImplemente a fun\u00e7\u00e3o de ativa\u00e7\u00e3o sigmoide que ser\u00e1 utilizada tanto para a ativa\u00e7\u00e3o quanto<br \/>\npara a derivada no c\u00e1lculo do gradiente.<br \/>\n\u2022 Defini\u00e7\u00e3o das Entradas e Sa\u00eddas:<br \/>\nCrie a matriz de entrada X e a matriz de sa\u00edda y.<br \/>\n\u2022 Inicializa\u00e7\u00e3o dos Pesos:<br \/>\nInicialize os pesos da sinapse com valores aleat\u00f3rios.<br \/>\n\u2022 Treinamento da Rede Neural:<br \/>\nImplemente o loop de treinamento que ajustar\u00e1 os pesos da sinapse. O treinamento deve<br \/>\nser executado por 10.000 itera\u00e7\u00f5es.<br \/>\n\u2022 No loop de treinamento, execute os seguintes passos:<br \/>\nRealize a propaga\u00e7\u00e3o para frente calculando as sa\u00eddas.<br \/>\nCalcule o erro.<br \/>\nCalcule o delta (ajuste dos pesos) utilizando a derivada da fun\u00e7\u00e3o sigmoide.<br \/>\nAtualize os pesos da sinapse.<br \/>\n\u2022 Exibi\u00e7\u00e3o dos Resultados:<br \/>\nAp\u00f3s o treinamento, imprima a sa\u00edda da rede.<br \/>\n4<br \/>\nChecklist:<br \/>\n\u2022 Entender o conceito de redes neurais artificiais;<br \/>\n\u2022 Implementar atrav\u00e9s do Python uma RNA simples.<br \/>\n\u2022 Realizar e entender os resultados da quantidade de treinamentos.<br \/>\nRESULTADOS (obrigat\u00f3rio \u2013 aparecer para todos)<br \/>\nResultados de Aprendizagem:<br \/>\nCompreenda a implementa\u00e7\u00e3o de uma RNA e o conceito de treinamento.<br \/>\nESTUDANTE, VOC\u00ca DEVER\u00c1 ENTREGAR (n\u00e3o obrigat\u00f3rio \u2013 aparecer para todos)<br \/>\nDescri\u00e7\u00e3o orientativa sobre a entregada da comprova\u00e7\u00e3o da aula pr\u00e1tica:<br \/>\nC\u00f3digo desenvolvido.<br \/>\nREFER\u00caNCIAS BIBLIOGR\u00c1FICAS (n\u00e3o obrigat\u00f3rio \u2013 aparecer para todos)<br \/>\nDescri\u00e7\u00e3o (em abnt) das refer\u00eancias utilizadas<\/p>\n<div class=\"elementor-toggle-item\">\n<div id=\"elementor-tab-content-1941\" class=\"elementor-tab-content elementor-clearfix elementor-active\" role=\"tabpanel\" data-tab=\"1\" aria-labelledby=\"elementor-tab-title-1941\">\n<div class=\"elementor-toggle-item\">\n<p id=\"elementor-tab-title-1941\" class=\"elementor-tab-title elementor-active\" tabindex=\"0\" role=\"tab\" data-tab=\"1\" aria-controls=\"elementor-tab-content-1941\" aria-expanded=\"true\" aria-selected=\"true\"><strong>Como funciona?<\/strong><\/p>\n<p>Elaboramos os portf\u00f3lios, j\u00e1 deixamos prontos, nas normas da ABNT e conforme os requisitos da universidade. F\u00e1cil assim! O MELHOR \u00c9 QUE VOC\u00ca COMPRA E J\u00c1 BAIXA NA HORA O SEU ARQUIVO EM WORD! Sabemos que conciliar trabalho, fam\u00edlia, vida profissional e estudos \u00e9 dif\u00edcil hoje em dia, por isso, estamos aqui para ajudar voc\u00ea. Conte com nossa qualidade, experi\u00eancia e profissionalismo adquirindo seu portf\u00f3lio conosco. GARANTIMOS SEU CONCEITO!<\/p>\n<p><strong>Como se realizam os envios?<\/strong><\/p>\n<\/div>\n<p id=\"elementor-tab-content-1942\" class=\"elementor-tab-content elementor-clearfix elementor-active\" role=\"tabpanel\" data-tab=\"2\" aria-labelledby=\"elementor-tab-title-1942\">O seu trabalho \u00e9 disponibilizado pronto, respondido e nas normas j\u00e1 na mesma hora aqui em nosso site na sua \u00e1rea de downloads e tamb\u00e9m no seu e-mail.<\/p>\n<p><strong>Em quanto tempo recebo o portf\u00f3lio?<\/strong><\/p>\n<p>Os envios s\u00e3o imediatos. Ap\u00f3s sua compra, o trabalho j\u00e1 \u00e9 disponibilizado instantaneamente aqui em nosso site e no seu e-mail.<\/p>\n<p><strong>E se o portf\u00f3lio que comprei precisar de corre\u00e7\u00e3o?<\/strong><\/p>\n<p>Caso haja alguma solicita\u00e7\u00e3o de corre\u00e7\u00e3o\/altera\u00e7\u00e3o por parte do tutor, basta entrar em contato conosco pelo\u00a0WhatsApp\u00a0que provid\u00eanciaremos sem custo algum.<\/p>\n<p><strong>Qual o formato do arquivo?<\/strong><\/p>\n<p>Os arquivos s\u00e3o enviados em formato Word e s\u00e3o edit\u00e1veis.<\/p>\n<p><strong>Caso eu tiver alguma d\u00favida, terei suporte no p\u00f3s venda?<\/strong><\/p>\n<p>Sim, com certeza. Basta clicar no \u00edcone do WhatsApp no cantinho da tela. Ser\u00e1 um prazer atend\u00ea-lo(a).<\/p>\n<div id=\"elementor-tab-content-1948\" class=\"elementor-tab-content elementor-clearfix elementor-active\" role=\"tabpanel\" data-tab=\"8\" aria-labelledby=\"elementor-tab-title-1948\">\n<p><strong>Quais os seus canais de contato?<\/strong><\/p>\n<\/div>\n<div id=\"elementor-tab-content-1949\" class=\"elementor-tab-content elementor-clearfix elementor-active\" role=\"tabpanel\" data-tab=\"9\" aria-labelledby=\"elementor-tab-title-1949\">\n<p>Whatsapp: 53 984751621 \u2013 Clicar no canto da tela ou ESCANEIE O QRCODE ABAIXO<\/p>\n<h4><img decoding=\"async\" class=\"alignnone wp-image-13699 jetpack-lazy-image jetpack-lazy-image--handled\" src=\"https:\/\/i0.wp.com\/portifolioos-prontos.com\/wp-content\/uploads\/2023\/02\/whatsapp-business-projeto-de-extensao-300x300.jpeg?resize=144%2C144\" sizes=\"(max-width: 144px) 100vw, 144px\" srcset=\"https:\/\/i0.wp.com\/portifolioos-prontos.com\/wp-content\/uploads\/2023\/02\/whatsapp-business-projeto-de-extensao.jpeg?resize=300%2C301&amp;ssl=1 300w, https:\/\/i0.wp.com\/portifolioos-prontos.com\/wp-content\/uploads\/2023\/02\/whatsapp-business-projeto-de-extensao.jpeg?resize=150%2C150&amp;ssl=1 150w, https:\/\/i0.wp.com\/portifolioos-prontos.com\/wp-content\/uploads\/2023\/02\/whatsapp-business-projeto-de-extensao.jpeg?resize=370%2C372&amp;ssl=1 370w, https:\/\/i0.wp.com\/portifolioos-prontos.com\/wp-content\/uploads\/2023\/02\/whatsapp-business-projeto-de-extensao.jpeg?resize=100%2C100&amp;ssl=1 100w, https:\/\/i0.wp.com\/portifolioos-prontos.com\/wp-content\/uploads\/2023\/02\/whatsapp-business-projeto-de-extensao.jpeg?w=470&amp;ssl=1 470w\" alt=\"projeto de extens\u00e3o unopar\" width=\"144\" height=\"144\" data-lazy-loaded=\"1\" \/><\/h4>\n<\/div>\n<div class=\"elementor-toggle-item\">\n<div id=\"elementor-tab-content-1949\" class=\"elementor-tab-content elementor-clearfix elementor-active\" role=\"tabpanel\" data-tab=\"9\" aria-labelledby=\"elementor-tab-title-1949\">\n<p>E-mail:portifoliosp@gmail.com<\/p>\n<div id=\"attachment_143\" class=\"wp-caption alignnone\">\n<div id=\"attachment_143\" class=\"wp-caption alignnone\">\n<p id=\"caption-attachment-143\" class=\"wp-caption-text\"><a href=\"http:\/\/portfolio-pronto.com\/\">Portf\u00f3lio<\/a>\u00a0em Word, respondido, completo e j\u00e1 nas normas<\/p>\n<\/div>\n<\/div>\n<\/div>\n<\/div>\n<\/div>\n<\/div>\n","protected":false},"excerpt":{"rendered":"<div class=\"product-short-description\">\n<div class=\"product-short-description\">\n<p><strong>Pague pelo PIX ou cart\u00e3o e fa\u00e7a o download agora mesmo.<\/strong><\/p>\n<\/div>\n<div class=\"sticky-add-to-cart-wrapper\">\n<div class=\"sticky-add-to-cart\">\n<p class=\"quantity buttons_added form-flat\"><img decoding=\"async\" class=\"lazyloaded smush-image-5 smush-image-3 smush-image-4 smush-detected-img smush-image-bigger-3\" src=\"https:\/\/d26lpennugtm8s.cloudfront.net\/assets\/common\/img\/logos\/payment\/visa@2x.png\" width=\"46\" height=\"29\" data-src=\"https:\/\/d26lpennugtm8s.cloudfront.net\/assets\/common\/img\/logos\/payment\/visa@2x.png\" \/><img decoding=\"async\" class=\"lazyloaded smush-image-6 smush-image-4 smush-image-5 smush-detected-img smush-image-bigger-4\" src=\"https:\/\/d26lpennugtm8s.cloudfront.net\/assets\/common\/img\/logos\/payment\/boleto@2x.png\" width=\"43\" height=\"27\" data-src=\"https:\/\/d26lpennugtm8s.cloudfront.net\/assets\/common\/img\/logos\/payment\/boleto@2x.png\" \/><img loading=\"lazy\" decoding=\"async\" class=\"lazyloaded smush-image-7 smush-image-5 smush-image-6 smush-detected-img smush-image-bigger-5\" src=\"https:\/\/d26lpennugtm8s.cloudfront.net\/assets\/common\/img\/logos\/payment\/mastercard@2x.png\" width=\"43\" height=\"27\" data-src=\"https:\/\/d26lpennugtm8s.cloudfront.net\/assets\/common\/img\/logos\/payment\/mastercard@2x.png\" \/><img loading=\"lazy\" decoding=\"async\" class=\"lazyloaded smush-image-8 smush-image-6 smush-image-7 smush-detected-img smush-image-bigger-6\" src=\"https:\/\/d26lpennugtm8s.cloudfront.net\/assets\/common\/img\/logos\/payment\/amex@2x.png\" width=\"43\" height=\"27\" data-src=\"https:\/\/d26lpennugtm8s.cloudfront.net\/assets\/common\/img\/logos\/payment\/amex@2x.png\" \/><img loading=\"lazy\" decoding=\"async\" class=\"lazyloaded smush-image-9 smush-image-7 smush-image-8 smush-detected-img smush-image-bigger-7\" src=\"https:\/\/d26lpennugtm8s.cloudfront.net\/assets\/common\/img\/logos\/payment\/diners@2x.png\" width=\"46\" height=\"29\" data-src=\"https:\/\/d26lpennugtm8s.cloudfront.net\/assets\/common\/img\/logos\/payment\/diners@2x.png\" \/><img loading=\"lazy\" decoding=\"async\" class=\"lazyloaded smush-image-10 smush-image-8 smush-image-9 alignnone smush-detected-img smush-image-bigger-8\" src=\"https:\/\/d26lpennugtm8s.cloudfront.net\/assets\/common\/img\/logos\/payment\/br\/elo@2x.png\" alt=\"portf\u00f3lio unopar anhanguera\" width=\"45\" height=\"28\" data-src=\"https:\/\/d26lpennugtm8s.cloudfront.net\/assets\/common\/img\/logos\/payment\/br\/elo@2x.png\" \/><img loading=\"lazy\" decoding=\"async\" class=\"lazyloaded smush-image-11 smush-image-9 smush-image-10 alignnone smush-detected-img smush-image-bigger-9\" src=\"https:\/\/d26lpennugtm8s.cloudfront.net\/assets\/common\/img\/logos\/payment\/br\/hipercard@2x.png\" alt=\"portf\u00f3lio unopar anhanguera\" width=\"44\" height=\"28\" data-src=\"https:\/\/d26lpennugtm8s.cloudfront.net\/assets\/common\/img\/logos\/payment\/br\/hipercard@2x.png\" \/><img loading=\"lazy\" decoding=\"async\" class=\"lazyloaded smush-image-12 smush-image-10 smush-image-11 alignnone smush-detected-img smush-image-bigger-10\" src=\"https:\/\/d26lpennugtm8s.cloudfront.net\/assets\/common\/img\/logos\/payment\/mercadopago@2x.png\" alt=\"portf\u00f3lio unopar anhanguera\" width=\"45\" height=\"28\" data-src=\"https:\/\/d26lpennugtm8s.cloudfront.net\/assets\/common\/img\/logos\/payment\/mercadopago@2x.png\" \/><img loading=\"lazy\" decoding=\"async\" class=\"alignnone lazyloaded smush-detected-img smush-image-bigger-11\" src=\"https:\/\/futurium.com.br\/wp-content\/uploads\/2021\/06\/logo-pix-icone-512.png\" alt=\"portfolio pronto\" width=\"30\" height=\"30\" data-src=\"https:\/\/futurium.com.br\/wp-content\/uploads\/2021\/06\/logo-pix-icone-512.png\" \/><\/p>\n<\/div>\n<\/div>\n<\/div>\n","protected":false},"featured_media":29529,"template":"","meta":{"_seopress_robots_primary_cat":"none","_seopress_titles_title":"%%post_title%% %%sitetitle%%","_seopress_titles_desc":"%%post_content%%","_seopress_robots_index":""},"product_cat":[15],"product_tag":[],"class_list":{"0":"post-29526","1":"product","2":"type-product","3":"status-publish","4":"has-post-thumbnail","6":"product_cat-uncategorized","8":"first","9":"instock","10":"downloadable","11":"virtual","12":"purchasable","13":"product-type-simple","14":"col-xs-6 col-sm-4","15":"col-mf-5","16":"un-5-cols"},"jetpack_sharing_enabled":true,"_links":{"self":[{"href":"https:\/\/portifolioos-prontos.com\/index.php\/wp-json\/wp\/v2\/product\/29526","targetHints":{"allow":["GET"]}}],"collection":[{"href":"https:\/\/portifolioos-prontos.com\/index.php\/wp-json\/wp\/v2\/product"}],"about":[{"href":"https:\/\/portifolioos-prontos.com\/index.php\/wp-json\/wp\/v2\/types\/product"}],"version-history":[{"count":0,"href":"https:\/\/portifolioos-prontos.com\/index.php\/wp-json\/wp\/v2\/product\/29526\/revisions"}],"wp:featuredmedia":[{"embeddable":true,"href":"https:\/\/portifolioos-prontos.com\/index.php\/wp-json\/wp\/v2\/media\/29529"}],"wp:attachment":[{"href":"https:\/\/portifolioos-prontos.com\/index.php\/wp-json\/wp\/v2\/media?parent=29526"}],"wp:term":[{"taxonomy":"product_cat","embeddable":true,"href":"https:\/\/portifolioos-prontos.com\/index.php\/wp-json\/wp\/v2\/product_cat?post=29526"},{"taxonomy":"product_tag","embeddable":true,"href":"https:\/\/portifolioos-prontos.com\/index.php\/wp-json\/wp\/v2\/product_tag?post=29526"}],"curies":[{"name":"wp","href":"https:\/\/api.w.org\/{rel}","templated":true}]}}