{"id":29541,"date":"2024-09-08T23:02:19","date_gmt":"2024-09-09T02:02:19","guid":{"rendered":"https:\/\/portifolioos-prontos.com\/?post_type=product&#038;p=29541"},"modified":"2025-08-03T17:49:53","modified_gmt":"2025-08-03T20:49:53","slug":"aula-pratica-desenho-tecnico-projetivo-2","status":"publish","type":"product","link":"https:\/\/portifolioos-prontos.com\/index.php\/product\/aula-pratica-desenho-tecnico-projetivo-2\/","title":{"rendered":"Aula pr\u00e1tica Desenho t\u00e9cnico projetivo"},"content":{"rendered":"<h4>Aula pr\u00e1tica Desenho t\u00e9cnico projetivo<\/h4>\n<p><span style=\"color: #ff0000;\"><a style=\"color: #ff0000;\" href=\"https:\/\/portifolioos-prontos.com\/wp-content\/uploads\/2024\/09\/1721329940535_compressed.pdf\">CLIQUE AQUI PARA CONFERIR O MANUAL COMPLETO COM AS INTRU\u00c7\u00d5ES E ATESTAR SE \u00c9 O MESMO QUE VOC\u00ca PRECISA<\/a><\/span><\/p>\n<p>ROTEIRO DE AULA PR\u00c1TICA<br \/>\nNOME DA DISCIPLINA: DESENHO T\u00c9CNICO PROJETIVO<br \/>\nUnidade: U3_DESENHO AUXILIADO POR COMPUTADOR: CONCEITOS B\u00c1SICOS<br \/>\nAula: A3_COMANDOS DE DESENHO<br \/>\nTempo previsto de execu\u00e7\u00e3o de aula pr\u00e1tica: 5h<br \/>\nOBJETIVOS<br \/>\nDefini\u00e7\u00e3o dos objetivos da aula pr\u00e1tica:<br \/>\n\u2022 Conhecer e utilizar as ferramentas de desenho;<br \/>\n\u2022 Conhecer e utilizar a ferramenta layer;<br \/>\n\u2022 Aplicar os conceitos de Desenho Universal.<br \/>\nSOLU\u00c7\u00c3O DIGITAL<br \/>\n\u2022 Autodesk AutoCAD (Software)<br \/>\nSoftware de desenho auxiliado por computador, desenvolvido pela Autodesk para realiza\u00e7\u00e3o de<br \/>\nrepresenta\u00e7\u00f5es gr\u00e1ficas 2D\/3D de projetos t\u00e9cnicos em CAD.<br \/>\nPROCEDIMENTO PARA INSTALA\u00c7\u00c3O:<br \/>\nPara instalar o AutoCAD, voc\u00ea primeiro precisa criar uma conta na Autodesk. Acesse<br \/>\nhttps:\/\/accounts.autodesk.com\/ e crie uma conta fornecendo todas as informa\u00e7\u00f5es<br \/>\nnecess\u00e1rias. Ap\u00f3s a cria\u00e7\u00e3o da conta, voc\u00ea estar\u00e1 pronto para obter uma licen\u00e7a educacional.<br \/>\nDepois de criar sua conta, visite a p\u00e1gina https:\/\/www.autodesk.com\/education\/edu-software\/<br \/>\ne siga as instru\u00e7\u00f5es para verificar seu status de estudante. Isso geralmente envolve o<br \/>\nfornecimento de informa\u00e7\u00f5es sobre sua institui\u00e7\u00e3o educacional e a submiss\u00e3o de documentos<br \/>\nque comprovem seu v\u00ednculo como estudante. Ap\u00f3s a verifica\u00e7\u00e3o, voc\u00ea receber\u00e1 uma licen\u00e7a<br \/>\neducacional que permitir\u00e1 o uso do software gratuitamente.<br \/>\nCom a licen\u00e7a estudantil ativa, voc\u00ea poder\u00e1 realizar o download do AutoCAD. Volte para a p\u00e1gina<br \/>\nde software educacional da Autodesk, selecione a vers\u00e3o do AutoCAD que deseja instalar e siga<br \/>\nas instru\u00e7\u00f5es para baixar o instalador. Depois de baixado, execute o instalador e siga os passos<br \/>\nindicados para completar a instala\u00e7\u00e3o no seu computador. Assim, voc\u00ea ter\u00e1 o AutoCAD pronto<br \/>\npara uso.<br \/>\nP\u00fablico3<br \/>\nLINK:<br \/>\nhttps:\/\/www.autodesk.com\/education\/edu-software\/<br \/>\nEQUIPAMENTO DE PROTE\u00c7\u00c3O INDIVIDUAL (EPI)<br \/>\nNSA<br \/>\nPROCEDIMENTOS PR\u00c1TICOS<br \/>\nProcedimento\/Atividade n\u00ba 1<br \/>\nAtividade proposta:<br \/>\nCom o objetivo de aplicar os conhecimentos adquiridos no estudo da se\u00e7\u00e3o, a proposta de<br \/>\natividade consiste na defini\u00e7\u00e3o de camadas de trabalho (Layers) bem como na adapta\u00e7\u00e3o de um<br \/>\nbanheiro considerando os conceitos do Desenho Universal.<br \/>\nA atividade consiste em desenhar a planta baixa de um banheiro que atenda a norma ABNT-NBR<br \/>\n9050:2020. Para desenhar esse banheiro (Figura 1), \u00e9 necess\u00e1rio utilizar as camadas de trabalho<br \/>\n(layers). A primeira camada deve ser a parte estrutural (alvenaria) do banheiro, a segunda<br \/>\ncamada deve apresentar os detalhes do revestimento do piso, a terceira camada deve conter as<br \/>\nlou\u00e7as e metais sanit\u00e1rios.<br \/>\nFigura 1 \u2013 Banheiro segundo o Manual do Desenho Universal<br \/>\nFonte: http:\/\/www.mpsp.mp.br\/portal\/page\/portal\/Cartilhas\/manual-desenho-universal.pdf,<br \/>\nacesso em 06 de junho de 2024<br \/>\nFigura 2 \u2013 Planta baixa do banheiro<br \/>\nP\u00fablico4<br \/>\nFonte: http:\/\/www.mpsp.mp.br\/portal\/page\/portal\/Cartilhas\/manual-desenho-universal.pdf,<br \/>\nacesso em 06 de junho de 2024<br \/>\nO banheiro deve ter dimens\u00f5es e forma que permitam a disposi\u00e7\u00e3o e o uso adequado de vaso<br \/>\nsanit\u00e1rio, chuveiro, lavat\u00f3rio, bem como espa\u00e7o de armazenagem para produtos de higiene<br \/>\npessoal, de modo a possibilitar que o usu\u00e1rio de cadeira de rodas disponha de:<br \/>\n\u2022 \u00c1rea de aproxima\u00e7\u00e3o frontal ao lavat\u00f3rio, com 25 cm sob a lou\u00e7a;<br \/>\n\u2022 Lavat\u00f3rio de embutir sobre bancada, contendo torneira de mesa com comando adequado.<br \/>\n\u2022 Area de transfer\u00eancia frontal, diagonal e lateral \u00e0 bacia sanit\u00e1ria;<br \/>\n\u2022 \u00c1rea de transfer\u00eancia lateral, externa ao box do chuveiro;<br \/>\n\u2022 Box com dimens\u00e3o m\u00ednima de 90 cm X 95 cm;<br \/>\n\u2022 \u00c1rea de manobra com amplitude m\u00ednima de 180\u00b0, para entrar e sair de frente;<br \/>\nPara elabora\u00e7\u00e3o da planta baixa, considere uma \u00e1rea de 6,48 m\u00b2 (2,7m x 2,4 m) e as barras de<br \/>\nsustenta\u00e7\u00e3o podem ser desconsideradas.<br \/>\nProcedimentos para a realiza\u00e7\u00e3o da atividade:<br \/>\nPrimeiramente, vamos baixar alguns blocos que s\u00e3o alguns desenhos prontos que podem ser<br \/>\nutilizados no nosso projeto. Para isso, voc\u00ea deve acessar o link https:\/\/www.cadblocos.arq.br\/<br \/>\ne ir em \u201cBanheiros\u201d, conforme ilustrado na Figura 2.<br \/>\nP\u00fablico5<br \/>\nFigura 2 \u2013 Tela do site cadblocos.<br \/>\nFonte: https:\/\/www.cadblocos.arq.br\/ acesso em 06 de junho de 2024.<br \/>\nEm seguida, voc\u00ea deve baixar o arquivo de \u201cAcess\u00f3rios e Equipamentos B\u00e1sicos para Banheiros\u201d,<br \/>\nconforme apresentado na Figura 3.<br \/>\nFigura 3 \u2013 Procedimento para baixa os blocos.<br \/>\nFonte: https:\/\/www.cadblocos.arq.br\/ acesso em 06 de junho de 2024.<br \/>\nPor fim, basta descompactar o arquivo no seu computador e abri-lo no AutoCAD (Figura 4).<br \/>\nFigura 4 \u2013 Blocos de Acess\u00f3rios e Equipamentos B\u00e1sicos para Banheiros<br \/>\nP\u00fablico6<br \/>\nFonte: o autor.<br \/>\nAgora, vamos iniciar o nosso arquivo de desenho (Figura 5).<br \/>\nP\u00fablico7<br \/>\nFigura 5 &#8211; Abrindo um novo arquivo de desenho<br \/>\nFonte: o autor.<br \/>\nO primeiro passo aqui \u00e9 criar e configurar as nossas layers, ou camadas de trabalho (Figura 6),<br \/>\npara isso, vamos em \u201cLayers Properties\u201d, criar nossas camadas, nome\u00e1-las e escolher as cores<br \/>\npara elas.<br \/>\nFigura 6 \u2013 Cria\u00e7\u00e3o e configura\u00e7\u00e3o das layers.<br \/>\nFonte: o autor.<br \/>\nP\u00fablico8<br \/>\nNeste momento, vamos definir nossa unidade de trabalho atrav\u00e9s do comando UNITS para os<br \/>\nblocos que ser\u00e3o inseridos no nosso projeto. Para isso, digite UNITS e pressione ENTER, e<br \/>\nmodifique para \u201cCent\u00edmetros\u201d, como na Figura 7.<br \/>\nFigura 7 \u2013 Comandos UNITS.<br \/>\nFonte: o autor.<br \/>\nCom as layers configuradas e as unidades de trabalho definidas, podemos iniciar o desenho da<br \/>\nparte estrutural (alvenaria). Selecione a camada destinada a essa parte do projeto e realizar o<br \/>\ndesenho. Utilizando o comando abaixo para iniciar o desenho no ponto (0,0).<br \/>\n\u2022 Digite o atalho L;<br \/>\n\u2022 Pressione ENTER;<br \/>\n\u2022 Digite \u201c0\u201d, pressione TAB, digite \u201c0\u201d novamente e finalize com o ENTER. (Figura 8).<br \/>\nP\u00fablico9<br \/>\nFigura 8 \u2013 In\u00edcio no desenho no ponto (0,0)<br \/>\nFonte: o autor.<br \/>\nAgora, podemos desenhar a estrutura do nosso banheiro que \u00e9 de 240 cm por 270 cm (Figura 9).<br \/>\nFigura 9 \u2013 Ferramenta Line<br \/>\nP\u00fablico10<br \/>\nFonte: o autor<br \/>\n\u00c9 necess\u00e1rio representar a espessura da parede. Voc\u00ea pode utilizar o comando OFFSET ou<br \/>\ncriar um ret\u00e2ngulo externo com uma distancia de 20 cm entre as linhas.<br \/>\nFigura 10 \u2013 Ferramenta OFFSET<br \/>\nP\u00fablico11<br \/>\nFonte: o autor<br \/>\nVamos criar a reparti\u00e7\u00e3o box, que possui uma dimens\u00e3o de 95&#215;90 cm, portanto, com a ferramenta<br \/>\nLINE ativada, voc\u00ea deve clicar no canto superior direto e fazer a divis\u00f3ria do box, conforme<br \/>\nilustrado na Figura 11. Considere uma largura do box de 15 cm.<br \/>\nFigura 11 \u2013 Desenho do Box<\/p>\n<p>Fonte: o autor<br \/>\nDeste modo, a parte estrutural deve ser igual a Figura 12.<br \/>\nP\u00fablico12<br \/>\nFigura 12 \u2013 Estrutura do banheiro.<br \/>\nFonte: o autor<br \/>\nPara representar o piso, podemos utilizar as ferramentas LINE, OFFSET e TRIM. Primeiramente,<br \/>\ndevemos selecionar nossa layer para o piso e ent\u00e3o iniciar o desenho, aqui utilizei um<br \/>\nespa\u00e7amento de 50 cm, tanto na vertical, quanto na horizontal. Observe que com a ferramenta<br \/>\nLINE, eu criei uma nova linha e com a ferramenta OFFSET criei as outras linhas paralelas. J\u00e1<br \/>\ncom a ferramenta TRIM voc\u00ea pode seguir o seguinte processo para eliminar as linhas que est\u00e3o<br \/>\nsobrepondo a estrutura do box (Figura 13).<br \/>\n\u2022 Digite TR e pressione ENTER duas vezes. (Isso faz com que voc\u00ea ative a ferramenta<br \/>\nTRIM e selecione todos os objetos automaticamente).<br \/>\n\u2022 Clique nos itens que est\u00e3o na estrutura do box para apar\u00e1-los.<br \/>\nFigura 13 \u2013 Representa\u00e7\u00e3o do piso.<br \/>\nP\u00fablico13<br \/>\nP\u00fablico14<br \/>\nFonte: o autor.<br \/>\nEm \u201cLayers Properties\u201d, voc\u00ea pode modificar a transpar\u00eancia da camada dos pisos para que ele<br \/>\nfique menos chamativo. Agora, \u00e9 hora de inserirmos os blocos utilizando um comando mais<br \/>\navan\u00e7ado que \u00e9 o WRITEBLOCK. No desenho dos blocos que voc\u00ea baixo no in\u00edcio da pratica,<br \/>\ndigite o comando WBLOCK e uma tela ir\u00e1 se abrir. Selecione objeto que deseja utilizar, conforme<br \/>\nFigura 14.<br \/>\nFigura 14 \u2013 Selecionando um objeto bloco.<br \/>\nP\u00fablico15<\/p>\n<p>Fonte: o autor.<br \/>\nTamb\u00e9m \u00e9 necess\u00e1rio selecionar um ponto de base, que serve como refer\u00eancia quando o objeto<br \/>\nfor inserido em algum desenho (Figura 15).<br \/>\nFigura 15 \u2013 Selecionando o ponto base do objeto.<br \/>\nFonte: o autor.<br \/>\nPor fim, d\u00ea um nome para o arquivo e selecione o local onde esse bloco ser\u00e1 salvo e a unidade<br \/>\nao ser inserido num novo desenho, aqui voc\u00ea pode manter em metros (Figura 16).<br \/>\nFigura 16 \u2013 Salvando o bloco<br \/>\nP\u00fablico16<br \/>\nFonte: o autor.<br \/>\nNeste momento, voc\u00ea deve repetir o mesmo procedimento para os outros objetos que ser\u00e3o<br \/>\nutilizados no banheiro, no caso o vaso sanit\u00e1rio e o lavat\u00f3rio.<br \/>\nFigura 17 \u2013 Blocos utilizados.<br \/>\nFonte: o autor.<br \/>\nDe volta para o nosso arquivo de desenho, voc\u00ea deve digitar o comando INSERT e pressionar<br \/>\nENTER e uma nova janela ir\u00e1 abrir, contendo os blocos que vamos utilizar no nosso projeto.<br \/>\nPara inseri-los no desenho, clique com o bot\u00e3o esquerdo do mouse e mova o cursor para a \u00e1rea<br \/>\ngr\u00e1fica, e ent\u00e3o, clique novamente na \u00e1rea gr\u00e1fica (Figura 18).<br \/>\nFigura 18 \u2013 Comando INSERT.<br \/>\nP\u00fablico17<br \/>\nFonte: o autor.<br \/>\nInsira todos os blocos (chuveiro, lavat\u00f3rio e vaso sanit\u00e1rio) e mude a layer para a correspondente<br \/>\naos itens. Para isso, basta selecionar os objetos e modificar a camada no menu \u201cLayers\u201d.<br \/>\nFigura 19 \u2013 Blocos.<br \/>\nFonte: o autor.<br \/>\nContinuando, devemos posicionar os blocos nos seus lugares. Iniciando pelo chuveiro, posicioneo no ponto m\u00e9dio do espa\u00e7o reservado para o box. Digite o comando ROTATE, selecione o<br \/>\nchuveiro, pressione ENTER, especifique um ponto base para rota\u00e7\u00e3o e digite o valor de 270 e<br \/>\npressione ENTER novamente (Figura 20).<br \/>\nP\u00fablico18<br \/>\nFigura 20 \u2013 Comando ROTATE<br \/>\nFonte: o autor.<br \/>\nDigite MOVE, pressione ENTER, selecione o chuveiro, pressione ENTER, e selecione a base do<br \/>\nchuveiro e mova o ponto m\u00e9dio no box (Figura 21).<br \/>\nFigura 21 \u2013 Comando MOVE<br \/>\nFonte: o autor.<br \/>\nRepita o processo para rotacionar e mover o lavat\u00f3rio, e apenas mover o vaso sanit\u00e1rio.<br \/>\nNestes dois casos, voc\u00ea pode utilizar o comando LINE para criar uma linha de referencia para<br \/>\nposicionar os elementos. Para o vaso sanit\u00e1rio, utilize uma dist\u00e2ncia de 55 cm da parede<br \/>\nesquerda, e para o lavat\u00f3rio, utilize 65 cm da parede inferior<br \/>\nFigura 22 \u2013 Linhas de refer\u00eancia para posicionamento<br \/>\nP\u00fablico19<\/p>\n<p>Fonte: o autor.<br \/>\nCom os itens nos seus respectivos locais, o desenho deve estar igual a Figura 23.<br \/>\nFigura 23 &#8211; Banheiro<br \/>\nFonte: o autor.<br \/>\nPara finalizar planta baixa do banheiro, devemos agora desenhar a porta. Considere que ela est\u00e1<br \/>\nafastada 10 cm da parede esquerda e que ela tem 90 cm.<br \/>\nFigura 24 \u2013 Representa\u00e7\u00e3o da porta<br \/>\nP\u00fablico20<br \/>\nFonte: o autor.<br \/>\nCom a ferramenta TRIM, apare as linhas para que o espa\u00e7o fique aberto.<br \/>\nFigura 25 \u2013 Abertura para porta.<br \/>\nFonte: o autor.<br \/>\nCrie a porta com a ferramenta LINE, com as dimens\u00f5es de 90 cm por 3,5 cm.<br \/>\nFigura 26 \u2013 Porta do banheiro<br \/>\nFonte: o autor.<br \/>\nAgora, vamos criar a trajet\u00f3ria da porta com a ferramenta ARC, com o modo Start, End, Direction.<br \/>\nP\u00fablico21<br \/>\nSiga o exemplo da Figura 27, ative a ferramenta, clique nos dois c\u00edrculos vermelhos e arraste o<br \/>\nmouse at\u00e9 o triangulo.<br \/>\nFigura 27 \u2013 Ferramenta ARC<br \/>\nFonte: o autor.<br \/>\nPor fim, altere a layer da porta para a layer que corresponde aos itens do desenho.<br \/>\nO resultado obtido deve ser semelhando ao da Figura 28.<br \/>\nFigura 28 \u2013 Planta baixa do banheiro<br \/>\nFonte: o autor.<br \/>\nP\u00fablico22<br \/>\nChecklist:<br \/>\n\u2022 Baixar Blocos;<br \/>\n\u2022 Criar Camadas (Layers);<br \/>\n\u2022 Desenho da Estrutura do Banheiro;<br \/>\n\u2022 Desenho do Piso;<br \/>\n\u2022 Posicionamento dos Itens;<br \/>\n\u2022 Desenho da Porta.<br \/>\nRESULTADOS<br \/>\nResultados de Aprendizagem:<br \/>\nComo resultados dessa pr\u00e1tica, espera-se que o aluno tenha compreendido sobre a<br \/>\nutiliza\u00e7\u00e3o das ferramentas de desenho, layers e aplica\u00e7\u00e3o do Desenho Universal.<br \/>\nESTUDANTE, VOC\u00ca DEVER\u00c1 ENTREGAR<br \/>\nDescri\u00e7\u00e3o orientativa sobre a entregada da comprova\u00e7\u00e3o da aula pr\u00e1tica:<br \/>\nPara comprovar a realiza\u00e7\u00e3o da atividade, \u00e9 necessario entregar um relat\u00f3rio no formato .docx<br \/>\nou .pdf, contendo:<br \/>\no As imagens mostrando diferentes etapas do desenho:<br \/>\n\u25aa A primeira imagem deve ser apenas dos itens posicionados, para isso,<br \/>\ndesative as layers do Piso e da Alvenaria;<br \/>\n\u25aa A segunda imagem deve mostrar os itens e a alvenaria;<br \/>\n\u25aa A terceira imagem deve apresentar o desenho completo;<br \/>\n\u25aa A quarta imagem deve apresenter a janela de LAYERS PROPERTIES,<br \/>\nmostrando as camadas utilizadas e suas configura\u00e7\u00f5es.<br \/>\no Resposta para a pergunta:<br \/>\n\u25aa Ap\u00f3s realizar esta atividade, como voc\u00ea avalia a import\u00e2ncia da norma<br \/>\nABNT-NBR 9050:2020 no planejamento e execu\u00e7\u00e3o de projetos de<br \/>\nacessibilidade? De que forma esta experi\u00eancia pr\u00e1tica influenciou sua<br \/>\ncompreens\u00e3o e percep\u00e7\u00e3o sobre a import\u00e2ncia de criar ambientes<br \/>\nacess\u00edveis para todos?<br \/>\nP\u00fablico23<br \/>\nROTEIRO DE AULA PR\u00c1TICA<br \/>\nNOME DA DISCIPLINA: DESENHO T\u00c9CNICO PROJETIVO<\/p>\n<div class=\"elementor-toggle-item\">\n<div id=\"elementor-tab-content-1941\" class=\"elementor-tab-content elementor-clearfix elementor-active\" role=\"tabpanel\" data-tab=\"1\" aria-labelledby=\"elementor-tab-title-1941\">\n<div class=\"elementor-toggle-item\">\n<p id=\"elementor-tab-title-1941\" class=\"elementor-tab-title elementor-active\" tabindex=\"0\" role=\"tab\" data-tab=\"1\" aria-controls=\"elementor-tab-content-1941\" aria-expanded=\"true\" aria-selected=\"true\"><strong>Como funciona?<\/strong><\/p>\n<p>Elaboramos os portf\u00f3lios, j\u00e1 deixamos prontos, nas normas da ABNT e conforme os requisitos da universidade. F\u00e1cil assim! O MELHOR \u00c9 QUE VOC\u00ca COMPRA E J\u00c1 BAIXA NA HORA O SEU ARQUIVO EM WORD! Sabemos que conciliar trabalho, fam\u00edlia, vida profissional e estudos \u00e9 dif\u00edcil hoje em dia, por isso, estamos aqui para ajudar voc\u00ea. Conte com nossa qualidade, experi\u00eancia e profissionalismo adquirindo seu portf\u00f3lio conosco. GARANTIMOS SEU CONCEITO!<\/p>\n<p><strong>Como se realizam os envios?<\/strong><\/p>\n<\/div>\n<p id=\"elementor-tab-content-1942\" class=\"elementor-tab-content elementor-clearfix elementor-active\" role=\"tabpanel\" data-tab=\"2\" aria-labelledby=\"elementor-tab-title-1942\">O seu trabalho \u00e9 disponibilizado pronto, respondido e nas normas j\u00e1 na mesma hora aqui em nosso site na sua \u00e1rea de downloads e tamb\u00e9m no seu e-mail.<\/p>\n<p><strong>Em quanto tempo recebo o portf\u00f3lio?<\/strong><\/p>\n<p>Os envios s\u00e3o imediatos. Ap\u00f3s sua compra, o trabalho j\u00e1 \u00e9 disponibilizado instantaneamente aqui em nosso site e no seu e-mail.<\/p>\n<p><strong>E se o portf\u00f3lio que comprei precisar de corre\u00e7\u00e3o?<\/strong><\/p>\n<p>Caso haja alguma solicita\u00e7\u00e3o de corre\u00e7\u00e3o\/altera\u00e7\u00e3o por parte do tutor, basta entrar em contato conosco pelo\u00a0WhatsApp\u00a0que provid\u00eanciaremos sem custo algum.<\/p>\n<p><strong>Qual o formato do arquivo?<\/strong><\/p>\n<p>Os arquivos s\u00e3o enviados em formato Word e s\u00e3o edit\u00e1veis.<\/p>\n<p><strong>Caso eu tiver alguma d\u00favida, terei suporte no p\u00f3s venda?<\/strong><\/p>\n<p>Sim, com certeza. Basta clicar no \u00edcone do WhatsApp no cantinho da tela. Ser\u00e1 um prazer atend\u00ea-lo(a).<\/p>\n<div id=\"elementor-tab-content-1948\" class=\"elementor-tab-content elementor-clearfix elementor-active\" role=\"tabpanel\" data-tab=\"8\" aria-labelledby=\"elementor-tab-title-1948\">\n<p><strong>Quais os seus canais de contato?<\/strong><\/p>\n<\/div>\n<div id=\"elementor-tab-content-1949\" class=\"elementor-tab-content elementor-clearfix elementor-active\" role=\"tabpanel\" data-tab=\"9\" aria-labelledby=\"elementor-tab-title-1949\">\n<p>Whatsapp: 53 984751621 \u2013 Clicar no canto da tela ou ESCANEIE O QRCODE ABAIXO<\/p>\n<h4><img decoding=\"async\" class=\"alignnone wp-image-13699 jetpack-lazy-image jetpack-lazy-image--handled\" src=\"https:\/\/i0.wp.com\/portifolioos-prontos.com\/wp-content\/uploads\/2023\/02\/whatsapp-business-projeto-de-extensao-300x300.jpeg?resize=144%2C144\" sizes=\"(max-width: 144px) 100vw, 144px\" srcset=\"https:\/\/i0.wp.com\/portifolioos-prontos.com\/wp-content\/uploads\/2023\/02\/whatsapp-business-projeto-de-extensao.jpeg?resize=300%2C301&amp;ssl=1 300w, https:\/\/i0.wp.com\/portifolioos-prontos.com\/wp-content\/uploads\/2023\/02\/whatsapp-business-projeto-de-extensao.jpeg?resize=150%2C150&amp;ssl=1 150w, https:\/\/i0.wp.com\/portifolioos-prontos.com\/wp-content\/uploads\/2023\/02\/whatsapp-business-projeto-de-extensao.jpeg?resize=370%2C372&amp;ssl=1 370w, https:\/\/i0.wp.com\/portifolioos-prontos.com\/wp-content\/uploads\/2023\/02\/whatsapp-business-projeto-de-extensao.jpeg?resize=100%2C100&amp;ssl=1 100w, https:\/\/i0.wp.com\/portifolioos-prontos.com\/wp-content\/uploads\/2023\/02\/whatsapp-business-projeto-de-extensao.jpeg?w=470&amp;ssl=1 470w\" alt=\"projeto de extens\u00e3o unopar\" width=\"144\" height=\"144\" data-lazy-loaded=\"1\" \/><\/h4>\n<\/div>\n<div class=\"elementor-toggle-item\">\n<div id=\"elementor-tab-content-1949\" class=\"elementor-tab-content elementor-clearfix elementor-active\" role=\"tabpanel\" data-tab=\"9\" aria-labelledby=\"elementor-tab-title-1949\">\n<p>E-mail:portifoliosp@gmail.com<\/p>\n<div id=\"attachment_143\" class=\"wp-caption alignnone\">\n<div id=\"attachment_143\" class=\"wp-caption alignnone\">\n<p id=\"caption-attachment-143\" class=\"wp-caption-text\"><a href=\"http:\/\/portfolio-pronto.com\/\">Portf\u00f3lio<\/a>\u00a0em Word, respondido, completo e j\u00e1 nas normas<\/p>\n<\/div>\n<\/div>\n<\/div>\n<\/div>\n<\/div>\n<\/div>\n","protected":false},"excerpt":{"rendered":"<div class=\"product-short-description\">\n<p><span style=\"color: #ff0000;\"><a style=\"color: #ff0000;\" href=\"https:\/\/portifolioos-prontos.com\/wp-content\/uploads\/2024\/09\/1721329940535_compressed.pdf\">CLIQUE AQUI PARA CONFERIR O MANUAL COMPLETO COM AS INTRU\u00c7\u00d5ES E ATESTAR SE \u00c9 O MESMO QUE VOC\u00ca PRECISA<\/a><\/span><\/p>\n<div class=\"product-short-description\">\n<p><strong>Pague pelo PIX ou cart\u00e3o e fa\u00e7a o download agora mesmo.<\/strong><\/p>\n<\/div>\n<div class=\"sticky-add-to-cart-wrapper\">\n<div class=\"sticky-add-to-cart\">\n<p class=\"quantity buttons_added form-flat\"><img decoding=\"async\" class=\"lazyloaded smush-image-5 smush-image-3 smush-image-4 smush-detected-img smush-image-bigger-3\" src=\"https:\/\/d26lpennugtm8s.cloudfront.net\/assets\/common\/img\/logos\/payment\/visa@2x.png\" width=\"46\" height=\"29\" data-src=\"https:\/\/d26lpennugtm8s.cloudfront.net\/assets\/common\/img\/logos\/payment\/visa@2x.png\" \/><img decoding=\"async\" class=\"lazyloaded smush-image-6 smush-image-4 smush-image-5 smush-detected-img smush-image-bigger-4\" src=\"https:\/\/d26lpennugtm8s.cloudfront.net\/assets\/common\/img\/logos\/payment\/boleto@2x.png\" width=\"43\" height=\"27\" data-src=\"https:\/\/d26lpennugtm8s.cloudfront.net\/assets\/common\/img\/logos\/payment\/boleto@2x.png\" \/><img loading=\"lazy\" decoding=\"async\" class=\"lazyloaded smush-image-7 smush-image-5 smush-image-6 smush-detected-img smush-image-bigger-5\" src=\"https:\/\/d26lpennugtm8s.cloudfront.net\/assets\/common\/img\/logos\/payment\/mastercard@2x.png\" width=\"43\" height=\"27\" data-src=\"https:\/\/d26lpennugtm8s.cloudfront.net\/assets\/common\/img\/logos\/payment\/mastercard@2x.png\" \/><img loading=\"lazy\" decoding=\"async\" class=\"lazyloaded smush-image-8 smush-image-6 smush-image-7 smush-detected-img smush-image-bigger-6\" src=\"https:\/\/d26lpennugtm8s.cloudfront.net\/assets\/common\/img\/logos\/payment\/amex@2x.png\" width=\"43\" height=\"27\" data-src=\"https:\/\/d26lpennugtm8s.cloudfront.net\/assets\/common\/img\/logos\/payment\/amex@2x.png\" \/><img loading=\"lazy\" decoding=\"async\" class=\"lazyloaded smush-image-9 smush-image-7 smush-image-8 smush-detected-img smush-image-bigger-7\" src=\"https:\/\/d26lpennugtm8s.cloudfront.net\/assets\/common\/img\/logos\/payment\/diners@2x.png\" width=\"46\" height=\"29\" data-src=\"https:\/\/d26lpennugtm8s.cloudfront.net\/assets\/common\/img\/logos\/payment\/diners@2x.png\" \/><img loading=\"lazy\" decoding=\"async\" class=\"lazyloaded smush-image-10 smush-image-8 smush-image-9 alignnone smush-detected-img smush-image-bigger-8\" src=\"https:\/\/d26lpennugtm8s.cloudfront.net\/assets\/common\/img\/logos\/payment\/br\/elo@2x.png\" alt=\"portf\u00f3lio unopar anhanguera\" width=\"45\" height=\"28\" data-src=\"https:\/\/d26lpennugtm8s.cloudfront.net\/assets\/common\/img\/logos\/payment\/br\/elo@2x.png\" \/><img loading=\"lazy\" decoding=\"async\" class=\"lazyloaded smush-image-11 smush-image-9 smush-image-10 alignnone smush-detected-img smush-image-bigger-9\" src=\"https:\/\/d26lpennugtm8s.cloudfront.net\/assets\/common\/img\/logos\/payment\/br\/hipercard@2x.png\" alt=\"portf\u00f3lio unopar anhanguera\" width=\"44\" height=\"28\" data-src=\"https:\/\/d26lpennugtm8s.cloudfront.net\/assets\/common\/img\/logos\/payment\/br\/hipercard@2x.png\" \/><img loading=\"lazy\" decoding=\"async\" class=\"lazyloaded smush-image-12 smush-image-10 smush-image-11 alignnone smush-detected-img smush-image-bigger-10\" src=\"https:\/\/d26lpennugtm8s.cloudfront.net\/assets\/common\/img\/logos\/payment\/mercadopago@2x.png\" alt=\"portf\u00f3lio unopar anhanguera\" width=\"45\" height=\"28\" data-src=\"https:\/\/d26lpennugtm8s.cloudfront.net\/assets\/common\/img\/logos\/payment\/mercadopago@2x.png\" \/><img loading=\"lazy\" decoding=\"async\" class=\"alignnone lazyloaded smush-detected-img smush-image-bigger-11\" src=\"https:\/\/futurium.com.br\/wp-content\/uploads\/2021\/06\/logo-pix-icone-512.png\" alt=\"portfolio pronto\" width=\"30\" height=\"30\" data-src=\"https:\/\/futurium.com.br\/wp-content\/uploads\/2021\/06\/logo-pix-icone-512.png\" \/><\/p>\n<\/div>\n<\/div>\n<\/div>\n","protected":false},"featured_media":29545,"template":"","meta":{"_seopress_robots_primary_cat":"none","_seopress_titles_title":"%%post_title%% %%sitetitle%%","_seopress_titles_desc":"%%post_content%%","_seopress_robots_index":""},"product_cat":[15],"product_tag":[],"class_list":{"0":"post-29541","1":"product","2":"type-product","3":"status-publish","4":"has-post-thumbnail","6":"product_cat-uncategorized","8":"first","9":"instock","10":"downloadable","11":"virtual","12":"purchasable","13":"product-type-simple","14":"col-xs-6 col-sm-4","15":"col-mf-5","16":"un-5-cols"},"jetpack_sharing_enabled":true,"_links":{"self":[{"href":"https:\/\/portifolioos-prontos.com\/index.php\/wp-json\/wp\/v2\/product\/29541","targetHints":{"allow":["GET"]}}],"collection":[{"href":"https:\/\/portifolioos-prontos.com\/index.php\/wp-json\/wp\/v2\/product"}],"about":[{"href":"https:\/\/portifolioos-prontos.com\/index.php\/wp-json\/wp\/v2\/types\/product"}],"version-history":[{"count":0,"href":"https:\/\/portifolioos-prontos.com\/index.php\/wp-json\/wp\/v2\/product\/29541\/revisions"}],"wp:featuredmedia":[{"embeddable":true,"href":"https:\/\/portifolioos-prontos.com\/index.php\/wp-json\/wp\/v2\/media\/29545"}],"wp:attachment":[{"href":"https:\/\/portifolioos-prontos.com\/index.php\/wp-json\/wp\/v2\/media?parent=29541"}],"wp:term":[{"taxonomy":"product_cat","embeddable":true,"href":"https:\/\/portifolioos-prontos.com\/index.php\/wp-json\/wp\/v2\/product_cat?post=29541"},{"taxonomy":"product_tag","embeddable":true,"href":"https:\/\/portifolioos-prontos.com\/index.php\/wp-json\/wp\/v2\/product_tag?post=29541"}],"curies":[{"name":"wp","href":"https:\/\/api.w.org\/{rel}","templated":true}]}}