{"id":2955,"date":"2022-05-13T19:52:08","date_gmt":"2022-05-13T22:52:08","guid":{"rendered":"https:\/\/portifolioos-prontos.com\/?post_type=product&#038;p=2955"},"modified":"2022-09-02T14:59:12","modified_gmt":"2022-09-02T17:59:12","slug":"projeto-integrador-o-caso-cafe-e-sintonia","status":"publish","type":"product","link":"https:\/\/portifolioos-prontos.com\/index.php\/product\/projeto-integrador-o-caso-cafe-e-sintonia\/","title":{"rendered":"Projeto Integrador O caso Caf\u00e9 e Sintonia"},"content":{"rendered":"<h4>Projeto Integrador Pequenos neg\u00f3cios e marketing digital: O caso Caf\u00e9 e Sintonia<\/h4>\n<h4>Curso: Marketing Digital<\/h4>\n<h4>Disciplinas: \u2022 SEO e Reda\u00e7\u00e3o para WEB. \u2022 M\u00eddia Paga. \u2022 Otimiza\u00e7\u00e3o de Plataforma Online (CRO). \u2022 Responsabilidade Social e Ambiental. \u2022 A\u00e7\u00f5es de Engajamento do Consumidor.<\/h4>\n<p>A proposta do Projeto Integrador Interdisciplinar ter\u00e1 como tema norteador:<br \/>\npequenos neg\u00f3cios e marketing digital: o caso \u201cCaf\u00e9 e Sintonia\u201d.<br \/>\nEscolhemos essa tem\u00e1tica para possibilitar a aprendizagem interdisciplinar dos<br \/>\nconte\u00fados desenvolvidos nas disciplinas deste semestre. Para atingir os objetivos desta<br \/>\nprodu\u00e7\u00e3o textual, voc\u00ea dever\u00e1 seguir as instru\u00e7\u00f5es voltadas \u00e0 elabora\u00e7\u00e3o do trabalho<br \/>\ndisponibilizadas ao longo do semestre, sob a orienta\u00e7\u00e3o do Tutor a Dist\u00e2ncia,<br \/>\nconsiderando as disciplinas norteadoras.<br \/>\nA participa\u00e7\u00e3o na consecu\u00e7\u00e3o da proposta \u00e9 fundamental para que haja o<br \/>\npleno desenvolvimento de compet\u00eancias e habilidades requeridas em sua atua\u00e7\u00e3o<br \/>\nprofissional. Nesta produ\u00e7\u00e3o textual, dever\u00e1 ser considerado o caso apresentado na<br \/>\nsequ\u00eancia.<\/p>\n<p>SITUA\u00c7\u00c3O GERADORA DE APRENDIZAGEM (SGA)<br \/>\nPequenos neg\u00f3cios e marketing digital: o caso \u201cCaf\u00e9 e Sintonia\u201d<br \/>\nAdriano \u00e9 propriet\u00e1rio de um pequeno neg\u00f3cio gastron\u00f4mico situado no litoral<br \/>\ncatarinense. A empresa denominada \u201cCaf\u00e9 e Sintonia\u201d, possui instala\u00e7\u00f5es<br \/>\naconchegantes pr\u00f3ximas da praia e tem o objetivo de servir diversos produtos frescos e<br \/>\nnaturais: ampla variedade de caf\u00e9s gourmet, ch\u00e1s, doces, brunch, salgados e produtos<br \/>\nartesanais produzidos pela loja e por parceiros locais. Com o objetivo de alavancar seu<br \/>\nneg\u00f3cio, Adriano resolveu investir mais intensamente em campanhas de marketing<br \/>\ndigital.<br \/>\nAl\u00e9m da loja f\u00edsica e das plataformas de vendas online (Ifood e outras), a<br \/>\nempresa \u201cCaf\u00e9 e Sintonia\u201d possui outros meios de comunica\u00e7\u00e3o e conte\u00fado: um canal<br \/>\nno Instagram e uma p\u00e1gina corporativa no Facebook. A empresa utiliza as redes sociais<br \/>\npara a elabora\u00e7\u00e3o de conte\u00fados relacionados \u00e0 gastronomia e bem-estar, al\u00e9m da<br \/>\npostagem de fotos e dicas de receitas e preparos especiais de receitas.<br \/>\nNo entanto, em virtude da pouca experi\u00eancia com tecnologias e ferramentas<br \/>\ndigitais, Adriano sentiu a necessidade de contratar uma empresa de assessoria digital<br \/>\npara pequenos neg\u00f3cios, com o intuito de aprimorar seus processos de gest\u00e3o e avaliar<br \/>\no desempenho de seus canais de comunica\u00e7\u00e3o. Contratou, ent\u00e3o, a \u201cIntuitiva Projetos<br \/>\nDigitais\u201d, empresa gerenciada por voc\u00ea, respons\u00e1vel por auxili\u00e1-lo neste desafio.<\/p>\n<p>SITUA\u00c7\u00c3O-PROBLEMA<br \/>\nReuni\u00e3o de briefing e assessoria em marketing digital<br \/>\nNa primeira reuni\u00e3o da equipe de consultoria com o propriet\u00e1rio da loja, foi<br \/>\nposs\u00edvel estabelecer alguns par\u00e2metros iniciais e desenvolver um plano de interven\u00e7\u00e3o<br \/>\npautado em cinco macroetapas:<br \/>\n\u2022 Etapa 01: A\u00e7\u00f5es de Engajamento do Consumidor<br \/>\n\u2022 Etapa 02: SEO e Reda\u00e7\u00e3o para WEB.<br \/>\n\u2022 Etapa 03: M\u00eddia Paga.<br \/>\n\u2022 Etapa 04: Otimiza\u00e7\u00e3o de Plataforma Online (CRO).<br \/>\n\u2022 Etapa 05: Responsabilidade Social e Ambiental.<br \/>\nCom base nesses par\u00e2metros, voc\u00ea dever\u00e1 propor solu\u00e7\u00f5es estrat\u00e9gicas para a<br \/>\nalavancagem dos neg\u00f3cios. No processo de consultoria \u00e9 importante elaborar solu\u00e7\u00f5es<br \/>\naos potenciais problemas apresentados, sugerir a utiliza\u00e7\u00e3o de ferramentas e<br \/>\nmetodologias que possam ser implementadas para a melhoria dos processos de<br \/>\ncomunica\u00e7\u00e3o e relacionamento, bem como desenvolver inova\u00e7\u00f5es com base nas<br \/>\ntend\u00eancias de marketing digital.<br \/>\nEnt\u00e3o, prepare-se! Ao longo do processo de assessoria empresarial, voc\u00ea ter\u00e1<br \/>\na oportunidade de compartilhar ideias e conceitos relacionados \u00e0s estrat\u00e9gias digitais,<br \/>\nsempre com o objetivo de melhorar a performance da empresa \u201cCaf\u00e9 e Sintonia\u201d.<\/p>\n<p>Agora \u00e9 com voc\u00ea!<br \/>\nConsiderando o contexto apresentado e com base nos conte\u00fados trabalhados<br \/>\nao longo do semestre, sua miss\u00e3o \u00e9 associar a teoria \u00e0 pr\u00e1tica, tendo em vista as<br \/>\nsolicita\u00e7\u00f5es de cada etapa a seguir:<\/p>\n<p>ETAPA 01: A\u00e7\u00f5es de Engajamento do Consumidor<br \/>\nA tend\u00eancia emergente de com\u00e9rcio \u201cao vivo\u201d \u00e9 indiscutivelmente o maior<br \/>\ndesenvolvimento na forma como as empresas negociam com os consumidores usando<br \/>\nas redes sociais. Ela foi disparada pelas mudan\u00e7as no comportamento do usu\u00e1rio<br \/>\ndurante a pandemia, que tornou necess\u00e1rio que as empresas fornecessem experi\u00eancias<br \/>\nde compra alternativas aos seus consumidores\u201d, explica Alexandra Avelar, country<br \/>\nmanager da Emplifi. Ela refor\u00e7a que o maior uso de lives se deve \u00e0 inten\u00e7\u00e3o das marcas<br \/>\nem oferecer uma viv\u00eancia diferenciada aos seus clientes.<br \/>\nCall To Action, ou chamada para a\u00e7\u00e3o, a sigla CTA representa uma das<br \/>\nestrat\u00e9gias mais simples, mas que tem maior poder de engajar o p\u00fablico na rede. A<br \/>\nproposta \u00e9 simples: propor alguma convers\u00e3o para quem est\u00e1 acompanhando as redes.<br \/>\n\u2022 Diante disso, sua tarefa consiste em desenvolver uma estrat\u00e9gia de<br \/>\nintera\u00e7\u00e3o e engajamento com o consumidor do Caf\u00e9 e Sintonia.<br \/>\nDesenvolva e relate sua ideia, se preocupando com todo planejamento da<br \/>\nestrat\u00e9gia. Se voc\u00ea for optar por uma \u201clive\u201d, explique como vai acontecer,<br \/>\npor que escolheu esse formato, como vai interagir com o p\u00fablico.<br \/>\n\u2022 Se sua ideia for, por exemplo, um \u201cpost\u201d de uma nova receita de caf\u00e9 e que<br \/>\no cliente deve comentar e interagir, participando de um concurso ou um<br \/>\nsorteio, tamb\u00e9m explique como vai funcionar todo o processo, que tipo de<br \/>\nrede social vai utilizar, e o porqu\u00ea de suas escolhas. Voc\u00ea pode trabalhar<br \/>\ncom quizzes; testes de conhecimento; jogos; concursos; enquetes etc. Use<br \/>\nsua imagina\u00e7\u00e3o e pense em voc\u00ea como consumidor o que considera<br \/>\ninteressante.<br \/>\nIndependente da proposta que ir\u00e1 desenvolver \u00e9 importante que voc\u00ea fale do<br \/>\np\u00fablico-alvo do caf\u00e9: qual \u00e9 o p\u00fablico; como \u00e9 seu perfil; h\u00e1bitos de consumo, etc.<\/p>\n<p>PROJETO INTEGRADOR Marketing Digital<\/p>\n<p>ETAPA 02: SEO e Reda\u00e7\u00e3o para WEB<br \/>\nO funil de vendas \u00e9 uma maneira vital de atra\u00e7\u00e3o de usu\u00e1rios para a sua marca,<br \/>\ne \u00e9 por meio das redes sociais que sua empresa conseguir\u00e1 alimentar estes usu\u00e1rios<br \/>\ninteressados e gui\u00e1-los pelo funil de vendas, oferecendo diferentes tipos de conte\u00fado.<\/p>\n<p>\u2022 Para isto, voc\u00ea dever\u00e1 identificar as principais redes sociais e plataformas<br \/>\nonline para inserir sua marca. Esta sele\u00e7\u00e3o deve seguir alguns crit\u00e9rios: Em<br \/>\nque lugar est\u00e1 o seu p\u00fablico? Quais sites seu consumidor real frequenta?<br \/>\nConhecer o perfil dos seus clientes e saber quem \u00e9 sua persona \u00e9<br \/>\nfundamental n\u00e3o s\u00f3 para decidir se sua empresa deve estar no Facebook,<br \/>\nTwitter, Instagram, entre outros, mas tamb\u00e9m para orientar sua produ\u00e7\u00e3o<br \/>\nde conte\u00fado.<br \/>\n\u2022 Em seguida, voc\u00ea dever\u00e1 desenvolver conte\u00fados para cada etapa do funil<br \/>\n(que foi dividida entre, topo do funil, meio do funil e fundo do funil).<br \/>\nEm suma, de acordo com a jornada do consumidor e o funil de convers\u00e3o, \u00e9<br \/>\nnecess\u00e1rio produzir conte\u00fado diferentes para cada uma das etapas. O primeiro deve ser<br \/>\numa \u201cisca\u201d, em que o consumidor precisar\u00e1 nos informar seus dados para ganhar algum<br \/>\nmaterial rico em conte\u00fado para da\u00ed ent\u00e3o dar prosseguimento ao relacionamento por<br \/>\nmeio de e-mail marketing. Ent\u00e3o, o leitor se transforma em um lead. Na \u00faltima etapa,<br \/>\nem geral, faz-se uma oferta visando a convers\u00e3o, como mostra a tabela 1.<\/p>\n<p>ETAPA 03: M\u00eddia Paga<br \/>\nA presen\u00e7a digital de uma marca depende de diversos fatores, dos quais<br \/>\ndestacam a m\u00eddia utilizada e as principais abordagens para atingir o p\u00fablico-alvo. Dentre<br \/>\nas estrat\u00e9gias de marketing digital, existem basicamente tr\u00eas op\u00e7\u00f5es de m\u00eddia para<br \/>\nalavancagem dos an\u00fancios nas plataformas comerciais: a m\u00eddia paga, a pr\u00f3pria e a<br \/>\norg\u00e2nica. Cada uma apresenta um prop\u00f3sito e objetivos espec\u00edficos: seja tornar a marca<br \/>\nconhecida, aumentar as vendas, fidelizar o p\u00fablico, entre outros.<br \/>\n\u2022 Nesse sentido, considerando o contexto apresentado e os desafios enfrentados<br \/>\npela empresa \u2018Caf\u00e9 e Sintonia\u2019: evidencie a import\u00e2ncia dos investimentos em<br \/>\nm\u00eddia paga nos canais digitais, destaque as principais vantagens potenciais<br \/>\npara a empresa e cite pelo menos duas plataformas relevantes que a empresa<br \/>\npode come\u00e7ar a investir.<\/p>\n<p>ETAPA 04: Otimiza\u00e7\u00e3o de Plataforma Online (CRO).<br \/>\nDe modo geral, a otimiza\u00e7\u00e3o de plataforma on-line visa fazer com que um<br \/>\ndeterminado site de uma empresa seja atrativo e relevante o bastante para que os<br \/>\nvisitantes desse site tenham cada vez mais chance de realizarem uma intera\u00e7\u00e3o mais<br \/>\nefetiva com a empresa e sua marca.<br \/>\nA Caf\u00e9 e Sintonia est\u00e1 buscando cada vez mais uma inser\u00e7\u00e3o no ambiente digital<br \/>\ne para isso iremos trabalhar com a\u00e7\u00f5es que poderiam ser desenvolvidas em um site<br \/>\nbuscando torn\u00e1-lo assim mais atrativo aos olhos dos visitantes (para que a taxa de<br \/>\nconvers\u00e3o seja o mais adequada poss\u00edvel).<br \/>\n\u2022 Para essa atividade voc\u00ea dever\u00e1 gravar 02 tipos de v\u00eddeos (no seu celular).<br \/>\nAtente-se para as seguintes instru\u00e7\u00f5es:<br \/>\no Cada v\u00eddeo dever\u00e1 ter em m\u00e9dia 1 minuto.<br \/>\no Cada v\u00eddeo ser\u00e1 uma pequena \u201cpropaganda\u201d da Caf\u00e9 e Sintonia (mas com<br \/>\nabordagens diferentes\u2026 Exemplo: um v\u00eddeo poder\u00e1 abordar uma<br \/>\n\u201cPromo\u00e7\u00e3o\u201d o outro v\u00eddeo j\u00e1 poder\u00e1 abordar \u201co ambiente aconchegante\u201d do<br \/>\nlocal.<br \/>\no Na grava\u00e7\u00e3o desses v\u00eddeos use da criatividade (apresente uma x\u00edcara de caf\u00e9,<br \/>\nexplore algum ambiente, paisagem) (o importante \u00e9 que os v\u00eddeos tenham<br \/>\nASPECTOS DIFERENTES um do outro).<br \/>\no Ap\u00f3s gravados os v\u00eddeos, apresente-os a pelo menos 10 pessoas (parentes,<br \/>\namigos, conhecidos).<br \/>\no Anote as impress\u00f5es \/ relatos \/ observa\u00e7\u00f5es das pessoas em rela\u00e7\u00e3o aos<br \/>\nv\u00eddeos. Algumas das observa\u00e7\u00f5es podem ser: O que mais gostou no v\u00eddeo?<br \/>\nQual voc\u00ea prefere? O que n\u00e3o gostou? Outras perguntas.<\/p>\n<p>OBS.: Informa\u00e7\u00f5es sobre sugest\u00f5es\/adapta\u00e7\u00f5es podem ser utilizadas para que se<br \/>\npromova por exemplo mais a\u00e7\u00f5es de atratividade em um site, para que assim possam<br \/>\nauxiliar na melhoria da taxa de convers\u00e3o. Deve-se elaborar um breve relat\u00f3rio<br \/>\ncontendo as principais observa\u00e7\u00f5es, impress\u00f5es, a\u00e7\u00f5es futuras para a Caf\u00e9 e Sintonia,<br \/>\nsugest\u00f5es em rela\u00e7\u00e3o a essa atividade realizada.<\/p>\n<p>ETAPA 05: Responsabilidade Social e Ambiental<br \/>\nO Marketing Ambiental ou Marketing Verde \u00e9 a estrat\u00e9gia de marketing voltada<br \/>\nao processo de venda de produtos e servi\u00e7os baseados nos seus benef\u00edcios ao meio<br \/>\nambiente. \u00c9 a estrat\u00e9gia de vincula\u00e7\u00e3o da marca, produto ou servi\u00e7o a uma imagem<br \/>\necologicamente consciente. Adriano sempre foi preocupado com o meio ambiente e por<br \/>\nconta disso, o estabelecimento \u201cCaf\u00e9 e Sintonia\u201d se preocupa com a gest\u00e3o de seus<br \/>\nres\u00edduos.<br \/>\nDessa forma, ele sempre investe na utiliza\u00e7\u00e3o de embalagens ecologicamente<br \/>\ncorretas e na diminui\u00e7\u00e3o do uso de pl\u00e1sticos em seus produtos. Pensando em divulgar<br \/>\nessa iniciativa, o empreendedorsolicitou que a \u201cIntuitiva Projetos Digitais\u201d elabore uma<br \/>\npublica\u00e7\u00e3o para a p\u00e1gina do Instagram do neg\u00f3cio a fim de divulgar essa iniciativa.<br \/>\n\u2022 Dessa forma, elabore a postagem para a p\u00e1gina do Instagram a fim de divulgar<br \/>\na iniciativa de Adriano e insira o layout final aqui nessa etapa do trabalho.<br \/>\nAl\u00e9m da imagem, voc\u00ea deve inserir o texto e as \u201chashtags\u201d que utilizaria a<br \/>\npublica\u00e7\u00e3o na rede social. Como sugest\u00e3o, voc\u00ea pode utilizar a plataforma<br \/>\nCanva (canva.com) para elabora\u00e7\u00e3o da imagem utilizada na postagem.<\/p>\n<div class=\"elementor-toggle-item\">\n<h4 id=\"elementor-tab-title-1941\" class=\"elementor-tab-title elementor-active\" tabindex=\"0\" role=\"tab\" data-tab=\"1\" aria-controls=\"elementor-tab-content-1941\" aria-expanded=\"true\" aria-selected=\"true\">Como funciona?<\/h4>\n<div id=\"elementor-tab-content-1941\" class=\"elementor-tab-content elementor-clearfix elementor-active\" role=\"tabpanel\" data-tab=\"1\" aria-labelledby=\"elementor-tab-title-1941\">\n<p>Elaboramos os portf\u00f3lios, j\u00e1 deixamos prontos, nas normas da ABNT e conforme os requisitos da universidade. F\u00e1cil assim! O MELHOR \u00c9 QUE VOC\u00ca COMPRA E J\u00c1 BAIXA NA HORA O SEU ARQUIVO EM WORD! Sabemos que conciliar trabalho, fam\u00edlia, vida profissional e estudos \u00e9 dif\u00edcil hoje em dia, por isso, estamos aqui para ajudar voc\u00ea. Conte com nossa qualidade, experi\u00eancia e profissionalismo adquirindo seu portf\u00f3lio conosco. GARANTIMOS SEU CONCEITO!<\/p>\n<p><span style=\"color: #000000; font-size: 18px; font-weight: bold;\">Como se realizam os envios?<\/span><\/p>\n<\/div>\n<\/div>\n<div class=\"elementor-toggle-item\">\n<div id=\"elementor-tab-content-1942\" class=\"elementor-tab-content elementor-clearfix elementor-active\" role=\"tabpanel\" data-tab=\"2\" aria-labelledby=\"elementor-tab-title-1942\">O seu trabalho \u00e9 disponibilizado pronto, respondido e nas normas j\u00e1 na mesma hora aqui em nosso site na sua \u00e1rea de downloads e tamb\u00e9m no seu e-mail.<\/div>\n<div role=\"tabpanel\" data-tab=\"2\" aria-labelledby=\"elementor-tab-title-1942\"><\/div>\n<div role=\"tabpanel\" data-tab=\"2\" aria-labelledby=\"elementor-tab-title-1942\"><span style=\"color: #000000; font-size: 18px; font-weight: bold;\">Quais formas de pagamento para realizar minha compra?<\/span><\/div>\n<\/div>\n<div class=\"elementor-toggle-item\">\n<div id=\"elementor-tab-content-1943\" class=\"elementor-tab-content elementor-clearfix elementor-active\" role=\"tabpanel\" data-tab=\"3\" aria-labelledby=\"elementor-tab-title-1943\">\n<p>Dispomos dos seguintes meios de pagamento PIX, Cart\u00f5es de Cr\u00e9dito e Boleto\u00a0 \u00a0<img decoding=\"async\" class=\"alignnone wp-image-761\" src=\"http:\/\/portifolioos-prontos.com\/wp-content\/uploads\/2022\/04\/portfolio-unopar-pronto-producao-textual-interdisciplinar-300x107.webp\" sizes=\"(max-width: 140px) 100vw, 140px\" srcset=\"https:\/\/portifolioos-prontos.com\/wp-content\/uploads\/2022\/04\/portfolio-unopar-pronto-producao-textual-interdisciplinar-300x107.webp 300w, https:\/\/portifolioos-prontos.com\/wp-content\/uploads\/2022\/04\/PIX-1024x364.webp 1024w, https:\/\/portifolioos-prontos.com\/wp-content\/uploads\/2022\/04\/PIX-768x273.webp 768w, https:\/\/portifolioos-prontos.com\/wp-content\/uploads\/2022\/04\/PIX-370x131.webp 370w, https:\/\/portifolioos-prontos.com\/wp-content\/uploads\/2022\/04\/PIX-600x213.webp 600w, https:\/\/portifolioos-prontos.com\/wp-content\/uploads\/2022\/04\/portfolio-unopar-pronto-producao-textual-interdisciplinar.webp 1200w\" alt=\"\" width=\"109\" height=\"39\" \/>\u00a0\u00a0<img decoding=\"async\" class=\"\" src=\"https:\/\/d26lpennugtm8s.cloudfront.net\/assets\/common\/img\/logos\/payment\/visa@2x.png\" width=\"68\" height=\"43\" \/><img decoding=\"async\" class=\"\" src=\"https:\/\/d26lpennugtm8s.cloudfront.net\/assets\/common\/img\/logos\/payment\/boleto@2x.png\" width=\"65\" height=\"41\" \/><img loading=\"lazy\" decoding=\"async\" class=\"\" src=\"https:\/\/d26lpennugtm8s.cloudfront.net\/assets\/common\/img\/logos\/payment\/mastercard@2x.png\" width=\"62\" height=\"39\" \/><img loading=\"lazy\" decoding=\"async\" class=\"\" src=\"https:\/\/d26lpennugtm8s.cloudfront.net\/assets\/common\/img\/logos\/payment\/amex@2x.png\" width=\"62\" height=\"39\" \/><img loading=\"lazy\" decoding=\"async\" class=\"\" src=\"https:\/\/d26lpennugtm8s.cloudfront.net\/assets\/common\/img\/logos\/payment\/diners@2x.png\" width=\"60\" height=\"38\" \/><img loading=\"lazy\" decoding=\"async\" class=\"\" src=\"https:\/\/d26lpennugtm8s.cloudfront.net\/assets\/common\/img\/logos\/payment\/br\/elo@2x.png\" width=\"60\" height=\"38\" \/><img loading=\"lazy\" decoding=\"async\" class=\"\" src=\"https:\/\/d26lpennugtm8s.cloudfront.net\/assets\/common\/img\/logos\/payment\/br\/hipercard@2x.png\" width=\"65\" height=\"41\" \/><img loading=\"lazy\" decoding=\"async\" class=\"\" src=\"https:\/\/d26lpennugtm8s.cloudfront.net\/assets\/common\/img\/logos\/payment\/mercadopago@2x.png\" width=\"67\" height=\"42\" \/><\/p>\n<p><span style=\"color: #000000; font-size: 18px; font-weight: bold;\">Em quanto tempo recebo o portf\u00f3lio?<\/span><\/p>\n<\/div>\n<\/div>\n<div class=\"elementor-toggle-item\">\n<div id=\"elementor-tab-content-1944\" class=\"elementor-tab-content elementor-clearfix elementor-active\" role=\"tabpanel\" data-tab=\"4\" aria-labelledby=\"elementor-tab-title-1944\">\n<p>Os envios s\u00e3o imediatos. Ap\u00f3s sua compra, o trabalho j\u00e1 \u00e9 disponibilizado instantaneamente aqui em nosso site e no seu e-mail.<\/p>\n<p><span style=\"color: #000000; font-size: 18px; font-weight: bold;\">E se o portf\u00f3lio que comprei precisar de corre\u00e7\u00e3o?<\/span><\/p>\n<\/div>\n<\/div>\n<div class=\"elementor-toggle-item\">\n<div id=\"elementor-tab-content-1945\" class=\"elementor-tab-content elementor-clearfix elementor-active\" role=\"tabpanel\" data-tab=\"5\" aria-labelledby=\"elementor-tab-title-1945\">\n<p>Caso haja alguma solicita\u00e7\u00e3o de corre\u00e7\u00e3o\/altera\u00e7\u00e3o por parte do tutor, basta entrar em contato conosco pelo\u00a0<a href=\"https:\/\/api.whatsapp.com\/send\/?phone=5553984751621&amp;text&amp;app_absent=0\">WhatsApp<\/a> que provid\u00eanciaremos sem custo algum.<\/p>\n<p><span style=\"color: #000000; font-size: 18px; font-weight: bold;\">Qual o formato do arquivo?<\/span><\/p>\n<\/div>\n<\/div>\n<div class=\"elementor-toggle-item\">\n<div id=\"elementor-tab-content-1946\" class=\"elementor-tab-content elementor-clearfix elementor-active\" role=\"tabpanel\" data-tab=\"6\" aria-labelledby=\"elementor-tab-title-1946\">\n<p>Os arquivos s\u00e3o enviados em formato Word e s\u00e3o edit\u00e1veis.<\/p>\n<p><span style=\"color: #000000; font-size: 18px; font-weight: bold;\">Caso eu tiver alguma d\u00favida, terei suporte no p\u00f3s venda?<\/span><\/p>\n<\/div>\n<\/div>\n<div class=\"elementor-toggle-item\">\n<div id=\"elementor-tab-content-1948\" class=\"elementor-tab-content elementor-clearfix elementor-active\" role=\"tabpanel\" data-tab=\"8\" aria-labelledby=\"elementor-tab-title-1948\">\n<p>Sim, com certeza. Basta clicar no \u00edcone do WhatsApp no cantinho da tela. Ser\u00e1 um prazer atend\u00ea-lo(a).<\/p>\n<div class=\"elementor-toggle-item\">\n<div id=\"elementor-tab-content-1948\" class=\"elementor-tab-content elementor-clearfix elementor-active\" role=\"tabpanel\" data-tab=\"8\" aria-labelledby=\"elementor-tab-title-1948\">\n<h4>Quais os seus canais de contato?<\/h4>\n<\/div>\n<\/div>\n<div class=\"elementor-toggle-item\">\n<div id=\"elementor-tab-content-1949\" class=\"elementor-tab-content elementor-clearfix elementor-active\" role=\"tabpanel\" data-tab=\"9\" aria-labelledby=\"elementor-tab-title-1949\">\n<p>Whatsapp: 53 984751621 \u2013 Clicar no canto da tela ou ESCANEIE O QRCODE ABAIXO<\/p>\n<p><img loading=\"lazy\" decoding=\"async\" class=\"alignnone wp-image-7603\" src=\"http:\/\/portifolioos-prontos.com\/wp-content\/uploads\/2022\/09\/portfolio-unopar-pronto-colaborar-ava-producao-textual-interdisciplinar.png\" alt=\"\" width=\"141\" height=\"141\" srcset=\"https:\/\/portifolioos-prontos.com\/wp-content\/uploads\/2022\/09\/portfolio-unopar-pronto-colaborar-ava-producao-textual-interdisciplinar.png 150w, https:\/\/portifolioos-prontos.com\/wp-content\/uploads\/2022\/09\/portfolio-unopar-pronto-colaborar-ava-producao-textual-interdisciplinar-100x100.png 100w\" sizes=\"(max-width: 141px) 100vw, 141px\" \/><\/p>\n<\/div>\n<\/div>\n<\/div>\n<\/div>\n<div class=\"elementor-toggle-item\">\n<div id=\"elementor-tab-content-1949\" class=\"elementor-tab-content elementor-clearfix elementor-active\" role=\"tabpanel\" data-tab=\"9\" aria-labelledby=\"elementor-tab-title-1949\">\n<p>E-mail:portifoliosp@gmail.com<\/p>\n<\/div>\n<\/div>\n","protected":false},"excerpt":{"rendered":"<p>Projeto Integrador Pequenos neg\u00f3cios e marketing digital: O caso Caf\u00e9 e Sintonia Curso: Marketing Digital Disciplinas: \u2022 SEO e Reda\u00e7\u00e3o para WEB. \u2022 M\u00eddia Paga. \u2022 Otimiza\u00e7\u00e3o de Plataforma Online (CRO). \u2022 Responsabilidade Social e Ambiental. \u2022 A\u00e7\u00f5es de Engajamento do Consumidor. A proposta do Projeto Integrador Interdisciplinar ter\u00e1 como tema norteador: pequenos neg\u00f3cios e&hellip;<\/p>\n","protected":false},"featured_media":3636,"template":"","meta":{"_seopress_robots_primary_cat":"none","_seopress_titles_title":"","_seopress_titles_desc":"","_seopress_robots_index":""},"product_cat":[49],"product_tag":[],"class_list":{"0":"post-2955","1":"product","2":"type-product","3":"status-publish","4":"has-post-thumbnail","6":"product_cat-marketing","8":"first","9":"instock","10":"downloadable","11":"virtual","12":"purchasable","13":"product-type-simple","14":"col-xs-6 col-sm-4","15":"col-mf-5","16":"un-5-cols"},"jetpack_sharing_enabled":true,"_links":{"self":[{"href":"https:\/\/portifolioos-prontos.com\/index.php\/wp-json\/wp\/v2\/product\/2955","targetHints":{"allow":["GET"]}}],"collection":[{"href":"https:\/\/portifolioos-prontos.com\/index.php\/wp-json\/wp\/v2\/product"}],"about":[{"href":"https:\/\/portifolioos-prontos.com\/index.php\/wp-json\/wp\/v2\/types\/product"}],"version-history":[{"count":0,"href":"https:\/\/portifolioos-prontos.com\/index.php\/wp-json\/wp\/v2\/product\/2955\/revisions"}],"wp:featuredmedia":[{"embeddable":true,"href":"https:\/\/portifolioos-prontos.com\/index.php\/wp-json\/wp\/v2\/media\/3636"}],"wp:attachment":[{"href":"https:\/\/portifolioos-prontos.com\/index.php\/wp-json\/wp\/v2\/media?parent=2955"}],"wp:term":[{"taxonomy":"product_cat","embeddable":true,"href":"https:\/\/portifolioos-prontos.com\/index.php\/wp-json\/wp\/v2\/product_cat?post=2955"},{"taxonomy":"product_tag","embeddable":true,"href":"https:\/\/portifolioos-prontos.com\/index.php\/wp-json\/wp\/v2\/product_tag?post=2955"}],"curies":[{"name":"wp","href":"https:\/\/api.w.org\/{rel}","templated":true}]}}