{"id":29738,"date":"2024-09-14T13:56:13","date_gmt":"2024-09-14T16:56:13","guid":{"rendered":"https:\/\/portifolioos-prontos.com\/?post_type=product&#038;p=29738"},"modified":"2026-04-18T22:32:29","modified_gmt":"2026-04-19T01:32:29","slug":"projeto-de-extensao-iii-administracao","status":"publish","type":"product","link":"https:\/\/portifolioos-prontos.com\/index.php\/product\/projeto-de-extensao-iii-administracao\/","title":{"rendered":"Projeto de Extens\u00e3o III &#8211; Administra\u00e7\u00e3o"},"content":{"rendered":"<h5>Projeto de Extens\u00e3o III &#8211; Administra\u00e7\u00e3o<\/h5>\n<p data-start=\"196\" data-end=\"269\"><strong data-start=\"196\" data-end=\"206\">Aluno:<\/strong> [Nome completo]<br data-start=\"222\" data-end=\"225\" \/>Clique ou toque aqui para inserir o texto.<\/p>\n<p data-start=\"271\" data-end=\"349\"><strong data-start=\"271\" data-end=\"278\">RA:<\/strong> [N\u00famero do RA do aluno]<br data-start=\"302\" data-end=\"305\" \/>Clique ou toque aqui para inserir o texto.<\/p>\n<p data-start=\"351\" data-end=\"417\"><strong data-start=\"351\" data-end=\"370\">POLO \/ UNIDADE:<\/strong><br data-start=\"370\" data-end=\"373\" \/>Clique ou toque aqui para inserir o texto.<\/p>\n<p data-start=\"419\" data-end=\"461\"><strong data-start=\"419\" data-end=\"429\">CURSO:<\/strong><br data-start=\"429\" data-end=\"432\" \/>ADMINISTRA\u00c7\u00c3O &#8211; BACHARELADO<\/p>\n<p data-start=\"463\" data-end=\"533\"><strong data-start=\"463\" data-end=\"489\">COMPONENTE CURRICULAR:<\/strong><br data-start=\"489\" data-end=\"492\" \/>PROJETO DE EXTENS\u00c3O III &#8211; ADMINISTRA\u00c7\u00c3O<\/p>\n<p data-start=\"535\" data-end=\"593\"><strong data-start=\"535\" data-end=\"560\">PROGRAMA DE EXTENS\u00c3O:<\/strong><br data-start=\"560\" data-end=\"563\" \/>PROGRAMA DE SUSTENTABILIDADE<\/p>\n<hr data-start=\"595\" data-end=\"598\" \/>\n<h5 data-section-id=\"7r82qp\" data-start=\"600\" data-end=\"624\">FINALIDADE E MOTIVA\u00c7\u00c3O<\/h5>\n<p data-start=\"626\" data-end=\"1542\">O programa extensionista voltado as a\u00e7\u00f5es de Sustentabilidade do curso de Administra\u00e7\u00e3o possui a finalidade de apoiar a comunidade por meio da dissemina\u00e7\u00e3o do conhecimento adquirido no curso, priorizando o cuidado e compreens\u00e3o do meio ambiente. Tais a\u00e7\u00f5es poder\u00e3o reduzir impactos socioambientais negativos e criar uma cultura regenerativa para gerar impactos positivos que ir\u00e3o refletir no meio ambiente, que s\u00e3o importantes para possibilitar uma continuidade do uso de recursos naturais de forma sustent\u00e1vel. Ao identificar as problem\u00e1ticas ambientais da comunidade os alunos ter\u00e3o a motiva\u00e7\u00e3o para efetuar as a\u00e7\u00f5es de apoio relacionadas ao curso, pelas quais poder\u00e3o ser desenvolvidas compet\u00eancias t\u00e9cnicas e soft skills espec\u00edficas. As a\u00e7\u00f5es poder\u00e3o ser realizadas em locais diversos, como: Micro e Pequena Empresa, Estabelecimento de Microempreendedor (MEI), Associa\u00e7\u00e3o de Bairro, Escola, Associa\u00e7\u00e3o Comercial.<\/p>\n<hr data-start=\"1544\" data-end=\"1547\" \/>\n<h5 data-section-id=\"jf2jbu\" data-start=\"1549\" data-end=\"1563\">COMPET\u00caNCIAS<\/h5>\n<p data-start=\"1565\" data-end=\"1778\">I &#8211; Desenvolver o capital humano, mediante lideran\u00e7a e trabalho em equipe;<br data-start=\"1639\" data-end=\"1642\" \/>II &#8211; Lidar com mudan\u00e7as e situa\u00e7\u00f5es de risco;<br data-start=\"1687\" data-end=\"1690\" \/>III &#8211; Promover uma gest\u00e3o para a sustentabilidade, para a inclus\u00e3o e para a diversidade.<\/p>\n<hr data-start=\"1780\" data-end=\"1783\" \/>\n<h5 data-section-id=\"46q6pf\" data-start=\"1785\" data-end=\"1804\">PERFIL DO EGRESSO<\/h5>\n<p data-start=\"1806\" data-end=\"2546\">A IES idealizou um perfil do egresso para o curso de Administra\u00e7\u00e3o que permite a forma\u00e7\u00e3o do Administrador generalista, cr\u00edtico, reflexivo, propositivo, human\u00edstico e din\u00e2mico, capaz de aplicar tecnologias inerentes \u00e0 sua atua\u00e7\u00e3o, sendo que, pelas atividades extensionistas vinculadas ao Programa de Inova\u00e7\u00e3o e Empreendedorismo, esse egresso poder\u00e1 desenvolver habilidades, com dom\u00ednio cient\u00edfico e intelectual, com capacidade para empreender no neg\u00f3cio e na sua carreira, conduzir atividades do processo gerencial e aquelas referentes \u00e0 compreens\u00e3o da realidade social, cultural e econ\u00f4mica do meio em que est\u00e1 inserido, contribuindo com a promo\u00e7\u00e3o da transforma\u00e7\u00e3o da realidade e do desenvolvimento da inova\u00e7\u00e3o, do emprego e dos neg\u00f3cios.<\/p>\n<hr data-start=\"2548\" data-end=\"2551\" \/>\n<h5 data-section-id=\"18r0pjt\" data-start=\"2553\" data-end=\"2597\">SOFT SKILLS (COMPET\u00caNCIAS SOCIOEMOCIONAIS)<\/h5>\n<p data-start=\"2599\" data-end=\"2689\">An\u00e1lise e resolu\u00e7\u00e3o de problemas<br data-start=\"2631\" data-end=\"2634\" \/>Planejamento e organiza\u00e7\u00e3o<br data-start=\"2660\" data-end=\"2663\" \/>Comunica\u00e7\u00e3o Interpessoal<\/p>\n<hr data-start=\"2691\" data-end=\"2694\" \/>\n<h5 data-section-id=\"yi4l2b\" data-start=\"2696\" data-end=\"2723\">OBJETIVOS DE APRENDIZAGEM<\/h5>\n<p data-start=\"2725\" data-end=\"3045\">As a\u00e7\u00f5es de extens\u00e3o universit\u00e1ria do curso de Administra\u00e7\u00e3o orientadas pelo Programa de Sustentabilidade t\u00eam como objetivo principal contribuir com as iniciativas de preserva\u00e7\u00e3o ambiental local ou regional, al\u00e9m de possibilitar que o corpo discente do curso aplique sua aprendizagem multidisciplinar adquirida no curso.<\/p>\n<hr data-start=\"3047\" data-end=\"3050\" \/>\n<h5 data-section-id=\"16xjrcn\" data-start=\"3052\" data-end=\"3063\">CONTE\u00daDOS<\/h5>\n<p data-start=\"3065\" data-end=\"3255\">I &#8211; Diagn\u00f3stico e Interven\u00e7\u00e3o Empresarial;<br data-start=\"3107\" data-end=\"3110\" \/>II &#8211; Gerenciamento da Cadeia de Suprimentos;<br data-start=\"3154\" data-end=\"3157\" \/>III &#8211; Gest\u00e3o de projetos;<br data-start=\"3182\" data-end=\"3185\" \/>IV &#8211; Pesquisa Operacional;<br data-start=\"3211\" data-end=\"3214\" \/>V &#8211; Responsabilidade Social e Ambiental<\/p>\n<hr data-start=\"3257\" data-end=\"3260\" \/>\n<h5 data-section-id=\"1q7kx9f\" data-start=\"3262\" data-end=\"3289\">INDICA\u00c7\u00d5ES BIBLIOGR\u00c1FICAS<\/h5>\n<p data-start=\"3291\" data-end=\"3874\">BERTAGLIA, Paulo Roberto. Log\u00edstica e gerenciamento da cadeia de abastecimento. 4. ed. S\u00e3o Paulo: Saraiva Educa\u00e7\u00e3o, 2020.<br data-start=\"3412\" data-end=\"3415\" \/>PAES, Evandro Silva; VILGA, Vaine Fermoseli. Gest\u00e3o de projetos. Londrina: Editora e Distribuidora Educacional S.A., 2017.<br data-start=\"3537\" data-end=\"3540\" \/>LEAL NETO, Jos\u00e9 de Souza. Pesquisa operacional. Curitiba: Contentus, 2020.<br data-start=\"3614\" data-end=\"3617\" \/>CALDAS, Ricardo Melito. Responsabilidade socioambiental. S\u00e3o Paulo: Pearson Education do Brasil, 2016. ISBN 9788543017846. [Biblioteca Virtual 3.0].<br data-start=\"3765\" data-end=\"3768\" \/>RODRIGUES, Edna de Almeida. Modelos de Gest\u00e3o. Londrina: Editora e Distribuidora Educacional S.A., 2016.<\/p>\n<hr data-start=\"3876\" data-end=\"3879\" \/>\n<h5 data-section-id=\"1too96r\" data-start=\"3881\" data-end=\"3898\">RELAT\u00d3RIO FINAL<\/h5>\n<p data-start=\"3900\" data-end=\"4303\">Aluno e Aluna, ap\u00f3s realizar suas atividades de extens\u00e3o, \u00e9 necess\u00e1rio que voc\u00ea o formalize, enviando esse Relat\u00f3rio Final para ser avaliado junto ao seu Ambiente Virtual (AVA) e tamb\u00e9m para voc\u00ea poder comprovar sua atua\u00e7\u00e3o.<br data-start=\"4124\" data-end=\"4127\" \/>Para o preenchimento, busque as anota\u00e7\u00f5es junto ao TEMPLATE PCDA para auxiliar na apresenta\u00e7\u00e3o das atividades desenvolvidas.<br data-start=\"4251\" data-end=\"4254\" \/>Todos os campos s\u00e3o de preenchimento obrigat\u00f3rio!<\/p>\n<hr data-start=\"4305\" data-end=\"4308\" \/>\n<h5 data-section-id=\"lqbism\" data-start=\"4310\" data-end=\"4355\">DESCRI\u00c7\u00c3O DA A\u00c7\u00c3O COM RESULTADOS ALCAN\u00c7ADOS<\/h5>\n<p data-start=\"4357\" data-end=\"4692\"><strong data-start=\"4357\" data-end=\"4443\">Metas dos Objetivos de Desenvolvimento Sustent\u00e1vel (ODS) aderentes a este projeto:<\/strong><br data-start=\"4443\" data-end=\"4446\" \/>CAMPO OBRIGAT\u00d3RIO \u2013 busque no seu Template PDCA quais Metas voc\u00ea selecionou como aderentes ao seu projeto, conforme cada Objetivo de Desenvolvimento Sustent\u00e1vel (ODS) da Organiza\u00e7\u00e3o das Na\u00e7\u00f5es Unidas (ONU) que voc\u00ea explorou no seu planejamento.<\/p>\n<p data-start=\"4694\" data-end=\"4747\">Liste as Metas selecionadas (pelo menos uma op\u00e7\u00e3o):<\/p>\n<hr data-start=\"4749\" data-end=\"4752\" \/>\n<p data-start=\"4754\" data-end=\"4852\"><strong data-start=\"4754\" data-end=\"4805\">Local de realiza\u00e7\u00e3o da atividade extensionista:<\/strong><br data-start=\"4805\" data-end=\"4808\" \/>Clique ou toque aqui para inserir o texto.<\/p>\n<p data-start=\"4854\" data-end=\"4920\"><strong data-start=\"4854\" data-end=\"4873\">Durante a a\u00e7\u00e3o:<\/strong><br data-start=\"4873\" data-end=\"4876\" \/>Clique ou toque aqui para inserir o texto.<\/p>\n<p data-start=\"4922\" data-end=\"5044\"><strong data-start=\"4922\" data-end=\"4997\">Caso necess\u00e1rio, houve mudan\u00e7a de estrat\u00e9gia para alcan\u00e7ar o resultado:<\/strong><br data-start=\"4997\" data-end=\"5000\" \/>Clique ou toque aqui para inserir o texto.<\/p>\n<p data-start=\"5046\" data-end=\"5115\"><strong data-start=\"5046\" data-end=\"5068\">Resultado da a\u00e7\u00e3o:<\/strong><br data-start=\"5068\" data-end=\"5071\" \/>Clique ou toque aqui para inserir o texto.<\/p>\n<p data-start=\"5117\" data-end=\"5178\"><strong data-start=\"5117\" data-end=\"5131\">Conclus\u00e3o:<\/strong><br data-start=\"5131\" data-end=\"5134\" \/>Clique ou toque aqui para inserir o texto.<\/p>\n<p data-start=\"5180\" data-end=\"5255\"><strong data-start=\"5180\" data-end=\"5208\">Depoimentos (se houver):<\/strong><br data-start=\"5208\" data-end=\"5211\" \/>Clique ou toque aqui para inserir o texto.<\/p>\n<hr data-start=\"5257\" data-end=\"5260\" \/>\n<h5 data-section-id=\"1dxzhtg\" data-start=\"5262\" data-end=\"5345\">RELATE SUA PERCEP\u00c7\u00c3O DAS A\u00c7\u00d5ES EXTENSIONISTAS REALIZADAS NO PROGRAMA DESENVOLVIDO<\/h5>\n<p data-start=\"5347\" data-end=\"5509\">CAMPO OBRIGAT\u00d3RIO \u2013 relate em no m\u00ednimo 15 (quinze) linhas sua experi\u00eancia com as a\u00e7\u00f5es extensionistas. O texto deve ser de sua autoria e in\u00e9dito, evite pl\u00e1gio.<\/p>\n<p data-start=\"5511\" data-end=\"5810\">Quest\u00f5es norteadoras:<br data-start=\"5532\" data-end=\"5535\" \/>(1) Voc\u00ea notou que suas habilidades profissionais foram aprimoradas, com a atua\u00e7\u00e3o nas a\u00e7\u00f5es extensionistas?<br data-start=\"5643\" data-end=\"5646\" \/>(2) Voc\u00ea identificou melhoria\/resolu\u00e7\u00e3o do problema identificado?<br data-start=\"5711\" data-end=\"5714\" \/>(3) Voc\u00ea conseguiu articular os conhecimentos adquiridos no curso com as a\u00e7\u00f5es extensionistas?<\/p>\n<p data-start=\"5812\" data-end=\"5971\">Ao escrever seu texto evite deix\u00e1-lo em forma de respostas as quest\u00f5es norteadoras, relate sua experi\u00eancia em forma de texto dissertativo com justificativas.<\/p>\n<p data-start=\"5973\" data-end=\"6017\">Clique ou toque aqui para inserir o texto.<\/p>\n<hr data-start=\"6019\" data-end=\"6022\" \/>\n<h5 data-section-id=\"13u38wp\" data-start=\"6024\" data-end=\"6064\">DEPOIMENTO DA INSTITUI\u00c7\u00c3O PARTICIPANTE<\/h5>\n<p data-start=\"6066\" data-end=\"6230\">CAMPO OBRIGAT\u00d3RIO &#8211; insira depoimento(s) do(s) gestor(es) da institui\u00e7\u00e3o\/\u00f3rg\u00e3o\/associa\u00e7\u00e3o participante que contribuam como um feedback da a\u00e7\u00e3o realizada por voc\u00ea.<\/p>\n<p data-start=\"6232\" data-end=\"6276\">Clique ou toque aqui para inserir o texto.<\/p>\n<hr data-start=\"6278\" data-end=\"6281\" \/>\n<h5 data-section-id=\"12jwlx1\" data-start=\"6283\" data-end=\"6311\">REFER\u00caNCIAS BIBLIOGR\u00c1FICAS<\/h5>\n<p data-start=\"6313\" data-end=\"6559\">CAMPO OBRIGAT\u00d3RIO \u2013 Siga a normas ABNT, para isso consulte sua Biblioteca Virtual;<br data-start=\"6395\" data-end=\"6398\" \/>Utilize como refer\u00eancias bibliogr\u00e1ficas as indica\u00e7\u00f5es do Campo: Indica\u00e7\u00f5es Bibliogr\u00e1ficas e as demais refer\u00eancias utilizadas no desenvolvimento do seu projeto.<\/p>\n<p data-start=\"6561\" data-end=\"6605\">Clique ou toque aqui para inserir o texto.<\/p>\n<hr data-start=\"6607\" data-end=\"6610\" \/>\n<h5 data-section-id=\"16epvci\" data-start=\"6612\" data-end=\"6640\">AUTOAVALIA\u00c7\u00c3O DA ATIVIDADE<\/h5>\n<p data-start=\"6642\" data-end=\"6777\">Realize a sua avalia\u00e7\u00e3o em rela\u00e7\u00e3o \u00e0 atividade desenvolvida considerando uma escala de 0 a 10 para cada pergunta, assinalando com um X:<\/p>\n<hr data-start=\"6779\" data-end=\"6782\" \/>\n<p data-start=\"6784\" data-end=\"6918\"><strong data-start=\"6784\" data-end=\"6918\">1. A atividade permitiu o desenvolvimento do projeto de extens\u00e3o articulando as compet\u00eancias e conte\u00fados propostos junto ao Curso?<\/strong><\/p>\n<p data-start=\"6920\" data-end=\"6988\">0 1 2 3 4 5 6 7 8 9 10<br data-start=\"6942\" data-end=\"6945\" \/>(\u2610) (\u2610) (\u2610) (\u2610) (\u2610) (\u2610) (\u2610) (\u2610) (\u2610) (\u2610) (\u2610)<\/p>\n<hr data-start=\"6990\" data-end=\"6993\" \/>\n<p data-start=\"6995\" data-end=\"7069\"><strong data-start=\"6995\" data-end=\"7069\">2. A atividade possui carga hor\u00e1ria suficiente para a sua realiza\u00e7\u00e3o?<\/strong><\/p>\n<p data-start=\"7071\" data-end=\"7139\">0 1 2 3 4 5 6 7 8 9 10<br data-start=\"7093\" data-end=\"7096\" \/>(\u2610) (\u2610) (\u2610) (\u2610) (\u2610) (\u2610) (\u2610) (\u2610) (\u2610) (\u2610) (\u2610)<\/p>\n<hr data-start=\"7141\" data-end=\"7144\" \/>\n<p data-start=\"7146\" data-end=\"7239\"><strong data-start=\"7146\" data-end=\"7239\">3. A atividade \u00e9 relevante para a sua forma\u00e7\u00e3o e articula\u00e7\u00e3o de compet\u00eancias e conte\u00fados?<\/strong><\/p>\n<p data-start=\"7241\" data-end=\"7309\">0 1 2 3 4 5 6 7 8 9 10<br data-start=\"7263\" data-end=\"7266\" \/>(\u2610) (\u2610) (\u2610) (\u2610) (\u2610) (\u2610) (\u2610) (\u2610) (\u2610) (\u2610) (\u2610)<\/p>\n<hr data-start=\"7311\" data-end=\"7314\" \/>\n<p data-start=\"7316\" data-end=\"7521\"><strong data-start=\"7316\" data-end=\"7521\">4. A atividade contribui para o cumprimento dos objetivos definidos pela Institui\u00e7\u00e3o de Ensino (IES) e Curso, observando o Plano de Desenvolvimento Institucional e Projeto Pedag\u00f3gico de Curso vigentes?<\/strong><\/p>\n<p data-start=\"7523\" data-end=\"7591\">0 1 2 3 4 5 6 7 8 9 10<br data-start=\"7545\" data-end=\"7548\" \/>(\u2610) (\u2610) (\u2610) (\u2610) (\u2610) (\u2610) (\u2610) (\u2610) (\u2610) (\u2610) (\u2610)<\/p>\n<hr data-start=\"7593\" data-end=\"7596\" \/>\n<p data-start=\"7598\" data-end=\"7753\"><strong data-start=\"7598\" data-end=\"7753\">5. A atividade contribui para a melhoria da sociedade por meio dos resultados demonstrados no relat\u00f3rio ou pelos relatos apresentados pelos envolvidos?<\/strong><\/p>\n<p data-start=\"7755\" data-end=\"7823\">0 1 2 3 4 5 6 7 8 9 10<br data-start=\"7777\" data-end=\"7780\" \/>(\u2610) (\u2610) (\u2610) (\u2610) (\u2610) (\u2610) (\u2610) (\u2610) (\u2610) (\u2610) (\u2610)<\/p>\n<hr data-start=\"7825\" data-end=\"7828\" \/>\n<p data-start=\"7830\" data-end=\"7926\"><strong data-start=\"7830\" data-end=\"7926\">6. A atividade permite o desenvolvimento de a\u00e7\u00f5es junto \u00e0 Inicia\u00e7\u00e3o Cient\u00edfica e ao Ensino?<\/strong><\/p>\n<p data-start=\"7928\" data-end=\"7996\">0 1 2 3 4 5 6 7 8 9 10<br data-start=\"7950\" data-end=\"7953\" \/>(\u2610) (\u2610) (\u2610) (\u2610) (\u2610) (\u2610) (\u2610) (\u2610) (\u2610) (\u2610) (\u2610)<\/p>\n<hr data-start=\"7998\" data-end=\"8001\" \/>\n<p data-start=\"8003\" data-end=\"8088\"><strong data-start=\"8003\" data-end=\"8088\">7. Caso queira contribuir com maior detalhamento, traga seu depoimento\/ sugest\u00e3o.<\/strong><\/p>\n<p data-start=\"8090\" data-end=\"8132\">Clique ou toque aqui para inserir o texto.<\/p>\n<div class=\"elementor-toggle-item\">\n<p id=\"elementor-tab-title-1941\" class=\"elementor-tab-title elementor-active\" tabindex=\"0\" role=\"tab\" data-tab=\"1\" aria-controls=\"elementor-tab-content-1941\" aria-expanded=\"true\" aria-selected=\"true\"><strong>Como funciona?<\/strong><\/p>\n<p>Elaboramos os portf\u00f3lios, j\u00e1 deixamos prontos, nas normas da ABNT e conforme os requisitos da universidade. F\u00e1cil assim! O MELHOR \u00c9 QUE VOC\u00ca COMPRA E J\u00c1 BAIXA NA HORA O SEU ARQUIVO EM WORD! Sabemos que conciliar trabalho, fam\u00edlia, vida profissional e estudos \u00e9 dif\u00edcil hoje em dia, por isso, estamos aqui para ajudar voc\u00ea. Conte com nossa qualidade, experi\u00eancia e profissionalismo adquirindo seu portf\u00f3lio conosco. GARANTIMOS SEU CONCEITO!<\/p>\n<p><strong>Como se realizam os envios?<\/strong><\/p>\n<\/div>\n<p id=\"elementor-tab-content-1942\" class=\"elementor-tab-content elementor-clearfix elementor-active\" role=\"tabpanel\" data-tab=\"2\" aria-labelledby=\"elementor-tab-title-1942\">O seu trabalho \u00e9 disponibilizado pronto, respondido e nas normas j\u00e1 na mesma hora aqui em nosso site na sua \u00e1rea de downloads e tamb\u00e9m no seu e-mail.<\/p>\n<p><strong>Em quanto tempo recebo o portf\u00f3lio?<\/strong><\/p>\n<p>Os envios s\u00e3o imediatos. Ap\u00f3s sua compra, o trabalho j\u00e1 \u00e9 disponibilizado instantaneamente aqui em nosso site e no seu e-mail.<\/p>\n<p><strong>E se o portf\u00f3lio que comprei precisar de corre\u00e7\u00e3o?<\/strong><\/p>\n<p>Caso haja alguma solicita\u00e7\u00e3o de corre\u00e7\u00e3o\/altera\u00e7\u00e3o por parte do tutor, basta entrar em contato conosco pelo\u00a0WhatsApp\u00a0que provid\u00eanciaremos sem custo algum.<\/p>\n<p><strong>Qual o formato do arquivo?<\/strong><\/p>\n<p>Os arquivos s\u00e3o enviados em formato Word e s\u00e3o edit\u00e1veis.<\/p>\n<p><strong>Caso eu tiver alguma d\u00favida, terei suporte no p\u00f3s venda?<\/strong><\/p>\n<p>Sim, com certeza. Basta clicar no \u00edcone do WhatsApp no cantinho da tela. Ser\u00e1 um prazer atend\u00ea-lo(a).<\/p>\n<div id=\"elementor-tab-content-1948\" class=\"elementor-tab-content elementor-clearfix elementor-active\" role=\"tabpanel\" data-tab=\"8\" aria-labelledby=\"elementor-tab-title-1948\">\n<p><strong>Quais os seus canais de contato?<\/strong><\/p>\n<\/div>\n<div id=\"elementor-tab-content-1949\" class=\"elementor-tab-content elementor-clearfix elementor-active\" role=\"tabpanel\" data-tab=\"9\" aria-labelledby=\"elementor-tab-title-1949\">\n<p>Whatsapp: 53 984751621 \u2013 Clicar no canto da tela ou ESCANEIE O QRCODE ABAIXO<\/p>\n<h4><img decoding=\"async\" class=\"alignnone wp-image-13699 jetpack-lazy-image jetpack-lazy-image--handled\" src=\"https:\/\/i0.wp.com\/portifolioos-prontos.com\/wp-content\/uploads\/2023\/02\/whatsapp-business-projeto-de-extensao-300x300.jpeg?resize=144%2C144\" sizes=\"(max-width: 144px) 100vw, 144px\" srcset=\"https:\/\/i0.wp.com\/portifolioos-prontos.com\/wp-content\/uploads\/2023\/02\/whatsapp-business-projeto-de-extensao.jpeg?resize=300%2C301&amp;ssl=1 300w, https:\/\/i0.wp.com\/portifolioos-prontos.com\/wp-content\/uploads\/2023\/02\/whatsapp-business-projeto-de-extensao.jpeg?resize=150%2C150&amp;ssl=1 150w, https:\/\/i0.wp.com\/portifolioos-prontos.com\/wp-content\/uploads\/2023\/02\/whatsapp-business-projeto-de-extensao.jpeg?resize=370%2C372&amp;ssl=1 370w, https:\/\/i0.wp.com\/portifolioos-prontos.com\/wp-content\/uploads\/2023\/02\/whatsapp-business-projeto-de-extensao.jpeg?resize=100%2C100&amp;ssl=1 100w, https:\/\/i0.wp.com\/portifolioos-prontos.com\/wp-content\/uploads\/2023\/02\/whatsapp-business-projeto-de-extensao.jpeg?w=470&amp;ssl=1 470w\" alt=\"projeto de extens\u00e3o unopar\" width=\"144\" height=\"144\" data-lazy-loaded=\"1\" \/><\/h4>\n<\/div>\n<div class=\"elementor-toggle-item\">\n<div id=\"elementor-tab-content-1949\" class=\"elementor-tab-content elementor-clearfix elementor-active\" role=\"tabpanel\" data-tab=\"9\" aria-labelledby=\"elementor-tab-title-1949\">\n<p>E-mail:portifoliosp@gmail.com<\/p>\n<div id=\"attachment_143\" class=\"wp-caption alignnone\">\n<div id=\"attachment_143\" class=\"wp-caption alignnone\">\n<p id=\"caption-attachment-143\" class=\"wp-caption-text\"><a href=\"http:\/\/portfolio-pronto.com\/\">Portf\u00f3lio<\/a>\u00a0em Word, respondido, completo e j\u00e1 nas normas<\/p>\n<\/div>\n<\/div>\n<\/div>\n<\/div>\n","protected":false},"excerpt":{"rendered":"<div class=\"product-short-description\">\n<div class=\"product-short-description\">\n<div><span style=\"color: #ff0000;\"><strong>Compre e receba o Relat\u00f3rio Final de Atividades Extensionistas j\u00e1 preenchido, com um projeto totalmente desenvolvido para entrega.<\/strong><\/span><\/div>\n<div class=\"product-short-description\"><strong>Pague pelo PIX ou cart\u00e3o e fa\u00e7a o download agora mesmo.<\/strong><\/div>\n<div class=\"sticky-add-to-cart-wrapper\">\n<div class=\"sticky-add-to-cart\">\n<p class=\"quantity buttons_added form-flat\"><img decoding=\"async\" class=\"lazyloaded smush-image-5 smush-image-3 smush-image-4 smush-detected-img smush-image-bigger-3\" src=\"https:\/\/d26lpennugtm8s.cloudfront.net\/assets\/common\/img\/logos\/payment\/visa@2x.png\" width=\"46\" height=\"29\" data-src=\"https:\/\/d26lpennugtm8s.cloudfront.net\/assets\/common\/img\/logos\/payment\/visa@2x.png\" \/><img decoding=\"async\" class=\"lazyloaded smush-image-6 smush-image-4 smush-image-5 smush-detected-img smush-image-bigger-4\" src=\"https:\/\/d26lpennugtm8s.cloudfront.net\/assets\/common\/img\/logos\/payment\/boleto@2x.png\" width=\"43\" height=\"27\" data-src=\"https:\/\/d26lpennugtm8s.cloudfront.net\/assets\/common\/img\/logos\/payment\/boleto@2x.png\" \/><img loading=\"lazy\" decoding=\"async\" class=\"lazyloaded smush-image-7 smush-image-5 smush-image-6 smush-detected-img smush-image-bigger-5\" src=\"https:\/\/d26lpennugtm8s.cloudfront.net\/assets\/common\/img\/logos\/payment\/mastercard@2x.png\" width=\"43\" height=\"27\" data-src=\"https:\/\/d26lpennugtm8s.cloudfront.net\/assets\/common\/img\/logos\/payment\/mastercard@2x.png\" \/><img loading=\"lazy\" decoding=\"async\" class=\"lazyloaded smush-image-8 smush-image-6 smush-image-7 smush-detected-img smush-image-bigger-6\" src=\"https:\/\/d26lpennugtm8s.cloudfront.net\/assets\/common\/img\/logos\/payment\/amex@2x.png\" width=\"43\" height=\"27\" data-src=\"https:\/\/d26lpennugtm8s.cloudfront.net\/assets\/common\/img\/logos\/payment\/amex@2x.png\" \/><img loading=\"lazy\" decoding=\"async\" class=\"lazyloaded smush-image-9 smush-image-7 smush-image-8 smush-detected-img smush-image-bigger-7\" src=\"https:\/\/d26lpennugtm8s.cloudfront.net\/assets\/common\/img\/logos\/payment\/diners@2x.png\" width=\"46\" height=\"29\" data-src=\"https:\/\/d26lpennugtm8s.cloudfront.net\/assets\/common\/img\/logos\/payment\/diners@2x.png\" \/><img loading=\"lazy\" decoding=\"async\" class=\"lazyloaded smush-image-10 smush-image-8 smush-image-9 alignnone smush-detected-img smush-image-bigger-8\" src=\"https:\/\/d26lpennugtm8s.cloudfront.net\/assets\/common\/img\/logos\/payment\/br\/elo@2x.png\" alt=\"portf\u00f3lio unopar anhanguera\" width=\"45\" height=\"28\" data-src=\"https:\/\/d26lpennugtm8s.cloudfront.net\/assets\/common\/img\/logos\/payment\/br\/elo@2x.png\" \/><img loading=\"lazy\" decoding=\"async\" class=\"lazyloaded smush-image-11 smush-image-9 smush-image-10 alignnone smush-detected-img smush-image-bigger-9\" src=\"https:\/\/d26lpennugtm8s.cloudfront.net\/assets\/common\/img\/logos\/payment\/br\/hipercard@2x.png\" alt=\"portf\u00f3lio unopar anhanguera\" width=\"44\" height=\"28\" data-src=\"https:\/\/d26lpennugtm8s.cloudfront.net\/assets\/common\/img\/logos\/payment\/br\/hipercard@2x.png\" \/><img loading=\"lazy\" decoding=\"async\" class=\"lazyloaded smush-image-12 smush-image-10 smush-image-11 alignnone smush-detected-img smush-image-bigger-10\" src=\"https:\/\/d26lpennugtm8s.cloudfront.net\/assets\/common\/img\/logos\/payment\/mercadopago@2x.png\" alt=\"portf\u00f3lio unopar anhanguera\" width=\"45\" height=\"28\" data-src=\"https:\/\/d26lpennugtm8s.cloudfront.net\/assets\/common\/img\/logos\/payment\/mercadopago@2x.png\" \/><img loading=\"lazy\" decoding=\"async\" class=\"alignnone ls-is-cached lazyloaded smush-detected-img smush-image-bigger-11\" src=\"https:\/\/futurium.com.br\/wp-content\/uploads\/2021\/06\/logo-pix-icone-512.png\" alt=\"portfolio pronto\" width=\"30\" height=\"30\" data-src=\"https:\/\/futurium.com.br\/wp-content\/uploads\/2021\/06\/logo-pix-icone-512.png\" \/><\/p>\n<\/div>\n<\/div>\n<\/div>\n<\/div>\n","protected":false},"featured_media":29741,"template":"","meta":{"_seopress_robots_primary_cat":"none","_seopress_titles_title":"%%post_title%% %%sitetitle%%","_seopress_titles_desc":"%%post_content%%","_seopress_robots_index":""},"product_cat":[28,15],"product_tag":[732],"class_list":{"0":"post-29738","1":"product","2":"type-product","3":"status-publish","4":"has-post-thumbnail","6":"product_cat-administracao","7":"product_cat-uncategorized","8":"product_tag-projeto-de-extensao-programa-de-sustentabilidade","10":"first","11":"instock","12":"downloadable","13":"virtual","14":"purchasable","15":"product-type-simple","16":"col-xs-6 col-sm-4","17":"col-mf-5","18":"un-5-cols"},"jetpack_sharing_enabled":true,"_links":{"self":[{"href":"https:\/\/portifolioos-prontos.com\/index.php\/wp-json\/wp\/v2\/product\/29738","targetHints":{"allow":["GET"]}}],"collection":[{"href":"https:\/\/portifolioos-prontos.com\/index.php\/wp-json\/wp\/v2\/product"}],"about":[{"href":"https:\/\/portifolioos-prontos.com\/index.php\/wp-json\/wp\/v2\/types\/product"}],"version-history":[{"count":3,"href":"https:\/\/portifolioos-prontos.com\/index.php\/wp-json\/wp\/v2\/product\/29738\/revisions"}],"predecessor-version":[{"id":51249,"href":"https:\/\/portifolioos-prontos.com\/index.php\/wp-json\/wp\/v2\/product\/29738\/revisions\/51249"}],"wp:featuredmedia":[{"embeddable":true,"href":"https:\/\/portifolioos-prontos.com\/index.php\/wp-json\/wp\/v2\/media\/29741"}],"wp:attachment":[{"href":"https:\/\/portifolioos-prontos.com\/index.php\/wp-json\/wp\/v2\/media?parent=29738"}],"wp:term":[{"taxonomy":"product_cat","embeddable":true,"href":"https:\/\/portifolioos-prontos.com\/index.php\/wp-json\/wp\/v2\/product_cat?post=29738"},{"taxonomy":"product_tag","embeddable":true,"href":"https:\/\/portifolioos-prontos.com\/index.php\/wp-json\/wp\/v2\/product_tag?post=29738"}],"curies":[{"name":"wp","href":"https:\/\/api.w.org\/{rel}","templated":true}]}}