{"id":29743,"date":"2024-09-14T14:02:32","date_gmt":"2024-09-14T17:02:32","guid":{"rendered":"https:\/\/portifolioos-prontos.com\/?post_type=product&#038;p=29743"},"modified":"2025-08-03T17:50:42","modified_gmt":"2025-08-03T20:50:42","slug":"aula-pratica-producao-de-textos-aplicada-ao-ensino","status":"publish","type":"product","link":"https:\/\/portifolioos-prontos.com\/index.php\/product\/aula-pratica-producao-de-textos-aplicada-ao-ensino\/","title":{"rendered":"Aula Pr\u00e1tica Produ\u00e7\u00e3o de Textos Aplicada ao Ensino"},"content":{"rendered":"<h5>Aula Pr\u00e1tica Produ\u00e7\u00e3o de Textos Aplicada ao Ensino<\/h5>\n<p>ROTEIRO DE AULA PR\u00c1TICA<br \/>\nNOME DA DISCIPLINA: Produ\u00e7\u00e3o de textos aplicada ao ensino<br \/>\nUnidade 1<br \/>\nOBJETIVOS<br \/>\nDefini\u00e7\u00e3o dos objetivos da aula pr\u00e1tica:<br \/>\nA proposta desta aula pr\u00e1tica est\u00e1 amparada nos seguintes objetivos:<br \/>\n&#8211; refletir sobre o conceito de \u201cfun\u00e7\u00f5es de linguagem\u201d;<br \/>\n&#8211; selecionar recursos lingu\u00edsticos adequados \u00e0 constru\u00e7\u00e3o textos; e<br \/>\n&#8211; elaborar textos claros, considerando-se diferentes contextos de intera\u00e7\u00e3o e temas.<br \/>\nINFRAESTRUTURA<br \/>\nInstala\u00e7\u00f5es:<br \/>\nComputador com acesso \u00e0 internet e ao ambiente virtual.<br \/>\nMateriais de consumo:<br \/>\nDescri\u00e7\u00e3o<br \/>\nQuatid. de materiais por<br \/>\nprocedimento\/atividade<br \/>\nNSA NSA<br \/>\nSoftware:<br \/>\nSim ( ) N\u00e3o ( X )<br \/>\nEm caso afirmativo, qual?<br \/>\nPago ( ) N\u00e3o Pago ( )<br \/>\nTipo de Licen\u00e7a: NSA<br \/>\nDescri\u00e7\u00e3o do software:<br \/>\nNSA<br \/>\nEquipamento de Prote\u00e7\u00e3o Individual (EPI):<br \/>\nNSA<br \/>\nP\u00fablico3<br \/>\nPROCEDIMENTOS PR\u00c1TICOS<br \/>\nNeste momento voc\u00ea deve ajudar o professor por meio da descri\u00e7\u00e3o de todas as etapas que<br \/>\ndever\u00e3o ser realizadas para a execu\u00e7\u00e3o dos procedimentos pr\u00e1ticos. Considerando a carga<br \/>\nhor\u00e1ria da aula pr\u00e1tica, voc\u00ea pode replicar a caixa de procedimento\/atividade quantas vezes<br \/>\nfor necess\u00e1rio.<br \/>\nAtividade n.1<br \/>\nAtividade proposta:<br \/>\nPara produzir textos s\u00e3o necess\u00e1rias habilidades relacionadas ao contexto de produ\u00e7\u00e3o,<br \/>\nsitua\u00e7\u00f5es comunicativas, o papel da linguagem e a inten\u00e7\u00e3o comunicativa do g\u00eanero a ser<br \/>\nproduzido. Pensando nisso, a aula pr\u00e1tica em tela tem como objetivo a constru\u00e7\u00e3o de um<br \/>\nfolheto informativo sobre as fun\u00e7\u00f5es da linguagem.<br \/>\nO Folheto\/Panfleto \u00e9 um g\u00eanero que apresenta informa\u00e7\u00f5es sobre produtos e informa\u00e7\u00f5es com<br \/>\nobjetivo de incentivar seu leitor a adquiri-los ou divulgar ideias e opini\u00f5es com a inten\u00e7\u00e3o de<br \/>\nmudar o comportamento de seu leitor. Utiliza-se de linguagem apelativa e multimodal<br \/>\n(linguagem verbal + linguagens n\u00e3o verbais \u2013 imagens, sons, v\u00eddeos, etc)<br \/>\nProcedimentos para a realiza\u00e7\u00e3o da atividade:<br \/>\n1) Nesta etapa, voc\u00ea deve realizar uma pesquisa sobre o que \u00e9 um folheto informativo. Isso<br \/>\ninclui entender o prop\u00f3sito de um folheto informativo, seus elementos principais e como<br \/>\nele \u00e9 usado para transmitir informa\u00e7\u00f5es de maneira eficaz. Tamb\u00e9m deve procurar<br \/>\nexemplos de designs e modelos de folhetos para se inspirar na cria\u00e7\u00e3o do seu pr\u00f3prio<br \/>\nfolheto. Sugest\u00e3o de leitura: V\u00eddeo sobre o g\u00eanero folheto. Dispon\u00edvel em:<br \/>\nhttps:\/\/www.youtube.com\/watch?v=eyoxmZnBCB8 Acesso em: 01 jul.2024.<br \/>\n2) Em seguida, voc\u00ea dever\u00e1 coletar as informa\u00e7\u00f5es que ser\u00e3o inclu\u00eddas no folheto que est\u00e1<br \/>\ncriando. Isso inclui identificar as fun\u00e7\u00f5es de linguagem que ser\u00e3o utilizadas no folheto<br \/>\n(por exemplo, informativa, persuasiva, apelativa), suas principais caracter\u00edsticas e<br \/>\nencontrar ao menos dois exemplos de textos para cada fun\u00e7\u00e3o. Isso lhe ajudar\u00e1 a<br \/>\nentender como cada fun\u00e7\u00e3o de linguagem \u00e9 aplicada em um folheto informativo.<br \/>\nSugest\u00e3o de leitura: http:\/\/educacao.globo.com\/portugues\/assunto\/estudo-dotexto\/funcoes-da-linguagem.html Acesso em: 01 jul. 2024.<br \/>\n3) Nesta etapa final, voc\u00ea ir\u00e1 utilizar as informa\u00e7\u00f5es coletadas nas etapas anteriores para<br \/>\nmontar o texto do folheto. Dever\u00e1 fazer escolhas inteligentes para chamar a aten\u00e7\u00e3o do<br \/>\np\u00fablico-alvo e tornar a leitura do folheto din\u00e2mica e persuasiva. Isso inclui decidir quais<br \/>\ninforma\u00e7\u00f5es incluir, como organizar o conte\u00fado do folheto, que linguagem e tom usar, e<br \/>\ncomo utilizar elementos visuais para tornar o folheto mais atrativo e eficaz. Sugest\u00e3o de<br \/>\nP\u00fablico4<br \/>\nleitura: https:\/\/foconodigital.com.br\/6-maneiras-de-tornar-o-conteudo-mais-atraente\/<br \/>\nAcesso em: 01 jul.2024.<br \/>\n4) O folheto dever\u00e1 ser postado no AVA para avalia\u00e7\u00e3o.<br \/>\nChecklist:<br \/>\nPrincipais etapas para a completude da aula pr\u00e1tica:<br \/>\n\u2713 Eu sei qual \u00e9 a estrutura de um folheto informativo?<br \/>\n\u2713 Quais s\u00e3o os elementos b\u00e1sicos desse g\u00eanero discursivo?<br \/>\n\u2713 Quais s\u00e3o as fun\u00e7\u00f5es da linguagem?<br \/>\n\u2713 Como posso exemplificar as fun\u00e7\u00f5es de linguagem nos textos que escolhi como<br \/>\nexemplos?<br \/>\n\u2713 Meu folheto informativo tem todos os elementos necess\u00e1rios?<br \/>\n\u2713 Ele \u00e9 colorido, com imagens e recursos que chamam a aten\u00e7\u00e3o do leitor?<br \/>\nRESULTADOS<br \/>\nResultados da aula pr\u00e1tica:<br \/>\n&#8211; Espera-se que ao final desta atividade, voc\u00ea seja capaz de identificar a import\u00e2ncia de<br \/>\ndiversificar a forma de se comunicar quando se tem diferentes p\u00fablicos receptores<br \/>\npara uma mesma mensagem. \u00c9 importante que consiga realizar a produ\u00e7\u00e3o do g\u00eanero<br \/>\nem quest\u00e3o e, principalmente, aplique seus conhecimentos sobre as fun\u00e7\u00f5es de<br \/>\nlinguagem: emotiva, referencial, conativa, f\u00e1tica, metalingu\u00edstica e po\u00e9tica.<br \/>\n&#8211; Entrega de um arquivo, com o resultado do processo de reda\u00e7\u00e3o: folheto informativo.<\/p>\n<div class=\"elementor-toggle-item\">\n<div class=\"elementor-toggle-item\">\n<p id=\"elementor-tab-title-1941\" class=\"elementor-tab-title elementor-active\" tabindex=\"0\" role=\"tab\" data-tab=\"1\" aria-controls=\"elementor-tab-content-1941\" aria-expanded=\"true\" aria-selected=\"true\"><strong>Como funciona?<\/strong><\/p>\n<p>Elaboramos os portf\u00f3lios, j\u00e1 deixamos prontos, nas normas da ABNT e conforme os requisitos da universidade. F\u00e1cil assim! O MELHOR \u00c9 QUE VOC\u00ca COMPRA E J\u00c1 BAIXA NA HORA O SEU ARQUIVO EM WORD! Sabemos que conciliar trabalho, fam\u00edlia, vida profissional e estudos \u00e9 dif\u00edcil hoje em dia, por isso, estamos aqui para ajudar voc\u00ea. Conte com nossa qualidade, experi\u00eancia e profissionalismo adquirindo seu portf\u00f3lio conosco. GARANTIMOS SEU CONCEITO!<\/p>\n<p><strong>Como se realizam os envios?<\/strong><\/p>\n<\/div>\n<p id=\"elementor-tab-content-1942\" class=\"elementor-tab-content elementor-clearfix elementor-active\" role=\"tabpanel\" data-tab=\"2\" aria-labelledby=\"elementor-tab-title-1942\">O seu trabalho \u00e9 disponibilizado pronto, respondido e nas normas j\u00e1 na mesma hora aqui em nosso site na sua \u00e1rea de downloads e tamb\u00e9m no seu e-mail.<\/p>\n<p><strong>Em quanto tempo recebo o portf\u00f3lio?<\/strong><\/p>\n<p>Os envios s\u00e3o imediatos. Ap\u00f3s sua compra, o trabalho j\u00e1 \u00e9 disponibilizado instantaneamente aqui em nosso site e no seu e-mail.<\/p>\n<p><strong>E se o portf\u00f3lio que comprei precisar de corre\u00e7\u00e3o?<\/strong><\/p>\n<p>Caso haja alguma solicita\u00e7\u00e3o de corre\u00e7\u00e3o\/altera\u00e7\u00e3o por parte do tutor, basta entrar em contato conosco pelo\u00a0WhatsApp\u00a0que provid\u00eanciaremos sem custo algum.<\/p>\n<p><strong>Qual o formato do arquivo?<\/strong><\/p>\n<p>Os arquivos s\u00e3o enviados em formato Word e s\u00e3o edit\u00e1veis.<\/p>\n<p><strong>Caso eu tiver alguma d\u00favida, terei suporte no p\u00f3s venda?<\/strong><\/p>\n<p>Sim, com certeza. Basta clicar no \u00edcone do WhatsApp no cantinho da tela. Ser\u00e1 um prazer atend\u00ea-lo(a).<\/p>\n<div id=\"elementor-tab-content-1948\" class=\"elementor-tab-content elementor-clearfix elementor-active\" role=\"tabpanel\" data-tab=\"8\" aria-labelledby=\"elementor-tab-title-1948\">\n<p><strong>Quais os seus canais de contato?<\/strong><\/p>\n<\/div>\n<div id=\"elementor-tab-content-1949\" class=\"elementor-tab-content elementor-clearfix elementor-active\" role=\"tabpanel\" data-tab=\"9\" aria-labelledby=\"elementor-tab-title-1949\">\n<p>Whatsapp: 53 984751621 \u2013 Clicar no canto da tela ou ESCANEIE O QRCODE ABAIXO<\/p>\n<h4><img decoding=\"async\" class=\"alignnone wp-image-13699 jetpack-lazy-image jetpack-lazy-image--handled\" src=\"https:\/\/i0.wp.com\/portifolioos-prontos.com\/wp-content\/uploads\/2023\/02\/whatsapp-business-projeto-de-extensao-300x300.jpeg?resize=144%2C144\" sizes=\"(max-width: 144px) 100vw, 144px\" srcset=\"https:\/\/i0.wp.com\/portifolioos-prontos.com\/wp-content\/uploads\/2023\/02\/whatsapp-business-projeto-de-extensao.jpeg?resize=300%2C301&amp;ssl=1 300w, https:\/\/i0.wp.com\/portifolioos-prontos.com\/wp-content\/uploads\/2023\/02\/whatsapp-business-projeto-de-extensao.jpeg?resize=150%2C150&amp;ssl=1 150w, https:\/\/i0.wp.com\/portifolioos-prontos.com\/wp-content\/uploads\/2023\/02\/whatsapp-business-projeto-de-extensao.jpeg?resize=370%2C372&amp;ssl=1 370w, https:\/\/i0.wp.com\/portifolioos-prontos.com\/wp-content\/uploads\/2023\/02\/whatsapp-business-projeto-de-extensao.jpeg?resize=100%2C100&amp;ssl=1 100w, https:\/\/i0.wp.com\/portifolioos-prontos.com\/wp-content\/uploads\/2023\/02\/whatsapp-business-projeto-de-extensao.jpeg?w=470&amp;ssl=1 470w\" alt=\"projeto de extens\u00e3o unopar\" width=\"144\" height=\"144\" data-lazy-loaded=\"1\" \/><\/h4>\n<\/div>\n<div class=\"elementor-toggle-item\">\n<div id=\"elementor-tab-content-1949\" class=\"elementor-tab-content elementor-clearfix elementor-active\" role=\"tabpanel\" data-tab=\"9\" aria-labelledby=\"elementor-tab-title-1949\">\n<p>E-mail:portifoliosp@gmail.com<\/p>\n<div id=\"attachment_143\" class=\"wp-caption alignnone\">\n<div id=\"attachment_143\" class=\"wp-caption alignnone\">\n<p id=\"caption-attachment-143\" class=\"wp-caption-text\"><a href=\"http:\/\/portfolio-pronto.com\/\">Portf\u00f3lio<\/a>\u00a0em Word, respondido, completo e j\u00e1 nas normas<\/p>\n<\/div>\n<\/div>\n<\/div>\n<\/div>\n<\/div>\n","protected":false},"excerpt":{"rendered":"<div class=\"product-short-description\">\n<div class=\"product-short-description\">\n<p><strong>Pague pelo PIX ou cart\u00e3o e fa\u00e7a o download agora mesmo.<\/strong><\/p>\n<\/div>\n<div class=\"sticky-add-to-cart-wrapper\">\n<div class=\"sticky-add-to-cart\">\n<p class=\"quantity buttons_added form-flat\"><img decoding=\"async\" class=\"lazyloaded smush-image-5 smush-image-3 smush-image-4 smush-detected-img smush-image-bigger-3\" src=\"https:\/\/d26lpennugtm8s.cloudfront.net\/assets\/common\/img\/logos\/payment\/visa@2x.png\" width=\"46\" height=\"29\" data-src=\"https:\/\/d26lpennugtm8s.cloudfront.net\/assets\/common\/img\/logos\/payment\/visa@2x.png\" \/><img decoding=\"async\" class=\"lazyloaded smush-image-6 smush-image-4 smush-image-5 smush-detected-img smush-image-bigger-4\" src=\"https:\/\/d26lpennugtm8s.cloudfront.net\/assets\/common\/img\/logos\/payment\/boleto@2x.png\" width=\"43\" height=\"27\" data-src=\"https:\/\/d26lpennugtm8s.cloudfront.net\/assets\/common\/img\/logos\/payment\/boleto@2x.png\" \/><img loading=\"lazy\" decoding=\"async\" class=\"lazyloaded smush-image-7 smush-image-5 smush-image-6 smush-detected-img smush-image-bigger-5\" src=\"https:\/\/d26lpennugtm8s.cloudfront.net\/assets\/common\/img\/logos\/payment\/mastercard@2x.png\" width=\"43\" height=\"27\" data-src=\"https:\/\/d26lpennugtm8s.cloudfront.net\/assets\/common\/img\/logos\/payment\/mastercard@2x.png\" \/><img loading=\"lazy\" decoding=\"async\" class=\"lazyloaded smush-image-8 smush-image-6 smush-image-7 smush-detected-img smush-image-bigger-6\" src=\"https:\/\/d26lpennugtm8s.cloudfront.net\/assets\/common\/img\/logos\/payment\/amex@2x.png\" width=\"43\" height=\"27\" data-src=\"https:\/\/d26lpennugtm8s.cloudfront.net\/assets\/common\/img\/logos\/payment\/amex@2x.png\" \/><img loading=\"lazy\" decoding=\"async\" class=\"lazyloaded smush-image-9 smush-image-7 smush-image-8 smush-detected-img smush-image-bigger-7\" src=\"https:\/\/d26lpennugtm8s.cloudfront.net\/assets\/common\/img\/logos\/payment\/diners@2x.png\" width=\"46\" height=\"29\" data-src=\"https:\/\/d26lpennugtm8s.cloudfront.net\/assets\/common\/img\/logos\/payment\/diners@2x.png\" \/><img loading=\"lazy\" decoding=\"async\" class=\"lazyloaded smush-image-10 smush-image-8 smush-image-9 alignnone smush-detected-img smush-image-bigger-8\" src=\"https:\/\/d26lpennugtm8s.cloudfront.net\/assets\/common\/img\/logos\/payment\/br\/elo@2x.png\" alt=\"portf\u00f3lio unopar anhanguera\" width=\"45\" height=\"28\" data-src=\"https:\/\/d26lpennugtm8s.cloudfront.net\/assets\/common\/img\/logos\/payment\/br\/elo@2x.png\" \/><img loading=\"lazy\" decoding=\"async\" class=\"lazyloaded smush-image-11 smush-image-9 smush-image-10 alignnone smush-detected-img smush-image-bigger-9\" src=\"https:\/\/d26lpennugtm8s.cloudfront.net\/assets\/common\/img\/logos\/payment\/br\/hipercard@2x.png\" alt=\"portf\u00f3lio unopar anhanguera\" width=\"44\" height=\"28\" data-src=\"https:\/\/d26lpennugtm8s.cloudfront.net\/assets\/common\/img\/logos\/payment\/br\/hipercard@2x.png\" \/><img loading=\"lazy\" decoding=\"async\" class=\"lazyloaded smush-image-12 smush-image-10 smush-image-11 alignnone smush-detected-img smush-image-bigger-10\" src=\"https:\/\/d26lpennugtm8s.cloudfront.net\/assets\/common\/img\/logos\/payment\/mercadopago@2x.png\" alt=\"portf\u00f3lio unopar anhanguera\" width=\"45\" height=\"28\" data-src=\"https:\/\/d26lpennugtm8s.cloudfront.net\/assets\/common\/img\/logos\/payment\/mercadopago@2x.png\" \/><img loading=\"lazy\" decoding=\"async\" class=\"alignnone lazyloaded smush-detected-img smush-image-bigger-11\" src=\"https:\/\/futurium.com.br\/wp-content\/uploads\/2021\/06\/logo-pix-icone-512.png\" alt=\"portfolio pronto\" width=\"30\" height=\"30\" data-src=\"https:\/\/futurium.com.br\/wp-content\/uploads\/2021\/06\/logo-pix-icone-512.png\" \/><\/p>\n<\/div>\n<\/div>\n<\/div>\n","protected":false},"featured_media":29746,"template":"","meta":{"_seopress_robots_primary_cat":"none","_seopress_titles_title":"%%post_title%% %%sitetitle%%","_seopress_titles_desc":"%%post_content%%","_seopress_robots_index":""},"product_cat":[15],"product_tag":[],"class_list":{"0":"post-29743","1":"product","2":"type-product","3":"status-publish","4":"has-post-thumbnail","6":"product_cat-uncategorized","8":"first","9":"instock","10":"downloadable","11":"virtual","12":"purchasable","13":"product-type-simple","14":"col-xs-6 col-sm-4","15":"col-mf-5","16":"un-5-cols"},"jetpack_sharing_enabled":true,"_links":{"self":[{"href":"https:\/\/portifolioos-prontos.com\/index.php\/wp-json\/wp\/v2\/product\/29743","targetHints":{"allow":["GET"]}}],"collection":[{"href":"https:\/\/portifolioos-prontos.com\/index.php\/wp-json\/wp\/v2\/product"}],"about":[{"href":"https:\/\/portifolioos-prontos.com\/index.php\/wp-json\/wp\/v2\/types\/product"}],"version-history":[{"count":0,"href":"https:\/\/portifolioos-prontos.com\/index.php\/wp-json\/wp\/v2\/product\/29743\/revisions"}],"wp:featuredmedia":[{"embeddable":true,"href":"https:\/\/portifolioos-prontos.com\/index.php\/wp-json\/wp\/v2\/media\/29746"}],"wp:attachment":[{"href":"https:\/\/portifolioos-prontos.com\/index.php\/wp-json\/wp\/v2\/media?parent=29743"}],"wp:term":[{"taxonomy":"product_cat","embeddable":true,"href":"https:\/\/portifolioos-prontos.com\/index.php\/wp-json\/wp\/v2\/product_cat?post=29743"},{"taxonomy":"product_tag","embeddable":true,"href":"https:\/\/portifolioos-prontos.com\/index.php\/wp-json\/wp\/v2\/product_tag?post=29743"}],"curies":[{"name":"wp","href":"https:\/\/api.w.org\/{rel}","templated":true}]}}