{"id":29749,"date":"2024-09-14T14:16:06","date_gmt":"2024-09-14T17:16:06","guid":{"rendered":"https:\/\/portifolioos-prontos.com\/?post_type=product&#038;p=29749"},"modified":"2025-02-11T14:52:49","modified_gmt":"2025-02-11T17:52:49","slug":"praticas-pedagogicas-linguagens-e-suas-tecnologias-itinerarios-formativos-2","status":"publish","type":"product","link":"https:\/\/portifolioos-prontos.com\/index.php\/product\/praticas-pedagogicas-linguagens-e-suas-tecnologias-itinerarios-formativos-2\/","title":{"rendered":"Pr\u00e1ticas Pedag\u00f3gicas Linguagens e suas Tecnologias &#8211; Itiner\u00e1rios Formativos"},"content":{"rendered":"<h5>Pr\u00e1ticas Pedag\u00f3gicas Linguagens e suas Tecnologias &#8211; Itiner\u00e1rios Formativos<\/h5>\n<p>PR\u00c1TICAS PEDAG\u00d3GICAS LINGUAGENS E SUAS TECNOLOGIAS &#8211; ITINER\u00c1RIOS<br \/>\nFORMATIVOS<br \/>\nOl\u00e1, estudante!<br \/>\nNeste momento, voc\u00ea realizar\u00e1 uma atividade pr\u00e1tica relacionada a uma situa\u00e7\u00e3o t\u00edpica da atua\u00e7\u00e3o<br \/>\ndo professor.<br \/>\nObjetivos<br \/>\n\u25cf Compreender como trabalhar cidadania digital na \u00e1rea de Linguagens e suas tecnologias.<br \/>\n\u25cf Aprender a elaborar um plano de aula que tenha como prop\u00f3sito a elabora\u00e7\u00e3o de<br \/>\nconte\u00fados para internet de forma respons\u00e1vel.<br \/>\n\u25cf Desenvolver estrat\u00e9gias de cria\u00e7\u00e3o de planos de aula que dialoguem com a realidade do<br \/>\naluno.<br \/>\nSitua\u00e7\u00e3o-problema<br \/>\nNeste estudo de caso, voc\u00ea \u00e9 docente e est\u00e1 empenhado em ensinar sua turma de adolescentes<br \/>\nsobre cidadania digital e a import\u00e2ncia da responsabilidade ao compartilhar conte\u00fados nas redes<br \/>\nsociais.<br \/>\nO objetivo \u00e9 desenvolver um plano de ensino que promova a cidadania digital e a responsabilidade<br \/>\nnas redes sociais entre os alunos adolescentes, proporcionando-lhes as habilidades necess\u00e1rias<br \/>\npara se tornarem cidad\u00e3os digitais respons\u00e1veis e \u00e9ticos.<br \/>\nAo cultivar uma cultura de respeito, empatia e responsabilidade nas redes sociais, os alunos<br \/>\nestar\u00e3o aptos a se tornarem membros ativos e positivos da comunidade online, contribuindo para<br \/>\num ambiente digital saud\u00e1vel e construtivo.<br \/>\nPasso 1<br \/>\nPara elaborar a atividade, voc\u00ea precisar\u00e1:<br \/>\n\u2022 Elaborar um plano de aula sobre o tema cidadania digital.<br \/>\n\u2022 O plano de aula dever\u00e1 ter a seguinte estrutura:<br \/>\nPLANO DE AULA<br \/>\nComponente curricular: Insira aqui o nome da disciplina.<br \/>\nUnidade tem\u00e1tica: Insira aqui a unidade tem\u00e1tica conforme a BNCC.<br \/>\nObjeto do<br \/>\nconhecimento:<br \/>\nInsira aqui o objeto do conhecimento conforme a BNCC.<br \/>\nATIVIDADE PR\u00c1TICA<br \/>\nP\u00fablico<br \/>\nHabilidade(s): Insira aqui a(s) habilidade(s) conforme a BNCC, reproduzindo a<br \/>\nnumera\u00e7\u00e3o e a descri\u00e7\u00e3o.<br \/>\nTema da aula: Insira aqui o t\u00edtulo da aula.<br \/>\nTurma: Insira aqui o ano e o n\u00edvel de ensino.<br \/>\nDura\u00e7\u00e3o: Insira aqui o n\u00famero de aulas e o tempo de cada uma delas.<br \/>\nObjetivo(s): Insira aqui o(s) objetivo(s) que voc\u00ea deseja que os estudantes alcancem.<br \/>\nCompet\u00eancias: Insira aqui as compet\u00eancias conforme a BNCC.<br \/>\nConte\u00fado program\u00e1tico: Insira aqui os conte\u00fados a serem abordados.<br \/>\nMetodologia: Insira aqui as estrat\u00e9gias que orientam a condu\u00e7\u00e3o da aula (ex: cria\u00e7\u00e3o<br \/>\nde mapa conceitual, sala de aula invertida etc.).<br \/>\nRecursos did\u00e1ticos: Insira aqui os materiais a serem utilizados (ex: lousa, games, m\u00fasica<br \/>\netc.).<br \/>\nResultados de<br \/>\naprendizagem<br \/>\nInsira aqui os resultados de aprendizagem esperados para essa aula.<br \/>\nCrit\u00e9rios de avalia\u00e7\u00e3o: Insira aqui os m\u00e9todos avaliativos.<br \/>\nRefer\u00eancias: Insira aqui a bibliografia b\u00e1sica e a complementar.<br \/>\nPasso 2:<br \/>\nElabora\u00e7\u00e3o do trabalho para postagem no AVA, contendo:<br \/>\n1) Capa da Institui\u00e7\u00e3o, conforme orienta\u00e7\u00e3o dispon\u00edvel na biblioteca virtual.<br \/>\n2) Introdu\u00e7\u00e3o: texto dissertativo fundamentando a proposta do plano de aula, os objetivos e<br \/>\nresultados de apendizagem esperados..<br \/>\n3) Plano de aula elaborado, conforme modelo estabelecido no passo 1..<br \/>\nNORMAS PARA ENTREGA DA ATIVIDADE PR\u00c1TICA<br \/>\n\u2022 Voc\u00ea dever\u00e1 postar seu trabalho final no AVA, na pasta espec\u00edfica relacionada \u00e0 atividade<br \/>\npr\u00e1tica, obedecendo o prazo limite de postagem, conforme disposto no AVA.<br \/>\n\u2022 O trabalho deve ser enviado em formato Word ou PDF, em um ARQUIVO \u00daNICO de at\u00e9 10<br \/>\nMB.<br \/>\n\u2022 O sistema permite anexar apenas um arquivo. Caso haja mais de uma postagem, ser\u00e1<br \/>\nconsiderada a \u00faltima vers\u00e3o.<br \/>\nIMPORTANTE:<br \/>\n\u2022 A entrega da atividade, de acordo com a proposta solicitada, \u00e9 um crit\u00e9rio de aprova\u00e7\u00e3o na<br \/>\ndisciplina.<br \/>\n\u2022 N\u00e3o h\u00e1 prorroga\u00e7\u00e3o para a postagem da atividade.<br \/>\nATIVIDADE PR\u00c1TICA<br \/>\nP\u00fablico<\/p>\n<p>Aproveite essa oportunidade para aprofundar ainda mais seus conhecimentos.<br \/>\nBons estudos!<br \/>\nRefer\u00eancias<br \/>\nCAMPOS, C. L. O.. Estrat\u00e9gias de referencia\u00e7\u00e3o no discurso midi\u00e1tico: pr\u00e1ticas ideol\u00f3gicas de<br \/>\ninclus\u00e3o e exclus\u00e3o de dizeres no discurso sobre a guerra. Linguagem em (Dis)curso, v. 10, n. 1,<br \/>\np. 43\u201367, jan. 2010. Dispon\u00edvel em<br \/>\nhttps:\/\/www.scielo.br\/j\/ld\/a\/FtGF7ZgmVfG5yPk8FLLrYKx\/abstract\/?lang=pt . Acesso em 04 jul. 2024.<br \/>\nMinist\u00e9rio da Educa\u00e7\u00e3o (MEC). Base Nacional Comum Curricular. Bras\u00edlia, 2018. Dispon\u00edvel em:<br \/>\nhttp:\/\/basenacionalcomum.mec.gov.br\/. Acesso em 04 jul. 2024.<\/p>\n<div class=\"elementor-toggle-item\">\n<h4 id=\"elementor-tab-title-1941\" class=\"elementor-tab-title elementor-active\" tabindex=\"0\" role=\"tab\" data-tab=\"1\" aria-controls=\"elementor-tab-content-1941\" aria-expanded=\"true\" aria-selected=\"true\">Como funciona?<\/h4>\n<div id=\"elementor-tab-content-1941\" class=\"elementor-tab-content elementor-clearfix elementor-active\" role=\"tabpanel\" data-tab=\"1\" aria-labelledby=\"elementor-tab-title-1941\">\n<p>Elaboramos os portf\u00f3lios, j\u00e1 deixamos prontos, nas normas da ABNT e conforme os requisitos da universidade. F\u00e1cil assim! O MELHOR \u00c9 QUE VOC\u00ca COMPRA E J\u00c1 BAIXA NA HORA O SEU ARQUIVO EM WORD! Sabemos que conciliar trabalho, fam\u00edlia, vida profissional e estudos \u00e9 dif\u00edcil hoje em dia, por isso, estamos aqui para ajudar voc\u00ea. Conte com nossa qualidade, experi\u00eancia e profissionalismo adquirindo seu portf\u00f3lio conosco. GARANTIMOS SEU CONCEITO!<\/p>\n<h4>Como se realizam os envios?<\/h4>\n<\/div>\n<\/div>\n<div class=\"elementor-toggle-item\">\n<div id=\"elementor-tab-content-1942\" class=\"elementor-tab-content elementor-clearfix elementor-active\" role=\"tabpanel\" data-tab=\"2\" aria-labelledby=\"elementor-tab-title-1942\">O seu trabalho \u00e9 disponibilizado pronto, respondido e nas normas j\u00e1 na mesma hora aqui em nosso site na sua \u00e1rea de downloads e tamb\u00e9m no seu e-mail.<\/div>\n<\/div>\n<div class=\"elementor-toggle-item\">\n<div id=\"elementor-tab-content-1943\" class=\"elementor-tab-content elementor-clearfix elementor-active\" role=\"tabpanel\" data-tab=\"3\" aria-labelledby=\"elementor-tab-title-1943\">\n<h4>Em quanto tempo recebo o portf\u00f3lio?<\/h4>\n<\/div>\n<\/div>\n<div class=\"elementor-toggle-item\">\n<div id=\"elementor-tab-content-1944\" class=\"elementor-tab-content elementor-clearfix elementor-active\" role=\"tabpanel\" data-tab=\"4\" aria-labelledby=\"elementor-tab-title-1944\">\n<p>Os envios s\u00e3o imediatos. Ap\u00f3s sua compra, o trabalho j\u00e1 \u00e9 disponibilizado instantaneamente aqui em nosso site e no seu e-mail.<\/p>\n<h4>E se o portf\u00f3lio que comprei precisar de corre\u00e7\u00e3o?<\/h4>\n<\/div>\n<\/div>\n<div class=\"elementor-toggle-item\">\n<div id=\"elementor-tab-content-1945\" class=\"elementor-tab-content elementor-clearfix elementor-active\" role=\"tabpanel\" data-tab=\"5\" aria-labelledby=\"elementor-tab-title-1945\">\n<p>Caso haja alguma solicita\u00e7\u00e3o de corre\u00e7\u00e3o\/altera\u00e7\u00e3o por parte do tutor, basta entrar em contato conosco pelo\u00a0WhatsApp\u00a0que provid\u00eanciaremos sem custo algum.<\/p>\n<h4>Qual o formato do arquivo?<\/h4>\n<\/div>\n<\/div>\n<div class=\"elementor-toggle-item\">\n<div id=\"elementor-tab-content-1946\" class=\"elementor-tab-content elementor-clearfix elementor-active\" role=\"tabpanel\" data-tab=\"6\" aria-labelledby=\"elementor-tab-title-1946\">\n<p>Os arquivos s\u00e3o enviados em formato Word e s\u00e3o edit\u00e1veis.<\/p>\n<h4>Caso eu tiver alguma d\u00favida, terei suporte no p\u00f3s venda?<\/h4>\n<\/div>\n<\/div>\n<div class=\"elementor-toggle-item\">\n<div id=\"elementor-tab-content-1948\" class=\"elementor-tab-content elementor-clearfix elementor-active\" role=\"tabpanel\" data-tab=\"8\" aria-labelledby=\"elementor-tab-title-1948\">\n<p>Sim, com certeza. Basta clicar no \u00edcone do WhatsApp no cantinho da tela. Ser\u00e1 um prazer atend\u00ea-lo(a).<\/p>\n<div class=\"elementor-toggle-item\">\n<div id=\"elementor-tab-content-1948\" class=\"elementor-tab-content elementor-clearfix elementor-active\" role=\"tabpanel\" data-tab=\"8\" aria-labelledby=\"elementor-tab-title-1948\">\n<h4>Quais os seus canais de contato?<\/h4>\n<\/div>\n<\/div>\n<div class=\"elementor-toggle-item\">\n<div id=\"elementor-tab-content-1949\" class=\"elementor-tab-content elementor-clearfix elementor-active\" role=\"tabpanel\" data-tab=\"9\" aria-labelledby=\"elementor-tab-title-1949\">\n<p>Whatsapp: 53 984751621 \u2013 Clicar no canto da tela ou ESCANEIE O QRCODE ABAIXO<\/p>\n<h4><img decoding=\"async\" class=\"alignnone wp-image-13699 jetpack-lazy-image jetpack-lazy-image--handled smush-image-2\" src=\"https:\/\/i0.wp.com\/portifolioos-prontos.com\/wp-content\/uploads\/2023\/02\/whatsapp-business-projeto-de-extensao-300x300.jpeg?resize=144%2C144\" sizes=\"(max-width: 144px) 100vw, 144px\" srcset=\"https:\/\/i0.wp.com\/portifolioos-prontos.com\/wp-content\/uploads\/2023\/02\/whatsapp-business-projeto-de-extensao.jpeg?resize=300%2C301&amp;ssl=1 300w, https:\/\/i0.wp.com\/portifolioos-prontos.com\/wp-content\/uploads\/2023\/02\/whatsapp-business-projeto-de-extensao.jpeg?resize=150%2C150&amp;ssl=1 150w, https:\/\/i0.wp.com\/portifolioos-prontos.com\/wp-content\/uploads\/2023\/02\/whatsapp-business-projeto-de-extensao.jpeg?resize=370%2C372&amp;ssl=1 370w, https:\/\/i0.wp.com\/portifolioos-prontos.com\/wp-content\/uploads\/2023\/02\/whatsapp-business-projeto-de-extensao.jpeg?resize=100%2C100&amp;ssl=1 100w, https:\/\/i0.wp.com\/portifolioos-prontos.com\/wp-content\/uploads\/2023\/02\/whatsapp-business-projeto-de-extensao.jpeg?w=470&amp;ssl=1 470w\" alt=\"projeto de extens\u00e3o unopar\" width=\"144\" height=\"144\" data-lazy-loaded=\"1\" \/><\/h4>\n<\/div>\n<\/div>\n<\/div>\n<\/div>\n<div class=\"elementor-toggle-item\">\n<div id=\"elementor-tab-content-1949\" class=\"elementor-tab-content elementor-clearfix elementor-active\" role=\"tabpanel\" data-tab=\"9\" aria-labelledby=\"elementor-tab-title-1949\">\n<p>E-mail:portifoliosp@gmail.com<\/p>\n<div id=\"attachment_143\" class=\"wp-caption alignnone\">\n<div id=\"attachment_143\" class=\"wp-caption alignnone\" style=\"width: 102px;\">\n<p><a href=\"https:\/\/portifolioos-prontos.com\/\"><img decoding=\"async\" class=\"wp-image-143 jetpack-lazy-image jetpack-lazy-image--handled smush-image-10 smush-image-13 smush-image-3 smush-detected-img smush-image-15\" title=\"portfolio pronto unopar\" src=\"https:\/\/i0.wp.com\/portifolioos-prontos.com\/wp-content\/uploads\/2022\/04\/conceitomaximo.png?resize=161%2C46\" alt=\"PORTFOLIO PRONTO UNOPAR ANHANGUERA\" width=\"102\" height=\"29\" aria-describedby=\"caption-attachment-143\" data-lazy-loaded=\"1\" \/><\/a><\/p>\n<p id=\"caption-attachment-143\" class=\"wp-caption-text\">Portf\u00f3lio em Word, respondido, completo e j\u00e1 nas normas<\/p>\n<\/div>\n<\/div>\n<\/div>\n<\/div>\n","protected":false},"excerpt":{"rendered":"<div class=\"product-short-description\">\n<h5><strong>Pague pelo PIX ou cart\u00e3o e fa\u00e7a o download agora mesmo.<\/strong><\/h5>\n<\/div>\n<div class=\"sticky-add-to-cart-wrapper\">\n<div class=\"sticky-add-to-cart\">\n<div class=\"quantity buttons_added form-flat\"><img decoding=\"async\" class=\"alignnone wp-image-761 smush-image-1 smush-image-3 smush-image-4 ls-is-cached lazyloaded smush-image-6 smush-detected-img\" src=\"https:\/\/portifolioos-prontos.com\/wp-content\/uploads\/2022\/04\/PIX-300x107.webp\" alt=\"\" width=\"78\" height=\"28\" data-src=\"https:\/\/portifolioos-prontos.com\/wp-content\/uploads\/2022\/04\/PIX-300x107.webp\" \/>\u00a0\u00a0<img loading=\"lazy\" decoding=\"async\" class=\"smush-image-2 smush-image-4 smush-image-5 ls-is-cached lazyloaded smush-image-7 smush-detected-img\" src=\"https:\/\/d26lpennugtm8s.cloudfront.net\/assets\/common\/img\/logos\/payment\/visa@2x.png\" width=\"46\" height=\"29\" data-src=\"https:\/\/d26lpennugtm8s.cloudfront.net\/assets\/common\/img\/logos\/payment\/visa@2x.png\" \/><img loading=\"lazy\" decoding=\"async\" class=\"smush-image-3 smush-image-5 smush-image-6 ls-is-cached lazyloaded smush-image-8 smush-detected-img\" src=\"https:\/\/d26lpennugtm8s.cloudfront.net\/assets\/common\/img\/logos\/payment\/boleto@2x.png\" width=\"43\" height=\"27\" data-src=\"https:\/\/d26lpennugtm8s.cloudfront.net\/assets\/common\/img\/logos\/payment\/boleto@2x.png\" \/><img loading=\"lazy\" decoding=\"async\" class=\"smush-image-4 smush-image-6 smush-image-7 ls-is-cached lazyloaded smush-image-9 smush-detected-img\" src=\"https:\/\/d26lpennugtm8s.cloudfront.net\/assets\/common\/img\/logos\/payment\/mastercard@2x.png\" width=\"43\" height=\"27\" data-src=\"https:\/\/d26lpennugtm8s.cloudfront.net\/assets\/common\/img\/logos\/payment\/mastercard@2x.png\" \/><img loading=\"lazy\" decoding=\"async\" class=\"smush-image-5 smush-image-7 smush-image-8 ls-is-cached lazyloaded smush-image-10 smush-detected-img\" src=\"https:\/\/d26lpennugtm8s.cloudfront.net\/assets\/common\/img\/logos\/payment\/amex@2x.png\" width=\"43\" height=\"27\" data-src=\"https:\/\/d26lpennugtm8s.cloudfront.net\/assets\/common\/img\/logos\/payment\/amex@2x.png\" \/><img loading=\"lazy\" decoding=\"async\" class=\"smush-image-6 smush-image-8 smush-image-9 ls-is-cached lazyloaded smush-image-11 smush-detected-img\" src=\"https:\/\/d26lpennugtm8s.cloudfront.net\/assets\/common\/img\/logos\/payment\/diners@2x.png\" width=\"46\" height=\"29\" data-src=\"https:\/\/d26lpennugtm8s.cloudfront.net\/assets\/common\/img\/logos\/payment\/diners@2x.png\" \/><img loading=\"lazy\" decoding=\"async\" class=\"smush-image-7 smush-image-9 smush-image-10 ls-is-cached lazyloaded smush-image-12 smush-detected-img\" src=\"https:\/\/d26lpennugtm8s.cloudfront.net\/assets\/common\/img\/logos\/payment\/br\/elo@2x.png\" width=\"45\" height=\"28\" data-src=\"https:\/\/d26lpennugtm8s.cloudfront.net\/assets\/common\/img\/logos\/payment\/br\/elo@2x.png\" \/><img loading=\"lazy\" decoding=\"async\" class=\"smush-image-8 smush-image-10 smush-image-11 ls-is-cached lazyloaded smush-image-13 smush-detected-img\" src=\"https:\/\/d26lpennugtm8s.cloudfront.net\/assets\/common\/img\/logos\/payment\/br\/hipercard@2x.png\" width=\"44\" height=\"28\" data-src=\"https:\/\/d26lpennugtm8s.cloudfront.net\/assets\/common\/img\/logos\/payment\/br\/hipercard@2x.png\" \/><img loading=\"lazy\" decoding=\"async\" class=\"smush-image-9 smush-image-11 smush-image-12 ls-is-cached lazyloaded smush-image-14 smush-detected-img\" src=\"https:\/\/d26lpennugtm8s.cloudfront.net\/assets\/common\/img\/logos\/payment\/mercadopago@2x.png\" width=\"45\" height=\"28\" data-src=\"https:\/\/d26lpennugtm8s.cloudfront.net\/assets\/common\/img\/logos\/payment\/mercadopago@2x.png\" \/><\/div>\n<\/div>\n<\/div>\n","protected":false},"featured_media":29752,"template":"","meta":{"_seopress_robots_primary_cat":"none","_seopress_titles_title":"%%post_title%% %%sitetitle%%","_seopress_titles_desc":"%%post_content%%","_seopress_robots_index":""},"product_cat":[15],"product_tag":[],"class_list":{"0":"post-29749","1":"product","2":"type-product","3":"status-publish","4":"has-post-thumbnail","6":"product_cat-uncategorized","8":"first","9":"instock","10":"downloadable","11":"virtual","12":"purchasable","13":"product-type-simple","14":"col-xs-6 col-sm-4","15":"col-mf-5","16":"un-5-cols"},"jetpack_sharing_enabled":true,"_links":{"self":[{"href":"https:\/\/portifolioos-prontos.com\/index.php\/wp-json\/wp\/v2\/product\/29749","targetHints":{"allow":["GET"]}}],"collection":[{"href":"https:\/\/portifolioos-prontos.com\/index.php\/wp-json\/wp\/v2\/product"}],"about":[{"href":"https:\/\/portifolioos-prontos.com\/index.php\/wp-json\/wp\/v2\/types\/product"}],"version-history":[{"count":0,"href":"https:\/\/portifolioos-prontos.com\/index.php\/wp-json\/wp\/v2\/product\/29749\/revisions"}],"wp:featuredmedia":[{"embeddable":true,"href":"https:\/\/portifolioos-prontos.com\/index.php\/wp-json\/wp\/v2\/media\/29752"}],"wp:attachment":[{"href":"https:\/\/portifolioos-prontos.com\/index.php\/wp-json\/wp\/v2\/media?parent=29749"}],"wp:term":[{"taxonomy":"product_cat","embeddable":true,"href":"https:\/\/portifolioos-prontos.com\/index.php\/wp-json\/wp\/v2\/product_cat?post=29749"},{"taxonomy":"product_tag","embeddable":true,"href":"https:\/\/portifolioos-prontos.com\/index.php\/wp-json\/wp\/v2\/product_tag?post=29749"}],"curies":[{"name":"wp","href":"https:\/\/api.w.org\/{rel}","templated":true}]}}