{"id":29845,"date":"2024-09-17T11:17:26","date_gmt":"2024-09-17T14:17:26","guid":{"rendered":"https:\/\/portifolioos-prontos.com\/?post_type=product&#038;p=29845"},"modified":"2025-08-11T22:02:43","modified_gmt":"2025-08-12T01:02:43","slug":"aula-pratica-ciencias-morfofuncionais-dos-sistemas-digestorio-endocrino-e-renal2","status":"publish","type":"product","link":"https:\/\/portifolioos-prontos.com\/index.php\/product\/aula-pratica-ciencias-morfofuncionais-dos-sistemas-digestorio-endocrino-e-renal2\/","title":{"rendered":"Aula Pr\u00e1tica Ci\u00eancias Morfofuncionais dos Sistemas Digest\u00f3rio, End\u00f3crino e Renal"},"content":{"rendered":"<h5>Aula Pr\u00e1tica Ci\u00eancias Morfofuncionais dos Sistemas Digest\u00f3rio, End\u00f3crino e Renal<\/h5>\n<p>Aula pr\u00e1tica Ci\u00eancias morfofuncionais do sistema digest\u00f3rio,\u00a0end\u00f3crino\u00a0e renal<\/p>\n<hr \/>\n<p>ROTEIRO DE AULA PR\u00c1TICA<br \/>\nNOME DA DISCIPLINA: Ci\u00eancias Morfofuncionais dos Sistemas Digest\u00f3rio,<br \/>\nEnd\u00f3crino e Renal<br \/>\nUnidade 1, 2, 3 e 4<br \/>\nOBJETIVOS<br \/>\nDefini\u00e7\u00e3o dos objetivos da aula pr\u00e1tica:<br \/>\n\u2013 Conhecer e identificar as estruturas do sistema digest\u00f3rio;<br \/>\n\u2013 Conhecer e identificar as estruturas do sistema end\u00f3crino;<br \/>\n\u2013 Conhecer e identificar as estruturas do sistema renal;<br \/>\nINFRAESTRUTURA<br \/>\nInstala\u00e7\u00f5es:<br \/>\nComputador com acesso \u00e0 internet e ao ambiente virtual.<br \/>\nMateriais de consumo:<br \/>\nDescri\u00e7\u00e3o<br \/>\nQuantidade de<br \/>\nmateriais por<br \/>\nprocedimento\/atividade<br \/>\nProcedimento 1<br \/>\nComputador 1 para cada aluno<br \/>\nBase OVID<br \/>\nAlgetec<br \/>\nProcedimento 3<br \/>\nComputador 1 para cada aluno<br \/>\nBase OVID<br \/>\nAlgetec<br \/>\nSoftware:<br \/>\nSim ( X ) N\u00e3o ( )<br \/>\nEm caso afirmativo, qual?<br \/>\nPago ( X ) N\u00e3o Pago ( )<br \/>\nTipo de Licen\u00e7a: NSA<br \/>\nDescri\u00e7\u00e3o do software:<br \/>\nAcessar os Laborat\u00f3rios Virtuais do ALGETEC. Na aba lateral principal acessar<br \/>\nCURSOS&gt;&gt; Sa\u00fade<br \/>\nEquipamento de Prote\u00e7\u00e3o Individual (EPI):<br \/>\nNSA.<br \/>\n3<br \/>\nPROCEDIMENTOS PR\u00c1TICOS<br \/>\nProcedimento n\u00ba1<br \/>\nAtividade proposta:<br \/>\nReconhecer e identificar as estruturas do sistema digest\u00f3rio<br \/>\nProcedimentos para a realiza\u00e7\u00e3o da atividade:<br \/>\n\u2713 No link a seguir voc\u00ea encontrar\u00e1 as orienta\u00e7\u00f5es do professor para que possa realizar os<br \/>\nprocedimentos. Com apenas um click, voc\u00ea ser\u00e1 direcionado aos v\u00eddeos e para um<br \/>\nmelhor aproveitamento das atividades \u00e9 fundamental o seu acesso:<br \/>\nCI\u00caNCIAS MORFOFUNCIONAIS DOS SISTEMAS DIGEST\u00d3RIOS, END\u00d3CRINO E<br \/>\nRENAL<br \/>\nAproveite essa oportunidade para aprofundar ainda mais seus conhecimentos. Contamos<br \/>\ncom voc\u00ea!<br \/>\n\u2713 Voc\u00ea dever\u00e1 realizar a identifica\u00e7\u00e3o e observa\u00e7\u00e3o das principais estruturas anat\u00f4micas<br \/>\nque comp\u00f5em o sistema digest\u00f3rio. Para o procedimento, voc\u00ea dever\u00e1 utilizar o Software<br \/>\nOVID (Wolters Kluwer) dispon\u00edvel na Biblioteca Virtual. Para cada estrutura anat\u00f4mica<br \/>\nidentificada, voc\u00ea dever\u00e1 estabelecer a rela\u00e7\u00e3o com suas fun\u00e7\u00f5es biol\u00f3gicas. Assim,<br \/>\ndevem ser seguidos os seguintes passos:<br \/>\n\u2013 Acessar a Biblioteca Virtual (dispon\u00edvel em\u00a0<a href=\"https:\/\/biblioteca-virtual.com\/\" rel=\"nofollow\">https:\/\/biblioteca-virtual.com\/<\/a>) e efetuar o login;<br \/>\n\u2013 Clicar em \u201cWolters Kluwer\u201c;<br \/>\n4<br \/>\n\u2013 Clicar em \u201cOVID \u2013 Human Anatomy Atlas\u201d;<br \/>\n\u2013 Clicar em \u201cHuman Anatomy Atlas\u201d, para acessar o atlas digital;<br \/>\n\u2013 Clicar em \u201cLaunch Human Anatomy Atlas\u201d, para acessar o software;<br \/>\n5<br \/>\n\u2013 A seguir, selecionar a aba \u201cSystems\u201d, para acesso aos diferentes sistemas do corpo humano.<br \/>\n\u2013 Procurar \u201cDigestive System Views\u201d;<br \/>\nAgora, voc\u00ea dever\u00e1 realizar os seguintes procedimentos:<br \/>\n\u2022 Identificar e reconhecer: dentes, gl\u00e2ndulas salivares (par\u00f3tidas, sublinguais e<br \/>\nsubmandibulares), l\u00edngua, orofaringe, es\u00f4fago. Em System, acessar Upper Digestive<br \/>\nSystem (Por\u00e7\u00e3o superior do sistema digest\u00f3rio), op\u00e7\u00e3o 1. Com o cursor, clicar sobre cada<br \/>\nestrutura da cavidade bucal para identifica\u00e7\u00e3o e an\u00e1lise. Clicar em \u201cMenu\u201d (localizado no<br \/>\ncanto esquerdo da tela) para retornar para a realiza\u00e7\u00e3o do pr\u00f3ximo procedimento;<br \/>\n6<br \/>\n\u2022 Identificar e reconhecer: est\u00f4mago, intestino delgado (duodeno, jejuno e \u00edleo), f\u00edgado,<br \/>\nves\u00edcula biliar, p\u00e2ncreas, intestino grosso (c\u00f3lon ascendente, c\u00f3lon transverso, c\u00f3lon<br \/>\ndescendente, sigmoide), reto e \u00e2nus. Em System, acessar Lower Digestive System (Por\u00e7\u00e3o<br \/>\ninferior do sistema digest\u00f3rio), op\u00e7\u00e3o 2. Com o cursor, clicar sobre cada estrutura do<br \/>\nsistema digest\u00f3rio para identifica\u00e7\u00e3o e an\u00e1lise. Clicar em \u201cMenu\u201d (localizado no canto<br \/>\nesquerdo da tela) para retornar.<br \/>\n\u2713 CONSOLIDANDO O RECONHECIMENTO E IDENTIFICA\u00c7\u00c3O DAS ESTRUTURAS<br \/>\nANAT\u00d4MICAS DO SISTEMA DIGEST\u00d3RIO<br \/>\n1. Neste procedimento voc\u00ea utilizar\u00e1 o laboart\u00f3rio virtual ALGETEC;<br \/>\n2. Acesse o laborat\u00f3rio virtual ALGETEC:<br \/>\n3. Clique em: Sa\u00fade<br \/>\n4. Clique em: Anatomia sist\u00eamica.<br \/>\n5. Clique em: Sistema digest\u00f3rio.<br \/>\n7<br \/>\n6. Clique em: Experimento.<br \/>\n7. Clique no experimento.<br \/>\n8. Clique em: Entrar na pr\u00e1tica.<br \/>\n8<br \/>\n9. Neste momento, voc\u00ea ir\u00e1 iniciar a atividade pr\u00e1tica.<br \/>\nVoc\u00ea ir\u00e1 executar os o reconhecimento e identifica\u00e7\u00e3o das estruturas que comp\u00f5em o<br \/>\nsistema diget\u00f3rio (cavidade oral, l\u00edngua, gl\u00e2ndulas par\u00f3tidas, gl\u00e2ndulas<br \/>\nsubmandibulares, gl\u00e2ndulas sublinguais, es\u00f4fago, est\u00f4mago, intestino delgado, intestino<br \/>\ngrosso, f\u00edgado, ves\u00edcula biliar e p\u00e2ncreas), relacionando a estrutura identificada com<br \/>\nsuas fun\u00e7\u00f5es.<br \/>\nEsse passo a passo voc\u00ea tamb\u00e9m encontra clicando no Roteiro no laborat\u00f3rio ALGETEC e para<br \/>\nfixa\u00e7\u00e3o dos seus conhecimentos, realize tamb\u00e9m as atividades de pr\u00e9 e p\u00f3s teste.<br \/>\nChecklist:<br \/>\n\u2013 Reconhecer as diferentes estruturas que comp\u00f5em o sistema digest\u00f3rio;<br \/>\n\u2013 Compreender a fun\u00e7\u00e3o de cada estrutura desse sistema.<br \/>\nProcedimento n\u00ba2<br \/>\nAtividade proposta:<br \/>\nEstudo de caso<br \/>\nProcedimentos para a realiza\u00e7\u00e3o da atividade:<br \/>\nDurante a disciplina, voc\u00ea estudou a respeito do sistema digest\u00f3rio, quais suas caracter\u00edsticas<br \/>\nmorfol\u00f3gicas principais e suas fun\u00e7\u00f5es. Voc\u00ea tamb\u00e9m compreendeu a import\u00e2ncia desse sistema<br \/>\npara o funcionamento adequado do corpo humano e como ele \u00e9 essencial para a sobreviv\u00eancia<br \/>\ndo indiv\u00edduo.<br \/>\nNesse momento, voc\u00ea \u00e9 convidado a refletir a respeito da import\u00e2ncia do sistema digest\u00f3rio para<br \/>\na manuten\u00e7\u00e3o da homeostase corporal. Para isso, leia a seguinte situa\u00e7\u00e3o-problema:<br \/>\nPedro est\u00e1 lendo uma reportagem sobre o posicionamento da Organiza\u00e7\u00e3o<br \/>\nMundial de Sa\u00fade (OMS) a respeito da dieta da popula\u00e7\u00e3o mundial. A reportagem<br \/>\ndestacou que, de acordo com a OMS, uma dieta alimentar com poucas gorduras<br \/>\n9<br \/>\nsaturadas, pouco a\u00e7\u00facar e sal, e muitos legumes e frutas, aliados \u00e0 atividade f\u00edsica<br \/>\nregular, s\u00e3o estrat\u00e9gicos para a preven\u00e7\u00e3o de diversas doen\u00e7as como, por exemplo,<br \/>\ninfarto do mioc\u00e1rdio. Essa informa\u00e7\u00e3o deixou Pedro bastante preocupado com sua<br \/>\ndieta. Afinal, ele era muito adepto de fast food e, raramente, consumia frutas e<br \/>\nverduras. Era chegado o momento de tentar melhorar sua alimenta\u00e7\u00e3o. Como seus<br \/>\npais estavam viajando, Pedro estava fazendo lanches r\u00e1pidos, pois estava com muito<br \/>\ntrabalho e, al\u00e9m disso, n\u00e3o gostava de cozinhar. Mas, hoje, depois de tudo que leu,<br \/>\nPedro resolveu jantar na casa de sua av\u00f3 materna. L\u00e1 ele comeu macarr\u00e3o, bife e uma<br \/>\nboa quantidade de salada de alface e agri\u00e3o. Bem diferente do que vinha consumindo<br \/>\nnos \u00faltimos dias.<br \/>\nConsiderando os alimentos consumidos por Pedro, liste em que por\u00e7\u00e3o do trato gastrointestinal<br \/>\ncada componente desse almo\u00e7o ser\u00e1 digerido e a enzima respons\u00e1vel por sua digest\u00e3o.<br \/>\nChecklist:<br \/>\n\u2013 Leitura de todo o material dispon\u00edvel para resolu\u00e7\u00e3o da atividade proposta;<br \/>\n\u2013 Resolu\u00e7\u00e3o da atividade proposta.<br \/>\nProcedimento n\u00ba3<br \/>\nReconhecer e identificar as estruturas do sistema end\u00f3crino e renal<br \/>\nProcedimentos para a realiza\u00e7\u00e3o da atividade:<br \/>\nVoc\u00ea dever\u00e1 realizar a identifica\u00e7\u00e3o e observa\u00e7\u00e3o das principais estruturas anat\u00f4micas que<br \/>\ncomp\u00f5em o sistema end\u00f3crino e renal. Para o procedimento, voc\u00ea dever\u00e1 utilizar o Software<br \/>\nOVID (Wolters Kluwer) dispon\u00edvel na Biblioteca Virtual (<a href=\"https:\/\/biblioteca-virtual.com\/\" rel=\"nofollow\">https:\/\/biblioteca-virtual.com\/<\/a>). Para cada<br \/>\nestrutura anat\u00f4mica identificada, voc\u00ea dever\u00e1 estabelecer a rela\u00e7\u00e3o com suas fun\u00e7\u00f5es<br \/>\nfisiol\u00f3gicas. Assim, voc\u00ea dever\u00e1 seguir os mesmos passos de acesso \u00e0 base OVID, descritos no<br \/>\nProcedimento 1.<br \/>\n\u2013 No atlas, procurar \u201cEndocrine System Views\u201d;<br \/>\n10<br \/>\n\u2022 Identificar e reconhecer: hipot\u00e1lamo, hip\u00f3fise, tireoide, paratireoides, p\u00e2ncreas e adrenal.<br \/>\nEm System, acessar Endocrine Organs (\u00d3rg\u00e3os End\u00f3crinos), op\u00e7\u00e3o 1. Com o cursor, clicar<br \/>\nsobre cada estrutura do sistema end\u00f3crino para identifica\u00e7\u00e3o e an\u00e1lise. Clicar em \u201cMenu\u201d<br \/>\n(localizado no canto esquerdo da tela) para retornar.<br \/>\n\u2013 Procurar \u201cUrinary System Views\u201d;<br \/>\n\u2022 Identificar e reconhecer: rins, ureteres, bexiga urin\u00e1ria, uretra. Em System, acessar<br \/>\nUrinary System (Sistema Urin\u00e1rio), op\u00e7\u00e3o 1. Com o cursor, clicar sobre cada estrutura do<br \/>\nsistema urin\u00e1rio para identifica\u00e7\u00e3o e an\u00e1lise. Clicar em \u201cMenu\u201d (localizado no canto<br \/>\nesquerdo da tela) para retornar.<br \/>\n\u2713 CONSOLIDANDO O RECONHECIMENTO E IDENTIFICA\u00c7\u00c3O DAS ESTRUTURAS<br \/>\nANAT\u00d4MICAS DO SISTEMA URIN\u00c1RIO (RENAL)<br \/>\n1. Neste procedimento voc\u00ea utilizar\u00e1 o laboart\u00f3rio virtual ALGETEC;<br \/>\n2. Acesse o laborat\u00f3rio virtual ALGETEC:<br \/>\n3. Clique em: Sa\u00fade<br \/>\n11<br \/>\n4. Clique em: Anatomia sist\u00eamica.<br \/>\n5. Clique em: Sistema urin\u00e1rio.<br \/>\n6. Clique em: Experimento.<br \/>\n12<br \/>\n7. Clique no experimento.<br \/>\n8. Clique em: Entrar na pr\u00e1tica.<br \/>\n9. Neste momento, voc\u00ea ir\u00e1 iniciar a atividade pr\u00e1tica.<br \/>\nVoc\u00ea ir\u00e1 executar os o reconhecimento e identifica\u00e7\u00e3o das estruturas que comp\u00f5em o<br \/>\nsistema urin\u00e1rio (rins, ureteres, bexiga urin\u00e1ria e uretra), relacionando a estrutura<br \/>\nidentificada com suas fun\u00e7\u00f5es.<br \/>\nEsse passo a passo voc\u00ea tamb\u00e9m encontra clicando no Roteiro no laborat\u00f3rio ALGETEC e para<br \/>\nfixa\u00e7\u00e3o dos seus conhecimentos, realize tamb\u00e9m as atividades de pr\u00e9 e p\u00f3s teste.<br \/>\nAula pr\u00e1tica Ci\u00eancias morfofuncionais do sistema digest\u00f3rio, end\u00f3crino e renal<br \/>\nChecklist:<br \/>\n\u2013 Reconhecer as diferentes estruturas que comp\u00f5em o sistema digest\u00f3rio;<br \/>\n\u2013 Compreender a fun\u00e7\u00e3o de cada estrutura desse sistema.<br \/>\nProcedimento n\u00ba4<br \/>\nAtividade proposta:<br \/>\nEstudo de caso<br \/>\nProcedimentos para a realiza\u00e7\u00e3o da atividade:<br \/>\nDurante a disciplina, voc\u00ea estudou a respeito dos sistemas end\u00f3crino e renal, suas caracter\u00edsticas<br \/>\nmorfol\u00f3gicas principais e suas fun\u00e7\u00f5es. Voc\u00ea tamb\u00e9m compreendeu a import\u00e2ncia de cada um<br \/>\ndos sistemas estudados para o funcionamento corporal. Nesse momento, voc\u00ea \u00e9 convidado a<br \/>\nrefletir a respeito da import\u00e2ncia do sistema end\u00f3crino e renal para a sua atua\u00e7\u00e3o profissional.<br \/>\nPara isso, leia a seguinte situa\u00e7\u00e3o-problema:<br \/>\n\u201cDurante uma festa em fam\u00edlia, Pedro percebeu que os homens presentes e<br \/>\nque estavam bebendo cerveja iam muito mais ao banheiro que os que n\u00e3o estavam<br \/>\nconsumindo bebida alco\u00f3lica. Sem entender a situa\u00e7\u00e3o, mas muito curioso,<br \/>\nperguntou a voc\u00ea, futuro profissional da \u00e1rea da sa\u00fade, qual seria a justificativa para<br \/>\ntal fato. E, aproveitando que voc\u00ea iria auxili\u00e1-lo com as d\u00favidas, Pedro questionou a<br \/>\nrespeito de uma outra situa\u00e7\u00e3o que tamb\u00e9m presenciou durante a festa. Seu primo<br \/>\nRaul, havia chegado de um treino pesado na academia e consumido bebida alco\u00f3lica<br \/>\na noite toda juntamente com os outros familiares. Particularmente nessa noite, estava<br \/>\nmuito quente, o que, segundo seu primo, favoreceu o consumo da bebida alco\u00f3lica.<br \/>\nNesse caso, seria aconselh\u00e1vel o consumo de bebida alco\u00f3lica ap\u00f3s um indiv\u00edduo<br \/>\nfazer muito exerc\u00edcio f\u00edsico, principalmente em um dia quente?\u201d<br \/>\nAgora, como voc\u00ea responderia a todos esses questionamentos?<br \/>\nChecklist:<br \/>\n\u2013 Leitura de todo o material dispon\u00edvel para resolu\u00e7\u00e3o da atividade proposta;<br \/>\n\u2013 Resolu\u00e7\u00e3o da atividade proposta.<br \/>\nRESULTADOS<br \/>\nResultados da aula pr\u00e1tica:<br \/>\nAula pr\u00e1tica Ci\u00eancias morfofuncionais do sistema digest\u00f3rio, end\u00f3crino e renal<br \/>\nComo resultados dessa pr\u00e1tica, espera-se a compreens\u00e3o das caracter\u00edsticas anat\u00f4micas e<br \/>\nfuncinais dos sistemas digest\u00f3rio, end\u00f3crino e renal, bem como da imp<a href=\"https:\/\/portfoliointerdisciplinar.com.br\/\">o<\/a>rt\u00e2ncia desses sistemas<br \/>\npara manuten\u00e7\u00e3o da homeostase corporal. Ainda como resultado dessa pr\u00e1tica, dever\u00e1 ser<br \/>\nrealizada a entrega de um relat\u00f3rio que contemple todas as etapas da atividade pr\u00e1tica<br \/>\nrealizada, trazendo a rela\u00e7\u00e3o da teoria e da pr\u00e1tica.<\/p>\n<div class=\"elementor-toggle-item\">\n<h4 id=\"elementor-tab-title-1941\" class=\"elementor-tab-title elementor-active\" tabindex=\"0\" role=\"tab\" data-tab=\"1\" aria-controls=\"elementor-tab-content-1941\" aria-expanded=\"true\" aria-selected=\"true\">Como funciona?<\/h4>\n<div id=\"elementor-tab-content-1941\" class=\"elementor-tab-content elementor-clearfix elementor-active\" role=\"tabpanel\" data-tab=\"1\" aria-labelledby=\"elementor-tab-title-1941\">\n<p>Elaboramos os portf\u00f3lios, j\u00e1 deixamos prontos, nas normas da ABNT e conforme os requisitos da universidade. F\u00e1cil assim! O MELHOR \u00c9 QUE VOC\u00ca COMPRA E J\u00c1 BAIXA NA HORA O SEU ARQUIVO EM WORD! Sabemos que conciliar trabalho, fam\u00edlia, vida profissional e estudos \u00e9 dif\u00edcil hoje em dia, por isso, estamos aqui para ajudar voc\u00ea. Conte com nossa qualidade, experi\u00eancia e profissionalismo adquirindo seu portf\u00f3lio conosco. GARANTIMOS SEU CONCEITO!<\/p>\n<h4>Como se realizam os envios?<\/h4>\n<\/div>\n<\/div>\n<div class=\"elementor-toggle-item\">\n<div id=\"elementor-tab-content-1942\" class=\"elementor-tab-content elementor-clearfix elementor-active\" role=\"tabpanel\" data-tab=\"2\" aria-labelledby=\"elementor-tab-title-1942\">O seu trabalho \u00e9 disponibilizado pronto, respondido e nas normas j\u00e1 na mesma hora aqui em nosso site na sua \u00e1rea de downloads e tamb\u00e9m no seu e-mail.<\/div>\n<\/div>\n<div class=\"elementor-toggle-item\">\n<div id=\"elementor-tab-content-1943\" class=\"elementor-tab-content elementor-clearfix elementor-active\" role=\"tabpanel\" data-tab=\"3\" aria-labelledby=\"elementor-tab-title-1943\">\n<h4>Em quanto tempo recebo o portf\u00f3lio?<\/h4>\n<\/div>\n<\/div>\n<div class=\"elementor-toggle-item\">\n<div id=\"elementor-tab-content-1944\" class=\"elementor-tab-content elementor-clearfix elementor-active\" role=\"tabpanel\" data-tab=\"4\" aria-labelledby=\"elementor-tab-title-1944\">\n<p>Os envios s\u00e3o imediatos. Ap\u00f3s sua compra, o trabalho j\u00e1 \u00e9 disponibilizado instantaneamente aqui em nosso site e no seu e-mail.<\/p>\n<h4>E se o portf\u00f3lio que comprei precisar de corre\u00e7\u00e3o?<\/h4>\n<\/div>\n<\/div>\n<div class=\"elementor-toggle-item\">\n<div id=\"elementor-tab-content-1945\" class=\"elementor-tab-content elementor-clearfix elementor-active\" role=\"tabpanel\" data-tab=\"5\" aria-labelledby=\"elementor-tab-title-1945\">\n<p>Caso haja alguma solicita\u00e7\u00e3o de corre\u00e7\u00e3o\/altera\u00e7\u00e3o por parte do tutor, basta entrar em contato conosco pelo\u00a0WhatsApp\u00a0que provid\u00eanciaremos sem custo algum.<\/p>\n<h4>Qual o formato do arquivo?<\/h4>\n<\/div>\n<\/div>\n<div class=\"elementor-toggle-item\">\n<div id=\"elementor-tab-content-1946\" class=\"elementor-tab-content elementor-clearfix elementor-active\" role=\"tabpanel\" data-tab=\"6\" aria-labelledby=\"elementor-tab-title-1946\">\n<p>Os arquivos s\u00e3o enviados em formato Word e s\u00e3o edit\u00e1veis.<\/p>\n<h4>Caso eu tiver alguma d\u00favida, terei suporte no p\u00f3s venda?<\/h4>\n<\/div>\n<\/div>\n<div class=\"elementor-toggle-item\">\n<div id=\"elementor-tab-content-1948\" class=\"elementor-tab-content elementor-clearfix elementor-active\" role=\"tabpanel\" data-tab=\"8\" aria-labelledby=\"elementor-tab-title-1948\">\n<p>Sim, com certeza. Basta clicar no \u00edcone do WhatsApp no cantinho da tela. Ser\u00e1 um prazer atend\u00ea-lo(a).<\/p>\n<div class=\"elementor-toggle-item\">\n<div id=\"elementor-tab-content-1948\" class=\"elementor-tab-content elementor-clearfix elementor-active\" role=\"tabpanel\" data-tab=\"8\" aria-labelledby=\"elementor-tab-title-1948\">\n<h4>Quais os seus canais de contato?<\/h4>\n<\/div>\n<\/div>\n<div class=\"elementor-toggle-item\">\n<div id=\"elementor-tab-content-1949\" class=\"elementor-tab-content elementor-clearfix elementor-active\" role=\"tabpanel\" data-tab=\"9\" aria-labelledby=\"elementor-tab-title-1949\">\n<p>Whatsapp: 53 984751621 \u2013 Clicar no canto da tela ou ESCANEIE O QRCODE ABAIXO<\/p>\n<h4><img decoding=\"async\" class=\"alignnone wp-image-13699 jetpack-lazy-image jetpack-lazy-image--handled\" src=\"https:\/\/i0.wp.com\/portifolioos-prontos.com\/wp-content\/uploads\/2023\/02\/whatsapp-business-projeto-de-extensao-300x300.jpeg?resize=144%2C144\" sizes=\"(max-width: 144px) 100vw, 144px\" srcset=\"https:\/\/i0.wp.com\/portifolioos-prontos.com\/wp-content\/uploads\/2023\/02\/whatsapp-business-projeto-de-extensao.jpeg?resize=300%2C301&amp;ssl=1 300w, https:\/\/i0.wp.com\/portifolioos-prontos.com\/wp-content\/uploads\/2023\/02\/whatsapp-business-projeto-de-extensao.jpeg?resize=150%2C150&amp;ssl=1 150w, https:\/\/i0.wp.com\/portifolioos-prontos.com\/wp-content\/uploads\/2023\/02\/whatsapp-business-projeto-de-extensao.jpeg?resize=370%2C372&amp;ssl=1 370w, https:\/\/i0.wp.com\/portifolioos-prontos.com\/wp-content\/uploads\/2023\/02\/whatsapp-business-projeto-de-extensao.jpeg?resize=100%2C100&amp;ssl=1 100w, https:\/\/i0.wp.com\/portifolioos-prontos.com\/wp-content\/uploads\/2023\/02\/whatsapp-business-projeto-de-extensao.jpeg?w=470&amp;ssl=1 470w\" alt=\"projeto de extens\u00e3o unopar\" width=\"144\" height=\"144\" data-lazy-loaded=\"1\" \/><\/h4>\n<\/div>\n<\/div>\n<\/div>\n<\/div>\n<div class=\"elementor-toggle-item\">\n<div id=\"elementor-tab-content-1949\" class=\"elementor-tab-content elementor-clearfix elementor-active\" role=\"tabpanel\" data-tab=\"9\" aria-labelledby=\"elementor-tab-title-1949\">\n<p>E-mail:portifoliosp@gmail.com<\/p>\n<div id=\"attachment_143\" class=\"wp-caption alignnone\">\n<div id=\"attachment_143\" class=\"wp-caption alignnone\" style=\"width: 88px;\">\n<p><a href=\"https:\/\/portifolioos-prontos.com\/\"><img decoding=\"async\" class=\"wp-image-143 jetpack-lazy-image jetpack-lazy-image--handled smush-detected-img smush-image-16\" title=\"portfolio pronto unopar\" src=\"https:\/\/i0.wp.com\/portifolioos-prontos.com\/wp-content\/uploads\/2022\/04\/conceitomaximo.png?resize=161%2C46\" alt=\"PORTFOLIO PRONTO UNOPAR ANHANGUERA\" width=\"88\" height=\"25\" aria-describedby=\"caption-attachment-143\" data-lazy-loaded=\"1\" \/><\/a><\/p>\n<p id=\"caption-attachment-143\" class=\"wp-caption-text\">Portf\u00f3lio em Word, respondido, completo e j\u00e1 nas normas.<\/p>\n<\/div>\n<\/div>\n<\/div>\n<\/div>\n","protected":false},"excerpt":{"rendered":"<div class=\"product-short-description\">\n<h5><strong>Pague pelo PIX ou cart\u00e3o e fa\u00e7a o download agora mesmo.<\/strong><\/h5>\n<\/div>\n<div class=\"sticky-add-to-cart-wrapper\">\n<div class=\"sticky-add-to-cart\">\n<div class=\"quantity buttons_added form-flat\"><img decoding=\"async\" class=\"alignnone wp-image-761 lazyloaded smush-detected-img smush-image-7\" src=\"https:\/\/portifolioos-prontos.com\/wp-content\/uploads\/2022\/04\/PIX-300x107.webp\" alt=\"\" width=\"78\" height=\"28\" data-src=\"https:\/\/portifolioos-prontos.com\/wp-content\/uploads\/2022\/04\/PIX-300x107.webp\" \/>\u00a0\u00a0<img loading=\"lazy\" decoding=\"async\" class=\"lazyloaded smush-detected-img smush-image-8\" src=\"https:\/\/d26lpennugtm8s.cloudfront.net\/assets\/common\/img\/logos\/payment\/visa@2x.png\" width=\"46\" height=\"29\" data-src=\"https:\/\/d26lpennugtm8s.cloudfront.net\/assets\/common\/img\/logos\/payment\/visa@2x.png\" \/><img loading=\"lazy\" decoding=\"async\" class=\"lazyloaded smush-detected-img smush-image-9\" src=\"https:\/\/d26lpennugtm8s.cloudfront.net\/assets\/common\/img\/logos\/payment\/boleto@2x.png\" width=\"43\" height=\"27\" data-src=\"https:\/\/d26lpennugtm8s.cloudfront.net\/assets\/common\/img\/logos\/payment\/boleto@2x.png\" \/><img loading=\"lazy\" decoding=\"async\" class=\"lazyloaded smush-detected-img smush-image-10\" src=\"https:\/\/d26lpennugtm8s.cloudfront.net\/assets\/common\/img\/logos\/payment\/mastercard@2x.png\" width=\"43\" height=\"27\" data-src=\"https:\/\/d26lpennugtm8s.cloudfront.net\/assets\/common\/img\/logos\/payment\/mastercard@2x.png\" \/><img loading=\"lazy\" decoding=\"async\" class=\"lazyloaded smush-detected-img smush-image-11\" src=\"https:\/\/d26lpennugtm8s.cloudfront.net\/assets\/common\/img\/logos\/payment\/amex@2x.png\" width=\"43\" height=\"27\" data-src=\"https:\/\/d26lpennugtm8s.cloudfront.net\/assets\/common\/img\/logos\/payment\/amex@2x.png\" \/><img loading=\"lazy\" decoding=\"async\" class=\"lazyloaded smush-detected-img smush-image-12\" src=\"https:\/\/d26lpennugtm8s.cloudfront.net\/assets\/common\/img\/logos\/payment\/diners@2x.png\" width=\"46\" height=\"29\" data-src=\"https:\/\/d26lpennugtm8s.cloudfront.net\/assets\/common\/img\/logos\/payment\/diners@2x.png\" \/><img loading=\"lazy\" decoding=\"async\" class=\"lazyloaded smush-detected-img smush-image-13\" src=\"https:\/\/d26lpennugtm8s.cloudfront.net\/assets\/common\/img\/logos\/payment\/br\/elo@2x.png\" width=\"45\" height=\"28\" data-src=\"https:\/\/d26lpennugtm8s.cloudfront.net\/assets\/common\/img\/logos\/payment\/br\/elo@2x.png\" \/><img loading=\"lazy\" decoding=\"async\" class=\"lazyloaded smush-detected-img smush-image-14\" src=\"https:\/\/d26lpennugtm8s.cloudfront.net\/assets\/common\/img\/logos\/payment\/br\/hipercard@2x.png\" width=\"44\" height=\"28\" data-src=\"https:\/\/d26lpennugtm8s.cloudfront.net\/assets\/common\/img\/logos\/payment\/br\/hipercard@2x.png\" \/><img loading=\"lazy\" decoding=\"async\" class=\"lazyloaded smush-detected-img smush-image-15\" src=\"https:\/\/d26lpennugtm8s.cloudfront.net\/assets\/common\/img\/logos\/payment\/mercadopago@2x.png\" width=\"45\" height=\"28\" data-src=\"https:\/\/d26lpennugtm8s.cloudfront.net\/assets\/common\/img\/logos\/payment\/mercadopago@2x.png\" \/><\/div>\n<\/div>\n<\/div>\n","protected":false},"featured_media":29849,"template":"","meta":{"_seopress_robots_primary_cat":"","_seopress_titles_title":"%%post_title%% %%sitetitle%%","_seopress_titles_desc":"%%post_content%%","_seopress_robots_index":""},"product_cat":[67,15],"product_tag":[],"class_list":{"0":"post-29845","1":"product","2":"type-product","3":"status-publish","4":"has-post-thumbnail","6":"product_cat-radiologia","7":"product_cat-uncategorized","9":"first","10":"instock","11":"downloadable","12":"virtual","13":"purchasable","14":"product-type-simple","15":"col-xs-6 col-sm-4","16":"col-mf-5","17":"un-5-cols"},"jetpack_sharing_enabled":true,"_links":{"self":[{"href":"https:\/\/portifolioos-prontos.com\/index.php\/wp-json\/wp\/v2\/product\/29845","targetHints":{"allow":["GET"]}}],"collection":[{"href":"https:\/\/portifolioos-prontos.com\/index.php\/wp-json\/wp\/v2\/product"}],"about":[{"href":"https:\/\/portifolioos-prontos.com\/index.php\/wp-json\/wp\/v2\/types\/product"}],"version-history":[{"count":0,"href":"https:\/\/portifolioos-prontos.com\/index.php\/wp-json\/wp\/v2\/product\/29845\/revisions"}],"wp:featuredmedia":[{"embeddable":true,"href":"https:\/\/portifolioos-prontos.com\/index.php\/wp-json\/wp\/v2\/media\/29849"}],"wp:attachment":[{"href":"https:\/\/portifolioos-prontos.com\/index.php\/wp-json\/wp\/v2\/media?parent=29845"}],"wp:term":[{"taxonomy":"product_cat","embeddable":true,"href":"https:\/\/portifolioos-prontos.com\/index.php\/wp-json\/wp\/v2\/product_cat?post=29845"},{"taxonomy":"product_tag","embeddable":true,"href":"https:\/\/portifolioos-prontos.com\/index.php\/wp-json\/wp\/v2\/product_tag?post=29845"}],"curies":[{"name":"wp","href":"https:\/\/api.w.org\/{rel}","templated":true}]}}