{"id":29872,"date":"2024-09-17T17:15:53","date_gmt":"2024-09-17T20:15:53","guid":{"rendered":"https:\/\/portifolioos-prontos.com\/?post_type=product&#038;p=29872"},"modified":"2025-08-03T17:51:28","modified_gmt":"2025-08-03T20:51:28","slug":"aula-pratica-prevencao-e-combate-a-sinistro","status":"publish","type":"product","link":"https:\/\/portifolioos-prontos.com\/index.php\/product\/aula-pratica-prevencao-e-combate-a-sinistro\/","title":{"rendered":"Aula Pr\u00e1tica Preven\u00e7\u00e3o e combate a sinistro"},"content":{"rendered":"<h5>Aula Pr\u00e1tica Preven\u00e7\u00e3o e combate a sinistro<\/h5>\n<p>CONTEMPLA AS 3 ATIVIDADES\/ UNIDADES PROPOSTAS<\/p>\n<hr \/>\n<p>ROTEIRO DE AULA PR\u00c1TICA<br \/>\nNOME DA DISCIPLINA: M\u00c9TODOS DE PREVEN\u00c7\u00c3O E COMBATE A SINISTRO<br \/>\nUnidade: 1 \u2013 FUNDAMENTOS FISICO-QU\u00cdMICOS DO FOGO, CLASSIFICA\u00c7\u00c3O DE RISCO E<br \/>\nDETEC\u00c7\u00c3O, PROJETO DE EMERG\u00caNCIA E PLANO DE EVACUA\u00c7\u00c3O<br \/>\nSe\u00e7\u00e3o: 1 \u2013 DETEC\u00c7\u00c3O E ALARME DE INC\u00caNDIO E PROJETO DE SINALIZA\u00c7\u00c3O E<br \/>\nILUMINA\u00c7\u00c3O DE EMERGENCIA<br \/>\nOBJETIVOS<br \/>\nDefini\u00e7\u00e3o dos objetivos da aula pr\u00e1tica:<br \/>\nAnalisar criticamente um projeto de prote\u00e7\u00e3o contra inc\u00eandio. Reconhecer o uso de s\u00edmbolos para<br \/>\nos sistemas de prote\u00e7\u00e3o contra inc\u00eandio: detec\u00e7\u00e3o e alarme de inc\u00eandio, sinaliza\u00e7\u00e3o e ilumina\u00e7\u00e3o<br \/>\nde emerg\u00eancia. Categorizar os tipos de sinaliza\u00e7\u00e3o de emerg\u00eancia em projetos de prote\u00e7\u00e3o contra<br \/>\ninc\u00eandio.<br \/>\nINFRAESTRUTURA<br \/>\nInstala\u00e7\u00f5es \u2013 Materiais de consumo \u2013 Equipamentos:<br \/>\nLABORAT\u00d3RIO DE INFORM\u00c1TICA<br \/>\nEQUIPAMENTOS:<br \/>\n\u2022 Desktop Lab Informatica \u2013 Positivo C6300<br \/>\n~ 1 para cada 2 alunos<br \/>\nSOLU\u00c7\u00c3O DIGITAL<br \/>\n\u2022 APLICATIVO MOBILE PPCIP \u2013 PROJ DE PREVEN\u00c7\u00c3O CONTRA INC\u00caNDIO P\u00c2NICO<br \/>\n(Aplicativo)<br \/>\nAplicativo Mobile PPCIP \u2013 Proj de Preven\u00e7\u00e3o Contra Inc\u00eandio P\u00e2nico: aplicativo para auxiliar na<br \/>\npreven\u00e7\u00e3o de inc\u00eandios e p\u00e2nico em locais p\u00fablicos.<\/p>\n<p>EQUIPAMENTO DE PROTE\u00c7\u00c3O INDIVIDUAL (EPI)<br \/>\nN\u00e3o se aplica<br \/>\nPROCEDIMENTO\/ATIVIDADE n\u00ba 1 (F\u00edsico)<br \/>\nATIVIDADE PROPOSTA:<br \/>\nIdentificar os sistemas de prote\u00e7\u00e3o contra inc\u00eandio: alarme, ilumina\u00e7\u00e3o e sinaliza\u00e7\u00e3o de<br \/>\nemerg\u00eancia, em um projeto de prote\u00e7\u00e3o contra inc\u00eandio, categorizando os tipos de sinaliza\u00e7\u00e3o<br \/>\nexistentes e analisar criticamente sua correta aplica\u00e7\u00e3o visando a garantia da seguran\u00e7a dos<br \/>\nusu\u00e1rios.<\/p>\n<p>&nbsp;<\/p>\n<p>ROTEIRO DE AULA PR\u00c1TICA<br \/>\nNOME DA DISCIPLINA: M\u00c9TODOS DE PREVEN\u00c7\u00c3O E COMBATE A SINISTRO<br \/>\nUnidade: 3 \u2013 FUNDAMENTOS DE EXPLOSIVOS, T\u00c9CNICAS DE ARMAZENAMENTO E<br \/>\nCONTROLE E PROTE\u00c7\u00c3O ESTRUTURAL, T\u00c9CNICAS DE INSPE\u00c7\u00c3O E AN\u00c1LISE DE CAUSAS<br \/>\nSe\u00e7\u00e3o: 3 \u2013 PROTE\u00c7\u00c3O ESTRUTURAL E T\u00c9CNICAS DE INSPE\u00c7\u00c3O E AN\u00c1LISE DE CAUSAS<br \/>\nDE INC\u00caNDIOS E EXPLOS\u00d5ES<br \/>\nOBJETIVOS<br \/>\nDefini\u00e7\u00e3o dos objetivos da aula pr\u00e1tica:<br \/>\nProduzir um parecer t\u00e9cnico de inspe\u00e7\u00e3o para contribuir com a an\u00e1lise das causas de um acidente.<br \/>\nReconhecer as t\u00e9cnicas de an\u00e1lise de causas de acidentes.<br \/>\nINFRAESTRUTURA<br \/>\nInstala\u00e7\u00f5es \u2013 Materiais de consumo \u2013 Equipamentos:<br \/>\nLABORAT\u00d3RIO DE INFORM\u00c1TICA<br \/>\nEQUIPAMENTOS:<br \/>\n\u2022 Desktop Lab Informatica \u2013 Positivo C6300<br \/>\n~ 1 para cada 2 alunos<br \/>\nSOLU\u00c7\u00c3O DIGITAL<br \/>\n\u2022 APLICATIVO MOBILE PPCIP \u2013 PROJ DE PREVEN\u00c7\u00c3O CONTRA INC\u00caNDIO P\u00c2NICO<br \/>\n(Aplicativo)<br \/>\nAplicativo Mobile PPCIP \u2013 Proj de Preven\u00e7\u00e3o Contra Inc\u00eandio P\u00e2nico: aplicativo para auxiliar na<br \/>\npreven\u00e7\u00e3o de inc\u00eandios e p\u00e2nico em locais p\u00fablicos.<\/p>\n<p>EQUIPAMENTO DE PROTE\u00c7\u00c3O INDIVIDUAL (EPI)<br \/>\nN\u00e3o se aplica<br \/>\nPROCEDIMENTO\/ATIVIDADE n\u00ba 1 (F\u00edsico<\/p>\n<p>&nbsp;<\/p>\n<p>&nbsp;<\/p>\n<p>ROTEIRO DE AULA PR\u00c1TICA<br \/>\nNOME DA DISCIPLINA: M\u00c9TODOS DE PREVEN\u00c7\u00c3O E COMBATE A SINISTRO<br \/>\nUnidade: 2 \u2013 COMBATE A INC\u00caNDIOS, LEGISLA\u00c7\u00c3O E CRIT\u00c9RIOS DE DIMENSIONAMENTO<br \/>\nSe\u00e7\u00e3o: 1 \u2013 AGENTES EXTINTORES, REDE DE HIDRANTES, MANGOTINHOS E SISTEMAS<br \/>\nAUTOM\u00c1TICOS DE COMBATE A INC\u00caNDIO<br \/>\nOBJETIVOS<br \/>\nDefini\u00e7\u00e3o dos objetivos da aula pr\u00e1tica:<br \/>\nSimular uma situa\u00e7\u00e3o de controle de um princ\u00edpio de inc\u00eandio em uma empresa atrav\u00e9s de um<br \/>\naplicativo de simula\u00e7\u00e3o. Selecionar os procedimentos para o controle do inc\u00eandio na situa\u00e7\u00e3o<br \/>\nproblema, em especial quanto ao uso de unidades extintoras. Refletir criticamente sobre os<br \/>\nprocedimentos de seguran\u00e7a a serem adotados no uso das unidades extintoras.<br \/>\nINFRAESTRUTURA<br \/>\nInstala\u00e7\u00f5es \u2013 Materiais de consumo \u2013 Equipamentos:<br \/>\nLABORAT\u00d3RIO DE INFORM\u00c1TICA<br \/>\nEQUIPAMENTOS:<br \/>\n\u2022 Desktop Lab Informatica \u2013 Positivo C6300<br \/>\n~ 1 para cada 2 alunos<br \/>\nSOLU\u00c7\u00c3O DIGITAL<br \/>\n\u2022 APLICATIVO MOBILE INBRAEP VR COMBATE A INC\u00caNDIO (Aplicativo)<br \/>\nEsse aplicativo dispon\u00edvel para Android apresenta uma simula\u00e7\u00e3o em realidade virtual de apenas<br \/>\n1 situa\u00e7\u00e3o de combate a incendio. \u00c9 poss\u00edvel a sua indica\u00e7\u00e3o para treinamento de tomada de<br \/>\ndecis\u00e3o durante o principio de inc\u00eandio.<\/p>\n<p>EQUIPAMENTO DE PROTE\u00c7\u00c3O INDIVIDUAL (EPI)<br \/>\nN\u00e3o se aplica<br \/>\nPROCEDIMENTO\/ATIVIDADE n\u00ba 1 (F\u00edsico)<\/p>\n<h5><span style=\"color: #800000;\">CONTEMPLA AS 3 ATIVIDADES\/ UNIDADES PROPOSTAS<\/span><\/h5>\n<div class=\"elementor-toggle-item\">\n<div class=\"elementor-toggle-item\">\n<p id=\"elementor-tab-title-1941\" class=\"elementor-tab-title elementor-active\" tabindex=\"0\" role=\"tab\" data-tab=\"1\" aria-controls=\"elementor-tab-content-1941\" aria-expanded=\"true\" aria-selected=\"true\"><strong>Como funciona?<\/strong><\/p>\n<p>Elaboramos os portf\u00f3lios, j\u00e1 deixamos prontos, nas normas da ABNT e conforme os requisitos da universidade. F\u00e1cil assim! O MELHOR \u00c9 QUE VOC\u00ca COMPRA E J\u00c1 BAIXA NA HORA O SEU ARQUIVO EM WORD! Sabemos que conciliar trabalho, fam\u00edlia, vida profissional e estudos \u00e9 dif\u00edcil hoje em dia, por isso, estamos aqui para ajudar voc\u00ea. Conte com nossa qualidade, experi\u00eancia e profissionalismo adquirindo seu portf\u00f3lio conosco. GARANTIMOS SEU CONCEITO!<\/p>\n<p><strong>Como se realizam os envios?<\/strong><\/p>\n<\/div>\n<p id=\"elementor-tab-content-1942\" class=\"elementor-tab-content elementor-clearfix elementor-active\" role=\"tabpanel\" data-tab=\"2\" aria-labelledby=\"elementor-tab-title-1942\">O seu trabalho \u00e9 disponibilizado pronto, respondido e nas normas j\u00e1 na mesma hora aqui em nosso site na sua \u00e1rea de downloads e tamb\u00e9m no seu e-mail.<\/p>\n<p><strong>Em quanto tempo recebo o portf\u00f3lio?<\/strong><\/p>\n<p>Os envios s\u00e3o imediatos. Ap\u00f3s sua compra, o trabalho j\u00e1 \u00e9 disponibilizado instantaneamente aqui em nosso site e no seu e-mail.<\/p>\n<p><strong>E se o portf\u00f3lio que comprei precisar de corre\u00e7\u00e3o?<\/strong><\/p>\n<p>Caso haja alguma solicita\u00e7\u00e3o de corre\u00e7\u00e3o\/altera\u00e7\u00e3o por parte do tutor, basta entrar em contato conosco pelo\u00a0WhatsApp\u00a0que provid\u00eanciaremos sem custo algum.<\/p>\n<p><strong>Qual o formato do arquivo?<\/strong><\/p>\n<p>Os arquivos s\u00e3o enviados em formato Word e s\u00e3o edit\u00e1veis.<\/p>\n<p><strong>Caso eu tiver alguma d\u00favida, terei suporte no p\u00f3s venda?<\/strong><\/p>\n<p>Sim, com certeza. Basta clicar no \u00edcone do WhatsApp no cantinho da tela. Ser\u00e1 um prazer atend\u00ea-lo(a).<\/p>\n<div id=\"elementor-tab-content-1948\" class=\"elementor-tab-content elementor-clearfix elementor-active\" role=\"tabpanel\" data-tab=\"8\" aria-labelledby=\"elementor-tab-title-1948\">\n<p><strong>Quais os seus canais de contato?<\/strong><\/p>\n<\/div>\n<div id=\"elementor-tab-content-1949\" class=\"elementor-tab-content elementor-clearfix elementor-active\" role=\"tabpanel\" data-tab=\"9\" aria-labelledby=\"elementor-tab-title-1949\">\n<p>Whatsapp: 53 984751621 \u2013 Clicar no canto da tela ou ESCANEIE O QRCODE ABAIXO<\/p>\n<h4><img decoding=\"async\" class=\"alignnone wp-image-13699 jetpack-lazy-image jetpack-lazy-image--handled\" src=\"https:\/\/i0.wp.com\/portifolioos-prontos.com\/wp-content\/uploads\/2023\/02\/whatsapp-business-projeto-de-extensao-300x300.jpeg?resize=144%2C144\" sizes=\"(max-width: 144px) 100vw, 144px\" srcset=\"https:\/\/i0.wp.com\/portifolioos-prontos.com\/wp-content\/uploads\/2023\/02\/whatsapp-business-projeto-de-extensao.jpeg?resize=300%2C301&amp;ssl=1 300w, https:\/\/i0.wp.com\/portifolioos-prontos.com\/wp-content\/uploads\/2023\/02\/whatsapp-business-projeto-de-extensao.jpeg?resize=150%2C150&amp;ssl=1 150w, https:\/\/i0.wp.com\/portifolioos-prontos.com\/wp-content\/uploads\/2023\/02\/whatsapp-business-projeto-de-extensao.jpeg?resize=370%2C372&amp;ssl=1 370w, https:\/\/i0.wp.com\/portifolioos-prontos.com\/wp-content\/uploads\/2023\/02\/whatsapp-business-projeto-de-extensao.jpeg?resize=100%2C100&amp;ssl=1 100w, https:\/\/i0.wp.com\/portifolioos-prontos.com\/wp-content\/uploads\/2023\/02\/whatsapp-business-projeto-de-extensao.jpeg?w=470&amp;ssl=1 470w\" alt=\"projeto de extens\u00e3o unopar\" width=\"144\" height=\"144\" data-lazy-loaded=\"1\" \/><\/h4>\n<\/div>\n<div class=\"elementor-toggle-item\">\n<div id=\"elementor-tab-content-1949\" class=\"elementor-tab-content elementor-clearfix elementor-active\" role=\"tabpanel\" data-tab=\"9\" aria-labelledby=\"elementor-tab-title-1949\">\n<p>E-mail:portifoliosp@gmail.com<\/p>\n<div id=\"attachment_143\" class=\"wp-caption alignnone\">\n<div id=\"attachment_143\" class=\"wp-caption alignnone\">\n<p id=\"caption-attachment-143\" class=\"wp-caption-text\"><a href=\"http:\/\/portfolio-pronto.com\/\">Portf\u00f3lio<\/a>\u00a0em Word, respondido, completo e j\u00e1 nas normas<\/p>\n<\/div>\n<\/div>\n<\/div>\n<\/div>\n<\/div>\n","protected":false},"excerpt":{"rendered":"<div class=\"product-short-description\">\n<p><span style=\"color: #800000;\">CONTEMPLA AS 3 ATIVIDADES\/ UNIDADES PROPOSTAS<\/span><\/p>\n<div class=\"product-short-description\">\n<p><strong>Pague pelo PIX ou cart\u00e3o e fa\u00e7a o download agora mesmo.<\/strong><\/p>\n<\/div>\n<div class=\"sticky-add-to-cart-wrapper\">\n<div class=\"sticky-add-to-cart\">\n<p class=\"quantity buttons_added form-flat\"><img decoding=\"async\" class=\"lazyloaded smush-image-5 smush-image-3 smush-image-4 smush-detected-img smush-image-bigger-3\" src=\"https:\/\/d26lpennugtm8s.cloudfront.net\/assets\/common\/img\/logos\/payment\/visa@2x.png\" width=\"46\" height=\"29\" data-src=\"https:\/\/d26lpennugtm8s.cloudfront.net\/assets\/common\/img\/logos\/payment\/visa@2x.png\" \/><img decoding=\"async\" class=\"lazyloaded smush-image-6 smush-image-4 smush-image-5 smush-detected-img smush-image-bigger-4\" src=\"https:\/\/d26lpennugtm8s.cloudfront.net\/assets\/common\/img\/logos\/payment\/boleto@2x.png\" width=\"43\" height=\"27\" data-src=\"https:\/\/d26lpennugtm8s.cloudfront.net\/assets\/common\/img\/logos\/payment\/boleto@2x.png\" \/><img loading=\"lazy\" decoding=\"async\" class=\"lazyloaded smush-image-7 smush-image-5 smush-image-6 smush-detected-img smush-image-bigger-5\" src=\"https:\/\/d26lpennugtm8s.cloudfront.net\/assets\/common\/img\/logos\/payment\/mastercard@2x.png\" width=\"43\" height=\"27\" data-src=\"https:\/\/d26lpennugtm8s.cloudfront.net\/assets\/common\/img\/logos\/payment\/mastercard@2x.png\" \/><img loading=\"lazy\" decoding=\"async\" class=\"lazyloaded smush-image-8 smush-image-6 smush-image-7 smush-detected-img smush-image-bigger-6\" src=\"https:\/\/d26lpennugtm8s.cloudfront.net\/assets\/common\/img\/logos\/payment\/amex@2x.png\" width=\"43\" height=\"27\" data-src=\"https:\/\/d26lpennugtm8s.cloudfront.net\/assets\/common\/img\/logos\/payment\/amex@2x.png\" \/><img loading=\"lazy\" decoding=\"async\" class=\"lazyloaded smush-image-9 smush-image-7 smush-image-8 smush-detected-img smush-image-bigger-7\" src=\"https:\/\/d26lpennugtm8s.cloudfront.net\/assets\/common\/img\/logos\/payment\/diners@2x.png\" width=\"46\" height=\"29\" data-src=\"https:\/\/d26lpennugtm8s.cloudfront.net\/assets\/common\/img\/logos\/payment\/diners@2x.png\" \/><img loading=\"lazy\" decoding=\"async\" class=\"lazyloaded smush-image-10 smush-image-8 smush-image-9 alignnone smush-detected-img smush-image-bigger-8\" src=\"https:\/\/d26lpennugtm8s.cloudfront.net\/assets\/common\/img\/logos\/payment\/br\/elo@2x.png\" alt=\"portf\u00f3lio unopar anhanguera\" width=\"45\" height=\"28\" data-src=\"https:\/\/d26lpennugtm8s.cloudfront.net\/assets\/common\/img\/logos\/payment\/br\/elo@2x.png\" \/><img loading=\"lazy\" decoding=\"async\" class=\"lazyloaded smush-image-11 smush-image-9 smush-image-10 alignnone smush-detected-img smush-image-bigger-9\" src=\"https:\/\/d26lpennugtm8s.cloudfront.net\/assets\/common\/img\/logos\/payment\/br\/hipercard@2x.png\" alt=\"portf\u00f3lio unopar anhanguera\" width=\"44\" height=\"28\" data-src=\"https:\/\/d26lpennugtm8s.cloudfront.net\/assets\/common\/img\/logos\/payment\/br\/hipercard@2x.png\" \/><img loading=\"lazy\" decoding=\"async\" class=\"lazyloaded smush-image-12 smush-image-10 smush-image-11 alignnone smush-detected-img smush-image-bigger-10\" src=\"https:\/\/d26lpennugtm8s.cloudfront.net\/assets\/common\/img\/logos\/payment\/mercadopago@2x.png\" alt=\"portf\u00f3lio unopar anhanguera\" width=\"45\" height=\"28\" data-src=\"https:\/\/d26lpennugtm8s.cloudfront.net\/assets\/common\/img\/logos\/payment\/mercadopago@2x.png\" \/><img loading=\"lazy\" decoding=\"async\" class=\"alignnone lazyloaded smush-detected-img smush-image-bigger-11\" src=\"https:\/\/futurium.com.br\/wp-content\/uploads\/2021\/06\/logo-pix-icone-512.png\" alt=\"portfolio pronto\" width=\"30\" height=\"30\" data-src=\"https:\/\/futurium.com.br\/wp-content\/uploads\/2021\/06\/logo-pix-icone-512.png\" \/><\/p>\n<\/div>\n<\/div>\n<\/div>\n","protected":false},"featured_media":29876,"template":"","meta":{"_seopress_robots_primary_cat":"","_seopress_titles_title":"%%post_title%% %%sitetitle%%","_seopress_titles_desc":"%%post_content%%","_seopress_robots_index":""},"product_cat":[15],"product_tag":[],"class_list":{"0":"post-29872","1":"product","2":"type-product","3":"status-publish","4":"has-post-thumbnail","6":"product_cat-uncategorized","8":"first","9":"instock","10":"downloadable","11":"virtual","12":"purchasable","13":"product-type-simple","14":"col-xs-6 col-sm-4","15":"col-mf-5","16":"un-5-cols"},"jetpack_sharing_enabled":true,"_links":{"self":[{"href":"https:\/\/portifolioos-prontos.com\/index.php\/wp-json\/wp\/v2\/product\/29872","targetHints":{"allow":["GET"]}}],"collection":[{"href":"https:\/\/portifolioos-prontos.com\/index.php\/wp-json\/wp\/v2\/product"}],"about":[{"href":"https:\/\/portifolioos-prontos.com\/index.php\/wp-json\/wp\/v2\/types\/product"}],"version-history":[{"count":0,"href":"https:\/\/portifolioos-prontos.com\/index.php\/wp-json\/wp\/v2\/product\/29872\/revisions"}],"wp:featuredmedia":[{"embeddable":true,"href":"https:\/\/portifolioos-prontos.com\/index.php\/wp-json\/wp\/v2\/media\/29876"}],"wp:attachment":[{"href":"https:\/\/portifolioos-prontos.com\/index.php\/wp-json\/wp\/v2\/media?parent=29872"}],"wp:term":[{"taxonomy":"product_cat","embeddable":true,"href":"https:\/\/portifolioos-prontos.com\/index.php\/wp-json\/wp\/v2\/product_cat?post=29872"},{"taxonomy":"product_tag","embeddable":true,"href":"https:\/\/portifolioos-prontos.com\/index.php\/wp-json\/wp\/v2\/product_tag?post=29872"}],"curies":[{"name":"wp","href":"https:\/\/api.w.org\/{rel}","templated":true}]}}