{"id":30423,"date":"2024-10-08T12:07:54","date_gmt":"2024-10-08T15:07:54","guid":{"rendered":"https:\/\/portifolioos-prontos.com\/?post_type=product&#038;p=30423"},"modified":"2025-08-03T17:54:51","modified_gmt":"2025-08-03T20:54:51","slug":"atividade-pratica-fundamentos-de-quimica-organica","status":"publish","type":"product","link":"https:\/\/portifolioos-prontos.com\/index.php\/product\/atividade-pratica-fundamentos-de-quimica-organica\/","title":{"rendered":"Atividade pr\u00e1tica Fundamentos de qu\u00edmica org\u00e2nica"},"content":{"rendered":"<h4>Atividade pr\u00e1tica Fundamentos de qu\u00edmica org\u00e2nica<\/h4>\n<hr \/>\n<p>OBJETIVOS<br \/>\nA\u00a0proposta\u00a0desta atividade pr\u00e1tica est\u00e1 amparada nos seguintes objetivos:<br \/>\n\u2013 promover o desenvolvimento de compet\u00eancias e habilidades relacionados \u00e0 disciplina<br \/>\n\u201cFundamentos de Qu\u00edmica Org\u00e2nica\u201d;<br \/>\n\u2013 observar as propriedades do carbono e seus derivados; e<br \/>\n\u2013 determinar o ponto de fus\u00e3o de subst\u00e2ncias org\u00e2nicas.<br \/>\nRECURSOS<br \/>\nComputador com acesso \u00e0 internet, ambiente virtual e plataforma ALGETEC.<br \/>\nPROCEDIMENTOS PR\u00c1TICOS<br \/>\nAtividade proposta<br \/>\n\u2013 Observar as propriedades do carbono e seus derivados por meio da plataforma<br \/>\nda ALGETEC<br \/>\n\u2013 Determinar o ponto de fus\u00e3o de subst\u00e2ncias org\u00e2nicas por meio da plataforma<br \/>\nda ALGETEC<br \/>\nProcedimentos para a realiza\u00e7\u00e3o da atividade<br \/>\nCaro aluno(a), a atividade ser\u00e1 composta por duas etapas. A primeira etapa \u00e9 realiza\u00e7\u00e3o<br \/>\ndo procedimento \u201cObserva\u00e7\u00e3o das propriedades do carbono e seus derivados\u201d por meio<br \/>\nda plataforma ALGETEC dispon\u00edvel em seu ambiente virtual e a segunda etapa consiste<br \/>\nna realiza\u00e7\u00e3o do experimento \u201cDetermina\u00e7\u00e3o do ponto de fus\u00e3o de subst\u00e2ncias<br \/>\norg\u00e2nicas\u201d por meio da plataforma ALGETEC disponibilizada em seu ambiente virtual.<br \/>\nETAPA 1: Observa\u00e7\u00e3o das propriedades do carbono e seus derivados \u2013<br \/>\nplataforma da ALGETEC<br \/>\nCaro aluno(a), na primeira etapa, voc\u00ea ir\u00e1 realizar a atividade atrav\u00e9s da plataforma da<br \/>\nALGETEC. Para isso, siga os seguintes passos:<br \/>\n\u2022 Acesse a plataforma da ALGETEC atrav\u00e9s de seu ambiente virtual<br \/>\n\u2022 Fa\u00e7a a leitura da apresenta\u00e7\u00e3o do experomento e do sum\u00e1rio te\u00f3rico da aula<br \/>\n\u2022 Em seguida, voc\u00ea dever\u00e1 acessar o roteiro da aula e fazer a leitura dos passos<br \/>\nnecess\u00e1rios para realiza\u00e7\u00e3o do experimento, fa\u00e7a uma leitura criteriosa para que<br \/>\nn\u00e3o fiquem d\u00favidas em rela\u00e7\u00e3o a sua execu\u00e7\u00e3o<br \/>\n\u2022 Antes de acessar a etapa de realiza\u00e7\u00e3o do experimento, realize a atividade de<br \/>\npr\u00e9-aula, anotando as d\u00favidas, caso elas apare\u00e7am<br \/>\n\u2022 Realize o experimento atrav\u00e9s da plataforma da ALGETEC, utilizando o<br \/>\nlaborat\u00f3rio \u201cObserva\u00e7\u00e3o das propriedades do carbono e seus derivados\u201d de<br \/>\nacordo com o roteiro disponibilizado, sempre anotando os pontos de d\u00favidas e<br \/>\nos resultados encontrados no experimento<br \/>\n\u2022 Ao final do experimento, realizar as atividades de p\u00f3s-aula<br \/>\nETAPA 2: Determina\u00e7\u00e3o do ponto de fus\u00e3o de subst\u00e2ncias org\u00e2nicas \u2013 plataforma<br \/>\nALGETEC<br \/>\nCaro aluno(a), na segunda etapa, voc\u00ea ir\u00e1 realizar a atividade atrav\u00e9s da plataforma da<br \/>\nALGETEC. Para isso, siga os seguintes passos:<br \/>\n\u2022 Acesse a plataforma da ALGETEC atrav\u00e9s de seu ambiente virtual<br \/>\n\u2022 Fa\u00e7a a leitura da apresenta\u00e7\u00e3o e do sum\u00e1rio te\u00f3rico da aula<br \/>\n\u2022 Em seguida, voc\u00ea dever\u00e1 acessar o roteiro da aula e fazer a leitura dos passos<br \/>\nnecess\u00e1rios para realiza\u00e7\u00e3o do experimento, fa\u00e7a uma leitura criteriosa para que<br \/>\nn\u00e3o fiquem d\u00favidas em rela\u00e7\u00e3o a sua execu\u00e7\u00e3o<br \/>\n\u2022 Antes de acessar a etapa de realiza\u00e7\u00e3o do experimento, realize a atividade de<br \/>\npr\u00e9-aula, anotando as d\u00favidas, caso elas apare\u00e7am<br \/>\n\u2022 Realize o experimento atrav\u00e9s da plataforma da ALGETEC, de acordo com o<br \/>\nroteiro disponibilizado, sempre anotando os pontos de d\u00favidas e os resultados<br \/>\nencontrados no experimento<br \/>\n\u2022 Ao final do experimento, realizar as atividades de p\u00f3s-aula<br \/>\nChecklist<br \/>\nPrincipais etapas para a completude da atividade pr\u00e1tica:<br \/>\n\u2013 Reflex\u00e3o sobre o perfil dos procedimentos experimentais que devem ser realizados<br \/>\npor meio da plataforma<br \/>\n\u2013 Pesquisa sobre a fundamenta\u00e7\u00e3o te\u00f3rica dos experimentos que ser\u00e3o realizados.<br \/>\n\u2013 An\u00e1lise e interpreta\u00e7\u00e3o dos resultados obtidos<br \/>\n\u2013 Elabora\u00e7\u00e3o de um relat\u00f3rio de aula pr\u00e1tica contendo Introdu\u00e7\u00e3o, Metodologia,<br \/>\nResultados e Conclus\u00e3o.<br \/>\n\u2013 Realiza\u00e7\u00e3o e apresenta\u00e7\u00e3o dos c\u00e1lculos experimentais, quando aplic\u00e1vel<br \/>\nRESULTADO<br \/>\nEntrega de um arquivo word que contemple todas as etapas da atividade pr\u00e1tica,<br \/>\nconforme apresentado no checklist.<\/p>\n<div class=\"elementor-toggle-item\">\n<div class=\"elementor-toggle-item\">\n<p id=\"elementor-tab-title-1941\" class=\"elementor-tab-title elementor-active\" tabindex=\"0\" role=\"tab\" data-tab=\"1\" aria-controls=\"elementor-tab-content-1941\" aria-expanded=\"true\" aria-selected=\"true\"><strong>Como funciona?<\/strong><\/p>\n<p>Elaboramos os portf\u00f3lios, j\u00e1 deixamos prontos, nas normas da ABNT e conforme os requisitos da universidade. F\u00e1cil assim! O MELHOR \u00c9 QUE VOC\u00ca COMPRA E J\u00c1 BAIXA NA HORA O SEU ARQUIVO EM WORD! Sabemos que conciliar trabalho, fam\u00edlia, vida profissional e estudos \u00e9 dif\u00edcil hoje em dia, por isso, estamos aqui para ajudar voc\u00ea. Conte com nossa qualidade, experi\u00eancia e profissionalismo adquirindo seu portf\u00f3lio conosco. GARANTIMOS SEU CONCEITO!<\/p>\n<p><strong>Como se realizam os envios?<\/strong><\/p>\n<\/div>\n<p id=\"elementor-tab-content-1942\" class=\"elementor-tab-content elementor-clearfix elementor-active\" role=\"tabpanel\" data-tab=\"2\" aria-labelledby=\"elementor-tab-title-1942\">O seu trabalho \u00e9 disponibilizado pronto, respondido e nas normas j\u00e1 na mesma hora aqui em nosso site na sua \u00e1rea de downloads e tamb\u00e9m no seu e-mail.<\/p>\n<p><strong>Em quanto tempo recebo o portf\u00f3lio?<\/strong><\/p>\n<p>Os envios s\u00e3o imediatos. Ap\u00f3s sua compra, o trabalho j\u00e1 \u00e9 disponibilizado instantaneamente aqui em nosso site e no seu e-mail.<\/p>\n<p><strong>E se o portf\u00f3lio que comprei precisar de corre\u00e7\u00e3o?<\/strong><\/p>\n<p>Caso haja alguma solicita\u00e7\u00e3o de corre\u00e7\u00e3o\/altera\u00e7\u00e3o por parte do tutor, basta entrar em contato conosco pelo\u00a0WhatsApp\u00a0que provid\u00eanciaremos sem custo algum.<\/p>\n<p><strong>Qual o formato do arquivo?<\/strong><\/p>\n<p>Os arquivos s\u00e3o enviados em formato Word e s\u00e3o edit\u00e1veis.<\/p>\n<p><strong>Caso eu tiver alguma d\u00favida, terei suporte no p\u00f3s venda?<\/strong><\/p>\n<p>Sim, com certeza. Basta clicar no \u00edcone do WhatsApp no cantinho da tela. Ser\u00e1 um prazer atend\u00ea-lo(a).<\/p>\n<div id=\"elementor-tab-content-1948\" class=\"elementor-tab-content elementor-clearfix elementor-active\" role=\"tabpanel\" data-tab=\"8\" aria-labelledby=\"elementor-tab-title-1948\">\n<p><strong>Quais os seus canais de contato?<\/strong><\/p>\n<\/div>\n<div id=\"elementor-tab-content-1949\" class=\"elementor-tab-content elementor-clearfix elementor-active\" role=\"tabpanel\" data-tab=\"9\" aria-labelledby=\"elementor-tab-title-1949\">\n<p>Whatsapp: 53 984751621 \u2013 Clicar no canto da tela ou ESCANEIE O QRCODE ABAIXO<\/p>\n<h4><img decoding=\"async\" class=\"alignnone wp-image-13699 jetpack-lazy-image jetpack-lazy-image--handled\" src=\"https:\/\/i0.wp.com\/portifolioos-prontos.com\/wp-content\/uploads\/2023\/02\/whatsapp-business-projeto-de-extensao-300x300.jpeg?resize=144%2C144\" sizes=\"(max-width: 144px) 100vw, 144px\" srcset=\"https:\/\/i0.wp.com\/portifolioos-prontos.com\/wp-content\/uploads\/2023\/02\/whatsapp-business-projeto-de-extensao.jpeg?resize=300%2C301&amp;ssl=1 300w, https:\/\/i0.wp.com\/portifolioos-prontos.com\/wp-content\/uploads\/2023\/02\/whatsapp-business-projeto-de-extensao.jpeg?resize=150%2C150&amp;ssl=1 150w, https:\/\/i0.wp.com\/portifolioos-prontos.com\/wp-content\/uploads\/2023\/02\/whatsapp-business-projeto-de-extensao.jpeg?resize=370%2C372&amp;ssl=1 370w, https:\/\/i0.wp.com\/portifolioos-prontos.com\/wp-content\/uploads\/2023\/02\/whatsapp-business-projeto-de-extensao.jpeg?resize=100%2C100&amp;ssl=1 100w, https:\/\/i0.wp.com\/portifolioos-prontos.com\/wp-content\/uploads\/2023\/02\/whatsapp-business-projeto-de-extensao.jpeg?w=470&amp;ssl=1 470w\" alt=\"projeto de extens\u00e3o unopar\" width=\"144\" height=\"144\" data-lazy-loaded=\"1\" \/><\/h4>\n<\/div>\n<div class=\"elementor-toggle-item\">\n<div id=\"elementor-tab-content-1949\" class=\"elementor-tab-content elementor-clearfix elementor-active\" role=\"tabpanel\" data-tab=\"9\" aria-labelledby=\"elementor-tab-title-1949\">\n<p>E-mail:portifoliosp@gmail.com<\/p>\n<div id=\"attachment_143\" class=\"wp-caption alignnone\">\n<div id=\"attachment_143\" class=\"wp-caption alignnone\">\n<p id=\"caption-attachment-143\" class=\"wp-caption-text\"><a href=\"http:\/\/portfolio-pronto.com\/\">Portf\u00f3lio<\/a>\u00a0em Word, respondido, completo e j\u00e1 nas normas<\/p>\n<\/div>\n<\/div>\n<\/div>\n<\/div>\n<\/div>\n","protected":false},"excerpt":{"rendered":"<div class=\"product-short-description\">\n<div class=\"product-short-description\">\n<p><strong>Pague pelo PIX ou cart\u00e3o e fa\u00e7a o download agora mesmo.<\/strong><\/p>\n<\/div>\n<div class=\"sticky-add-to-cart-wrapper\">\n<div class=\"sticky-add-to-cart\">\n<p class=\"quantity buttons_added form-flat\"><img decoding=\"async\" class=\"lazyloaded smush-image-5 smush-image-3 smush-image-4 smush-detected-img smush-image-bigger-3\" src=\"https:\/\/d26lpennugtm8s.cloudfront.net\/assets\/common\/img\/logos\/payment\/visa@2x.png\" width=\"46\" height=\"29\" data-src=\"https:\/\/d26lpennugtm8s.cloudfront.net\/assets\/common\/img\/logos\/payment\/visa@2x.png\" \/><img decoding=\"async\" class=\"lazyloaded smush-image-6 smush-image-4 smush-image-5 smush-detected-img smush-image-bigger-4\" src=\"https:\/\/d26lpennugtm8s.cloudfront.net\/assets\/common\/img\/logos\/payment\/boleto@2x.png\" width=\"43\" height=\"27\" data-src=\"https:\/\/d26lpennugtm8s.cloudfront.net\/assets\/common\/img\/logos\/payment\/boleto@2x.png\" \/><img loading=\"lazy\" decoding=\"async\" class=\"lazyloaded smush-image-7 smush-image-5 smush-image-6 smush-detected-img smush-image-bigger-5\" src=\"https:\/\/d26lpennugtm8s.cloudfront.net\/assets\/common\/img\/logos\/payment\/mastercard@2x.png\" width=\"43\" height=\"27\" data-src=\"https:\/\/d26lpennugtm8s.cloudfront.net\/assets\/common\/img\/logos\/payment\/mastercard@2x.png\" \/><img loading=\"lazy\" decoding=\"async\" class=\"lazyloaded smush-image-8 smush-image-6 smush-image-7 smush-detected-img smush-image-bigger-6\" src=\"https:\/\/d26lpennugtm8s.cloudfront.net\/assets\/common\/img\/logos\/payment\/amex@2x.png\" width=\"43\" height=\"27\" data-src=\"https:\/\/d26lpennugtm8s.cloudfront.net\/assets\/common\/img\/logos\/payment\/amex@2x.png\" \/><img loading=\"lazy\" decoding=\"async\" class=\"lazyloaded smush-image-9 smush-image-7 smush-image-8 smush-detected-img smush-image-bigger-7\" src=\"https:\/\/d26lpennugtm8s.cloudfront.net\/assets\/common\/img\/logos\/payment\/diners@2x.png\" width=\"46\" height=\"29\" data-src=\"https:\/\/d26lpennugtm8s.cloudfront.net\/assets\/common\/img\/logos\/payment\/diners@2x.png\" \/><img loading=\"lazy\" decoding=\"async\" class=\"lazyloaded smush-image-10 smush-image-8 smush-image-9 alignnone smush-detected-img smush-image-bigger-8\" src=\"https:\/\/d26lpennugtm8s.cloudfront.net\/assets\/common\/img\/logos\/payment\/br\/elo@2x.png\" alt=\"portf\u00f3lio unopar anhanguera\" width=\"45\" height=\"28\" data-src=\"https:\/\/d26lpennugtm8s.cloudfront.net\/assets\/common\/img\/logos\/payment\/br\/elo@2x.png\" \/><img loading=\"lazy\" decoding=\"async\" class=\"lazyloaded smush-image-11 smush-image-9 smush-image-10 alignnone smush-detected-img smush-image-bigger-9\" src=\"https:\/\/d26lpennugtm8s.cloudfront.net\/assets\/common\/img\/logos\/payment\/br\/hipercard@2x.png\" alt=\"portf\u00f3lio unopar anhanguera\" width=\"44\" height=\"28\" data-src=\"https:\/\/d26lpennugtm8s.cloudfront.net\/assets\/common\/img\/logos\/payment\/br\/hipercard@2x.png\" \/><img loading=\"lazy\" decoding=\"async\" class=\"lazyloaded smush-image-12 smush-image-10 smush-image-11 alignnone smush-detected-img smush-image-bigger-10\" src=\"https:\/\/d26lpennugtm8s.cloudfront.net\/assets\/common\/img\/logos\/payment\/mercadopago@2x.png\" alt=\"portf\u00f3lio unopar anhanguera\" width=\"45\" height=\"28\" data-src=\"https:\/\/d26lpennugtm8s.cloudfront.net\/assets\/common\/img\/logos\/payment\/mercadopago@2x.png\" \/><img loading=\"lazy\" decoding=\"async\" class=\"alignnone lazyloaded smush-detected-img smush-image-bigger-11\" src=\"https:\/\/futurium.com.br\/wp-content\/uploads\/2021\/06\/logo-pix-icone-512.png\" alt=\"portfolio pronto\" width=\"30\" height=\"30\" data-src=\"https:\/\/futurium.com.br\/wp-content\/uploads\/2021\/06\/logo-pix-icone-512.png\" \/><\/p>\n<\/div>\n<\/div>\n<\/div>\n","protected":false},"featured_media":30426,"template":"","meta":{"_seopress_robots_primary_cat":"none","_seopress_titles_title":"%%sitetitle%%","_seopress_titles_desc":"%%post_content%%","_seopress_robots_index":""},"product_cat":[15],"product_tag":[],"class_list":{"0":"post-30423","1":"product","2":"type-product","3":"status-publish","4":"has-post-thumbnail","6":"product_cat-uncategorized","8":"first","9":"instock","10":"downloadable","11":"virtual","12":"purchasable","13":"product-type-simple","14":"col-xs-6 col-sm-4","15":"col-mf-5","16":"un-5-cols"},"jetpack_sharing_enabled":true,"_links":{"self":[{"href":"https:\/\/portifolioos-prontos.com\/index.php\/wp-json\/wp\/v2\/product\/30423","targetHints":{"allow":["GET"]}}],"collection":[{"href":"https:\/\/portifolioos-prontos.com\/index.php\/wp-json\/wp\/v2\/product"}],"about":[{"href":"https:\/\/portifolioos-prontos.com\/index.php\/wp-json\/wp\/v2\/types\/product"}],"version-history":[{"count":0,"href":"https:\/\/portifolioos-prontos.com\/index.php\/wp-json\/wp\/v2\/product\/30423\/revisions"}],"wp:featuredmedia":[{"embeddable":true,"href":"https:\/\/portifolioos-prontos.com\/index.php\/wp-json\/wp\/v2\/media\/30426"}],"wp:attachment":[{"href":"https:\/\/portifolioos-prontos.com\/index.php\/wp-json\/wp\/v2\/media?parent=30423"}],"wp:term":[{"taxonomy":"product_cat","embeddable":true,"href":"https:\/\/portifolioos-prontos.com\/index.php\/wp-json\/wp\/v2\/product_cat?post=30423"},{"taxonomy":"product_tag","embeddable":true,"href":"https:\/\/portifolioos-prontos.com\/index.php\/wp-json\/wp\/v2\/product_tag?post=30423"}],"curies":[{"name":"wp","href":"https:\/\/api.w.org\/{rel}","templated":true}]}}