{"id":30502,"date":"2024-10-09T19:32:46","date_gmt":"2024-10-09T22:32:46","guid":{"rendered":"https:\/\/portifolioos-prontos.com\/?post_type=product&#038;p=30502"},"modified":"2025-08-03T17:54:55","modified_gmt":"2025-08-03T20:54:55","slug":"projeto-integrado-inovacao-gestao-do-agronegocio","status":"publish","type":"product","link":"https:\/\/portifolioos-prontos.com\/index.php\/product\/projeto-integrado-inovacao-gestao-do-agronegocio\/","title":{"rendered":"Projeto Integrado Inova\u00e7\u00e3o &#8211; Gest\u00e3o do Agroneg\u00f3cio"},"content":{"rendered":"<h5>Projeto Integrado Inova\u00e7\u00e3o &#8211; Gest\u00e3o do Agroneg\u00f3cio<\/h5>\n<p>SITUA\u00c7\u00c3O GERADORA DE APRENDIZAGEM<br \/>\nO agroneg\u00f3cio, que engloba a agricultura e a pecu\u00e1ria, impulsiona a economia do Brasil e tem<br \/>\npotencial para torn\u00e1-lo um dos maiores produtores agropecu\u00e1rios do mundo.<br \/>\nO pa\u00eds possui condi\u00e7\u00f5es favor\u00e1veis, como diversidade clim\u00e1tica e solos f\u00e9rteis ainda pouco<br \/>\nexplorados, que o colocam em posi\u00e7\u00e3o privilegiada para o desenvolvimento desse setor. Com o<br \/>\naumento da popula\u00e7\u00e3o mundial e a consequente demanda por alimentos, prev\u00ea-se que o Brasil se<br \/>\ntorne l\u00edder global na produ\u00e7\u00e3o de alimentos e commodities ligadas ao agroneg\u00f3cio, fortalecendo sua<br \/>\neconomia e impulsionando seu crescimento.<br \/>\nDesde pesquisas cient\u00edficas at\u00e9 a comercializa\u00e7\u00e3o, o agroneg\u00f3cio envolve uma cadeia<br \/>\nprodutiva interdependente. O sucesso futuro desse setor depende da capacidade dos produtores em<br \/>\nadotar tecnologias tanto de produ\u00e7\u00e3o quanto de gest\u00e3o. Nesse contexto, a estat\u00edstica desempenha<br \/>\num papel essencial, fornecendo as ferramentas necess\u00e1rias para analisar dados, prever tend\u00eancias,<br \/>\ngerenciar riscos e otimizar recursos, contribuindo assim para o crescimento sustent\u00e1vel e<br \/>\nPROJETO INTEGRADO<br \/>\nDIVIDUAL \u2013 PTI<br \/>\ncompetitivo do agroneg\u00f3cio brasileiro. Tamb\u00e9m a Pol\u00edtica Agr\u00edcola, deve ser pensada no vi\u00e9s social e<br \/>\ndo trabalho, para que pensemos uma realidade agr\u00e1ria menos desigual com refer\u00eancia \u00e0 riqueza do<br \/>\nque \u00e9 produzido no campo.<br \/>\n\u00c9 importante ressaltar que o agroneg\u00f3cio brasileiro abrange desde a produ\u00e7\u00e3o agr\u00edcola e<br \/>\npecu\u00e1ria at\u00e9 a comercializa\u00e7\u00e3o e transforma\u00e7\u00e3o dos produtos, envolvendo uma cadeia<br \/>\ninterdependente antes, dentro e depois da porteira. Todas essas etapas est\u00e3o interligadas e<br \/>\ndependem umas das outras para o sucesso do agroneg\u00f3cio como um todo. Portanto, pol\u00edticas<br \/>\np\u00fablicas, investimentos em pesquisa e desenvolvimento, incentivos \u00e0 ado\u00e7\u00e3o de tecnologias e<br \/>\npr\u00e1ticas sustent\u00e1veis, al\u00e9m de uma gest\u00e3o eficiente, s\u00e3o essenciais para impulsionar o setor e<br \/>\ngarantir sua sustentabilidade econ\u00f4mica, social e ambiental.<br \/>\nPROPOSTA PARA ATIVIDADE<br \/>\nA cadeia produtiva do algod\u00e3o se destaca tanto na economia interna, como externa. Sob o<br \/>\nponto de vista do mercado brasileiro, a cotonicultura e a ind\u00fastria t\u00eaxtil do pa\u00eds apresentam uma<br \/>\nrela\u00e7\u00e3o estreita de interdepend\u00eancia, uma vez que a presen\u00e7a de uma ind\u00fastria nacional forte<br \/>\napresenta benef\u00edcios para a produ\u00e7\u00e3o de algod\u00e3o. Ainda, a produ\u00e7\u00e3o t\u00eaxtil fornece empregos e<br \/>\naumenta o poder de compra favorecendo o consumo das fibras de algod\u00e3o internamente. Por outro<br \/>\nlado, sob o ponto de vista da din\u00e2mica mundial, apesar de o Brasil se estabelecer como um<br \/>\nimportante exportador da pluma, ocorre elevado custo de importa\u00e7\u00e3o de produtos t\u00eaxteis externos,<br \/>\nestimulado pela presen\u00e7a de altas taxas tribut\u00e1rias e fragilidade comercial brasileira. Logo, o Brasil<br \/>\nexporta mat\u00e9ria-prima e importa produtos manufaturados.<br \/>\nDepois de concluir seu curso em Gest\u00e3o do Agroneg\u00f3cio, voc\u00ea foi contratado pela empresa<br \/>\nAgro Solutions para conduzir um estudo sobre a cadeia produtiva do algodoeiro. Seu objetivo \u00e9<br \/>\nidentificar estrat\u00e9gias para agregar valor ao produto, visando aumentar a competitividade desse<br \/>\nsegmento e gerar mais lucros para os produtores. Para isso voc\u00ea dever\u00e1 criar um relat\u00f3rio que<br \/>\ncontenha um estudo sobre a cadeia produtiva do algodoeiro.<br \/>\nORIENTA\u00c7\u00d5ES<br \/>\nPROJETO INTEGRADO<br \/>\nDIVIDUAL \u2013 PTI<br \/>\nPara a constru\u00e7\u00e3o do seu relat\u00f3rio voc\u00ea dever\u00e1 realizar as seguintes atividades:<br \/>\n<strong>ATIVIDADE 1<\/strong><br \/>\nPartindo da Situa\u00e7\u00e3o Geradora de Aprendizagem e da Proposta para atividade apresentada,<br \/>\nsabemos que o Brasil \u00e9 um grande produtor e exportador de commodities agr\u00edcolas, mas temos um<br \/>\nmercado a ser explorado ao agregarmos valor aos produtos. Usando o exemplo do algodoeiro,<br \/>\nobservamos que \u00e9 poss\u00edvel agregar valor aos produtos para produ\u00e7\u00e3o de diferentes materiais.<br \/>\nEscreva sobre esta quest\u00e3o da agrega\u00e7\u00e3o de valor e qual seria a melhor alternativa para o Brasil.<br \/>\nUtilize ao menos 3 (tr\u00eas) cita\u00e7\u00f5es diretas e curtas (e n\u00e3o se esque\u00e7a de referenciar ao final!).<br \/>\n<strong>ATIVIDADE 2<\/strong><br \/>\nCom o objetivo de analisar a produ\u00e7\u00e3o de algod\u00e3o em caro\u00e7o no Brasil, voc\u00ea conduziu uma<br \/>\npesquisa abrangendo o per\u00edodo de 2015 a 2021. Durante esse intervalo, voc\u00ea coletou dados sobre a<br \/>\nquantidade total de algod\u00e3o em caro\u00e7o produzida no pa\u00eds. Essa investiga\u00e7\u00e3o visa compreender as<br \/>\ntend\u00eancias de crescimento, da produ\u00e7\u00e3o dessa importante commodity agr\u00edcola. Os dados coletados<br \/>\nencontram-se na tabela que segue:<br \/>\nAno<br \/>\nProdu\u00e7\u00e3o (toneladas)<br \/>\n(multiplicar o valor por 1000)<br \/>\n2015 4,007<br \/>\n2016 3,464<br \/>\n2017 3,843<br \/>\n2018 4,956<br \/>\n2019 6,893<br \/>\n2020 7,090<br \/>\n2021 6,279<br \/>\nFonte: Dados adaptados do Portal Embrapa (https:\/\/encurtador.com.br\/gjnpM acesso 24 abr.2024)<br \/>\nCom base nesses dados voc\u00ea deve apresentar uma previs\u00e3o de quantas toneladas de algod\u00e3o<br \/>\nem caro\u00e7o ser\u00e1 produzida no ano de 2025. Para facilitar os c\u00e1lculos considere a vari\u00e1vel tempo, ao<br \/>\ninv\u00e9s de ano, ou seja, o ano de 2015 corresponde ao tempo 0 e assim por diante, conforme ilustra a<br \/>\ntabela que segue.<br \/>\nPROJETO INTEGRADO<br \/>\nDIVIDUAL \u2013 PTI<br \/>\nAno<br \/>\nTempo Produ\u00e7\u00e3o (toneladas)<br \/>\n(multiplicar o valor por 1000)<br \/>\n2015 0 4,007<br \/>\n2016 1 3,464<br \/>\n2017 2 3,843<br \/>\n2018 3 4,956<br \/>\n2019 4 6,893<br \/>\n2020 5 7,090<br \/>\n2021 6 6,279<br \/>\nFonte: Dados adaptados do Portal Embrapa (https:\/\/encurtador.com.br\/gjnpM acesso 24 abr.2024)<br \/>\nObserva\u00e7\u00e3o: Para realizar a previs\u00e3o da produ\u00e7\u00e3o algod\u00e3o para o ano de 2025 voc\u00ea deve<br \/>\nrealizar uma regress\u00e3o linear considerando as vari\u00e1veis tempo e produ\u00e7\u00e3o. Lembre-se que o ano de<br \/>\n2025 corresponde ao tempo 10.<br \/>\nREFER\u00caNCIAS PARA ATIVIDADE:<br \/>\nLARSON, Roland Edwin; FARBER, Betsy. Estat\u00edstica aplicada. 6. ed. S\u00e3o Paulo: Pearson, 2015. E-book.<br \/>\nDispon\u00edvel em: https:\/\/plataforma.bvirtual.com.br. Acesso em: 24 abr. 2024.<br \/>\nCRESPO, Ant\u00f4nio A. Estat\u00edstica f\u00e1cil. Editora Saraiva, 2009. E-book. ISBN 9788502122345. Dispon\u00edvel<br \/>\nem: https:\/\/integrada.minhabiblioteca.com.br\/#\/books\/9788502122345\/ . Acesso em: 24 abr. 2024.<br \/>\n<strong>ATIVIDADE 3<\/strong><br \/>\nA Pol\u00edtica Agr\u00edcola apoia a resolu\u00e7\u00e3o das situa\u00e7\u00f5es enfrentadas pelos produtores de algod\u00e3o<br \/>\nno Brasil? Qual a import\u00e2ncia da Lei agr\u00edcola, a Lei Federal 8.171\/1991 que \u00e9 um dos principais<br \/>\nordenamentos jur\u00eddicos acerca da pol\u00edtica rural nacional?<br \/>\nObserva\u00e7\u00f5es: Responda aos questionamentos dessa parte da Atividade de maneira<br \/>\ndiscursiva e com os argumentos da Disciplina de Pol\u00edtica Agr\u00edcola de forma integrada ao contexto do<br \/>\ntrabalho. N\u00e3o se esque\u00e7a das refer\u00eancias trabalhadas na pr\u00f3pria Disciplina. \u00d3timos estudos!<br \/>\n<strong>ATIVIDADE 4<\/strong><br \/>\nDeve-se analisar os diferentes aspectos econ\u00f4micos envolvidos na cadeia produtiva do<br \/>\nalgodoeiro, considerando as etapas &#8220;antes da porteira&#8221;, &#8220;dentro da porteira&#8221; e &#8220;depois da porteira&#8221;,<br \/>\ne propor estrat\u00e9gias para agregar valor ao produto e aumentar a competitividade do segmento. Para<br \/>\nisso, voc\u00ea deve elaborar um relat\u00f3rio que contenha uma an\u00e1lise detalhada de cada etapa da cadeia<br \/>\nprodutiva do algodoeiro, respondendo os questionamentos a seguir:<br \/>\nAntes da porteira:<br \/>\n\u2022 Pesquise e identifique os fatores econ\u00f4micos que influenciam a produ\u00e7\u00e3o de algod\u00e3o<br \/>\nantes da porteira. Isso pode incluir aspectos como pol\u00edticas agr\u00edcolas, condi\u00e7\u00f5es<br \/>\nclim\u00e1ticas, disponibilidade de terras e m\u00e3o de obra, custos de produ\u00e7\u00e3o, subs\u00eddios<br \/>\ngovernamentais, entre outros.<br \/>\n\u2022 Analise como esses fatores impactam os custos de produ\u00e7\u00e3o e a competitividade dos<br \/>\nprodutores de algod\u00e3o.<br \/>\n\u2022 Identifique poss\u00edveis estrat\u00e9gias para otimizar os recursos dispon\u00edveis e reduzir os<br \/>\ncustos antes da porteira.<br \/>\nDentro da porteira:<br \/>\n\u2022 Explore os aspectos econ\u00f4micos relacionados \u00e0 produ\u00e7\u00e3o propriamente dita do<br \/>\nalgod\u00e3o, incluindo t\u00e9cnicas de cultivo, uso de tecnologia, produtividade, efici\u00eancia<br \/>\nno uso de insumos, entre outros.<br \/>\n\u2022 Avalie como a efici\u00eancia operacional dentro da porteira afeta os custos de produ\u00e7\u00e3o<br \/>\ne a qualidade do produto final.<br \/>\n\u2022 Proponha medidas para aumentar a efici\u00eancia produtiva e reduzir os custos dentro<br \/>\nda porteira, mantendo ou melhorando a qualidade do algod\u00e3o produzido.<br \/>\nDepois da porteira:<br \/>\n\u2022 Investigue os aspectos econ\u00f4micos relacionados \u00e0 comercializa\u00e7\u00e3o e industrializa\u00e7\u00e3o<br \/>\ndo algod\u00e3o, incluindo log\u00edstica, mercado nacional e internacional, pol\u00edticas de<br \/>\ncom\u00e9rcio exterior, custos de transporte e armazenamento, entre outros.<br \/>\n\u2022 Analise como a comercializa\u00e7\u00e3o e industrializa\u00e7\u00e3o afetam os pre\u00e7os e a rentabilidade<br \/>\ndos produtores de algod\u00e3o.<br \/>\nPROJETO INTEGRADO<br \/>\nDIVIDUAL \u2013 PTI<br \/>\n\u2022 Sugira estrat\u00e9gias para agregar valor ao produto final e explorar novos mercados,<br \/>\nconsiderando as oportunidades e desafios do mercado global.<br \/>\nObserva\u00e7\u00e3o: Voc\u00ea pode utilizar fontes como artigos cient\u00edficos, relat\u00f3rios governamentais, dados de<br \/>\ninstitui\u00e7\u00f5es de pesquisa e informa\u00e7\u00f5es do mercado para embasar suas an\u00e1lises e propostas.<br \/>\n<strong>ATIVIDADE 5<\/strong><br \/>\nA cadeia produtiva do algodoeiro pode ter uma s\u00e9rie de impactos ambientais significativos,<br \/>\ncomo, por exemplo, o algod\u00e3o \u00e9 uma cultura agr\u00edcola intensiva que requer grandes quantidades de<br \/>\n\u00e1gua para crescer, o que pode levar \u00e0 escassez de \u00e1gua em regi\u00f5es onde \u00e9 cultivado. Pensando na<br \/>\nGest\u00e3o Ambiental da atividade, levante os principais impactos ambientais decorrentes da atividade<br \/>\ne indique algumas solu\u00e7\u00f5es que podem ser empregadas para mitigar esses impactos<\/p>\n<div class=\"elementor-toggle-item\">\n<div class=\"elementor-toggle-item\">\n<p id=\"elementor-tab-title-1941\" class=\"elementor-tab-title elementor-active\" tabindex=\"0\" role=\"tab\" data-tab=\"1\" aria-controls=\"elementor-tab-content-1941\" aria-expanded=\"true\" aria-selected=\"true\"><strong>Como funciona?<\/strong><\/p>\n<p>Elaboramos os portf\u00f3lios, j\u00e1 deixamos prontos, nas normas da ABNT e conforme os requisitos da universidade. F\u00e1cil assim! O MELHOR \u00c9 QUE VOC\u00ca COMPRA E J\u00c1 BAIXA NA HORA O SEU ARQUIVO EM WORD! Sabemos que conciliar trabalho, fam\u00edlia, vida profissional e estudos \u00e9 dif\u00edcil hoje em dia, por isso, estamos aqui para ajudar voc\u00ea. Conte com nossa qualidade, experi\u00eancia e profissionalismo adquirindo seu portf\u00f3lio conosco. GARANTIMOS SEU CONCEITO!<\/p>\n<p><strong>Como se realizam os envios?<\/strong><\/p>\n<\/div>\n<p id=\"elementor-tab-content-1942\" class=\"elementor-tab-content elementor-clearfix elementor-active\" role=\"tabpanel\" data-tab=\"2\" aria-labelledby=\"elementor-tab-title-1942\">O seu trabalho \u00e9 disponibilizado pronto, respondido e nas normas j\u00e1 na mesma hora aqui em nosso site na sua \u00e1rea de downloads e tamb\u00e9m no seu e-mail.<\/p>\n<p><strong>Em quanto tempo recebo o portf\u00f3lio?<\/strong><\/p>\n<p>Os envios s\u00e3o imediatos. Ap\u00f3s sua compra, o trabalho j\u00e1 \u00e9 disponibilizado instantaneamente aqui em nosso site e no seu e-mail.<\/p>\n<p><strong>E se o portf\u00f3lio que comprei precisar de corre\u00e7\u00e3o?<\/strong><\/p>\n<p>Caso haja alguma solicita\u00e7\u00e3o de corre\u00e7\u00e3o\/altera\u00e7\u00e3o por parte do tutor, basta entrar em contato conosco pelo\u00a0WhatsApp\u00a0que provid\u00eanciaremos sem custo algum.<\/p>\n<p><strong>Qual o formato do arquivo?<\/strong><\/p>\n<p>Os arquivos s\u00e3o enviados em formato Word e s\u00e3o edit\u00e1veis.<\/p>\n<p><strong>Caso eu tiver alguma d\u00favida, terei suporte no p\u00f3s venda?<\/strong><\/p>\n<p>Sim, com certeza. Basta clicar no \u00edcone do WhatsApp no cantinho da tela. Ser\u00e1 um prazer atend\u00ea-lo(a).<\/p>\n<div id=\"elementor-tab-content-1948\" class=\"elementor-tab-content elementor-clearfix elementor-active\" role=\"tabpanel\" data-tab=\"8\" aria-labelledby=\"elementor-tab-title-1948\">\n<p><strong>Quais os seus canais de contato?<\/strong><\/p>\n<\/div>\n<div id=\"elementor-tab-content-1949\" class=\"elementor-tab-content elementor-clearfix elementor-active\" role=\"tabpanel\" data-tab=\"9\" aria-labelledby=\"elementor-tab-title-1949\">\n<p>Whatsapp: 53 984751621 \u2013 Clicar no canto da tela ou ESCANEIE O QRCODE ABAIXO<\/p>\n<h4><img decoding=\"async\" class=\"alignnone wp-image-13699 jetpack-lazy-image jetpack-lazy-image--handled\" src=\"https:\/\/i0.wp.com\/portifolioos-prontos.com\/wp-content\/uploads\/2023\/02\/whatsapp-business-projeto-de-extensao-300x300.jpeg?resize=144%2C144\" sizes=\"(max-width: 144px) 100vw, 144px\" srcset=\"https:\/\/i0.wp.com\/portifolioos-prontos.com\/wp-content\/uploads\/2023\/02\/whatsapp-business-projeto-de-extensao.jpeg?resize=300%2C301&amp;ssl=1 300w, https:\/\/i0.wp.com\/portifolioos-prontos.com\/wp-content\/uploads\/2023\/02\/whatsapp-business-projeto-de-extensao.jpeg?resize=150%2C150&amp;ssl=1 150w, https:\/\/i0.wp.com\/portifolioos-prontos.com\/wp-content\/uploads\/2023\/02\/whatsapp-business-projeto-de-extensao.jpeg?resize=370%2C372&amp;ssl=1 370w, https:\/\/i0.wp.com\/portifolioos-prontos.com\/wp-content\/uploads\/2023\/02\/whatsapp-business-projeto-de-extensao.jpeg?resize=100%2C100&amp;ssl=1 100w, https:\/\/i0.wp.com\/portifolioos-prontos.com\/wp-content\/uploads\/2023\/02\/whatsapp-business-projeto-de-extensao.jpeg?w=470&amp;ssl=1 470w\" alt=\"projeto de extens\u00e3o unopar\" width=\"144\" height=\"144\" data-lazy-loaded=\"1\" \/><\/h4>\n<\/div>\n<div class=\"elementor-toggle-item\">\n<div id=\"elementor-tab-content-1949\" class=\"elementor-tab-content elementor-clearfix elementor-active\" role=\"tabpanel\" data-tab=\"9\" aria-labelledby=\"elementor-tab-title-1949\">\n<p>E-mail:portifoliosp@gmail.com<\/p>\n<div id=\"attachment_143\" class=\"wp-caption alignnone\">\n<div id=\"attachment_143\" class=\"wp-caption alignnone\">\n<p id=\"caption-attachment-143\" class=\"wp-caption-text\"><a href=\"http:\/\/portfolio-pronto.com\/\">Portf\u00f3lio<\/a>\u00a0em Word, respondido, completo e j\u00e1 nas normas<\/p>\n<\/div>\n<\/div>\n<\/div>\n<\/div>\n<\/div>\n","protected":false},"excerpt":{"rendered":"<div class=\"product-short-description\">\n<div class=\"product-short-description\">\n<p><strong>Pague pelo PIX ou cart\u00e3o e fa\u00e7a o download agora mesmo.<\/strong><\/p>\n<\/div>\n<div class=\"sticky-add-to-cart-wrapper\">\n<div class=\"sticky-add-to-cart\">\n<p class=\"quantity buttons_added form-flat\"><img decoding=\"async\" class=\"lazyloaded smush-image-5 smush-image-3 smush-image-4 smush-detected-img smush-image-bigger-3\" src=\"https:\/\/d26lpennugtm8s.cloudfront.net\/assets\/common\/img\/logos\/payment\/visa@2x.png\" width=\"46\" height=\"29\" data-src=\"https:\/\/d26lpennugtm8s.cloudfront.net\/assets\/common\/img\/logos\/payment\/visa@2x.png\" \/><img decoding=\"async\" class=\"lazyloaded smush-image-6 smush-image-4 smush-image-5 smush-detected-img smush-image-bigger-4\" src=\"https:\/\/d26lpennugtm8s.cloudfront.net\/assets\/common\/img\/logos\/payment\/boleto@2x.png\" width=\"43\" height=\"27\" data-src=\"https:\/\/d26lpennugtm8s.cloudfront.net\/assets\/common\/img\/logos\/payment\/boleto@2x.png\" \/><img loading=\"lazy\" decoding=\"async\" class=\"lazyloaded smush-image-7 smush-image-5 smush-image-6 smush-detected-img smush-image-bigger-5\" src=\"https:\/\/d26lpennugtm8s.cloudfront.net\/assets\/common\/img\/logos\/payment\/mastercard@2x.png\" width=\"43\" height=\"27\" data-src=\"https:\/\/d26lpennugtm8s.cloudfront.net\/assets\/common\/img\/logos\/payment\/mastercard@2x.png\" \/><img loading=\"lazy\" decoding=\"async\" class=\"lazyloaded smush-image-8 smush-image-6 smush-image-7 smush-detected-img smush-image-bigger-6\" src=\"https:\/\/d26lpennugtm8s.cloudfront.net\/assets\/common\/img\/logos\/payment\/amex@2x.png\" width=\"43\" height=\"27\" data-src=\"https:\/\/d26lpennugtm8s.cloudfront.net\/assets\/common\/img\/logos\/payment\/amex@2x.png\" \/><img loading=\"lazy\" decoding=\"async\" class=\"lazyloaded smush-image-9 smush-image-7 smush-image-8 smush-detected-img smush-image-bigger-7\" src=\"https:\/\/d26lpennugtm8s.cloudfront.net\/assets\/common\/img\/logos\/payment\/diners@2x.png\" width=\"46\" height=\"29\" data-src=\"https:\/\/d26lpennugtm8s.cloudfront.net\/assets\/common\/img\/logos\/payment\/diners@2x.png\" \/><img loading=\"lazy\" decoding=\"async\" class=\"lazyloaded smush-image-10 smush-image-8 smush-image-9 alignnone smush-detected-img smush-image-bigger-8\" src=\"https:\/\/d26lpennugtm8s.cloudfront.net\/assets\/common\/img\/logos\/payment\/br\/elo@2x.png\" alt=\"portf\u00f3lio unopar anhanguera\" width=\"45\" height=\"28\" data-src=\"https:\/\/d26lpennugtm8s.cloudfront.net\/assets\/common\/img\/logos\/payment\/br\/elo@2x.png\" \/><img loading=\"lazy\" decoding=\"async\" class=\"lazyloaded smush-image-11 smush-image-9 smush-image-10 alignnone smush-detected-img smush-image-bigger-9\" src=\"https:\/\/d26lpennugtm8s.cloudfront.net\/assets\/common\/img\/logos\/payment\/br\/hipercard@2x.png\" alt=\"portf\u00f3lio unopar anhanguera\" width=\"44\" height=\"28\" data-src=\"https:\/\/d26lpennugtm8s.cloudfront.net\/assets\/common\/img\/logos\/payment\/br\/hipercard@2x.png\" \/><img loading=\"lazy\" decoding=\"async\" class=\"lazyloaded smush-image-12 smush-image-10 smush-image-11 alignnone smush-detected-img smush-image-bigger-10\" src=\"https:\/\/d26lpennugtm8s.cloudfront.net\/assets\/common\/img\/logos\/payment\/mercadopago@2x.png\" alt=\"portf\u00f3lio unopar anhanguera\" width=\"45\" height=\"28\" data-src=\"https:\/\/d26lpennugtm8s.cloudfront.net\/assets\/common\/img\/logos\/payment\/mercadopago@2x.png\" \/><img loading=\"lazy\" decoding=\"async\" class=\"alignnone lazyloaded smush-detected-img smush-image-bigger-11\" src=\"https:\/\/futurium.com.br\/wp-content\/uploads\/2021\/06\/logo-pix-icone-512.png\" alt=\"portfolio pronto\" width=\"30\" height=\"30\" data-src=\"https:\/\/futurium.com.br\/wp-content\/uploads\/2021\/06\/logo-pix-icone-512.png\" \/><\/p>\n<\/div>\n<\/div>\n<\/div>\n","protected":false},"featured_media":30505,"template":"","meta":{"_seopress_robots_primary_cat":"none","_seopress_titles_title":"%%post_title%% %%sitetitle%%","_seopress_titles_desc":"%%post_content%%","_seopress_robots_index":""},"product_cat":[63,764,15],"product_tag":[],"class_list":{"0":"post-30502","1":"product","2":"type-product","3":"status-publish","4":"has-post-thumbnail","6":"product_cat-agronegocio","7":"product_cat-projeto-integrado-inovacao-gestao","8":"product_cat-uncategorized","10":"first","11":"instock","12":"downloadable","13":"virtual","14":"purchasable","15":"product-type-simple","16":"col-xs-6 col-sm-4","17":"col-mf-5","18":"un-5-cols"},"jetpack_sharing_enabled":true,"_links":{"self":[{"href":"https:\/\/portifolioos-prontos.com\/index.php\/wp-json\/wp\/v2\/product\/30502","targetHints":{"allow":["GET"]}}],"collection":[{"href":"https:\/\/portifolioos-prontos.com\/index.php\/wp-json\/wp\/v2\/product"}],"about":[{"href":"https:\/\/portifolioos-prontos.com\/index.php\/wp-json\/wp\/v2\/types\/product"}],"version-history":[{"count":0,"href":"https:\/\/portifolioos-prontos.com\/index.php\/wp-json\/wp\/v2\/product\/30502\/revisions"}],"wp:featuredmedia":[{"embeddable":true,"href":"https:\/\/portifolioos-prontos.com\/index.php\/wp-json\/wp\/v2\/media\/30505"}],"wp:attachment":[{"href":"https:\/\/portifolioos-prontos.com\/index.php\/wp-json\/wp\/v2\/media?parent=30502"}],"wp:term":[{"taxonomy":"product_cat","embeddable":true,"href":"https:\/\/portifolioos-prontos.com\/index.php\/wp-json\/wp\/v2\/product_cat?post=30502"},{"taxonomy":"product_tag","embeddable":true,"href":"https:\/\/portifolioos-prontos.com\/index.php\/wp-json\/wp\/v2\/product_tag?post=30502"}],"curies":[{"name":"wp","href":"https:\/\/api.w.org\/{rel}","templated":true}]}}