{"id":30977,"date":"2024-10-18T16:18:11","date_gmt":"2024-10-18T19:18:11","guid":{"rendered":"https:\/\/portifolioos-prontos.com\/?post_type=product&#038;p=30977"},"modified":"2024-10-27T15:36:51","modified_gmt":"2024-10-27T18:36:51","slug":"atividade-pratica-projeto-de-design-de-interiores-comerciais-e-servicos","status":"publish","type":"product","link":"https:\/\/portifolioos-prontos.com\/index.php\/product\/atividade-pratica-projeto-de-design-de-interiores-comerciais-e-servicos\/","title":{"rendered":"Atividade pr\u00e1tica Projeto de Design de Interiores Comerciais e Servi\u00e7os"},"content":{"rendered":"<h5>Atividade pr\u00e1tica Projeto de Design de Interiores Comerciais e Servi\u00e7os<\/h5>\n<p>Atividade pr\u00e1tica Projeto de Design de Interiores Comerciais e Servi\u00e7os<\/p>\n<p>O B J E T I V O S<br \/>\nA proposta desta atividade pr\u00e1tica possui os seguintes objetivos:<br \/>\n&#8211; Conhecer o briefing com as caracter\u00edsticas e necessidades do cliente e do usu\u00e1rio;<br \/>\n&#8211; Desenvolver material gr\u00e1fico e textual para o painel conceitual;<br \/>\n&#8211; Desenvolver material de desenho para projeto;<br \/>\n&#8211; Desenvolver tabela de materiais de acabamento.<br \/>\nR E C U R S O S<br \/>\nMat\u00e9ria de desenho e Computador com acesso \u00e0 internet e ao ambiente virtual.<br \/>\nP R O C E D I M E N T O S P R \u00c1 T I C O S<br \/>\nAtividade proposta<br \/>\nPROJETO DE INTERIORES PARA CONSULT\u00d3RIO DE PSICOLOGIA (recep\u00e7\u00e3o, copa, instala\u00e7\u00e3o<br \/>\nsanit\u00e1ria, circula\u00e7\u00e3o, sala de atendimento 1 e sala de atendimento 2).<br \/>\nProcedimentos para a realiza\u00e7\u00e3o da atividade<br \/>\nEsta atividade ser\u00e1 dividida em algumas tarefas, para ter como produto o PROJETO DE<br \/>\nINTERIORES PARA CONSULT\u00d3RIO DE PSICOLOGIA (recep\u00e7\u00e3o, copa, instala\u00e7\u00e3o sanit\u00e1ria,<br \/>\ncircula\u00e7\u00e3o, sala de atendimento 1 e sala de atendimento 2). A cliente possui uma sala comercial<br \/>\nem um edif\u00edcio comercial (conforme imagem):<br \/>\nFonte: https:\/\/www.favoretoconstrutora.com.br\/portfolio\/767\/duquehall#&amp;gid=null&amp;pid=5<br \/>\nEla, psicol\u00f3ga, atua no ramo da Psican\u00e1lise, tem 30 anos e tem a inten\u00e7\u00e3o de uma sala que<br \/>\ntransmita a id\u00e9ia de credibilidade, seguran\u00e7a e conforto, ainda que seja necess\u00e1rio dispor de<br \/>\num espa\u00e7o para atendimento infantil. A segunda sala, ser\u00e1 utilizada para subloca\u00e7\u00e3o, e visa a<br \/>\ncomposi\u00e7\u00e3o de um espa\u00e7o para a atua\u00e7\u00e3o da Psicologia Comportamental, e busca por um<br \/>\nespa\u00e7o atemporal, e multifuncionais, haja visto que n\u00e3o h\u00e1 um \u00fanico cliente para este espa\u00e7o.<br \/>\nPara a recep\u00e7\u00e3o, \u00e9 necess\u00e1rio propor \u00e1rea de espera para pelo menos 03 (tr\u00eas) pacientes e \u00e1rea<br \/>\npara caf\u00e9.<br \/>\n1) A partir do briefing, elabore um painel conceitual voc\u00ea pode construir um painel f\u00edsico ou<br \/>\ndigital, mas dever\u00e1 ser em tamanho A3, e poder\u00e1 ter 1 folha\/ prancha\/ slide.<br \/>\n2) Acesse o link que disponibiliza a planta baixa (e\/ou utilize a imagem constante na etapa<br \/>\nanterior) e desenhe\/redesenhe este ambiente para desenvolver o seu projeto.<br \/>\n3) Desenvolva o projeto a n\u00edvel de planta (layout) em escala 1\/25, para a proposta do projeto.<br \/>\nLembre-se que pode ser por meio de desenho a m\u00e3o ou em programa de desenho. Se tiver<br \/>\nrecursos e conhecimentos, construa uma perspectiva para que o cliente entenda a sua ideia,<br \/>\nquanto mais pr\u00f3ximo do real, melhor! Voc\u00ea pode utilizar o programa que mais tem<br \/>\nafinidade e conhecimento para a constru\u00e7\u00e3o desta tarefa. Esta tarefa dever\u00e1 ser em folha<br \/>\ntamanho A3, e poder\u00e1 ter at\u00e9 4 folhas\/pranchas\/ slides.<br \/>\n4) Elabore uma tabela de acabamento com todos os materiais e serem propostos no projeto a<br \/>\npartir das escolhas feitas no painel conceitual. Esta tarefa dever\u00e1 ser em folha tamanho A3,<br \/>\ne poder\u00e1 ter at\u00e9 2 folhas\/pranchas\/ slides.<br \/>\n5) Utilize os programas que tem habilidade para o desenvolvimento das tarefas.<br \/>\n6) Ap\u00f3s a constru\u00e7\u00e3o do projeto, voc\u00ea dever\u00e1 postar o material, contendo:<br \/>\n\uf0b7 Materiais conforme descritos nas tarefas 1 a 4, contendo at\u00e9 7 folhas\/ pranchas\/ slides<br \/>\nno tamanho A3 em PDF em um \u00fanico arquivo.<br \/>\nChecklist<br \/>\nPrincipais etapas para a completude da atividade pr\u00e1tica:<br \/>\n&#8211; Reflex\u00e3o sobre o cliente (briefing) para aplica\u00e7\u00e3o na proposta de projeto;<br \/>\n&#8211; Constru\u00e7\u00e3o de painel conceitual;<br \/>\n&#8211; Constru\u00e7\u00e3o de planta.<br \/>\n&#8211; Constru\u00e7\u00e3o da tabela de acabamento.<br \/>\nR E S U L T A D O<br \/>\n\uf0a7 Constru\u00e7\u00e3o de um painel conceitual para a proposta do cliente.<br \/>\n\uf0a7 Constru\u00e7\u00e3o de proposta de projeto (layout de mobili\u00e1rio e decora\u00e7\u00e3o de interiores).<br \/>\n\uf0a7 Se poss\u00edvel, constru\u00e7\u00e3o de perspectiva para apresentar para o cliente a proposta de<br \/>\nprojeto, facilitando assim seu entendimento.<br \/>\n\uf0a7 Constru\u00e7\u00e3o de uma tabela de acabamentos (dimensional e est\u00e9tica) conforme na<br \/>\nproposta de projeto (planta de layout), adotando as medidas dos m\u00f3veis escolhidos<br \/>\npara que a tabela de especifica\u00e7\u00e3o de produtos e materiais esteja coerente com o<br \/>\nprojeto de layout.<br \/>\n\uf0a7 Entrega de um arquivo em PDF, arquivo \u00fanico, com a identifica\u00e7\u00e3o do aluno, que<br \/>\ncontemple todas as etapas da atividade pr\u00e1tica.<\/p>\n","protected":false},"excerpt":{"rendered":"<div class=\"product-short-description\">\n<h5><strong>Pague pelo PIX ou cart\u00e3o e fa\u00e7a o download agora mesmo.<\/strong><\/h5>\n<\/div>\n<div class=\"sticky-add-to-cart-wrapper\">\n<div class=\"sticky-add-to-cart\">\n<div class=\"quantity buttons_added form-flat\"><img decoding=\"async\" class=\"alignnone wp-image-761 lazyloaded smush-image-4 smush-image-8 smush-detected-img smush-image-2\" src=\"https:\/\/portifolioos-prontos.com\/wp-content\/uploads\/2022\/04\/PIX-300x107.webp\" alt=\"\" width=\"78\" height=\"28\" data-src=\"https:\/\/portifolioos-prontos.com\/wp-content\/uploads\/2022\/04\/PIX-300x107.webp\" \/>\u00a0\u00a0<img decoding=\"async\" class=\"lazyloaded smush-image-5 smush-image-9 smush-detected-img smush-image-3\" src=\"https:\/\/d26lpennugtm8s.cloudfront.net\/assets\/common\/img\/logos\/payment\/visa@2x.png\" width=\"46\" height=\"29\" data-src=\"https:\/\/d26lpennugtm8s.cloudfront.net\/assets\/common\/img\/logos\/payment\/visa@2x.png\" \/><img decoding=\"async\" class=\"lazyloaded smush-image-6 smush-image-10 smush-detected-img smush-image-4\" src=\"https:\/\/d26lpennugtm8s.cloudfront.net\/assets\/common\/img\/logos\/payment\/boleto@2x.png\" width=\"43\" height=\"27\" data-src=\"https:\/\/d26lpennugtm8s.cloudfront.net\/assets\/common\/img\/logos\/payment\/boleto@2x.png\" \/><img loading=\"lazy\" decoding=\"async\" class=\"lazyloaded smush-image-7 smush-image-11 smush-detected-img smush-image-5\" src=\"https:\/\/d26lpennugtm8s.cloudfront.net\/assets\/common\/img\/logos\/payment\/mastercard@2x.png\" width=\"43\" height=\"27\" data-src=\"https:\/\/d26lpennugtm8s.cloudfront.net\/assets\/common\/img\/logos\/payment\/mastercard@2x.png\" \/><img loading=\"lazy\" decoding=\"async\" class=\"lazyloaded smush-image-8 smush-image-12 smush-detected-img smush-image-6\" src=\"https:\/\/d26lpennugtm8s.cloudfront.net\/assets\/common\/img\/logos\/payment\/amex@2x.png\" width=\"43\" height=\"27\" data-src=\"https:\/\/d26lpennugtm8s.cloudfront.net\/assets\/common\/img\/logos\/payment\/amex@2x.png\" \/><img loading=\"lazy\" decoding=\"async\" class=\"lazyloaded smush-image-9 smush-image-13 smush-detected-img smush-image-7\" src=\"https:\/\/d26lpennugtm8s.cloudfront.net\/assets\/common\/img\/logos\/payment\/diners@2x.png\" width=\"46\" height=\"29\" data-src=\"https:\/\/d26lpennugtm8s.cloudfront.net\/assets\/common\/img\/logos\/payment\/diners@2x.png\" \/><img loading=\"lazy\" decoding=\"async\" class=\"lazyloaded smush-image-10 smush-image-14 smush-detected-img smush-image-8\" src=\"https:\/\/d26lpennugtm8s.cloudfront.net\/assets\/common\/img\/logos\/payment\/br\/elo@2x.png\" width=\"45\" height=\"28\" data-src=\"https:\/\/d26lpennugtm8s.cloudfront.net\/assets\/common\/img\/logos\/payment\/br\/elo@2x.png\" \/><img loading=\"lazy\" decoding=\"async\" class=\"lazyloaded smush-image-11 smush-image-15 smush-detected-img smush-image-9\" src=\"https:\/\/d26lpennugtm8s.cloudfront.net\/assets\/common\/img\/logos\/payment\/br\/hipercard@2x.png\" width=\"44\" height=\"28\" data-src=\"https:\/\/d26lpennugtm8s.cloudfront.net\/assets\/common\/img\/logos\/payment\/br\/hipercard@2x.png\" \/><img loading=\"lazy\" decoding=\"async\" class=\"lazyloaded smush-image-12 smush-image-16 smush-detected-img smush-image-10\" src=\"https:\/\/d26lpennugtm8s.cloudfront.net\/assets\/common\/img\/logos\/payment\/mercadopago@2x.png\" width=\"45\" height=\"28\" data-src=\"https:\/\/d26lpennugtm8s.cloudfront.net\/assets\/common\/img\/logos\/payment\/mercadopago@2x.png\" \/><\/div>\n<\/div>\n<\/div>\n","protected":false},"featured_media":30980,"template":"","meta":{"_seopress_robots_primary_cat":"none","_seopress_titles_title":"","_seopress_titles_desc":"","_seopress_robots_index":""},"product_cat":[15],"product_tag":[],"class_list":{"0":"post-30977","1":"product","2":"type-product","3":"status-publish","4":"has-post-thumbnail","6":"product_cat-uncategorized","8":"first","9":"instock","10":"downloadable","11":"virtual","12":"purchasable","13":"product-type-simple","14":"col-xs-6 col-sm-4","15":"col-mf-5","16":"un-5-cols"},"jetpack_sharing_enabled":true,"_links":{"self":[{"href":"https:\/\/portifolioos-prontos.com\/index.php\/wp-json\/wp\/v2\/product\/30977","targetHints":{"allow":["GET"]}}],"collection":[{"href":"https:\/\/portifolioos-prontos.com\/index.php\/wp-json\/wp\/v2\/product"}],"about":[{"href":"https:\/\/portifolioos-prontos.com\/index.php\/wp-json\/wp\/v2\/types\/product"}],"version-history":[{"count":0,"href":"https:\/\/portifolioos-prontos.com\/index.php\/wp-json\/wp\/v2\/product\/30977\/revisions"}],"wp:featuredmedia":[{"embeddable":true,"href":"https:\/\/portifolioos-prontos.com\/index.php\/wp-json\/wp\/v2\/media\/30980"}],"wp:attachment":[{"href":"https:\/\/portifolioos-prontos.com\/index.php\/wp-json\/wp\/v2\/media?parent=30977"}],"wp:term":[{"taxonomy":"product_cat","embeddable":true,"href":"https:\/\/portifolioos-prontos.com\/index.php\/wp-json\/wp\/v2\/product_cat?post=30977"},{"taxonomy":"product_tag","embeddable":true,"href":"https:\/\/portifolioos-prontos.com\/index.php\/wp-json\/wp\/v2\/product_tag?post=30977"}],"curies":[{"name":"wp","href":"https:\/\/api.w.org\/{rel}","templated":true}]}}