{"id":31086,"date":"2024-10-21T10:26:29","date_gmt":"2024-10-21T13:26:29","guid":{"rendered":"https:\/\/portifolioos-prontos.com\/?post_type=product&#038;p=31086"},"modified":"2025-08-30T14:22:44","modified_gmt":"2025-08-30T17:22:44","slug":"projeto-de-extensao-ii-marketing","status":"publish","type":"product","link":"https:\/\/portifolioos-prontos.com\/index.php\/product\/projeto-de-extensao-ii-marketing\/","title":{"rendered":"Projeto de Extens\u00e3o II &#8211; Marketing"},"content":{"rendered":"<h5>Projeto de Extens\u00e3o II &#8211; Marketing<\/h5>\n<p>Aluno: [Nome completo]<br \/>\nRA: [N\u00famero do RA do aluno]<br \/>\nPOLO \/ UNIDADE:<br \/>\nCURSO:<br \/>\nCST EM MARKETING<br \/>\nCOMPONENTE CURRICULAR:<br \/>\nPROJETO DE EXTENS\u00c3O II &#8211; MARKETING<br \/>\nPROGRAMA DE EXTENS\u00c3O:<br \/>\nPROGRAMA DE INOVA\u00c7\u00c3O E EMPREENDEDORISMO.<br \/>\nFINALIDADE E MOTIVA\u00c7\u00c3O:<br \/>\nOrientada pelo Programa de Inova\u00e7\u00e3o e Empreendedorismo, a extens\u00e3o<br \/>\nuniversit\u00e1ria do CST em Marketing possibilita que sejam oferecidas contribui\u00e7\u00f5es \u00e0<br \/>\nsolu\u00e7\u00e3o de problemas diversificados, presentes no contexto social, e ao<br \/>\ndesenvolvimento local ou regional, sendo que a inova\u00e7\u00e3o e o empreendedorismo<br \/>\nimpactam na economia e na produtividade dos neg\u00f3cios, dessa forma, levando \u00e0<br \/>\ncria\u00e7\u00e3o do novo saber e do desenvolvimento de compet\u00eancias e soft skills espec\u00edfica.<br \/>\nAs a\u00e7\u00f5es poder\u00e3o ser realizadas em locais diversos, como: Micro e Pequena<br \/>\nEmpresa, Estabelecimento de Microempreendedor (MEI), Associa\u00e7\u00e3o de Bairro,<br \/>\nAssocia\u00e7\u00e3o Comercial, Escola, Sebrae e Centro Comercial.<br \/>\nCOMPET\u00caNCIAS:<br \/>\nI &#8211; Utilizar novas tecnologias em a\u00e7\u00f5es do marketing;<br \/>\nII &#8211; Atuar em todas as dimens\u00f5es que envolvam a rela\u00e7\u00e3o com o consumidor on-line<br \/>\ne\/ou offline;<br \/>\nIII &#8211; Diagnosticar potenciais de mercado considerando oportunidades e amea\u00e7as.<br \/>\nPERFIL DO EGRESSO:<br \/>\nA IES idealizou um perfil do egresso para o CST em Marketing que permite a forma\u00e7\u00e3o<br \/>\ndo profissional que tenha como valores e pressupostos essenciais um perfil<br \/>\ngeneralista, cr\u00edtico, reflexivo, propositivo, human\u00edstico e din\u00e2mico, apto a agir<br \/>\neticamente, diagnosticando os ambientes externo e interno, para a tomada de<br \/>\ndecis\u00e3o e do estabelecimento de estrat\u00e9gias e objetivos, a fim de investigar inova\u00e7\u00f5es<br \/>\ne implement\u00e1-las nos processos estruturados e, atuando postura socialmente<br \/>\nrespons\u00e1vel, sendo que, pelas atividades extensionistas vinculadas ao Programa de<br \/>\nInova\u00e7\u00e3o e Empreendedorismo, esse egresso poder\u00e1 desenvolver habilidades, com<br \/>\n2<br \/>\ndom\u00ednio cient\u00edfico e intelectual, com capacidade para empreender no neg\u00f3cio e na<br \/>\nsua carreira, conduzir atividades do processo gerencial e aquelas referentes \u00e0<br \/>\ncompreens\u00e3o da realidade social, cultural e econ\u00f4mica do meio em que est\u00e1 inserido,<br \/>\ncontribuindo com a promo\u00e7\u00e3o da transforma\u00e7\u00e3o da realidade e do desenvolvimento<br \/>\nda inova\u00e7\u00e3o, do emprego e dos neg\u00f3cios.<br \/>\nSOFT SKILLS (COMPET\u00caNCIAS SOCIOEMOCIONAIS):<br \/>\nPlanejamento e organiza\u00e7\u00e3o<br \/>\nIntelig\u00eancia Emocional<br \/>\nTomada de Decis\u00e3o<br \/>\nOBJETIVOS DE APRENDIZAGEM:<br \/>\nProporcionar a gera\u00e7\u00e3o do novo conhecimento, originado da aplica\u00e7\u00e3o da<br \/>\naprendizagem multidisciplinar do curso em benef\u00edcio do empreendedorismo e da<br \/>\ninova\u00e7\u00e3o local e, consequentemente, a contribui\u00e7\u00e3o com o desenvolvimento<br \/>\necon\u00f4mico e social do local e da regi\u00e3o, \u00e9 o principal objetivo da extens\u00e3o universit\u00e1ria<br \/>\ndo CST em Marketing, vinculada ao Programa de Inova\u00e7\u00e3o e Empreendedorismo.<br \/>\nCONTE\u00daDOS:<br \/>\nI &#8211; Estrat\u00e9gias mercadol\u00f3gicas;<br \/>\nII &#8211; Marketing;<br \/>\nIII &#8211; Composto mercadol\u00f3gico;<br \/>\nIV &#8211; Empreendedorismo e Inova\u00e7\u00e3o.<br \/>\nINDICA\u00c7\u00d5ES BIBLIOGR\u00c1FICAS:<br \/>\nALMEIDA, Eder Gon\u00e7alves de; ALEIXO, Tayra Carolina Nascimento. Empreededorismo<br \/>\ne inova\u00e7\u00e3o. Londrina: Editora e Distribuidora Educacional S.A., 2020.<br \/>\nMICCOLI, Rita Regiani Benito; CAMPOS, Maria Isabel de. Composto mercadol\u00f3gico.<br \/>\nLondrina: Editora e Distribuidora Educacional S.A., 2016.<br \/>\nNONAKA, Henry Tetsuji et al. Fundamentos de marketing. Londrina: Editora e<br \/>\nDistribuidora Educacional S.A., 2014.<br \/>\nRELAT\u00d3RIO FINAL:<br \/>\nAluno e Aluna, ap\u00f3s realizar suas atividades de extens\u00e3o, \u00e9 necess\u00e1rio que voc\u00ea o formalize,<br \/>\nenviando esse Relat\u00f3rio Final para ser avaliado junto ao seu Ambiente Virtual (AVA) e<br \/>\ntamb\u00e9m para voc\u00ea poder comprovar sua atua\u00e7\u00e3o.<br \/>\nPara o preenchimento, busque as anota\u00e7\u00f5es junto ao TEMPLATE PCDA para auxiliar na<br \/>\napresenta\u00e7\u00e3o das atividades desenvolvidas.<br \/>\nTodos os campos s\u00e3o de preenchimento obrigat\u00f3rio!<br \/>\nDESCRI\u00c7\u00c3O DA A\u00c7\u00c3O COM RESULTADOS ALCAN\u00c7ADOS<br \/>\nMetas dos Objetivos de Desenvolvimento Sustent\u00e1vel (ODS) aderentes a este projeto:<br \/>\n3<br \/>\nCAMPO OBRIGAT\u00d3RIO \u2013 busque no seu Template PDCA quais Metas voc\u00ea selecionou como<br \/>\naderentes ao seu projeto, conforme cada Objetivo de Desenvolvimento Sustent\u00e1vel (ODS)<br \/>\nda Organiza\u00e7\u00e3o das Na\u00e7\u00f5es Unidas (ONU) que voc\u00ea explorou no seu planejamento.<br \/>\nListe as Metas selecionadas (pelo menos uma op\u00e7\u00e3o):<br \/>\nLocal de realiza\u00e7\u00e3o da atividade extensionista:<br \/>\nDurante a a\u00e7\u00e3o:<br \/>\nCaso necess\u00e1rio, houve mudan\u00e7a de estrat\u00e9gia para alcan\u00e7ar o resultado:<br \/>\nResultado da a\u00e7\u00e3o:<br \/>\nConclus\u00e3o:<br \/>\nDepoimentos (se houver):<br \/>\nRELATE SUA PERCEP\u00c7\u00c3O DAS A\u00c7\u00d5ES EXTENSIONISTAS REALIZADAS NO<br \/>\nPROGRAMA DESENVOLVIDO:<br \/>\nCAMPO OBRIGAT\u00d3RIO \u2013 relate em no m\u00ednimo 15 (quinze) linhas sua experi\u00eancia com as<br \/>\na\u00e7\u00f5es extensionistas. O texto deve ser de sua autoria e in\u00e9dito, evite pl\u00e1gio.<br \/>\nQuest\u00f5es norteadoras:<br \/>\n(1) Voc\u00ea notou que suas habilidades profissionais foram aprimoradas, com a<br \/>\natua\u00e7\u00e3o nas a\u00e7\u00f5es extensionistas?<br \/>\n(2) Voc\u00ea identificou melhoria\/resolu\u00e7\u00e3o do problema identificado?<br \/>\n(3) Voc\u00ea conseguiu articular os conhecimentos adquiridos no curso com as a\u00e7\u00f5es<br \/>\nextensionistas?<br \/>\nAo escrever seu texto evite deix\u00e1-lo em forma de respostas as quest\u00f5es norteadoras,<br \/>\nrelate sua experi\u00eancia em forma de texto dissertativo com justificativas.<br \/>\nDEPOIMENTO DA INSTITUI\u00c7\u00c3O PARTICIPANTE<br \/>\nCAMPO OBRIGAT\u00d3RIO &#8211; insira depoimento(s) do(s) gestor(es) da<br \/>\ninstitui\u00e7\u00e3o\/\u00f3rg\u00e3o\/associa\u00e7\u00e3o participante que contribuam como um feedback da a\u00e7\u00e3o<br \/>\nrealizada por voc\u00ea.<br \/>\n4<br \/>\nREFER\u00caNCIAS BIBLIOGR\u00c1FICAS<br \/>\nCAMPO OBRIGAT\u00d3RIO \u2013 Siga a normas ABNT, para isso consulte sua Biblioteca Virtual;<br \/>\nUtilize como refer\u00eancias bibliogr\u00e1ficas as indica\u00e7\u00f5es do Campo: Indica\u00e7\u00f5es Bibliogr\u00e1ficas e<br \/>\nas demais refer\u00eancias utilizadas no desenvolvimento do seu projeto.<br \/>\nAUTOAVALIA\u00c7\u00c3O DA ATIVIDADE:<br \/>\nRealize a sua avalia\u00e7\u00e3o em rela\u00e7\u00e3o \u00e0 atividade desenvolvida considerando uma escala de 0 a<br \/>\n10 para cada pergunta, assinalando com um X:<br \/>\n1. A atividade permitiu o desenvolvimento do projeto de extens\u00e3o articulando as<br \/>\ncompet\u00eancias e conte\u00fados propostos junto ao Curso?<br \/>\n0 1 2 3 4 5 6 7 8 9 10<br \/>\n() () () () () () () () () () ()<br \/>\n2. A atividade possui carga hor\u00e1ria suficiente para a sua realiza\u00e7\u00e3o?<br \/>\n0 1 2 3 4 5 6 7 8 9 10<br \/>\n() () () () () () () () () () ()<br \/>\n3. A atividade \u00e9 relevante para a sua forma\u00e7\u00e3o e articula\u00e7\u00e3o de compet\u00eancias e conte\u00fados?<br \/>\n0 1 2 3 4 5 6 7 8 9 10<br \/>\n() () () () () () () () () () ()<br \/>\n4. A atividade contribui para o cumprimento dos objetivos definidos pela Institui\u00e7\u00e3o de<br \/>\nEnsino (IES) e Curso, observando o Plano de Desenvolvimento Institucional e Projeto<br \/>\nPedag\u00f3gico de Curso vigentes?<br \/>\n0 1 2 3 4 5 6 7 8 9 10<br \/>\n() () () () () () () () () () ()<br \/>\n5. A atividade contribui para a melhoria da sociedade por meio dos resultados<br \/>\ndemonstrados no relat\u00f3rio ou pelos relatos apresentados pelos envolvidos?<br \/>\n0 1 2 3 4 5 6 7 8 9 10<br \/>\n() () () () () () () () () () ()<br \/>\n6. A atividade permite o desenvolvimento de a\u00e7\u00f5es junto \u00e0 Inicia\u00e7\u00e3o Cient\u00edfica e ao Ensino?<br \/>\n0 1 2 3 4 5 6 7 8 9 10<br \/>\n() () () () () () () () () () ()<br \/>\n7. Caso queira contribuir com maior detalhamento, traga seu depoimento\/ sugest\u00e3o.<\/p>\n<div class=\"elementor-toggle-item\">\n<div class=\"elementor-toggle-item\">\n<p id=\"elementor-tab-title-1941\" class=\"elementor-tab-title elementor-active\" tabindex=\"0\" role=\"tab\" data-tab=\"1\" aria-controls=\"elementor-tab-content-1941\" aria-expanded=\"true\" aria-selected=\"true\"><strong>Como funciona?<\/strong><\/p>\n<p>Elaboramos os portf\u00f3lios, j\u00e1 deixamos prontos, nas normas da ABNT e conforme os requisitos da universidade. F\u00e1cil assim! O MELHOR \u00c9 QUE VOC\u00ca COMPRA E J\u00c1 BAIXA NA HORA O SEU ARQUIVO EM WORD! Sabemos que conciliar trabalho, fam\u00edlia, vida profissional e estudos \u00e9 dif\u00edcil hoje em dia, por isso, estamos aqui para ajudar voc\u00ea. Conte com nossa qualidade, experi\u00eancia e profissionalismo adquirindo seu portf\u00f3lio conosco. GARANTIMOS SEU CONCEITO!<\/p>\n<p><strong>Como se realizam os envios?<\/strong><\/p>\n<\/div>\n<p id=\"elementor-tab-content-1942\" class=\"elementor-tab-content elementor-clearfix elementor-active\" role=\"tabpanel\" data-tab=\"2\" aria-labelledby=\"elementor-tab-title-1942\">O seu trabalho \u00e9 disponibilizado pronto, respondido e nas normas j\u00e1 na mesma hora aqui em nosso site na sua \u00e1rea de downloads e tamb\u00e9m no seu e-mail.<\/p>\n<p><strong>Em quanto tempo recebo o portf\u00f3lio?<\/strong><\/p>\n<p>Os envios s\u00e3o imediatos. Ap\u00f3s sua compra, o trabalho j\u00e1 \u00e9 disponibilizado instantaneamente aqui em nosso site e no seu e-mail.<\/p>\n<p><strong>E se o portf\u00f3lio que comprei precisar de corre\u00e7\u00e3o?<\/strong><\/p>\n<p>Caso haja alguma solicita\u00e7\u00e3o de corre\u00e7\u00e3o\/altera\u00e7\u00e3o por parte do tutor, basta entrar em contato conosco pelo\u00a0WhatsApp\u00a0que provid\u00eanciaremos sem custo algum.<\/p>\n<p><strong>Qual o formato do arquivo?<\/strong><\/p>\n<p>Os arquivos s\u00e3o enviados em formato Word e s\u00e3o edit\u00e1veis.<\/p>\n<p><strong>Caso eu tiver alguma d\u00favida, terei suporte no p\u00f3s venda?<\/strong><\/p>\n<p>Sim, com certeza. Basta clicar no \u00edcone do WhatsApp no cantinho da tela. Ser\u00e1 um prazer atend\u00ea-lo(a).<\/p>\n<div id=\"elementor-tab-content-1948\" class=\"elementor-tab-content elementor-clearfix elementor-active\" role=\"tabpanel\" data-tab=\"8\" aria-labelledby=\"elementor-tab-title-1948\">\n<p><strong>Quais os seus canais de contato?<\/strong><\/p>\n<\/div>\n<div id=\"elementor-tab-content-1949\" class=\"elementor-tab-content elementor-clearfix elementor-active\" role=\"tabpanel\" data-tab=\"9\" aria-labelledby=\"elementor-tab-title-1949\">\n<p>Whatsapp: 53 984751621 \u2013 Clicar no canto da tela ou ESCANEIE O QRCODE ABAIXO<\/p>\n<h4><img decoding=\"async\" class=\"alignnone wp-image-13699 jetpack-lazy-image jetpack-lazy-image--handled\" src=\"https:\/\/i0.wp.com\/portifolioos-prontos.com\/wp-content\/uploads\/2023\/02\/whatsapp-business-projeto-de-extensao-300x300.jpeg?resize=144%2C144\" sizes=\"(max-width: 144px) 100vw, 144px\" srcset=\"https:\/\/i0.wp.com\/portifolioos-prontos.com\/wp-content\/uploads\/2023\/02\/whatsapp-business-projeto-de-extensao.jpeg?resize=300%2C301&amp;ssl=1 300w, https:\/\/i0.wp.com\/portifolioos-prontos.com\/wp-content\/uploads\/2023\/02\/whatsapp-business-projeto-de-extensao.jpeg?resize=150%2C150&amp;ssl=1 150w, https:\/\/i0.wp.com\/portifolioos-prontos.com\/wp-content\/uploads\/2023\/02\/whatsapp-business-projeto-de-extensao.jpeg?resize=370%2C372&amp;ssl=1 370w, https:\/\/i0.wp.com\/portifolioos-prontos.com\/wp-content\/uploads\/2023\/02\/whatsapp-business-projeto-de-extensao.jpeg?resize=100%2C100&amp;ssl=1 100w, https:\/\/i0.wp.com\/portifolioos-prontos.com\/wp-content\/uploads\/2023\/02\/whatsapp-business-projeto-de-extensao.jpeg?w=470&amp;ssl=1 470w\" alt=\"projeto de extens\u00e3o unopar\" width=\"144\" height=\"144\" data-lazy-loaded=\"1\" \/><\/h4>\n<\/div>\n<div class=\"elementor-toggle-item\">\n<div id=\"elementor-tab-content-1949\" class=\"elementor-tab-content elementor-clearfix elementor-active\" role=\"tabpanel\" data-tab=\"9\" aria-labelledby=\"elementor-tab-title-1949\">\n<p>E-mail:portifoliosp@gmail.com<\/p>\n<div id=\"attachment_143\" class=\"wp-caption alignnone\">\n<div id=\"attachment_143\" class=\"wp-caption alignnone\">\n<p id=\"caption-attachment-143\" class=\"wp-caption-text\"><a href=\"http:\/\/portfolio-pronto.com\/\">Portf\u00f3lio<\/a>\u00a0em Word, respondido, completo e j\u00e1 nas normas<\/p>\n<\/div>\n<\/div>\n<\/div>\n<\/div>\n<\/div>\n","protected":false},"excerpt":{"rendered":"<div class=\"product-short-description\">\n<div class=\"product-short-description\">\n<div><span style=\"color: #ff0000\"><strong>Compre e receba o Relat\u00f3rio Final de Atividades Extensionistas j\u00e1 preenchido, com um projeto totalmente desenvolvido para entrega.<\/strong><\/span><\/div>\n<div class=\"product-short-description\"><strong>Pague pelo PIX ou cart\u00e3o e fa\u00e7a o download agora mesmo.<\/strong><\/div>\n<div class=\"sticky-add-to-cart-wrapper\">\n<div class=\"sticky-add-to-cart\">\n<p class=\"quantity buttons_added form-flat\"><img decoding=\"async\" class=\"lazyloaded smush-image-5 smush-image-3 smush-image-4 smush-detected-img smush-image-bigger-3\" src=\"https:\/\/d26lpennugtm8s.cloudfront.net\/assets\/common\/img\/logos\/payment\/visa@2x.png\" width=\"46\" height=\"29\" data-src=\"https:\/\/d26lpennugtm8s.cloudfront.net\/assets\/common\/img\/logos\/payment\/visa@2x.png\" \/><img decoding=\"async\" class=\"lazyloaded smush-image-6 smush-image-4 smush-image-5 smush-detected-img smush-image-bigger-4\" src=\"https:\/\/d26lpennugtm8s.cloudfront.net\/assets\/common\/img\/logos\/payment\/boleto@2x.png\" width=\"43\" height=\"27\" data-src=\"https:\/\/d26lpennugtm8s.cloudfront.net\/assets\/common\/img\/logos\/payment\/boleto@2x.png\" \/><img loading=\"lazy\" decoding=\"async\" class=\"lazyloaded smush-image-7 smush-image-5 smush-image-6 smush-detected-img smush-image-bigger-5\" src=\"https:\/\/d26lpennugtm8s.cloudfront.net\/assets\/common\/img\/logos\/payment\/mastercard@2x.png\" width=\"43\" height=\"27\" data-src=\"https:\/\/d26lpennugtm8s.cloudfront.net\/assets\/common\/img\/logos\/payment\/mastercard@2x.png\" \/><img loading=\"lazy\" decoding=\"async\" class=\"lazyloaded smush-image-8 smush-image-6 smush-image-7 smush-detected-img smush-image-bigger-6\" src=\"https:\/\/d26lpennugtm8s.cloudfront.net\/assets\/common\/img\/logos\/payment\/amex@2x.png\" width=\"43\" height=\"27\" data-src=\"https:\/\/d26lpennugtm8s.cloudfront.net\/assets\/common\/img\/logos\/payment\/amex@2x.png\" \/><img loading=\"lazy\" decoding=\"async\" class=\"lazyloaded smush-image-9 smush-image-7 smush-image-8 smush-detected-img smush-image-bigger-7\" src=\"https:\/\/d26lpennugtm8s.cloudfront.net\/assets\/common\/img\/logos\/payment\/diners@2x.png\" width=\"46\" height=\"29\" data-src=\"https:\/\/d26lpennugtm8s.cloudfront.net\/assets\/common\/img\/logos\/payment\/diners@2x.png\" \/><img loading=\"lazy\" decoding=\"async\" class=\"lazyloaded smush-image-10 smush-image-8 smush-image-9 alignnone smush-detected-img smush-image-bigger-8\" src=\"https:\/\/d26lpennugtm8s.cloudfront.net\/assets\/common\/img\/logos\/payment\/br\/elo@2x.png\" alt=\"portf\u00f3lio unopar anhanguera\" width=\"45\" height=\"28\" data-src=\"https:\/\/d26lpennugtm8s.cloudfront.net\/assets\/common\/img\/logos\/payment\/br\/elo@2x.png\" \/><img loading=\"lazy\" decoding=\"async\" class=\"lazyloaded smush-image-11 smush-image-9 smush-image-10 alignnone smush-detected-img smush-image-bigger-9\" src=\"https:\/\/d26lpennugtm8s.cloudfront.net\/assets\/common\/img\/logos\/payment\/br\/hipercard@2x.png\" alt=\"portf\u00f3lio unopar anhanguera\" width=\"44\" height=\"28\" data-src=\"https:\/\/d26lpennugtm8s.cloudfront.net\/assets\/common\/img\/logos\/payment\/br\/hipercard@2x.png\" \/><img loading=\"lazy\" decoding=\"async\" class=\"lazyloaded smush-image-12 smush-image-10 smush-image-11 alignnone smush-detected-img smush-image-bigger-10\" src=\"https:\/\/d26lpennugtm8s.cloudfront.net\/assets\/common\/img\/logos\/payment\/mercadopago@2x.png\" alt=\"portf\u00f3lio unopar anhanguera\" width=\"45\" height=\"28\" data-src=\"https:\/\/d26lpennugtm8s.cloudfront.net\/assets\/common\/img\/logos\/payment\/mercadopago@2x.png\" \/><img loading=\"lazy\" decoding=\"async\" class=\"alignnone ls-is-cached lazyloaded smush-detected-img smush-image-bigger-11\" src=\"https:\/\/futurium.com.br\/wp-content\/uploads\/2021\/06\/logo-pix-icone-512.png\" alt=\"portfolio pronto\" width=\"30\" height=\"30\" data-src=\"https:\/\/futurium.com.br\/wp-content\/uploads\/2021\/06\/logo-pix-icone-512.png\" \/><\/p>\n<\/div>\n<\/div>\n<\/div>\n<\/div>\n","protected":false},"featured_media":31090,"template":"","meta":{"_seopress_robots_primary_cat":"none","_seopress_titles_title":"%%post_title%% %%sitetitle%%","_seopress_titles_desc":"%%post_content%%","_seopress_robots_index":""},"product_cat":[49,15],"product_tag":[735],"class_list":{"0":"post-31086","1":"product","2":"type-product","3":"status-publish","4":"has-post-thumbnail","6":"product_cat-marketing","7":"product_cat-uncategorized","8":"product_tag-projeto-de-extensao-programa-de-inovacao-e-empreendedorismo","10":"first","11":"instock","12":"downloadable","13":"virtual","14":"purchasable","15":"product-type-simple","16":"col-xs-6 col-sm-4","17":"col-mf-5","18":"un-5-cols"},"jetpack_sharing_enabled":true,"_links":{"self":[{"href":"https:\/\/portifolioos-prontos.com\/index.php\/wp-json\/wp\/v2\/product\/31086","targetHints":{"allow":["GET"]}}],"collection":[{"href":"https:\/\/portifolioos-prontos.com\/index.php\/wp-json\/wp\/v2\/product"}],"about":[{"href":"https:\/\/portifolioos-prontos.com\/index.php\/wp-json\/wp\/v2\/types\/product"}],"version-history":[{"count":1,"href":"https:\/\/portifolioos-prontos.com\/index.php\/wp-json\/wp\/v2\/product\/31086\/revisions"}],"predecessor-version":[{"id":44117,"href":"https:\/\/portifolioos-prontos.com\/index.php\/wp-json\/wp\/v2\/product\/31086\/revisions\/44117"}],"wp:featuredmedia":[{"embeddable":true,"href":"https:\/\/portifolioos-prontos.com\/index.php\/wp-json\/wp\/v2\/media\/31090"}],"wp:attachment":[{"href":"https:\/\/portifolioos-prontos.com\/index.php\/wp-json\/wp\/v2\/media?parent=31086"}],"wp:term":[{"taxonomy":"product_cat","embeddable":true,"href":"https:\/\/portifolioos-prontos.com\/index.php\/wp-json\/wp\/v2\/product_cat?post=31086"},{"taxonomy":"product_tag","embeddable":true,"href":"https:\/\/portifolioos-prontos.com\/index.php\/wp-json\/wp\/v2\/product_tag?post=31086"}],"curies":[{"name":"wp","href":"https:\/\/api.w.org\/{rel}","templated":true}]}}