{"id":31558,"date":"2024-10-26T13:33:44","date_gmt":"2024-10-26T16:33:44","guid":{"rendered":"https:\/\/portifolioos-prontos.com\/?post_type=product&#038;p=31558"},"modified":"2025-10-14T09:43:59","modified_gmt":"2025-10-14T12:43:59","slug":"projeto-de-extensao-ii-gestao-de-seguranca-privada","status":"publish","type":"product","link":"https:\/\/portifolioos-prontos.com\/index.php\/product\/projeto-de-extensao-ii-gestao-de-seguranca-privada\/","title":{"rendered":"Projeto de Extens\u00e3o II &#8211; Gest\u00e3o de Seguran\u00e7a Privada &#8211; Programa de Inova\u00e7\u00e3o e Empreendedorismo"},"content":{"rendered":"<h5>Projeto de Extens\u00e3o II &#8211; Gest\u00e3o de Seguran\u00e7a Privada<\/h5>\n<p data-pm-slice=\"0 0 []\">CURSO:<\/p>\n<p>GEST\u00c3O DE SEGURAN\u00c7A PRIVADA<\/p>\n<p>COMPONENTE CURRICULAR:<\/p>\n<p>PROJETO DE EXTENS\u00c3O II \u2013 GEST\u00c3O DE SEGURAN\u00c7A PRIVADA<\/p>\n<p>PROGRAMA DE EXTENS\u00c3O:<\/p>\n<p>PROGRAMA DE INOVA\u00c7\u00c3O E EMPREENDEDORISMO.<\/p>\n<p>&nbsp;<\/p>\n<p>FINALIDADE E MOTIVA\u00c7\u00c3O:<\/p>\n<p>Pelo programa de extens\u00e3o Inova\u00e7\u00e3o e Empreendedorismo o curso de Gest\u00e3o de Seguran\u00e7a Privada tem a miss\u00e3o de transferir \u00e0 sociedade os conhecimentos gerados e potencializar a gera\u00e7\u00e3o de novos conhecimentos de modo aplicado, permitindo o desenvolvimento de a\u00e7\u00f5es no \u00e2mbito da tecnologia e inova\u00e7\u00e3o, que apresentam solu\u00e7\u00f5es e produtos para resolu\u00e7\u00e3o de problemas diversificados presentes no contexto social, trazendo impacto positivo a comunidade envolvida. Ao identificar as dificuldades da comunidade, os alunos compreendem a necessidade e a motiva\u00e7\u00e3o para efetuar as a\u00e7\u00f5es de apoio relacionadas ao curso pelas quais poder\u00e3o ser desenvolvidas compet\u00eancias t\u00e9cnicas e soft skills espec\u00edficas absorvidas durante sua jornada acad\u00eamica. Os conte\u00fados program\u00e1ticos sugeridos para correlacionar as a\u00e7\u00f5es s\u00e3o:<\/p>\n<p>Direito Penal; Seguran\u00e7a P\u00fablica e Privada; Modelos de Gest\u00e3o e Gest\u00e3o de Conflito.<\/p>\n<p>Os locais que poder\u00e3o contemplar esse projeto s\u00e3o: Entidades pertencentes \u00e0 Administra\u00e7\u00e3o P\u00fablica Municipal, Estadual ou Federal; escolas; col\u00e9gios; Organiza\u00e7\u00f5es n\u00e3o governamentais (ONG); Institui\u00e7\u00f5es privadas com a\u00e7\u00f5es sociais; funda\u00e7\u00f5es; entidades do Judici\u00e1rio como Procons e Tribunais; Entidades religiosas como igrejas, ordens, templos, congrega\u00e7\u00f5es, miss\u00f5es e casas de acolhimento ou assist\u00eancia; entidades de sa\u00fade e assist\u00eancia social; Organiza\u00e7\u00f5es da Sociedade Civil de Interesse P\u00fablico (OSCIPs); Organiza\u00e7\u00f5es de moradores e Cooperativas, entre outras.<\/p>\n<p>COMPET\u00caNCIAS:<\/p>\n<p>I &#8211; Conhecer e dominar conceitos e teorias relacionadas a Gest\u00e3o de Seguran\u00e7a Privada e sua aplica\u00e7\u00e3o no cen\u00e1rio nacional;<\/p>\n<p>II &#8211; Dominar a linguagem pacificadora fomentando a solu\u00e7\u00e3o de crises e conflitos de modo h\u00e1bil, colaborativo e restaurador;<\/p>\n<p>III &#8211; Aplicar t\u00e9cnicas de Gest\u00e3o e estudo do fen\u00f4meno crimin\u00f3geno, auxiliando na elabora\u00e7\u00e3o de Planos de Seguran\u00e7a.<\/p>\n<p>PERFIL DO EGRESSO:<\/p>\n<p>O perfil do egresso do curso de Gest\u00e3o de Seguran\u00e7a Privada, idealizado pela IES proporciona a forma\u00e7\u00e3o do profissional com capacidade de interpreta\u00e7\u00e3o com a valoriza\u00e7\u00e3o dos fen\u00f4menos crimin\u00f3genos e sociais; aliado a uma postura reflexiva e de vis\u00e3o cr\u00edtica que fomente a capacidade e a aptid\u00e3o para a aprendizagem aut\u00f4noma para o estudo do crime, da viol\u00eancia, da v\u00edtima e do criminoso; dom\u00ednio do di\u00e1logo construtivo e pacificador.<\/p>\n<p>SOFT SKILLS (COMPET\u00caNCIAS SOCIOEMOCIONAIS):<\/p>\n<p>An\u00e1lise e resolu\u00e7\u00e3o de problemas<\/p>\n<p>Criatividade e inova\u00e7\u00e3o<\/p>\n<p>Lideran\u00e7a<\/p>\n<p>OBJETIVOS DE APRENDIZAGEM:<\/p>\n<p>O objetivo de aprendizagem do programa de extens\u00e3o em Inova\u00e7\u00e3o e Empreendedorismo do curso de Gest\u00e3o de Seguran\u00e7a Privada est\u00e1 relacionado ao fato de disseminar os conhecimentos multidisciplinares e transversais desenvolvidos no curso, com a finalidade de apoiar a comunidade no \u00e2mbito tecnol\u00f3gico, inovador e empreendedor explorando as Ci\u00eancias Sociais Aplicadas, fomentando a gera\u00e7\u00e3o de conhecimentos t\u00e9cnicos desenvolvidos nas a\u00e7\u00f5es e aprimorando das habilidades dos egressos.<\/p>\n<p>CONTE\u00daDOS:<\/p>\n<p>I &#8211; Direito Penal;<\/p>\n<p>II &#8211; Seguran\u00e7a P\u00fablica e Privada;<\/p>\n<p>III \u2013 Modelos de Gest\u00e3o e Gest\u00e3o de Conflito.<\/p>\n<p>INDICA\u00c7\u00d5ES BIBLIOGR\u00c1FICAS:<\/p>\n<p>BURMESTER, Haino. Manual de gest\u00e3o: organiza\u00e7\u00e3o, processos e pr\u00e1ticas de Lideran\u00e7a<\/p>\n<p>coletiva. 2. ed. S\u00e3o Paulo: Saraiva, 2018.<\/p>\n<p>ESTEFAM, Andr\u00e9 ; GON\u00c7ALVES, Victor Eduardo Rios. Direito penal esquematizado:<\/p>\n<p>parte geral. 9. ed. S\u00e3o Paulo : Saraiva Educa\u00e7\u00e3o, 2020.<\/p>\n<p>PUCCINI, Abelardo de Lima. Matem\u00e1tica financeira: objetiva e aplicada. 10. ed. S\u00e3o<\/p>\n<p>Paulo: Saraiva, 2017.<\/p>\n<p>&nbsp;<\/p>\n<p>RELAT\u00d3RIO FINAL:<\/p>\n<p>Aluno e Aluna, ap\u00f3s realizar suas atividades de extens\u00e3o, \u00e9 necess\u00e1rio que voc\u00ea o formalize, enviando esse Relat\u00f3rio Final para ser avaliado junto ao seu Ambiente Virtual (AVA) e tamb\u00e9m para voc\u00ea poder comprovar sua atua\u00e7\u00e3o.<\/p>\n<p>Para o preenchimento, busque as anota\u00e7\u00f5es junto ao TEMPLATE PCDA para auxiliar na apresenta\u00e7\u00e3o das atividades desenvolvidas.<\/p>\n<p>Todos os campos s\u00e3o de preenchimento obrigat\u00f3rio!<\/p>\n<p>DESCRI\u00c7\u00c3O DA A\u00c7\u00c3O COM RESULTADOS ALCAN\u00c7ADOS<\/p>\n<p>Metas dos Objetivos de Desenvolvimento Sustent\u00e1vel (ODS) aderentes a este projeto:<\/p>\n<p>CAMPO OBRIGAT\u00d3RIO \u2013 busque no seu Template PDCA quais Metas voc\u00ea selecionou como aderentes ao seu projeto, conforme cada Objetivo de Desenvolvimento Sustent\u00e1vel (ODS) da Organiza\u00e7\u00e3o das Na\u00e7\u00f5es Unidas (ONU) que voc\u00ea explorou no seu planejamento.<\/p>\n<p>&nbsp;<\/p>\n<p>Liste as Metas selecionadas (pelo menos uma op\u00e7\u00e3o):<\/p>\n<p>&nbsp;<\/p>\n<p>Local de realiza\u00e7\u00e3o da atividade extensionista:<\/p>\n<p>&nbsp;<\/p>\n<p>Durante a a\u00e7\u00e3o:<\/p>\n<p>&nbsp;<\/p>\n<p>Caso necess\u00e1rio, houve mudan\u00e7a de estrat\u00e9gia para alcan\u00e7ar o resultado:<\/p>\n<p>&nbsp;<\/p>\n<p>Resultado da a\u00e7\u00e3o:<\/p>\n<p>&nbsp;<\/p>\n<p>Conclus\u00e3o:<\/p>\n<p>&nbsp;<\/p>\n<p>Depoimentos (se houver):<\/p>\n<p>&nbsp;<\/p>\n<p>RELATE SUA PERCEP\u00c7\u00c3O DAS A\u00c7\u00d5ES EXTENSIONISTAS REALIZADAS NO PROGRAMA DESENVOLVIDO:<\/p>\n<p>CAMPO OBRIGAT\u00d3RIO \u2013 relate em no m\u00ednimo 15 (quinze) linhas sua experi\u00eancia com as a\u00e7\u00f5es extensionistas. O texto deve ser de sua autoria e in\u00e9dito, evite pl\u00e1gio.<\/p>\n<p>Quest\u00f5es norteadoras:<\/p>\n<p>(1) Voc\u00ea notou que suas habilidades profissionais foram aprimoradas, com a atua\u00e7\u00e3o nas a\u00e7\u00f5es extensionistas?<\/p>\n<p>(2) Voc\u00ea identificou melhoria\/resolu\u00e7\u00e3o do problema identificado?<\/p>\n<p>(3) Voc\u00ea conseguiu articular os conhecimentos adquiridos no curso com as a\u00e7\u00f5es extensionistas?<\/p>\n<p>Ao escrever seu texto evite deix\u00e1-lo em forma de respostas as quest\u00f5es norteadoras, relate sua experi\u00eancia em forma de texto dissertativo com justificativas.<\/p>\n<p>&nbsp;<\/p>\n<p>DEPOIMENTO DA INSTITUI\u00c7\u00c3O PARTICIPANTE<\/p>\n<p>CAMPO OBRIGAT\u00d3RIO &#8211; insira depoimento(s) do(s) gestor(es) da institui\u00e7\u00e3o\/\u00f3rg\u00e3o\/associa\u00e7\u00e3o participante que contribuam como um feedback da a\u00e7\u00e3o realizada por voc\u00ea.<\/p>\n<p>&nbsp;<\/p>\n<p>&nbsp;<\/p>\n<p>REFER\u00caNCIAS BIBLIOGR\u00c1FICAS<\/p>\n<p>CAMPO OBRIGAT\u00d3RIO \u2013 Siga a normas ABNT, para isso consulte sua Biblioteca Virtual;<\/p>\n<p>Utilize como refer\u00eancias bibliogr\u00e1ficas as indica\u00e7\u00f5es do Campo: Indica\u00e7\u00f5es Bibliogr\u00e1ficas e as demais refer\u00eancias utilizadas no desenvolvimento do seu projeto.<\/p>\n<p>&nbsp;<\/p>\n<p>&nbsp;<\/p>\n<p>AUTOAVALIA\u00c7\u00c3O DA ATIVIDADE:<\/p>\n<p>Realize a sua avalia\u00e7\u00e3o em rela\u00e7\u00e3o \u00e0 atividade desenvolvida considerando uma escala de 0 a 10 para cada pergunta, assinalando com um X:<\/p>\n<p>1. A atividade permitiu o desenvolvimento do projeto de extens\u00e3o articulando as compet\u00eancias e conte\u00fados propostos junto ao Curso?<\/p>\n<p>0 1 2 3 4 5 6 7 8 9 10<\/p>\n<p>() () () () () () () () () () ()<\/p>\n<p>2. A atividade possui carga hor\u00e1ria suficiente para a sua realiza\u00e7\u00e3o?<\/p>\n<p>0 1 2 3 4 5 6 7 8 9 10<\/p>\n<p>() () () () () () () () () () ()<\/p>\n<p>3. A atividade \u00e9 relevante para a sua forma\u00e7\u00e3o e articula\u00e7\u00e3o de compet\u00eancias e conte\u00fados?<\/p>\n<p>0 1 2 3 4 5 6 7 8 9 10<\/p>\n<p>() () () () () () () () () () ()<\/p>\n<p>4. A atividade contribui para o cumprimento dos objetivos definidos pela Institui\u00e7\u00e3o de Ensino (IES) e Curso, observando o Plano de Desenvolvimento Institucional e Projeto Pedag\u00f3gico de Curso vigentes?<\/p>\n<p>0 1 2 3 4 5 6 7 8 9 10<\/p>\n<p>() () () () () () () () () () ()<\/p>\n<p>5. A atividade contribui para a melhoria da sociedade por meio dos resultados demonstrados no relat\u00f3rio ou pelos relatos apresentados pelos envolvidos?<\/p>\n<p>0 1 2 3 4 5 6 7 8 9 10<\/p>\n<p>() () () () () () () () () () ()<\/p>\n<p>6. A atividade permite o desenvolvimento de a\u00e7\u00f5es junto \u00e0 Inicia\u00e7\u00e3o Cient\u00edfica e ao Ensino?<\/p>\n<p>0 1 2 3 4 5 6 7 8 9 10<\/p>\n<p>() () () () () () () () () () ()<\/p>\n<p>7. Caso queira contribuir com maior detalhamento, traga seu depoimento\/ sugest\u00e3o.<\/p>\n<div class=\"elementor-toggle-item\">\n<div class=\"elementor-toggle-item\">\n<p id=\"elementor-tab-title-1941\" class=\"elementor-tab-title elementor-active\" tabindex=\"0\" role=\"tab\" data-tab=\"1\" aria-controls=\"elementor-tab-content-1941\" aria-expanded=\"true\" aria-selected=\"true\"><strong>Como funciona?<\/strong><\/p>\n<p>Elaboramos os portf\u00f3lios, j\u00e1 deixamos prontos, nas normas da ABNT e conforme os requisitos da universidade. F\u00e1cil assim! O MELHOR \u00c9 QUE VOC\u00ca COMPRA E J\u00c1 BAIXA NA HORA O SEU ARQUIVO EM WORD! Sabemos que conciliar trabalho, fam\u00edlia, vida profissional e estudos \u00e9 dif\u00edcil hoje em dia, por isso, estamos aqui para ajudar voc\u00ea. Conte com nossa qualidade, experi\u00eancia e profissionalismo adquirindo seu portf\u00f3lio conosco. GARANTIMOS SEU CONCEITO!<\/p>\n<p><strong>Como se realizam os envios?<\/strong><\/p>\n<\/div>\n<p id=\"elementor-tab-content-1942\" class=\"elementor-tab-content elementor-clearfix elementor-active\" role=\"tabpanel\" data-tab=\"2\" aria-labelledby=\"elementor-tab-title-1942\">O seu trabalho \u00e9 disponibilizado pronto, respondido e nas normas j\u00e1 na mesma hora aqui em nosso site na sua \u00e1rea de downloads e tamb\u00e9m no seu e-mail.<\/p>\n<p><strong>Em quanto tempo recebo o portf\u00f3lio?<\/strong><\/p>\n<p>Os envios s\u00e3o imediatos. Ap\u00f3s sua compra, o trabalho j\u00e1 \u00e9 disponibilizado instantaneamente aqui em nosso site e no seu e-mail.<\/p>\n<p><strong>E se o portf\u00f3lio que comprei precisar de corre\u00e7\u00e3o?<\/strong><\/p>\n<p>Caso haja alguma solicita\u00e7\u00e3o de corre\u00e7\u00e3o\/altera\u00e7\u00e3o por parte do tutor, basta entrar em contato conosco pelo\u00a0WhatsApp\u00a0que provid\u00eanciaremos sem custo algum.<\/p>\n<p><strong>Qual o formato do arquivo?<\/strong><\/p>\n<p>Os arquivos s\u00e3o enviados em formato Word e s\u00e3o edit\u00e1veis.<\/p>\n<p><strong>Caso eu tiver alguma d\u00favida, terei suporte no p\u00f3s venda?<\/strong><\/p>\n<p>Sim, com certeza. Basta clicar no \u00edcone do WhatsApp no cantinho da tela. Ser\u00e1 um prazer atend\u00ea-lo(a).<\/p>\n<div id=\"elementor-tab-content-1948\" class=\"elementor-tab-content elementor-clearfix elementor-active\" role=\"tabpanel\" data-tab=\"8\" aria-labelledby=\"elementor-tab-title-1948\">\n<p><strong>Quais os seus canais de contato?<\/strong><\/p>\n<\/div>\n<div id=\"elementor-tab-content-1949\" class=\"elementor-tab-content elementor-clearfix elementor-active\" role=\"tabpanel\" data-tab=\"9\" aria-labelledby=\"elementor-tab-title-1949\">\n<p>Whatsapp: 53 984751621 \u2013 Clicar no canto da tela ou ESCANEIE O QRCODE ABAIXO<\/p>\n<h4><img decoding=\"async\" class=\"alignnone wp-image-13699 jetpack-lazy-image jetpack-lazy-image--handled\" src=\"https:\/\/i0.wp.com\/portifolioos-prontos.com\/wp-content\/uploads\/2023\/02\/whatsapp-business-projeto-de-extensao-300x300.jpeg?resize=144%2C144\" sizes=\"(max-width: 144px) 100vw, 144px\" srcset=\"https:\/\/i0.wp.com\/portifolioos-prontos.com\/wp-content\/uploads\/2023\/02\/whatsapp-business-projeto-de-extensao.jpeg?resize=300%2C301&amp;ssl=1 300w, https:\/\/i0.wp.com\/portifolioos-prontos.com\/wp-content\/uploads\/2023\/02\/whatsapp-business-projeto-de-extensao.jpeg?resize=150%2C150&amp;ssl=1 150w, https:\/\/i0.wp.com\/portifolioos-prontos.com\/wp-content\/uploads\/2023\/02\/whatsapp-business-projeto-de-extensao.jpeg?resize=370%2C372&amp;ssl=1 370w, https:\/\/i0.wp.com\/portifolioos-prontos.com\/wp-content\/uploads\/2023\/02\/whatsapp-business-projeto-de-extensao.jpeg?resize=100%2C100&amp;ssl=1 100w, https:\/\/i0.wp.com\/portifolioos-prontos.com\/wp-content\/uploads\/2023\/02\/whatsapp-business-projeto-de-extensao.jpeg?w=470&amp;ssl=1 470w\" alt=\"projeto de extens\u00e3o unopar\" width=\"144\" height=\"144\" data-lazy-loaded=\"1\" \/><\/h4>\n<\/div>\n<div class=\"elementor-toggle-item\">\n<div id=\"elementor-tab-content-1949\" class=\"elementor-tab-content elementor-clearfix elementor-active\" role=\"tabpanel\" data-tab=\"9\" aria-labelledby=\"elementor-tab-title-1949\">\n<p>E-mail:portifoliosp@gmail.com<\/p>\n<div id=\"attachment_143\" class=\"wp-caption alignnone\">\n<div id=\"attachment_143\" class=\"wp-caption alignnone\">\n<p id=\"caption-attachment-143\" class=\"wp-caption-text\"><a href=\"http:\/\/portfolio-pronto.com\/\">Portf\u00f3lio<\/a>\u00a0em Word, respondido, completo e j\u00e1 nas normas<\/p>\n<\/div>\n<\/div>\n<\/div>\n<\/div>\n<\/div>\n","protected":false},"excerpt":{"rendered":"<div class=\"product-short-description\">\n<div class=\"product-short-description\">\n<div><span style=\"color: #ff0000;\"><strong>Compre e receba o Relat\u00f3rio Final de Atividades Extensionistas j\u00e1 preenchido, com um projeto totalmente desenvolvido para entrega.<\/strong><\/span><\/div>\n<div class=\"product-short-description\"><strong>Pague pelo PIX ou cart\u00e3o e fa\u00e7a o download agora mesmo.<\/strong><\/div>\n<div class=\"sticky-add-to-cart-wrapper\">\n<div class=\"sticky-add-to-cart\">\n<p class=\"quantity buttons_added form-flat\"><img decoding=\"async\" class=\"lazyloaded smush-image-5 smush-image-3 smush-image-4 smush-detected-img smush-image-bigger-3\" src=\"https:\/\/d26lpennugtm8s.cloudfront.net\/assets\/common\/img\/logos\/payment\/visa@2x.png\" width=\"46\" height=\"29\" data-src=\"https:\/\/d26lpennugtm8s.cloudfront.net\/assets\/common\/img\/logos\/payment\/visa@2x.png\" \/><img decoding=\"async\" class=\"lazyloaded smush-image-6 smush-image-4 smush-image-5 smush-detected-img smush-image-bigger-4\" src=\"https:\/\/d26lpennugtm8s.cloudfront.net\/assets\/common\/img\/logos\/payment\/boleto@2x.png\" width=\"43\" height=\"27\" data-src=\"https:\/\/d26lpennugtm8s.cloudfront.net\/assets\/common\/img\/logos\/payment\/boleto@2x.png\" \/><img loading=\"lazy\" decoding=\"async\" class=\"lazyloaded smush-image-7 smush-image-5 smush-image-6 smush-detected-img smush-image-bigger-5\" src=\"https:\/\/d26lpennugtm8s.cloudfront.net\/assets\/common\/img\/logos\/payment\/mastercard@2x.png\" width=\"43\" height=\"27\" data-src=\"https:\/\/d26lpennugtm8s.cloudfront.net\/assets\/common\/img\/logos\/payment\/mastercard@2x.png\" \/><img loading=\"lazy\" decoding=\"async\" class=\"lazyloaded smush-image-8 smush-image-6 smush-image-7 smush-detected-img smush-image-bigger-6\" src=\"https:\/\/d26lpennugtm8s.cloudfront.net\/assets\/common\/img\/logos\/payment\/amex@2x.png\" width=\"43\" height=\"27\" data-src=\"https:\/\/d26lpennugtm8s.cloudfront.net\/assets\/common\/img\/logos\/payment\/amex@2x.png\" \/><img loading=\"lazy\" decoding=\"async\" class=\"lazyloaded smush-image-9 smush-image-7 smush-image-8 smush-detected-img smush-image-bigger-7\" src=\"https:\/\/d26lpennugtm8s.cloudfront.net\/assets\/common\/img\/logos\/payment\/diners@2x.png\" width=\"46\" height=\"29\" data-src=\"https:\/\/d26lpennugtm8s.cloudfront.net\/assets\/common\/img\/logos\/payment\/diners@2x.png\" \/><img loading=\"lazy\" decoding=\"async\" class=\"lazyloaded smush-image-10 smush-image-8 smush-image-9 alignnone smush-detected-img smush-image-bigger-8\" src=\"https:\/\/d26lpennugtm8s.cloudfront.net\/assets\/common\/img\/logos\/payment\/br\/elo@2x.png\" alt=\"portf\u00f3lio unopar anhanguera\" width=\"45\" height=\"28\" data-src=\"https:\/\/d26lpennugtm8s.cloudfront.net\/assets\/common\/img\/logos\/payment\/br\/elo@2x.png\" \/><img loading=\"lazy\" decoding=\"async\" class=\"lazyloaded smush-image-11 smush-image-9 smush-image-10 alignnone smush-detected-img smush-image-bigger-9\" src=\"https:\/\/d26lpennugtm8s.cloudfront.net\/assets\/common\/img\/logos\/payment\/br\/hipercard@2x.png\" alt=\"portf\u00f3lio unopar anhanguera\" width=\"44\" height=\"28\" data-src=\"https:\/\/d26lpennugtm8s.cloudfront.net\/assets\/common\/img\/logos\/payment\/br\/hipercard@2x.png\" \/><img loading=\"lazy\" decoding=\"async\" class=\"lazyloaded smush-image-12 smush-image-10 smush-image-11 alignnone smush-detected-img smush-image-bigger-10\" src=\"https:\/\/d26lpennugtm8s.cloudfront.net\/assets\/common\/img\/logos\/payment\/mercadopago@2x.png\" alt=\"portf\u00f3lio unopar anhanguera\" width=\"45\" height=\"28\" data-src=\"https:\/\/d26lpennugtm8s.cloudfront.net\/assets\/common\/img\/logos\/payment\/mercadopago@2x.png\" \/><img loading=\"lazy\" decoding=\"async\" class=\"alignnone ls-is-cached lazyloaded smush-detected-img smush-image-bigger-11\" src=\"https:\/\/futurium.com.br\/wp-content\/uploads\/2021\/06\/logo-pix-icone-512.png\" alt=\"portfolio pronto\" width=\"30\" height=\"30\" data-src=\"https:\/\/futurium.com.br\/wp-content\/uploads\/2021\/06\/logo-pix-icone-512.png\" \/><\/p>\n<\/div>\n<\/div>\n<\/div>\n<\/div>\n","protected":false},"featured_media":31562,"template":"","meta":{"_seopress_robots_primary_cat":"none","_seopress_titles_title":"%%post_title%% %%sitetitle%%","_seopress_titles_desc":"%%post_content%%","_seopress_robots_index":""},"product_cat":[133,15],"product_tag":[735],"class_list":{"0":"post-31558","1":"product","2":"type-product","3":"status-publish","4":"has-post-thumbnail","6":"product_cat-gestao-de-seguranca-privada","7":"product_cat-uncategorized","8":"product_tag-projeto-de-extensao-programa-de-inovacao-e-empreendedorismo","10":"first","11":"instock","12":"downloadable","13":"virtual","14":"purchasable","15":"product-type-simple","16":"col-xs-6 col-sm-4","17":"col-mf-5","18":"un-5-cols"},"jetpack_sharing_enabled":true,"_links":{"self":[{"href":"https:\/\/portifolioos-prontos.com\/index.php\/wp-json\/wp\/v2\/product\/31558","targetHints":{"allow":["GET"]}}],"collection":[{"href":"https:\/\/portifolioos-prontos.com\/index.php\/wp-json\/wp\/v2\/product"}],"about":[{"href":"https:\/\/portifolioos-prontos.com\/index.php\/wp-json\/wp\/v2\/types\/product"}],"version-history":[{"count":5,"href":"https:\/\/portifolioos-prontos.com\/index.php\/wp-json\/wp\/v2\/product\/31558\/revisions"}],"predecessor-version":[{"id":46809,"href":"https:\/\/portifolioos-prontos.com\/index.php\/wp-json\/wp\/v2\/product\/31558\/revisions\/46809"}],"wp:featuredmedia":[{"embeddable":true,"href":"https:\/\/portifolioos-prontos.com\/index.php\/wp-json\/wp\/v2\/media\/31562"}],"wp:attachment":[{"href":"https:\/\/portifolioos-prontos.com\/index.php\/wp-json\/wp\/v2\/media?parent=31558"}],"wp:term":[{"taxonomy":"product_cat","embeddable":true,"href":"https:\/\/portifolioos-prontos.com\/index.php\/wp-json\/wp\/v2\/product_cat?post=31558"},{"taxonomy":"product_tag","embeddable":true,"href":"https:\/\/portifolioos-prontos.com\/index.php\/wp-json\/wp\/v2\/product_tag?post=31558"}],"curies":[{"name":"wp","href":"https:\/\/api.w.org\/{rel}","templated":true}]}}