{"id":31625,"date":"2024-10-27T14:44:39","date_gmt":"2024-10-27T17:44:39","guid":{"rendered":"https:\/\/portifolioos-prontos.com\/?post_type=product&#038;p=31625"},"modified":"2024-10-27T14:44:39","modified_gmt":"2024-10-27T17:44:39","slug":"atividade-pratica-fotografia-digital-e-analise-de-imagem","status":"publish","type":"product","link":"https:\/\/portifolioos-prontos.com\/index.php\/product\/atividade-pratica-fotografia-digital-e-analise-de-imagem\/","title":{"rendered":"Atividade Pr\u00e1tica Fotografia Digital e An\u00e1lise de Imagem"},"content":{"rendered":"<h5>Atividade Pr\u00e1tica Fotografia Digital e An\u00e1lise de Imagem<\/h5>\n<p>OBJETIVOS<br \/>\nA proposta desta atividade pr\u00e1tica est\u00e1 amparada nos seguintes objetivos:<br \/>\n&#8211; Interpretar um briefing para produ\u00e7\u00e3o de imagens;<br \/>\n&#8211; Explorar as possibilidades composi\u00e7\u00e3o e ilumina\u00e7\u00e3o na fotografia de produtos; e<br \/>\n&#8211; Compreender os aspectos denotativos e conotativos na fotografia digital e anal\u00f3gica.<br \/>\n&#8211; Realizar ajustes na p\u00f3s-edi\u00e7\u00e3o, fazer a entrega das suas imagens e gerenciar seus<br \/>\narquivos.<br \/>\nRECURSOS<br \/>\n\u2022 Uma c\u00e2mera fotogr\u00e1fica (pode ser desde um telefone celular at\u00e9 uma c\u00e2mera<br \/>\nprofissional ou uma camera anal\u00f3gica de acordo com as possibilidades de<br \/>\nacesso do estudante).<br \/>\n\u2022 Um computador ou celular com aplicativo de ajustes b\u00e1sicos de imagem como<br \/>\nedi\u00e7\u00e3o de cor, contraste e luz.<br \/>\nPROCEDIMENTOS PR\u00c1TICOS<br \/>\nAtividade proposta<br \/>\n\u2022 Pesquisa de imagens anal\u00f3gica e digital.<br \/>\n\u2022 Interpreta\u00e7\u00e3o de briefing e realiza\u00e7\u00e3o de 3 imagens fotogr\u00e1ficas de produto.<br \/>\n\u2022 Descritivo da organiza\u00e7\u00e3o dos arquivos e entrega do material fotogr\u00e1fico.<br \/>\nProcedimentos para a realiza\u00e7\u00e3o da atividade<br \/>\nSITUA\u00c7\u00c3O GERADORA DE APRENDIZAGEM (SGA)<br \/>\nUma grande rede de supermercados deseja ampliar suas vendas e ofertar\u00e1 os<br \/>\nprodutos do bazar, que j\u00e1 est\u00e3o dispon\u00edveis nas lojas f\u00edsicas, em seu site de e-comerce.<br \/>\nA primeira etapa do projeto \u00e9 fotografar os utens\u00edlios de cozinha e a entrega das<br \/>\nimagens deve ocorrer em 30 dias. Os itens imprescind\u00edveis solicitados, com seus respectivos<br \/>\ndesafios de produ\u00e7\u00e3o, foram descritos na tabela a seguir:<br \/>\n\u00cdtem Especifica\u00e7\u00f5es\/ desafios de produ\u00e7\u00e3o<br \/>\n1 \u2013 Utiliza\u00e7\u00e3o dos equipamentos da<br \/>\nempresa, que est\u00e3o em uma sala com uma<br \/>\ngrande janela, uma c\u00e2mera, uma fonte de<br \/>\nluz, uma mesa com cartolina branca para<br \/>\nsimular uma mesa de still e alguns peda\u00e7os<br \/>\nde isopor.<br \/>\nO espa\u00e7o \u00e9 pequeno, mas \u00e9 poss\u00edvel fizar a<br \/>\ncartolina na parede com uma fita, posicionar<br \/>\na fonte de luz e realizar a captura das<br \/>\nimagens sem interfer\u00eancias visuais.<br \/>\nP\u00fablico<br \/>\n2- Utiliza\u00e7\u00e3o dos produtos dispon\u00edveis na<br \/>\nloja, com varia\u00e7\u00e3o de cor.<br \/>\nN\u00e3o \u00e9 permitido remover as etiquetas ou<br \/>\nembalagens dos produtos e devem ser<br \/>\nregistradas todas as disponibilidades de cor.<br \/>\n3 \u2013 A rede de supermercados j\u00e1 tem um ecomerce de produtos de outro setor e<br \/>\nutilizar\u00e1 algumas das imagens feitas para<br \/>\ncomplementar este.<br \/>\nUma parte das fotografias digitais est\u00e3o<br \/>\narmazenadas em discos CD e DVD e outra<br \/>\nparte j\u00e1 est\u00e1 dispon\u00edvel em nuvem. Elas<br \/>\ntamb\u00e9m servem de refer\u00eancia para manter a<br \/>\nmesma est\u00e9tica deste novo e-comerce.<br \/>\n4 &#8211; Novas imagens digitais Colorida<br \/>\nAl\u00e9m dessas especifica\u00e7\u00f5es, foi solicitado pelo coordenador de marketing que ao<br \/>\nfinal a s\u00e9rie de fotografias seja entregue com os arquivos em formato RAW, ou seja, bruto,<br \/>\nsem edi\u00e7\u00e3o, porque o time de designers utilizar\u00e1 algumas das imagens para fazer os<br \/>\nanuncios para divulga\u00e7\u00e3o do novo e-comerce.<br \/>\nAl\u00e9m disso, \u00e9 necess\u00e1rio realizar os ajustes necess\u00e1rios de cor, luz e<br \/>\nredimensionamento das imagens no formato png, tamanho 1000 p\u00edxels x 1000 pixels com<br \/>\nfundo transparente para o departamento que produzir\u00e1 os tabloides promocionais. Como<br \/>\nestes arquivos ser\u00e3o compartilhados em rede com outros setores, os arquivos devem estar<br \/>\norganizados em uma estrutura l\u00f3gica para que todos tenham acesso r\u00e1pido \u00e0s imagens,<br \/>\ndistinguindo o arquivo brutos do png e separando os artigos por subcategorias.<br \/>\nSITUA\u00c7\u00c3O-PROBLEMA (SP)<br \/>\nVoc\u00ea \u00e9 um fot\u00f3grafo rec\u00e9m-contratado para o setor e este \u00e9 o primeiro trabalho que<br \/>\nrealizar\u00e1 para a empresa. Ainda est\u00e1 conhecendo os processos do setor e as pessoas com<br \/>\nquem trabalhar\u00e1 diretamente. Ou seja, ainda que tenha recebido o briefing, precisar\u00e1 alinhar<br \/>\nalguns detalhes para cumprir com o prazo e n\u00e3o atrasar os demais setores que dependem<br \/>\ndas suas fotografias.<br \/>\nPara isso, ser\u00e1 preciso requisitar ao coordenador de marketing algumas informa\u00e7\u00f5es<br \/>\nextras em rela\u00e7\u00e3o ao seu pedido, como, por exemplo, a quantidade total de produtos, as<br \/>\nsubcategorias de cada produto, local de armazenamento e contato dos demais<br \/>\ndepartamentos envolvidos. Voc\u00ea pode iniciar seu trabalho, portanto, elaborando um briefing<br \/>\ncom todas as quest\u00f5es pertinentes para a execu\u00e7\u00e3o do trabalho. \u00c9 importante enfatizar que<br \/>\napesar de ter limita\u00e7\u00f5es t\u00e9cnicas quanto a equipamentos e um material de refer\u00eancia a ser<br \/>\nseguido, voc\u00ea det\u00e9m todas as outras decis\u00f5es acerca do processo criativo para alcan\u00e7ar um<br \/>\nresultado similar e propor novas imagens.<br \/>\nNeste sentido, voc\u00ea vai realizar as imagens no espa\u00e7o concedido pela empresa com<br \/>\nos recursos disponibilizados, utilizando a fonte de luz artificial ou far\u00e1 uso da ilumina\u00e7\u00e3o<br \/>\nnatural tamb\u00e9m? Quais as t\u00e9cnicas de ilumina\u00e7\u00e3o que utilizar\u00e1 e quais composi\u00e7\u00f5es<br \/>\nrealizar\u00e1 para manter o padr\u00e3o das imagens, gerando varia\u00e7\u00f5es de cor? A p\u00f3s-produ\u00e7\u00e3o no<br \/>\ncomputador deve enfatizar a ilumina\u00e7\u00e3o e as cores dos produtos, ou a fotografia deve ser<br \/>\ndeixada como a c\u00e2mera captou? A organiza\u00e7\u00e3o dos arquivos deve ocorrer de qual forma?<br \/>\nRAW e png todos na mesma pasta ou separados? Como voc\u00ea realizar\u00e1 o compartilhamento<br \/>\ndas imagens, por email, drive, link tempor\u00e1rio?<br \/>\nP\u00fablico<\/p>\n<p>Fonte: Pixabay.<br \/>\nChecklist<br \/>\nPrincipais etapas para a completude da atividade pr\u00e1tica:<br \/>\n1. Comece elaborando um briefing de planejamento, descrevendo<br \/>\nresumidamente cada estrat\u00e9gia a ser adotada para lidar com os requisitos iniciais<br \/>\ndo briefing.<br \/>\n2. Pesquise sobre fotografia de produtos. Quais t\u00e9cnicas e recursos costumam<br \/>\nser utilizados para a produ\u00e7\u00e3o desse tipo de fotografia? Observe a ilumina\u00e7\u00e3o<br \/>\npara objetos transl\u00facidos, met\u00e1licos e opacos. Quais \u00e2ngulos favorecem os itens,<br \/>\nh\u00e1 necessidade de demonstrar diversos \u00e2ngulos dos objetos para vender suas<br \/>\nfuncionalidades?<br \/>\n2. De acordo com sua pesquisa, exemplifique suas refer\u00eancias, inserindo uma<br \/>\nou duas imagens de cada tipo (met\u00e1lico, transl\u00facido e opaco) com as suas<br \/>\nobserva\u00e7\u00f5es sobre ilumina\u00e7\u00e3o, reflexos e composi\u00e7\u00e3o.<br \/>\n3. Realize 3 fotografias de produtos, uma para cada tipo de produto com<br \/>\nsuperf\u00edcie met\u00e1lica, transl\u00facida e opaca (como talheres, copos e utens\u00edlios de<br \/>\npl\u00e1stico). Voc\u00ea pode utilizar desde seu telefone celular, cameras anal\u00f3gicas ou<br \/>\num equipamento profissional. Ou seja, realize de acordo com suas possibilidades.<br \/>\nUtilize composi\u00e7\u00f5es, luzes e t\u00e9cnicas de ilumina\u00e7\u00e3o diferentes, escolha entre<br \/>\nilumina\u00e7\u00e3o natural, artificial ou mista.<br \/>\n4. Voc\u00ea pode utilizar fontes de luz artificial, como a luz do telefone celular,<br \/>\nlumin\u00e1rias de mesa etc. Uma boa dica para diminuir os contrastes da luz \u00e9 colocar<br \/>\nAlguns exemplos:<br \/>\nObserve como as duas imagens de x\u00edcaras s\u00e3o diferentes. Na primeira, \u00e0<br \/>\nesquerda, a luz sobre as x\u00edcaras parece estar um pouco acima, de forma lateral e<br \/>\ndifusa, com o fundo totalmente branco. Neste caso, a varia\u00e7\u00e3o de cor est\u00e1 na<br \/>\nmesma imagem, mas pode ser um combo de x\u00edcaras.<br \/>\nNa segunda imagem, \u00e0 direita, a x\u00edcara contempla uma ilumina\u00e7\u00e3o lateral,<br \/>\nmais dura e o fundo em degrad\u00ea de cinzas. Percebe-se que a x\u00edcara n\u00e3o est\u00e1<br \/>\nfontalmente iluminada e a sombra abaixo \u00e9 mais marcada, possivelmente o arquivo<br \/>\nest\u00e1 sem tratamento.<br \/>\nP\u00fablico<br \/>\numa folha de \u201cpapel vegetal\u201d (que pode ser adquirido em qualquer papelaria) em<br \/>\nfrente \u00e0 fonte de luz.<br \/>\n5. Os ajustes de ilumina\u00e7\u00e3o tamb\u00e9m t\u00eam origem na configura\u00e7\u00e3o da c\u00e2mera.<br \/>\nSeja um equipamento profissional ou um telefone celular, \u00e9 poss\u00edvel colocar a<br \/>\nc\u00e2mera em modo de ajuste manual e, assim, \u00e9 poss\u00edvel programar a abertura de<br \/>\ndiafragma da lente e a velocidade de disparo. Com esses recursos \u00e9 poss\u00edvel<br \/>\nmudar o resultado de ilumina\u00e7\u00e3o da imagem. Em c\u00e2meras profissionais \u00e9 ative o<br \/>\nmodo RAW.<br \/>\n6. Edite as imagens no editor de sua prefer\u00eancia, criando um arquivo em png<br \/>\nconforme as dimens\u00f5es e orienta\u00e7\u00f5es do briefing.<br \/>\n7. Organize os arquivos em uma pasta l\u00f3gica para compartilhamento com os<br \/>\ndemais setores que utilizar\u00e3o as imagens. Para demonstrar essa organiza\u00e7\u00e3o,<br \/>\nescreva como ser\u00e1 feito a nomenclatura das pastas e arquivos ou ilustre com um<br \/>\nfluxograma. No mesmo arquivo em formato Word, descreva de que forma<br \/>\ndisponibilizar\u00e1 os arquivos das imagens para postar em seu AVA.<br \/>\nRESULTADO<br \/>\nO trabalho dever\u00e1 ser entregue em arquivo Word atendendo as etapas de produ\u00e7\u00e3o e<br \/>\nutilizando os recursos solicitados no roteiro.<br \/>\n\u2022 O arquivo dever\u00e1 conter:<br \/>\n\u2022 Capa;<br \/>\n\u2022 Folha de rosto com os dados da disciplina e do aluno;<br \/>\n\u2022 Os resultados das atividades pr\u00e1ticas exigidas pelo roteiro;<br \/>\n\u2022 Refer\u00eancias bibliogr\u00e1ficas (quando houver).<\/p>\n<div class=\"elementor-toggle-item\">\n<div id=\"elementor-tab-content-1941\" class=\"elementor-tab-content elementor-clearfix elementor-active\" role=\"tabpanel\" data-tab=\"1\" aria-labelledby=\"elementor-tab-title-1941\">\n<h4>Como se realizam os envios?<\/h4>\n<\/div>\n<\/div>\n<div class=\"elementor-toggle-item\">\n<div id=\"elementor-tab-content-1942\" class=\"elementor-tab-content elementor-clearfix elementor-active\" role=\"tabpanel\" data-tab=\"2\" aria-labelledby=\"elementor-tab-title-1942\">O seu trabalho \u00e9 disponibilizado pronto, respondido e nas normas j\u00e1 na mesma hora aqui em nosso site na sua \u00e1rea de downloads e tamb\u00e9m no seu e-mail.<\/div>\n<\/div>\n<div class=\"elementor-toggle-item\">\n<div id=\"elementor-tab-content-1943\" class=\"elementor-tab-content elementor-clearfix elementor-active\" role=\"tabpanel\" data-tab=\"3\" aria-labelledby=\"elementor-tab-title-1943\">\n<h4>Em quanto tempo recebo o portf\u00f3lio?<\/h4>\n<\/div>\n<\/div>\n<div class=\"elementor-toggle-item\">\n<div id=\"elementor-tab-content-1944\" class=\"elementor-tab-content elementor-clearfix elementor-active\" role=\"tabpanel\" data-tab=\"4\" aria-labelledby=\"elementor-tab-title-1944\">\n<p>Os envios s\u00e3o imediatos. Ap\u00f3s sua compra, o trabalho j\u00e1 \u00e9 disponibilizado instantaneamente aqui em nosso site e no seu e-mail.<\/p>\n<h4>E se o portf\u00f3lio que comprei precisar de corre\u00e7\u00e3o?<\/h4>\n<\/div>\n<\/div>\n<div class=\"elementor-toggle-item\">\n<div id=\"elementor-tab-content-1945\" class=\"elementor-tab-content elementor-clearfix elementor-active\" role=\"tabpanel\" data-tab=\"5\" aria-labelledby=\"elementor-tab-title-1945\">\n<p>Caso haja alguma solicita\u00e7\u00e3o de corre\u00e7\u00e3o\/altera\u00e7\u00e3o por parte do tutor, basta entrar em contato conosco pelo\u00a0WhatsApp\u00a0que provid\u00eanciaremos sem custo algum.<\/p>\n<h4>Qual o formato do arquivo?<\/h4>\n<\/div>\n<\/div>\n<div class=\"elementor-toggle-item\">\n<div id=\"elementor-tab-content-1946\" class=\"elementor-tab-content elementor-clearfix elementor-active\" role=\"tabpanel\" data-tab=\"6\" aria-labelledby=\"elementor-tab-title-1946\">\n<p>Os arquivos s\u00e3o enviados em formato Word e s\u00e3o edit\u00e1veis.<\/p>\n<h4>Caso eu tiver alguma d\u00favida, terei suporte no p\u00f3s venda?<\/h4>\n<\/div>\n<\/div>\n<div class=\"elementor-toggle-item\">\n<div id=\"elementor-tab-content-1948\" class=\"elementor-tab-content elementor-clearfix elementor-active\" role=\"tabpanel\" data-tab=\"8\" aria-labelledby=\"elementor-tab-title-1948\">\n<p>Sim, com certeza. Basta clicar no \u00edcone do WhatsApp no cantinho da tela. Ser\u00e1 um prazer atend\u00ea-lo(a).<\/p>\n<div class=\"elementor-toggle-item\">\n<div id=\"elementor-tab-content-1948\" class=\"elementor-tab-content elementor-clearfix elementor-active\" role=\"tabpanel\" data-tab=\"8\" aria-labelledby=\"elementor-tab-title-1948\">\n<h4>Quais os seus canais de contato?<\/h4>\n<\/div>\n<\/div>\n<div class=\"elementor-toggle-item\">\n<div id=\"elementor-tab-content-1949\" class=\"elementor-tab-content elementor-clearfix elementor-active\" role=\"tabpanel\" data-tab=\"9\" aria-labelledby=\"elementor-tab-title-1949\">\n<p>Whatsapp: 53 984751621 \u2013 Clicar no canto da tela ou ESCANEIE O QRCODE ABAIXO<\/p>\n<h4><img decoding=\"async\" class=\"alignnone wp-image-13699 ls-is-cached lazyloaded\" src=\"https:\/\/i0.wp.com\/portifolioos-prontos.com\/wp-content\/uploads\/2023\/02\/whatsapp-business-projeto-de-extensao-300x300.jpeg?resize=144%2C144\" sizes=\"(max-width: 144px) 100vw, 144px\" srcset=\"https:\/\/i0.wp.com\/portifolioos-prontos.com\/wp-content\/uploads\/2023\/02\/whatsapp-business-projeto-de-extensao.jpeg?resize=300%2C301&amp;ssl=1 300w, https:\/\/i0.wp.com\/portifolioos-prontos.com\/wp-content\/uploads\/2023\/02\/whatsapp-business-projeto-de-extensao.jpeg?resize=100%2C100&amp;ssl=1 100w, https:\/\/i0.wp.com\/portifolioos-prontos.com\/wp-content\/uploads\/2023\/02\/whatsapp-business-projeto-de-extensao.jpeg?resize=150%2C150&amp;ssl=1 150w, https:\/\/i0.wp.com\/portifolioos-prontos.com\/wp-content\/uploads\/2023\/02\/whatsapp-business-projeto-de-extensao.jpeg?resize=370%2C372&amp;ssl=1 370w, https:\/\/i0.wp.com\/portifolioos-prontos.com\/wp-content\/uploads\/2023\/02\/whatsapp-business-projeto-de-extensao.jpeg?w=470&amp;ssl=1 470w\" alt=\"projeto de extens\u00e3o unopar\" width=\"144\" height=\"144\" data-src=\"https:\/\/i0.wp.com\/portifolioos-prontos.com\/wp-content\/uploads\/2023\/02\/whatsapp-business-projeto-de-extensao-300x300.jpeg?resize=144%2C144\" data-sizes=\"(max-width: 144px) 100vw, 144px\" data-srcset=\"https:\/\/i0.wp.com\/portifolioos-prontos.com\/wp-content\/uploads\/2023\/02\/whatsapp-business-projeto-de-extensao.jpeg?resize=300%2C301&amp;ssl=1 300w, https:\/\/i0.wp.com\/portifolioos-prontos.com\/wp-content\/uploads\/2023\/02\/whatsapp-business-projeto-de-extensao.jpeg?resize=100%2C100&amp;ssl=1 100w, https:\/\/i0.wp.com\/portifolioos-prontos.com\/wp-content\/uploads\/2023\/02\/whatsapp-business-projeto-de-extensao.jpeg?resize=150%2C150&amp;ssl=1 150w, https:\/\/i0.wp.com\/portifolioos-prontos.com\/wp-content\/uploads\/2023\/02\/whatsapp-business-projeto-de-extensao.jpeg?resize=370%2C372&amp;ssl=1 370w, https:\/\/i0.wp.com\/portifolioos-prontos.com\/wp-content\/uploads\/2023\/02\/whatsapp-business-projeto-de-extensao.jpeg?w=470&amp;ssl=1 470w\" \/><\/h4>\n<\/div>\n<\/div>\n<\/div>\n<\/div>\n<div class=\"elementor-toggle-item\">\n<div id=\"elementor-tab-content-1949\" class=\"elementor-tab-content elementor-clearfix elementor-active\" role=\"tabpanel\" data-tab=\"9\" aria-labelledby=\"elementor-tab-title-1949\">\n<p>E-mail:portifoliosp@gmail.com<\/p>\n<div id=\"attachment_143\" class=\"wp-caption alignnone\">\n<div id=\"attachment_143\" class=\"wp-caption alignnone\" style=\"width: 95px;\">\n<p><a href=\"https:\/\/portifolioos-prontos.com\/\"><img decoding=\"async\" class=\"wp-image-143 jetpack-lazy-image jetpack-lazy-image--handled smush-detected-img smush-image-11\" title=\"portfolio pronto unopar\" src=\"https:\/\/i0.wp.com\/portifolioos-prontos.com\/wp-content\/uploads\/2022\/04\/conceitomaximo.png?resize=161%2C46\" alt=\"PORTFOLIO PRONTO UNOPAR ANHANGUERA\" width=\"95\" height=\"27\" aria-describedby=\"caption-attachment-143\" data-lazy-loaded=\"1\" \/><\/a><\/p>\n<p id=\"caption-attachment-143\" class=\"wp-caption-text\">Portf\u00f3lio em Word, respondido, completo e j\u00e1 nas normas.<\/p>\n<\/div>\n<\/div>\n<\/div>\n<\/div>\n","protected":false},"excerpt":{"rendered":"<div class=\"product-short-description\">\n<h5><strong>Pague pelo PIX ou cart\u00e3o e fa\u00e7a o download agora mesmo.<\/strong><\/h5>\n<\/div>\n<div class=\"sticky-add-to-cart-wrapper\">\n<div class=\"sticky-add-to-cart\">\n<div class=\"quantity buttons_added form-flat\"><img decoding=\"async\" class=\"alignnone wp-image-761 lazyloaded smush-detected-img smush-image-2\" src=\"https:\/\/portifolioos-prontos.com\/wp-content\/uploads\/2022\/04\/PIX-300x107.webp\" alt=\"\" width=\"78\" height=\"28\" data-src=\"https:\/\/portifolioos-prontos.com\/wp-content\/uploads\/2022\/04\/PIX-300x107.webp\" \/>\u00a0\u00a0<img loading=\"lazy\" decoding=\"async\" class=\"lazyloaded smush-detected-img smush-image-3\" src=\"https:\/\/d26lpennugtm8s.cloudfront.net\/assets\/common\/img\/logos\/payment\/visa@2x.png\" width=\"46\" height=\"29\" data-src=\"https:\/\/d26lpennugtm8s.cloudfront.net\/assets\/common\/img\/logos\/payment\/visa@2x.png\" \/><img loading=\"lazy\" decoding=\"async\" class=\"lazyloaded smush-detected-img smush-image-4\" src=\"https:\/\/d26lpennugtm8s.cloudfront.net\/assets\/common\/img\/logos\/payment\/boleto@2x.png\" width=\"43\" height=\"27\" data-src=\"https:\/\/d26lpennugtm8s.cloudfront.net\/assets\/common\/img\/logos\/payment\/boleto@2x.png\" \/><img loading=\"lazy\" decoding=\"async\" class=\"lazyloaded smush-detected-img smush-image-5\" src=\"https:\/\/d26lpennugtm8s.cloudfront.net\/assets\/common\/img\/logos\/payment\/mastercard@2x.png\" width=\"43\" height=\"27\" data-src=\"https:\/\/d26lpennugtm8s.cloudfront.net\/assets\/common\/img\/logos\/payment\/mastercard@2x.png\" \/><img loading=\"lazy\" decoding=\"async\" class=\"lazyloaded smush-detected-img smush-image-6\" src=\"https:\/\/d26lpennugtm8s.cloudfront.net\/assets\/common\/img\/logos\/payment\/amex@2x.png\" width=\"43\" height=\"27\" data-src=\"https:\/\/d26lpennugtm8s.cloudfront.net\/assets\/common\/img\/logos\/payment\/amex@2x.png\" \/><img loading=\"lazy\" decoding=\"async\" class=\"lazyloaded smush-detected-img smush-image-7\" src=\"https:\/\/d26lpennugtm8s.cloudfront.net\/assets\/common\/img\/logos\/payment\/diners@2x.png\" width=\"46\" height=\"29\" data-src=\"https:\/\/d26lpennugtm8s.cloudfront.net\/assets\/common\/img\/logos\/payment\/diners@2x.png\" \/><img loading=\"lazy\" decoding=\"async\" class=\"lazyloaded smush-detected-img smush-image-8\" src=\"https:\/\/d26lpennugtm8s.cloudfront.net\/assets\/common\/img\/logos\/payment\/br\/elo@2x.png\" width=\"45\" height=\"28\" data-src=\"https:\/\/d26lpennugtm8s.cloudfront.net\/assets\/common\/img\/logos\/payment\/br\/elo@2x.png\" \/><img loading=\"lazy\" decoding=\"async\" class=\"lazyloaded smush-detected-img smush-image-9\" src=\"https:\/\/d26lpennugtm8s.cloudfront.net\/assets\/common\/img\/logos\/payment\/br\/hipercard@2x.png\" width=\"44\" height=\"28\" data-src=\"https:\/\/d26lpennugtm8s.cloudfront.net\/assets\/common\/img\/logos\/payment\/br\/hipercard@2x.png\" \/><img loading=\"lazy\" decoding=\"async\" class=\"lazyloaded smush-detected-img smush-image-10\" src=\"https:\/\/d26lpennugtm8s.cloudfront.net\/assets\/common\/img\/logos\/payment\/mercadopago@2x.png\" width=\"45\" height=\"28\" data-src=\"https:\/\/d26lpennugtm8s.cloudfront.net\/assets\/common\/img\/logos\/payment\/mercadopago@2x.png\" \/><\/div>\n<\/div>\n<\/div>\n","protected":false},"featured_media":31630,"template":"","meta":{"_seopress_robots_primary_cat":"","_seopress_titles_title":"","_seopress_titles_desc":"","_seopress_robots_index":""},"product_cat":[15],"product_tag":[],"class_list":{"0":"post-31625","1":"product","2":"type-product","3":"status-publish","4":"has-post-thumbnail","6":"product_cat-uncategorized","8":"first","9":"instock","10":"downloadable","11":"virtual","12":"purchasable","13":"product-type-simple","14":"col-xs-6 col-sm-4","15":"col-mf-5","16":"un-5-cols"},"jetpack_sharing_enabled":true,"_links":{"self":[{"href":"https:\/\/portifolioos-prontos.com\/index.php\/wp-json\/wp\/v2\/product\/31625","targetHints":{"allow":["GET"]}}],"collection":[{"href":"https:\/\/portifolioos-prontos.com\/index.php\/wp-json\/wp\/v2\/product"}],"about":[{"href":"https:\/\/portifolioos-prontos.com\/index.php\/wp-json\/wp\/v2\/types\/product"}],"version-history":[{"count":0,"href":"https:\/\/portifolioos-prontos.com\/index.php\/wp-json\/wp\/v2\/product\/31625\/revisions"}],"wp:featuredmedia":[{"embeddable":true,"href":"https:\/\/portifolioos-prontos.com\/index.php\/wp-json\/wp\/v2\/media\/31630"}],"wp:attachment":[{"href":"https:\/\/portifolioos-prontos.com\/index.php\/wp-json\/wp\/v2\/media?parent=31625"}],"wp:term":[{"taxonomy":"product_cat","embeddable":true,"href":"https:\/\/portifolioos-prontos.com\/index.php\/wp-json\/wp\/v2\/product_cat?post=31625"},{"taxonomy":"product_tag","embeddable":true,"href":"https:\/\/portifolioos-prontos.com\/index.php\/wp-json\/wp\/v2\/product_tag?post=31625"}],"curies":[{"name":"wp","href":"https:\/\/api.w.org\/{rel}","templated":true}]}}