{"id":31745,"date":"2024-10-28T17:29:39","date_gmt":"2024-10-28T20:29:39","guid":{"rendered":"https:\/\/portifolioos-prontos.com\/?post_type=product&#038;p=31745"},"modified":"2024-10-28T17:29:39","modified_gmt":"2024-10-28T20:29:39","slug":"atividade-pratica-cosmetologia","status":"publish","type":"product","link":"https:\/\/portifolioos-prontos.com\/index.php\/product\/atividade-pratica-cosmetologia\/","title":{"rendered":"Atividade pr\u00e1tica Cosmetologia"},"content":{"rendered":"<p>COSMETOLOGIA<br \/>\nOBJETIVOS<br \/>\nA proposta desta atividade pr\u00e1tica est\u00e1 amparada nos seguintes objetivos:<br \/>\n&#8211; Reconhecer e identificar as estruturas anat\u00f4micas do sistema tegumentar;<br \/>\n&#8211; Relacionar as estruturas anat\u00f4micas identificadas com suas respectivas fun\u00e7\u00f5es<br \/>\nfisiol\u00f3gicas;<br \/>\n&#8211; Identificar os princ\u00edpios da cosmetologia e sua aplicabilidade;<br \/>\n&#8211; Conhecer os diferentes tipos de pele e saber aplicar os cuidados adequados para<br \/>\ncada tipo;<br \/>\n&#8211; Entender os mecanismos de fotoprote\u00e7\u00e3o e sua aplica\u00e7\u00e3o pr\u00e1tica;<br \/>\n&#8211; Identificar as caracter\u00edsticas das estrias e saber escolher e aplicar os diferentes<br \/>\ntratamentos.<br \/>\nRECURSOS<br \/>\nComputador com acesso \u00e0 internet e ao ambiente virtual.<br \/>\nFolha sulfite A4.<br \/>\nFolhas impressas com as imagens.<br \/>\nL\u00e1pis de cor (cx. 12 cores).<br \/>\nCaneta esferogr\u00e1fica azul ou preta.<br \/>\nSistema Tegumentar \u2013 Base OVID<br \/>\nSoftware OVID -Visible Body<br \/>\nPROCEDIMENTOS PR\u00c1TICOS<br \/>\nAtividade proposta<br \/>\nAprofundamento pr\u00e1tico em cosmetologia<br \/>\nProcedimentos para a realiza\u00e7\u00e3o da atividade<br \/>\n1) Atividade para identifica\u00e7\u00e3o das estruturas anat\u00f4micas do sistema tegumentar e<br \/>\nas respectivas fun\u00e7\u00f5es:<br \/>\nNeste momento voc\u00ea dever\u00e1 identificar e reconhecer as estruturas presentes no<br \/>\nsistema tegumentar.<br \/>\nA pele \u00e9 configurada como o maior \u00f3rg\u00e3o humano devido ao seu tamanho e com<br \/>\npeso aproximado de 4,5 kg no adulto. Composta por duas camadas ou extratos<br \/>\nque s\u00e3o denominadas epiderme e derme. Abaixo e em continuidade com a derme<br \/>\nencontra-se o tecido subcut\u00e2neo.<br \/>\nPara a realiza\u00e7\u00e3o do procedimento, dever\u00e3o ser realizadas as atividades listadas<br \/>\na seguir. As atividades dever\u00e3o ser impressas e preenchidas conforme solicitado<br \/>\nno roteiro. Ap\u00f3s a realiza\u00e7\u00e3o das atividades, digitalizar e enviar o arquivo (formato<br \/>\nem pdf) para avalia\u00e7\u00e3o. Para a digitaliza\u00e7\u00e3o, poder\u00e1 ser utilizado aplicativo de uso<br \/>\nlivre para celular. N\u00e3o esque\u00e7a de enviar a atividade em pdf. Arquivos em<br \/>\nformatos diferentes n\u00e3o ser\u00e3o aceitos.<br \/>\na) Identifica\u00e7\u00e3o das camadas da pele e suas respectivas fun\u00e7\u00f5es. Na figura,<br \/>\nidentifique as camadas da pele listadas a seguir e pinte cada um deles com a cor<br \/>\nsolicitada no roteiro:<br \/>\n&#8211; Epiderme: cor azul claro;<br \/>\n&#8211; Derme : cor verde;<br \/>\n&#8211; Tecido Subcut\u00e2neo: cor vermelha<br \/>\nFonte: Wikimedia Commons.<br \/>\nb) Identifica\u00e7\u00e3o das camadas da epiderme:<br \/>\nA epiderme \u00e9 a camada mais superficial da pele, \u00e9 avascular e dividida por<br \/>\nestratos. A divis\u00e3o dos seus estratos representa o processo de queratiniza\u00e7\u00e3o.<br \/>\nFa\u00e7a um desenho apresentando os cinco estratos da epiderme, identifique-os e<br \/>\ncite uma caracter\u00edstica de cada um deles.<br \/>\n2) A pele \u00e9 o maior \u00f3rg\u00e3o do corpo humano, que tem como fun\u00e7\u00f5es proteger do<br \/>\nambiente externo, controlar a perda de \u00e1gua, regular a temperatura corporal e<br \/>\ntem fun\u00e7\u00e3o sensorial. \u00c9 composta de 3 camadas teciduais principais: a epiderme,<br \/>\na derme e o tecido subcut\u00e2neo e os anexos cut\u00e2neos: fol\u00edculos pilosos, gl\u00e2ndulas<br \/>\nseb\u00e1ceas e gl\u00e2ndulas sudor\u00edparas. Cada camada possui caracter\u00edsticas e fun\u00e7\u00f5es<br \/>\nespec\u00edficas. Os diferenciais fisiol\u00f3gicos da pele s\u00e3o resultados de uma s\u00e9rie de<br \/>\nfatores intr\u00ednsecos e extr\u00ednsecos.<br \/>\nPreencha a tabela abaixo com as caracter\u00edsticas de cada pele e o tipo de<br \/>\ncosm\u00e9tico recomendado.<br \/>\nTipo de Pele Caracter\u00edsticas Tipo de Cosm\u00e9tico<br \/>\nRecomendado<br \/>\nNormalEud\u00e9rmica<br \/>\nSecaAlip\u00eddica<br \/>\nOleosaLip\u00eddica<br \/>\nMista<br \/>\n3) Fundamenta\u00e7\u00e3o te\u00f3rica sobre princ\u00edpios ativos e as formula\u00e7\u00f5es cosm\u00e9ticas e a<br \/>\nclassifica\u00e7\u00e3o dos cosm\u00e9ticos.<br \/>\nPara o procedimento, o aluno dever\u00e1 utilizar as refer\u00eancias bibliogr\u00e1ficas que<br \/>\nest\u00e3o na biblioteca virtual, buscando assuntos relacionados a cosmetologia para a<br \/>\nrealiza\u00e7\u00e3o do procedimento 2.<br \/>\nPasso 01: Digital login e senha para acesso ao portal, ao acessar clicar em<br \/>\nbiblioteca.<br \/>\nPasso 02: O aluno ser\u00e1 direcionado para esta p\u00e1gina, clicar em minha biblioteca.<br \/>\nPasso 03: Na lupa, digitar o assunto a ser pesquisado (utilize palavras chaves<br \/>\ncomo cosmetologia, cosm\u00e9ticos, ativos cosm\u00e9ticos, princ\u00edpios ativos) e clicar<br \/>\nenter.<br \/>\nPasso 04: Ir\u00e1 aparecer em sua tela os livros que cont\u00e9m a palavra selecionada.<br \/>\nPasso 05: Feita a busca, voc\u00ea dever\u00e1 ler, interpretar e separar os conceitos e<br \/>\nevid\u00eancias que embasem as atividades que realizar\u00e1.<br \/>\nAgora, voc\u00ea dever\u00e1 realizar as seguintes atividades:<br \/>\na) Embora exista uma gama de componentes qu\u00edmicos usados em cosm\u00e9ticos,<br \/>\neles podem ser organizados, de forma geral, em quatro grupos: ativos, produtos<br \/>\nde corre\u00e7\u00e3o, aditivos e ve\u00edculos. Com base na sua pesquisa, defina o que s\u00e3o<br \/>\nprinc\u00edpios ativos e qual\/ quais as fun\u00e7\u00f5es deste dentro de uma formula\u00e7\u00e3o<br \/>\ncosm\u00e9tica?<br \/>\nb) Segundo a ANVISA \u2013 Ag\u00eancia Nacional de Vigil\u00e2ncia Sanit\u00e1ria, \u201cCosm\u00e9ticos,<br \/>\nProdutos de Higiene e Perfumes s\u00e3o prepara\u00e7\u00f5es constitu\u00eddas por subst\u00e2ncias<br \/>\nnaturais ou sint\u00e9ticas, de uso externo nas diversas partes do corpo humano, pele,<br \/>\nsistema capilar, unhas, l\u00e1bios, \u00f3rg\u00e3os genitais externos, dentes e membranas<br \/>\nmucosas da cavidade oral, com o objetivoexclusivo ou principal de limp\u00e1-los,<br \/>\nperfum\u00e1-los, alterar sua apar\u00eancia e\/ou corrigirodores corporais e\/ou proteg\u00ea-los<br \/>\nou mant\u00ea-los em bom estado&#8221; (Anexo I da Resolu\u00e7\u00e3o 211-DOU 14\/07\/05 \u2013<br \/>\nANVISA). Os produtos cosm\u00e9ticos s\u00e3o classificados e devem ter controle<br \/>\nregulat\u00f3rio em todos os pa\u00edses, visando garantir a seguran\u00e7a de uso dos produtos<br \/>\ne evitar efeitos adversos sobre a sa\u00fade dos consumidores. Os produtos<br \/>\ncosm\u00e9ticos, de higiene pessoal e perfume s\u00e3o classificados de acordo com o grau<br \/>\nde risco. Cite cada grau de risco dos cosm\u00e9ticos exemplificando.<br \/>\nc) Escolha um produto cosm\u00e9tico de grau 1 e 1 cosm\u00e9tico grau 2 e monte um<br \/>\nr\u00f3tulo para a embalagem com as seguintes informa\u00e7\u00f5es: nome do produto, tipo,<br \/>\ngrau de risco, indica\u00e7\u00f5es, modo de uso, restri\u00e7\u00f5es de uso, prazo de validade, e a<br \/>\ncomposi\u00e7\u00e3o.<br \/>\nd) A permeabilidade cut\u00e2nea \u00e9 a capacidade que a pele possui de deixar passar,<br \/>\nseletivamente, determinadas subst\u00e2ncias de acordo com a sua natureza<br \/>\nbioqu\u00edmica ou determinados fatores. De acordo com esta informa\u00e7\u00e3o, responda a<br \/>\npergunta: Quais s\u00e3o as vias de penetra\u00e7\u00e3o dos ativos e cite as caracter\u00edsticas<br \/>\ndestas.<br \/>\n4) Experi\u00eancia pr\u00e1tica<br \/>\nDeterg\u00eancia \u00e9 a propriedade de limpar e retirar as sujidades e a gordura de<br \/>\nsuperf\u00edcies s\u00f3lidas, atribu\u00edda aos tensoativos. Na superf\u00edcie da pele, existem<br \/>\nsecre\u00e7\u00f5es lipof\u00edlicas das gl\u00e2ndulas seb\u00e1ceas, res\u00edduos de poeira, polui\u00e7\u00e3o,<br \/>\ncosm\u00e9ticos, entre outras subst\u00e2ncias, e por n\u00e3o terem afinidade com a \u00e1gua, elas<br \/>\nn\u00e3o saem facilmente quando em contato. Os tensoativos facilitama retirada, pois<br \/>\ndiminuem a tens\u00e3o superficial entre a gordura\/sujeira e a \u00e1gua, permitindo que se<br \/>\nmisturem e promovam a limpeza.<br \/>\nCaro aluno(a), realize uma experi\u00eancia em sua casa, para isto voc\u00ea precisar\u00e1 de<br \/>\num copo transparente, \u00e1gua, \u00f3leo e detergente. Inicie colocando \u00e1gua dentro do<br \/>\ncopo, em seguida acrescente o \u00f3leo. Ap\u00f3s acrescentar o \u00f3leo observe o que<br \/>\nacontece.<br \/>\n\u2794 O que aconteceu quando foi adicionado \u00f3leo? Explique o porqu\u00ea do achado.<br \/>\nEm seguida, acrescente no copo que j\u00e1 cont\u00e9m a \u00e1gua e o \u00f3leo, o detergente, e<br \/>\nobserve o que acontece ap\u00f3s acrescentar o detergente colorido.<br \/>\n\u2794 O que aconteceu quando foi adicionado o detergente no copo que continha a<br \/>\n\u00e1gua e o \u00f3leo? Explique o porqu\u00ea do achado.<br \/>\n5) Entendendo os mecanismos de fotoprote\u00e7\u00e3o e sua aplica\u00e7\u00e3o pr\u00e1tica.<br \/>\na) Quais s\u00e3o os mecanismos de fotoprote\u00e7\u00e3o<br \/>\nb) O que s\u00e3o protetores solares? E bloqueadores solares?<br \/>\nc) As terapias integrativas e complementares trabalham com muitos fatores<br \/>\nrelacionados ao envelhecimento intr\u00ednseco.<br \/>\nd) J\u00e1 o envelhecimento extr\u00ednseco est\u00e1 diretamente relacionado ao<br \/>\nfotoenvelhecimento, que pode ser prevenido e retardado com o uso correto de<br \/>\nprote\u00e7\u00e3o solar.<br \/>\ne) Monte um quadro apresentando mitos e verdades sobre a prote\u00e7\u00e3o solar<br \/>\ncontendo 5 mitos e 5 verdades.<br \/>\nf) Fa\u00e7a um v\u00eddeo de aproximadamente 2 minutos apresentando um tutorial de<br \/>\ncomo aplicar filtro\/ bloqueador solar. Apresente a quantidade correta, modo de<br \/>\naplica\u00e7\u00e3o e \u00e1reas que devem receber a prote\u00e7\u00e3o.<br \/>\nChecklist<br \/>\nPrincipais etapas para a completude da atividade pr\u00e1tica:<br \/>\n&#8211; Identifica\u00e7\u00e3o das estruturas anat\u00e2omicas do sistema tegumentar e suas fun\u00e7\u00f5es;<br \/>\n&#8211; Diferentes tipos de pele e suas caracter\u00edsticas;<br \/>\n&#8211; Princ\u00edpios ativos, formula\u00e7\u00f5es csm\u00e9ticas e classifica\u00e7\u00e3o dos cosm\u00e9ticos;<br \/>\n&#8211; Experi\u00eancia pr\u00e1tica;<br \/>\n&#8211; Fotoprote\u00e7\u00e3o e o envelhecimento cut\u00e2neo.<br \/>\nRESULTADO<br \/>\nEntrega de um arquivo word que contemple todas as etapas da atividade pr\u00e1tica,<br \/>\nconforme apresentado no checklist.<\/p>\n<div class=\"elementor-toggle-item\">\n<h4 id=\"elementor-tab-title-1941\" class=\"elementor-tab-title elementor-active\" tabindex=\"0\" role=\"tab\" data-tab=\"1\" aria-controls=\"elementor-tab-content-1941\" aria-expanded=\"true\" aria-selected=\"true\">Como funciona?<\/h4>\n<div id=\"elementor-tab-content-1941\" class=\"elementor-tab-content elementor-clearfix elementor-active\" role=\"tabpanel\" data-tab=\"1\" aria-labelledby=\"elementor-tab-title-1941\">\n<p>Elaboramos os portf\u00f3lios, j\u00e1 deixamos prontos, nas normas da ABNT e conforme os requisitos da universidade. F\u00e1cil assim! O MELHOR \u00c9 QUE VOC\u00ca COMPRA E J\u00c1 BAIXA NA HORA O SEU ARQUIVO EM WORD! Sabemos que conciliar trabalho, fam\u00edlia, vida profissional e estudos \u00e9 dif\u00edcil hoje em dia, por isso, estamos aqui para ajudar voc\u00ea. Conte com nossa qualidade, experi\u00eancia e profissionalismo adquirindo seu portf\u00f3lio conosco. GARANTIMOS SEU CONCEITO!<\/p>\n<h4>Como se realizam os envios?<\/h4>\n<\/div>\n<\/div>\n<div class=\"elementor-toggle-item\">\n<div id=\"elementor-tab-content-1942\" class=\"elementor-tab-content elementor-clearfix elementor-active\" role=\"tabpanel\" data-tab=\"2\" aria-labelledby=\"elementor-tab-title-1942\">O seu trabalho \u00e9 disponibilizado pronto, respondido e nas normas j\u00e1 na mesma hora aqui em nosso site na sua \u00e1rea de downloads e tamb\u00e9m no seu e-mail.<\/div>\n<\/div>\n<div class=\"elementor-toggle-item\">\n<div id=\"elementor-tab-content-1943\" class=\"elementor-tab-content elementor-clearfix elementor-active\" role=\"tabpanel\" data-tab=\"3\" aria-labelledby=\"elementor-tab-title-1943\">\n<h4>Em quanto tempo recebo o portf\u00f3lio?<\/h4>\n<\/div>\n<\/div>\n<div class=\"elementor-toggle-item\">\n<div id=\"elementor-tab-content-1944\" class=\"elementor-tab-content elementor-clearfix elementor-active\" role=\"tabpanel\" data-tab=\"4\" aria-labelledby=\"elementor-tab-title-1944\">\n<p>Os envios s\u00e3o imediatos. Ap\u00f3s sua compra, o trabalho j\u00e1 \u00e9 disponibilizado instantaneamente aqui em nosso site e no seu e-mail.<\/p>\n<h4>E se o portf\u00f3lio que comprei precisar de corre\u00e7\u00e3o?<\/h4>\n<\/div>\n<\/div>\n<div class=\"elementor-toggle-item\">\n<div id=\"elementor-tab-content-1945\" class=\"elementor-tab-content elementor-clearfix elementor-active\" role=\"tabpanel\" data-tab=\"5\" aria-labelledby=\"elementor-tab-title-1945\">\n<p>Caso haja alguma solicita\u00e7\u00e3o de corre\u00e7\u00e3o\/altera\u00e7\u00e3o por parte do tutor, basta entrar em contato conosco pelo\u00a0WhatsApp\u00a0que provid\u00eanciaremos sem custo algum.<\/p>\n<h4>Qual o formato do arquivo?<\/h4>\n<\/div>\n<\/div>\n<div class=\"elementor-toggle-item\">\n<div id=\"elementor-tab-content-1946\" class=\"elementor-tab-content elementor-clearfix elementor-active\" role=\"tabpanel\" data-tab=\"6\" aria-labelledby=\"elementor-tab-title-1946\">\n<p>Os arquivos s\u00e3o enviados em formato Word e s\u00e3o edit\u00e1veis.<\/p>\n<h4>Caso eu tiver alguma d\u00favida, terei suporte no p\u00f3s venda?<\/h4>\n<\/div>\n<\/div>\n<div class=\"elementor-toggle-item\">\n<div id=\"elementor-tab-content-1948\" class=\"elementor-tab-content elementor-clearfix elementor-active\" role=\"tabpanel\" data-tab=\"8\" aria-labelledby=\"elementor-tab-title-1948\">\n<p>Sim, com certeza. Basta clicar no \u00edcone do WhatsApp no cantinho da tela. Ser\u00e1 um prazer atend\u00ea-lo(a).<\/p>\n<div class=\"elementor-toggle-item\">\n<div id=\"elementor-tab-content-1948\" class=\"elementor-tab-content elementor-clearfix elementor-active\" role=\"tabpanel\" data-tab=\"8\" aria-labelledby=\"elementor-tab-title-1948\">\n<h4>Quais os seus canais de contato?<\/h4>\n<\/div>\n<\/div>\n<div class=\"elementor-toggle-item\">\n<div id=\"elementor-tab-content-1949\" class=\"elementor-tab-content elementor-clearfix elementor-active\" role=\"tabpanel\" data-tab=\"9\" aria-labelledby=\"elementor-tab-title-1949\">\n<p>Whatsapp: 53 984751621 \u2013 Clicar no canto da tela ou ESCANEIE O QRCODE ABAIXO<\/p>\n<h4><img decoding=\"async\" class=\"alignnone wp-image-13699 jetpack-lazy-image jetpack-lazy-image--handled\" src=\"https:\/\/i0.wp.com\/portifolioos-prontos.com\/wp-content\/uploads\/2023\/02\/whatsapp-business-projeto-de-extensao-300x300.jpeg?resize=144%2C144\" sizes=\"(max-width: 144px) 100vw, 144px\" srcset=\"https:\/\/i0.wp.com\/portifolioos-prontos.com\/wp-content\/uploads\/2023\/02\/whatsapp-business-projeto-de-extensao.jpeg?resize=300%2C301&amp;ssl=1 300w, https:\/\/i0.wp.com\/portifolioos-prontos.com\/wp-content\/uploads\/2023\/02\/whatsapp-business-projeto-de-extensao.jpeg?resize=150%2C150&amp;ssl=1 150w, https:\/\/i0.wp.com\/portifolioos-prontos.com\/wp-content\/uploads\/2023\/02\/whatsapp-business-projeto-de-extensao.jpeg?resize=370%2C372&amp;ssl=1 370w, https:\/\/i0.wp.com\/portifolioos-prontos.com\/wp-content\/uploads\/2023\/02\/whatsapp-business-projeto-de-extensao.jpeg?resize=100%2C100&amp;ssl=1 100w, https:\/\/i0.wp.com\/portifolioos-prontos.com\/wp-content\/uploads\/2023\/02\/whatsapp-business-projeto-de-extensao.jpeg?w=470&amp;ssl=1 470w\" alt=\"projeto de extens\u00e3o unopar\" width=\"144\" height=\"144\" data-lazy-loaded=\"1\" \/><\/h4>\n<\/div>\n<\/div>\n<\/div>\n<\/div>\n<div class=\"elementor-toggle-item\">\n<div id=\"elementor-tab-content-1949\" class=\"elementor-tab-content elementor-clearfix elementor-active\" role=\"tabpanel\" data-tab=\"9\" aria-labelledby=\"elementor-tab-title-1949\">\n<p>E-mail:portifoliosp@gmail.com<\/p>\n<div id=\"attachment_143\" class=\"wp-caption alignnone\">\n<div id=\"attachment_143\" class=\"wp-caption alignnone\" style=\"width: 102px;\">\n<p><a href=\"https:\/\/portifolioos-prontos.com\/\"><img decoding=\"async\" class=\"wp-image-143 jetpack-lazy-image jetpack-lazy-image--handled smush-image-16 smush-image-17 smush-detected-img smush-image-11\" title=\"portfolio pronto unopar\" src=\"https:\/\/i0.wp.com\/portifolioos-prontos.com\/wp-content\/uploads\/2022\/04\/conceitomaximo.png?resize=161%2C46\" alt=\"PORTFOLIO PRONTO UNOPAR ANHANGUERA\" width=\"102\" height=\"29\" aria-describedby=\"caption-attachment-143\" data-lazy-loaded=\"1\" \/><\/a><\/p>\n<p id=\"caption-attachment-143\" class=\"wp-caption-text\">Portf\u00f3lio em Word, respondido, completo e j\u00e1 nas normas.<\/p>\n<\/div>\n<\/div>\n<\/div>\n<\/div>\n","protected":false},"excerpt":{"rendered":"<div class=\"product-short-description\">\n<h5><strong>Pague pelo PIX ou cart\u00e3o e fa\u00e7a o download agora mesmo.<\/strong><\/h5>\n<\/div>\n<div class=\"sticky-add-to-cart-wrapper\">\n<div class=\"sticky-add-to-cart\">\n<div class=\"quantity buttons_added form-flat\"><img decoding=\"async\" class=\"alignnone wp-image-761 lazyloaded smush-image-7 smush-detected-img smush-image-2\" src=\"https:\/\/portifolioos-prontos.com\/wp-content\/uploads\/2022\/04\/PIX-300x107.webp\" alt=\"\" width=\"78\" height=\"28\" data-src=\"https:\/\/portifolioos-prontos.com\/wp-content\/uploads\/2022\/04\/PIX-300x107.webp\" \/>\u00a0\u00a0<img loading=\"lazy\" decoding=\"async\" class=\"lazyloaded smush-image-8 smush-detected-img smush-image-3\" src=\"https:\/\/d26lpennugtm8s.cloudfront.net\/assets\/common\/img\/logos\/payment\/visa@2x.png\" width=\"46\" height=\"29\" data-src=\"https:\/\/d26lpennugtm8s.cloudfront.net\/assets\/common\/img\/logos\/payment\/visa@2x.png\" \/><img loading=\"lazy\" decoding=\"async\" class=\"lazyloaded smush-image-9 smush-detected-img smush-image-4\" src=\"https:\/\/d26lpennugtm8s.cloudfront.net\/assets\/common\/img\/logos\/payment\/boleto@2x.png\" width=\"43\" height=\"27\" data-src=\"https:\/\/d26lpennugtm8s.cloudfront.net\/assets\/common\/img\/logos\/payment\/boleto@2x.png\" \/><img loading=\"lazy\" decoding=\"async\" class=\"lazyloaded smush-image-10 smush-detected-img smush-image-5\" src=\"https:\/\/d26lpennugtm8s.cloudfront.net\/assets\/common\/img\/logos\/payment\/mastercard@2x.png\" width=\"43\" height=\"27\" data-src=\"https:\/\/d26lpennugtm8s.cloudfront.net\/assets\/common\/img\/logos\/payment\/mastercard@2x.png\" \/><img loading=\"lazy\" decoding=\"async\" class=\"lazyloaded smush-image-11 smush-detected-img smush-image-6\" src=\"https:\/\/d26lpennugtm8s.cloudfront.net\/assets\/common\/img\/logos\/payment\/amex@2x.png\" width=\"43\" height=\"27\" data-src=\"https:\/\/d26lpennugtm8s.cloudfront.net\/assets\/common\/img\/logos\/payment\/amex@2x.png\" \/><img loading=\"lazy\" decoding=\"async\" class=\"lazyloaded smush-image-12 smush-detected-img smush-image-7\" src=\"https:\/\/d26lpennugtm8s.cloudfront.net\/assets\/common\/img\/logos\/payment\/diners@2x.png\" width=\"46\" height=\"29\" data-src=\"https:\/\/d26lpennugtm8s.cloudfront.net\/assets\/common\/img\/logos\/payment\/diners@2x.png\" \/><img loading=\"lazy\" decoding=\"async\" class=\"lazyloaded smush-image-13 smush-detected-img smush-image-8\" src=\"https:\/\/d26lpennugtm8s.cloudfront.net\/assets\/common\/img\/logos\/payment\/br\/elo@2x.png\" width=\"45\" height=\"28\" data-src=\"https:\/\/d26lpennugtm8s.cloudfront.net\/assets\/common\/img\/logos\/payment\/br\/elo@2x.png\" \/><img loading=\"lazy\" decoding=\"async\" class=\"lazyloaded smush-image-14 smush-detected-img smush-image-9\" src=\"https:\/\/d26lpennugtm8s.cloudfront.net\/assets\/common\/img\/logos\/payment\/br\/hipercard@2x.png\" width=\"44\" height=\"28\" data-src=\"https:\/\/d26lpennugtm8s.cloudfront.net\/assets\/common\/img\/logos\/payment\/br\/hipercard@2x.png\" \/><img loading=\"lazy\" decoding=\"async\" class=\"lazyloaded smush-image-15 smush-detected-img smush-image-10\" src=\"https:\/\/d26lpennugtm8s.cloudfront.net\/assets\/common\/img\/logos\/payment\/mercadopago@2x.png\" width=\"45\" height=\"28\" data-src=\"https:\/\/d26lpennugtm8s.cloudfront.net\/assets\/common\/img\/logos\/payment\/mercadopago@2x.png\" \/><\/div>\n<\/div>\n<\/div>\n","protected":false},"featured_media":31750,"template":"","meta":{"_seopress_robots_primary_cat":"","_seopress_titles_title":"%%post_title%% %%sitetitle%%","_seopress_titles_desc":"%%post_content%%","_seopress_robots_index":""},"product_cat":[15],"product_tag":[],"class_list":{"0":"post-31745","1":"product","2":"type-product","3":"status-publish","4":"has-post-thumbnail","6":"product_cat-uncategorized","8":"first","9":"instock","10":"downloadable","11":"virtual","12":"purchasable","13":"product-type-simple","14":"col-xs-6 col-sm-4","15":"col-mf-5","16":"un-5-cols"},"jetpack_sharing_enabled":true,"_links":{"self":[{"href":"https:\/\/portifolioos-prontos.com\/index.php\/wp-json\/wp\/v2\/product\/31745","targetHints":{"allow":["GET"]}}],"collection":[{"href":"https:\/\/portifolioos-prontos.com\/index.php\/wp-json\/wp\/v2\/product"}],"about":[{"href":"https:\/\/portifolioos-prontos.com\/index.php\/wp-json\/wp\/v2\/types\/product"}],"version-history":[{"count":0,"href":"https:\/\/portifolioos-prontos.com\/index.php\/wp-json\/wp\/v2\/product\/31745\/revisions"}],"wp:featuredmedia":[{"embeddable":true,"href":"https:\/\/portifolioos-prontos.com\/index.php\/wp-json\/wp\/v2\/media\/31750"}],"wp:attachment":[{"href":"https:\/\/portifolioos-prontos.com\/index.php\/wp-json\/wp\/v2\/media?parent=31745"}],"wp:term":[{"taxonomy":"product_cat","embeddable":true,"href":"https:\/\/portifolioos-prontos.com\/index.php\/wp-json\/wp\/v2\/product_cat?post=31745"},{"taxonomy":"product_tag","embeddable":true,"href":"https:\/\/portifolioos-prontos.com\/index.php\/wp-json\/wp\/v2\/product_tag?post=31745"}],"curies":[{"name":"wp","href":"https:\/\/api.w.org\/{rel}","templated":true}]}}