{"id":31776,"date":"2024-10-28T19:44:56","date_gmt":"2024-10-28T22:44:56","guid":{"rendered":"https:\/\/portifolioos-prontos.com\/?post_type=product&#038;p=31776"},"modified":"2024-11-01T09:32:39","modified_gmt":"2024-11-01T12:32:39","slug":"atividade-pratica-materiais-acabamentos-e-revestimentos","status":"publish","type":"product","link":"https:\/\/portifolioos-prontos.com\/index.php\/product\/atividade-pratica-materiais-acabamentos-e-revestimentos\/","title":{"rendered":"Atividade Pr\u00e1tica Materiais, Acabamentos e Revestimentos"},"content":{"rendered":"<h5>Atividade Pr\u00e1tica Materiais, Acabamentos e Revestimentos<\/h5>\n<p>O B J E T I V O S<br \/>\nA proposta desta atividade pr\u00e1tica possui os seguintes objetivos:<br \/>\n&#8211; Conhecer e identificar materiais e produtos;<br \/>\n&#8211; Identificar com as caracter\u00edsticas gerais e propriedades dos materiais;<br \/>\n&#8211; Desenvolver tabela de materiais, acabamentos e revestimentos.<br \/>\nR E C U R S O S<br \/>\nMat\u00e9ria de desenho e Computador com acesso \u00e0 internet e ao ambiente virtual.<br \/>\nP R O C E D I M E N T O S P R \u00c1 T I C O S<br \/>\nAtividade proposta<br \/>\nMEMORIAL DE ESPECIFICA\u00c7\u00c3O DE MATERIAIS, ACABAMENTO E REVESTIMENTO.<br \/>\nProcedimentos para a realiza\u00e7\u00e3o da atividade<br \/>\nEsta atividade ser\u00e1 dividida em algumas tarefas, para ter como produto o MEMORIAL DE<br \/>\nESPECIFICA\u00c7\u00c3O DE MATERIAIS, ACABAMENTO E REVESTIMENTO.<br \/>\nComo primeiro passo, \u00e9 necess\u00e1rio reconhecer os tipos de materiais e acabamentos tais como:<br \/>\nmetais, cer\u00e2micos, pol\u00edmeros, materiais comp\u00f3sitos.<br \/>\n1) Fa\u00e7a uma pesquisa sobre essas classifica\u00e7\u00f5es, e organize as informa\u00e7\u00f5es em: classe,<br \/>\npropriedades e observa\u00e7\u00f5es, podendo ser organizada em uma tabela, como o exemplo<br \/>\nabaixo:<br \/>\nMETAIS<br \/>\nClasse Propriedades Observa\u00e7\u00f5es<br \/>\nFerrosos:<br \/>\nsuscept\u00edveis \u00e0<br \/>\na\u00e7\u00e3o da<br \/>\nferrugem (ferro e<br \/>\na\u00e7o)<br \/>\n&#8211; Condutor t\u00e9rmico e<br \/>\nel\u00e9trico;<br \/>\n&#8211; Maleabilidade e<br \/>\nDuctilidade;<br \/>\nElevada resist\u00eancia;<br \/>\n&#8211; Peso e custo<br \/>\nmoderados.<br \/>\nPode ser encontrado<br \/>\nem metais como cubas,<br \/>\ntorneiras,<br \/>\nacabamentos de<br \/>\nregistro, entre outros.<br \/>\nN\u00e3o-ferrosos:<br \/>\nn\u00e3o implica em<br \/>\nferrugem<br \/>\n(alum\u00ednio,<br \/>\nbronze, cobre,<br \/>\nlat\u00e3o).<br \/>\n2) Elabore uma tabela de acabamentos que conste: imagem, caracter\u00edsticas e aplica\u00e7\u00e3o, dos<br \/>\nseguintes materiais: Tipos de veda\u00e7\u00e3o (alvenaria, bloco de concreto, drywall), Cer\u00e2mica,<br \/>\nazulejo e porcelanato; Tintas; Pedras; Forro (met\u00e1lico, madeira, PVC, gesso, mineral),<br \/>\nMadeiras, Vidro (simples, temperado, laminado, ac\u00fastico); Granito e M\u00e1rmore, Pedras<br \/>\nsint\u00e9ticas; e Pisos laminados e vin\u00edlicos. O formato em A4, e poder\u00e1 ter at\u00e9 8<br \/>\nfolhas\/pranchas\/ slides.<br \/>\n3) Utilize os programas que tem habilidade para o desenvolvimento das tarefas.<br \/>\n4) Ap\u00f3s a constru\u00e7\u00e3o do projeto, voc\u00ea dever\u00e1 postar o material, contendo:<br \/>\n\uf0b7 Materiais conforme descritos nas tarefas 1 e 4, contendo at\u00e9 10 folhas\/ pranchas\/ slides<br \/>\nno tamanho A4 em PDF em um \u00fanico arquivo.<br \/>\nChecklist<br \/>\nPrincipais etapas para a completude da atividade pr\u00e1tica:<br \/>\n&#8211; Estudo sobre materiais, acabamento e revestimento;<br \/>\n&#8211; Pesquisa sobre materiais, acabamento e revestimento;<br \/>\n&#8211; Constru\u00e7\u00e3o da memorial de mateirais, acabamento e revestimento;<br \/>\nR E S U L T A D O<br \/>\n\uf0a7 Constru\u00e7\u00e3o de uma tabela de materiais, acabamento e revestimento conforme<br \/>\norienta\u00e7\u00f5es do trabalho.<br \/>\n\uf0a7 Entrega de um arquivo em PDF, arquivo \u00fanico, com a identifica\u00e7\u00e3o do aluno, que<br \/>\ncontemple todas as etapas da atividade pr\u00e1tica.<\/p>\n<div class=\"elementor-toggle-item\">\n<h4 id=\"elementor-tab-title-1941\" class=\"elementor-tab-title elementor-active\" tabindex=\"0\" role=\"tab\" data-tab=\"1\" aria-controls=\"elementor-tab-content-1941\" aria-expanded=\"true\" aria-selected=\"true\">Como funciona?<\/h4>\n<div id=\"elementor-tab-content-1941\" class=\"elementor-tab-content elementor-clearfix elementor-active\" role=\"tabpanel\" data-tab=\"1\" aria-labelledby=\"elementor-tab-title-1941\">\n<p>Elaboramos os portf\u00f3lios, j\u00e1 deixamos prontos, nas normas da ABNT e conforme os requisitos da universidade. F\u00e1cil assim! O MELHOR \u00c9 QUE VOC\u00ca COMPRA E J\u00c1 BAIXA NA HORA O SEU ARQUIVO EM WORD! Sabemos que conciliar trabalho, fam\u00edlia, vida profissional e estudos \u00e9 dif\u00edcil hoje em dia, por isso, estamos aqui para ajudar voc\u00ea. Conte com nossa qualidade, experi\u00eancia e profissionalismo adquirindo seu portf\u00f3lio conosco. GARANTIMOS SEU CONCEITO!<\/p>\n<h4>Como se realizam os envios?<\/h4>\n<\/div>\n<\/div>\n<div class=\"elementor-toggle-item\">\n<div id=\"elementor-tab-content-1942\" class=\"elementor-tab-content elementor-clearfix elementor-active\" role=\"tabpanel\" data-tab=\"2\" aria-labelledby=\"elementor-tab-title-1942\">O seu trabalho \u00e9 disponibilizado pronto, respondido e nas normas j\u00e1 na mesma hora aqui em nosso site na sua \u00e1rea de downloads e tamb\u00e9m no seu e-mail.<\/div>\n<\/div>\n<div class=\"elementor-toggle-item\">\n<div id=\"elementor-tab-content-1943\" class=\"elementor-tab-content elementor-clearfix elementor-active\" role=\"tabpanel\" data-tab=\"3\" aria-labelledby=\"elementor-tab-title-1943\">\n<h4>Em quanto tempo recebo o portf\u00f3lio?<\/h4>\n<\/div>\n<\/div>\n<div class=\"elementor-toggle-item\">\n<div id=\"elementor-tab-content-1944\" class=\"elementor-tab-content elementor-clearfix elementor-active\" role=\"tabpanel\" data-tab=\"4\" aria-labelledby=\"elementor-tab-title-1944\">\n<p>Os envios s\u00e3o imediatos. Ap\u00f3s sua compra, o trabalho j\u00e1 \u00e9 disponibilizado instantaneamente aqui em nosso site e no seu e-mail.<\/p>\n<h4>E se o portf\u00f3lio que comprei precisar de corre\u00e7\u00e3o?<\/h4>\n<\/div>\n<\/div>\n<div class=\"elementor-toggle-item\">\n<div id=\"elementor-tab-content-1945\" class=\"elementor-tab-content elementor-clearfix elementor-active\" role=\"tabpanel\" data-tab=\"5\" aria-labelledby=\"elementor-tab-title-1945\">\n<p>Caso haja alguma solicita\u00e7\u00e3o de corre\u00e7\u00e3o\/altera\u00e7\u00e3o por parte do tutor, basta entrar em contato conosco pelo\u00a0WhatsApp\u00a0que provid\u00eanciaremos sem custo algum.<\/p>\n<h4>Qual o formato do arquivo?<\/h4>\n<\/div>\n<\/div>\n<div class=\"elementor-toggle-item\">\n<div id=\"elementor-tab-content-1946\" class=\"elementor-tab-content elementor-clearfix elementor-active\" role=\"tabpanel\" data-tab=\"6\" aria-labelledby=\"elementor-tab-title-1946\">\n<p>Os arquivos s\u00e3o enviados em formato Word e s\u00e3o edit\u00e1veis.<\/p>\n<h4>Caso eu tiver alguma d\u00favida, terei suporte no p\u00f3s venda?<\/h4>\n<\/div>\n<\/div>\n<div class=\"elementor-toggle-item\">\n<div id=\"elementor-tab-content-1948\" class=\"elementor-tab-content elementor-clearfix elementor-active\" role=\"tabpanel\" data-tab=\"8\" aria-labelledby=\"elementor-tab-title-1948\">\n<p>Sim, com certeza. Basta clicar no \u00edcone do WhatsApp no cantinho da tela. Ser\u00e1 um prazer atend\u00ea-lo(a).<\/p>\n<div class=\"elementor-toggle-item\">\n<div id=\"elementor-tab-content-1948\" class=\"elementor-tab-content elementor-clearfix elementor-active\" role=\"tabpanel\" data-tab=\"8\" aria-labelledby=\"elementor-tab-title-1948\">\n<h4>Quais os seus canais de contato?<\/h4>\n<\/div>\n<\/div>\n<div class=\"elementor-toggle-item\">\n<div id=\"elementor-tab-content-1949\" class=\"elementor-tab-content elementor-clearfix elementor-active\" role=\"tabpanel\" data-tab=\"9\" aria-labelledby=\"elementor-tab-title-1949\">\n<p>Whatsapp: 53 984751621 \u2013 Clicar no canto da tela ou ESCANEIE O QRCODE ABAIXO<\/p>\n<h4><img decoding=\"async\" class=\"alignnone wp-image-13699 jetpack-lazy-image jetpack-lazy-image--handled\" src=\"https:\/\/i0.wp.com\/portifolioos-prontos.com\/wp-content\/uploads\/2023\/02\/whatsapp-business-projeto-de-extensao-300x300.jpeg?resize=144%2C144\" sizes=\"(max-width: 144px) 100vw, 144px\" srcset=\"https:\/\/i0.wp.com\/portifolioos-prontos.com\/wp-content\/uploads\/2023\/02\/whatsapp-business-projeto-de-extensao.jpeg?resize=300%2C301&amp;ssl=1 300w, https:\/\/i0.wp.com\/portifolioos-prontos.com\/wp-content\/uploads\/2023\/02\/whatsapp-business-projeto-de-extensao.jpeg?resize=150%2C150&amp;ssl=1 150w, https:\/\/i0.wp.com\/portifolioos-prontos.com\/wp-content\/uploads\/2023\/02\/whatsapp-business-projeto-de-extensao.jpeg?resize=370%2C372&amp;ssl=1 370w, https:\/\/i0.wp.com\/portifolioos-prontos.com\/wp-content\/uploads\/2023\/02\/whatsapp-business-projeto-de-extensao.jpeg?resize=100%2C100&amp;ssl=1 100w, https:\/\/i0.wp.com\/portifolioos-prontos.com\/wp-content\/uploads\/2023\/02\/whatsapp-business-projeto-de-extensao.jpeg?w=470&amp;ssl=1 470w\" alt=\"projeto de extens\u00e3o unopar\" width=\"144\" height=\"144\" data-lazy-loaded=\"1\" \/><\/h4>\n<\/div>\n<\/div>\n<\/div>\n<\/div>\n<div class=\"elementor-toggle-item\">\n<div id=\"elementor-tab-content-1949\" class=\"elementor-tab-content elementor-clearfix elementor-active\" role=\"tabpanel\" data-tab=\"9\" aria-labelledby=\"elementor-tab-title-1949\">\n<p>E-mail:portifoliosp@gmail.com<\/p>\n<div id=\"attachment_143\" class=\"wp-caption alignnone\">\n<div id=\"attachment_143\" class=\"wp-caption alignnone\" style=\"width: 92px;\">\n<p><a href=\"https:\/\/portifolioos-prontos.com\/\"><img decoding=\"async\" class=\"wp-image-143 jetpack-lazy-image jetpack-lazy-image--handled smush-image-16 smush-image-17 smush-detected-img smush-image-11\" title=\"portfolio pronto unopar\" src=\"https:\/\/i0.wp.com\/portifolioos-prontos.com\/wp-content\/uploads\/2022\/04\/conceitomaximo.png?resize=161%2C46\" alt=\"PORTFOLIO PRONTO UNOPAR ANHANGUERA\" width=\"92\" height=\"26\" aria-describedby=\"caption-attachment-143\" data-lazy-loaded=\"1\" \/><\/a><\/p>\n<p id=\"caption-attachment-143\" class=\"wp-caption-text\">Portf\u00f3lio em Word, respondido, completo e j\u00e1 nas normas.<\/p>\n<\/div>\n<\/div>\n<\/div>\n<\/div>\n","protected":false},"excerpt":{"rendered":"<div class=\"product-short-description\">\n<h5><strong>Pague pelo PIX ou cart\u00e3o e fa\u00e7a o download agora mesmo.<\/strong><\/h5>\n<\/div>\n<div class=\"sticky-add-to-cart-wrapper\">\n<div class=\"sticky-add-to-cart\">\n<div class=\"quantity buttons_added form-flat\"><img decoding=\"async\" class=\"alignnone wp-image-761 lazyloaded smush-image-7 smush-detected-img smush-image-2\" src=\"https:\/\/portifolioos-prontos.com\/wp-content\/uploads\/2022\/04\/PIX-300x107.webp\" alt=\"\" width=\"78\" height=\"28\" data-src=\"https:\/\/portifolioos-prontos.com\/wp-content\/uploads\/2022\/04\/PIX-300x107.webp\" \/>\u00a0\u00a0<img loading=\"lazy\" decoding=\"async\" class=\"lazyloaded smush-image-8 smush-detected-img smush-image-3\" src=\"https:\/\/d26lpennugtm8s.cloudfront.net\/assets\/common\/img\/logos\/payment\/visa@2x.png\" width=\"46\" height=\"29\" data-src=\"https:\/\/d26lpennugtm8s.cloudfront.net\/assets\/common\/img\/logos\/payment\/visa@2x.png\" \/><img loading=\"lazy\" decoding=\"async\" class=\"lazyloaded smush-image-9 smush-detected-img smush-image-4\" src=\"https:\/\/d26lpennugtm8s.cloudfront.net\/assets\/common\/img\/logos\/payment\/boleto@2x.png\" width=\"43\" height=\"27\" data-src=\"https:\/\/d26lpennugtm8s.cloudfront.net\/assets\/common\/img\/logos\/payment\/boleto@2x.png\" \/><img loading=\"lazy\" decoding=\"async\" class=\"lazyloaded smush-image-10 smush-detected-img smush-image-5\" src=\"https:\/\/d26lpennugtm8s.cloudfront.net\/assets\/common\/img\/logos\/payment\/mastercard@2x.png\" width=\"43\" height=\"27\" data-src=\"https:\/\/d26lpennugtm8s.cloudfront.net\/assets\/common\/img\/logos\/payment\/mastercard@2x.png\" \/><img loading=\"lazy\" decoding=\"async\" class=\"lazyloaded smush-image-11 smush-detected-img smush-image-6\" src=\"https:\/\/d26lpennugtm8s.cloudfront.net\/assets\/common\/img\/logos\/payment\/amex@2x.png\" width=\"43\" height=\"27\" data-src=\"https:\/\/d26lpennugtm8s.cloudfront.net\/assets\/common\/img\/logos\/payment\/amex@2x.png\" \/><img loading=\"lazy\" decoding=\"async\" class=\"lazyloaded smush-image-12 smush-detected-img smush-image-7\" src=\"https:\/\/d26lpennugtm8s.cloudfront.net\/assets\/common\/img\/logos\/payment\/diners@2x.png\" width=\"46\" height=\"29\" data-src=\"https:\/\/d26lpennugtm8s.cloudfront.net\/assets\/common\/img\/logos\/payment\/diners@2x.png\" \/><img loading=\"lazy\" decoding=\"async\" class=\"lazyloaded smush-image-13 smush-detected-img smush-image-8\" src=\"https:\/\/d26lpennugtm8s.cloudfront.net\/assets\/common\/img\/logos\/payment\/br\/elo@2x.png\" width=\"45\" height=\"28\" data-src=\"https:\/\/d26lpennugtm8s.cloudfront.net\/assets\/common\/img\/logos\/payment\/br\/elo@2x.png\" \/><img loading=\"lazy\" decoding=\"async\" class=\"lazyloaded smush-image-14 smush-detected-img smush-image-9\" src=\"https:\/\/d26lpennugtm8s.cloudfront.net\/assets\/common\/img\/logos\/payment\/br\/hipercard@2x.png\" width=\"44\" height=\"28\" data-src=\"https:\/\/d26lpennugtm8s.cloudfront.net\/assets\/common\/img\/logos\/payment\/br\/hipercard@2x.png\" \/><img loading=\"lazy\" decoding=\"async\" class=\"lazyloaded smush-image-15 smush-detected-img smush-image-10\" src=\"https:\/\/d26lpennugtm8s.cloudfront.net\/assets\/common\/img\/logos\/payment\/mercadopago@2x.png\" width=\"45\" height=\"28\" data-src=\"https:\/\/d26lpennugtm8s.cloudfront.net\/assets\/common\/img\/logos\/payment\/mercadopago@2x.png\" \/><\/div>\n<\/div>\n<\/div>\n","protected":false},"featured_media":31780,"template":"","meta":{"_seopress_robots_primary_cat":"none","_seopress_titles_title":"%%post_title%% %%sitetitle%%","_seopress_titles_desc":"%%post_content%%","_seopress_robots_index":""},"product_cat":[15],"product_tag":[],"class_list":{"0":"post-31776","1":"product","2":"type-product","3":"status-publish","4":"has-post-thumbnail","6":"product_cat-uncategorized","8":"first","9":"instock","10":"downloadable","11":"virtual","12":"purchasable","13":"product-type-simple","14":"col-xs-6 col-sm-4","15":"col-mf-5","16":"un-5-cols"},"jetpack_sharing_enabled":true,"_links":{"self":[{"href":"https:\/\/portifolioos-prontos.com\/index.php\/wp-json\/wp\/v2\/product\/31776","targetHints":{"allow":["GET"]}}],"collection":[{"href":"https:\/\/portifolioos-prontos.com\/index.php\/wp-json\/wp\/v2\/product"}],"about":[{"href":"https:\/\/portifolioos-prontos.com\/index.php\/wp-json\/wp\/v2\/types\/product"}],"version-history":[{"count":0,"href":"https:\/\/portifolioos-prontos.com\/index.php\/wp-json\/wp\/v2\/product\/31776\/revisions"}],"wp:featuredmedia":[{"embeddable":true,"href":"https:\/\/portifolioos-prontos.com\/index.php\/wp-json\/wp\/v2\/media\/31780"}],"wp:attachment":[{"href":"https:\/\/portifolioos-prontos.com\/index.php\/wp-json\/wp\/v2\/media?parent=31776"}],"wp:term":[{"taxonomy":"product_cat","embeddable":true,"href":"https:\/\/portifolioos-prontos.com\/index.php\/wp-json\/wp\/v2\/product_cat?post=31776"},{"taxonomy":"product_tag","embeddable":true,"href":"https:\/\/portifolioos-prontos.com\/index.php\/wp-json\/wp\/v2\/product_tag?post=31776"}],"curies":[{"name":"wp","href":"https:\/\/api.w.org\/{rel}","templated":true}]}}