{"id":32779,"date":"2024-11-04T20:27:26","date_gmt":"2024-11-04T23:27:26","guid":{"rendered":"https:\/\/portifolioos-prontos.com\/?post_type=product&#038;p=32779"},"modified":"2025-08-03T18:01:18","modified_gmt":"2025-08-03T21:01:18","slug":"projeto-integrado-o-hospital-vida-saudavel","status":"publish","type":"product","link":"https:\/\/portifolioos-prontos.com\/index.php\/product\/projeto-integrado-o-hospital-vida-saudavel\/","title":{"rendered":"Projeto Integrado &#8211; O Hospital Vida Saud\u00e1vel"},"content":{"rendered":"<h4>Projeto Integrado &#8211; O Hospital Vida Saud\u00e1vel<\/h4>\n<div class=\"elementor-toggle-item\" style=\"box-sizing: border-box; color: #666666; font-family: 'Work Sans', Arial, sans-serif; font-size: 14px; white-space: normal; background-color: #ffffff;\">\n<p class=\"MsoNormal\" style=\"margin-bottom: 0cm; text-align: justify;\">PROJETO INTEGRADO<\/p>\n<p class=\"MsoNormal\" style=\"margin-bottom: 0cm; text-align: justify;\">Prezado(a) aluno(a),<\/p>\n<p class=\"MsoNormal\" style=\"margin-bottom: 0cm; text-align: justify;\">Este projeto tem a finalidade de integrar os conhecimentos adquiridos ao longo do semestre com<\/p>\n<p class=\"MsoNormal\" style=\"margin-bottom: 0cm; text-align: justify;\">aplica\u00e7\u00f5es de situa\u00e7\u00f5es pr\u00e1ticas.<\/p>\n<p class=\"MsoNormal\" style=\"margin-bottom: 0cm; text-align: justify;\">**<\/p>\n<p class=\"MsoNormal\" style=\"margin-bottom: 0cm; text-align: justify;\">Atividade<\/p>\n<p class=\"MsoNormal\" style=\"margin-bottom: 0cm; text-align: justify;\">Leia a situa\u00e7\u00e3o problema abaixo que aborda a tem\u00e1tica de a\u00e7\u00f5es educativas focadas na<\/p>\n<p class=\"MsoNormal\" style=\"margin-bottom: 0cm; text-align: justify;\">seguran\u00e7a no trabalho e suas rela\u00e7\u00f5es em um ambiente hospitalar.<\/p>\n<p class=\"MsoNormal\" style=\"margin-bottom: 0cm; text-align: justify;\">&#8211; &#8211; &#8211; &#8211; &#8211; &#8211; &#8211; &#8211; &#8211; &#8211; &#8211; &#8211; &#8211;<\/p>\n<p class=\"MsoNormal\" style=\"margin-bottom: 0cm; text-align: justify;\">O Hospital Vida Saud\u00e1vel \u00e9 uma institui\u00e7\u00e3o de sa\u00fade localizada em uma regi\u00e3o metropolitana<\/p>\n<p class=\"MsoNormal\" style=\"margin-bottom: 0cm; text-align: justify;\">com alta demanda por servi\u00e7os m\u00e9dicos. Recentemente, a administra\u00e7\u00e3o do hospital percebeu um<\/p>\n<p class=\"MsoNormal\" style=\"margin-bottom: 0cm; text-align: justify;\">aumento no n\u00famero de acidentes de trabalho e incidentes relacionados \u00e0 biosseguran\u00e7a. Al\u00e9m disso,<\/p>\n<p class=\"MsoNormal\" style=\"margin-bottom: 0cm; text-align: justify;\">foi constatado que muitos funcion\u00e1rios n\u00e3o est\u00e3o totalmente cientes de seus direitos e deveres, bem<\/p>\n<p class=\"MsoNormal\" style=\"margin-bottom: 0cm; text-align: justify;\">como das normas de seguran\u00e7a e legisla\u00e7\u00e3o empresarial aplicada.<\/p>\n<p class=\"MsoNormal\" style=\"margin-bottom: 0cm; text-align: justify;\">Para abordar esses problemas, voc\u00ea como gestor do hospital decidiu implementar um programa<\/p>\n<p class=\"MsoNormal\" style=\"margin-bottom: 0cm; text-align: justify;\">abrangente de a\u00e7\u00f5es educativas focadas em seguran\u00e7a no trabalho, biosseguran\u00e7a, direitos humanos,<\/p>\n<p class=\"MsoNormal\" style=\"margin-bottom: 0cm; text-align: justify;\">sociedade brasileira e cidadania, com o objetivo de criar um ambiente de trabalho mais seguro e<\/p>\n<p class=\"MsoNormal\" style=\"margin-bottom: 0cm; text-align: justify;\">consciente, garantindo a integridade f\u00edsica e mental dos funcion\u00e1rios, al\u00e9m de promover uma cultura<\/p>\n<p class=\"MsoNormal\" style=\"margin-bottom: 0cm; text-align: justify;\">organizacional que respeite os direitos de todos.<\/p>\n<p class=\"MsoNormal\" style=\"margin-bottom: 0cm; text-align: justify;\">Joana \u00e9 a nova gerente de recursos humanos do hospital, a qual voc\u00ea destinou a miss\u00e3o de<\/p>\n<p class=\"MsoNormal\" style=\"margin-bottom: 0cm; text-align: justify;\">desenvolver e implementar o programa de a\u00e7\u00f5es educativas. Ela precisa elaborar um plano que aborde<\/p>\n<p class=\"MsoNormal\" style=\"margin-bottom: 0cm; text-align: justify;\">as seguintes tem\u00e1ticas:<\/p>\n<p class=\"MsoNormal\" style=\"margin-bottom: 0cm; text-align: justify;\">A\u00e7\u00f5es Educativas em Seguran\u00e7a no Trabalho: Desenvolver treinamentos e workshops que<\/p>\n<p class=\"MsoNormal\" style=\"margin-bottom: 0cm; text-align: justify;\">tragam informa\u00e7\u00f5es para os funcion\u00e1rios sobre pr\u00e1ticas seguras no ambiente hospitalar, como uso<\/p>\n<p class=\"MsoNormal\" style=\"margin-bottom: 0cm; text-align: justify;\">correto de equipamentos de prote\u00e7\u00e3o individual (EPIs), preven\u00e7\u00e3o de acidentes e procedimentos em<\/p>\n<p class=\"MsoNormal\" style=\"margin-bottom: 0cm; text-align: justify;\">caso de emerg\u00eancia.<\/p>\n<p class=\"MsoNormal\" style=\"margin-bottom: 0cm; text-align: justify;\">Legisla\u00e7\u00e3o Empresarial Aplicada: Informar os funcion\u00e1rios sobre as leis e regulamentos que<\/p>\n<p class=\"MsoNormal\" style=\"margin-bottom: 0cm; text-align: justify;\">regem o ambiente de trabalho, incluindo direitos trabalhistas, normas de contrata\u00e7\u00e3o, e pol\u00edticas<\/p>\n<p class=\"MsoNormal\" style=\"margin-bottom: 0cm; text-align: justify;\">internas do hospital. Isso inclui a Lei n\u00ba 8.213\/91, que trata da pol\u00edtica nacional de seguran\u00e7a e sa\u00fade<\/p>\n<p class=\"MsoNormal\" style=\"margin-bottom: 0cm; text-align: justify;\">no trabalho.<\/p>\n<p class=\"MsoNormal\" style=\"margin-bottom: 0cm; text-align: justify;\">Biosseguran\u00e7a: Implementar protocolos rigorosos para prevenir a exposi\u00e7\u00e3o a agentes<\/p>\n<p class=\"MsoNormal\" style=\"margin-bottom: 0cm; text-align: justify;\">biol\u00f3gicos, qu\u00edmicos e f\u00edsicos, garantindo que todos os funcion\u00e1rios saibam como manejar<\/p>\n<p class=\"MsoNormal\" style=\"margin-bottom: 0cm; text-align: justify;\">corretamente materiais biol\u00f3gicos e descart\u00e1veis, e estejam cientes das normas de higiene e seguran\u00e7a.<\/p>\n<p class=\"MsoNormal\" style=\"margin-bottom: 0cm; text-align: justify;\">Direitos Humanos: Promover a compreens\u00e3o e o respeito aos direitos humanos dentro do<\/p>\n<p class=\"MsoNormal\" style=\"margin-bottom: 0cm; text-align: justify;\">ambiente hospitalar, assegurando que todos os funcion\u00e1rios e pacientes sejam tratados com dignidade<\/p>\n<p class=\"MsoNormal\" style=\"margin-bottom: 0cm; text-align: justify;\">e respeito, sem discrimina\u00e7\u00e3o de qualquer natureza.<\/p>\n<p class=\"MsoNormal\" style=\"margin-bottom: 0cm; text-align: justify;\">Sociedade Brasileira e Cidadania: Incentivar os funcion\u00e1rios a exercerem sua cidadania ativa,<\/p>\n<p class=\"MsoNormal\" style=\"margin-bottom: 0cm; text-align: justify;\">participando de a\u00e7\u00f5es comunit\u00e1rias e projetos sociais que promovam a sa\u00fade e o bem-estar na<\/p>\n<p class=\"MsoNormal\" style=\"margin-bottom: 0cm; text-align: justify;\">comunidade em que o hospital est\u00e1 inserido.<\/p>\n<p class=\"MsoNormal\" style=\"margin-bottom: 0cm; text-align: justify;\">Joana precisa preparar uma apresenta\u00e7\u00e3o para voc\u00ea e a diretoria do hospital, detalhando seu<\/p>\n<p class=\"MsoNormal\" style=\"margin-bottom: 0cm; text-align: justify;\">plano de a\u00e7\u00e3o. Neste plano devem estar inclusos: a identifica\u00e7\u00e3o dos principais riscos e desafios em<\/p>\n<p class=\"MsoNormal\" style=\"margin-bottom: 0cm; text-align: justify;\">cada \u00e1rea, estrat\u00e9gias e m\u00e9todos de ensino que ser\u00e3o utilizados nas a\u00e7\u00f5es educativas, cronograma de<\/p>\n<p class=\"MsoNormal\" style=\"margin-bottom: 0cm; text-align: justify;\">implementa\u00e7\u00e3o das a\u00e7\u00f5es, indicadores de sucesso para avaliar a efic\u00e1cia do programa, propostas de<\/p>\n<p class=\"MsoNormal\" style=\"margin-bottom: 0cm; text-align: justify;\">parcerias com outras institui\u00e7\u00f5es e \u00f3rg\u00e3os governamentais para apoio e fortalecimento das a\u00e7\u00f5es.<\/p>\n<p class=\"MsoNormal\" style=\"margin-bottom: 0cm; text-align: justify;\">Al\u00e9m disso, Joana deve garantir que o plano esteja alinhado com os princ\u00edpios de direitos<\/p>\n<p class=\"MsoNormal\" style=\"margin-bottom: 0cm; text-align: justify;\">humanos e cidadania, promovendo um ambiente inclusivo e respeitoso para todos. Ela tamb\u00e9m precisa<\/p>\n<p class=\"MsoNormal\" style=\"margin-bottom: 0cm; text-align: justify;\">prever mecanismos para a atualiza\u00e7\u00e3o cont\u00ednua do programa, garantindo que ele se mantenha<\/p>\n<p class=\"MsoNormal\" style=\"margin-bottom: 0cm; text-align: justify;\">relevante e eficaz ao longo do tempo. Sabemos que essas a\u00e7\u00f5es s\u00e3o muito frequentes no ambiente<\/p>\n<p class=\"MsoNormal\" style=\"margin-bottom: 0cm; text-align: justify;\">hospitalar, devido \u00e0 alta rotatividade de profissionais, atualiza\u00e7\u00e3o tecnol\u00f3gica e tamb\u00e9m altera\u00e7\u00e3o de<\/p>\n<p class=\"MsoNormal\" style=\"margin-bottom: 0cm; text-align: justify;\">perfil epidemiol\u00f3gico. Dentro disso, \u00e9 importante que para que esta a\u00e7\u00e3o seja efetiva, haja um interesse<\/p>\n<p class=\"MsoNormal\" style=\"margin-bottom: 0cm; text-align: justify;\">por parte dos funcion\u00e1rios em participar mas tamb\u00e9m em absorver o conte\u00fado. Voc\u00ea como gestor, tem<\/p>\n<p class=\"MsoNormal\" style=\"margin-bottom: 0cm; text-align: justify;\">o papel de auxiliar a Joana, com ideia inovadoras, para que possam prorporcionar uma a\u00e7\u00e3o \u00fanica,<\/p>\n<p class=\"MsoNormal\" style=\"margin-bottom: 0cm; text-align: justify;\">diferente das anterioes. \u00c9 hora de INOVAR!<\/p>\n<p class=\"MsoNormal\" style=\"margin-bottom: 0cm; text-align: justify;\">Elabore uma proposta de plano de a\u00e7\u00e3o detalhada para que voc\u00ea e Joana apresentarem \u00e0<\/p>\n<p class=\"MsoNormal\" style=\"margin-bottom: 0cm; text-align: justify;\">diretoria do Hospital Vida Saud\u00e1vel, considerando todos os aspectos mencionados acima.<\/p>\n<p class=\"MsoNormal\" style=\"margin-bottom: 0cm; text-align: justify;\">PROJETO INTEGRADO<\/p>\n<p class=\"MsoNormal\" style=\"margin-bottom: 0cm; text-align: justify;\">PROJETO INTEGRADO<\/p>\n<p class=\"MsoNormal\" style=\"margin-bottom: 0cm; text-align: justify;\">Perguntas para refletir:<\/p>\n<p class=\"MsoNormal\" style=\"margin-bottom: 0cm; text-align: justify;\">1. Quais s\u00e3o as principais dificuldades que Joana pode encontrar na implementa\u00e7\u00e3o do programa?<\/p>\n<p class=\"MsoNormal\" style=\"margin-bottom: 0cm; text-align: justify;\">2. Como garantir que todos os funcion\u00e1rios participem ativamente das a\u00e7\u00f5es educativas?<\/p>\n<p class=\"MsoNormal\" style=\"margin-bottom: 0cm; text-align: justify;\">3. Que medidas podem ser tomadas para assegurar a sustentabilidade do programa a longo prazo?<\/p>\n<p class=\"MsoNormal\" style=\"margin-bottom: 0cm; text-align: justify;\">4. De que forma a promo\u00e7\u00e3o de direitos humanos e cidadania pode impactar positivamente o<\/p>\n<p class=\"MsoNormal\" style=\"margin-bottom: 0cm; text-align: justify;\">ambiente de trabalho no hospital?<\/p>\n<p class=\"MsoNormal\" style=\"margin-bottom: 0cm; text-align: justify;\">5. Como medir a efic\u00e1cia das a\u00e7\u00f5es educativas e fazer os ajustes necess\u00e1rios para melhorar o<\/p>\n<p class=\"MsoNormal\" style=\"margin-bottom: 0cm; text-align: justify;\">programa?<\/p>\n<div class=\"elementor-toggle-item\">\n<p id=\"elementor-tab-title-1941\" class=\"elementor-tab-title elementor-active\" tabindex=\"0\" role=\"tab\" data-tab=\"1\" aria-controls=\"elementor-tab-content-1941\" aria-expanded=\"true\" aria-selected=\"true\"><strong>Como funciona?<\/strong><\/p>\n<p>Elaboramos os portf\u00f3lios, j\u00e1 deixamos prontos, nas normas da ABNT e conforme os requisitos da universidade. F\u00e1cil assim! O MELHOR \u00c9 QUE VOC\u00ca COMPRA E J\u00c1 BAIXA NA HORA O SEU ARQUIVO EM WORD! Sabemos que conciliar trabalho, fam\u00edlia, vida profissional e estudos \u00e9 dif\u00edcil hoje em dia, por isso, estamos aqui para ajudar voc\u00ea. Conte com nossa qualidade, experi\u00eancia e profissionalismo adquirindo seu portf\u00f3lio conosco. GARANTIMOS SEU CONCEITO!<\/p>\n<p><strong>Como se realizam os envios?<\/strong><\/p>\n<\/div>\n<p id=\"elementor-tab-content-1942\" class=\"elementor-tab-content elementor-clearfix elementor-active\" role=\"tabpanel\" data-tab=\"2\" aria-labelledby=\"elementor-tab-title-1942\">O seu trabalho \u00e9 disponibilizado pronto, respondido e nas normas j\u00e1 na mesma hora aqui em nosso site na sua \u00e1rea de downloads e tamb\u00e9m no seu e-mail.<\/p>\n<p><strong>Em quanto tempo recebo o portf\u00f3lio?<\/strong><\/p>\n<p>Os envios s\u00e3o imediatos. Ap\u00f3s sua compra, o trabalho j\u00e1 \u00e9 disponibilizado instantaneamente aqui em nosso site e no seu e-mail.<\/p>\n<p><strong>E se o portf\u00f3lio que comprei precisar de corre\u00e7\u00e3o?<\/strong><\/p>\n<p>Caso haja alguma solicita\u00e7\u00e3o de corre\u00e7\u00e3o\/altera\u00e7\u00e3o por parte do tutor, basta entrar em contato conosco pelo\u00a0WhatsApp\u00a0que provid\u00eanciaremos sem custo algum.<\/p>\n<p><strong>Qual o formato do arquivo?<\/strong><\/p>\n<p>Os arquivos s\u00e3o enviados em formato Word e s\u00e3o edit\u00e1veis.<\/p>\n<p><strong>Caso eu tiver alguma d\u00favida, terei suporte no p\u00f3s venda?<\/strong><\/p>\n<p>Sim, com certeza. Basta clicar no \u00edcone do WhatsApp no cantinho da tela. Ser\u00e1 um prazer atend\u00ea-lo(a).<\/p>\n<div id=\"elementor-tab-content-1948\" class=\"elementor-tab-content elementor-clearfix elementor-active\" role=\"tabpanel\" data-tab=\"8\" aria-labelledby=\"elementor-tab-title-1948\">\n<p><strong>Quais os seus canais de contato?<\/strong><\/p>\n<\/div>\n<div id=\"elementor-tab-content-1949\" class=\"elementor-tab-content elementor-clearfix elementor-active\" role=\"tabpanel\" data-tab=\"9\" aria-labelledby=\"elementor-tab-title-1949\">\n<p>Whatsapp: 53 984751621 \u2013 Clicar no canto da tela ou ESCANEIE O QRCODE ABAIXO<\/p>\n<h4><img decoding=\"async\" class=\"alignnone wp-image-13699 jetpack-lazy-image jetpack-lazy-image--handled\" src=\"https:\/\/i0.wp.com\/portifolioos-prontos.com\/wp-content\/uploads\/2023\/02\/whatsapp-business-projeto-de-extensao-300x300.jpeg?resize=144%2C144\" sizes=\"(max-width: 144px) 100vw, 144px\" srcset=\"https:\/\/i0.wp.com\/portifolioos-prontos.com\/wp-content\/uploads\/2023\/02\/whatsapp-business-projeto-de-extensao.jpeg?resize=300%2C301&amp;ssl=1 300w, https:\/\/i0.wp.com\/portifolioos-prontos.com\/wp-content\/uploads\/2023\/02\/whatsapp-business-projeto-de-extensao.jpeg?resize=150%2C150&amp;ssl=1 150w, https:\/\/i0.wp.com\/portifolioos-prontos.com\/wp-content\/uploads\/2023\/02\/whatsapp-business-projeto-de-extensao.jpeg?resize=370%2C372&amp;ssl=1 370w, https:\/\/i0.wp.com\/portifolioos-prontos.com\/wp-content\/uploads\/2023\/02\/whatsapp-business-projeto-de-extensao.jpeg?resize=100%2C100&amp;ssl=1 100w, https:\/\/i0.wp.com\/portifolioos-prontos.com\/wp-content\/uploads\/2023\/02\/whatsapp-business-projeto-de-extensao.jpeg?w=470&amp;ssl=1 470w\" alt=\"projeto de extens\u00e3o unopar\" width=\"144\" height=\"144\" data-lazy-loaded=\"1\" \/><\/h4>\n<\/div>\n<div class=\"elementor-toggle-item\">\n<div id=\"elementor-tab-content-1949\" class=\"elementor-tab-content elementor-clearfix elementor-active\" role=\"tabpanel\" data-tab=\"9\" aria-labelledby=\"elementor-tab-title-1949\">\n<p>E-mail:portifoliosp@gmail.com<\/p>\n<div id=\"attachment_143\" class=\"wp-caption alignnone\">\n<div id=\"attachment_143\" class=\"wp-caption alignnone\">\n<p id=\"caption-attachment-143\" class=\"wp-caption-text\"><a href=\"http:\/\/portfolio-pronto.com\/\">Portf\u00f3lio<\/a>\u00a0em Word, respondido, completo e j\u00e1 nas normas<\/p>\n<\/div>\n<\/div>\n<\/div>\n<\/div>\n<\/div>\n","protected":false},"excerpt":{"rendered":"<div class=\"product-short-description\" style=\"box-sizing: border-box;\">\n<div class=\"product-short-description\">\n<p><strong>Pague pelo PIX ou cart\u00e3o e fa\u00e7a o download agora mesmo.<\/strong><\/p>\n<\/div>\n<div class=\"sticky-add-to-cart-wrapper\">\n<div class=\"sticky-add-to-cart\">\n<p class=\"quantity buttons_added form-flat\"><img decoding=\"async\" class=\"lazyloaded smush-image-5 smush-image-3 smush-image-4 smush-detected-img smush-image-bigger-3\" src=\"https:\/\/d26lpennugtm8s.cloudfront.net\/assets\/common\/img\/logos\/payment\/visa@2x.png\" width=\"46\" height=\"29\" data-src=\"https:\/\/d26lpennugtm8s.cloudfront.net\/assets\/common\/img\/logos\/payment\/visa@2x.png\" \/><img decoding=\"async\" class=\"lazyloaded smush-image-6 smush-image-4 smush-image-5 smush-detected-img smush-image-bigger-4\" src=\"https:\/\/d26lpennugtm8s.cloudfront.net\/assets\/common\/img\/logos\/payment\/boleto@2x.png\" width=\"43\" height=\"27\" data-src=\"https:\/\/d26lpennugtm8s.cloudfront.net\/assets\/common\/img\/logos\/payment\/boleto@2x.png\" \/><img loading=\"lazy\" decoding=\"async\" class=\"lazyloaded smush-image-7 smush-image-5 smush-image-6 smush-detected-img smush-image-bigger-5\" src=\"https:\/\/d26lpennugtm8s.cloudfront.net\/assets\/common\/img\/logos\/payment\/mastercard@2x.png\" width=\"43\" height=\"27\" data-src=\"https:\/\/d26lpennugtm8s.cloudfront.net\/assets\/common\/img\/logos\/payment\/mastercard@2x.png\" \/><img loading=\"lazy\" decoding=\"async\" class=\"lazyloaded smush-image-8 smush-image-6 smush-image-7 smush-detected-img smush-image-bigger-6\" src=\"https:\/\/d26lpennugtm8s.cloudfront.net\/assets\/common\/img\/logos\/payment\/amex@2x.png\" width=\"43\" height=\"27\" data-src=\"https:\/\/d26lpennugtm8s.cloudfront.net\/assets\/common\/img\/logos\/payment\/amex@2x.png\" \/><img loading=\"lazy\" decoding=\"async\" class=\"lazyloaded smush-image-9 smush-image-7 smush-image-8 smush-detected-img smush-image-bigger-7\" src=\"https:\/\/d26lpennugtm8s.cloudfront.net\/assets\/common\/img\/logos\/payment\/diners@2x.png\" width=\"46\" height=\"29\" data-src=\"https:\/\/d26lpennugtm8s.cloudfront.net\/assets\/common\/img\/logos\/payment\/diners@2x.png\" \/><img loading=\"lazy\" decoding=\"async\" class=\"lazyloaded smush-image-10 smush-image-8 smush-image-9 alignnone smush-detected-img smush-image-bigger-8\" src=\"https:\/\/d26lpennugtm8s.cloudfront.net\/assets\/common\/img\/logos\/payment\/br\/elo@2x.png\" alt=\"portf\u00f3lio unopar anhanguera\" width=\"45\" height=\"28\" data-src=\"https:\/\/d26lpennugtm8s.cloudfront.net\/assets\/common\/img\/logos\/payment\/br\/elo@2x.png\" \/><img loading=\"lazy\" decoding=\"async\" class=\"lazyloaded smush-image-11 smush-image-9 smush-image-10 alignnone smush-detected-img smush-image-bigger-9\" src=\"https:\/\/d26lpennugtm8s.cloudfront.net\/assets\/common\/img\/logos\/payment\/br\/hipercard@2x.png\" alt=\"portf\u00f3lio unopar anhanguera\" width=\"44\" height=\"28\" data-src=\"https:\/\/d26lpennugtm8s.cloudfront.net\/assets\/common\/img\/logos\/payment\/br\/hipercard@2x.png\" \/><img loading=\"lazy\" decoding=\"async\" class=\"lazyloaded smush-image-12 smush-image-10 smush-image-11 alignnone smush-detected-img smush-image-bigger-10\" src=\"https:\/\/d26lpennugtm8s.cloudfront.net\/assets\/common\/img\/logos\/payment\/mercadopago@2x.png\" alt=\"portf\u00f3lio unopar anhanguera\" width=\"45\" height=\"28\" data-src=\"https:\/\/d26lpennugtm8s.cloudfront.net\/assets\/common\/img\/logos\/payment\/mercadopago@2x.png\" \/><img loading=\"lazy\" decoding=\"async\" class=\"alignnone lazyloaded smush-detected-img smush-image-bigger-11\" src=\"https:\/\/futurium.com.br\/wp-content\/uploads\/2021\/06\/logo-pix-icone-512.png\" alt=\"portfolio pronto\" width=\"30\" height=\"30\" data-src=\"https:\/\/futurium.com.br\/wp-content\/uploads\/2021\/06\/logo-pix-icone-512.png\" \/><\/p>\n<\/div>\n<\/div>\n<\/div>\n","protected":false},"featured_media":32782,"template":"","meta":{"_seopress_robots_primary_cat":"none","_seopress_titles_title":"%%post_title%% %%sitetitle%%","_seopress_titles_desc":"%%post_content%%","_seopress_robots_index":""},"product_cat":[15],"product_tag":[],"class_list":{"0":"post-32779","1":"product","2":"type-product","3":"status-publish","4":"has-post-thumbnail","6":"product_cat-uncategorized","8":"first","9":"instock","10":"downloadable","11":"virtual","12":"purchasable","13":"product-type-simple","14":"col-xs-6 col-sm-4","15":"col-mf-5","16":"un-5-cols"},"jetpack_sharing_enabled":true,"_links":{"self":[{"href":"https:\/\/portifolioos-prontos.com\/index.php\/wp-json\/wp\/v2\/product\/32779","targetHints":{"allow":["GET"]}}],"collection":[{"href":"https:\/\/portifolioos-prontos.com\/index.php\/wp-json\/wp\/v2\/product"}],"about":[{"href":"https:\/\/portifolioos-prontos.com\/index.php\/wp-json\/wp\/v2\/types\/product"}],"version-history":[{"count":0,"href":"https:\/\/portifolioos-prontos.com\/index.php\/wp-json\/wp\/v2\/product\/32779\/revisions"}],"wp:featuredmedia":[{"embeddable":true,"href":"https:\/\/portifolioos-prontos.com\/index.php\/wp-json\/wp\/v2\/media\/32782"}],"wp:attachment":[{"href":"https:\/\/portifolioos-prontos.com\/index.php\/wp-json\/wp\/v2\/media?parent=32779"}],"wp:term":[{"taxonomy":"product_cat","embeddable":true,"href":"https:\/\/portifolioos-prontos.com\/index.php\/wp-json\/wp\/v2\/product_cat?post=32779"},{"taxonomy":"product_tag","embeddable":true,"href":"https:\/\/portifolioos-prontos.com\/index.php\/wp-json\/wp\/v2\/product_tag?post=32779"}],"curies":[{"name":"wp","href":"https:\/\/api.w.org\/{rel}","templated":true}]}}