{"id":33111,"date":"2024-11-11T19:38:04","date_gmt":"2024-11-11T22:38:04","guid":{"rendered":"https:\/\/portifolioos-prontos.com\/?post_type=product&#038;p=33111"},"modified":"2025-08-03T18:01:34","modified_gmt":"2025-08-03T21:01:34","slug":"aula-pratica-gerenciamento-de-redes","status":"publish","type":"product","link":"https:\/\/portifolioos-prontos.com\/index.php\/product\/aula-pratica-gerenciamento-de-redes\/","title":{"rendered":"Aula pr\u00e1tica Gerenciamento de Redes"},"content":{"rendered":"<h4 style=\"box-sizing: border-box; margin-bottom: 1.3em; color: #777777; font-family: Lato, sans-serif; font-size: medium;\">Aula pr\u00e1tica Gerenciamento de Redes<\/h4>\n<hr style=\"box-sizing: border-box; border-top-width: 1px; border-top-style: solid; margin: 15px 0px; opacity: 0.1; color: #777777; font-family: Lato, sans-serif; font-size: medium; background-color: #ffffff;\" \/>\n<p style=\"box-sizing: border-box; margin-bottom: 1.3em; color: #777777; font-family: Lato, sans-serif; font-size: medium;\">ROTEIRO DE AULA PR\u00c1TICA<br style=\"box-sizing: border-box;\" \/>NOME DA DISCIPLINA: Gerenciamento de Redes<br style=\"box-sizing: border-box;\" \/>Escolher um item.<br style=\"box-sizing: border-box;\" \/>Escolher um item.<br style=\"box-sizing: border-box;\" \/>OBJETIVOS<br style=\"box-sizing: border-box;\" \/>Defini\u00e7\u00e3o dos objetivos da aula pr\u00e1tica: \u2013 Entender a ferramenta Cisco Packet Tracer \u2013 Criar uma pequena rede de computadores e monitorar utilizando a ferramenta Cisco Packet Tracer.<br style=\"box-sizing: border-box;\" \/>INFRAESTRUTURA<br style=\"box-sizing: border-box;\" \/>Instala\u00e7\u00f5es:<br style=\"box-sizing: border-box;\" \/>Computador com Cisco Packet Tracer<br style=\"box-sizing: border-box;\" \/>Materiais de consumo:<br style=\"box-sizing: border-box;\" \/>Descri\u00e7\u00e3o<br style=\"box-sizing: border-box;\" \/>Computador<br style=\"box-sizing: border-box;\" \/>Software:<br style=\"box-sizing: border-box;\" \/>Quantid. de materiais por<br style=\"box-sizing: border-box;\" \/>procedimento\/atividade<br style=\"box-sizing: border-box;\" \/>1 por aluno<br style=\"box-sizing: border-box;\" \/>Sim ( X ) N\u00e3o ( )<br style=\"box-sizing: border-box;\" \/>Em caso afirmativo, qual?<br style=\"box-sizing: border-box;\" \/>Pago ( ) N\u00e3o Pago ( X )<br style=\"box-sizing: border-box;\" \/>Tipo de Licen\u00e7a: Gratuita.<br style=\"box-sizing: border-box;\" \/>Descri\u00e7\u00e3o do software:<br style=\"box-sizing: border-box;\" \/>O Packet Tracer \u00e9 um programa educacional gratuito que permite simular uma rede de computadores, atrav\u00e9s<br style=\"box-sizing: border-box;\" \/>de equipamentos e configura\u00e7\u00f5es presente em situa\u00e7\u00f5es reais. O programa apresenta uma interface gr\u00e1fica<br style=\"box-sizing: border-box;\" \/>simples, com suportes multim\u00eddia que auxiliam na confec\u00e7\u00e3o das simula\u00e7\u00f5es.<br style=\"box-sizing: border-box;\" \/>Equipamento de Prote\u00e7\u00e3o Individual (EPI): \u2013 NSA<br style=\"box-sizing: border-box;\" \/>2<br style=\"box-sizing: border-box;\" \/>PROCEDIMENTOS PR\u00c1TICOS<br style=\"box-sizing: border-box;\" \/>Procedimento\/Atividade N\u00ba 1<br style=\"box-sizing: border-box;\" \/>Atividade proposta:<br style=\"box-sizing: border-box;\" \/>Criar uma pequena rede de computadores e monitorar utilizando a ferramenta Cisco Packet Tracer.<br style=\"box-sizing: border-box;\" \/>Procedimentos para a realiza\u00e7\u00e3o da atividade:<br style=\"box-sizing: border-box;\" \/>Nessa pr\u00e1tica, voc\u00ea dever\u00e1 utilizar a ferramenta Cisco Packet Tracer para criar e testar uma<br style=\"box-sizing: border-box;\" \/>pequena rede de computadores que foi proposta.<br style=\"box-sizing: border-box;\" \/>\u2022 Primeiramente, voc\u00ea dever\u00e1 fazer download da ferramenta Cisco Packet Tracer,<br style=\"box-sizing: border-box;\" \/>acessando o seguinte link:<br style=\"box-sizing: border-box;\" \/><a style=\"box-sizing: border-box; background-color: transparent; touch-action: manipulation; color: var(--fs-experimental-link-color);\" href=\"https:\/\/mega.nz\/file\/h081RB7D#xPpdyKOKI53zaJKFLtNwEw8webLplHT7b8Sv6u\" rel=\"nofollow\">https:\/\/mega.nz\/file\/h081RB7D#xPpdyKOKI53zaJKFLtNwEw8webLplHT7b8Sv6u<\/a><br style=\"box-sizing: border-box;\" \/>qL1cY<br style=\"box-sizing: border-box;\" \/>\u2022 Fazer o cadastro no site da Cisco, necess\u00e1rio login para utilizar a vers\u00e3o estudante:<br style=\"box-sizing: border-box;\" \/><a style=\"box-sizing: border-box; background-color: transparent; touch-action: manipulation; color: var(--fs-experimental-link-color);\" href=\"https:\/\/id.cisco.com\/#\" rel=\"nofollow\">https:\/\/id.cisco.com\/#<\/a><br style=\"box-sizing: border-box;\" \/>\u2022 Para aprofundar o conte\u00fado, n\u00e3o \u00e9 obrigat\u00f3riao, mas passamos essa dica, fa\u00e7a o pequeno<br style=\"box-sizing: border-box;\" \/>curso oficial gratuito atrav\u00e9s da Academia de Rede Cisco, \u00e9 s\u00f3 fazer o cadastro e acompanhar<br style=\"box-sizing: border-box;\" \/>o curso, \u00e9 poss\u00edvel ir do b\u00e1sico ao avan\u00e7ado (dica de conte\u00fado adicional):<br style=\"box-sizing: border-box;\" \/><a style=\"box-sizing: border-box; background-color: transparent; touch-action: manipulation; color: var(--fs-experimental-link-color);\" href=\"https:\/\/skillsforall.com\/learningcollections\/cisco-packet\" rel=\"nofollow\">https:\/\/skillsforall.com\/learningcollections\/cisco-packet<\/a><br style=\"box-sizing: border-box;\" \/>tracer?utm_source=netacad.com&amp;utm_medium=referral&amp;utm_campaign=packet<br style=\"box-sizing: border-box;\" \/>tracer&amp;userlogin=0&amp;userLang=pt-BR<br style=\"box-sizing: border-box;\" \/>\u2022 Tela incial, conforme a Figura 1 a seguir.<br style=\"box-sizing: border-box;\" \/>Figura 1. Home Cisco Packet Tracer.<br style=\"box-sizing: border-box;\" \/>Fonte: Captura de tela Home Cisco Packet Tracer.<br style=\"box-sizing: border-box;\" \/>3<br style=\"box-sizing: border-box;\" \/>\u2014\u2014\u2014\u2014\u2014\u2014\u2014\u2014\u2014\u2014\u2014\u2014\u2014\u2014\u2014\u2014\u2014\u2014\u2014\u2014\u2014\u2014\u2014\u2014\u2014\u2014\u2014\u2014\u2014\u2014\u2014\u2014\u2014\u2014\u2014\u2014\u2014\u2014\u2014\u2014\u2014\u2014\u2014\u2014\u2014-<br style=\"box-sizing: border-box;\" \/>Criar a rede de computador abaixo no simulador de redes Cisco Packet Tracer:<br style=\"box-sizing: border-box;\" \/>Aplicar seus conhecimentos sobre gerenciamento de configura\u00e7\u00e3o de redes, monitoramento de<br style=\"box-sizing: border-box;\" \/>desempenho, seguran\u00e7a e gerenciamento de falhas usando o software gratuito Cisco Packet Tracer.<br style=\"box-sizing: border-box;\" \/>Instru\u00e7\u00f5es:<br style=\"box-sizing: border-box;\" \/>1\u00ba: Abra o software Cisco Packet Tracer e crie um novo projeto.<br style=\"box-sizing: border-box;\" \/>2\u00ba: Construa uma topologia de rede que inclua os seguintes elementos:<br style=\"box-sizing: border-box;\" \/>Dois switches (Switch 1 e Switch 2)<br style=\"box-sizing: border-box;\" \/>Tr\u00eas computadores (PC 1, PC 2, PC 3)<br style=\"box-sizing: border-box;\" \/>Um servidor (Server 1)<br style=\"box-sizing: border-box;\" \/>Um roteador (Router 1)<br style=\"box-sizing: border-box;\" \/>3\u00ba: Configure os endere\u00e7os IP dos dispositivos da seguinte forma:<br style=\"box-sizing: border-box;\" \/>PC 1:<br style=\"box-sizing: border-box;\" \/>Endere\u00e7o IP: 192.168.1.10<br style=\"box-sizing: border-box;\" \/>M\u00e1scara de sub-rede: 255.255.255.0<br style=\"box-sizing: border-box;\" \/>Gateway padr\u00e3o: 192.168.1.1 (endere\u00e7o IP do Router 1)<br style=\"box-sizing: border-box;\" \/>PC 2:<br style=\"box-sizing: border-box;\" \/>Endere\u00e7o IP: 192.168.1.20<br style=\"box-sizing: border-box;\" \/>M\u00e1scara de sub-rede: 255.255.255.0<br style=\"box-sizing: border-box;\" \/>Gateway padr\u00e3o: 192.168.1.1 (endere\u00e7o IP do Router 1)<br style=\"box-sizing: border-box;\" \/>PC 3:<br style=\"box-sizing: border-box;\" \/>Endere\u00e7o IP: 192.168.1.30<br style=\"box-sizing: border-box;\" \/>M\u00e1scara de sub-rede: 255.255.255.0<br style=\"box-sizing: border-box;\" \/>Gateway padr\u00e3o: 192.168.1.1 (endere\u00e7o IP do Router 1)<br style=\"box-sizing: border-box;\" \/>Server 1:<br style=\"box-sizing: border-box;\" \/>4<br style=\"box-sizing: border-box;\" \/>Endere\u00e7o IP: 192.168.1.100<br style=\"box-sizing: border-box;\" \/>M\u00e1scara de sub-rede: 255.255.255.0<br style=\"box-sizing: border-box;\" \/>Gateway padr\u00e3o: 192.168.1.1 (endere\u00e7o IP do Router 1)<br style=\"box-sizing: border-box;\" \/>Router 1:<br style=\"box-sizing: border-box;\" \/>Configure as interfaces FastEthernet ou GigabitEthernet com os endere\u00e7os IP apropriados para a<br style=\"box-sizing: border-box;\" \/>conex\u00e3o com os dispositivos da rede.<br style=\"box-sizing: border-box;\" \/>4\u00ba: Configure os switches para criar VLANs:<br style=\"box-sizing: border-box;\" \/>No Switch 1, crie uma VLAN chamada \u201cGerenciamento\u201d com a ID VLAN 10 e atribua as interfaces que<br style=\"box-sizing: border-box;\" \/>est\u00e3o conectadas aos PCs 1 e 2 a essa VLAN.<br style=\"box-sizing: border-box;\" \/>No Switch 2, crie uma VLAN chamada \u201cUsu\u00e1rios\u201d com a ID VLAN 20 e atribua a interface conectada ao<br style=\"box-sizing: border-box;\" \/>PC 3 a essa VLAN.<br style=\"box-sizing: border-box;\" \/>5\u00ba: Configure o roteamento no Router 1 para permitir a conectividade entre todas as VLANs.<br style=\"box-sizing: border-box;\" \/>Configure subinterfaces no Router 1 para cada VLAN.<br style=\"box-sizing: border-box;\" \/>Atribua a interface conectada ao Switch 1 \u00e0 VLAN de gerenciamento e a interface conectada ao Switch<br style=\"box-sizing: border-box;\" \/>2 \u00e0 VLAN de usu\u00e1rios.<br style=\"box-sizing: border-box;\" \/>6\u00ba: Implemente medidas de seguran\u00e7a na rede:<br style=\"box-sizing: border-box;\" \/>No Router 1, configure ACLs (Listas de Controle de Acesso) para restringir o acesso de entrada e sa\u00edda<br style=\"box-sizing: border-box;\" \/>das VLANs de gerenciamento e usu\u00e1rios.<br style=\"box-sizing: border-box;\" \/>Permita apenas tr\u00e1fego necess\u00e1rio para os servi\u00e7os essenciais.<br style=\"box-sizing: border-box;\" \/>7\u00ba: Realize um teste de conectividade entre os dispositivos de diferentes VLANs.<br style=\"box-sizing: border-box;\" \/>Abra o prompt de comando nos computadores e tente realizar um ping para o endere\u00e7o IP do servidor<br style=\"box-sizing: border-box;\" \/>em uma VLAN diferente.<br style=\"box-sizing: border-box;\" \/>Verifique se o ping \u00e9 bem-sucedido e se h\u00e1 conectividade entre as VLANs.<br style=\"box-sizing: border-box;\" \/>8\u00ba: Utilize as ferramentas de monitoramento do Cisco Packet Tracer para analisar o desempenho da<br style=\"box-sizing: border-box;\" \/>rede.<br style=\"box-sizing: border-box;\" \/>Selecione um dos switches e utilize a ferramenta de monitoramento para monitorar o tr\u00e1fego nas<br style=\"box-sizing: border-box;\" \/>interfaces e verificar o desempenho da rede.<br style=\"box-sizing: border-box;\" \/>9\u00ba: Identifique poss\u00edveis falhas de rede e implemente medidas de gerenciamento de falhas.<br style=\"box-sizing: border-box;\" \/>Introduza uma falha simulada, como desconectar um cabo de rede ou desativar uma interface do<br style=\"box-sizing: border-box;\" \/>5<br style=\"box-sizing: border-box;\" \/>switch.<br style=\"box-sizing: border-box;\" \/>Utilize as ferramentas do Cisco Packet Tracer para identificar a falha e implementar as etapas de<br style=\"box-sizing: border-box;\" \/>gerenciamento de falhas para corrigir o problema.<br style=\"box-sizing: border-box;\" \/>10\u00ba: Analise o impacto do gerenciamento de falhas na seguran\u00e7a da informa\u00e7\u00e3o.<br style=\"box-sizing: border-box;\" \/>adicionais.<br style=\"box-sizing: border-box;\" \/>Verifique se as medidas de gerenciamento de falhas implementadas n\u00e3o comprometem a seguran\u00e7a da<br style=\"box-sizing: border-box;\" \/>rede. Certifique-se de que as a\u00e7\u00f5es tomadas para resolver as falhas n\u00e3o introduzem vulnerabilidades \u2014\u2014\u2014\u2014\u2014\u2014\u2014\u2014\u2014\u2014\u2014\u2014\u2014\u2014\u2014\u2014\u2014\u2014\u2014\u2014\u2014\u2014\u2014\u2014\u2014\u2014\u2014\u2014\u2014\u2014\u2014\u2014\u2014\u2014\u2014\u2014\u2014\u2014\u2014\u2014\u2014\u2014\u2014\u2014\u2014-<br style=\"box-sizing: border-box;\" \/><a style=\"box-sizing: border-box; background-color: transparent; touch-action: manipulation; color: var(--fs-experimental-link-color);\" href=\"https:\/\/www.portfoliopronto.com\/\">Checklist:<\/a><br style=\"box-sizing: border-box;\" \/>1. Crie um novo projeto no Cisco Packet Trace<a style=\"box-sizing: border-box; background-color: transparent; touch-action: manipulation; color: var(--fs-experimental-link-color);\" href=\"https:\/\/portfoliooead.com.br\/\">r.<\/a><br style=\"box-sizing: border-box;\" \/>2. Construa uma topologia com switches, computadores, servidor e roteador.<br style=\"box-sizing: border-box;\" \/>3. Configure os endere\u00e7os IP dos dispositivos.<br style=\"box-sizing: border-box;\" \/>4. Configure VLANs nos switches.<br style=\"box-sizing: border-box;\" \/>5. Configure o roteamento no roteador para pe<a style=\"box-sizing: border-box; background-color: transparent; touch-action: manipulation; color: var(--fs-experimental-link-color);\" href=\"https:\/\/portfoliointerdisciplinar.com.br\/\">rmitir<\/a>\u00a0a conectividade entre as VLANs.<br style=\"box-sizing: border-box;\" \/>6. Implemente medidas de seguran\u00e7a com ACLs no roteador.<br style=\"box-sizing: border-box;\" \/>7. Teste a conectividade entre os dispositivos de diferentes VLANs.<br style=\"box-sizing: border-box;\" \/>8. Utilize as ferramentas de monitoramento do Cisco Packet Tracer para analisar o<br style=\"box-sizing: border-box;\" \/>desempenho da rede.<br style=\"box-sizing: border-box;\" \/>9. Identifique e corrija falhas de rede utilizando as ferramentas do Packet Tracer.<br style=\"box-sizing: border-box;\" \/>10. Analise o impacto do gerenciamento de falhas na seguran\u00e7a da informa\u00e7\u00e3o.<br style=\"box-sizing: border-box;\" \/>RESULTADOS<br style=\"box-sizing: border-box;\" \/>Resultados da aula pr\u00e1tica:<br style=\"box-sizing: border-box;\" \/>Nesse exerc\u00edcio, o voc\u00ea aprendeu a criar uma topologia de rede no Cisco Packet Tracer, configurar endere\u00e7os<br style=\"box-sizing: border-box;\" \/>IP, criar VLANs, realizar roteamento entre VLANs, implementar medidas de seguran\u00e7a com ACLs, testar a<br style=\"box-sizing: border-box;\" \/>conectividade entre dispositivos, monitorar o desempenho da rede e identificar e corrigir falhas de rede.<br style=\"box-sizing: border-box;\" \/>Al\u00e9m disso, foi enfatizado o impacto do gerenciamento de falhas na seguran\u00e7a da informa\u00e7\u00e3o, garantindo<br style=\"box-sizing: border-box;\" \/>que as a\u00e7\u00f5es tomadas para solucionar problemas n\u00e3o comprometam a seguran\u00e7a da rede.<\/p>\n<div class=\"elementor-toggle-item\" style=\"box-sizing: border-box;\">\n<div class=\"elementor-toggle-item\">\n<p id=\"elementor-tab-title-1941\" class=\"elementor-tab-title elementor-active\" tabindex=\"0\" role=\"tab\" data-tab=\"1\" aria-controls=\"elementor-tab-content-1941\" aria-expanded=\"true\" aria-selected=\"true\"><strong>Como funciona?<\/strong><\/p>\n<p>Elaboramos os portf\u00f3lios, j\u00e1 deixamos prontos, nas normas da ABNT e conforme os requisitos da universidade. F\u00e1cil assim! O MELHOR \u00c9 QUE VOC\u00ca COMPRA E J\u00c1 BAIXA NA HORA O SEU ARQUIVO EM WORD! Sabemos que conciliar trabalho, fam\u00edlia, vida profissional e estudos \u00e9 dif\u00edcil hoje em dia, por isso, estamos aqui para ajudar voc\u00ea. Conte com nossa qualidade, experi\u00eancia e profissionalismo adquirindo seu portf\u00f3lio conosco. GARANTIMOS SEU CONCEITO!<\/p>\n<p><strong>Como se realizam os envios?<\/strong><\/p>\n<\/div>\n<p id=\"elementor-tab-content-1942\" class=\"elementor-tab-content elementor-clearfix elementor-active\" role=\"tabpanel\" data-tab=\"2\" aria-labelledby=\"elementor-tab-title-1942\">O seu trabalho \u00e9 disponibilizado pronto, respondido e nas normas j\u00e1 na mesma hora aqui em nosso site na sua \u00e1rea de downloads e tamb\u00e9m no seu e-mail.<\/p>\n<p><strong>Em quanto tempo recebo o portf\u00f3lio?<\/strong><\/p>\n<p>Os envios s\u00e3o imediatos. Ap\u00f3s sua compra, o trabalho j\u00e1 \u00e9 disponibilizado instantaneamente aqui em nosso site e no seu e-mail.<\/p>\n<p><strong>E se o portf\u00f3lio que comprei precisar de corre\u00e7\u00e3o?<\/strong><\/p>\n<p>Caso haja alguma solicita\u00e7\u00e3o de corre\u00e7\u00e3o\/altera\u00e7\u00e3o por parte do tutor, basta entrar em contato conosco pelo\u00a0WhatsApp\u00a0que provid\u00eanciaremos sem custo algum.<\/p>\n<p><strong>Qual o formato do arquivo?<\/strong><\/p>\n<p>Os arquivos s\u00e3o enviados em formato Word e s\u00e3o edit\u00e1veis.<\/p>\n<p><strong>Caso eu tiver alguma d\u00favida, terei suporte no p\u00f3s venda?<\/strong><\/p>\n<p>Sim, com certeza. Basta clicar no \u00edcone do WhatsApp no cantinho da tela. Ser\u00e1 um prazer atend\u00ea-lo(a).<\/p>\n<div id=\"elementor-tab-content-1948\" class=\"elementor-tab-content elementor-clearfix elementor-active\" role=\"tabpanel\" data-tab=\"8\" aria-labelledby=\"elementor-tab-title-1948\">\n<p><strong>Quais os seus canais de contato?<\/strong><\/p>\n<\/div>\n<div id=\"elementor-tab-content-1949\" class=\"elementor-tab-content elementor-clearfix elementor-active\" role=\"tabpanel\" data-tab=\"9\" aria-labelledby=\"elementor-tab-title-1949\">\n<p>Whatsapp: 53 984751621 \u2013 Clicar no canto da tela ou ESCANEIE O QRCODE ABAIXO<\/p>\n<h4><img decoding=\"async\" class=\"alignnone wp-image-13699 jetpack-lazy-image jetpack-lazy-image--handled\" src=\"https:\/\/i0.wp.com\/portifolioos-prontos.com\/wp-content\/uploads\/2023\/02\/whatsapp-business-projeto-de-extensao-300x300.jpeg?resize=144%2C144\" sizes=\"(max-width: 144px) 100vw, 144px\" srcset=\"https:\/\/i0.wp.com\/portifolioos-prontos.com\/wp-content\/uploads\/2023\/02\/whatsapp-business-projeto-de-extensao.jpeg?resize=300%2C301&amp;ssl=1 300w, https:\/\/i0.wp.com\/portifolioos-prontos.com\/wp-content\/uploads\/2023\/02\/whatsapp-business-projeto-de-extensao.jpeg?resize=150%2C150&amp;ssl=1 150w, https:\/\/i0.wp.com\/portifolioos-prontos.com\/wp-content\/uploads\/2023\/02\/whatsapp-business-projeto-de-extensao.jpeg?resize=370%2C372&amp;ssl=1 370w, https:\/\/i0.wp.com\/portifolioos-prontos.com\/wp-content\/uploads\/2023\/02\/whatsapp-business-projeto-de-extensao.jpeg?resize=100%2C100&amp;ssl=1 100w, https:\/\/i0.wp.com\/portifolioos-prontos.com\/wp-content\/uploads\/2023\/02\/whatsapp-business-projeto-de-extensao.jpeg?w=470&amp;ssl=1 470w\" alt=\"projeto de extens\u00e3o unopar\" width=\"144\" height=\"144\" data-lazy-loaded=\"1\" \/><\/h4>\n<\/div>\n<div class=\"elementor-toggle-item\">\n<div id=\"elementor-tab-content-1949\" class=\"elementor-tab-content elementor-clearfix elementor-active\" role=\"tabpanel\" data-tab=\"9\" aria-labelledby=\"elementor-tab-title-1949\">\n<p>E-mail:portifoliosp@gmail.com<\/p>\n<div id=\"attachment_143\" class=\"wp-caption alignnone\">\n<div id=\"attachment_143\" class=\"wp-caption alignnone\">\n<p id=\"caption-attachment-143\" class=\"wp-caption-text\"><a href=\"http:\/\/portfolio-pronto.com\/\">Portf\u00f3lio<\/a>\u00a0em Word, respondido, completo e j\u00e1 nas normas<\/p>\n<\/div>\n<\/div>\n<\/div>\n<\/div>\n<\/div>\n","protected":false},"excerpt":{"rendered":"<div class=\"product-short-description\" style=\"box-sizing: border-box;\">\n<div class=\"product-short-description\">\n<p><strong>Pague pelo PIX ou cart\u00e3o e fa\u00e7a o download agora mesmo.<\/strong><\/p>\n<\/div>\n<div class=\"sticky-add-to-cart-wrapper\">\n<div class=\"sticky-add-to-cart\">\n<p class=\"quantity buttons_added form-flat\"><img decoding=\"async\" class=\"lazyloaded smush-image-5 smush-image-3 smush-image-4 smush-detected-img smush-image-bigger-3\" src=\"https:\/\/d26lpennugtm8s.cloudfront.net\/assets\/common\/img\/logos\/payment\/visa@2x.png\" width=\"46\" height=\"29\" data-src=\"https:\/\/d26lpennugtm8s.cloudfront.net\/assets\/common\/img\/logos\/payment\/visa@2x.png\" \/><img decoding=\"async\" class=\"lazyloaded smush-image-6 smush-image-4 smush-image-5 smush-detected-img smush-image-bigger-4\" src=\"https:\/\/d26lpennugtm8s.cloudfront.net\/assets\/common\/img\/logos\/payment\/boleto@2x.png\" width=\"43\" height=\"27\" data-src=\"https:\/\/d26lpennugtm8s.cloudfront.net\/assets\/common\/img\/logos\/payment\/boleto@2x.png\" \/><img loading=\"lazy\" decoding=\"async\" class=\"lazyloaded smush-image-7 smush-image-5 smush-image-6 smush-detected-img smush-image-bigger-5\" src=\"https:\/\/d26lpennugtm8s.cloudfront.net\/assets\/common\/img\/logos\/payment\/mastercard@2x.png\" width=\"43\" height=\"27\" data-src=\"https:\/\/d26lpennugtm8s.cloudfront.net\/assets\/common\/img\/logos\/payment\/mastercard@2x.png\" \/><img loading=\"lazy\" decoding=\"async\" class=\"lazyloaded smush-image-8 smush-image-6 smush-image-7 smush-detected-img smush-image-bigger-6\" src=\"https:\/\/d26lpennugtm8s.cloudfront.net\/assets\/common\/img\/logos\/payment\/amex@2x.png\" width=\"43\" height=\"27\" data-src=\"https:\/\/d26lpennugtm8s.cloudfront.net\/assets\/common\/img\/logos\/payment\/amex@2x.png\" \/><img loading=\"lazy\" decoding=\"async\" class=\"lazyloaded smush-image-9 smush-image-7 smush-image-8 smush-detected-img smush-image-bigger-7\" src=\"https:\/\/d26lpennugtm8s.cloudfront.net\/assets\/common\/img\/logos\/payment\/diners@2x.png\" width=\"46\" height=\"29\" data-src=\"https:\/\/d26lpennugtm8s.cloudfront.net\/assets\/common\/img\/logos\/payment\/diners@2x.png\" \/><img loading=\"lazy\" decoding=\"async\" class=\"lazyloaded smush-image-10 smush-image-8 smush-image-9 alignnone smush-detected-img smush-image-bigger-8\" src=\"https:\/\/d26lpennugtm8s.cloudfront.net\/assets\/common\/img\/logos\/payment\/br\/elo@2x.png\" alt=\"portf\u00f3lio unopar anhanguera\" width=\"45\" height=\"28\" data-src=\"https:\/\/d26lpennugtm8s.cloudfront.net\/assets\/common\/img\/logos\/payment\/br\/elo@2x.png\" \/><img loading=\"lazy\" decoding=\"async\" class=\"lazyloaded smush-image-11 smush-image-9 smush-image-10 alignnone smush-detected-img smush-image-bigger-9\" src=\"https:\/\/d26lpennugtm8s.cloudfront.net\/assets\/common\/img\/logos\/payment\/br\/hipercard@2x.png\" alt=\"portf\u00f3lio unopar anhanguera\" width=\"44\" height=\"28\" data-src=\"https:\/\/d26lpennugtm8s.cloudfront.net\/assets\/common\/img\/logos\/payment\/br\/hipercard@2x.png\" \/><img loading=\"lazy\" decoding=\"async\" class=\"lazyloaded smush-image-12 smush-image-10 smush-image-11 alignnone smush-detected-img smush-image-bigger-10\" src=\"https:\/\/d26lpennugtm8s.cloudfront.net\/assets\/common\/img\/logos\/payment\/mercadopago@2x.png\" alt=\"portf\u00f3lio unopar anhanguera\" width=\"45\" height=\"28\" data-src=\"https:\/\/d26lpennugtm8s.cloudfront.net\/assets\/common\/img\/logos\/payment\/mercadopago@2x.png\" \/><img loading=\"lazy\" decoding=\"async\" class=\"alignnone lazyloaded smush-detected-img smush-image-bigger-11\" src=\"https:\/\/futurium.com.br\/wp-content\/uploads\/2021\/06\/logo-pix-icone-512.png\" alt=\"portfolio pronto\" width=\"30\" height=\"30\" data-src=\"https:\/\/futurium.com.br\/wp-content\/uploads\/2021\/06\/logo-pix-icone-512.png\" \/><\/p>\n<\/div>\n<\/div>\n<\/div>\n","protected":false},"featured_media":33116,"template":"","meta":{"_seopress_robots_primary_cat":"","_seopress_titles_title":"","_seopress_titles_desc":"","_seopress_robots_index":""},"product_cat":[15],"product_tag":[],"class_list":{"0":"post-33111","1":"product","2":"type-product","3":"status-publish","4":"has-post-thumbnail","6":"product_cat-uncategorized","8":"first","9":"instock","10":"downloadable","11":"virtual","12":"purchasable","13":"product-type-simple","14":"col-xs-6 col-sm-4","15":"col-mf-5","16":"un-5-cols"},"jetpack_sharing_enabled":true,"_links":{"self":[{"href":"https:\/\/portifolioos-prontos.com\/index.php\/wp-json\/wp\/v2\/product\/33111","targetHints":{"allow":["GET"]}}],"collection":[{"href":"https:\/\/portifolioos-prontos.com\/index.php\/wp-json\/wp\/v2\/product"}],"about":[{"href":"https:\/\/portifolioos-prontos.com\/index.php\/wp-json\/wp\/v2\/types\/product"}],"version-history":[{"count":0,"href":"https:\/\/portifolioos-prontos.com\/index.php\/wp-json\/wp\/v2\/product\/33111\/revisions"}],"wp:featuredmedia":[{"embeddable":true,"href":"https:\/\/portifolioos-prontos.com\/index.php\/wp-json\/wp\/v2\/media\/33116"}],"wp:attachment":[{"href":"https:\/\/portifolioos-prontos.com\/index.php\/wp-json\/wp\/v2\/media?parent=33111"}],"wp:term":[{"taxonomy":"product_cat","embeddable":true,"href":"https:\/\/portifolioos-prontos.com\/index.php\/wp-json\/wp\/v2\/product_cat?post=33111"},{"taxonomy":"product_tag","embeddable":true,"href":"https:\/\/portifolioos-prontos.com\/index.php\/wp-json\/wp\/v2\/product_tag?post=33111"}],"curies":[{"name":"wp","href":"https:\/\/api.w.org\/{rel}","templated":true}]}}