{"id":34085,"date":"2024-12-28T07:49:15","date_gmt":"2024-12-28T10:49:15","guid":{"rendered":"https:\/\/portifolioos-prontos.com\/?post_type=product&#038;p=34085"},"modified":"2025-08-03T18:01:43","modified_gmt":"2025-08-03T21:01:43","slug":"estagio-iii-teologia","status":"publish","type":"product","link":"https:\/\/portifolioos-prontos.com\/index.php\/product\/estagio-iii-teologia\/","title":{"rendered":"Est\u00e1gio III &#8211; Teologia &#8211; Execu\u00e7\u00e3o e Avalia\u00e7\u00e3o do Projeto de Interven\u00e7\u00e3o"},"content":{"rendered":"<h5>Est\u00e1gio em Teologia III<\/h5>\n<p>EXECU\u00c7\u00c3O E AVALIA\u00c7\u00c3O DO PROJETO DE INTERVEN\u00c7\u00c3O<\/p>\n<p>CURSO DE TEOLOGIA Orienta\u00e7\u00f5es para elabora\u00e7\u00e3o da produ\u00e7\u00e3o textual avaliativa do Est\u00e1gio em Teologia III Caro aluno (a) seja bem-vindo a disciplina de Est\u00e1gio em Teologia III Antes de iniciar suas atividades leia com aten\u00e7\u00e3o as orienta\u00e7\u00f5es abaixo e esclare\u00e7a eventuais d\u00favidas com o Supervisor Acad\u00eamico ou com o Tutor \u00e0 Dist\u00e2ncia: O relat\u00f3rio de est\u00e1gio III \u00e9 um instrumento de sistematiza\u00e7\u00e3o do processo de reflex\u00e3o e avalia\u00e7\u00e3o de sua viv\u00eancia pr\u00e1tica enquanto estagi\u00e1rio de Teologia, dessa forma \u00e9 importante que seja cuidadosamente elaborado e pertinente \u00e0s a\u00e7\u00f5es que foram desenvolvidas no campo de est\u00e1gio. Portanto, deve ser elaborado ao final do Est\u00e1gio como requisito de avalia\u00e7\u00e3o do semestre do curso. Como produ\u00e7\u00e3o textual avaliativa do 6\u00ba Semestre Flex e 7\u00ba Semestre o aluno-estagi\u00e1rio dever\u00e1 elaborar o Relat\u00f3rio Final de Est\u00e1gio, o qual dever\u00e1 contemplar a \u00e1rea da Teologia para a qual direcionou o projeto de interven\u00e7\u00e3o, as atividades propostas e executadas no projeto de interven\u00e7\u00e3o, bem como, suas percep\u00e7\u00f5es sobre a participa\u00e7\u00e3o do p\u00fablico-alvo frente \u00e0s interven\u00e7\u00f5es realizadas. Abaixo segue estrutura textual a ser seguida para a elabora\u00e7\u00e3o do relat\u00f3rio: A produ\u00e7\u00e3o textual \u00e9 individual e dever\u00e1 ser produzido de acordo com as normas da ABNT, com no m\u00ednimo de 08 laudas ( incluindo a totalidade do relat\u00f3rio). Introdu\u00e7\u00e3o \u2022 Breve descri\u00e7\u00e3o sobre:<\/p>\n<p>A) A institui\u00e7\u00e3o e \u00e1rea em que foi desenvolvido o projeto (contextualiza\u00e7\u00e3o do espa\u00e7o socioinstitucional);<\/p>\n<p>B) Apresenta\u00e7\u00e3o dos principais aspectos da situa\u00e7\u00e3o-problema apresentados e os objetivos propostos;<\/p>\n<p>C) Descrever de forma concisa o envolvimento da equipe na execu\u00e7\u00e3o do projeto de interven\u00e7\u00e3o. Desenvolvimento do relat\u00f3rio \u2013 momento da aproxima\u00e7\u00e3o te\u00f3rico-pr\u00e1tica. \uf0b7 Relatar como foi realizado o projeto;<\/p>\n<p>PRODU\u00c7\u00c3O TEXTUAL DO EST\u00c1GIO CURSO DE TEOLOGIA Orienta\u00e7\u00f5es para elabora\u00e7\u00e3o da produ\u00e7\u00e3o textual avaliativa do Est\u00e1gio em Teologia III<\/p>\n<p>\uf0b7 Explicar e detalhar a metodologia utilizada atendendo os requisitos e informa\u00e7\u00f5es necess\u00e1rias para a realiza\u00e7\u00e3o da a\u00e7\u00e3o de acordo com o que foi planejado (ou seja, a descri\u00e7\u00e3o do processo: o que foi feito e como foi realizado).<\/p>\n<p>\u2022 Descrever a analisar criticamente o processo de participa\u00e7\u00e3o do p\u00fablico beneficiado com a execu\u00e7\u00e3o do projeto de interven\u00e7\u00e3o no Est\u00e1gio III. O p\u00fablico-alvo foi beneficiado com a execu\u00e7\u00e3o do projeto? De que forma? O problema foi definido de maneira clara e a popula\u00e7\u00e3o demandat\u00e1ria compreendeu de forma objetiva a sua proposta de interven\u00e7\u00e3o? Foi verific\u00e1vel o \u2018fazer teologia\u2019? Considera\u00e7\u00f5es finais<\/p>\n<p>\u2022 Relatar a avalia\u00e7\u00e3o dos resultados alcan\u00e7ados com a execu\u00e7\u00e3o do projeto de interven\u00e7\u00e3o;<\/p>\n<p>\u2022 Como os objetivos propostos foram atingidos, analisar se h\u00e1 coer\u00eancia intr\u00ednseca entre as finalidades da institui\u00e7\u00e3o e os objetivos (geral e espec\u00edficos) e as medidas propostas pelo projeto.<\/p>\n<p>\u2022 Como o p\u00fablico-alvo beneficiado avaliou os resultados obtidos com o projeto de interven\u00e7\u00e3o do Est\u00e1gio Curricular III.<\/p>\n<p>\u2022 Os resultados obtiveram implica\u00e7\u00f5es imediatas ou ter\u00e3o em longo prazo?<\/p>\n<p>\u2022 No que o processo de est\u00e1gio contribuiu para sua forma\u00e7\u00e3o acad\u00eamica e profissional. Refer\u00eancias Bibliogr\u00e1ficas Conter a descri\u00e7\u00e3o do referencial te\u00f3rico utilizado para a elabora\u00e7\u00e3o do relat\u00f3rio e leituras que subsidiaram a pr\u00e1tica no Est\u00e1gio em Teologia III.<\/p>\n<div class=\"elementor-toggle-item\" style=\"box-sizing: border-box;\">\n<div class=\"elementor-toggle-item\">\n<p id=\"elementor-tab-title-1941\" class=\"elementor-tab-title elementor-active\" tabindex=\"0\" role=\"tab\" data-tab=\"1\" aria-controls=\"elementor-tab-content-1941\" aria-expanded=\"true\" aria-selected=\"true\"><strong>Como funciona?<\/strong><\/p>\n<p>Elaboramos os portf\u00f3lios, j\u00e1 deixamos prontos, nas normas da ABNT e conforme os requisitos da universidade. F\u00e1cil assim! O MELHOR \u00c9 QUE VOC\u00ca COMPRA E J\u00c1 BAIXA NA HORA O SEU ARQUIVO EM WORD! Sabemos que conciliar trabalho, fam\u00edlia, vida profissional e estudos \u00e9 dif\u00edcil hoje em dia, por isso, estamos aqui para ajudar voc\u00ea. Conte com nossa qualidade, experi\u00eancia e profissionalismo adquirindo seu portf\u00f3lio conosco. GARANTIMOS SEU CONCEITO!<\/p>\n<p><strong>Como se realizam os envios?<\/strong><\/p>\n<\/div>\n<p id=\"elementor-tab-content-1942\" class=\"elementor-tab-content elementor-clearfix elementor-active\" role=\"tabpanel\" data-tab=\"2\" aria-labelledby=\"elementor-tab-title-1942\">O seu trabalho \u00e9 disponibilizado pronto, respondido e nas normas j\u00e1 na mesma hora aqui em nosso site na sua \u00e1rea de downloads e tamb\u00e9m no seu e-mail.<\/p>\n<p><strong>Em quanto tempo recebo o portf\u00f3lio?<\/strong><\/p>\n<p>Os envios s\u00e3o imediatos. Ap\u00f3s sua compra, o trabalho j\u00e1 \u00e9 disponibilizado instantaneamente aqui em nosso site e no seu e-mail.<\/p>\n<p><strong>E se o portf\u00f3lio que comprei precisar de corre\u00e7\u00e3o?<\/strong><\/p>\n<p>Caso haja alguma solicita\u00e7\u00e3o de corre\u00e7\u00e3o\/altera\u00e7\u00e3o por parte do tutor, basta entrar em contato conosco pelo\u00a0WhatsApp\u00a0que provid\u00eanciaremos sem custo algum.<\/p>\n<p><strong>Qual o formato do arquivo?<\/strong><\/p>\n<p>Os arquivos s\u00e3o enviados em formato Word e s\u00e3o edit\u00e1veis.<\/p>\n<p><strong>Caso eu tiver alguma d\u00favida, terei suporte no p\u00f3s venda?<\/strong><\/p>\n<p>Sim, com certeza. Basta clicar no \u00edcone do WhatsApp no cantinho da tela. Ser\u00e1 um prazer atend\u00ea-lo(a).<\/p>\n<div id=\"elementor-tab-content-1948\" class=\"elementor-tab-content elementor-clearfix elementor-active\" role=\"tabpanel\" data-tab=\"8\" aria-labelledby=\"elementor-tab-title-1948\">\n<p><strong>Quais os seus canais de contato?<\/strong><\/p>\n<\/div>\n<div id=\"elementor-tab-content-1949\" class=\"elementor-tab-content elementor-clearfix elementor-active\" role=\"tabpanel\" data-tab=\"9\" aria-labelledby=\"elementor-tab-title-1949\">\n<p>Whatsapp: 53 984751621 \u2013 Clicar no canto da tela ou ESCANEIE O QRCODE ABAIXO<\/p>\n<h4><img decoding=\"async\" class=\"alignnone wp-image-13699 jetpack-lazy-image jetpack-lazy-image--handled\" src=\"https:\/\/i0.wp.com\/portifolioos-prontos.com\/wp-content\/uploads\/2023\/02\/whatsapp-business-projeto-de-extensao-300x300.jpeg?resize=144%2C144\" sizes=\"(max-width: 144px) 100vw, 144px\" srcset=\"https:\/\/i0.wp.com\/portifolioos-prontos.com\/wp-content\/uploads\/2023\/02\/whatsapp-business-projeto-de-extensao.jpeg?resize=300%2C301&amp;ssl=1 300w, https:\/\/i0.wp.com\/portifolioos-prontos.com\/wp-content\/uploads\/2023\/02\/whatsapp-business-projeto-de-extensao.jpeg?resize=150%2C150&amp;ssl=1 150w, https:\/\/i0.wp.com\/portifolioos-prontos.com\/wp-content\/uploads\/2023\/02\/whatsapp-business-projeto-de-extensao.jpeg?resize=370%2C372&amp;ssl=1 370w, https:\/\/i0.wp.com\/portifolioos-prontos.com\/wp-content\/uploads\/2023\/02\/whatsapp-business-projeto-de-extensao.jpeg?resize=100%2C100&amp;ssl=1 100w, https:\/\/i0.wp.com\/portifolioos-prontos.com\/wp-content\/uploads\/2023\/02\/whatsapp-business-projeto-de-extensao.jpeg?w=470&amp;ssl=1 470w\" alt=\"projeto de extens\u00e3o unopar\" width=\"144\" height=\"144\" data-lazy-loaded=\"1\" \/><\/h4>\n<\/div>\n<div class=\"elementor-toggle-item\">\n<div id=\"elementor-tab-content-1949\" class=\"elementor-tab-content elementor-clearfix elementor-active\" role=\"tabpanel\" data-tab=\"9\" aria-labelledby=\"elementor-tab-title-1949\">\n<p>E-mail:portifoliosp@gmail.com<\/p>\n<div id=\"attachment_143\" class=\"wp-caption alignnone\">\n<div id=\"attachment_143\" class=\"wp-caption alignnone\">\n<p id=\"caption-attachment-143\" class=\"wp-caption-text\"><a href=\"http:\/\/portfolio-pronto.com\/\">Portf\u00f3lio<\/a>\u00a0em Word, respondido, completo e j\u00e1 nas normas<\/p>\n<\/div>\n<\/div>\n<\/div>\n<\/div>\n<\/div>\n","protected":false},"excerpt":{"rendered":"<div class=\"product-short-description\" style=\"box-sizing: border-box;\">\n<div class=\"product-short-description\">\n<p><strong>Pague pelo PIX ou cart\u00e3o e fa\u00e7a o download agora mesmo.<\/strong><\/p>\n<\/div>\n<div class=\"sticky-add-to-cart-wrapper\">\n<div class=\"sticky-add-to-cart\">\n<p class=\"quantity buttons_added form-flat\"><img decoding=\"async\" class=\"lazyloaded smush-image-5 smush-image-3 smush-image-4 smush-detected-img smush-image-bigger-3\" src=\"https:\/\/d26lpennugtm8s.cloudfront.net\/assets\/common\/img\/logos\/payment\/visa@2x.png\" width=\"46\" height=\"29\" data-src=\"https:\/\/d26lpennugtm8s.cloudfront.net\/assets\/common\/img\/logos\/payment\/visa@2x.png\" \/><img decoding=\"async\" class=\"lazyloaded smush-image-6 smush-image-4 smush-image-5 smush-detected-img smush-image-bigger-4\" src=\"https:\/\/d26lpennugtm8s.cloudfront.net\/assets\/common\/img\/logos\/payment\/boleto@2x.png\" width=\"43\" height=\"27\" data-src=\"https:\/\/d26lpennugtm8s.cloudfront.net\/assets\/common\/img\/logos\/payment\/boleto@2x.png\" \/><img loading=\"lazy\" decoding=\"async\" class=\"lazyloaded smush-image-7 smush-image-5 smush-image-6 smush-detected-img smush-image-bigger-5\" src=\"https:\/\/d26lpennugtm8s.cloudfront.net\/assets\/common\/img\/logos\/payment\/mastercard@2x.png\" width=\"43\" height=\"27\" data-src=\"https:\/\/d26lpennugtm8s.cloudfront.net\/assets\/common\/img\/logos\/payment\/mastercard@2x.png\" \/><img loading=\"lazy\" decoding=\"async\" class=\"lazyloaded smush-image-8 smush-image-6 smush-image-7 smush-detected-img smush-image-bigger-6\" src=\"https:\/\/d26lpennugtm8s.cloudfront.net\/assets\/common\/img\/logos\/payment\/amex@2x.png\" width=\"43\" height=\"27\" data-src=\"https:\/\/d26lpennugtm8s.cloudfront.net\/assets\/common\/img\/logos\/payment\/amex@2x.png\" \/><img loading=\"lazy\" decoding=\"async\" class=\"lazyloaded smush-image-9 smush-image-7 smush-image-8 smush-detected-img smush-image-bigger-7\" src=\"https:\/\/d26lpennugtm8s.cloudfront.net\/assets\/common\/img\/logos\/payment\/diners@2x.png\" width=\"46\" height=\"29\" data-src=\"https:\/\/d26lpennugtm8s.cloudfront.net\/assets\/common\/img\/logos\/payment\/diners@2x.png\" \/><img loading=\"lazy\" decoding=\"async\" class=\"lazyloaded smush-image-10 smush-image-8 smush-image-9 alignnone smush-detected-img smush-image-bigger-8\" src=\"https:\/\/d26lpennugtm8s.cloudfront.net\/assets\/common\/img\/logos\/payment\/br\/elo@2x.png\" alt=\"portf\u00f3lio unopar anhanguera\" width=\"45\" height=\"28\" data-src=\"https:\/\/d26lpennugtm8s.cloudfront.net\/assets\/common\/img\/logos\/payment\/br\/elo@2x.png\" \/><img loading=\"lazy\" decoding=\"async\" class=\"lazyloaded smush-image-11 smush-image-9 smush-image-10 alignnone smush-detected-img smush-image-bigger-9\" src=\"https:\/\/d26lpennugtm8s.cloudfront.net\/assets\/common\/img\/logos\/payment\/br\/hipercard@2x.png\" alt=\"portf\u00f3lio unopar anhanguera\" width=\"44\" height=\"28\" data-src=\"https:\/\/d26lpennugtm8s.cloudfront.net\/assets\/common\/img\/logos\/payment\/br\/hipercard@2x.png\" \/><img loading=\"lazy\" decoding=\"async\" class=\"lazyloaded smush-image-12 smush-image-10 smush-image-11 alignnone smush-detected-img smush-image-bigger-10\" src=\"https:\/\/d26lpennugtm8s.cloudfront.net\/assets\/common\/img\/logos\/payment\/mercadopago@2x.png\" alt=\"portf\u00f3lio unopar anhanguera\" width=\"45\" height=\"28\" data-src=\"https:\/\/d26lpennugtm8s.cloudfront.net\/assets\/common\/img\/logos\/payment\/mercadopago@2x.png\" \/><img loading=\"lazy\" decoding=\"async\" class=\"alignnone lazyloaded smush-detected-img smush-image-bigger-11\" src=\"https:\/\/futurium.com.br\/wp-content\/uploads\/2021\/06\/logo-pix-icone-512.png\" alt=\"portfolio pronto\" width=\"30\" height=\"30\" data-src=\"https:\/\/futurium.com.br\/wp-content\/uploads\/2021\/06\/logo-pix-icone-512.png\" \/><\/p>\n<\/div>\n<\/div>\n<\/div>\n","protected":false},"featured_media":34092,"template":"","meta":{"_seopress_robots_primary_cat":"none","_seopress_titles_title":"","_seopress_titles_desc":"","_seopress_robots_index":""},"product_cat":[59,15],"product_tag":[747,746],"class_list":{"0":"post-34085","1":"product","2":"type-product","3":"status-publish","4":"has-post-thumbnail","6":"product_cat-teologia","7":"product_cat-uncategorized","8":"product_tag-portfolio-de-estagio-anhanguera","9":"product_tag-portfolio-de-estagio-unopar","11":"first","12":"instock","13":"downloadable","14":"virtual","15":"purchasable","16":"product-type-simple","17":"col-xs-6 col-sm-4","18":"col-mf-5","19":"un-5-cols"},"jetpack_sharing_enabled":true,"_links":{"self":[{"href":"https:\/\/portifolioos-prontos.com\/index.php\/wp-json\/wp\/v2\/product\/34085","targetHints":{"allow":["GET"]}}],"collection":[{"href":"https:\/\/portifolioos-prontos.com\/index.php\/wp-json\/wp\/v2\/product"}],"about":[{"href":"https:\/\/portifolioos-prontos.com\/index.php\/wp-json\/wp\/v2\/types\/product"}],"version-history":[{"count":0,"href":"https:\/\/portifolioos-prontos.com\/index.php\/wp-json\/wp\/v2\/product\/34085\/revisions"}],"wp:featuredmedia":[{"embeddable":true,"href":"https:\/\/portifolioos-prontos.com\/index.php\/wp-json\/wp\/v2\/media\/34092"}],"wp:attachment":[{"href":"https:\/\/portifolioos-prontos.com\/index.php\/wp-json\/wp\/v2\/media?parent=34085"}],"wp:term":[{"taxonomy":"product_cat","embeddable":true,"href":"https:\/\/portifolioos-prontos.com\/index.php\/wp-json\/wp\/v2\/product_cat?post=34085"},{"taxonomy":"product_tag","embeddable":true,"href":"https:\/\/portifolioos-prontos.com\/index.php\/wp-json\/wp\/v2\/product_tag?post=34085"}],"curies":[{"name":"wp","href":"https:\/\/api.w.org\/{rel}","templated":true}]}}