{"id":34221,"date":"2025-01-09T21:39:13","date_gmt":"2025-01-10T00:39:13","guid":{"rendered":"https:\/\/portifolioos-prontos.com\/?post_type=product&#038;p=34221"},"modified":"2025-08-03T18:01:47","modified_gmt":"2025-08-03T21:01:47","slug":"atividade-pratica-gestao-de-eventos-2","status":"publish","type":"product","link":"https:\/\/portifolioos-prontos.com\/index.php\/product\/atividade-pratica-gestao-de-eventos-2\/","title":{"rendered":"Atividade Pr\u00e1tica Gest\u00e3o de Eventos"},"content":{"rendered":"<h4>Atividade Pr\u00e1tica Gest\u00e3o de Eventos<\/h4>\n<h5>Elabora\u00e7\u00e3o de um projeto de um evento esportivo que proporcione inclus\u00e3o.<\/h5>\n<p>OBJETIVOS<\/p>\n<p>A proposta desta atividade pr\u00e1tica sustenta-se nos objetivos a seguir: &#8211; Identificar os principais aspectos relacionados \u00e0 elabora\u00e7\u00e3o de um projeto de um evento esportivo que proporcione inclus\u00e3o.<\/p>\n<p>RECURSOS Computador com acesso \u00e0 internet e ao ambiente virtual.<\/p>\n<p>PROCEDIMENTOS PR\u00c1TICOS Atividade proposta Elabora\u00e7\u00e3o de um projeto para realiza\u00e7\u00e3o de um evento esportivo que inclua a participa\u00e7\u00e3o de pessoas com defici\u00eancia. O projeto dever\u00e1 apresentar aspectos relacionados a acessibilidade necess\u00e1ria dos espa\u00e7os f\u00edsicos, organiza\u00e7\u00e3o de provas e modalidades adaptadas, recursos humanos para o atendimento da pessoa com defici\u00eancia e identifica\u00e7\u00e3o e redu\u00e7\u00e3o das principais barreiras encontradas por pessoas com defici\u00eancia para a pr\u00e1tica de exerc\u00edcio f\u00edsico.<\/p>\n<p>Procedimentos para a realiza\u00e7\u00e3o da atividade Voc\u00ea dever\u00e1 realizar a leitura de alguns textos para embasamento da elabora\u00e7\u00e3o de seu projeto, que dever\u00e1 ser redigido em algumas etapas, descritas nas atividades que seguem:<\/p>\n<p>ATIVIDADE 1 \u2013 Leitura de textos para referencial te\u00f3rico e pr\u00e1tico para elabora\u00e7\u00e3o do projeto &#8211; Textos para compreens\u00e3o das barreiras e facilitadores para a pr\u00e1tica de exerc\u00edcio f\u00edsico por pessoas com defici\u00eancia: 1 &#8211; Facilitadores e barreiras percebidas para a pr\u00e1tica de atividade f\u00edsica por pessoas com defici\u00eancia motora. Dispon\u00edvel no link: https:\/\/www.scielo.br\/j\/rbce\/a\/WMjvJHHyLBxxcwJSk38VfVF\/abstract\/?lang=pt 2 &#8211; Barreiras e facilitadores percebidos por pessoas com defici\u00eancia praticantes de esportes. Dispon\u00edvel no link: https:\/\/periodicos.ufsm.br\/kinesis\/article\/view\/63869\/pdf &#8211; Texto para conhecimento das modalidades paral\u00edmpicas: 1 \u2013 Selecionar o campo modalidades na p\u00e1gina oficial do Comit\u00ea Paral\u00edmpico Brasileiro e verificar quais s\u00e3o as modalidades paral\u00edmpicas, suas regras, e adapta\u00e7\u00f5es em rela\u00e7\u00e3o \u00e0 modalidade convencional. Dispon\u00edvel no link: https:\/\/www.cpb.org.br\/ &#8211; Texto para conhecimento das quest\u00f5es relacionadas \u00e0 acessibilidade: 1 \u2013 Leitura da Lei de acessibilidade no Brasil, que pontua as principais necessidades referentes \u00e0 acessibilidade para pessoa com defici\u00eancia: Dispon\u00edvel no link: http:\/\/www.planalto.gov.br\/ccivil_03\/leis\/L10098.htm<\/p>\n<p>ATIVIDADE 2 \u2013 In\u00edcio da elabora\u00e7\u00e3o do projeto. &#8211; Depois que voc\u00ea fizer a leitura dos textos sugeridos, j\u00e1 poder\u00e1 escolher uma modalidade para realiza\u00e7\u00e3o do seu evento esportivo. &#8211; Lembre-se que nossa proposta \u00e9 um evento inclusivo, portanto, voc\u00ea dever\u00e1 organizar seu campeonato para pessoas sem defici\u00eancia (modalidade convencional) e para pessoas com defici\u00eancia (modalidade adaptada). &#8211; Voc\u00ea dever\u00e1 identificar, a partir da leitura dos textos, as principais barreiras e facilitadores para a pr\u00e1tica de exerc\u00edcio f\u00edsico por pessoas com defici\u00eancia, e demonstrar como ir\u00e1 otimizar os facilitadores e minimizar as barreiras.<\/p>\n<p>ATIVIDADE 3 \u2013 Reda\u00e7\u00e3o do projeto Agora que voc\u00ea j\u00e1 entendeu tudo que envolve um evento esportivo para pessoas com defici\u00eancia, j\u00e1 escolheu a modalidade do seu campeonato e o local em que ele ser\u00e1 realizado, voc\u00ea j\u00e1 est\u00e1 pronto para redigir seu projeto. Ele dever\u00e1 conter as seguintes etapas:<\/p>\n<p>1 \u2013 T\u00edtulo<\/p>\n<p>2 \u2013 Objetivos Redigir o objetivo geral e os objetivos espec\u00edficos do evento<\/p>\n<p>3 \u2013 Justificativa Retratar a import\u00e2ncia de sua execu\u00e7\u00e3o justificando assim os investimentos. Responder \u00e0 quest\u00e3o: por qu\u00ea? (O que justifica o trabalho e quais os motivos para faz\u00ealo).<\/p>\n<p>4 \u2013 Proposta do evento Nesta parte do projeto, \u00e9 importante detalhar com objetividade e clareza o passo a passo de cada a\u00e7\u00e3o a ser realizada para o desenvolvimento do evento, desde a programa\u00e7\u00e3o geral (atividade principal e paralelas), estrat\u00e9gias de divulga\u00e7\u00e3o (tipos de materiais utilizados, pe\u00e7as e formas de divulga\u00e7\u00e3o), servi\u00e7os necess\u00e1rios (pr\u00f3prios e terceirizados). Assim, voc\u00ea dever\u00e1 descrever aspectos como: qual modalidade ser\u00e1 disputada, qual ser\u00e1 o programa de provas, como organizar\u00e1 o dia do evento, se ser\u00e1 necess\u00e1rio algum tipo de financiamento e a previs\u00e3o or\u00e7ament\u00e1ria, descrever os recursos humanos necess\u00e1rios, descrever os materiais necess\u00e1rios, descrever como ser\u00e3o realizadas as competi\u00e7\u00f5es, descrever se existir\u00e1 cerim\u00f4nias de abertura e encerramento, ou seja, descri\u00e7\u00e3o de todo seu planejamento.<\/p>\n<p>5 \u2013 Descri\u00e7\u00e3o do espa\u00e7o do evento Como voc\u00ea est\u00e1 planejando um evento que conta com a participa\u00e7\u00e3o das pessoas com defici\u00eancia, o espa\u00e7o \u00e9 uma parte muito importante do seu planejamento. Por isso, neste t\u00f3pico especificamente voc\u00ea dever\u00e1 descrever as caracter\u00edsticas do espa\u00e7o que permitem a participa\u00e7\u00e3o de pessoas com defici\u00eancias, de acordo com as normas de acessibilidade necess\u00e1ria.<\/p>\n<p>6 \u2013 Cronograma de atividades O cronograma \u00e9 um descritivo de atividades previstas no per\u00edodo de tempo que antecede o evento. De acordo com o check-list e seu roteiro de atividades, torna-se importante visualizar, em um \u00fanico documento, as responsabilidades em seus prazos e as dataslimite de execu\u00e7\u00e3o, para que seja poss\u00edvel o acompanhamento di\u00e1rio das fases de planejamento. Para isso, \u00e9 necess\u00e1rio um cronograma de datas semanais, quinzenais, mensais ou at\u00e9 mesmo anuais, dependendo do prazo de planejamento e do porte do evento. Voc\u00ea pode seguir o modelo abaixo.<\/p>\n<p>Checklist<\/p>\n<p>Principais etapas para a completude da atividade pr\u00e1tica: &#8211; Realizar as leituras indicadas. &#8211; Escolher uma modalidade para realiza\u00e7\u00e3o do seu evento esportivo &#8211; Identificar as principais barreiras e facilitadores para a pr\u00e1tica de exerc\u00edcio f\u00edsico por pessoas com defici\u00eancia, e demonstrar como ir\u00e1 otimizar os facilitadores e minimizar as barreiras. &#8211; Redigir o projeto. RESULTADO Envio de um arquivo, com o projeto elaborado.<\/p>\n<div class=\"elementor-toggle-item\" style=\"box-sizing: border-box;\">\n<div class=\"elementor-toggle-item\">\n<p id=\"elementor-tab-title-1941\" class=\"elementor-tab-title elementor-active\" tabindex=\"0\" role=\"tab\" data-tab=\"1\" aria-controls=\"elementor-tab-content-1941\" aria-expanded=\"true\" aria-selected=\"true\"><strong>Como funciona?<\/strong><\/p>\n<p>Elaboramos os portf\u00f3lios, j\u00e1 deixamos prontos, nas normas da ABNT e conforme os requisitos da universidade. F\u00e1cil assim! O MELHOR \u00c9 QUE VOC\u00ca COMPRA E J\u00c1 BAIXA NA HORA O SEU ARQUIVO EM WORD! Sabemos que conciliar trabalho, fam\u00edlia, vida profissional e estudos \u00e9 dif\u00edcil hoje em dia, por isso, estamos aqui para ajudar voc\u00ea. Conte com nossa qualidade, experi\u00eancia e profissionalismo adquirindo seu portf\u00f3lio conosco. GARANTIMOS SEU CONCEITO!<\/p>\n<p><strong>Como se realizam os envios?<\/strong><\/p>\n<\/div>\n<p id=\"elementor-tab-content-1942\" class=\"elementor-tab-content elementor-clearfix elementor-active\" role=\"tabpanel\" data-tab=\"2\" aria-labelledby=\"elementor-tab-title-1942\">O seu trabalho \u00e9 disponibilizado pronto, respondido e nas normas j\u00e1 na mesma hora aqui em nosso site na sua \u00e1rea de downloads e tamb\u00e9m no seu e-mail.<\/p>\n<p><strong>Em quanto tempo recebo o portf\u00f3lio?<\/strong><\/p>\n<p>Os envios s\u00e3o imediatos. Ap\u00f3s sua compra, o trabalho j\u00e1 \u00e9 disponibilizado instantaneamente aqui em nosso site e no seu e-mail.<\/p>\n<p><strong>E se o portf\u00f3lio que comprei precisar de corre\u00e7\u00e3o?<\/strong><\/p>\n<p>Caso haja alguma solicita\u00e7\u00e3o de corre\u00e7\u00e3o\/altera\u00e7\u00e3o por parte do tutor, basta entrar em contato conosco pelo\u00a0WhatsApp\u00a0que provid\u00eanciaremos sem custo algum.<\/p>\n<p><strong>Qual o formato do arquivo?<\/strong><\/p>\n<p>Os arquivos s\u00e3o enviados em formato Word e s\u00e3o edit\u00e1veis.<\/p>\n<p><strong>Caso eu tiver alguma d\u00favida, terei suporte no p\u00f3s venda?<\/strong><\/p>\n<p>Sim, com certeza. Basta clicar no \u00edcone do WhatsApp no cantinho da tela. Ser\u00e1 um prazer atend\u00ea-lo(a).<\/p>\n<div id=\"elementor-tab-content-1948\" class=\"elementor-tab-content elementor-clearfix elementor-active\" role=\"tabpanel\" data-tab=\"8\" aria-labelledby=\"elementor-tab-title-1948\">\n<p><strong>Quais os seus canais de contato?<\/strong><\/p>\n<\/div>\n<div id=\"elementor-tab-content-1949\" class=\"elementor-tab-content elementor-clearfix elementor-active\" role=\"tabpanel\" data-tab=\"9\" aria-labelledby=\"elementor-tab-title-1949\">\n<p>Whatsapp: 53 984751621 \u2013 Clicar no canto da tela ou ESCANEIE O QRCODE ABAIXO<\/p>\n<h4><img decoding=\"async\" class=\"alignnone wp-image-13699 jetpack-lazy-image jetpack-lazy-image--handled\" src=\"https:\/\/i0.wp.com\/portifolioos-prontos.com\/wp-content\/uploads\/2023\/02\/whatsapp-business-projeto-de-extensao-300x300.jpeg?resize=144%2C144\" sizes=\"(max-width: 144px) 100vw, 144px\" srcset=\"https:\/\/i0.wp.com\/portifolioos-prontos.com\/wp-content\/uploads\/2023\/02\/whatsapp-business-projeto-de-extensao.jpeg?resize=300%2C301&amp;ssl=1 300w, https:\/\/i0.wp.com\/portifolioos-prontos.com\/wp-content\/uploads\/2023\/02\/whatsapp-business-projeto-de-extensao.jpeg?resize=150%2C150&amp;ssl=1 150w, https:\/\/i0.wp.com\/portifolioos-prontos.com\/wp-content\/uploads\/2023\/02\/whatsapp-business-projeto-de-extensao.jpeg?resize=370%2C372&amp;ssl=1 370w, https:\/\/i0.wp.com\/portifolioos-prontos.com\/wp-content\/uploads\/2023\/02\/whatsapp-business-projeto-de-extensao.jpeg?resize=100%2C100&amp;ssl=1 100w, https:\/\/i0.wp.com\/portifolioos-prontos.com\/wp-content\/uploads\/2023\/02\/whatsapp-business-projeto-de-extensao.jpeg?w=470&amp;ssl=1 470w\" alt=\"projeto de extens\u00e3o unopar\" width=\"144\" height=\"144\" data-lazy-loaded=\"1\" \/><\/h4>\n<\/div>\n<div class=\"elementor-toggle-item\">\n<div id=\"elementor-tab-content-1949\" class=\"elementor-tab-content elementor-clearfix elementor-active\" role=\"tabpanel\" data-tab=\"9\" aria-labelledby=\"elementor-tab-title-1949\">\n<p>E-mail:portifoliosp@gmail.com<\/p>\n<div id=\"attachment_143\" class=\"wp-caption alignnone\">\n<div id=\"attachment_143\" class=\"wp-caption alignnone\">\n<p id=\"caption-attachment-143\" class=\"wp-caption-text\"><a href=\"http:\/\/portfolio-pronto.com\/\">Portf\u00f3lio<\/a>\u00a0em Word, respondido, completo e j\u00e1 nas normas<\/p>\n<\/div>\n<\/div>\n<\/div>\n<\/div>\n<\/div>\n","protected":false},"excerpt":{"rendered":"<div class=\"product-short-description\" style=\"box-sizing: border-box;\">\n<div class=\"product-short-description\">\n<p><strong>Pague pelo PIX ou cart\u00e3o e fa\u00e7a o download agora mesmo.<\/strong><\/p>\n<\/div>\n<div class=\"sticky-add-to-cart-wrapper\">\n<div class=\"sticky-add-to-cart\">\n<p class=\"quantity buttons_added form-flat\"><img decoding=\"async\" class=\"lazyloaded smush-image-5 smush-image-3 smush-image-4 smush-detected-img smush-image-bigger-3\" src=\"https:\/\/d26lpennugtm8s.cloudfront.net\/assets\/common\/img\/logos\/payment\/visa@2x.png\" width=\"46\" height=\"29\" data-src=\"https:\/\/d26lpennugtm8s.cloudfront.net\/assets\/common\/img\/logos\/payment\/visa@2x.png\" \/><img decoding=\"async\" class=\"lazyloaded smush-image-6 smush-image-4 smush-image-5 smush-detected-img smush-image-bigger-4\" src=\"https:\/\/d26lpennugtm8s.cloudfront.net\/assets\/common\/img\/logos\/payment\/boleto@2x.png\" width=\"43\" height=\"27\" data-src=\"https:\/\/d26lpennugtm8s.cloudfront.net\/assets\/common\/img\/logos\/payment\/boleto@2x.png\" \/><img loading=\"lazy\" decoding=\"async\" class=\"lazyloaded smush-image-7 smush-image-5 smush-image-6 smush-detected-img smush-image-bigger-5\" src=\"https:\/\/d26lpennugtm8s.cloudfront.net\/assets\/common\/img\/logos\/payment\/mastercard@2x.png\" width=\"43\" height=\"27\" data-src=\"https:\/\/d26lpennugtm8s.cloudfront.net\/assets\/common\/img\/logos\/payment\/mastercard@2x.png\" \/><img loading=\"lazy\" decoding=\"async\" class=\"lazyloaded smush-image-8 smush-image-6 smush-image-7 smush-detected-img smush-image-bigger-6\" src=\"https:\/\/d26lpennugtm8s.cloudfront.net\/assets\/common\/img\/logos\/payment\/amex@2x.png\" width=\"43\" height=\"27\" data-src=\"https:\/\/d26lpennugtm8s.cloudfront.net\/assets\/common\/img\/logos\/payment\/amex@2x.png\" \/><img loading=\"lazy\" decoding=\"async\" class=\"lazyloaded smush-image-9 smush-image-7 smush-image-8 smush-detected-img smush-image-bigger-7\" src=\"https:\/\/d26lpennugtm8s.cloudfront.net\/assets\/common\/img\/logos\/payment\/diners@2x.png\" width=\"46\" height=\"29\" data-src=\"https:\/\/d26lpennugtm8s.cloudfront.net\/assets\/common\/img\/logos\/payment\/diners@2x.png\" \/><img loading=\"lazy\" decoding=\"async\" class=\"lazyloaded smush-image-10 smush-image-8 smush-image-9 alignnone smush-detected-img smush-image-bigger-8\" src=\"https:\/\/d26lpennugtm8s.cloudfront.net\/assets\/common\/img\/logos\/payment\/br\/elo@2x.png\" alt=\"portf\u00f3lio unopar anhanguera\" width=\"45\" height=\"28\" data-src=\"https:\/\/d26lpennugtm8s.cloudfront.net\/assets\/common\/img\/logos\/payment\/br\/elo@2x.png\" \/><img loading=\"lazy\" decoding=\"async\" class=\"lazyloaded smush-image-11 smush-image-9 smush-image-10 alignnone smush-detected-img smush-image-bigger-9\" src=\"https:\/\/d26lpennugtm8s.cloudfront.net\/assets\/common\/img\/logos\/payment\/br\/hipercard@2x.png\" alt=\"portf\u00f3lio unopar anhanguera\" width=\"44\" height=\"28\" data-src=\"https:\/\/d26lpennugtm8s.cloudfront.net\/assets\/common\/img\/logos\/payment\/br\/hipercard@2x.png\" \/><img loading=\"lazy\" decoding=\"async\" class=\"lazyloaded smush-image-12 smush-image-10 smush-image-11 alignnone smush-detected-img smush-image-bigger-10\" src=\"https:\/\/d26lpennugtm8s.cloudfront.net\/assets\/common\/img\/logos\/payment\/mercadopago@2x.png\" alt=\"portf\u00f3lio unopar anhanguera\" width=\"45\" height=\"28\" data-src=\"https:\/\/d26lpennugtm8s.cloudfront.net\/assets\/common\/img\/logos\/payment\/mercadopago@2x.png\" \/><img loading=\"lazy\" decoding=\"async\" class=\"alignnone lazyloaded smush-detected-img smush-image-bigger-11\" src=\"https:\/\/futurium.com.br\/wp-content\/uploads\/2021\/06\/logo-pix-icone-512.png\" alt=\"portfolio pronto\" width=\"30\" height=\"30\" data-src=\"https:\/\/futurium.com.br\/wp-content\/uploads\/2021\/06\/logo-pix-icone-512.png\" \/><\/p>\n<\/div>\n<\/div>\n<\/div>\n","protected":false},"featured_media":34224,"template":"","meta":{"_seopress_robots_primary_cat":"none","_seopress_titles_title":"%%post_title%% %%sitetitle%%","_seopress_titles_desc":"%%post_content%%","_seopress_robots_index":""},"product_cat":[264,77,15],"product_tag":[],"class_list":{"0":"post-34221","1":"product","2":"type-product","3":"status-publish","4":"has-post-thumbnail","6":"product_cat-gestao-de-eventos","7":"product_cat-secretariado","8":"product_cat-uncategorized","10":"first","11":"instock","12":"downloadable","13":"virtual","14":"purchasable","15":"product-type-simple","16":"col-xs-6 col-sm-4","17":"col-mf-5","18":"un-5-cols"},"jetpack_sharing_enabled":true,"_links":{"self":[{"href":"https:\/\/portifolioos-prontos.com\/index.php\/wp-json\/wp\/v2\/product\/34221","targetHints":{"allow":["GET"]}}],"collection":[{"href":"https:\/\/portifolioos-prontos.com\/index.php\/wp-json\/wp\/v2\/product"}],"about":[{"href":"https:\/\/portifolioos-prontos.com\/index.php\/wp-json\/wp\/v2\/types\/product"}],"version-history":[{"count":0,"href":"https:\/\/portifolioos-prontos.com\/index.php\/wp-json\/wp\/v2\/product\/34221\/revisions"}],"wp:featuredmedia":[{"embeddable":true,"href":"https:\/\/portifolioos-prontos.com\/index.php\/wp-json\/wp\/v2\/media\/34224"}],"wp:attachment":[{"href":"https:\/\/portifolioos-prontos.com\/index.php\/wp-json\/wp\/v2\/media?parent=34221"}],"wp:term":[{"taxonomy":"product_cat","embeddable":true,"href":"https:\/\/portifolioos-prontos.com\/index.php\/wp-json\/wp\/v2\/product_cat?post=34221"},{"taxonomy":"product_tag","embeddable":true,"href":"https:\/\/portifolioos-prontos.com\/index.php\/wp-json\/wp\/v2\/product_tag?post=34221"}],"curies":[{"name":"wp","href":"https:\/\/api.w.org\/{rel}","templated":true}]}}