{"id":34580,"date":"2025-01-27T10:06:52","date_gmt":"2025-01-27T13:06:52","guid":{"rendered":"https:\/\/portifolioos-prontos.com\/?post_type=product&#038;p=34580"},"modified":"2025-01-27T16:10:24","modified_gmt":"2025-01-27T19:10:24","slug":"eletronica-digital-teoria-e-pratica","status":"publish","type":"product","link":"https:\/\/portifolioos-prontos.com\/index.php\/product\/eletronica-digital-teoria-e-pratica\/","title":{"rendered":"Eletr\u00f4nica Digital: Teoria e Pr\u00e1tica"},"content":{"rendered":"<p>Eletr\u00f4nica Digital:<\/p>\n<p>Teoria e Pr\u00e1tica<\/p>\n<p>P\u00fablico<\/p>\n<p>Disciplina: Eletr\u00f4nica Digital: Teoria e Pr\u00e1tica.<\/p>\n<p>Unidade: 1 &#8211; Introdu\u00e7\u00e3o a Eletr\u00f4nica Digital.<\/p>\n<p>Aula: 4 &#8211; Fun\u00e7\u00f5es e Portas B\u00e1sicas 2.<\/p>\n<p>&nbsp;<\/p>\n<p>Software<\/p>\n<p>Acesso on-line<\/p>\n<p>Pago<\/p>\n<p>Infraestrutura<\/p>\n<p>Computador com mem\u00f3ria RAM de no m\u00ednimo 4 GB e com acesso \u00e0 internet.<\/p>\n<p>Descri\u00e7\u00e3o do software<\/p>\n<p>ALGETEC &#8211; Laborat\u00f3rios Virtuais \u00e9 um simulador de laborat\u00f3rios virtuais que simula o ambiente<\/p>\n<p>real e proporciona ao aluno a execu\u00e7\u00e3o de experimentos sem sair de casa. Replica a aula pr\u00e1tica<\/p>\n<p>com alto grau de fidelidade ao laborat\u00f3rio f\u00edsico tradicional. Nessa aula pr\u00e1tica, ser\u00e1 utilizada o<\/p>\n<p>experimento de Eletr\u00f4nica: Circuito com L\u00f3gica Booleana. Para isto, acesse: Pr\u00e1ticas Espec\u00edficas<\/p>\n<p>de Engenharia El\u00e9trica &#8211; Eletr\u00f4nica: Circuito com L\u00f3gica Booleana &#8211; ID 931.<\/p>\n<p>&nbsp;<\/p>\n<p>Atividade Pr\u00e1tica<\/p>\n<p>Introdu\u00e7\u00e3o<\/p>\n<p>A eletr\u00f4nica digital \u00e9 o ramo da eletr\u00f4nica que trata do estudo dos sinais digitais e dos<\/p>\n<p>componentes que os utilizam ou criam. No dom\u00ednio digital, ou seja, nos circuitos eletr\u00f4nicos<\/p>\n<p>digitais, h\u00e1 apenas dois \u201cestados\u201d: LIGADO ou DESLIGADO. Por exemplo, quando voc\u00ea liga o<\/p>\n<p>interruptor de luz da sua sala de estudo, voc\u00ea sabe que h\u00e1 apenas duas posi\u00e7\u00f5es poss\u00edveis em<\/p>\n<p>que o interruptor da luz pode estar: LIGADO ou DESLIGADO.<\/p>\n<p>Quem tamb\u00e9m lida com dois estados, ou dois n\u00fameros \u00e9 o sistema de numera\u00e7\u00e3o bin\u00e1ria que<\/p>\n<p>trabalha com 1 (LIGADO) e 0 (DESLIGADO).<\/p>\n<p>O sistema bin\u00e1rio \u00e9 utilizado para construir as portas l\u00f3gicas digitais, assim, compreender essas<\/p>\n<p>portas \u00e9 um pr\u00e9-requisito importante para aprender como funcionam os circuitos eletr\u00f4nicos<\/p>\n<p>digitais e s\u00e3o os principais blocos de constru\u00e7\u00e3o desses circuitos.<\/p>\n<p>As portas l\u00f3gicas s\u00e3o os componentes b\u00e1sicos do circuito digital, no qual possui uma \u00fanica sa\u00edda<\/p>\n<p>e mais de uma entrada. As portas AND, OR e NOT s\u00e3o as portas b\u00e1sicas, as portas NAND e<\/p>\n<p>NOR s\u00e3o as portas universais e as portas EX-OR e EX-NOR s\u00e3o as portas especiais. A porta<\/p>\n<p>NOT \u00e9 usada para criar portas NAND e NOR.<\/p>\n<p>A eletr\u00f4nica digital ou circuitos digitais s\u00e3o parte integrante dos dispositivos eletr\u00f4nicos, e<\/p>\n<p>algumas aplica\u00e7\u00f5es s\u00e3o:<\/p>\n<p>\u2022A visualiza\u00e7\u00e3o das horas nos rel\u00f3gios digitais \u00e9 projetada com base em circuitos digitais;<\/p>\n<p>\u2022A computa\u00e7\u00e3o qu\u00e2ntica usa eletr\u00f4nica digital;<\/p>\n<p>\u2022As portas autom\u00e1ticas funcionam segundo o princ\u00edpio da eletr\u00f4nica digital;<\/p>\n<p>\u2022Os sem\u00e1foros s\u00e3o baseados em circuitos digitais;<\/p>\n<p>\u2022O computador e o celular utilizam circuitos digitais.<\/p>\n<p>Atividade proposta<\/p>\n<p>Compreender a constru\u00e7\u00e3o de circuitos l\u00f3gicos em protoboard no qual contem as fun\u00e7\u00f5es \u201cE\u201d,<\/p>\n<p>\u201cOU\u201d , \u201cN\u00c3O\u201d e um circuito MEIO SOMADOR atrav\u00e9s da observa\u00e7\u00e3o de um LED que est\u00e1<\/p>\n<p>posicionado na sa\u00edda do circuito..<\/p>\n<p>Objetivos<\/p>\n<p>\u2022Compreender o uso do laborat\u00f3rio virtual da ALGETEC para simula\u00e7\u00e3o de portas l\u00f3gicas;<\/p>\n<p>\u2022Compreender o conte\u00fado da disciplina Eletr\u00f4nica Digital;<\/p>\n<p>\u2022Aplicar os conhecimentos te\u00f3ricos sobre as portas l\u00f3gicas e compreender o<\/p>\n<p>funcionamento dessas portas atrav\u00e9s da observa\u00e7\u00e3o de um LED posicionado na sa\u00edda do<\/p>\n<p>circuito utilizando o laborat\u00f3rio virtual da ALGETEC.<\/p>\n<p>Procedimentos para a realiza\u00e7\u00e3o da atividade<\/p>\n<p>Para a realiza\u00e7\u00e3o dessa atividade pr\u00e1tica voc\u00ea deve acessar o laborat\u00f3rio virtual da Algetec,<\/p>\n<p>Pr\u00e1ticas Espec\u00edficas de Engenharia El\u00e9trica e clicar em &#8220;Eletr\u00f4nica: Circuito com L\u00f3gica<\/p>\n<p>Booleana&#8221;. A Figura 1 apresenta a tela inicial do experimento.<\/p>\n<p>Figura 1 \u2013 Tela inicial com os experimentos da ALGETEC.<\/p>\n<p>Fonte: Algetec. Elaborado pelo Autor (2024).<\/p>\n<p>Antes de iniciar o experimento leia a APRESENTA\u00c7\u00c3O, o SUM\u00c1RIO TE\u00d3RICO e o ROTEIRO;<\/p>\n<p>Figuras 2, 3 e 4, respectivamente.<\/p>\n<p>P\u00fablico<\/p>\n<p>Figura 2 \u2013 Tela de APRESENTA\u00c7\u00c3O.<\/p>\n<p>Fonte: Algetec. Elaborado pelo Autor (2024).<\/p>\n<p>Figura 3 \u2013 Tela do SUM\u00c1RIO TE\u00d3RICO.<\/p>\n<p>Fonte: Algetec. Elaborado pelo Autor (2024).<\/p>\n<p>P\u00fablico<\/p>\n<p>Figura 4 \u2013 Tela do ROTEIRO.<\/p>\n<p>Fonte: Algetec. Elaborado pelo Autor (2024).<\/p>\n<p>Antes de iniciar o experimento, fa\u00e7a as tr\u00eas quest\u00f5es de pr\u00e9-teste (Figura 5).<\/p>\n<p>Figura 5 \u2013 PR\u00c9-TESTE.<\/p>\n<p>Fonte: Algetec. Elaborado pelo Autor (2024).<\/p>\n<p>Em seguida acesse o EXPERIMENTO (Figura 6).<\/p>\n<p>P\u00fablico<\/p>\n<p>Figura 6 \u2013 Tela do EXPERIMENTO.<\/p>\n<p>Fonte: Algetec. Elaborado pelo Autor (2024).<\/p>\n<p>Clicando na tela do experimento, a pr\u00f3xima tela, \u00e9 de fato do Simulador de Pr\u00e1tica Profissional<\/p>\n<p>(Figura 7).<\/p>\n<p>Figura 7\u2013 Tela do Simulador.<\/p>\n<p>Fonte: Algetec. Elaborado pelo Autor (2024).<\/p>\n<p>P\u00fablico<\/p>\n<p>Ap\u00f3s clicar na palavra circuito, lado esquerdo da Figura 7, inicie o experimento (Figura 8). O<\/p>\n<p>primeiro circuito integrado (CI) \u00e9 uma porta AND. Apertando com o bot\u00e3o direito do mouse em<\/p>\n<p>cima do CI voc\u00ea ter\u00e1 duas op\u00e7\u00f5es: \u201cCONECTAR SA\u00cdDA\u201d e \u201cVER DATASHEET\u201d, conforme Figura<\/p>\n<p>8.<\/p>\n<p>Figura 8 \u2013 Circuito integrado de uma PORTA AND<\/p>\n<p>Fonte: Algetec. Elaborado pelo Autor (2024).<\/p>\n<p>Ap\u00f3s ver o \u201cDATASHEET\u201d, clique em \u201cCONECTAR SA\u00cdDA\u201d. A figura 9 apresenta a tela com a<\/p>\n<p>sa\u00edda conectada (fio verde).<\/p>\n<p>P\u00fablico<\/p>\n<p>Figura 9 \u2013 Tela com a sa\u00edda conectada.<\/p>\n<p>Fonte: Algetec. Elaborado pelo Autor (2024).<\/p>\n<p>O pr\u00f3ximo passo \u00e9 realizar as conex\u00f5es entre a entrada do circuito integrado e as chaves,<\/p>\n<p>juntamente com a sa\u00edda e o LED. Lembre-se que estamos trabalhando com uma porta AND, ou<\/p>\n<p>seja, o LED s\u00f3 ira acender quando as duas chaves (LEVEL SWITCHES) 0 e 1 estiverem em H<\/p>\n<p>(HIGH &#8211; ALTA). Para mudar a posi\u00e7\u00e3o da chave, clique em cima de cada uma, Figura 10.<\/p>\n<p>Figura 10 \u2013 Tela com a chave 0 acionada em H<\/p>\n<p>Fonte: Algetec. Elaborado pelo Autor (2024).<\/p>\n<p>P\u00fablico<\/p>\n<p>Teste o n\u00edvel l\u00f3gico da sa\u00edda alternando as entradas entre os n\u00edveis alto (H) e baixo (L) e monte<\/p>\n<p>a tabela verdade com os resultados obtidos.<\/p>\n<p>Repita o procedimento anterior para os outros tr\u00eas circuitos a serem montados. Para isso,<\/p>\n<p>comece clicando em cima do terceiro quadrado verde do lado esquerdo da tela (CIRCUITO),<\/p>\n<p>destacado de vermelho na figura 11, para trocar o circuito integrado.<\/p>\n<p>Figura 11 \u2013 Tela para troca do circuito<\/p>\n<p>Fonte: Algetec. Elaborado pelo Autor (2024).<\/p>\n<p>O pr\u00f3ximo passo \u00e9 clicar em cima do segundo bot\u00e3o da direita para esquerda, marcado com um<\/p>\n<p>ret\u00e2ngulo vermelho, figura 12. Nesse bot\u00e3o voc\u00ea ir\u00e1 selecionar qual o pr\u00f3ximo CI que voc\u00ea ir\u00e1<\/p>\n<p>estudar. Para isso fique \u201cclicando\u201d em cima at\u00e9 selecionar o pr\u00f3ximo circuito.<\/p>\n<p>Figura 12 \u2013 Tela para escolha do circuito<\/p>\n<p>Fonte: Algetec. Elaborado pelo Autor (2024).<\/p>\n<p>O circuito que voc\u00ea deve selecionar \u00e9 o da porta OR, figura 13. Ap\u00f3s selecionado clicar no<\/p>\n<p>SELECIONAR CIRCUITO, do lado esquerdo da tela, marcado de vermelho.<\/p>\n<p>Figura 13 \u2013 Tela para selecionar o circuito<\/p>\n<p>Fonte: Algetec. Elaborado pelo Autor (2024).<\/p>\n<p>Ap\u00f3s selecionar o circuito desejado, selecionar SIM para substituir o circuito, figura 14.<\/p>\n<p>Figura 14 \u2013 Tela para confirma\u00e7\u00e3o da substitui\u00e7\u00e3o do circuito.<\/p>\n<p>Fonte: Algetec. Elaborado pelo Autor (2024).<\/p>\n<p>A Figura 15 apresenta o CI com a porta OR.<\/p>\n<p>Os passos a seguir devem ser repetidos para os circuitos com a porta OR, NOT e MEIO<\/p>\n<p>SOMADOR (PORTA AND e PORTA XOR) :<\/p>\n<p>\u2022Ver o \u201cDATASHEET\u201d;<\/p>\n<p>\u2022\u201cCONECTAR SA\u00cdDA;<\/p>\n<p>\u2022Testar o n\u00edvel l\u00f3gico da sa\u00edda alternando as entradas entre os n\u00edveis alto (H) e baixo (L);<\/p>\n<p>\u2022Anotar os resultados montando uma tabela verdade.<\/p>\n<p>Figura 15 \u2013 Tela do circuito integrado porta OR<\/p>\n<p>Fonte: Algetec. Elaborado pelo Autor (2024).<\/p>\n<p>As figuras 16 e 17 apresentam respectivamente as telas para escolha do CI com porta NOT e do<\/p>\n<p>MEIO SOMADOR.<\/p>\n<p>Figura 16 \u2013 Tela para escolha do CI : PORTA NOT<\/p>\n<p>Fonte: Algetec. Elaborado pelo Autor (2024).<\/p>\n<p>Figura 17 \u2013 Tela para escolha do CI: PORTA AND e PORTA XOR (MEIO SOMADOR)<\/p>\n<p>Fonte: Algetec. Elaborado pelo Autor (2024).<\/p>\n<p>Ap\u00f3s realizar o estudo de todas os CIs, responda as cinco quest\u00f5es que se encontram no<\/p>\n<p>ROTEIRO da ALGETEC e fa\u00e7a as quest\u00f5es de P\u00d3S-TESTE, figura 18<\/p>\n<p>Figura 18 \u2013 Tela do P\u00d3S-TESTE.<\/p>\n<p>Fonte: Algetec. Elaborado pelo Autor (2024)..<\/p>\n<p>Checklist:<\/p>\n<p>Acessar o ambiente de simula\u00e7\u00e3o no laborat\u00f3rio virtual da ALGETEC;<\/p>\n<p>Ler a APRESENTA\u00c7\u00c3O;<\/p>\n<p>Ler o SUM\u00c1RIO TE\u00d3RICO;<\/p>\n<p>Ler o ROTEIRO;<\/p>\n<p>\u2022Fazer as quest\u00f5es PR\u00c9-TESTE presentes no laborat\u00f3rio virtual da ALGETEC.<\/p>\n<p>Realizar as liga\u00e7\u00f5es e analisar os 4 Cis: AND, OR, NOT e MEIO SOMADOR;<\/p>\n<p>\u2022Resolver as cinco quest\u00f5es propostas no ROTEIRO presentes no laborat\u00f3rio virtual da<\/p>\n<p>ALGETEC;<\/p>\n<p>\u2022Resolver os exerc\u00edcios propostos no P\u00d3S-TESTE presentes no laborat\u00f3rio virtual da<\/p>\n<p>ALGETEC.<\/p>\n<p>Estudante, voc\u00ea dever\u00e1 entregar:<\/p>\n<p>\u2022Um documento em pdf, constando os prints das liga\u00e7\u00f5es do CI AND, OR, NOT e MEIO<\/p>\n<p>SOMADOR, todas as vezes nos quais o led estiver aceso. No total ser\u00e3o 8 prints;<\/p>\n<p>\u2022Nesse mesmo documento pdf entregar a resolu\u00e7\u00e3o das cinco quest\u00f5es que constam no<\/p>\n<p>ROTEIRO presentes no laborat\u00f3rio virtual da ALGETEC.<\/p>\n<div class=\"elementor-toggle-item\" style=\"box-sizing: border-box;\">\n<h4 id=\"elementor-tab-title-1941\" class=\"elementor-tab-title elementor-active\" style=\"box-sizing: border-box; color: var(--mf-dark-color);\" tabindex=\"0\" role=\"tab\" data-tab=\"1\" aria-controls=\"elementor-tab-content-1941\" aria-expanded=\"true\" aria-selected=\"true\">Como funciona?<\/h4>\n<div id=\"elementor-tab-content-1941\" class=\"elementor-tab-content elementor-clearfix elementor-active\" style=\"box-sizing: border-box;\" role=\"tabpanel\" data-tab=\"1\" aria-labelledby=\"elementor-tab-title-1941\">\n<p style=\"box-sizing: border-box;\">Elaboramos os portf\u00f3lios, j\u00e1 deixamos prontos, nas normas da ABNT e conforme os requisitos da universidade. F\u00e1cil assim! O MELHOR \u00c9 QUE VOC\u00ca COMPRA E J\u00c1 BAIXA NA HORA O SEU ARQUIVO EM WORD! Sabemos que conciliar trabalho, fam\u00edlia, vida profissional e estudos \u00e9 dif\u00edcil hoje em dia, por isso, estamos aqui para ajudar voc\u00ea. Conte com nossa qualidade, experi\u00eancia e profissionalismo adquirindo seu portf\u00f3lio conosco. GARANTIMOS SEU CONCEITO!<\/p>\n<h4 style=\"box-sizing: border-box; color: var(--mf-dark-color);\">Como se realizam os envios?<\/h4>\n<\/div>\n<\/div>\n<div class=\"elementor-toggle-item\" style=\"box-sizing: border-box;\">\n<div id=\"elementor-tab-content-1942\" class=\"elementor-tab-content elementor-clearfix elementor-active\" style=\"box-sizing: border-box;\" role=\"tabpanel\" data-tab=\"2\" aria-labelledby=\"elementor-tab-title-1942\">O seu trabalho \u00e9 disponibilizado pronto, respondido e nas normas j\u00e1 na mesma hora aqui em nosso site na sua \u00e1rea de downloads e tamb\u00e9m no seu e-mail.<\/div>\n<\/div>\n<div class=\"elementor-toggle-item\" style=\"box-sizing: border-box;\">\n<div id=\"elementor-tab-content-1943\" class=\"elementor-tab-content elementor-clearfix elementor-active\" style=\"box-sizing: border-box;\" role=\"tabpanel\" data-tab=\"3\" aria-labelledby=\"elementor-tab-title-1943\">\n<h4 style=\"box-sizing: border-box; color: var(--mf-dark-color);\">Em quanto tempo recebo o portf\u00f3lio?<\/h4>\n<\/div>\n<\/div>\n<div class=\"elementor-toggle-item\" style=\"box-sizing: border-box;\">\n<div id=\"elementor-tab-content-1944\" class=\"elementor-tab-content elementor-clearfix elementor-active\" style=\"box-sizing: border-box;\" role=\"tabpanel\" data-tab=\"4\" aria-labelledby=\"elementor-tab-title-1944\">\n<p style=\"box-sizing: border-box;\">Os envios s\u00e3o imediatos. Ap\u00f3s sua compra, o trabalho j\u00e1 \u00e9 disponibilizado instantaneamente aqui em nosso site e no seu e-mail.<\/p>\n<h4 style=\"box-sizing: border-box; color: var(--mf-dark-color);\">E se o portf\u00f3lio que comprei precisar de corre\u00e7\u00e3o?<\/h4>\n<\/div>\n<\/div>\n<div class=\"elementor-toggle-item\" style=\"box-sizing: border-box;\">\n<div id=\"elementor-tab-content-1945\" class=\"elementor-tab-content elementor-clearfix elementor-active\" style=\"box-sizing: border-box;\" role=\"tabpanel\" data-tab=\"5\" aria-labelledby=\"elementor-tab-title-1945\">\n<p style=\"box-sizing: border-box;\">Caso haja alguma solicita\u00e7\u00e3o de corre\u00e7\u00e3o\/altera\u00e7\u00e3o por parte do tutor, basta entrar em contato conosco pelo\u00a0WhatsApp\u00a0que provid\u00eanciaremos sem custo algum.<\/p>\n<h4 style=\"box-sizing: border-box; color: var(--mf-dark-color);\">Qual o formato do arquivo?<\/h4>\n<\/div>\n<\/div>\n<div class=\"elementor-toggle-item\" style=\"box-sizing: border-box;\">\n<div id=\"elementor-tab-content-1946\" class=\"elementor-tab-content elementor-clearfix elementor-active\" style=\"box-sizing: border-box;\" role=\"tabpanel\" data-tab=\"6\" aria-labelledby=\"elementor-tab-title-1946\">\n<p style=\"box-sizing: border-box;\">Os arquivos s\u00e3o enviados em formato Word e s\u00e3o edit\u00e1veis.<\/p>\n<h4 style=\"box-sizing: border-box; color: var(--mf-dark-color);\">Caso eu tiver alguma d\u00favida, terei suporte no p\u00f3s venda?<\/h4>\n<\/div>\n<\/div>\n<div class=\"elementor-toggle-item\" style=\"box-sizing: border-box;\">\n<div id=\"elementor-tab-content-1948\" class=\"elementor-tab-content elementor-clearfix elementor-active\" style=\"box-sizing: border-box;\" role=\"tabpanel\" data-tab=\"8\" aria-labelledby=\"elementor-tab-title-1948\">\n<p style=\"box-sizing: border-box;\">Sim, com certeza. Basta clicar no \u00edcone do WhatsApp no cantinho da tela. Ser\u00e1 um prazer atend\u00ea-lo(a).<\/p>\n<div class=\"elementor-toggle-item\" style=\"box-sizing: border-box;\">\n<div id=\"elementor-tab-content-1948\" class=\"elementor-tab-content elementor-clearfix elementor-active\" style=\"box-sizing: border-box;\" role=\"tabpanel\" data-tab=\"8\" aria-labelledby=\"elementor-tab-title-1948\">\n<h4 style=\"box-sizing: border-box; color: var(--mf-dark-color);\">Quais os seus canais de contato?<\/h4>\n<\/div>\n<\/div>\n<div class=\"elementor-toggle-item\" style=\"box-sizing: border-box;\">\n<div id=\"elementor-tab-content-1949\" class=\"elementor-tab-content elementor-clearfix elementor-active\" style=\"box-sizing: border-box;\" role=\"tabpanel\" data-tab=\"9\" aria-labelledby=\"elementor-tab-title-1949\">\n<p style=\"box-sizing: border-box;\">Whatsapp: 53 984751621 \u2013 Clicar no canto da tela ou ESCANEIE O QRCODE ABAIXO<\/p>\n<h4 style=\"box-sizing: border-box; color: var(--mf-dark-color);\"><img decoding=\"async\" class=\"alignnone wp-image-13699 jetpack-lazy-image jetpack-lazy-image--handled\" style=\"box-sizing: border-box; border: 0px; vertical-align: middle; margin: 0px;\" src=\"https:\/\/i0.wp.com\/portifolioos-prontos.com\/wp-content\/uploads\/2023\/02\/whatsapp-business-projeto-de-extensao-300x300.jpeg?resize=144%2C144\" sizes=\"(max-width: 144px) 100vw, 144px\" srcset=\"https:\/\/i0.wp.com\/portifolioos-prontos.com\/wp-content\/uploads\/2023\/02\/whatsapp-business-projeto-de-extensao.jpeg?resize=300%2C301&amp;ssl=1 300w, https:\/\/i0.wp.com\/portifolioos-prontos.com\/wp-content\/uploads\/2023\/02\/whatsapp-business-projeto-de-extensao.jpeg?resize=150%2C150&amp;ssl=1 150w, https:\/\/i0.wp.com\/portifolioos-prontos.com\/wp-content\/uploads\/2023\/02\/whatsapp-business-projeto-de-extensao.jpeg?resize=370%2C372&amp;ssl=1 370w, https:\/\/i0.wp.com\/portifolioos-prontos.com\/wp-content\/uploads\/2023\/02\/whatsapp-business-projeto-de-extensao.jpeg?resize=100%2C100&amp;ssl=1 100w, https:\/\/i0.wp.com\/portifolioos-prontos.com\/wp-content\/uploads\/2023\/02\/whatsapp-business-projeto-de-extensao.jpeg?w=470&amp;ssl=1 470w\" alt=\"projeto de extens\u00e3o unopar\" width=\"144\" height=\"144\" data-lazy-loaded=\"1\" \/><\/h4>\n<\/div>\n<\/div>\n<\/div>\n<\/div>\n<div class=\"elementor-toggle-item\" style=\"box-sizing: border-box;\">\n<div id=\"elementor-tab-content-1949\" class=\"elementor-tab-content elementor-clearfix elementor-active\" style=\"box-sizing: border-box;\" role=\"tabpanel\" data-tab=\"9\" aria-labelledby=\"elementor-tab-title-1949\">\n<p style=\"box-sizing: border-box;\">E-mail:portifoliosp@gmail.com<\/p>\n<div id=\"attachment_143\" class=\"wp-caption alignnone\" style=\"box-sizing: border-box; padding: 5px; text-align: center;\">\n<div id=\"attachment_143\" class=\"wp-caption alignnone\" style=\"box-sizing: border-box; padding: 5px; width: 156px;\">\n<p style=\"box-sizing: border-box;\"><a style=\"box-sizing: border-box; background: transparent;\" href=\"https:\/\/portifolioos-prontos.com\/\"><img decoding=\"async\" class=\"wp-image-143 jetpack-lazy-image jetpack-lazy-image--handled\" style=\"box-sizing: border-box; vertical-align: middle; display: block; width: 146px; margin: 0px;\" title=\"portfolio pronto unopar\" src=\"https:\/\/i0.wp.com\/portifolioos-prontos.com\/wp-content\/uploads\/2022\/04\/conceitomaximo.png?resize=161%2C46\" alt=\"PORTFOLIO PRONTO UNOPAR ANHANGUERA\" width=\"156\" height=\"45\" aria-describedby=\"caption-attachment-143\" data-lazy-loaded=\"1\" \/><\/a><\/p>\n<p id=\"caption-attachment-143\" class=\"wp-caption-text\" style=\"box-sizing: border-box; margin-right: 0px; margin-bottom: 0px; margin-left: 0px; font-size: small; padding: 5px 0px 0px;\">Portf\u00f3lio em Word, respondido, completo e j\u00e1 nas normas.<\/p>\n<\/div>\n<\/div>\n<\/div>\n<\/div>\n","protected":false},"excerpt":{"rendered":"<div class=\"product-short-description\" style=\"box-sizing: border-box;\">\n<h5 style=\"box-sizing: border-box; color: var(--mf-dark-color);\"><strong style=\"box-sizing: border-box;\">CONTEMPLA AS 4 UNIDADES<\/strong><\/h5>\n<h5 style=\"box-sizing: border-box; color: var(--mf-dark-color);\"><strong style=\"box-sizing: border-box;\">Pague pelo PIX ou cart\u00e3o e fa\u00e7a o download agora mesmo.<\/strong><\/h5>\n<\/div>\n<div class=\"sticky-add-to-cart-wrapper\" style=\"box-sizing: border-box;\">\n<div class=\"sticky-add-to-cart\" style=\"box-sizing: border-box;\">\n<div class=\"quantity buttons_added form-flat\" style=\"box-sizing: border-box; position: relative;\"><img decoding=\"async\" class=\"alignnone wp-image-761 ls-is-cached lazyloaded smush-detected-img smush-image-2\" style=\"box-sizing: border-box; border: 0px; vertical-align: middle; border-radius: 5px; transition: opacity 400ms; box-shadow: #fecf2f 0px 0px 0px 5px; margin: 0px; opacity: 1; --smush-placeholder-width: 78px; --smush-placeholder-aspect-ratio: 78\/28;\" src=\"https:\/\/portifolioos-prontos.com\/wp-content\/uploads\/2022\/04\/PIX-300x107.webp\" alt=\"\" width=\"78\" height=\"28\" data-src=\"https:\/\/portifolioos-prontos.com\/wp-content\/uploads\/2022\/04\/PIX-300x107.webp\" \/>\u00a0\u00a0<img loading=\"lazy\" decoding=\"async\" class=\"lazyloaded smush-detected-img smush-image-3\" style=\"box-sizing: border-box; border: 0px; vertical-align: middle; border-radius: 5px; transition: opacity 400ms; box-shadow: #fecf2f 0px 0px 0px 5px; opacity: 1; --smush-placeholder-width: 46px; --smush-placeholder-aspect-ratio: 46\/29;\" src=\"https:\/\/d26lpennugtm8s.cloudfront.net\/assets\/common\/img\/logos\/payment\/visa@2x.png\" width=\"46\" height=\"29\" data-src=\"https:\/\/d26lpennugtm8s.cloudfront.net\/assets\/common\/img\/logos\/payment\/visa@2x.png\" \/><img loading=\"lazy\" decoding=\"async\" class=\"lazyloaded smush-detected-img smush-image-4\" style=\"box-sizing: border-box; border: 0px; vertical-align: middle; border-radius: 5px; transition: opacity 400ms; box-shadow: #fecf2f 0px 0px 0px 5px; opacity: 1; --smush-placeholder-width: 43px; --smush-placeholder-aspect-ratio: 43\/27;\" src=\"https:\/\/d26lpennugtm8s.cloudfront.net\/assets\/common\/img\/logos\/payment\/boleto@2x.png\" width=\"43\" height=\"27\" data-src=\"https:\/\/d26lpennugtm8s.cloudfront.net\/assets\/common\/img\/logos\/payment\/boleto@2x.png\" \/><img loading=\"lazy\" decoding=\"async\" class=\"lazyloaded smush-detected-img smush-image-5\" style=\"box-sizing: border-box; border: 0px; vertical-align: middle; border-radius: 5px; transition: opacity 400ms; box-shadow: #fecf2f 0px 0px 0px 5px; opacity: 1; --smush-placeholder-width: 43px; --smush-placeholder-aspect-ratio: 43\/27;\" src=\"https:\/\/d26lpennugtm8s.cloudfront.net\/assets\/common\/img\/logos\/payment\/mastercard@2x.png\" width=\"43\" height=\"27\" data-src=\"https:\/\/d26lpennugtm8s.cloudfront.net\/assets\/common\/img\/logos\/payment\/mastercard@2x.png\" \/><img loading=\"lazy\" decoding=\"async\" class=\"lazyloaded smush-detected-img smush-image-6\" style=\"box-sizing: border-box; border: 0px; vertical-align: middle; border-radius: 5px; transition: opacity 400ms; box-shadow: #fecf2f 0px 0px 0px 5px; opacity: 1; --smush-placeholder-width: 43px; --smush-placeholder-aspect-ratio: 43\/27;\" src=\"https:\/\/d26lpennugtm8s.cloudfront.net\/assets\/common\/img\/logos\/payment\/amex@2x.png\" width=\"43\" height=\"27\" data-src=\"https:\/\/d26lpennugtm8s.cloudfront.net\/assets\/common\/img\/logos\/payment\/amex@2x.png\" \/><img loading=\"lazy\" decoding=\"async\" class=\"lazyloaded smush-detected-img smush-image-7\" style=\"box-sizing: border-box; border: 0px; vertical-align: middle; border-radius: 5px; transition: opacity 400ms; box-shadow: #fecf2f 0px 0px 0px 5px; opacity: 1; --smush-placeholder-width: 46px; --smush-placeholder-aspect-ratio: 46\/29;\" src=\"https:\/\/d26lpennugtm8s.cloudfront.net\/assets\/common\/img\/logos\/payment\/diners@2x.png\" width=\"46\" height=\"29\" data-src=\"https:\/\/d26lpennugtm8s.cloudfront.net\/assets\/common\/img\/logos\/payment\/diners@2x.png\" \/><img loading=\"lazy\" decoding=\"async\" class=\"lazyloaded smush-detected-img smush-image-8\" style=\"box-sizing: border-box; border: 0px; vertical-align: middle; border-radius: 5px; transition: opacity 400ms; box-shadow: #fecf2f 0px 0px 0px 5px; opacity: 1; --smush-placeholder-width: 45px; --smush-placeholder-aspect-ratio: 45\/28;\" src=\"https:\/\/d26lpennugtm8s.cloudfront.net\/assets\/common\/img\/logos\/payment\/br\/elo@2x.png\" width=\"45\" height=\"28\" data-src=\"https:\/\/d26lpennugtm8s.cloudfront.net\/assets\/common\/img\/logos\/payment\/br\/elo@2x.png\" \/><img loading=\"lazy\" decoding=\"async\" class=\"lazyloaded smush-detected-img smush-image-9\" style=\"box-sizing: border-box; border: 0px; vertical-align: middle; border-radius: 5px; transition: opacity 400ms; box-shadow: #fecf2f 0px 0px 0px 5px; opacity: 1; --smush-placeholder-width: 44px; --smush-placeholder-aspect-ratio: 44\/28;\" src=\"https:\/\/d26lpennugtm8s.cloudfront.net\/assets\/common\/img\/logos\/payment\/br\/hipercard@2x.png\" width=\"44\" height=\"28\" data-src=\"https:\/\/d26lpennugtm8s.cloudfront.net\/assets\/common\/img\/logos\/payment\/br\/hipercard@2x.png\" \/><img loading=\"lazy\" decoding=\"async\" class=\"lazyloaded smush-detected-img smush-image-10\" style=\"box-sizing: border-box; border: 0px; vertical-align: middle; border-radius: 5px; transition: opacity 400ms; box-shadow: #fecf2f 0px 0px 0px 5px; opacity: 1; --smush-placeholder-width: 45px; --smush-placeholder-aspect-ratio: 45\/28;\" src=\"https:\/\/d26lpennugtm8s.cloudfront.net\/assets\/common\/img\/logos\/payment\/mercadopago@2x.png\" width=\"45\" height=\"28\" data-src=\"https:\/\/d26lpennugtm8s.cloudfront.net\/assets\/common\/img\/logos\/payment\/mercadopago@2x.png\" \/><\/div>\n<\/div>\n<\/div>\n","protected":false},"featured_media":34583,"template":"","meta":{"_seopress_robots_primary_cat":"none","_seopress_titles_title":"%%post_title%% %%sitetitle%%","_seopress_titles_desc":"%%post_content%%","_seopress_robots_index":""},"product_cat":[15],"product_tag":[],"class_list":{"0":"post-34580","1":"product","2":"type-product","3":"status-publish","4":"has-post-thumbnail","6":"product_cat-uncategorized","8":"first","9":"instock","10":"shipping-taxable","11":"product-type-simple","12":"col-xs-6 col-sm-4","13":"col-mf-5","14":"un-5-cols"},"jetpack_sharing_enabled":true,"_links":{"self":[{"href":"https:\/\/portifolioos-prontos.com\/index.php\/wp-json\/wp\/v2\/product\/34580","targetHints":{"allow":["GET"]}}],"collection":[{"href":"https:\/\/portifolioos-prontos.com\/index.php\/wp-json\/wp\/v2\/product"}],"about":[{"href":"https:\/\/portifolioos-prontos.com\/index.php\/wp-json\/wp\/v2\/types\/product"}],"version-history":[{"count":0,"href":"https:\/\/portifolioos-prontos.com\/index.php\/wp-json\/wp\/v2\/product\/34580\/revisions"}],"wp:featuredmedia":[{"embeddable":true,"href":"https:\/\/portifolioos-prontos.com\/index.php\/wp-json\/wp\/v2\/media\/34583"}],"wp:attachment":[{"href":"https:\/\/portifolioos-prontos.com\/index.php\/wp-json\/wp\/v2\/media?parent=34580"}],"wp:term":[{"taxonomy":"product_cat","embeddable":true,"href":"https:\/\/portifolioos-prontos.com\/index.php\/wp-json\/wp\/v2\/product_cat?post=34580"},{"taxonomy":"product_tag","embeddable":true,"href":"https:\/\/portifolioos-prontos.com\/index.php\/wp-json\/wp\/v2\/product_tag?post=34580"}],"curies":[{"name":"wp","href":"https:\/\/api.w.org\/{rel}","templated":true}]}}