{"id":34587,"date":"2025-01-27T16:11:21","date_gmt":"2025-01-27T19:11:21","guid":{"rendered":"https:\/\/portifolioos-prontos.com\/?post_type=product&#038;p=34587"},"modified":"2025-08-03T18:08:25","modified_gmt":"2025-08-03T21:08:25","slug":"projeto-integrado-inovacao-redes-de-computadores","status":"publish","type":"product","link":"https:\/\/portifolioos-prontos.com\/index.php\/product\/projeto-integrado-inovacao-redes-de-computadores\/","title":{"rendered":"Projeto Integrado Inova\u00e7\u00e3o &#8211; Redes de Computadores"},"content":{"rendered":"<h5>Projeto Integrado Inova\u00e7\u00e3o &#8211; Redes de Computadores<\/h5>\n<h5>Projeto Integrado Inova\u00e7\u00e3o &#8211; Redes de Computadores &#8211; Neolink Solutions<\/h5>\n<p>ATIVIDADES<\/p>\n<p>PROJETO INTEGRADO<\/p>\n<p>Situa\u00e7\u00e3o Problema: Melhoria da infraestrutura de rede e seguran\u00e7a da Neolink.<\/p>\n<p>Contexto:<\/p>\n<p>A empresa NeoLink Solutions S.A, especializada em produtos de tecnologia e inova\u00e7\u00e3o, est\u00e1 em plena<\/p>\n<p>expans\u00e3o de suas opera\u00e7\u00f5es. A NeoLink possui uma sede principal e filiais regionais, al\u00e9m de um<\/p>\n<p>centro de distribui\u00e7\u00e3o conectado a uma plataforma de e-commerce. O crescimento acelerado trouxe<\/p>\n<p>desafios relacionados \u00e0 moderniza\u00e7\u00e3o de sua infraestrutura de rede, melhoria da performance e<\/p>\n<p>seguran\u00e7a de sua loja virtual, al\u00e9m da necessidade de gerenciar de forma eficiente os servi\u00e7os em<\/p>\n<p>sistemas operacionais distribu\u00eddos.<\/p>\n<p>A NeoLink busca se posicionar como refer\u00eancia em atendimento ao cliente e efici\u00eancia operacional,<\/p>\n<p>o que exige uma rede robusta e uma plataforma de e-commerce que garanta experi\u00eancia de usu\u00e1rio<\/p>\n<p>superior, seguran\u00e7a em transa\u00e7\u00f5es e integra\u00e7\u00e3o com fornecedores e parceiros.<\/p>\n<p>Hoje, o cabeamento estruturado da sede e filiais est\u00e1 obsoleto e n\u00e3o suporta a velocidade necess\u00e1ria<\/p>\n<p>para as opera\u00e7\u00f5es atuais. A rede enfrenta lentid\u00e3o e interrup\u00e7\u00f5es frequentes devido a uma topologia<\/p>\n<p>inadequada e equipamentos desatualizados. A plataforma de e-commerce \u00e9 b\u00e1sica, com problemas<\/p>\n<p>de escalabilidade e seguran\u00e7a e n\u00e3o h\u00e1 integra\u00e7\u00e3o com sistemas de pagamento modernos e com<\/p>\n<p>ferramentas de an\u00e1lise de vendas.<\/p>\n<p>Nos Sistemas Operacionais, servi\u00e7os essenciais, como DNS, DHCP e gerenciamento de arquivos, s\u00e3o<\/p>\n<p>administrados manualmente, resultando em inconsist\u00eancias e baixa efici\u00eancia. H\u00e1 falta de<\/p>\n<p>redund\u00e2ncia nos servi\u00e7os cr\u00edticos, o que aumenta o risco de indisponibilidade.<\/p>\n<p>Os protocolos de rede mal configurados est\u00e3o gerando perdas de pacotes e alta lat\u00eancia na<\/p>\n<p>comunica\u00e7\u00e3o entre as filiais e o centro de distribui\u00e7\u00e3o. N\u00e3o h\u00e1 prioriza\u00e7\u00e3o de tr\u00e1fego para aplica\u00e7\u00f5es<\/p>\n<p>cr\u00edticas, como transa\u00e7\u00f5es financeiras e acesso ao banco de dados. Os dados sens\u00edveis est\u00e3o sendo<\/p>\n<p>transmitidos sem encripta\u00e7\u00e3o robusta, expondo a empresa a riscos de vazamento. H\u00e1 falta de<\/p>\n<p>monitoramento ativo para identificar e mitigar amea\u00e7as em tempo real.<\/p>\n<p>H\u00e1 algumas atividades propostas para corrigir os erros e melhorar a infraestrutura, que podemos<\/p>\n<p>fazer em alguns passos:<\/p>\n<p><b>Passo 1:<\/b><\/p>\n<p>Configurar servidores para gerenciar DNS, DHCP, FTP e backups autom\u00e1ticos e implementar<\/p>\n<p>redund\u00e2ncia e alta disponibilidade para servi\u00e7os essenciais.<\/p>\n<p><b>Passo 2:<\/b><\/p>\n<p>A NeoLink Solutions S.A. est\u00e1 expandindo suas opera\u00e7\u00f5es e enfrenta desafios em sua plataforma de<\/p>\n<p>e-commerce, como problemas de escalabilidade, seguran\u00e7a e integra\u00e7\u00e3o com sistemas modernos de<\/p>\n<p>pagamento e an\u00e1lise de vendas. Os objetivos da empresa s\u00e3o:<\/p>\n<p>Migrar a loja virtual para um CMS robusto (WordPress com WooCommerce, Magento ou<\/p>\n<p>PrestaShop).<\/p>\n<p>Configurar um ambiente seguro com certificados SSL e autentica\u00e7\u00e3o multifator para<\/p>\n<p>administradores.<\/p>\n<p>Integrar a plataforma a um gateway de pagamento moderno e APIs de sistemas log\u00edsticos.<\/p>\n<p>Para isto, voc\u00ea atuar\u00e1 como consultor para propor melhorias te\u00f3ricas baseadas no uso de um CMS<\/p>\n<p>(Content Management System). Sua tarefa ser\u00e1 elaborar um planejamento te\u00f3rico para a<\/p>\n<p>moderniza\u00e7\u00e3o do e-commerce, focando na escolha de ferramentas adequadas e na justificativa de<\/p>\n<p>suas decis\u00f5es. Desenvolva um plano te\u00f3rico (um relat\u00f3rio) para a cria\u00e7\u00e3o ou moderniza\u00e7\u00e3o do ecommerce da NeoLink, utilizando um CMS, considerando os seguintes aspectos:<\/p>\n<p>Escolha do CMS:<\/p>\n<p>o Pesquise e identifique um CMS adequado para criar ou modernizar o e-commerce da<\/p>\n<p>NeoLink.<\/p>\n<p>o Justifique sua escolha com base em:<\/p>\n<p>Escalabilidade.<\/p>\n<p>Facilidade de uso.<\/p>\n<p>Suporte a integra\u00e7\u00f5es (pagamentos, plugins, etc.).<\/p>\n<p>Defini\u00e7\u00e3o de Funcionalidades:<\/p>\n<p>o Liste tr\u00eas funcionalidades essenciais que devem estar presentes na nova plataforma<\/p>\n<p>de e-commerce e explique sua import\u00e2ncia para o sucesso do projeto.<\/p>\n<p>Estrat\u00e9gias de Seguran\u00e7a:<\/p>\n<p>o Proponha duas pr\u00e1ticas de seguran\u00e7a para proteger os dados dos clientes e as<\/p>\n<p>transa\u00e7\u00f5es financeiras realizadas no site.<\/p>\n<p>Integra\u00e7\u00e3o com Sistemas Modernos:<\/p>\n<p>o Sugira ao menos um sistema de pagamento e uma ferramenta de an\u00e1lise de vendas<\/p>\n<p>que poderiam ser integrados ao CMS escolhido. Explique como essas integra\u00e7\u00f5es<\/p>\n<p>beneficiar\u00e3o a NeoLink.<\/p>\n<p><b>Passo 3:<\/b><\/p>\n<p>Redesenhar a infraestrutura de cabeamento com base em padr\u00f5es atuais (ANSI\/TIA-568) para<\/p>\n<p>suportar velocidades de gigabit.<\/p>\n<p>Propor a instala\u00e7\u00e3o de switches e roteadores gerenci\u00e1veis, garantindo melhor controle e<\/p>\n<p>desempenho da rede.<\/p>\n<p>Criar um plano de expans\u00e3o para atender a futuras demandas da NeoLink.<\/p>\n<p><b>Passo 4:<\/b><\/p>\n<p>A NeoLink Solutions S.A., tamb\u00e9m enfrenta desafios relacionados \u00e0 desempenho, seguran\u00e7a e<\/p>\n<p>efici\u00eancia da comunica\u00e7\u00e3o entre suas filiais e o centro de distribui\u00e7\u00e3o. A empresa identificou<\/p>\n<p>problemas como alta lat\u00eancia, perda de pacotes e aus\u00eancia de prioriza\u00e7\u00e3o para aplica\u00e7\u00f5es cr\u00edticas.<\/p>\n<p>Sua tarefa \u00e9 justificar e defender as melhorias listadas abaixo, com foco atender \u00e0s necessidades da<\/p>\n<p>organiza\u00e7\u00e3o.<\/p>\n<p>IPv6: Justifique a necessidade de migra\u00e7\u00e3o para IPv6 e descreva o impacto positivo na<\/p>\n<p>escalabilidade e efici\u00eancia da comunica\u00e7\u00e3o.<\/p>\n<p>VLANs: Justifique e exemplifique a segmenta\u00e7\u00e3o da rede utilizando VLANs para melhorar o<\/p>\n<p>isolamento do tr\u00e1fego e a seguran\u00e7a<\/p>\n<p>QoS: Proponha sugest\u00f5es de Qualidade de Servi\u00e7o para priorizar aplica\u00e7\u00f5es cr\u00edticas, como<\/p>\n<p>transa\u00e7\u00f5es financeiras e VoIP.<\/p>\n<p>Firewall e monitoramento: Justifique a necessidade de implementar um firewall para<\/p>\n<p>proteger as redes e evitar ataques de malware e a import\u00e2ncia de monitorar a rede para<\/p>\n<p>detectar e mitigar vulnerabilidades.<\/p>\n<p>Uso de protocolos seguros: Justifique a necessidade de atualizar protocolos seguros como<\/p>\n<p>HTTPS e SFTP e certificados SSL\/TLS para garantir a confiabilidade e a seguran\u00e7a das<\/p>\n<p>comunica\u00e7\u00f5es.<\/p>\n<p><b>Passo 5:<\/b><\/p>\n<p>Implementar criptografia ponta a ponta para transa\u00e7\u00f5es financeiras e comunica\u00e7\u00f5es internas.<\/p>\n<p>Utilizar compress\u00e3o de dados para otimizar a transmiss\u00e3o e reduzir custos operacionais.<\/p>\n<p>Adotar uma solu\u00e7\u00e3o de monitoramento de tr\u00e1fego (como Wireshark ou PRTG) para identificar<\/p>\n<p>anomalias e melhorar a seguran\u00e7a.<\/p>\n<div class=\"elementor-toggle-item\" style=\"box-sizing: border-box;\">\n<div class=\"elementor-toggle-item\">\n<p id=\"elementor-tab-title-1941\" class=\"elementor-tab-title elementor-active\" tabindex=\"0\" role=\"tab\" data-tab=\"1\" aria-controls=\"elementor-tab-content-1941\" aria-expanded=\"true\" aria-selected=\"true\"><strong>Como funciona?<\/strong><\/p>\n<p>Elaboramos os portf\u00f3lios, j\u00e1 deixamos prontos, nas normas da ABNT e conforme os requisitos da universidade. F\u00e1cil assim! O MELHOR \u00c9 QUE VOC\u00ca COMPRA E J\u00c1 BAIXA NA HORA O SEU ARQUIVO EM WORD! Sabemos que conciliar trabalho, fam\u00edlia, vida profissional e estudos \u00e9 dif\u00edcil hoje em dia, por isso, estamos aqui para ajudar voc\u00ea. Conte com nossa qualidade, experi\u00eancia e profissionalismo adquirindo seu portf\u00f3lio conosco. GARANTIMOS SEU CONCEITO!<\/p>\n<p><strong>Como se realizam os envios?<\/strong><\/p>\n<\/div>\n<p id=\"elementor-tab-content-1942\" class=\"elementor-tab-content elementor-clearfix elementor-active\" role=\"tabpanel\" data-tab=\"2\" aria-labelledby=\"elementor-tab-title-1942\">O seu trabalho \u00e9 disponibilizado pronto, respondido e nas normas j\u00e1 na mesma hora aqui em nosso site na sua \u00e1rea de downloads e tamb\u00e9m no seu e-mail.<\/p>\n<p><strong>Em quanto tempo recebo o portf\u00f3lio?<\/strong><\/p>\n<p>Os envios s\u00e3o imediatos. Ap\u00f3s sua compra, o trabalho j\u00e1 \u00e9 disponibilizado instantaneamente aqui em nosso site e no seu e-mail.<\/p>\n<p><strong>E se o portf\u00f3lio que comprei precisar de corre\u00e7\u00e3o?<\/strong><\/p>\n<p>Caso haja alguma solicita\u00e7\u00e3o de corre\u00e7\u00e3o\/altera\u00e7\u00e3o por parte do tutor, basta entrar em contato conosco pelo\u00a0WhatsApp\u00a0que provid\u00eanciaremos sem custo algum.<\/p>\n<p><strong>Qual o formato do arquivo?<\/strong><\/p>\n<p>Os arquivos s\u00e3o enviados em formato Word e s\u00e3o edit\u00e1veis.<\/p>\n<p><strong>Caso eu tiver alguma d\u00favida, terei suporte no p\u00f3s venda?<\/strong><\/p>\n<p>Sim, com certeza. Basta clicar no \u00edcone do WhatsApp no cantinho da tela. Ser\u00e1 um prazer atend\u00ea-lo(a).<\/p>\n<div id=\"elementor-tab-content-1948\" class=\"elementor-tab-content elementor-clearfix elementor-active\" role=\"tabpanel\" data-tab=\"8\" aria-labelledby=\"elementor-tab-title-1948\">\n<p><strong>Quais os seus canais de contato?<\/strong><\/p>\n<\/div>\n<div id=\"elementor-tab-content-1949\" class=\"elementor-tab-content elementor-clearfix elementor-active\" role=\"tabpanel\" data-tab=\"9\" aria-labelledby=\"elementor-tab-title-1949\">\n<p>Whatsapp: 53 984751621 \u2013 Clicar no canto da tela ou ESCANEIE O QRCODE ABAIXO<\/p>\n<h4><img decoding=\"async\" class=\"alignnone wp-image-13699 jetpack-lazy-image jetpack-lazy-image--handled\" src=\"https:\/\/i0.wp.com\/portifolioos-prontos.com\/wp-content\/uploads\/2023\/02\/whatsapp-business-projeto-de-extensao-300x300.jpeg?resize=144%2C144\" sizes=\"(max-width: 144px) 100vw, 144px\" srcset=\"https:\/\/i0.wp.com\/portifolioos-prontos.com\/wp-content\/uploads\/2023\/02\/whatsapp-business-projeto-de-extensao.jpeg?resize=300%2C301&amp;ssl=1 300w, https:\/\/i0.wp.com\/portifolioos-prontos.com\/wp-content\/uploads\/2023\/02\/whatsapp-business-projeto-de-extensao.jpeg?resize=150%2C150&amp;ssl=1 150w, https:\/\/i0.wp.com\/portifolioos-prontos.com\/wp-content\/uploads\/2023\/02\/whatsapp-business-projeto-de-extensao.jpeg?resize=370%2C372&amp;ssl=1 370w, https:\/\/i0.wp.com\/portifolioos-prontos.com\/wp-content\/uploads\/2023\/02\/whatsapp-business-projeto-de-extensao.jpeg?resize=100%2C100&amp;ssl=1 100w, https:\/\/i0.wp.com\/portifolioos-prontos.com\/wp-content\/uploads\/2023\/02\/whatsapp-business-projeto-de-extensao.jpeg?w=470&amp;ssl=1 470w\" alt=\"projeto de extens\u00e3o unopar\" width=\"144\" height=\"144\" data-lazy-loaded=\"1\" \/><\/h4>\n<\/div>\n<div class=\"elementor-toggle-item\">\n<div id=\"elementor-tab-content-1949\" class=\"elementor-tab-content elementor-clearfix elementor-active\" role=\"tabpanel\" data-tab=\"9\" aria-labelledby=\"elementor-tab-title-1949\">\n<p>E-mail:portifoliosp@gmail.com<\/p>\n<div id=\"attachment_143\" class=\"wp-caption alignnone\">\n<div id=\"attachment_143\" class=\"wp-caption alignnone\">\n<p id=\"caption-attachment-143\" class=\"wp-caption-text\"><a href=\"http:\/\/portfolio-pronto.com\/\">Portf\u00f3lio<\/a>\u00a0em Word, respondido, completo e j\u00e1 nas normas<\/p>\n<\/div>\n<\/div>\n<\/div>\n<\/div>\n<\/div>\n","protected":false},"excerpt":{"rendered":"<div class=\"product-short-description\" style=\"box-sizing: border-box;\">\n<div class=\"product-short-description\">\n<p><strong>Pague pelo PIX ou cart\u00e3o e fa\u00e7a o download agora mesmo.<\/strong><\/p>\n<\/div>\n<div class=\"sticky-add-to-cart-wrapper\">\n<div class=\"sticky-add-to-cart\">\n<p class=\"quantity buttons_added form-flat\"><img decoding=\"async\" class=\"lazyloaded smush-image-5 smush-image-3 smush-image-4 smush-detected-img smush-image-bigger-3\" src=\"https:\/\/d26lpennugtm8s.cloudfront.net\/assets\/common\/img\/logos\/payment\/visa@2x.png\" width=\"46\" height=\"29\" data-src=\"https:\/\/d26lpennugtm8s.cloudfront.net\/assets\/common\/img\/logos\/payment\/visa@2x.png\" \/><img decoding=\"async\" class=\"lazyloaded smush-image-6 smush-image-4 smush-image-5 smush-detected-img smush-image-bigger-4\" src=\"https:\/\/d26lpennugtm8s.cloudfront.net\/assets\/common\/img\/logos\/payment\/boleto@2x.png\" width=\"43\" height=\"27\" data-src=\"https:\/\/d26lpennugtm8s.cloudfront.net\/assets\/common\/img\/logos\/payment\/boleto@2x.png\" \/><img loading=\"lazy\" decoding=\"async\" class=\"lazyloaded smush-image-7 smush-image-5 smush-image-6 smush-detected-img smush-image-bigger-5\" src=\"https:\/\/d26lpennugtm8s.cloudfront.net\/assets\/common\/img\/logos\/payment\/mastercard@2x.png\" width=\"43\" height=\"27\" data-src=\"https:\/\/d26lpennugtm8s.cloudfront.net\/assets\/common\/img\/logos\/payment\/mastercard@2x.png\" \/><img loading=\"lazy\" decoding=\"async\" class=\"lazyloaded smush-image-8 smush-image-6 smush-image-7 smush-detected-img smush-image-bigger-6\" src=\"https:\/\/d26lpennugtm8s.cloudfront.net\/assets\/common\/img\/logos\/payment\/amex@2x.png\" width=\"43\" height=\"27\" data-src=\"https:\/\/d26lpennugtm8s.cloudfront.net\/assets\/common\/img\/logos\/payment\/amex@2x.png\" \/><img loading=\"lazy\" decoding=\"async\" class=\"lazyloaded smush-image-9 smush-image-7 smush-image-8 smush-detected-img smush-image-bigger-7\" src=\"https:\/\/d26lpennugtm8s.cloudfront.net\/assets\/common\/img\/logos\/payment\/diners@2x.png\" width=\"46\" height=\"29\" data-src=\"https:\/\/d26lpennugtm8s.cloudfront.net\/assets\/common\/img\/logos\/payment\/diners@2x.png\" \/><img loading=\"lazy\" decoding=\"async\" class=\"lazyloaded smush-image-10 smush-image-8 smush-image-9 alignnone smush-detected-img smush-image-bigger-8\" src=\"https:\/\/d26lpennugtm8s.cloudfront.net\/assets\/common\/img\/logos\/payment\/br\/elo@2x.png\" alt=\"portf\u00f3lio unopar anhanguera\" width=\"45\" height=\"28\" data-src=\"https:\/\/d26lpennugtm8s.cloudfront.net\/assets\/common\/img\/logos\/payment\/br\/elo@2x.png\" \/><img loading=\"lazy\" decoding=\"async\" class=\"lazyloaded smush-image-11 smush-image-9 smush-image-10 alignnone smush-detected-img smush-image-bigger-9\" src=\"https:\/\/d26lpennugtm8s.cloudfront.net\/assets\/common\/img\/logos\/payment\/br\/hipercard@2x.png\" alt=\"portf\u00f3lio unopar anhanguera\" width=\"44\" height=\"28\" data-src=\"https:\/\/d26lpennugtm8s.cloudfront.net\/assets\/common\/img\/logos\/payment\/br\/hipercard@2x.png\" \/><img loading=\"lazy\" decoding=\"async\" class=\"lazyloaded smush-image-12 smush-image-10 smush-image-11 alignnone smush-detected-img smush-image-bigger-10\" src=\"https:\/\/d26lpennugtm8s.cloudfront.net\/assets\/common\/img\/logos\/payment\/mercadopago@2x.png\" alt=\"portf\u00f3lio unopar anhanguera\" width=\"45\" height=\"28\" data-src=\"https:\/\/d26lpennugtm8s.cloudfront.net\/assets\/common\/img\/logos\/payment\/mercadopago@2x.png\" \/><img loading=\"lazy\" decoding=\"async\" class=\"alignnone lazyloaded smush-detected-img smush-image-bigger-11\" src=\"https:\/\/futurium.com.br\/wp-content\/uploads\/2021\/06\/logo-pix-icone-512.png\" alt=\"portfolio pronto\" width=\"30\" height=\"30\" data-src=\"https:\/\/futurium.com.br\/wp-content\/uploads\/2021\/06\/logo-pix-icone-512.png\" \/><\/p>\n<\/div>\n<\/div>\n<\/div>\n","protected":false},"featured_media":34590,"template":"","meta":{"_seopress_robots_primary_cat":"none","_seopress_titles_title":"%%post_title%% %%sitetitle%%","_seopress_titles_desc":"%%post_content%%","_seopress_robots_index":""},"product_cat":[764,122,15],"product_tag":[],"class_list":{"0":"post-34587","1":"product","2":"type-product","3":"status-publish","4":"has-post-thumbnail","6":"product_cat-projeto-integrado-inovacao-gestao","7":"product_cat-redes-de-computadores","8":"product_cat-uncategorized","10":"first","11":"instock","12":"downloadable","13":"virtual","14":"purchasable","15":"product-type-simple","16":"col-xs-6 col-sm-4","17":"col-mf-5","18":"un-5-cols"},"jetpack_sharing_enabled":true,"_links":{"self":[{"href":"https:\/\/portifolioos-prontos.com\/index.php\/wp-json\/wp\/v2\/product\/34587","targetHints":{"allow":["GET"]}}],"collection":[{"href":"https:\/\/portifolioos-prontos.com\/index.php\/wp-json\/wp\/v2\/product"}],"about":[{"href":"https:\/\/portifolioos-prontos.com\/index.php\/wp-json\/wp\/v2\/types\/product"}],"version-history":[{"count":0,"href":"https:\/\/portifolioos-prontos.com\/index.php\/wp-json\/wp\/v2\/product\/34587\/revisions"}],"wp:featuredmedia":[{"embeddable":true,"href":"https:\/\/portifolioos-prontos.com\/index.php\/wp-json\/wp\/v2\/media\/34590"}],"wp:attachment":[{"href":"https:\/\/portifolioos-prontos.com\/index.php\/wp-json\/wp\/v2\/media?parent=34587"}],"wp:term":[{"taxonomy":"product_cat","embeddable":true,"href":"https:\/\/portifolioos-prontos.com\/index.php\/wp-json\/wp\/v2\/product_cat?post=34587"},{"taxonomy":"product_tag","embeddable":true,"href":"https:\/\/portifolioos-prontos.com\/index.php\/wp-json\/wp\/v2\/product_tag?post=34587"}],"curies":[{"name":"wp","href":"https:\/\/api.w.org\/{rel}","templated":true}]}}