{"id":34607,"date":"2025-01-27T18:26:01","date_gmt":"2025-01-27T21:26:01","guid":{"rendered":"https:\/\/portifolioos-prontos.com\/?post_type=product&#038;p=34607"},"modified":"2025-10-07T23:01:26","modified_gmt":"2025-10-08T02:01:26","slug":"portfolio-praticas-pedagogicas-bncc-e-a-arte-de-educar","status":"publish","type":"product","link":"https:\/\/portifolioos-prontos.com\/index.php\/product\/portfolio-praticas-pedagogicas-bncc-e-a-arte-de-educar\/","title":{"rendered":"Pr\u00e1ticas Pedag\u00f3gicas: Bncc e a Arte de Educar"},"content":{"rendered":"<h4><small>Portfolio Individual \u2013 Pr\u00e1ticas Pedag\u00f3gicas: Bncc e a Arte de Educar<\/small><\/h4>\n<p>O\u00a0Portf\u00f3lio Individual \u2013 Pr\u00e1ticas Pedag\u00f3gicas: BNCC e a Arte de Educar\u00a0\u00e9 um instrumento de registro e reflex\u00e3o que visa integrar teoria e pr\u00e1tica na forma\u00e7\u00e3o docente. Este portf\u00f3lio \u00e9 elaborado com base nos princ\u00edpios da Base Nacional Comum Curricular (BNCC), proporcionando ao educador em forma\u00e7\u00e3o a oportunidade de planejar, executar e refletir sobre projetos de ensino que atendam \u00e0s demandas de uma sala de aula heterog\u00eanea. Ele permite que o professor desenvolva estrat\u00e9gias pedag\u00f3gicas inovadoras, considerando as compet\u00eancias gerais e espec\u00edficas da BNCC, e fomente pr\u00e1ticas que promovam o desenvolvimento integral dos alunos.<\/p>\n<p>Por meio deste portf\u00f3lio, o educador \u00e9 desafiado a analisar problemas reais do contexto escolar, como dificuldades de aprendizagem, e propor solu\u00e7\u00f5es fundamentadas em metodologias ativas e diversificadas. Al\u00e9m disso, o portf\u00f3lio incentiva o professor a refletir sobre sua pr\u00e1tica, adaptando-a \u00e0s necessidades dos estudantes e ao contexto educacional em que atua. Dessa forma, o portf\u00f3lio n\u00e3o apenas contribui para a forma\u00e7\u00e3o de uma pr\u00e1tica pedag\u00f3gica mais eficaz, mas tamb\u00e9m valoriza o papel do educador como agente transformador na constru\u00e7\u00e3o de uma educa\u00e7\u00e3o equitativa e de qualidade.<\/p>\n<p>ATIVIDADE PR\u00c1TICA<\/p>\n<p>PR\u00c1TICAS PEDAG\u00d3GICAS: BNCC E ARTE DE EDUCAR<br \/>\nOl\u00e1, estudante!<br \/>\nNessa atividade pr\u00e1tica, voc\u00ea poder\u00e1 compreender e aplicar os princ\u00edpios da BNCC na elabora\u00e7\u00e3o de um projeto de ensino.<br \/>\nObjetivos<br \/>\nDesenvolver estrat\u00e9gias pedag\u00f3gicas que atendam \u00e0s necessidades de uma turma heterog\u00eanea.<br \/>\nSitua\u00e7\u00e3o-problema<br \/>\nVoc\u00ea \u00e9 um professor rec\u00e9m-formado e foi contratado para lecionar em uma escola de educa\u00e7\u00e3o b\u00e1sica. Ao iniciar suas atividades, voc\u00ea percebe que os alunos apresentam dificuldades em<br \/>\ncompreender e aplicar conceitos b\u00e1sicos do componente curricular que voc\u00ea leciona. Al\u00e9m disso, a turma \u00e9 bastante heterog\u00eanea, com alunos em diferentes n\u00edveis de aprendizagem.<br \/>\nSeu desafio \u00e9 desenvolver um projeto de ensino que possa ajudar todos os alunos a melhorar seu desempenho, respeitando os princ\u00edpios da Base Nacional Comum Curricular (BNCC) e utilizando<br \/>\nestrat\u00e9gias pedag\u00f3gicas inovadoras.<br \/>\nPasso 1<br \/>\n1.\u00a0Selecione no quadro, a seguir, uma dificuldade aprendizagem dos alunos no componente curricular relacionado ao seu curso de gradua\u00e7\u00e3o, para elaborar o projeto de ensino:<\/p>\n<table width=\"860\">\n<tbody>\n<tr>\n<td width=\"200\">Componente<br \/>\nCurricular<\/td>\n<td width=\"200\">Dificuldades de Aprendizagem<\/td>\n<\/tr>\n<tr>\n<td width=\"200\">L\u00edngua<br \/>\nPortuguesa<\/td>\n<td width=\"200\">1. Dificuldade na interpreta\u00e7\u00e3o de textos.<br \/>\n2. Problemas com a ortografia e gram\u00e1tica.<br \/>\n3. Dificuldade em expressar ideias de forma escrita.<\/td>\n<\/tr>\n<tr>\n<td width=\"200\">Matem\u00e1tica<\/td>\n<td width=\"200\">1. Dificuldade em entender conceitos abstratos.<br \/>\n2. Resolu\u00e7\u00e3o de problemas matem\u00e1ticos.<br \/>\n3. Dificuldade em memorizar f\u00f3rmulas e procedimentos.<\/td>\n<\/tr>\n<tr>\n<td width=\"200\">Ci\u00eancias<\/td>\n<td width=\"200\">1. Dificuldade em compreender conceitos cient\u00edficos.<br \/>\n2. Problemas em realizar experimentos e atividades<br \/>\npr\u00e1ticas.<\/td>\n<\/tr>\n<\/tbody>\n<\/table>\n<p>ATIVIDADE PR\u00c1TICA<\/p>\n<table width=\"862\">\n<tbody>\n<tr>\n<td width=\"200\">Componente<br \/>\nCurricular<\/td>\n<td width=\"200\">Dificuldades de Aprendizagem<\/td>\n<\/tr>\n<tr>\n<td width=\"200\">3. Dificuldade em relacionar teoria com pr\u00e1tica.<\/td>\n<\/tr>\n<tr>\n<td width=\"200\">Hist\u00f3ria<\/td>\n<td width=\"200\">1. Dificuldade em memorizar datas e eventos hist\u00f3ricos.<br \/>\n2. Problemas em entender a rela\u00e7\u00e3o causa e efeito entre<br \/>\neventos hist\u00f3ricos.<br \/>\n3. Dificuldade em interpretar fontes hist\u00f3ricas.<\/td>\n<\/tr>\n<tr>\n<td width=\"200\">Geografia<\/td>\n<td width=\"200\">1. Dificuldade em compreender mapas e gr\u00e1ficos.<br \/>\n2. Problemas em entender conceitos de localiza\u00e7\u00e3o e<br \/>\norienta\u00e7\u00e3o espacial.<br \/>\n3. Dificuldade em relacionar fen\u00f4menos naturais e sociais.<\/td>\n<\/tr>\n<tr>\n<td width=\"200\">Educa\u00e7\u00e3o F\u00edsica<\/td>\n<td width=\"200\">1. Dificuldade em coordena\u00e7\u00e3o motora.<br \/>\n2. Problemas em seguir regras e instru\u00e7\u00f5es de jogos.<br \/>\n3. Dificuldade em trabalhar em equipe.<\/td>\n<\/tr>\n<tr>\n<td width=\"200\">Arte<\/td>\n<td width=\"200\">1. Dificuldade em expressar criatividade e originalidade.<br \/>\n2. Problemas em entender e aplicar t\u00e9cnicas art\u00edsticas.<br \/>\n3. Dificuldade em interpretar obras de arte.<\/td>\n<\/tr>\n<tr>\n<td width=\"200\">Filosofia<\/td>\n<td width=\"200\">1. Dificuldade em trabalhar conceitos abstratos e teorias<br \/>\ncomplexas.<br \/>\n2. Problemas em relacionar contextos hist\u00f3ricos com a vida<br \/>\ncotidiana.<br \/>\n3. Dificuldade em realizar a leitura e a interpreta\u00e7\u00e3o de<br \/>\ntextos filos\u00f3ficos.<\/td>\n<\/tr>\n<tr>\n<td width=\"200\">L\u00edngua<br \/>\nEstrangeira<\/td>\n<td width=\"200\">1. Dificuldade em pron\u00fancia e entona\u00e7\u00e3o.<br \/>\n2. Problemas em memorizar vocabul\u00e1rio e estruturas<br \/>\ngramaticais.<br \/>\n3. Dificuldade em compreender e produzir textos na l\u00edngua<br \/>\nestrangeira.<\/td>\n<\/tr>\n<tr>\n<td width=\"200\">Sociologia<\/td>\n<td width=\"200\">1. Dificuldade em compreender conceitos sociol\u00f3gicos.<br \/>\n2. Problemas em relacionar teorias sociol\u00f3gicas com a<br \/>\nrealidade social.<br \/>\n3. Dificuldade em participar de debates e discuss\u00f5es<br \/>\ncr\u00edticas.<\/td>\n<\/tr>\n<tr>\n<td width=\"200\">Educa\u00e7\u00e3o<br \/>\nEspecial<\/td>\n<td width=\"200\">1. Dificuldade em adaptar-se a m\u00e9todos de ensino<br \/>\ninclusivos.<br \/>\n2. Problemas em atender \u00e0s necessidades espec\u00edficas de<br \/>\ncada aluno.<br \/>\n3. Dificuldade em promover a socializa\u00e7\u00e3o e inclus\u00e3o de<br \/>\nalunos com defici\u00eancias.<\/td>\n<\/tr>\n<tr>\n<td width=\"200\">Pedagogia<\/td>\n<td width=\"200\">1. Dificuldade em planejar e organizar atividades<\/td>\n<\/tr>\n<\/tbody>\n<\/table>\n<p>ATIVIDADE PR\u00c1TICA<\/p>\n<table width=\"865\">\n<tbody>\n<tr>\n<td width=\"200\">Componente<br \/>\nCurricular<\/td>\n<td width=\"200\">Dificuldades de Aprendizagem<\/td>\n<\/tr>\n<tr>\n<td width=\"200\">pedag\u00f3gicas.<br \/>\n2. Problemas em avaliar o desempenho dos alunos de<br \/>\nforma justa e eficaz.<br \/>\n3. Dificuldade em aplicar teorias pedag\u00f3gicas na pr\u00e1tica.<\/td>\n<\/tr>\n<tr>\n<td width=\"200\">Biologia<\/td>\n<td width=\"200\">1. Dificuldade em compreender processos biol\u00f3gicos<br \/>\ncomplexos.<br \/>\n2. Problemas em memorizar terminologias cient\u00edficas.<br \/>\n3. Dificuldade em relacionar conceitos biol\u00f3gicos com<br \/>\nfen\u00f4menos do cotidiano.<\/td>\n<\/tr>\n<\/tbody>\n<\/table>\n<p>1.\u00a0Pesquise na BNCC, o objeto de conhecimento relacionado \u00e0 dificuldade selecionada no respectivo componente curricular.<br \/>\n2.\u00a0Siga as instru\u00e7\u00f5es e elabore um projeto de ensino com a finalidade de promover o desenvolvimento dos alunos, buscando diversificar os processos de ensino e de<br \/>\naprendizagem e sistematizar conhecimentos. O projeto deve conter a seguinte estrutura:<br \/>\n\u2022\u00a0T\u00edtulo do Projeto: Nome que reflita o objetivo do projeto.<br \/>\n\u2022\u00a0Justificativa:\u00a0Explica\u00e7\u00e3o da import\u00e2ncia do projeto e como ele contribui para sanar a dificuldade selecionada no quadro anterior.<br \/>\n\u2022\u00a0Objetivos:\u00a0Resultados esperados com a implementa\u00e7\u00e3o do projeto.<br \/>\n\u2022\u00a0Conte\u00fados:\u00a0T\u00f3picos de componente curricular que ser\u00e3o abordados.<br \/>\n\u2022\u00a0Metodologias:\u00a0Estrat\u00e9gias pedag\u00f3gicas e atividades que ser\u00e3o utilizadas.<br \/>\n\u2022\u00a0Recursos Did\u00e1ticos:\u00a0Materiais e ferramentas necess\u00e1rios para a execu\u00e7\u00e3o do projeto.<br \/>\n\u2022\u00a0Cronograma:\u00a0Planejamento do tempo necess\u00e1rio para cada etapa do projeto.<br \/>\n\u2022\u00a0Avalia\u00e7\u00e3o:\u00a0Formas de avaliar o progresso dos alunos e a efic\u00e1cia do projeto.<br \/>\n3.\u00a0Implementa\u00e7\u00e3o e Reflex\u00e3o<br \/>\na. Imagine como seria a implementa\u00e7\u00e3o desse projeto de ensino em sala de aula.<br \/>\nb. Reflita sobre poss\u00edveis desafios e como voc\u00ea poderia super\u00e1-los.<br \/>\nPasso 2:<br \/>\nElabora\u00e7\u00e3o do trabalho para postagem no AVA, contendo:<br \/>\n1.\u00a0Capa padr\u00e3o, conforme normas da\u00a0ABNT.<br \/>\n2.\u00a0Projeto de Ensino, conforme orienta\u00e7\u00f5es estabelecidas no passo 1.<br \/>\n3.\u00a0Conclus\u00e3o: Reflex\u00e3o sobre a implementa\u00e7\u00e3o do projeto de ensino.<\/p>\n<p>ATIVIDADE PR\u00c1TICA<\/p>\n<p>NORMAS PARA ENTREGA DA ATIVIDADE PR\u00c1TICA<br \/>\n\u2022\u00a0Voc\u00ea dever\u00e1 postar seu trabalho final no AVA, na pasta espec\u00edfica relacionada \u00e0 atividade pr\u00e1tica, obedecendo o prazo limite de postagem, conforme disposto no AVA.<br \/>\n\u2022\u00a0O trabalho deve ser enviado em formato Word ou PDF, em um\u00a0ARQUIVO \u00daNICO\u00a0de at\u00e9 10 MB.<br \/>\n\u2022\u00a0O sistema permite anexar apenas um arquivo. Caso haja mais de uma postagem, ser\u00e1 considerada a \u00faltima vers\u00e3o.<br \/>\nIMPORTANTE:<br \/>\n\u2022\u00a0A entrega da atividade, de acordo com a proposta solicitada, \u00e9 um crit\u00e9rio de aprova\u00e7\u00e3o na disciplina.<br \/>\n\u2022\u00a0N\u00e3o h\u00e1 prorroga\u00e7\u00e3o para a postagem da atividade.<br \/>\nAproveite essa oportunidade para aprofundar ainda mais seus conhecimentos.<br \/>\nBons estudos!<br \/>\nRefer\u00eancias<br \/>\nBRASIL.\u00a0Base Nacional Comum Curricular. Bras\u00edlia, DF: Minist\u00e9rio da Educa\u00e7\u00e3o, 2018.<\/p>\n<div>\n<h4 id=\"elementor-tab-title-1941\" tabindex=\"0\" role=\"tab\" data-tab=\"1\" aria-controls=\"elementor-tab-content-1941\" aria-expanded=\"true\" aria-selected=\"true\">Como funciona?<\/h4>\n<div id=\"elementor-tab-content-1941\" role=\"tabpanel\" data-tab=\"1\" aria-labelledby=\"elementor-tab-title-1941\">\n<p>Elaboramos os portf\u00f3lios, j\u00e1 deixamos prontos, nas normas da ABNT e conforme os requisitos da universidade. F\u00e1cil assim! O MELHOR \u00c9 QUE VOC\u00ca COMPRA E J\u00c1 BAIXA NA HORA O SEU ARQUIVO EM WORD! Sabemos que conciliar trabalho, fam\u00edlia, vida profissional e estudos \u00e9 dif\u00edcil hoje em dia, por isso, estamos aqui para ajudar voc\u00ea. Conte com nossa qualidade, experi\u00eancia e profissionalismo adquirindo seu portf\u00f3lio conosco. GARANTIMOS SEU CONCEITO!<\/p>\n<h4>Como se realizam os envios?<\/h4>\n<\/div>\n<\/div>\n<div>\n<div id=\"elementor-tab-content-1942\" role=\"tabpanel\" data-tab=\"2\" aria-labelledby=\"elementor-tab-title-1942\">O seu trabalho \u00e9 disponibilizado pronto, respondido e nas normas j\u00e1 na mesma hora aqui em nosso site na sua \u00e1rea de downloads e tamb\u00e9m no seu e-mail.<\/div>\n<\/div>\n<div>\n<div id=\"elementor-tab-content-1943\" role=\"tabpanel\" data-tab=\"3\" aria-labelledby=\"elementor-tab-title-1943\">\n<h4>Em quanto tempo recebo o portf\u00f3lio?<\/h4>\n<\/div>\n<\/div>\n<div>\n<div id=\"elementor-tab-content-1944\" role=\"tabpanel\" data-tab=\"4\" aria-labelledby=\"elementor-tab-title-1944\">\n<p>Os envios s\u00e3o imediatos. Ap\u00f3s sua compra, o trabalho j\u00e1 \u00e9 disponibilizado instantaneamente aqui em nosso site e no seu e-mail.<\/p>\n<h4>E se o portf\u00f3lio que comprei precisar de corre\u00e7\u00e3o?<\/h4>\n<\/div>\n<\/div>\n<div>\n<div id=\"elementor-tab-content-1945\" role=\"tabpanel\" data-tab=\"5\" aria-labelledby=\"elementor-tab-title-1945\">\n<p>Caso haja alguma solicita\u00e7\u00e3o de corre\u00e7\u00e3o\/altera\u00e7\u00e3o por parte do tutor, basta entrar em contato conosco pelo\u00a0WhatsApp\u00a0que provid\u00eanciaremos sem custo algum.<\/p>\n<h4>Qual o formato do arquivo?<\/h4>\n<\/div>\n<\/div>\n<div>\n<div id=\"elementor-tab-content-1946\" role=\"tabpanel\" data-tab=\"6\" aria-labelledby=\"elementor-tab-title-1946\">\n<p>Os arquivos s\u00e3o enviados em formato Word e s\u00e3o edit\u00e1veis.<\/p>\n<h4>Caso eu tiver alguma d\u00favida, terei suporte no p\u00f3s venda?<\/h4>\n<\/div>\n<\/div>\n<div>\n<div id=\"elementor-tab-content-1948\" role=\"tabpanel\" data-tab=\"8\" aria-labelledby=\"elementor-tab-title-1948\">\n<p>Sim, com certeza. Basta clicar no \u00edcone do WhatsApp no cantinho da tela. Ser\u00e1 um prazer atend\u00ea-lo(a).<\/p>\n<div>\n<div id=\"elementor-tab-content-1948\" role=\"tabpanel\" data-tab=\"8\" aria-labelledby=\"elementor-tab-title-1948\">\n<h4>Quais os seus canais de contato?<\/h4>\n<\/div>\n<\/div>\n<div>\n<div id=\"elementor-tab-content-1949\" role=\"tabpanel\" data-tab=\"9\" aria-labelledby=\"elementor-tab-title-1949\">\n<p>Whatsapp: 53 984751621 \u2013 Clicar no canto da tela ou ESCANEIE O QRCODE ABAIXO<\/p>\n<h4><img decoding=\"async\" src=\"https:\/\/i0.wp.com\/portifolioos-prontos.com\/wp-content\/uploads\/2023\/02\/whatsapp-business-projeto-de-extensao-300x300.jpeg?resize=144%2C144\" sizes=\"(max-width: 144px) 100vw, 144px\" srcset=\"https:\/\/i0.wp.com\/portifolioos-prontos.com\/wp-content\/uploads\/2023\/02\/whatsapp-business-projeto-de-extensao.jpeg?resize=300%2C301&amp;ssl=1 300w, https:\/\/i0.wp.com\/portifolioos-prontos.com\/wp-content\/uploads\/2023\/02\/whatsapp-business-projeto-de-extensao.jpeg?resize=150%2C150&amp;ssl=1 150w, https:\/\/i0.wp.com\/portifolioos-prontos.com\/wp-content\/uploads\/2023\/02\/whatsapp-business-projeto-de-extensao.jpeg?resize=370%2C372&amp;ssl=1 370w, https:\/\/i0.wp.com\/portifolioos-prontos.com\/wp-content\/uploads\/2023\/02\/whatsapp-business-projeto-de-extensao.jpeg?resize=100%2C100&amp;ssl=1 100w, https:\/\/i0.wp.com\/portifolioos-prontos.com\/wp-content\/uploads\/2023\/02\/whatsapp-business-projeto-de-extensao.jpeg?w=470&amp;ssl=1 470w\" alt=\"projeto de extens\u00e3o unopar\" width=\"144\" height=\"144\" data-lazy-loaded=\"1\" \/><\/h4>\n<\/div>\n<\/div>\n<\/div>\n<\/div>\n<div>\n<div id=\"elementor-tab-content-1949\" role=\"tabpanel\" data-tab=\"9\" aria-labelledby=\"elementor-tab-title-1949\">\n<p>E-mail:portifoliosp@gmail.com<\/p>\n<div id=\"attachment_143\">\n<div id=\"attachment_143\">\n<p><a href=\"https:\/\/portifolioos-prontos.com\/\"><img decoding=\"async\" title=\"portfolio pronto unopar\" src=\"https:\/\/i0.wp.com\/portifolioos-prontos.com\/wp-content\/uploads\/2022\/04\/conceitomaximo.png?resize=164%2C47\" alt=\"PORTFOLIO PRONTO UNOPAR ANHANGUERA\" width=\"105\" height=\"30\" aria-describedby=\"caption-attachment-143\" data-lazy-loaded=\"1\" \/><\/a><\/p>\n<p id=\"caption-attachment-143\">Portf\u00f3lio em Word, respondido, completo e j\u00e1 nas normas.<\/p>\n<\/div>\n<\/div>\n<\/div>\n<\/div>\n","protected":false},"excerpt":{"rendered":"<div class=\"product-short-description\" style=\"box-sizing: border-box;\">\n<h5 style=\"box-sizing: border-box; color: var(--mf-dark-color);\"><strong style=\"box-sizing: border-box;\">Pague pelo PIX ou cart\u00e3o e fa\u00e7a o download agora mesmo.<\/strong><\/h5>\n<\/div>\n<div class=\"sticky-add-to-cart-wrapper\" style=\"box-sizing: border-box;\">\n<div class=\"sticky-add-to-cart\" style=\"box-sizing: border-box;\">\n<div class=\"quantity buttons_added form-flat\" style=\"box-sizing: border-box; position: relative;\">\u00a0 <img decoding=\"async\" class=\"lazyloaded smush-detected-img smush-image-3\" style=\"box-sizing: border-box; border: 0px; vertical-align: middle; border-radius: 5px; transition: opacity 400ms; box-shadow: #fecf2f 0px 0px 0px 5px; opacity: 1; --smush-placeholder-width: 46px; --smush-placeholder-aspect-ratio: 46\/29;\" src=\"https:\/\/d26lpennugtm8s.cloudfront.net\/assets\/common\/img\/logos\/payment\/visa@2x.png\" width=\"46\" height=\"29\" data-src=\"https:\/\/d26lpennugtm8s.cloudfront.net\/assets\/common\/img\/logos\/payment\/visa@2x.png\" \/><img loading=\"lazy\" decoding=\"async\" class=\"lazyloaded smush-detected-img smush-image-4\" style=\"box-sizing: border-box; border: 0px; vertical-align: middle; border-radius: 5px; transition: opacity 400ms; box-shadow: #fecf2f 0px 0px 0px 5px; opacity: 1; --smush-placeholder-width: 43px; --smush-placeholder-aspect-ratio: 43\/27;\" src=\"https:\/\/d26lpennugtm8s.cloudfront.net\/assets\/common\/img\/logos\/payment\/boleto@2x.png\" width=\"43\" height=\"27\" data-src=\"https:\/\/d26lpennugtm8s.cloudfront.net\/assets\/common\/img\/logos\/payment\/boleto@2x.png\" \/><img loading=\"lazy\" decoding=\"async\" class=\"lazyloaded smush-detected-img smush-image-5\" style=\"box-sizing: border-box; border: 0px; vertical-align: middle; border-radius: 5px; transition: opacity 400ms; box-shadow: #fecf2f 0px 0px 0px 5px; opacity: 1; --smush-placeholder-width: 43px; --smush-placeholder-aspect-ratio: 43\/27;\" src=\"https:\/\/d26lpennugtm8s.cloudfront.net\/assets\/common\/img\/logos\/payment\/mastercard@2x.png\" width=\"43\" height=\"27\" data-src=\"https:\/\/d26lpennugtm8s.cloudfront.net\/assets\/common\/img\/logos\/payment\/mastercard@2x.png\" \/><img loading=\"lazy\" decoding=\"async\" class=\"lazyloaded smush-detected-img smush-image-6\" style=\"box-sizing: border-box; border: 0px; vertical-align: middle; border-radius: 5px; transition: opacity 400ms; box-shadow: #fecf2f 0px 0px 0px 5px; opacity: 1; --smush-placeholder-width: 43px; --smush-placeholder-aspect-ratio: 43\/27;\" src=\"https:\/\/d26lpennugtm8s.cloudfront.net\/assets\/common\/img\/logos\/payment\/amex@2x.png\" width=\"43\" height=\"27\" data-src=\"https:\/\/d26lpennugtm8s.cloudfront.net\/assets\/common\/img\/logos\/payment\/amex@2x.png\" \/><img loading=\"lazy\" decoding=\"async\" class=\"lazyloaded smush-detected-img smush-image-7\" style=\"box-sizing: border-box; border: 0px; vertical-align: middle; border-radius: 5px; transition: opacity 400ms; box-shadow: #fecf2f 0px 0px 0px 5px; opacity: 1; --smush-placeholder-width: 46px; --smush-placeholder-aspect-ratio: 46\/29;\" src=\"https:\/\/d26lpennugtm8s.cloudfront.net\/assets\/common\/img\/logos\/payment\/diners@2x.png\" width=\"46\" height=\"29\" data-src=\"https:\/\/d26lpennugtm8s.cloudfront.net\/assets\/common\/img\/logos\/payment\/diners@2x.png\" \/><img loading=\"lazy\" decoding=\"async\" class=\"lazyloaded smush-detected-img smush-image-8\" style=\"box-sizing: border-box; border: 0px; vertical-align: middle; border-radius: 5px; transition: opacity 400ms; box-shadow: #fecf2f 0px 0px 0px 5px; opacity: 1; --smush-placeholder-width: 45px; --smush-placeholder-aspect-ratio: 45\/28;\" src=\"https:\/\/d26lpennugtm8s.cloudfront.net\/assets\/common\/img\/logos\/payment\/br\/elo@2x.png\" width=\"45\" height=\"28\" data-src=\"https:\/\/d26lpennugtm8s.cloudfront.net\/assets\/common\/img\/logos\/payment\/br\/elo@2x.png\" \/><img loading=\"lazy\" decoding=\"async\" class=\"lazyloaded smush-detected-img smush-image-9\" style=\"box-sizing: border-box; border: 0px; vertical-align: middle; border-radius: 5px; transition: opacity 400ms; box-shadow: #fecf2f 0px 0px 0px 5px; opacity: 1; --smush-placeholder-width: 44px; --smush-placeholder-aspect-ratio: 44\/28;\" src=\"https:\/\/d26lpennugtm8s.cloudfront.net\/assets\/common\/img\/logos\/payment\/br\/hipercard@2x.png\" width=\"44\" height=\"28\" data-src=\"https:\/\/d26lpennugtm8s.cloudfront.net\/assets\/common\/img\/logos\/payment\/br\/hipercard@2x.png\" \/><img loading=\"lazy\" decoding=\"async\" class=\"lazyloaded smush-detected-img smush-image-10\" style=\"box-sizing: border-box; border: 0px; vertical-align: middle; border-radius: 5px; transition: opacity 400ms; box-shadow: #fecf2f 0px 0px 0px 5px; opacity: 1; --smush-placeholder-width: 45px; --smush-placeholder-aspect-ratio: 45\/28;\" src=\"https:\/\/d26lpennugtm8s.cloudfront.net\/assets\/common\/img\/logos\/payment\/mercadopago@2x.png\" width=\"45\" height=\"28\" data-src=\"https:\/\/d26lpennugtm8s.cloudfront.net\/assets\/common\/img\/logos\/payment\/mercadopago@2x.png\" \/><\/div>\n<\/div>\n<\/div>\n","protected":false},"featured_media":34610,"template":"","meta":{"_seopress_robots_primary_cat":"none","_seopress_titles_title":"%%post_title%% %%sitetitle%%","_seopress_titles_desc":"%%post_content%%","_seopress_robots_index":""},"product_cat":[52,15],"product_tag":[],"class_list":{"0":"post-34607","1":"product","2":"type-product","3":"status-publish","4":"has-post-thumbnail","6":"product_cat-pedagogia","7":"product_cat-uncategorized","9":"first","10":"instock","11":"shipping-taxable","12":"purchasable","13":"product-type-variable","14":"col-xs-6 col-sm-4","15":"col-mf-5","16":"un-5-cols"},"jetpack_sharing_enabled":true,"_links":{"self":[{"href":"https:\/\/portifolioos-prontos.com\/index.php\/wp-json\/wp\/v2\/product\/34607","targetHints":{"allow":["GET"]}}],"collection":[{"href":"https:\/\/portifolioos-prontos.com\/index.php\/wp-json\/wp\/v2\/product"}],"about":[{"href":"https:\/\/portifolioos-prontos.com\/index.php\/wp-json\/wp\/v2\/types\/product"}],"version-history":[{"count":2,"href":"https:\/\/portifolioos-prontos.com\/index.php\/wp-json\/wp\/v2\/product\/34607\/revisions"}],"predecessor-version":[{"id":45922,"href":"https:\/\/portifolioos-prontos.com\/index.php\/wp-json\/wp\/v2\/product\/34607\/revisions\/45922"}],"wp:featuredmedia":[{"embeddable":true,"href":"https:\/\/portifolioos-prontos.com\/index.php\/wp-json\/wp\/v2\/media\/34610"}],"wp:attachment":[{"href":"https:\/\/portifolioos-prontos.com\/index.php\/wp-json\/wp\/v2\/media?parent=34607"}],"wp:term":[{"taxonomy":"product_cat","embeddable":true,"href":"https:\/\/portifolioos-prontos.com\/index.php\/wp-json\/wp\/v2\/product_cat?post=34607"},{"taxonomy":"product_tag","embeddable":true,"href":"https:\/\/portifolioos-prontos.com\/index.php\/wp-json\/wp\/v2\/product_tag?post=34607"}],"curies":[{"name":"wp","href":"https:\/\/api.w.org\/{rel}","templated":true}]}}