{"id":34626,"date":"2025-01-28T11:30:09","date_gmt":"2025-01-28T14:30:09","guid":{"rendered":"https:\/\/portifolioos-prontos.com\/?post_type=product&#038;p=34626"},"modified":"2025-08-11T21:56:35","modified_gmt":"2025-08-12T00:56:35","slug":"aula-pratica-praticas-contabeis-fundamentos","status":"publish","type":"product","link":"https:\/\/portifolioos-prontos.com\/index.php\/product\/aula-pratica-praticas-contabeis-fundamentos\/","title":{"rendered":"Aula Pr\u00e1tica Pr\u00e1ticas Cont\u00e1beis fundamentos"},"content":{"rendered":"<h5>Aula Pr\u00e1tica Pr\u00e1ticas Cont\u00e1beis fundamentos<\/h5>\n<p><strong><span style=\"color: #ff0000;\">OBS: est\u00e3o inclusas todas as aulas, contemplando os nove roteiros\u00a0<\/span><\/strong><\/p>\n<hr \/>\n<div>ROTEIRO DE AULA PR\u00c1TICA<\/div>\n<div>NOME DA DISCIPLINA: Pr\u00e1ticas Cont\u00e1beis\u00a0Fundamentos<\/div>\n<div>Unidade 3<\/div>\n<div>Se\u00e7\u00e3o 3<\/div>\n<div><\/div>\n<div>OBJETIVOS<\/div>\n<div>Defini\u00e7\u00e3o dos objetivos da aula pr\u00e1tica<a href=\"https:\/\/www.portfoliopronto.com\/\">:<\/a><\/div>\n<div>Conhecer o conceito e aplica\u00e7\u00e3o da deprecia\u00e7\u00e3o. Conhecer o m\u00e9todo de deprecia\u00e7\u00e3o linear sem valor<\/div>\n<div>residual. Conhecer o m\u00e9todo de deprecia\u00e7\u00e3o linear com valor residual.<\/div>\n<div><\/div>\n<div>INFRAESTRUTURA<\/div>\n<div>Instala\u00e7\u00f5es:<\/div>\n<div>Laborat\u00f3rio de Inform\u00e1tica<\/div>\n<div>Materiais de consumo:<\/div>\n<div>Descri\u00e7\u00e3o<\/div>\n<div><\/div>\n<div>Quantid. de materiais por<\/div>\n<div>procedimento\/atividade<\/div>\n<div>Computador 1 para cada dois alunos<\/div>\n<div><\/div>\n<div>Software:<\/div>\n<div>Sim ( X ) N\u00e3o ( )<\/div>\n<div>Em caso afirmativo, qual? Navegadores de Internet. Editor de textos \u2013 WORD. Editor de Planilhas \u2013<\/div>\n<div>Excel.<\/div>\n<div>Pago ( X ) N\u00e3o Pago ( )<\/div>\n<div>Tipo de Licen\u00e7a: Incluso no pacote Office.<\/div>\n<div>Descri\u00e7\u00e3o do software:<\/div>\n<div>Navegadores para acesso aos portais indicados.<\/div>\n<div>Editor de texto para a descri\u00e7\u00e3o dos fatos cont\u00e1beis.<\/div>\n<div>Excel para simula\u00e7\u00e3o dos lan\u00e7amentos e elabora\u00e7\u00e3o do grupo do Balan\u00e7o solicitado.<\/div>\n<div>Equipamento de Prote\u00e7\u00e3o Individual (EPI):<\/div>\n<div>NSA.<\/div>\n<div><\/div>\n<div>3<\/div>\n<div>PROCEDIMENTOS PR\u00c1TICOS<\/div>\n<div><\/div>\n<div>Procedimento\/Atividade No 1<\/div>\n<div><\/div>\n<div>Atividade proposta:<\/div>\n<div>O aluno dever\u00e1 criar os fatos cont\u00e1beis sendo:<\/div>\n<div><\/div>\n<div>1- Aquisi\u00e7\u00e3o de um equipamento de usinagem com vida \u00fatil de 20 anos, pelo valor de R$ 20.000,00.<\/div>\n<div>Ao final da vida \u00fatil o equipamento \u00e9 descartado como sucata.<\/div>\n<div>2 \u2013 Aquisi\u00e7\u00e3o de um equipamento de corte com vida \u00fatil de 10 anos, pelo valor de R$ 10.000,00. Ao<\/div>\n<div>final da vida \u00fatil o equipamento pode ser vendido por R$ 2.500,00.<\/div>\n<div><\/div>\n<div>Uma vez descritos os fatos, o aluno dever\u00e1 efetuar o lan\u00e7amento destes fatos utilizando o recurso<\/div>\n<div>do razonete elaborado no Excel.<\/div>\n<div><\/div>\n<div>Al\u00e9m dos lan\u00e7amentos de aquisi\u00e7\u00e3o o aluno dever\u00e1 efetuar duas planilhas de deprecia\u00e7\u00e3o:<\/div>\n<div>A primeira do bem sem valor residual.<\/div>\n<div>A segunda do bem com valor residual.<\/div>\n<div><\/div>\n<div>As planilhas dever\u00e3o evidenciar o valor de aquisi\u00e7\u00e3o e a deprecia\u00e7\u00e3o mensal e anual do bem at\u00e9 o<\/div>\n<div>final de sua vida \u00fatil.<\/div>\n<div><\/div>\n<div>Depois das duas planilhas prontas, o aluno dever\u00e1 registrar a deprecia\u00e7\u00e3o de um m\u00eas de cada um<\/div>\n<div>dos bens. O registro da deprecia\u00e7\u00e3o dever\u00e1 ser feito apenas de um m\u00eas como exemplo.<\/div>\n<div><\/div>\n<div>Depois de registrados os fatos envolvendo a aquisi\u00e7\u00e3o do imobilizado e deprecia\u00e7\u00e3o, eles dever\u00e3o<\/div>\n<div>estruturar o grupo ATIVO N\u00c3O CIRCULANTE \u2013 IMOBILIZADO considerando os saldos atualizados<\/div>\n<div>depois dos registros cont\u00e1beis.<\/div>\n<div><\/div>\n<div>Procedimentos para a realiza\u00e7\u00e3o da atividade:<\/div>\n<div>Primeiramente os alunos ir\u00e3o descrever os fatos envolvendo as compras de imobilizado conforme<\/div>\n<div>descrito na atividade.<\/div>\n<div><\/div>\n<div>4<\/div>\n<div>Na sequ\u00eancia dever\u00e3o elaborar as planilhas conforme descrito na atividade.<\/div>\n<div><\/div>\n<div>Depois eles dever\u00e3o elaborar os razonetes para cada uma das contas envolvidas nos lan\u00e7amentos<\/div>\n<div>cont\u00e1beis relativos a estes fatos.<\/div>\n<div><\/div>\n<div>Dever\u00e3o na sequ\u00eancia efetuar os lan\u00e7amentos a d\u00e9bito e a cr\u00e9dito nas respectivas contas<\/div>\n<div>considerando as normas fiscais e cont\u00e1beis para isso.<\/div>\n<div><\/div>\n<div>Apurar o saldo das contas cont\u00e1beis.<\/div>\n<div><\/div>\n<div>Finalmente dever\u00e3o estruturar tamb\u00e9m em Excel o grupo ATIVO N\u00c3O CIRCULANTE \u2013<\/div>\n<div>IMOBILIZADO.<\/div>\n<div><\/div>\n<div>Checklist:<\/div>\n<div>1. Descrever os fatos cont\u00e1beis.<\/div>\n<div>2. Elaborar as planilhas das deprecia\u00e7\u00f5es com e sem valor residual.<\/div>\n<div>3. Elaborar os razonetes das contas cont\u00e1beis.<\/div>\n<div>4. Efetuar os lan\u00e7amentos nas contas cont\u00e1beis.<\/div>\n<div>5. Apurar o saldo das contas cont\u00e1beis.<\/div>\n<div>6. Estruturar o grupo ATIVO N\u00c3O CIRCULANTE IMOBILIZADO.<\/div>\n<div><\/div>\n<div>RESULTADOS<\/div>\n<div>Resultados da aula pr\u00e1tica:<\/div>\n<div>Espera-se que ao realizar a atividade o aluno conhe\u00e7a os principais fatos envolvendo a aquisi\u00e7\u00e3o de<\/div>\n<div>imobilizado. Conhe\u00e7am o m\u00e9todo linear de deprecia\u00e7\u00e3o com e sem valor residual. Saibam<\/div>\n<div>estruturar o grupo Ativo N\u00e3o Circulante Imobiliza\u00e7\u00f5es.<\/div>\n<div>\n<div class=\"elementor-toggle-item\" style=\"box-sizing: border-box;\">\n<div class=\"elementor-toggle-item\">\n<p id=\"elementor-tab-title-1941\" class=\"elementor-tab-title elementor-active\" tabindex=\"0\" role=\"tab\" data-tab=\"1\" aria-controls=\"elementor-tab-content-1941\" aria-expanded=\"true\" aria-selected=\"true\"><strong>Como funciona?<\/strong><\/p>\n<p>Elaboramos os portf\u00f3lios, j\u00e1 deixamos prontos, nas normas da ABNT e conforme os requisitos da universidade. F\u00e1cil assim! O MELHOR \u00c9 QUE VOC\u00ca COMPRA E J\u00c1 BAIXA NA HORA O SEU ARQUIVO EM WORD! Sabemos que conciliar trabalho, fam\u00edlia, vida profissional e estudos \u00e9 dif\u00edcil hoje em dia, por isso, estamos aqui para ajudar voc\u00ea. Conte com nossa qualidade, experi\u00eancia e profissionalismo adquirindo seu portf\u00f3lio conosco. GARANTIMOS SEU CONCEITO!<\/p>\n<p><strong>Como se realizam os envios?<\/strong><\/p>\n<\/div>\n<p id=\"elementor-tab-content-1942\" class=\"elementor-tab-content elementor-clearfix elementor-active\" role=\"tabpanel\" data-tab=\"2\" aria-labelledby=\"elementor-tab-title-1942\">O seu trabalho \u00e9 disponibilizado pronto, respondido e nas normas j\u00e1 na mesma hora aqui em nosso site na sua \u00e1rea de downloads e tamb\u00e9m no seu e-mail.<\/p>\n<p><strong>Em quanto tempo recebo o portf\u00f3lio?<\/strong><\/p>\n<p>Os envios s\u00e3o imediatos. Ap\u00f3s sua compra, o trabalho j\u00e1 \u00e9 disponibilizado instantaneamente aqui em nosso site e no seu e-mail.<\/p>\n<p><strong>E se o portf\u00f3lio que comprei precisar de corre\u00e7\u00e3o?<\/strong><\/p>\n<p>Caso haja alguma solicita\u00e7\u00e3o de corre\u00e7\u00e3o\/altera\u00e7\u00e3o por parte do tutor, basta entrar em contato conosco pelo\u00a0WhatsApp\u00a0que provid\u00eanciaremos sem custo algum.<\/p>\n<p><strong>Qual o formato do arquivo?<\/strong><\/p>\n<p>Os arquivos s\u00e3o enviados em formato Word e s\u00e3o edit\u00e1veis.<\/p>\n<p><strong>Caso eu tiver alguma d\u00favida, terei suporte no p\u00f3s venda?<\/strong><\/p>\n<p>Sim, com certeza. Basta clicar no \u00edcone do WhatsApp no cantinho da tela. Ser\u00e1 um prazer atend\u00ea-lo(a).<\/p>\n<div id=\"elementor-tab-content-1948\" class=\"elementor-tab-content elementor-clearfix elementor-active\" role=\"tabpanel\" data-tab=\"8\" aria-labelledby=\"elementor-tab-title-1948\">\n<p><strong>Quais os seus canais de contato?<\/strong><\/p>\n<\/div>\n<div id=\"elementor-tab-content-1949\" class=\"elementor-tab-content elementor-clearfix elementor-active\" role=\"tabpanel\" data-tab=\"9\" aria-labelledby=\"elementor-tab-title-1949\">\n<p>Whatsapp: 53 984751621 \u2013 Clicar no canto da tela ou ESCANEIE O QRCODE ABAIXO<\/p>\n<h4><img decoding=\"async\" class=\"alignnone wp-image-13699 jetpack-lazy-image jetpack-lazy-image--handled\" src=\"https:\/\/i0.wp.com\/portifolioos-prontos.com\/wp-content\/uploads\/2023\/02\/whatsapp-business-projeto-de-extensao-300x300.jpeg?resize=144%2C144\" sizes=\"(max-width: 144px) 100vw, 144px\" srcset=\"https:\/\/i0.wp.com\/portifolioos-prontos.com\/wp-content\/uploads\/2023\/02\/whatsapp-business-projeto-de-extensao.jpeg?resize=300%2C301&amp;ssl=1 300w, https:\/\/i0.wp.com\/portifolioos-prontos.com\/wp-content\/uploads\/2023\/02\/whatsapp-business-projeto-de-extensao.jpeg?resize=150%2C150&amp;ssl=1 150w, https:\/\/i0.wp.com\/portifolioos-prontos.com\/wp-content\/uploads\/2023\/02\/whatsapp-business-projeto-de-extensao.jpeg?resize=370%2C372&amp;ssl=1 370w, https:\/\/i0.wp.com\/portifolioos-prontos.com\/wp-content\/uploads\/2023\/02\/whatsapp-business-projeto-de-extensao.jpeg?resize=100%2C100&amp;ssl=1 100w, https:\/\/i0.wp.com\/portifolioos-prontos.com\/wp-content\/uploads\/2023\/02\/whatsapp-business-projeto-de-extensao.jpeg?w=470&amp;ssl=1 470w\" alt=\"projeto de extens\u00e3o unopar\" width=\"144\" height=\"144\" data-lazy-loaded=\"1\" \/><\/h4>\n<\/div>\n<div class=\"elementor-toggle-item\">\n<div id=\"elementor-tab-content-1949\" class=\"elementor-tab-content elementor-clearfix elementor-active\" role=\"tabpanel\" data-tab=\"9\" aria-labelledby=\"elementor-tab-title-1949\">\n<p>E-mail:portifoliosp@gmail.com<\/p>\n<div id=\"attachment_143\" class=\"wp-caption alignnone\">\n<div id=\"attachment_143\" class=\"wp-caption alignnone\">\n<p id=\"caption-attachment-143\" class=\"wp-caption-text\"><a href=\"http:\/\/portfolio-pronto.com\/\">Portf\u00f3lio<\/a>\u00a0em Word, respondido, completo e j\u00e1 nas normas<\/p>\n<\/div>\n<\/div>\n<\/div>\n<\/div>\n<\/div>\n<\/div>\n","protected":false},"excerpt":{"rendered":"<div class=\"product-short-description\" style=\"box-sizing: border-box;\">\n<p style=\"box-sizing: border-box; color: var(--mf-dark-color);\"><strong style=\"box-sizing: border-box;\"><strong><span style=\"color: #ff0000;\">OBS: est\u00e3o inclusas todas as aulas, contemplando os nove roteiros .<\/span><\/strong><\/strong><\/p>\n<div class=\"product-short-description\">\n<p><strong>Pague pelo PIX ou cart\u00e3o e fa\u00e7a o download agora mesmo.<\/strong><\/p>\n<\/div>\n<div class=\"sticky-add-to-cart-wrapper\">\n<div class=\"sticky-add-to-cart\">\n<p class=\"quantity buttons_added form-flat\"><img decoding=\"async\" class=\"lazyloaded smush-image-5 smush-image-3 smush-image-4 smush-detected-img smush-image-bigger-3\" src=\"https:\/\/d26lpennugtm8s.cloudfront.net\/assets\/common\/img\/logos\/payment\/visa@2x.png\" width=\"46\" height=\"29\" data-src=\"https:\/\/d26lpennugtm8s.cloudfront.net\/assets\/common\/img\/logos\/payment\/visa@2x.png\" \/><img decoding=\"async\" class=\"lazyloaded smush-image-6 smush-image-4 smush-image-5 smush-detected-img smush-image-bigger-4\" src=\"https:\/\/d26lpennugtm8s.cloudfront.net\/assets\/common\/img\/logos\/payment\/boleto@2x.png\" width=\"43\" height=\"27\" data-src=\"https:\/\/d26lpennugtm8s.cloudfront.net\/assets\/common\/img\/logos\/payment\/boleto@2x.png\" \/><img loading=\"lazy\" decoding=\"async\" class=\"lazyloaded smush-image-7 smush-image-5 smush-image-6 smush-detected-img smush-image-bigger-5\" src=\"https:\/\/d26lpennugtm8s.cloudfront.net\/assets\/common\/img\/logos\/payment\/mastercard@2x.png\" width=\"43\" height=\"27\" data-src=\"https:\/\/d26lpennugtm8s.cloudfront.net\/assets\/common\/img\/logos\/payment\/mastercard@2x.png\" \/><img loading=\"lazy\" decoding=\"async\" class=\"lazyloaded smush-image-8 smush-image-6 smush-image-7 smush-detected-img smush-image-bigger-6\" src=\"https:\/\/d26lpennugtm8s.cloudfront.net\/assets\/common\/img\/logos\/payment\/amex@2x.png\" width=\"43\" height=\"27\" data-src=\"https:\/\/d26lpennugtm8s.cloudfront.net\/assets\/common\/img\/logos\/payment\/amex@2x.png\" \/><img loading=\"lazy\" decoding=\"async\" class=\"lazyloaded smush-image-9 smush-image-7 smush-image-8 smush-detected-img smush-image-bigger-7\" src=\"https:\/\/d26lpennugtm8s.cloudfront.net\/assets\/common\/img\/logos\/payment\/diners@2x.png\" width=\"46\" height=\"29\" data-src=\"https:\/\/d26lpennugtm8s.cloudfront.net\/assets\/common\/img\/logos\/payment\/diners@2x.png\" \/><img loading=\"lazy\" decoding=\"async\" class=\"lazyloaded smush-image-10 smush-image-8 smush-image-9 alignnone smush-detected-img smush-image-bigger-8\" src=\"https:\/\/d26lpennugtm8s.cloudfront.net\/assets\/common\/img\/logos\/payment\/br\/elo@2x.png\" alt=\"portf\u00f3lio unopar anhanguera\" width=\"45\" height=\"28\" data-src=\"https:\/\/d26lpennugtm8s.cloudfront.net\/assets\/common\/img\/logos\/payment\/br\/elo@2x.png\" \/><img loading=\"lazy\" decoding=\"async\" class=\"lazyloaded smush-image-11 smush-image-9 smush-image-10 alignnone smush-detected-img smush-image-bigger-9\" src=\"https:\/\/d26lpennugtm8s.cloudfront.net\/assets\/common\/img\/logos\/payment\/br\/hipercard@2x.png\" alt=\"portf\u00f3lio unopar anhanguera\" width=\"44\" height=\"28\" data-src=\"https:\/\/d26lpennugtm8s.cloudfront.net\/assets\/common\/img\/logos\/payment\/br\/hipercard@2x.png\" \/><img loading=\"lazy\" decoding=\"async\" class=\"lazyloaded smush-image-12 smush-image-10 smush-image-11 alignnone smush-detected-img smush-image-bigger-10\" src=\"https:\/\/d26lpennugtm8s.cloudfront.net\/assets\/common\/img\/logos\/payment\/mercadopago@2x.png\" alt=\"portf\u00f3lio unopar anhanguera\" width=\"45\" height=\"28\" data-src=\"https:\/\/d26lpennugtm8s.cloudfront.net\/assets\/common\/img\/logos\/payment\/mercadopago@2x.png\" \/><img loading=\"lazy\" decoding=\"async\" class=\"alignnone lazyloaded smush-detected-img smush-image-bigger-11\" src=\"https:\/\/futurium.com.br\/wp-content\/uploads\/2021\/06\/logo-pix-icone-512.png\" alt=\"portfolio pronto\" width=\"30\" height=\"30\" data-src=\"https:\/\/futurium.com.br\/wp-content\/uploads\/2021\/06\/logo-pix-icone-512.png\" \/><\/p>\n<\/div>\n<\/div>\n<\/div>\n","protected":false},"featured_media":34629,"template":"","meta":{"_seopress_robots_primary_cat":"none","_seopress_titles_title":"%%post_title%% %%sitetitle%%","_seopress_titles_desc":"%%post_content%%","_seopress_robots_index":""},"product_cat":[28,32,15],"product_tag":[],"class_list":{"0":"post-34626","1":"product","2":"type-product","3":"status-publish","4":"has-post-thumbnail","6":"product_cat-administracao","7":"product_cat-ciencias-contabeis","8":"product_cat-uncategorized","10":"first","11":"instock","12":"shipping-taxable","13":"purchasable","14":"product-type-simple","15":"col-xs-6 col-sm-4","16":"col-mf-5","17":"un-5-cols"},"jetpack_sharing_enabled":true,"_links":{"self":[{"href":"https:\/\/portifolioos-prontos.com\/index.php\/wp-json\/wp\/v2\/product\/34626","targetHints":{"allow":["GET"]}}],"collection":[{"href":"https:\/\/portifolioos-prontos.com\/index.php\/wp-json\/wp\/v2\/product"}],"about":[{"href":"https:\/\/portifolioos-prontos.com\/index.php\/wp-json\/wp\/v2\/types\/product"}],"version-history":[{"count":0,"href":"https:\/\/portifolioos-prontos.com\/index.php\/wp-json\/wp\/v2\/product\/34626\/revisions"}],"wp:featuredmedia":[{"embeddable":true,"href":"https:\/\/portifolioos-prontos.com\/index.php\/wp-json\/wp\/v2\/media\/34629"}],"wp:attachment":[{"href":"https:\/\/portifolioos-prontos.com\/index.php\/wp-json\/wp\/v2\/media?parent=34626"}],"wp:term":[{"taxonomy":"product_cat","embeddable":true,"href":"https:\/\/portifolioos-prontos.com\/index.php\/wp-json\/wp\/v2\/product_cat?post=34626"},{"taxonomy":"product_tag","embeddable":true,"href":"https:\/\/portifolioos-prontos.com\/index.php\/wp-json\/wp\/v2\/product_tag?post=34626"}],"curies":[{"name":"wp","href":"https:\/\/api.w.org\/{rel}","templated":true}]}}