{"id":34822,"date":"2025-02-02T21:02:44","date_gmt":"2025-02-03T00:02:44","guid":{"rendered":"https:\/\/portifolioos-prontos.com\/?post_type=product&#038;p=34822"},"modified":"2025-08-03T18:11:47","modified_gmt":"2025-08-03T21:11:47","slug":"projeto-integrado-inovacao-ciberseguranca","status":"publish","type":"product","link":"https:\/\/portifolioos-prontos.com\/index.php\/product\/projeto-integrado-inovacao-ciberseguranca\/","title":{"rendered":"Projeto Integrado Inova\u00e7\u00e3o &#8211; Ciberseguran\u00e7a"},"content":{"rendered":"<h5 class=\"MsoNormal\" style=\"margin-bottom: 0cm; text-align: justify;\">Projeto Integrado Inova\u00e7\u00e3o &#8211; Ciberseguran\u00e7a<\/h5>\n<p>&nbsp;<\/p>\n<p class=\"MsoNormal\" style=\"margin-bottom: 0cm; text-align: justify;\">ATIVIDADES<\/p>\n<p class=\"MsoNormal\" style=\"margin-bottom: 0cm; text-align: justify;\">Situa\u00e7\u00e3o Problema: Consultoria para desenvolver ciberseguran\u00e7a da SecureTech Solutions S.A, que \u00e9 uma fintech que oferece servi\u00e7os financeiros digitais.<\/p>\n<p class=\"MsoNormal\" style=\"margin-bottom: 0cm; text-align: justify;\">Contexto<\/p>\n<p class=\"MsoNormal\" style=\"margin-bottom: 0cm; text-align: justify;\">Voc\u00ea ser\u00e1 consultor de ciberseguran\u00e7a contratados pela SecureTech Solutions S.A para desenvolver um plano integrado que resolva as vulnerabilidades atuais e permita o crescimento seguro da empresa.<\/p>\n<p class=\"MsoNormal\" style=\"margin-bottom: 0cm; text-align: justify;\">Com o avan\u00e7o das tecnologias digitais e o crescente n\u00famero de amea\u00e7as cibern\u00e9ticas, o campo da ciberseguran\u00e7a tornou-se essencial para a prote\u00e7\u00e3o de sistemas, dados e opera\u00e7\u00f5es nas mais diversas organiza\u00e7\u00f5es.<\/p>\n<p class=\"MsoNormal\" style=\"margin-bottom: 0cm; text-align: justify;\">A SecureTech Solutions S.A \u00e9 uma fintech em r\u00e1pido crescimento, oferece servi\u00e7os financeiros<\/p>\n<p class=\"MsoNormal\" style=\"margin-bottom: 0cm; text-align: justify;\">digitais, incluindo pagamentos, empr\u00e9stimos e investimentos, e est\u00e1 no centro da transforma\u00e7\u00e3o<\/p>\n<p class=\"MsoNormal\" style=\"margin-bottom: 0cm; text-align: justify;\">digital do setor financeiro. Com opera\u00e7\u00f5es que abrangem diversos pa\u00edses e uma base de clientes<\/p>\n<p class=\"MsoNormal\" style=\"margin-bottom: 0cm; text-align: justify;\">global, a SecureTech enfrenta desafios complexos relacionados \u00e0 ciberseguran\u00e7a, privacidade e<\/p>\n<p class=\"MsoNormal\" style=\"margin-bottom: 0cm; text-align: justify;\">conformidade regulat\u00f3ria.<\/p>\n<p class=\"MsoNormal\" style=\"margin-bottom: 0cm; text-align: justify;\">Hoje a infraestrutura da SecureTech combina sistemas legados com novas tecnologias, incluindo uma crescente ado\u00e7\u00e3o de solu\u00e7\u00f5es baseadas em nuvem e integra\u00e7\u00e3o com APIs de parceiros. Com a expans\u00e3o de seus servi\u00e7os, a empresa registra um aumento nas tentativas de invas\u00f5es, vazamentos de dados e fraudes financeiras. Adicionalmente, os requisitos regulat\u00f3rios se tornaram mais rigorosos, especialmente com a aplica\u00e7\u00e3o da LGPD (Lei Geral de Prote\u00e7\u00e3o de Dados) no Brasil, GDPR (General Data Protection Regulation) na Europa e regulamenta\u00e7\u00f5es espec\u00edficas para fintechs em diversos mercados.<\/p>\n<p class=\"MsoNormal\" style=\"margin-bottom: 0cm; text-align: justify;\">No \u00faltimo trimestre, a SecureTech enfrentou:<\/p>\n<p class=\"MsoNormal\" style=\"margin-bottom: 0cm; text-align: justify;\">\u2022 Ataques de ransomware direcionados a sistemas internos de gest\u00e3o financeira;<\/p>\n<p class=\"MsoNormal\" style=\"margin-bottom: 0cm; text-align: justify;\">\u2022 Vazamento de dados de clientes devido a brechas de seguran\u00e7a em <a href=\"http:\/\/portifolioos-prontos.com\">APIs<\/a>;<\/p>\n<p class=\"MsoNormal\" style=\"margin-bottom: 0cm; text-align: justify;\">\u2022 Problemas de escalabilidade e desempenho em sua rede, afetando a experi\u00eancia dos usu\u00e1rios<\/p>\n<p class=\"MsoNormal\" style=\"margin-bottom: 0cm; text-align: justify;\">durante picos de demanda;<\/p>\n<p class=\"MsoNormal\" style=\"margin-bottom: 0cm; text-align: justify;\">\u2022 Desalinhamento de pol\u00edticas de governan\u00e7a de seguran\u00e7a, gerando dificuldades em auditorias<\/p>\n<p class=\"MsoNormal\" style=\"margin-bottom: 0cm; text-align: justify;\">internas e externas;<\/p>\n<p class=\"MsoNormal\" style=\"margin-bottom: 0cm; text-align: justify;\">\u2022 Vulnerabilidades em aplica\u00e7\u00f5es web e m\u00f3veis, exploradas por agentes maliciosos para<\/p>\n<p class=\"MsoNormal\" style=\"margin-bottom: 0cm; text-align: justify;\">realizar fraudes;<\/p>\n<p class=\"MsoNormal\" style=\"margin-bottom: 0cm; text-align: justify;\">Para resolver os problemas, devemos alinhar alguns pontos com as disciplinas trabalhadas no<\/p>\n<p class=\"MsoNormal\" style=\"margin-bottom: 0cm; text-align: justify;\">semestre.<\/p>\n<p class=\"MsoNormal\" style=\"margin-bottom: 0cm; text-align: justify;\">Teremos alguns passos para resolvermos esse desafio, que ser\u00e1:<\/p>\n<p class=\"MsoNormal\" style=\"margin-bottom: 0cm; text-align: justify;\">&#8211; Redesenhar a infraestrutura de rede para melhorar a escalabilidade, desempenho e<\/p>\n<p class=\"MsoNormal\" style=\"margin-bottom: 0cm; text-align: justify;\">resili\u00eancia contra ataques.<\/p>\n<p class=\"MsoNormal\" style=\"margin-bottom: 0cm; text-align: justify;\">&#8211; Propor solu\u00e7\u00f5es como segmenta\u00e7\u00e3o de rede, firewalls avan\u00e7ados e sistemas de detec\u00e7\u00e3o e<\/p>\n<p class=\"MsoNormal\" style=\"margin-bottom: 0cm; text-align: justify;\">preven\u00e7\u00e3o de intrus\u00f5es (IDS\/IPS).<\/p>\n<p class=\"MsoNormal\" style=\"margin-bottom: 0cm; text-align: justify;\"><b>Passo 1:<\/b><\/p>\n<p class=\"MsoNormal\" style=\"margin-bottom: 0cm; text-align: justify;\">Um dos problemas que a SecureTech Solutions anda enfrentando \u00e9 a vulnerabilidade do TCP\/IP.<\/p>\n<p class=\"MsoNormal\" style=\"margin-bottom: 0cm; text-align: justify;\">Sabendo disso, desenvolva um relat\u00f3rio sobre as vulnerabilidades conhecidas no protocolo TCP\/IP e apresentar poss\u00edveis solu\u00e7\u00f5es ou pr\u00e1ticas de mitiga\u00e7\u00e3o para cada uma delas.<\/p>\n<p class=\"MsoNormal\" style=\"margin-bottom: 0cm; text-align: justify;\"><b>Passo 2:<\/b><\/p>\n<p class=\"MsoNormal\" style=\"margin-bottom: 0cm; text-align: justify;\">Estabelecer um framework de governan\u00e7a que inclua pol\u00edticas, m\u00e9tricas e controles alinhados \u00e0s<\/p>\n<p class=\"MsoNormal\" style=\"margin-bottom: 0cm; text-align: justify;\">normas internacionais (ISO 27001) e requisitos locais (LGPD, <a href=\"http:\/\/portfolio-pronto.com\">GDPR<\/a>).<\/p>\n<p class=\"MsoNormal\" style=\"margin-bottom: 0cm; text-align: justify;\">Propor um plano de resposta a incidentes cibern\u00e9ticos e um programa de conscientiza\u00e7\u00e3o para<\/p>\n<p class=\"MsoNormal\" style=\"margin-bottom: 0cm; text-align: justify;\">colaboradores.<\/p>\n<p class=\"MsoNormal\" style=\"margin-bottom: 0cm; text-align: justify;\"><b>Passo 3:<\/b><\/p>\n<p class=\"MsoNormal\" style=\"margin-bottom: 0cm; text-align: justify;\">Desenvolver estrat\u00e9gias para minimizar o risco de vazamentos de dados pessoais, incluindo<\/p>\n<p class=\"MsoNormal\" style=\"margin-bottom: 0cm; text-align: justify;\">criptografia, anonimiza\u00e7\u00e3o e controle de acesso.<\/p>\n<p class=\"MsoNormal\" style=\"margin-bottom: 0cm; text-align: justify;\">Criar um plano de conformidade com as regulamenta\u00e7\u00f5es aplic\u00e1veis, priorizando a transpar\u00eancia e o consentimento dos usu\u00e1rios.<\/p>\n<p class=\"MsoNormal\" style=\"margin-bottom: 0cm; text-align: justify;\"><b>Passo 4:<\/b><\/p>\n<p class=\"MsoNormal\" style=\"margin-bottom: 0cm; text-align: justify;\">Como consultor de ciberseguran\u00e7a contratado pela SecureTech Solutions S.A, voc\u00ea dever\u00e1<\/p>\n<p class=\"MsoNormal\" style=\"margin-bottom: 0cm; text-align: justify;\">desenvolver um plano te\u00f3rico focado na implementa\u00e7\u00e3o de controles de acesso robustos. Este plano deve abordar as vulnerabilidades atuais e estabelecer uma base s\u00f3lida para o crescimento seguro da empresa. Sua tarefa \u00e9 identificar os desafios relacionados \u00e0 permiss\u00e3o de acesso dentro do contexto da SecureTech, analisando como as solu\u00e7\u00f5es podem ser aplicadas para proteger dados, sistemas e garantir conformidade regulat\u00f3ria. Ao longo do processo, considere os fatores tecnol\u00f3gicos, humanos e regulat\u00f3rios apresentados no problema.<\/p>\n<p class=\"MsoNormal\" style=\"margin-bottom: 0cm; text-align: justify;\"><b>Passo 5:<\/b><\/p>\n<p class=\"MsoNormal\" style=\"margin-bottom: 0cm; text-align: justify;\">Projete um sistema de controle de acesso baseado no princ\u00edpio do menor privil\u00e9gio, onde cada<\/p>\n<p class=\"MsoNormal\" style=\"margin-bottom: 0cm; text-align: justify;\">colaborador, sistema ou API tem acesso apenas \u00e0s informa\u00e7\u00f5es e recursos necess\u00e1rios para executar suas fun\u00e7\u00f5es espec\u00edficas. Este sistema deve incluir a autentica\u00e7\u00e3o multifator (MFA) como requisito para todos os usu\u00e1rios, especialmente aqueles com permiss\u00f5es administrativas. Al\u00e9m disso, integre ferramentas de gest\u00e3o de identidade e acesso (IAM) para unificar o controle sobre os diferentes n\u00edveis de autoriza\u00e7\u00e3o, independentemente do sistema ou tecnologia utilizada. Como resultado desta atividade, voc\u00ea dever\u00e1 apresentar uma proposta te\u00f3rica detalhada para um plano de controle de acesso integrado que equilibre a prote\u00e7\u00e3o de dados, a efici\u00eancia operacional e a conformidade regulat\u00f3ria na SecureTech Solutions S.A.<\/p>\n<div class=\"elementor-toggle-item\" style=\"box-sizing: border-box;\">\n<div class=\"elementor-toggle-item\">\n<p id=\"elementor-tab-title-1941\" class=\"elementor-tab-title elementor-active\" tabindex=\"0\" role=\"tab\" data-tab=\"1\" aria-controls=\"elementor-tab-content-1941\" aria-expanded=\"true\" aria-selected=\"true\"><strong>Como funciona?<\/strong><\/p>\n<p>Elaboramos os portf\u00f3lios, j\u00e1 deixamos prontos, nas normas da ABNT e conforme os requisitos da universidade. F\u00e1cil assim! O MELHOR \u00c9 QUE VOC\u00ca COMPRA E J\u00c1 BAIXA NA HORA O SEU ARQUIVO EM WORD! Sabemos que conciliar trabalho, fam\u00edlia, vida profissional e estudos \u00e9 dif\u00edcil hoje em dia, por isso, estamos aqui para ajudar voc\u00ea. Conte com nossa qualidade, experi\u00eancia e profissionalismo adquirindo seu portf\u00f3lio conosco. GARANTIMOS SEU CONCEITO!<\/p>\n<p><strong>Como se realizam os envios?<\/strong><\/p>\n<\/div>\n<p id=\"elementor-tab-content-1942\" class=\"elementor-tab-content elementor-clearfix elementor-active\" role=\"tabpanel\" data-tab=\"2\" aria-labelledby=\"elementor-tab-title-1942\">O seu trabalho \u00e9 disponibilizado pronto, respondido e nas normas j\u00e1 na mesma hora aqui em nosso site na sua \u00e1rea de downloads e tamb\u00e9m no seu e-mail.<\/p>\n<p><strong>Em quanto tempo recebo o portf\u00f3lio?<\/strong><\/p>\n<p>Os envios s\u00e3o imediatos. Ap\u00f3s sua compra, o trabalho j\u00e1 \u00e9 disponibilizado instantaneamente aqui em nosso site e no seu e-mail.<\/p>\n<p><strong>E se o portf\u00f3lio que comprei precisar de corre\u00e7\u00e3o?<\/strong><\/p>\n<p>Caso haja alguma solicita\u00e7\u00e3o de corre\u00e7\u00e3o\/altera\u00e7\u00e3o por parte do tutor, basta entrar em contato conosco pelo\u00a0WhatsApp\u00a0que provid\u00eanciaremos sem custo algum.<\/p>\n<p><strong>Qual o formato do arquivo?<\/strong><\/p>\n<p>Os arquivos s\u00e3o enviados em formato Word e s\u00e3o edit\u00e1veis.<\/p>\n<p><strong>Caso eu tiver alguma d\u00favida, terei suporte no p\u00f3s venda?<\/strong><\/p>\n<p>Sim, com certeza. Basta clicar no \u00edcone do WhatsApp no cantinho da tela. Ser\u00e1 um prazer atend\u00ea-lo(a).<\/p>\n<div id=\"elementor-tab-content-1948\" class=\"elementor-tab-content elementor-clearfix elementor-active\" role=\"tabpanel\" data-tab=\"8\" aria-labelledby=\"elementor-tab-title-1948\">\n<p><strong>Quais os seus canais de contato?<\/strong><\/p>\n<\/div>\n<div id=\"elementor-tab-content-1949\" class=\"elementor-tab-content elementor-clearfix elementor-active\" role=\"tabpanel\" data-tab=\"9\" aria-labelledby=\"elementor-tab-title-1949\">\n<p>Whatsapp: 53 984751621 \u2013 Clicar no canto da tela ou ESCANEIE O QRCODE ABAIXO<\/p>\n<h4><img decoding=\"async\" class=\"alignnone wp-image-13699 jetpack-lazy-image jetpack-lazy-image--handled\" src=\"https:\/\/i0.wp.com\/portifolioos-prontos.com\/wp-content\/uploads\/2023\/02\/whatsapp-business-projeto-de-extensao-300x300.jpeg?resize=144%2C144\" sizes=\"(max-width: 144px) 100vw, 144px\" srcset=\"https:\/\/i0.wp.com\/portifolioos-prontos.com\/wp-content\/uploads\/2023\/02\/whatsapp-business-projeto-de-extensao.jpeg?resize=300%2C301&amp;ssl=1 300w, https:\/\/i0.wp.com\/portifolioos-prontos.com\/wp-content\/uploads\/2023\/02\/whatsapp-business-projeto-de-extensao.jpeg?resize=150%2C150&amp;ssl=1 150w, https:\/\/i0.wp.com\/portifolioos-prontos.com\/wp-content\/uploads\/2023\/02\/whatsapp-business-projeto-de-extensao.jpeg?resize=370%2C372&amp;ssl=1 370w, https:\/\/i0.wp.com\/portifolioos-prontos.com\/wp-content\/uploads\/2023\/02\/whatsapp-business-projeto-de-extensao.jpeg?resize=100%2C100&amp;ssl=1 100w, https:\/\/i0.wp.com\/portifolioos-prontos.com\/wp-content\/uploads\/2023\/02\/whatsapp-business-projeto-de-extensao.jpeg?w=470&amp;ssl=1 470w\" alt=\"projeto de extens\u00e3o unopar\" width=\"144\" height=\"144\" data-lazy-loaded=\"1\" \/><\/h4>\n<\/div>\n<div class=\"elementor-toggle-item\">\n<div id=\"elementor-tab-content-1949\" class=\"elementor-tab-content elementor-clearfix elementor-active\" role=\"tabpanel\" data-tab=\"9\" aria-labelledby=\"elementor-tab-title-1949\">\n<p>E-mail:portifoliosp@gmail.com<\/p>\n<div id=\"attachment_143\" class=\"wp-caption alignnone\">\n<div id=\"attachment_143\" class=\"wp-caption alignnone\">\n<p id=\"caption-attachment-143\" class=\"wp-caption-text\"><a href=\"http:\/\/portfolio-pronto.com\/\">Portf\u00f3lio<\/a>\u00a0em Word, respondido, completo e j\u00e1 nas normas<\/p>\n<\/div>\n<\/div>\n<\/div>\n<\/div>\n<\/div>\n","protected":false},"excerpt":{"rendered":"<div class=\"product-short-description\" style=\"box-sizing: border-box;\">\n<div class=\"product-short-description\" style=\"box-sizing: border-box;\">\n<div class=\"product-short-description\">\n<p><strong>Pague pelo PIX ou cart\u00e3o e fa\u00e7a o download agora mesmo.<\/strong><\/p>\n<\/div>\n<div class=\"sticky-add-to-cart-wrapper\">\n<div class=\"sticky-add-to-cart\">\n<p class=\"quantity buttons_added form-flat\"><img decoding=\"async\" class=\"lazyloaded smush-image-5 smush-image-3 smush-image-4 smush-detected-img smush-image-bigger-3\" src=\"https:\/\/d26lpennugtm8s.cloudfront.net\/assets\/common\/img\/logos\/payment\/visa@2x.png\" width=\"46\" height=\"29\" data-src=\"https:\/\/d26lpennugtm8s.cloudfront.net\/assets\/common\/img\/logos\/payment\/visa@2x.png\" \/><img decoding=\"async\" class=\"lazyloaded smush-image-6 smush-image-4 smush-image-5 smush-detected-img smush-image-bigger-4\" src=\"https:\/\/d26lpennugtm8s.cloudfront.net\/assets\/common\/img\/logos\/payment\/boleto@2x.png\" width=\"43\" height=\"27\" data-src=\"https:\/\/d26lpennugtm8s.cloudfront.net\/assets\/common\/img\/logos\/payment\/boleto@2x.png\" \/><img loading=\"lazy\" decoding=\"async\" class=\"lazyloaded smush-image-7 smush-image-5 smush-image-6 smush-detected-img smush-image-bigger-5\" src=\"https:\/\/d26lpennugtm8s.cloudfront.net\/assets\/common\/img\/logos\/payment\/mastercard@2x.png\" width=\"43\" height=\"27\" data-src=\"https:\/\/d26lpennugtm8s.cloudfront.net\/assets\/common\/img\/logos\/payment\/mastercard@2x.png\" \/><img loading=\"lazy\" decoding=\"async\" class=\"lazyloaded smush-image-8 smush-image-6 smush-image-7 smush-detected-img smush-image-bigger-6\" src=\"https:\/\/d26lpennugtm8s.cloudfront.net\/assets\/common\/img\/logos\/payment\/amex@2x.png\" width=\"43\" height=\"27\" data-src=\"https:\/\/d26lpennugtm8s.cloudfront.net\/assets\/common\/img\/logos\/payment\/amex@2x.png\" \/><img loading=\"lazy\" decoding=\"async\" class=\"lazyloaded smush-image-9 smush-image-7 smush-image-8 smush-detected-img smush-image-bigger-7\" src=\"https:\/\/d26lpennugtm8s.cloudfront.net\/assets\/common\/img\/logos\/payment\/diners@2x.png\" width=\"46\" height=\"29\" data-src=\"https:\/\/d26lpennugtm8s.cloudfront.net\/assets\/common\/img\/logos\/payment\/diners@2x.png\" \/><img loading=\"lazy\" decoding=\"async\" class=\"lazyloaded smush-image-10 smush-image-8 smush-image-9 alignnone smush-detected-img smush-image-bigger-8\" src=\"https:\/\/d26lpennugtm8s.cloudfront.net\/assets\/common\/img\/logos\/payment\/br\/elo@2x.png\" alt=\"portf\u00f3lio unopar anhanguera\" width=\"45\" height=\"28\" data-src=\"https:\/\/d26lpennugtm8s.cloudfront.net\/assets\/common\/img\/logos\/payment\/br\/elo@2x.png\" \/><img loading=\"lazy\" decoding=\"async\" class=\"lazyloaded smush-image-11 smush-image-9 smush-image-10 alignnone smush-detected-img smush-image-bigger-9\" src=\"https:\/\/d26lpennugtm8s.cloudfront.net\/assets\/common\/img\/logos\/payment\/br\/hipercard@2x.png\" alt=\"portf\u00f3lio unopar anhanguera\" width=\"44\" height=\"28\" data-src=\"https:\/\/d26lpennugtm8s.cloudfront.net\/assets\/common\/img\/logos\/payment\/br\/hipercard@2x.png\" \/><img loading=\"lazy\" decoding=\"async\" class=\"lazyloaded smush-image-12 smush-image-10 smush-image-11 alignnone smush-detected-img smush-image-bigger-10\" src=\"https:\/\/d26lpennugtm8s.cloudfront.net\/assets\/common\/img\/logos\/payment\/mercadopago@2x.png\" alt=\"portf\u00f3lio unopar anhanguera\" width=\"45\" height=\"28\" data-src=\"https:\/\/d26lpennugtm8s.cloudfront.net\/assets\/common\/img\/logos\/payment\/mercadopago@2x.png\" \/><img loading=\"lazy\" decoding=\"async\" class=\"alignnone lazyloaded smush-detected-img smush-image-bigger-11\" src=\"https:\/\/futurium.com.br\/wp-content\/uploads\/2021\/06\/logo-pix-icone-512.png\" alt=\"portfolio pronto\" width=\"30\" height=\"30\" data-src=\"https:\/\/futurium.com.br\/wp-content\/uploads\/2021\/06\/logo-pix-icone-512.png\" \/><\/p>\n<\/div>\n<\/div>\n<\/div>\n<\/div>\n","protected":false},"featured_media":34825,"template":"","meta":{"_seopress_robots_primary_cat":"none","_seopress_titles_title":"%%post_title%% %%sitetitle%%","_seopress_titles_desc":"%%post_content%%","_seopress_robots_index":""},"product_cat":[283,764],"product_tag":[],"class_list":{"0":"post-34822","1":"product","2":"type-product","3":"status-publish","4":"has-post-thumbnail","6":"product_cat-ciberseguranca","7":"product_cat-projeto-integrado-inovacao-gestao","9":"first","10":"instock","11":"downloadable","12":"virtual","13":"purchasable","14":"product-type-simple","15":"col-xs-6 col-sm-4","16":"col-mf-5","17":"un-5-cols"},"jetpack_sharing_enabled":true,"_links":{"self":[{"href":"https:\/\/portifolioos-prontos.com\/index.php\/wp-json\/wp\/v2\/product\/34822","targetHints":{"allow":["GET"]}}],"collection":[{"href":"https:\/\/portifolioos-prontos.com\/index.php\/wp-json\/wp\/v2\/product"}],"about":[{"href":"https:\/\/portifolioos-prontos.com\/index.php\/wp-json\/wp\/v2\/types\/product"}],"version-history":[{"count":0,"href":"https:\/\/portifolioos-prontos.com\/index.php\/wp-json\/wp\/v2\/product\/34822\/revisions"}],"wp:featuredmedia":[{"embeddable":true,"href":"https:\/\/portifolioos-prontos.com\/index.php\/wp-json\/wp\/v2\/media\/34825"}],"wp:attachment":[{"href":"https:\/\/portifolioos-prontos.com\/index.php\/wp-json\/wp\/v2\/media?parent=34822"}],"wp:term":[{"taxonomy":"product_cat","embeddable":true,"href":"https:\/\/portifolioos-prontos.com\/index.php\/wp-json\/wp\/v2\/product_cat?post=34822"},{"taxonomy":"product_tag","embeddable":true,"href":"https:\/\/portifolioos-prontos.com\/index.php\/wp-json\/wp\/v2\/product_tag?post=34822"}],"curies":[{"name":"wp","href":"https:\/\/api.w.org\/{rel}","templated":true}]}}