{"id":34848,"date":"2025-02-03T16:04:32","date_gmt":"2025-02-03T19:04:32","guid":{"rendered":"https:\/\/portifolioos-prontos.com\/?post_type=product&#038;p=34848"},"modified":"2025-04-30T14:50:05","modified_gmt":"2025-04-30T17:50:05","slug":"portfolio-aula-pratica-incidencias-radiologicas-iii","status":"publish","type":"product","link":"https:\/\/portifolioos-prontos.com\/index.php\/product\/portfolio-aula-pratica-incidencias-radiologicas-iii\/","title":{"rendered":"Portf\u00f3lio Aula Pr\u00e1tica Incid\u00eancias Radiol\u00f3gicas III"},"content":{"rendered":"<h5>Portf\u00f3lio Aula Pr\u00e1tica Incid\u00eancias Radiol\u00f3gicas III<\/h5>\n<p class=\"MsoNormal\" style=\"text-align: justify; line-height: 115%;\">ROTEIRO DE AULA PR\u00c1TICA<\/p>\n<p class=\"MsoNormal\" style=\"text-align: justify; line-height: 115%;\">NOME DA DISCIPLINA: INCID\u00caNCIAS RADIOL\u00d3GICAS III<\/p>\n<p class=\"MsoNormal\" style=\"text-align: justify; line-height: 115%;\">Unidade: 1 &#8211; REVIS\u00c3O ANAT\u00d4MICA E CONCEITOS B\u00c1SICOS EM INCID\u00caNCIAS<\/p>\n<p class=\"MsoNormal\" style=\"text-align: justify; line-height: 115%;\">RADIOL\u00d3GICAS III<\/p>\n<p class=\"MsoNormal\" style=\"text-align: justify; line-height: 115%;\">Aula: 2 \u2013 CONCEITOS B\u00c1SICOS DE POSICIONAMENTO<\/p>\n<p class=\"MsoNormal\" style=\"text-align: justify; line-height: 115%;\">OBJETIVOS<\/p>\n<p class=\"MsoNormal\" style=\"text-align: justify; line-height: 115%;\">Defini\u00e7\u00e3o dos objetivos da aula pr\u00e1tica:<\/p>\n<p class=\"MsoNormal\" style=\"text-align: justify; line-height: 115%;\">\u2022 Reconhecer as incid\u00eancias utilizadas para avalia\u00e7\u00e3o de coluna e MMII;<\/p>\n<p class=\"MsoNormal\" style=\"text-align: justify; line-height: 115%;\">\u2022 Compreender o posicionamento e orienta\u00e7\u00f5es adequadas para obten\u00e7\u00e3o da imagem radiol\u00f3gica;<\/p>\n<p class=\"MsoNormal\" style=\"text-align: justify; line-height: 115%;\">\u2022 Identificar as estruturas anat\u00f4micas apresentadas nos exames de imagem.<\/p>\n<p class=\"MsoNormal\" style=\"text-align: justify; line-height: 115%;\">INFRAESTRUTURA<\/p>\n<p class=\"MsoNormal\" style=\"text-align: justify; line-height: 115%;\">Computador<\/p>\n<p class=\"MsoNormal\" style=\"text-align: justify; line-height: 115%;\">SOLU\u00c7\u00c3O DIGITAL<\/p>\n<p class=\"MsoNormal\" style=\"text-align: justify; line-height: 115%;\">\u2022 MED DREAM (Software gratuito)<\/p>\n<p class=\"MsoNormal\" style=\"text-align: justify; line-height: 115%;\">MedDream \u00e9 um visualizador DICOM baseado na web para servidor PACS que se destina a fazer<\/p>\n<p class=\"MsoNormal\" style=\"text-align: justify; line-height: 115%;\">diagn\u00f3sticos, visualizar, arquivar e transmitir imagens m\u00e9dicas.<\/p>\n<p class=\"MsoNormal\" style=\"text-align: justify; line-height: 115%;\">EQUIPAMENTO DE PROTE\u00c7\u00c3O INDIVIDUAL (EPI)<\/p>\n<p class=\"MsoNormal\" style=\"text-align: justify; line-height: 115%;\">N\u00e3o se aplica<\/p>\n<p class=\"MsoNormal\" style=\"text-align: justify; line-height: 115%;\">PROCEDIMENTO\/ATIVIDADE n\u00ba 1 (Digital)<\/p>\n<p class=\"MsoNormal\" style=\"text-align: justify; line-height: 115%;\">ATIVIDADE PROPOSTA:<\/p>\n<p class=\"MsoNormal\" style=\"text-align: justify; line-height: 115%;\">Identificar as incid\u00eancias utilizadas para avalia\u00e7\u00e3o de coluna e tornozelo.<\/p>\n<p class=\"MsoNormal\" style=\"text-align: justify; line-height: 115%;\">PROCEDIMENTOS PARA A REALIZA\u00c7\u00c3O DA ATIVIDADE:<\/p>\n<p class=\"MsoNormal\" style=\"text-align: justify; line-height: 115%;\">Para a nossa atividade voc\u00ea deve acessar a plataforma MedDream, vamos l\u00e1?<\/p>\n<p class=\"MsoNormal\" style=\"text-align: justify; line-height: 115%;\">P\u00fablico3<\/p>\n<p class=\"MsoNormal\" style=\"text-align: justify; line-height: 115%;\">\u2022 Acesse a plataforma MedDream atrav\u00e9s do link: https:\/\/www.softneta.com\/ e selecionar \u201cONLINE<\/p>\n<p class=\"MsoNormal\" style=\"text-align: justify; line-height: 115%;\">DEMO\u201d.<\/p>\n<p class=\"MsoNormal\" style=\"text-align: justify; line-height: 115%;\">\u2022 Ao abrir o visualizador, selecione no menu superior a op\u00e7\u00e3o \u201cDX\u201d:<\/p>\n<p class=\"MsoNormal\" style=\"text-align: justify; line-height: 115%;\">P\u00fablico4<\/p>\n<p class=\"MsoNormal\" style=\"text-align: justify; line-height: 115%;\">\u2022 Acesse o primeiro estudo dispon\u00edvel:<\/p>\n<p class=\"MsoNormal\" style=\"text-align: justify; line-height: 115%;\">\u2022 Uma nova aba ser\u00e1 aberta e voc\u00ea ter\u00e1 acesso ao \u201cviewer\u201d, onde voc\u00ea conseguir\u00e1 visualizar as<\/p>\n<p class=\"MsoNormal\" style=\"text-align: justify; line-height: 115%;\">imagens dispon\u00edveis.<\/p>\n<p class=\"MsoNormal\" style=\"text-align: justify; line-height: 115%;\">\u2022 Neste estudo avalie e identifique:<\/p>\n<p class=\"MsoNormal\" style=\"text-align: justify; line-height: 115%;\">1. Quais as incid\u00eancias foram utilizadas para obten\u00e7\u00e3o das imagens;<\/p>\n<p class=\"MsoNormal\" style=\"text-align: justify; line-height: 115%;\">2. Quais as estruturas anat\u00f4micas observadas em cada incid\u00eancia;<\/p>\n<p class=\"MsoNormal\" style=\"text-align: justify; line-height: 115%;\">\u2022 Ap\u00f3s analisadas as primeiras imagens, retorne a p\u00e1gina principal do visualizador, selecione<\/p>\n<p class=\"MsoNormal\" style=\"text-align: justify; line-height: 115%;\">novamente a op\u00e7\u00e3o \u201cDX\u201d e selecione o segundo estudo para avalia\u00e7\u00e3o.<\/p>\n<p class=\"MsoNormal\" style=\"text-align: justify; line-height: 115%;\">P\u00fablico5<\/p>\n<p class=\"MsoNormal\" style=\"text-align: justify; line-height: 115%;\">\u2022 Neste estudo avalie:<\/p>\n<p class=\"MsoNormal\" style=\"text-align: justify; line-height: 115%;\">1. Quais as incid\u00eancias utilizadas para obten\u00e7\u00e3o das imagens;<\/p>\n<p class=\"MsoNormal\" style=\"text-align: justify; line-height: 115%;\">2. Quais as estruturas anat\u00f4micas observadas em cada incid\u00eancia.<\/p>\n<p class=\"MsoNormal\" style=\"text-align: justify; line-height: 115%;\">RESULTADOS<\/p>\n<p class=\"MsoNormal\" style=\"text-align: justify; line-height: 115%;\">Resultados de Aprendizagem:<\/p>\n<p class=\"MsoNormal\" style=\"text-align: justify; line-height: 115%;\">\u00c9 esperado que o aluno ao t\u00e9rmino da pr\u00e1tica, saiba reconhecer as incid\u00eancias utilizadas<\/p>\n<p class=\"MsoNormal\" style=\"text-align: justify; line-height: 115%;\">para avalia\u00e7\u00e3o dos exames retratados e compreenda o bom posicionamento.<\/p>\n<p class=\"MsoNormal\" style=\"text-align: justify; line-height: 115%;\">Orienta\u00e7\u00f5es para o envio da atividade:<\/p>\n<p class=\"MsoNormal\" style=\"text-align: justify; line-height: 115%;\">\u2022 O resultado de aprendizagem da aula pr\u00e1tica dever\u00e1 ser registrado em forma de um<\/p>\n<p class=\"MsoNormal\" style=\"text-align: justify; line-height: 115%;\">relat\u00f3rio descritivo onde conste um print da atividade realizada que dever\u00e1 ser postado<\/p>\n<p class=\"MsoNormal\" style=\"text-align: justify; line-height: 115%;\">em seu ambiente virtual.<\/p>\n<p class=\"MsoNormal\" style=\"text-align: justify; line-height: 115%;\">\u2022 A postagem do arquivo final deve ser em um \u00fanico arquivo, formato .DOC (Word ou<\/p>\n<p class=\"MsoNormal\" style=\"text-align: justify; line-height: 115%;\">editor de textos);<\/p>\n<p class=\"MsoNormal\" style=\"text-align: justify; line-height: 115%;\">\u2022 Responda detalhadamente as quest\u00f5es propostas em cada uma das atividades.<\/p>\n<p class=\"MsoNormal\" style=\"text-align: justify; line-height: 115%;\">\u2022 Atente-se ao tamanho m\u00e1ximo do arquivo, suportado pelo Ambiente Virtual<\/p>\n<p class=\"MsoNormal\" style=\"text-align: justify; line-height: 115%;\">se Aprendizagem, se necess\u00e1rio, reduza o tamanho das suas fotos<\/p>\n<p class=\"MsoNormal\" style=\"text-align: justify; line-height: 115%;\">(https:\/\/www.resizepixel.com\/pt\/reduce-image-in-kb\/).<\/p>\n<p class=\"MsoNormal\" style=\"text-align: justify; line-height: 115%;\">\u2022 O sistema ir\u00e1 arquivar e disponibilizar para corre\u00e7\u00e3o apenas o \u00faltimo trabalho<\/p>\n<p class=\"MsoNormal\" style=\"text-align: justify; line-height: 115%;\">encaminhado, caso voc\u00ea encaminhe um novo arquivo, ele ir\u00e1 sobrepor e apagar o<\/p>\n<p class=\"MsoNormal\" style=\"text-align: justify; line-height: 115%;\">P\u00fablico6<\/p>\n<p class=\"MsoNormal\" style=\"text-align: justify; line-height: 115%;\">arquivo encaminhado anteriormente;<\/p>\n<p class=\"MsoNormal\" style=\"text-align: justify; line-height: 115%;\">\u2022 Voc\u00ea dever\u00e1 postar o trabalho finalizado no AVA, o que dever\u00e1 ser feito na pasta<\/p>\n<p class=\"MsoNormal\" style=\"text-align: justify; line-height: 115%;\">espec\u00edfica, obedecendo ao prazo limite de postagem, conforme disposto no cronograma<\/p>\n<p class=\"MsoNormal\" style=\"text-align: justify; line-height: 115%;\">do curso. N\u00e3o existe prorroga\u00e7\u00e3o para a postagem da atividade;<\/p>\n<p class=\"MsoNormal\" style=\"text-align: justify; line-height: 115%;\">\u2022 O trabalho ser\u00e1 realizado individualmente.<\/p>\n<div class=\"elementor-toggle-item\" style=\"box-sizing: border-box;\">\n<h4 id=\"elementor-tab-title-1941\" class=\"elementor-tab-title elementor-active\" style=\"box-sizing: border-box; color: var(--mf-dark-color);\" tabindex=\"0\" role=\"tab\" data-tab=\"1\" aria-controls=\"elementor-tab-content-1941\" aria-expanded=\"true\" aria-selected=\"true\">Como funciona?<\/h4>\n<div id=\"elementor-tab-content-1941\" class=\"elementor-tab-content elementor-clearfix elementor-active\" style=\"box-sizing: border-box;\" role=\"tabpanel\" data-tab=\"1\" aria-labelledby=\"elementor-tab-title-1941\">\n<p style=\"box-sizing: border-box;\">Elaboramos os portf\u00f3lios, j\u00e1 deixamos prontos, nas normas da ABNT e conforme os requisitos da universidade. F\u00e1cil assim! O MELHOR \u00c9 QUE VOC\u00ca COMPRA E J\u00c1 BAIXA NA HORA O SEU ARQUIVO EM WORD! Sabemos que conciliar trabalho, fam\u00edlia, vida profissional e estudos \u00e9 dif\u00edcil hoje em dia, por isso, estamos aqui para ajudar voc\u00ea. Conte com nossa qualidade, experi\u00eancia e profissionalismo adquirindo seu portf\u00f3lio conosco. GARANTIMOS SEU CONCEITO!<\/p>\n<h4 style=\"box-sizing: border-box; color: var(--mf-dark-color);\">Como se realizam os envios?<\/h4>\n<\/div>\n<\/div>\n<div class=\"elementor-toggle-item\" style=\"box-sizing: border-box;\">\n<div id=\"elementor-tab-content-1942\" class=\"elementor-tab-content elementor-clearfix elementor-active\" style=\"box-sizing: border-box;\" role=\"tabpanel\" data-tab=\"2\" aria-labelledby=\"elementor-tab-title-1942\">O seu trabalho \u00e9 disponibilizado pronto, respondido e nas normas j\u00e1 na mesma hora aqui em nosso site na sua \u00e1rea de downloads e tamb\u00e9m no seu e-mail.<\/div>\n<\/div>\n<div class=\"elementor-toggle-item\" style=\"box-sizing: border-box;\">\n<div id=\"elementor-tab-content-1943\" class=\"elementor-tab-content elementor-clearfix elementor-active\" style=\"box-sizing: border-box;\" role=\"tabpanel\" data-tab=\"3\" aria-labelledby=\"elementor-tab-title-1943\">\n<h4 style=\"box-sizing: border-box; color: var(--mf-dark-color);\">Em quanto tempo recebo o portf\u00f3lio?<\/h4>\n<\/div>\n<\/div>\n<div class=\"elementor-toggle-item\" style=\"box-sizing: border-box;\">\n<div id=\"elementor-tab-content-1944\" class=\"elementor-tab-content elementor-clearfix elementor-active\" style=\"box-sizing: border-box;\" role=\"tabpanel\" data-tab=\"4\" aria-labelledby=\"elementor-tab-title-1944\">\n<p style=\"box-sizing: border-box;\">Os envios s\u00e3o imediatos. Ap\u00f3s sua compra, o trabalho j\u00e1 \u00e9 disponibilizado instantaneamente aqui em nosso site e no seu e-mail.<\/p>\n<h4 style=\"box-sizing: border-box; color: var(--mf-dark-color);\">E se o portf\u00f3lio que comprei precisar de corre\u00e7\u00e3o?<\/h4>\n<\/div>\n<\/div>\n<div class=\"elementor-toggle-item\" style=\"box-sizing: border-box;\">\n<div id=\"elementor-tab-content-1945\" class=\"elementor-tab-content elementor-clearfix elementor-active\" style=\"box-sizing: border-box;\" role=\"tabpanel\" data-tab=\"5\" aria-labelledby=\"elementor-tab-title-1945\">\n<p style=\"box-sizing: border-box;\">Caso haja alguma solicita\u00e7\u00e3o de corre\u00e7\u00e3o\/altera\u00e7\u00e3o por parte do tutor, basta entrar em contato conosco pelo\u00a0WhatsApp\u00a0que provid\u00eanciaremos sem custo algum.<\/p>\n<h4 style=\"box-sizing: border-box; color: var(--mf-dark-color);\">Qual o formato do arquivo?<\/h4>\n<\/div>\n<\/div>\n<div class=\"elementor-toggle-item\" style=\"box-sizing: border-box;\">\n<div id=\"elementor-tab-content-1946\" class=\"elementor-tab-content elementor-clearfix elementor-active\" style=\"box-sizing: border-box;\" role=\"tabpanel\" data-tab=\"6\" aria-labelledby=\"elementor-tab-title-1946\">\n<p style=\"box-sizing: border-box;\">Os arquivos s\u00e3o enviados em formato Word e s\u00e3o edit\u00e1veis.<\/p>\n<h4 style=\"box-sizing: border-box; color: var(--mf-dark-color);\">Caso eu tiver alguma d\u00favida, terei suporte no p\u00f3s venda?<\/h4>\n<\/div>\n<\/div>\n<div class=\"elementor-toggle-item\" style=\"box-sizing: border-box;\">\n<div id=\"elementor-tab-content-1948\" class=\"elementor-tab-content elementor-clearfix elementor-active\" style=\"box-sizing: border-box;\" role=\"tabpanel\" data-tab=\"8\" aria-labelledby=\"elementor-tab-title-1948\">\n<p style=\"box-sizing: border-box;\">Sim, com certeza. Basta clicar no \u00edcone do WhatsApp no cantinho da tela. Ser\u00e1 um prazer atend\u00ea-lo(a).<\/p>\n<div class=\"elementor-toggle-item\" style=\"box-sizing: border-box;\">\n<div id=\"elementor-tab-content-1948\" class=\"elementor-tab-content elementor-clearfix elementor-active\" style=\"box-sizing: border-box;\" role=\"tabpanel\" data-tab=\"8\" aria-labelledby=\"elementor-tab-title-1948\">\n<h4 style=\"box-sizing: border-box; color: var(--mf-dark-color);\">Quais os seus canais de contato?<\/h4>\n<\/div>\n<\/div>\n<div class=\"elementor-toggle-item\" style=\"box-sizing: border-box;\">\n<div id=\"elementor-tab-content-1949\" class=\"elementor-tab-content elementor-clearfix elementor-active\" style=\"box-sizing: border-box;\" role=\"tabpanel\" data-tab=\"9\" aria-labelledby=\"elementor-tab-title-1949\">\n<p style=\"box-sizing: border-box;\">Whatsapp: 53 984751621 \u2013 Clicar no canto da tela ou ESCANEIE O QRCODE ABAIXO<\/p>\n<h4 style=\"box-sizing: border-box; color: var(--mf-dark-color);\"><img decoding=\"async\" class=\"alignnone wp-image-13699 jetpack-lazy-image jetpack-lazy-image--handled\" style=\"box-sizing: border-box; border: 0px; vertical-align: middle; margin: 0px;\" src=\"https:\/\/i0.wp.com\/portifolioos-prontos.com\/wp-content\/uploads\/2023\/02\/whatsapp-business-projeto-de-extensao-300x300.jpeg?resize=144%2C144\" sizes=\"(max-width: 144px) 100vw, 144px\" srcset=\"https:\/\/i0.wp.com\/portifolioos-prontos.com\/wp-content\/uploads\/2023\/02\/whatsapp-business-projeto-de-extensao.jpeg?resize=300%2C301&amp;ssl=1 300w, https:\/\/i0.wp.com\/portifolioos-prontos.com\/wp-content\/uploads\/2023\/02\/whatsapp-business-projeto-de-extensao.jpeg?resize=150%2C150&amp;ssl=1 150w, https:\/\/i0.wp.com\/portifolioos-prontos.com\/wp-content\/uploads\/2023\/02\/whatsapp-business-projeto-de-extensao.jpeg?resize=370%2C372&amp;ssl=1 370w, https:\/\/i0.wp.com\/portifolioos-prontos.com\/wp-content\/uploads\/2023\/02\/whatsapp-business-projeto-de-extensao.jpeg?resize=100%2C100&amp;ssl=1 100w, https:\/\/i0.wp.com\/portifolioos-prontos.com\/wp-content\/uploads\/2023\/02\/whatsapp-business-projeto-de-extensao.jpeg?w=470&amp;ssl=1 470w\" alt=\"projeto de extens\u00e3o unopar\" width=\"144\" height=\"144\" data-lazy-loaded=\"1\" \/><\/h4>\n<\/div>\n<\/div>\n<\/div>\n<\/div>\n<div class=\"elementor-toggle-item\" style=\"box-sizing: border-box;\">\n<div id=\"elementor-tab-content-1949\" class=\"elementor-tab-content elementor-clearfix elementor-active\" style=\"box-sizing: border-box;\" role=\"tabpanel\" data-tab=\"9\" aria-labelledby=\"elementor-tab-title-1949\">\n<p style=\"box-sizing: border-box;\">E-mail:portifoliosp@gmail.com<\/p>\n<div id=\"attachment_143\" class=\"wp-caption alignnone\" style=\"box-sizing: border-box; padding: 5px; text-align: center;\">\n<div id=\"attachment_143\" class=\"wp-caption alignnone\" style=\"box-sizing: border-box; padding: 5px; width: 95px;\">\n<p style=\"box-sizing: border-box;\"><a style=\"box-sizing: border-box; background: transparent;\" href=\"https:\/\/portifolioos-prontos.com\/\"><img decoding=\"async\" class=\"wp-image-143 jetpack-lazy-image jetpack-lazy-image--handled smush-image-16 smush-image-17 smush-detected-img smush-image-11\" style=\"box-sizing: border-box; vertical-align: middle; border-radius: 5px; transition: 0.5s; box-shadow: #fecf2f 0px 0px 0px 5px; display: block; width: 85px; margin: 0px;\" title=\"portfolio pronto unopar\" src=\"https:\/\/i0.wp.com\/portifolioos-prontos.com\/wp-content\/uploads\/2022\/04\/conceitomaximo.png?resize=161%2C46\" alt=\"PORTFOLIO PRONTO UNOPAR ANHANGUERA\" width=\"95\" height=\"27\" aria-describedby=\"caption-attachment-143\" data-lazy-loaded=\"1\" \/><\/a><\/p>\n<p id=\"caption-attachment-143\" class=\"wp-caption-text\" style=\"box-sizing: border-box; margin-right: 0px; margin-bottom: 0px; margin-left: 0px; font-size: small; padding: 5px 0px 0px;\">Portf\u00f3lio em Word, respondido, completo e j\u00e1 nas normas.<\/p>\n<\/div>\n<\/div>\n<\/div>\n<\/div>\n","protected":false},"excerpt":{"rendered":"<div class=\"product-short-description\" style=\"box-sizing: border-box;\">\n<h5 style=\"box-sizing: border-box; color: var(--mf-dark-color);\"><strong style=\"box-sizing: border-box;\">Pague pelo PIX ou cart\u00e3o e fa\u00e7a o download agora mesmo.<\/strong><\/h5>\n<\/div>\n<div class=\"sticky-add-to-cart-wrapper\" style=\"box-sizing: border-box;\">\n<div class=\"sticky-add-to-cart\" style=\"box-sizing: border-box;\">\n<div class=\"quantity buttons_added form-flat\" style=\"box-sizing: border-box; position: relative;\"><img decoding=\"async\" class=\"alignnone wp-image-761 lazyloaded smush-image-8 smush-image-2 smush-detected-img\" style=\"box-sizing: border-box; border: 0px; vertical-align: middle; border-radius: 5px; transition: opacity 400ms; box-shadow: #fecf2f 0px 0px 0px 5px; margin: 0px; opacity: 1;\" src=\"https:\/\/portifolioos-prontos.com\/wp-content\/uploads\/2022\/04\/PIX-300x107.webp\" alt=\"\" width=\"78\" height=\"28\" data-src=\"https:\/\/portifolioos-prontos.com\/wp-content\/uploads\/2022\/04\/PIX-300x107.webp\" \/>\u00a0\u00a0<img loading=\"lazy\" decoding=\"async\" class=\"lazyloaded smush-image-9 smush-image-3 smush-detected-img\" style=\"box-sizing: border-box; border: 0px; vertical-align: middle; border-radius: 5px; transition: opacity 400ms; box-shadow: #fecf2f 0px 0px 0px 5px; opacity: 1;\" src=\"https:\/\/d26lpennugtm8s.cloudfront.net\/assets\/common\/img\/logos\/payment\/visa@2x.png\" width=\"46\" height=\"29\" data-src=\"https:\/\/d26lpennugtm8s.cloudfront.net\/assets\/common\/img\/logos\/payment\/visa@2x.png\" \/><img loading=\"lazy\" decoding=\"async\" class=\"lazyloaded smush-image-10 smush-image-4 smush-detected-img\" style=\"box-sizing: border-box; border: 0px; vertical-align: middle; border-radius: 5px; transition: opacity 400ms; box-shadow: #fecf2f 0px 0px 0px 5px; opacity: 1;\" src=\"https:\/\/d26lpennugtm8s.cloudfront.net\/assets\/common\/img\/logos\/payment\/boleto@2x.png\" width=\"43\" height=\"27\" data-src=\"https:\/\/d26lpennugtm8s.cloudfront.net\/assets\/common\/img\/logos\/payment\/boleto@2x.png\" \/><img loading=\"lazy\" decoding=\"async\" class=\"lazyloaded smush-image-11 smush-image-5 smush-detected-img\" style=\"box-sizing: border-box; border: 0px; vertical-align: middle; border-radius: 5px; transition: opacity 400ms; box-shadow: #fecf2f 0px 0px 0px 5px; opacity: 1;\" src=\"https:\/\/d26lpennugtm8s.cloudfront.net\/assets\/common\/img\/logos\/payment\/mastercard@2x.png\" width=\"43\" height=\"27\" data-src=\"https:\/\/d26lpennugtm8s.cloudfront.net\/assets\/common\/img\/logos\/payment\/mastercard@2x.png\" \/><img loading=\"lazy\" decoding=\"async\" class=\"lazyloaded smush-image-12 smush-image-6 smush-detected-img\" style=\"box-sizing: border-box; border: 0px; vertical-align: middle; border-radius: 5px; transition: opacity 400ms; box-shadow: #fecf2f 0px 0px 0px 5px; opacity: 1;\" src=\"https:\/\/d26lpennugtm8s.cloudfront.net\/assets\/common\/img\/logos\/payment\/amex@2x.png\" width=\"43\" height=\"27\" data-src=\"https:\/\/d26lpennugtm8s.cloudfront.net\/assets\/common\/img\/logos\/payment\/amex@2x.png\" \/><img loading=\"lazy\" decoding=\"async\" class=\"lazyloaded smush-image-13 smush-image-7 smush-detected-img\" style=\"box-sizing: border-box; border: 0px; vertical-align: middle; border-radius: 5px; transition: opacity 400ms; box-shadow: #fecf2f 0px 0px 0px 5px; opacity: 1;\" src=\"https:\/\/d26lpennugtm8s.cloudfront.net\/assets\/common\/img\/logos\/payment\/diners@2x.png\" width=\"46\" height=\"29\" data-src=\"https:\/\/d26lpennugtm8s.cloudfront.net\/assets\/common\/img\/logos\/payment\/diners@2x.png\" \/><img loading=\"lazy\" decoding=\"async\" class=\"lazyloaded smush-image-14 smush-image-8 smush-detected-img\" style=\"box-sizing: border-box; border: 0px; vertical-align: middle; border-radius: 5px; transition: opacity 400ms; box-shadow: #fecf2f 0px 0px 0px 5px; opacity: 1;\" src=\"https:\/\/d26lpennugtm8s.cloudfront.net\/assets\/common\/img\/logos\/payment\/br\/elo@2x.png\" width=\"45\" height=\"28\" data-src=\"https:\/\/d26lpennugtm8s.cloudfront.net\/assets\/common\/img\/logos\/payment\/br\/elo@2x.png\" \/><img loading=\"lazy\" decoding=\"async\" class=\"lazyloaded smush-image-15 smush-image-9 smush-detected-img\" style=\"box-sizing: border-box; border: 0px; vertical-align: middle; border-radius: 5px; transition: opacity 400ms; box-shadow: #fecf2f 0px 0px 0px 5px; opacity: 1;\" src=\"https:\/\/d26lpennugtm8s.cloudfront.net\/assets\/common\/img\/logos\/payment\/br\/hipercard@2x.png\" width=\"44\" height=\"28\" data-src=\"https:\/\/d26lpennugtm8s.cloudfront.net\/assets\/common\/img\/logos\/payment\/br\/hipercard@2x.png\" \/><img loading=\"lazy\" decoding=\"async\" class=\"lazyloaded smush-image-16 smush-image-10 smush-detected-img\" style=\"box-sizing: border-box; border: 0px; vertical-align: middle; border-radius: 5px; transition: opacity 400ms; box-shadow: #fecf2f 0px 0px 0px 5px; opacity: 1;\" src=\"https:\/\/d26lpennugtm8s.cloudfront.net\/assets\/common\/img\/logos\/payment\/mercadopago@2x.png\" width=\"45\" height=\"28\" data-src=\"https:\/\/d26lpennugtm8s.cloudfront.net\/assets\/common\/img\/logos\/payment\/mercadopago@2x.png\" \/><\/div>\n<\/div>\n<\/div>\n","protected":false},"featured_media":34852,"template":"","meta":{"_seopress_robots_primary_cat":"none","_seopress_titles_title":"%%post_title%% %%sitetitle%%","_seopress_titles_desc":"%%post_content%%","_seopress_robots_index":""},"product_cat":[67,15],"product_tag":[],"class_list":{"0":"post-34848","1":"product","2":"type-product","3":"status-publish","4":"has-post-thumbnail","6":"product_cat-radiologia","7":"product_cat-uncategorized","9":"first","10":"instock","11":"downloadable","12":"virtual","13":"purchasable","14":"product-type-simple","15":"col-xs-6 col-sm-4","16":"col-mf-5","17":"un-5-cols"},"jetpack_sharing_enabled":true,"_links":{"self":[{"href":"https:\/\/portifolioos-prontos.com\/index.php\/wp-json\/wp\/v2\/product\/34848","targetHints":{"allow":["GET"]}}],"collection":[{"href":"https:\/\/portifolioos-prontos.com\/index.php\/wp-json\/wp\/v2\/product"}],"about":[{"href":"https:\/\/portifolioos-prontos.com\/index.php\/wp-json\/wp\/v2\/types\/product"}],"version-history":[{"count":0,"href":"https:\/\/portifolioos-prontos.com\/index.php\/wp-json\/wp\/v2\/product\/34848\/revisions"}],"wp:featuredmedia":[{"embeddable":true,"href":"https:\/\/portifolioos-prontos.com\/index.php\/wp-json\/wp\/v2\/media\/34852"}],"wp:attachment":[{"href":"https:\/\/portifolioos-prontos.com\/index.php\/wp-json\/wp\/v2\/media?parent=34848"}],"wp:term":[{"taxonomy":"product_cat","embeddable":true,"href":"https:\/\/portifolioos-prontos.com\/index.php\/wp-json\/wp\/v2\/product_cat?post=34848"},{"taxonomy":"product_tag","embeddable":true,"href":"https:\/\/portifolioos-prontos.com\/index.php\/wp-json\/wp\/v2\/product_tag?post=34848"}],"curies":[{"name":"wp","href":"https:\/\/api.w.org\/{rel}","templated":true}]}}