{"id":34859,"date":"2025-02-03T16:43:59","date_gmt":"2025-02-03T19:43:59","guid":{"rendered":"https:\/\/portifolioos-prontos.com\/?post_type=product&#038;p=34859"},"modified":"2025-08-03T18:12:14","modified_gmt":"2025-08-03T21:12:14","slug":"roteiro-aula-pratica-tecnologias-web-service","status":"publish","type":"product","link":"https:\/\/portifolioos-prontos.com\/index.php\/product\/roteiro-aula-pratica-tecnologias-web-service\/","title":{"rendered":"Roteiro Aula Pr\u00e1tica \u2013 Tecnologias Web Service"},"content":{"rendered":"<h4 style=\"box-sizing: border-box; padding: 0px; border: 0px; vertical-align: baseline; font-variant-numeric: inherit; font-variant-east-asian: inherit; font-variant-alternates: inherit; font-variant-position: inherit; font-variant-emoji: inherit; font-weight: var(--wd-title-font-weight); font-stretch: inherit; line-height: 1.4; font-family: var(--wd-title-font); font-optical-sizing: inherit; font-size-adjust: inherit; font-kerning: inherit; font-feature-settings: inherit; font-variation-settings: inherit; font-size: 24px; color: var(--wd-title-color); margin: 0px 0px var(--wd-tags-mb) 0px;\">Roteiro Aula Pr\u00e1tica \u2013 Tecnologias Web Service<\/h4>\n<p>&nbsp;<\/p>\n<p style=\"box-sizing: border-box; margin-right: 0px; margin-bottom: var(--wd-tags-mb); margin-left: 0px; padding: 0px; border: 0px; vertical-align: baseline; font-variant-numeric: inherit; font-variant-east-asian: inherit; font-variant-alternates: inherit; font-variant-position: inherit; font-variant-emoji: inherit; font-stretch: inherit; line-height: inherit; font-family: Lato, Arial, Helvetica, sans-serif; font-optical-sizing: inherit; font-size-adjust: inherit; font-kerning: inherit; font-feature-settings: inherit; font-variation-settings: inherit; color: #777777;\">O\u00a0<span style=\"box-sizing: border-box; margin: 0px; padding: 0px; border: 0px; vertical-align: baseline; font-style: inherit; font-variant: inherit; font-weight: 600; font-stretch: inherit; line-height: inherit; font-family: inherit; font-optical-sizing: inherit; font-size-adjust: inherit; font-kerning: inherit; font-feature-settings: inherit; font-variation-settings: inherit;\">Roteiro de Aula Pr\u00e1tica \u2013 Tecnologias Web Service<\/span>\u00a0oferece uma abordagem pr\u00e1tica para quem deseja aprender sobre Web Services REST, integra\u00e7\u00e3o de aplica\u00e7\u00f5es e o uso de frameworks como Python e Django. Durante a atividade, os alunos aprendem a instalar e configurar essas tecnologias, al\u00e9m de criar um projeto no Django, desenvolvendo uma URL e uma View para realizar requisi\u00e7\u00f5es de servi\u00e7o e verificar as respostas diretamente no navegador.<\/p>\n<p style=\"box-sizing: border-box; margin-right: 0px; margin-bottom: var(--wd-tags-mb); margin-left: 0px; padding: 0px; border: 0px; vertical-align: baseline; font-variant-numeric: inherit; font-variant-east-asian: inherit; font-variant-alternates: inherit; font-variant-position: inherit; font-variant-emoji: inherit; font-stretch: inherit; line-height: inherit; font-family: Lato, Arial, Helvetica, sans-serif; font-optical-sizing: inherit; font-size-adjust: inherit; font-kerning: inherit; font-feature-settings: inherit; font-variation-settings: inherit; color: #777777;\">Com essa pr\u00e1tica, os participantes adquirem habilidades essenciais para trabalhar com integra\u00e7\u00e3o de sistemas e desenvolvimento web, utilizando o framework Django para criar e testar aplica\u00e7\u00f5es. \u00c9 uma oportunidade de colocar em pr\u00e1tica conceitos de Web Service, explorando uma estrutura robusta e de f\u00e1cil uso para desenvolvimento web.<\/p>\n<p style=\"box-sizing: border-box; margin-right: 0px; margin-bottom: var(--wd-tags-mb); margin-left: 0px; padding: 0px; border: 0px; vertical-align: baseline; font-variant-numeric: inherit; font-variant-east-asian: inherit; font-variant-alternates: inherit; font-variant-position: inherit; font-variant-emoji: inherit; font-stretch: inherit; line-height: inherit; font-family: Lato, Arial, Helvetica, sans-serif; font-optical-sizing: inherit; font-size-adjust: inherit; font-kerning: inherit; font-feature-settings: inherit; font-variation-settings: inherit; color: #777777;\">Veja o Manual do Roteiro<\/p>\n<p style=\"box-sizing: border-box; margin-right: 0px; margin-bottom: var(--wd-tags-mb); margin-left: 0px; padding: 0px; border: 0px; vertical-align: baseline; font-variant-numeric: inherit; font-variant-east-asian: inherit; font-variant-alternates: inherit; font-variant-position: inherit; font-variant-emoji: inherit; font-stretch: inherit; line-height: inherit; font-family: Lato, Arial, Helvetica, sans-serif; font-optical-sizing: inherit; font-size-adjust: inherit; font-kerning: inherit; font-feature-settings: inherit; font-variation-settings: inherit; color: #777777;\">Tecnologias Web Service<br style=\"box-sizing: border-box;\" \/>Roteiro<br style=\"box-sizing: border-box;\" \/>Aula Pr\u00e1tica2<br style=\"box-sizing: border-box;\" \/>ROTEIRO DE AULA PR\u00c1TICA<br style=\"box-sizing: border-box;\" \/>NOME DA DISCIPLINA: Tecnologias Web Service<br style=\"box-sizing: border-box;\" \/>Unidade: U4 _WEB SERVICE \u2013 REST, INTEGRA\u00c7\u00c3O DE APLICA\u00c7\u00c3O E FRAMEWORKS<br style=\"box-sizing: border-box;\" \/>Aula: A4_ Frameworks<br style=\"box-sizing: border-box;\" \/>Tempo previsto de execu\u00e7\u00e3o de aula pr\u00e1tica: 2h (CAMPO OBRIGAT\u00d3RIO \u2013 N\u00c3O APARECER EM<br style=\"box-sizing: border-box;\" \/>NENHUM RAP)<br style=\"box-sizing: border-box;\" \/>OBJETIVOS (campo obrigat\u00f3rio \u2013 exibi\u00e7\u00e3o para todos)<br style=\"box-sizing: border-box;\" \/>Defini\u00e7\u00e3o dos objetivos da aula pr\u00e1tica:<br style=\"box-sizing: border-box;\" \/>Aprender como instalar e configurar o Python, Django o editor de c\u00f3digos Code Studio<br style=\"box-sizing: border-box;\" \/>Visual, realizar a cria\u00e7\u00e3o de um projeto no Django com uma requisi\u00e7\u00e3o de servi\u00e7o e<br style=\"box-sizing: border-box;\" \/>obter\/verificar a resposta em um navegador.<br style=\"box-sizing: border-box;\" \/>INFRAESTRUTURA (OBRIGAT\u00d3RIO SE HOUVER \u2013 EXIBI\u00c7\u00c3O DOCENTE\/TUTOR)<br style=\"box-sizing: border-box;\" \/>Instala\u00e7\u00f5es \u2013 Materiais de consumo \u2013 Equipamentos:<br style=\"box-sizing: border-box;\" \/>NSA<br style=\"box-sizing: border-box;\" \/>SOLU\u00c7\u00c3O DIGITAL (OBRIGAT\u00d3RIO SE HOUVER \u2013 APARECER PARA TODOS)<br style=\"box-sizing: border-box;\" \/>Infraestrutura m\u00ednima necess\u00e1ria para execu\u00e7\u00e3o.<br style=\"box-sizing: border-box;\" \/>\uf0b7 Instalar o Python;<br style=\"box-sizing: border-box;\" \/>\uf0b7 Instalar o Django;<br style=\"box-sizing: border-box;\" \/>\uf0b7 Instalar o gerenciador de pacotes do Python, o pip;<br style=\"box-sizing: border-box;\" \/>\uf0b7 Instalar o Visual Studio Code ou outro editor de c\u00f3digo de sua prefer\u00eancia.<br style=\"box-sizing: border-box;\" \/>Python:<br style=\"box-sizing: border-box;\" \/>Python \u00e9 uma linguagem de programa\u00e7\u00e3o de alto n\u00edvel, conhecida por sua sintaxe simples e<br style=\"box-sizing: border-box;\" \/>legibilidade. \u00c9 adequada tanto para iniciantes quanto para programadores experientes.<br style=\"box-sizing: border-box;\" \/>Django:<br style=\"box-sizing: border-box;\" \/>Django \u00e9 um framework web em Python que segue os padr\u00f5es de design Model-View-Controller<br style=\"box-sizing: border-box;\" \/>(MVC) e Model-View-Template (MTV). Oferece uma estrutura robusta para a cria\u00e7\u00e3o de<br style=\"box-sizing: border-box;\" \/>aplicativos web.<br style=\"box-sizing: border-box;\" \/>Visual Studio Code (VS Code):3<br style=\"box-sizing: border-box;\" \/>O Visual Studio Code \u00e9 um editor de c\u00f3digo desenvolvido pela Microsoft, conhecido por sua<br style=\"box-sizing: border-box;\" \/>interface intuitiva e extensibilidade.<br style=\"box-sizing: border-box;\" \/>PROCEDIMENTO PARA INSTALA\u00c7\u00c3O: NSA<br style=\"box-sizing: border-box;\" \/>LINKs:<br style=\"box-sizing: border-box;\" \/>Python:<br style=\"box-sizing: border-box;\" \/>\uf0b7 Link de instala\u00e7\u00e3o: Python Download<br style=\"box-sizing: border-box;\" \/>Django:<br style=\"box-sizing: border-box;\" \/>\uf0b7 Instru\u00e7\u00f5es de instala\u00e7\u00e3o: Django Installation<br style=\"box-sizing: border-box;\" \/>Visual Studio Code (VS Code):<br style=\"box-sizing: border-box;\" \/>\uf0b7 Link de instala\u00e7\u00e3o: VS Code Download<br style=\"box-sizing: border-box;\" \/>EQUIPAMENTO DE PROTE\u00c7\u00c3O INDIVIDUAL (EPI) (CAMPO OBRIGAT\u00d3RIO \u2013 APARECER<br style=\"box-sizing: border-box;\" \/>PARA TODOS)<br style=\"box-sizing: border-box;\" \/>DESCRI\u00c7\u00c3O OS EPIs NECESS\u00c1RIOS PARA A REALIZA\u00c7\u00c3O DA AULA PR\u00c1TICA<br style=\"box-sizing: border-box;\" \/>NSA<br style=\"box-sizing: border-box;\" \/>PROCEDIMENTOS PR\u00c1TICOS (OBRIGAT\u00d3RIO \u2013 TODOS)<br style=\"box-sizing: border-box;\" \/>Procedimento\/Atividade n\u00ba 1 (Virtual)<br style=\"box-sizing: border-box;\" \/>Atividade proposta:<br style=\"box-sizing: border-box;\" \/>\u2013 O aluno dever\u00e1 realizar as instala\u00e7\u00f5es do software Python, o framework Django e o editor de<br style=\"box-sizing: border-box;\" \/>c\u00f3digo (recomendado seria o Code Studio Visual, caso o aluno esteja familiarizado com outro<br style=\"box-sizing: border-box;\" \/>editor n\u00e3o h\u00e1 restri\u00e7\u00f5es);<br style=\"box-sizing: border-box;\" \/>\u2013 Dever\u00e1 criar um projeto no framework Django;<br style=\"box-sizing: border-box;\" \/>\u2013 Dever\u00e1 criar uma view;<br style=\"box-sizing: border-box;\" \/>\u2013 Dever\u00e1 criar uma url;<br style=\"box-sizing: border-box;\" \/>\u2013 Dever\u00e1 vincular a url com a view;<br style=\"box-sizing: border-box;\" \/>\u2013 Ao final da atividade dever\u00e1 ser poss\u00edvel acessar a url criada, deve constar a mensagem<br style=\"box-sizing: border-box;\" \/>\u201cRealizado com sucesso a atividade\u201d, abaixo imagem com o resultado que deve ser<br style=\"box-sizing: border-box;\" \/>demostrado.<br style=\"box-sizing: border-box;\" \/>Procedimentos para a realiza\u00e7\u00e3o da atividade:4<br style=\"box-sizing: border-box;\" \/>Link do v\u00eddeo ilustrativo da aula: (N\u00c3O OBRIGAT\u00d3RIO \u2013 APARECER QUANDO<br style=\"box-sizing: border-box;\" \/>DISPON\u00cdVEL)<br style=\"box-sizing: border-box;\" \/>Qualquer ajuste ou altera\u00e7\u00e3o do procedimento poder\u00e1 ocorrer, sem qualquer preju\u00edzo na<br style=\"box-sizing: border-box;\" \/>realiza\u00e7\u00e3o da aula pr\u00e1tica. (COMENT\u00c1RIO SER\u00c1 APRESENTADO APENAS NO RAP DO<br style=\"box-sizing: border-box;\" \/>ALUNO)<br style=\"box-sizing: border-box;\" \/>Passo-a-passo do procedimento para a execu\u00e7\u00e3o da atividade\/procedimento pr\u00e1tico.<br style=\"box-sizing: border-box;\" \/>1. Para instalar o Python na sua m\u00e1quina acesse https:\/\/python.org\/downloads\/. O site ir\u00e1<br style=\"box-sizing: border-box;\" \/>mostrar um bot\u00e3o para baixar a \u00faltima vers\u00e3o do Python. Depois de baixado o<br style=\"box-sizing: border-box;\" \/>instalador, clicar em next at\u00e9 ao final da instala\u00e7\u00e3o;<br style=\"box-sizing: border-box;\" \/>2. Depois da instala\u00e7\u00e3o, abra o prompt de comando e verifique se a vers\u00e3o do Python \u00e9 a<br style=\"box-sizing: border-box;\" \/>mesma que a vers\u00e3o instalada digitando o seguinte comando: python \u2013version<br style=\"box-sizing: border-box;\" \/>3. Sobre o pip, o pip \u00e9 o gerenciador de pacotes do Python. Ele faz com que instalar e<br style=\"box-sizing: border-box;\" \/>desinstalar pacotes Python (tal como Django) muito f\u00e1cil. Para o resto da instala\u00e7\u00e3o,<br style=\"box-sizing: border-box;\" \/>usaremos o pip para instalar pacotes Python da linha de comando. Para instalar o \u201cpip\u201d<br style=\"box-sizing: border-box;\" \/>na sua m\u00e1quina, acesse https:\/\/pip.pypa.io\/en\/latest\/installing\/, e siga as instru\u00e7\u00f5es<br style=\"box-sizing: border-box;\" \/>Installing with get-pip.py.<br style=\"box-sizing: border-box;\" \/>4. Instalando virtualenv, a virtualenv nos d\u00e1 um ambiente dedicado para cada projeto<br style=\"box-sizing: border-box;\" \/>Django que voc\u00ea criar. No prompt de comando ou via Visual Studio Code, digite o<br style=\"box-sizing: border-box;\" \/>comando: install virtualenv + nome da VM<br style=\"box-sizing: border-box;\" \/>Exemplo: virtualenv todo<br style=\"box-sizing: border-box;\" \/>5. Instalando Django, o Django pode ser facilmente instalado dentro de seu ambiente<br style=\"box-sizing: border-box;\" \/>virtual usando o pip. Na linha de comando, assegure-se que seu ambiente virtual esteja<br style=\"box-sizing: border-box;\" \/>ativo, e execute o seguinte comando: pip install django<br style=\"box-sizing: border-box;\" \/>6. Isso ir\u00e1 baixar e instalar a \u00faltima vers\u00e3o do Django. Depois que a instala\u00e7\u00e3o for<br style=\"box-sizing: border-box;\" \/>conclu\u00edda, voc\u00ea pode verificar sua instala\u00e7\u00e3o do Django executando o comando:<br style=\"box-sizing: border-box;\" \/>django-admin \u2013version na linha de comando.;<br style=\"box-sizing: border-box;\" \/>Para a instala\u00e7\u00e3o editor Code Visual, acesse: https:\/\/code.visualstudio.com\/ recomendado clicar<br style=\"box-sizing: border-box;\" \/>em next at\u00e9 ao final da instala\u00e7\u00e3o.<br style=\"box-sizing: border-box;\" \/>Checklist:<br style=\"box-sizing: border-box;\" \/>1- Criar um projeto no Django com o nome projeto-todo<br style=\"box-sizing: border-box;\" \/>2- Criar uma view e uma url;<br style=\"box-sizing: border-box;\" \/>3- Ao acessar a url criada, deve constar a mensagem \u201cRealizado com sucesso a atividade\u201d,<br style=\"box-sizing: border-box;\" \/>abaixo imagem com o resultado que deve ser demostrado.<br style=\"box-sizing: border-box;\" \/>4- A url deve ser acessada no seguinte endere\u00e7o: http:\/\/localhost:8000\/aluno\/5<br style=\"box-sizing: border-box;\" \/>Figura 1 \u2013 resultado a ser demonstrado<br style=\"box-sizing: border-box;\" \/>RESULTADOS (obrigat\u00f3rio \u2013 aparecer para todos)<br style=\"box-sizing: border-box;\" \/>Resultados de Aprendizagem:<br style=\"box-sizing: border-box;\" \/>\uf0b7 Ao final da atividade o aluno dever\u00e1 saber como construir uma URL e uma View no Django<br style=\"box-sizing: border-box;\" \/>e realizar a requisi\u00e7\u00e3o da chamada com retorno em um navegador..<br style=\"box-sizing: border-box;\" \/>ESTUDANTE, VOC\u00ca DEVER\u00c1 ENTREGAR (n\u00e3o obrigat\u00f3rio \u2013 aparecer para todos)<br style=\"box-sizing: border-box;\" \/>Descri\u00e7\u00e3o orientativa sobre a entregada da comprova\u00e7\u00e3o da aula pr\u00e1tica:<br style=\"box-sizing: border-box;\" \/>\uf0b7 Enviar todos os arquivos e um relat\u00f3rio com o print do resultado do teste.<br style=\"box-sizing: border-box;\" \/>REFER\u00caNCIAS BIBLIOGR\u00c1FICAS (n\u00e3o obrigat\u00f3rio \u2013 aparecer para todos)<br style=\"box-sizing: border-box;\" \/>Descri\u00e7\u00e3o (em abnt) das refer\u00eancias utilizadas<br style=\"box-sizing: border-box;\" \/>FERREIRA, Arthur G. Interface de programa\u00e7\u00e3o de aplica\u00e7\u00f5es (API) e web services. S\u00e3o<br style=\"box-sizing: border-box;\" \/>Paulo: Editora Saraiva, 2021. [Minha Biblioteca].<\/p>\n<div class=\"elementor-toggle-item\" style=\"box-sizing: border-box;\">\n<div class=\"elementor-toggle-item\">\n<p id=\"elementor-tab-title-1941\" class=\"elementor-tab-title elementor-active\" tabindex=\"0\" role=\"tab\" data-tab=\"1\" aria-controls=\"elementor-tab-content-1941\" aria-expanded=\"true\" aria-selected=\"true\"><strong>Como funciona?<\/strong><\/p>\n<p>Elaboramos os portf\u00f3lios, j\u00e1 deixamos prontos, nas normas da ABNT e conforme os requisitos da universidade. F\u00e1cil assim! O MELHOR \u00c9 QUE VOC\u00ca COMPRA E J\u00c1 BAIXA NA HORA O SEU ARQUIVO EM WORD! Sabemos que conciliar trabalho, fam\u00edlia, vida profissional e estudos \u00e9 dif\u00edcil hoje em dia, por isso, estamos aqui para ajudar voc\u00ea. Conte com nossa qualidade, experi\u00eancia e profissionalismo adquirindo seu portf\u00f3lio conosco. GARANTIMOS SEU CONCEITO!<\/p>\n<p><strong>Como se realizam os envios?<\/strong><\/p>\n<\/div>\n<p id=\"elementor-tab-content-1942\" class=\"elementor-tab-content elementor-clearfix elementor-active\" role=\"tabpanel\" data-tab=\"2\" aria-labelledby=\"elementor-tab-title-1942\">O seu trabalho \u00e9 disponibilizado pronto, respondido e nas normas j\u00e1 na mesma hora aqui em nosso site na sua \u00e1rea de downloads e tamb\u00e9m no seu e-mail.<\/p>\n<p><strong>Em quanto tempo recebo o portf\u00f3lio?<\/strong><\/p>\n<p>Os envios s\u00e3o imediatos. Ap\u00f3s sua compra, o trabalho j\u00e1 \u00e9 disponibilizado instantaneamente aqui em nosso site e no seu e-mail.<\/p>\n<p><strong>E se o portf\u00f3lio que comprei precisar de corre\u00e7\u00e3o?<\/strong><\/p>\n<p>Caso haja alguma solicita\u00e7\u00e3o de corre\u00e7\u00e3o\/altera\u00e7\u00e3o por parte do tutor, basta entrar em contato conosco pelo\u00a0WhatsApp\u00a0que provid\u00eanciaremos sem custo algum.<\/p>\n<p><strong>Qual o formato do arquivo?<\/strong><\/p>\n<p>Os arquivos s\u00e3o enviados em formato Word e s\u00e3o edit\u00e1veis.<\/p>\n<p><strong>Caso eu tiver alguma d\u00favida, terei suporte no p\u00f3s venda?<\/strong><\/p>\n<p>Sim, com certeza. Basta clicar no \u00edcone do WhatsApp no cantinho da tela. Ser\u00e1 um prazer atend\u00ea-lo(a).<\/p>\n<div id=\"elementor-tab-content-1948\" class=\"elementor-tab-content elementor-clearfix elementor-active\" role=\"tabpanel\" data-tab=\"8\" aria-labelledby=\"elementor-tab-title-1948\">\n<p><strong>Quais os seus canais de contato?<\/strong><\/p>\n<\/div>\n<div id=\"elementor-tab-content-1949\" class=\"elementor-tab-content elementor-clearfix elementor-active\" role=\"tabpanel\" data-tab=\"9\" aria-labelledby=\"elementor-tab-title-1949\">\n<p>Whatsapp: 53 984751621 \u2013 Clicar no canto da tela ou ESCANEIE O QRCODE ABAIXO<\/p>\n<h4><img decoding=\"async\" class=\"alignnone wp-image-13699 jetpack-lazy-image jetpack-lazy-image--handled\" src=\"https:\/\/i0.wp.com\/portifolioos-prontos.com\/wp-content\/uploads\/2023\/02\/whatsapp-business-projeto-de-extensao-300x300.jpeg?resize=144%2C144\" sizes=\"(max-width: 144px) 100vw, 144px\" srcset=\"https:\/\/i0.wp.com\/portifolioos-prontos.com\/wp-content\/uploads\/2023\/02\/whatsapp-business-projeto-de-extensao.jpeg?resize=300%2C301&amp;ssl=1 300w, https:\/\/i0.wp.com\/portifolioos-prontos.com\/wp-content\/uploads\/2023\/02\/whatsapp-business-projeto-de-extensao.jpeg?resize=150%2C150&amp;ssl=1 150w, https:\/\/i0.wp.com\/portifolioos-prontos.com\/wp-content\/uploads\/2023\/02\/whatsapp-business-projeto-de-extensao.jpeg?resize=370%2C372&amp;ssl=1 370w, https:\/\/i0.wp.com\/portifolioos-prontos.com\/wp-content\/uploads\/2023\/02\/whatsapp-business-projeto-de-extensao.jpeg?resize=100%2C100&amp;ssl=1 100w, https:\/\/i0.wp.com\/portifolioos-prontos.com\/wp-content\/uploads\/2023\/02\/whatsapp-business-projeto-de-extensao.jpeg?w=470&amp;ssl=1 470w\" alt=\"projeto de extens\u00e3o unopar\" width=\"144\" height=\"144\" data-lazy-loaded=\"1\" \/><\/h4>\n<\/div>\n<div class=\"elementor-toggle-item\">\n<div id=\"elementor-tab-content-1949\" class=\"elementor-tab-content elementor-clearfix elementor-active\" role=\"tabpanel\" data-tab=\"9\" aria-labelledby=\"elementor-tab-title-1949\">\n<p>E-mail:portifoliosp@gmail.com<\/p>\n<div id=\"attachment_143\" class=\"wp-caption alignnone\">\n<div id=\"attachment_143\" class=\"wp-caption alignnone\">\n<p id=\"caption-attachment-143\" class=\"wp-caption-text\"><a href=\"http:\/\/portfolio-pronto.com\/\">Portf\u00f3lio<\/a>\u00a0em Word, respondido, completo e j\u00e1 nas normas<\/p>\n<\/div>\n<\/div>\n<\/div>\n<\/div>\n<\/div>\n","protected":false},"excerpt":{"rendered":"<div class=\"product-short-description\" style=\"box-sizing: border-box;\">\n<div class=\"product-short-description\" style=\"box-sizing: border-box;\">\n<div class=\"product-short-description\">\n<p><strong>Pague pelo PIX ou cart\u00e3o e fa\u00e7a o download agora mesmo.<\/strong><\/p>\n<\/div>\n<div class=\"sticky-add-to-cart-wrapper\">\n<div class=\"sticky-add-to-cart\">\n<p class=\"quantity buttons_added form-flat\"><img decoding=\"async\" class=\"lazyloaded smush-image-5 smush-image-3 smush-image-4 smush-detected-img smush-image-bigger-3\" src=\"https:\/\/d26lpennugtm8s.cloudfront.net\/assets\/common\/img\/logos\/payment\/visa@2x.png\" width=\"46\" height=\"29\" data-src=\"https:\/\/d26lpennugtm8s.cloudfront.net\/assets\/common\/img\/logos\/payment\/visa@2x.png\" \/><img decoding=\"async\" class=\"lazyloaded smush-image-6 smush-image-4 smush-image-5 smush-detected-img smush-image-bigger-4\" src=\"https:\/\/d26lpennugtm8s.cloudfront.net\/assets\/common\/img\/logos\/payment\/boleto@2x.png\" width=\"43\" height=\"27\" data-src=\"https:\/\/d26lpennugtm8s.cloudfront.net\/assets\/common\/img\/logos\/payment\/boleto@2x.png\" \/><img loading=\"lazy\" decoding=\"async\" class=\"lazyloaded smush-image-7 smush-image-5 smush-image-6 smush-detected-img smush-image-bigger-5\" src=\"https:\/\/d26lpennugtm8s.cloudfront.net\/assets\/common\/img\/logos\/payment\/mastercard@2x.png\" width=\"43\" height=\"27\" data-src=\"https:\/\/d26lpennugtm8s.cloudfront.net\/assets\/common\/img\/logos\/payment\/mastercard@2x.png\" \/><img loading=\"lazy\" decoding=\"async\" class=\"lazyloaded smush-image-8 smush-image-6 smush-image-7 smush-detected-img smush-image-bigger-6\" src=\"https:\/\/d26lpennugtm8s.cloudfront.net\/assets\/common\/img\/logos\/payment\/amex@2x.png\" width=\"43\" height=\"27\" data-src=\"https:\/\/d26lpennugtm8s.cloudfront.net\/assets\/common\/img\/logos\/payment\/amex@2x.png\" \/><img loading=\"lazy\" decoding=\"async\" class=\"lazyloaded smush-image-9 smush-image-7 smush-image-8 smush-detected-img smush-image-bigger-7\" src=\"https:\/\/d26lpennugtm8s.cloudfront.net\/assets\/common\/img\/logos\/payment\/diners@2x.png\" width=\"46\" height=\"29\" data-src=\"https:\/\/d26lpennugtm8s.cloudfront.net\/assets\/common\/img\/logos\/payment\/diners@2x.png\" \/><img loading=\"lazy\" decoding=\"async\" class=\"lazyloaded smush-image-10 smush-image-8 smush-image-9 alignnone smush-detected-img smush-image-bigger-8\" src=\"https:\/\/d26lpennugtm8s.cloudfront.net\/assets\/common\/img\/logos\/payment\/br\/elo@2x.png\" alt=\"portf\u00f3lio unopar anhanguera\" width=\"45\" height=\"28\" data-src=\"https:\/\/d26lpennugtm8s.cloudfront.net\/assets\/common\/img\/logos\/payment\/br\/elo@2x.png\" \/><img loading=\"lazy\" decoding=\"async\" class=\"lazyloaded smush-image-11 smush-image-9 smush-image-10 alignnone smush-detected-img smush-image-bigger-9\" src=\"https:\/\/d26lpennugtm8s.cloudfront.net\/assets\/common\/img\/logos\/payment\/br\/hipercard@2x.png\" alt=\"portf\u00f3lio unopar anhanguera\" width=\"44\" height=\"28\" data-src=\"https:\/\/d26lpennugtm8s.cloudfront.net\/assets\/common\/img\/logos\/payment\/br\/hipercard@2x.png\" \/><img loading=\"lazy\" decoding=\"async\" class=\"lazyloaded smush-image-12 smush-image-10 smush-image-11 alignnone smush-detected-img smush-image-bigger-10\" src=\"https:\/\/d26lpennugtm8s.cloudfront.net\/assets\/common\/img\/logos\/payment\/mercadopago@2x.png\" alt=\"portf\u00f3lio unopar anhanguera\" width=\"45\" height=\"28\" data-src=\"https:\/\/d26lpennugtm8s.cloudfront.net\/assets\/common\/img\/logos\/payment\/mercadopago@2x.png\" \/><img loading=\"lazy\" decoding=\"async\" class=\"alignnone lazyloaded smush-detected-img smush-image-bigger-11\" src=\"https:\/\/futurium.com.br\/wp-content\/uploads\/2021\/06\/logo-pix-icone-512.png\" alt=\"portfolio pronto\" width=\"30\" height=\"30\" data-src=\"https:\/\/futurium.com.br\/wp-content\/uploads\/2021\/06\/logo-pix-icone-512.png\" \/><\/p>\n<\/div>\n<\/div>\n<\/div>\n<\/div>\n","protected":false},"featured_media":34862,"template":"","meta":{"_seopress_robots_primary_cat":"none","_seopress_titles_title":"%%post_title%% %%sitetitle%%","_seopress_titles_desc":"%%post_content%%","_seopress_robots_index":""},"product_cat":[15],"product_tag":[],"class_list":{"0":"post-34859","1":"product","2":"type-product","3":"status-publish","4":"has-post-thumbnail","6":"product_cat-uncategorized","8":"first","9":"instock","10":"shipping-taxable","11":"purchasable","12":"product-type-simple","13":"col-xs-6 col-sm-4","14":"col-mf-5","15":"un-5-cols"},"jetpack_sharing_enabled":true,"_links":{"self":[{"href":"https:\/\/portifolioos-prontos.com\/index.php\/wp-json\/wp\/v2\/product\/34859","targetHints":{"allow":["GET"]}}],"collection":[{"href":"https:\/\/portifolioos-prontos.com\/index.php\/wp-json\/wp\/v2\/product"}],"about":[{"href":"https:\/\/portifolioos-prontos.com\/index.php\/wp-json\/wp\/v2\/types\/product"}],"version-history":[{"count":0,"href":"https:\/\/portifolioos-prontos.com\/index.php\/wp-json\/wp\/v2\/product\/34859\/revisions"}],"wp:featuredmedia":[{"embeddable":true,"href":"https:\/\/portifolioos-prontos.com\/index.php\/wp-json\/wp\/v2\/media\/34862"}],"wp:attachment":[{"href":"https:\/\/portifolioos-prontos.com\/index.php\/wp-json\/wp\/v2\/media?parent=34859"}],"wp:term":[{"taxonomy":"product_cat","embeddable":true,"href":"https:\/\/portifolioos-prontos.com\/index.php\/wp-json\/wp\/v2\/product_cat?post=34859"},{"taxonomy":"product_tag","embeddable":true,"href":"https:\/\/portifolioos-prontos.com\/index.php\/wp-json\/wp\/v2\/product_tag?post=34859"}],"curies":[{"name":"wp","href":"https:\/\/api.w.org\/{rel}","templated":true}]}}